{"id":1473,"date":"2018-08-11T16:52:56","date_gmt":"2018-08-11T14:52:56","guid":{"rendered":"http:\/\/wp.kristdemokraterna.se\/ydre\/?page_id=1473"},"modified":"2018-08-11T16:53:56","modified_gmt":"2018-08-11T14:53:56","slug":"2015-05-12-sag-andrew-peterson-niagara","status":"publish","type":"page","link":"https:\/\/wp.kristdemokraterna.se\/ydre\/2015-05-12-sag-andrew-peterson-niagara\/","title":{"rendered":"2015-05-12 S\u00e5g Andrew Peterson Niagara?"},"content":{"rendered":"<p>Tv\u00e5 systrar v\u00e4xte upp i Helgesfall. B\u00e5da fick ett barnbarn som hette Anders. Den ene for till USA och tog sig namnet\u00a0<a href=\"http:\/\/www.andrewpeterson.se\/web\/sv\/\" target=\"_blank\" rel=\"noopener\"><b>Andrew Peterson.<\/b><\/a>\u00a0Det var n\u00e4r den stora emigrationen just startade. Andrew kom att bli f\u00f6rebild f\u00f6r huvudpersonen Karl Oskar i Vilhelm Mobergs utvandrarepos.<br \/>\nAndrew slog sig ner i det nya landet och gjorde sig hemmastadd d\u00e4r. Hans syssling Anders L\u00f6f blev soldat i Sm\u00e5land f\u00f6r att f\u00f6rsvara det gamla landet (han blev f.\u00f6. morfar till min mormor). En enormt stor del av ydreborna utvandrade men \u00e4nnu fler stannade kvar.<br \/>\nFortfarande sker en utvandring fr\u00e5n v\u00e5r bygd men i regel inte s\u00e5 l\u00e5ngt. Just nu minskar inte Ydres befolkning. Vi har en invandring fr\u00e5n resten av Sverige och fr\u00e5n andra l\u00e4nder och v\u00e4rldsdelar.<br \/>\nD\u00e5 och d\u00e5 f\u00e5r vi bes\u00f6k av \u00e4ttlingar till dem som f\u00f6r flera generationer sedan korsade Atlanten. Det finns ett intresse b\u00e5de h\u00e4r och i USA f\u00f6r den stora utvandringen. I sommar kommer en amerikavecka att anordnas. Det \u00e4r ett evenemang som vi hoppas mycket p\u00e5. F\u00f6r det \u00e4r ju m\u00e5nga som har sl\u00e4ktingar d\u00e4r borta.<br \/>\nLiksom Andrew Peterson och hans kamrater fann sig till r\u00e4tta i sitt nya hemland och hj\u00e4lpte till att bygga upp det kan vi hoppas att v\u00e5ra egna immigranter skall finna sig till r\u00e4tta h\u00e4r och hj\u00e4lpa till att bygga upp Ydre och Sverige. Men d\u00e5 m\u00e5ste vi \u00e5 v\u00e5r sida v\u00e4lkomna dem.<\/p>\n<p><img loading=\"lazy\" decoding=\"async\" src=\"http:\/\/ydrebo.se\/kd\/veckobrev2015\/bulsjoan2.JPG\" width=\"600\" height=\"450\" \/><br \/>\n<i>Vad \u00e4r Niagara mot Bulsj\u00f6\u00e5n?<\/i><\/p>\n<p><i>Bengt Malm, ordf.<br \/>\n12 maj 2015<\/i><\/p>\n","protected":false},"excerpt":{"rendered":"<p>Tv\u00e5 systrar v\u00e4xte upp i Helgesfall. B\u00e5da fick ett barnbarn som hette Anders. Den ene for till USA och tog sig namnet\u00a0Andrew Peterson.\u00a0Det var n\u00e4r den stora emigrationen just startade. Andrew kom att bli f\u00f6rebild f\u00f6r huvudpersonen Karl Oskar i Vilhelm Mobergs utvandrarepos. Andrew slog sig ner i det nya landet och gjorde sig hemmastadd <a class=\"read-more-link\" href=\"https:\/\/wp.kristdemokraterna.se\/ydre\/2015-05-12-sag-andrew-peterson-niagara\/\">L\u00e4s mer<\/a><\/p>\n","protected":false},"author":793,"featured_media":0,"parent":0,"menu_order":0,"comment_status":"closed","ping_status":"closed","template":"","meta":{"_acf_changed":false,"footnotes":""},"class_list":["post-1473","page","type-page","status-publish","hentry"],"acf":[],"yoast_head":"<!-- This site is optimized with the Yoast SEO plugin v27.4 - https:\/\/yoast.com\/product\/yoast-seo-wordpress\/ -->\n<title>2015-05-12 S\u00e5g Andrew Peterson Niagara? - Kristdemokraterna i Ydre<\/title>\n<meta name=\"robots\" content=\"index, follow, max-snippet:-1, max-image-preview:large, max-video-preview:-1\" \/>\n<link rel=\"canonical\" href=\"https:\/\/wp.kristdemokraterna.se\/ydre\/2015-05-12-sag-andrew-peterson-niagara\/\" \/>\n<meta property=\"og:locale\" content=\"sv_SE\" \/>\n<meta property=\"og:type\" content=\"article\" \/>\n<meta property=\"og:title\" content=\"2015-05-12 S\u00e5g Andrew Peterson Niagara? - Kristdemokraterna i Ydre\" \/>\n<meta property=\"og:description\" content=\"Tv\u00e5 systrar v\u00e4xte upp i Helgesfall. B\u00e5da fick ett barnbarn som hette Anders. Den ene for till USA och tog sig namnet\u00a0Andrew Peterson.\u00a0Det var n\u00e4r den stora emigrationen just startade. Andrew kom att bli f\u00f6rebild f\u00f6r huvudpersonen Karl Oskar i Vilhelm Mobergs utvandrarepos. Andrew slog sig ner i det nya landet och gjorde sig hemmastadd L\u00e4s mer\" \/>\n<meta property=\"og:url\" content=\"https:\/\/wp.kristdemokraterna.se\/ydre\/2015-05-12-sag-andrew-peterson-niagara\/\" \/>\n<meta property=\"og:site_name\" content=\"Kristdemokraterna i Ydre\" \/>\n<meta property=\"article:modified_time\" content=\"2018-08-11T14:53:56+00:00\" \/>\n<meta property=\"og:image\" content=\"http:\/\/ydrebo.se\/kd\/veckobrev2015\/bulsjoan2.JPG\" \/>\n<meta name=\"twitter:card\" content=\"summary_large_image\" \/>\n<meta name=\"twitter:label1\" content=\"Ber\u00e4knad l\u00e4stid\" \/>\n\t<meta name=\"twitter:data1\" content=\"1 minut\" \/>\n<script type=\"application\/ld+json\" class=\"yoast-schema-graph\">{\"@context\":\"https:\\\/\\\/schema.org\",\"@graph\":[{\"@type\":\"WebPage\",\"@id\":\"https:\\\/\\\/wp.kristdemokraterna.se\\\/ydre\\\/2015-05-12-sag-andrew-peterson-niagara\\\/\",\"url\":\"https:\\\/\\\/wp.kristdemokraterna.se\\\/ydre\\\/2015-05-12-sag-andrew-peterson-niagara\\\/\",\"name\":\"2015-05-12 S\u00e5g Andrew Peterson Niagara? - Kristdemokraterna i Ydre\",\"isPartOf\":{\"@id\":\"https:\\\/\\\/wp.kristdemokraterna.se\\\/ydre\\\/#website\"},\"primaryImageOfPage\":{\"@id\":\"https:\\\/\\\/wp.kristdemokraterna.se\\\/ydre\\\/2015-05-12-sag-andrew-peterson-niagara\\\/#primaryimage\"},\"image\":{\"@id\":\"https:\\\/\\\/wp.kristdemokraterna.se\\\/ydre\\\/2015-05-12-sag-andrew-peterson-niagara\\\/#primaryimage\"},\"thumbnailUrl\":\"http:\\\/\\\/ydrebo.se\\\/kd\\\/veckobrev2015\\\/bulsjoan2.JPG\",\"datePublished\":\"2018-08-11T14:52:56+00:00\",\"dateModified\":\"2018-08-11T14:53:56+00:00\",\"breadcrumb\":{\"@id\":\"https:\\\/\\\/wp.kristdemokraterna.se\\\/ydre\\\/2015-05-12-sag-andrew-peterson-niagara\\\/#breadcrumb\"},\"inLanguage\":\"sv-SE\",\"potentialAction\":[{\"@type\":\"ReadAction\",\"target\":[\"https:\\\/\\\/wp.kristdemokraterna.se\\\/ydre\\\/2015-05-12-sag-andrew-peterson-niagara\\\/\"]}]},{\"@type\":\"ImageObject\",\"inLanguage\":\"sv-SE\",\"@id\":\"https:\\\/\\\/wp.kristdemokraterna.se\\\/ydre\\\/2015-05-12-sag-andrew-peterson-niagara\\\/#primaryimage\",\"url\":\"http:\\\/\\\/ydrebo.se\\\/kd\\\/veckobrev2015\\\/bulsjoan2.JPG\",\"contentUrl\":\"http:\\\/\\\/ydrebo.se\\\/kd\\\/veckobrev2015\\\/bulsjoan2.JPG\"},{\"@type\":\"BreadcrumbList\",\"@id\":\"https:\\\/\\\/wp.kristdemokraterna.se\\\/ydre\\\/2015-05-12-sag-andrew-peterson-niagara\\\/#breadcrumb\",\"itemListElement\":[{\"@type\":\"ListItem\",\"position\":1,\"name\":\"Hem\",\"item\":\"https:\\\/\\\/wp.kristdemokraterna.se\\\/ydre\\\/\"},{\"@type\":\"ListItem\",\"position\":2,\"name\":\"2015-05-12 S\u00e5g Andrew Peterson Niagara?\"}]},{\"@type\":\"WebSite\",\"@id\":\"https:\\\/\\\/wp.kristdemokraterna.se\\\/ydre\\\/#website\",\"url\":\"https:\\\/\\\/wp.kristdemokraterna.se\\\/ydre\\\/\",\"name\":\"Kristdemokraterna i Ydre\",\"description\":\"En till Kristdemokraterna webbplats\",\"inLanguage\":\"sv-SE\"}]}<\/script>\n<!-- \/ Yoast SEO plugin. -->","yoast_head_json":{"title":"2015-05-12 S\u00e5g Andrew Peterson Niagara? - Kristdemokraterna i Ydre","robots":{"index":"index","follow":"follow","max-snippet":"max-snippet:-1","max-image-preview":"max-image-preview:large","max-video-preview":"max-video-preview:-1"},"canonical":"https:\/\/wp.kristdemokraterna.se\/ydre\/2015-05-12-sag-andrew-peterson-niagara\/","og_locale":"sv_SE","og_type":"article","og_title":"2015-05-12 S\u00e5g Andrew Peterson Niagara? - Kristdemokraterna i Ydre","og_description":"Tv\u00e5 systrar v\u00e4xte upp i Helgesfall. B\u00e5da fick ett barnbarn som hette Anders. Den ene for till USA och tog sig namnet\u00a0Andrew Peterson.\u00a0Det var n\u00e4r den stora emigrationen just startade. Andrew kom att bli f\u00f6rebild f\u00f6r huvudpersonen Karl Oskar i Vilhelm Mobergs utvandrarepos. Andrew slog sig ner i det nya landet och gjorde sig hemmastadd L\u00e4s mer","og_url":"https:\/\/wp.kristdemokraterna.se\/ydre\/2015-05-12-sag-andrew-peterson-niagara\/","og_site_name":"Kristdemokraterna i Ydre","article_modified_time":"2018-08-11T14:53:56+00:00","og_image":[{"url":"http:\/\/ydrebo.se\/kd\/veckobrev2015\/bulsjoan2.JPG","type":"","width":"","height":""}],"twitter_card":"summary_large_image","twitter_misc":{"Ber\u00e4knad l\u00e4stid":"1 minut"},"schema":{"@context":"https:\/\/schema.org","@graph":[{"@type":"WebPage","@id":"https:\/\/wp.kristdemokraterna.se\/ydre\/2015-05-12-sag-andrew-peterson-niagara\/","url":"https:\/\/wp.kristdemokraterna.se\/ydre\/2015-05-12-sag-andrew-peterson-niagara\/","name":"2015-05-12 S\u00e5g Andrew Peterson Niagara? - Kristdemokraterna i Ydre","isPartOf":{"@id":"https:\/\/wp.kristdemokraterna.se\/ydre\/#website"},"primaryImageOfPage":{"@id":"https:\/\/wp.kristdemokraterna.se\/ydre\/2015-05-12-sag-andrew-peterson-niagara\/#primaryimage"},"image":{"@id":"https:\/\/wp.kristdemokraterna.se\/ydre\/2015-05-12-sag-andrew-peterson-niagara\/#primaryimage"},"thumbnailUrl":"http:\/\/ydrebo.se\/kd\/veckobrev2015\/bulsjoan2.JPG","datePublished":"2018-08-11T14:52:56+00:00","dateModified":"2018-08-11T14:53:56+00:00","breadcrumb":{"@id":"https:\/\/wp.kristdemokraterna.se\/ydre\/2015-05-12-sag-andrew-peterson-niagara\/#breadcrumb"},"inLanguage":"sv-SE","potentialAction":[{"@type":"ReadAction","target":["https:\/\/wp.kristdemokraterna.se\/ydre\/2015-05-12-sag-andrew-peterson-niagara\/"]}]},{"@type":"ImageObject","inLanguage":"sv-SE","@id":"https:\/\/wp.kristdemokraterna.se\/ydre\/2015-05-12-sag-andrew-peterson-niagara\/#primaryimage","url":"http:\/\/ydrebo.se\/kd\/veckobrev2015\/bulsjoan2.JPG","contentUrl":"http:\/\/ydrebo.se\/kd\/veckobrev2015\/bulsjoan2.JPG"},{"@type":"BreadcrumbList","@id":"https:\/\/wp.kristdemokraterna.se\/ydre\/2015-05-12-sag-andrew-peterson-niagara\/#breadcrumb","itemListElement":[{"@type":"ListItem","position":1,"name":"Hem","item":"https:\/\/wp.kristdemokraterna.se\/ydre\/"},{"@type":"ListItem","position":2,"name":"2015-05-12 S\u00e5g Andrew Peterson Niagara?"}]},{"@type":"WebSite","@id":"https:\/\/wp.kristdemokraterna.se\/ydre\/#website","url":"https:\/\/wp.kristdemokraterna.se\/ydre\/","name":"Kristdemokraterna i Ydre","description":"En till Kristdemokraterna webbplats","inLanguage":"sv-SE"}]}},"_links":{"self":[{"href":"https:\/\/wp.kristdemokraterna.se\/ydre\/wp-json\/wp\/v2\/pages\/1473","targetHints":{"allow":["GET"]}}],"collection":[{"href":"https:\/\/wp.kristdemokraterna.se\/ydre\/wp-json\/wp\/v2\/pages"}],"about":[{"href":"https:\/\/wp.kristdemokraterna.se\/ydre\/wp-json\/wp\/v2\/types\/page"}],"author":[{"embeddable":true,"href":"https:\/\/wp.kristdemokraterna.se\/ydre\/wp-json\/wp\/v2\/users\/793"}],"replies":[{"embeddable":true,"href":"https:\/\/wp.kristdemokraterna.se\/ydre\/wp-json\/wp\/v2\/comments?post=1473"}],"version-history":[{"count":3,"href":"https:\/\/wp.kristdemokraterna.se\/ydre\/wp-json\/wp\/v2\/pages\/1473\/revisions"}],"predecessor-version":[{"id":1476,"href":"https:\/\/wp.kristdemokraterna.se\/ydre\/wp-json\/wp\/v2\/pages\/1473\/revisions\/1476"}],"wp:attachment":[{"href":"https:\/\/wp.kristdemokraterna.se\/ydre\/wp-json\/wp\/v2\/media?parent=1473"}],"curies":[{"name":"wp","href":"https:\/\/api.w.org\/{rel}","templated":true}]}}