{"id":1487,"date":"2018-08-11T17:05:22","date_gmt":"2018-08-11T15:05:22","guid":{"rendered":"http:\/\/wp.kristdemokraterna.se\/ydre\/?page_id=1487"},"modified":"2018-08-11T17:05:51","modified_gmt":"2018-08-11T15:05:51","slug":"2015-06-06-leve-sverige","status":"publish","type":"page","link":"https:\/\/wp.kristdemokraterna.se\/ydre\/2015-06-06-leve-sverige\/","title":{"rendered":"2015-06-06 Leve Sverige!"},"content":{"rendered":"<p><img loading=\"lazy\" decoding=\"async\" src=\"http:\/\/ydrebo.se\/kd\/veckobrev2015\/flagga_svensk.gif\" width=\"102\" height=\"75\" \/><\/p>\n<p><span style=\"font-size: large\">Den 6 juni 1809 var Sverige i den djupaste krisen sedan Stockholms blodbad 1520. Den g\u00e5ngen hade Sverige kommit igen och den 6 juni 1523 proklamerat sig sj\u00e4lvst\u00e4ndigt genom att riksdagen valde Gustav Vasa till kung. Sedan dess har Sverige sj\u00e4lv best\u00e4mt vem som skall styra v\u00e5rt land.<br \/>\nMen i juni 1809 var det kris igen. Sverige var omgivet av fiender. M\u00e4ktigast av dem var Napoleon. Det talades om ett uppdelning av v\u00e5rt land. Som en b\u00f6rjan hade Ryssland er\u00f6vrat Finland. P\u00e5 \u00c5land stod ryska trupper bara n\u00e5gra mil fr\u00e5n Roslagens kust. I norr kontrollerade ryssarna Ume\u00e5 sedan l\u00e5ng tid tillbaka.<br \/>\nNationen var djupt splittrad. Genom en kupp hade kungen (Gustav IV Adolf) avsatts. Hans farbror hade blivit ny kung under namnet Karl XIII. Han hade styrt Sverige tidigare som f\u00f6rmyndare f\u00f6r sin brorson. Erfarenheterna var inte goda.<br \/>\nI detta l\u00e4ge valde riksdagen att ge Sverige en f\u00f6r sin tid enast\u00e5ende grundlag. I forts\u00e4ttningen skulle kungen endast f\u00e5 fatta beslut med regeringens godk\u00e4nnande. Ur detta kom s\u00e5 sm\u00e5ningom att regeringen beslutar ensam. Riksdagen skulle utse ombudsm\u00e4n som skulle kontrollera att \u00e4mbetsm\u00e4n och myndigheter f\u00f6ljde de lagar som riksdagen fastst\u00e4llt.<br \/>\nReligionsfrihet fanns inte \u00e4n. Men Konungen skulle &#8221;ingens samvete tvinga eller tvinga l\u00e5ta&#8221;. Dessutom inf\u00f6rde man i grundlagen den tryckfrihetsf\u00f6rordning som redan fanns. Det var ett fr\u00f6 till den trosfrihet, \u00e5siktsfrihet och yttrandefrihet som \u00e4r s\u00e5 viktig f\u00f6r oss.<br \/>\nInte m\u00e5nga hade r\u00f6str\u00e4tt i riksdagsval. Detta \u00e4ndrades s\u00e5 sm\u00e5ningom till allm\u00e4n och lika r\u00f6str\u00e4tt. N\u00e4r vi sedan n\u00e5gra \u00e5rtionden har en ny grundlag kan vi se att det viktigaste i den kommit till redan medan vi hade den grundlag som antogs den 6 juni 1809. Det \u00e4r sj\u00e4lvklart att just den h\u00e4r dagen skall vara v\u00e5r nationaldag.<\/span><\/p>\n<p><img loading=\"lazy\" decoding=\"async\" src=\"http:\/\/ydrebo.se\/kd\/veckobrev2015\/nationaldag_i_ydre.JPG\" width=\"600\" height=\"461\" \/><br \/>\n<i>P\u00e5 v\u00e4g till Ydreg\u00e5rden den 6 juni 2015<\/p>\n<p><\/i><span style=\"font-size: large\"><i>Bengt Malm, ordf.<br \/>\n6 juni 2015<\/i><\/span><\/p>\n","protected":false},"excerpt":{"rendered":"<p>Den 6 juni 1809 var Sverige i den djupaste krisen sedan Stockholms blodbad 1520. Den g\u00e5ngen hade Sverige kommit igen och den 6 juni 1523 proklamerat sig sj\u00e4lvst\u00e4ndigt genom att riksdagen valde Gustav Vasa till kung. Sedan dess har Sverige sj\u00e4lv best\u00e4mt vem som skall styra v\u00e5rt land. Men i juni 1809 var det kris <a class=\"read-more-link\" href=\"https:\/\/wp.kristdemokraterna.se\/ydre\/2015-06-06-leve-sverige\/\">L\u00e4s mer<\/a><\/p>\n","protected":false},"author":793,"featured_media":0,"parent":0,"menu_order":0,"comment_status":"closed","ping_status":"closed","template":"","meta":{"_acf_changed":false,"footnotes":""},"class_list":["post-1487","page","type-page","status-publish","hentry"],"acf":[],"yoast_head":"<!-- This site is optimized with the Yoast SEO plugin v27.5 - https:\/\/yoast.com\/product\/yoast-seo-wordpress\/ -->\n<title>2015-06-06 Leve Sverige! - Kristdemokraterna i Ydre<\/title>\n<meta name=\"robots\" content=\"index, follow, max-snippet:-1, max-image-preview:large, max-video-preview:-1\" \/>\n<link rel=\"canonical\" href=\"https:\/\/wp.kristdemokraterna.se\/ydre\/2015-06-06-leve-sverige\/\" \/>\n<meta property=\"og:locale\" content=\"sv_SE\" \/>\n<meta property=\"og:type\" content=\"article\" \/>\n<meta property=\"og:title\" content=\"2015-06-06 Leve Sverige! - Kristdemokraterna i Ydre\" \/>\n<meta property=\"og:description\" content=\"Den 6 juni 1809 var Sverige i den djupaste krisen sedan Stockholms blodbad 1520. Den g\u00e5ngen hade Sverige kommit igen och den 6 juni 1523 proklamerat sig sj\u00e4lvst\u00e4ndigt genom att riksdagen valde Gustav Vasa till kung. Sedan dess har Sverige sj\u00e4lv best\u00e4mt vem som skall styra v\u00e5rt land. Men i juni 1809 var det kris L\u00e4s mer\" \/>\n<meta property=\"og:url\" content=\"https:\/\/wp.kristdemokraterna.se\/ydre\/2015-06-06-leve-sverige\/\" \/>\n<meta property=\"og:site_name\" content=\"Kristdemokraterna i Ydre\" \/>\n<meta property=\"article:modified_time\" content=\"2018-08-11T15:05:51+00:00\" \/>\n<meta property=\"og:image\" content=\"http:\/\/ydrebo.se\/kd\/veckobrev2015\/flagga_svensk.gif\" \/>\n<meta name=\"twitter:card\" content=\"summary_large_image\" \/>\n<meta name=\"twitter:label1\" content=\"Ber\u00e4knad l\u00e4stid\" \/>\n\t<meta name=\"twitter:data1\" content=\"2 minuter\" \/>\n<script type=\"application\/ld+json\" class=\"yoast-schema-graph\">{\"@context\":\"https:\\\/\\\/schema.org\",\"@graph\":[{\"@type\":\"WebPage\",\"@id\":\"https:\\\/\\\/wp.kristdemokraterna.se\\\/ydre\\\/2015-06-06-leve-sverige\\\/\",\"url\":\"https:\\\/\\\/wp.kristdemokraterna.se\\\/ydre\\\/2015-06-06-leve-sverige\\\/\",\"name\":\"2015-06-06 Leve Sverige! - Kristdemokraterna i Ydre\",\"isPartOf\":{\"@id\":\"https:\\\/\\\/wp.kristdemokraterna.se\\\/ydre\\\/#website\"},\"primaryImageOfPage\":{\"@id\":\"https:\\\/\\\/wp.kristdemokraterna.se\\\/ydre\\\/2015-06-06-leve-sverige\\\/#primaryimage\"},\"image\":{\"@id\":\"https:\\\/\\\/wp.kristdemokraterna.se\\\/ydre\\\/2015-06-06-leve-sverige\\\/#primaryimage\"},\"thumbnailUrl\":\"http:\\\/\\\/ydrebo.se\\\/kd\\\/veckobrev2015\\\/flagga_svensk.gif\",\"datePublished\":\"2018-08-11T15:05:22+00:00\",\"dateModified\":\"2018-08-11T15:05:51+00:00\",\"breadcrumb\":{\"@id\":\"https:\\\/\\\/wp.kristdemokraterna.se\\\/ydre\\\/2015-06-06-leve-sverige\\\/#breadcrumb\"},\"inLanguage\":\"sv-SE\",\"potentialAction\":[{\"@type\":\"ReadAction\",\"target\":[\"https:\\\/\\\/wp.kristdemokraterna.se\\\/ydre\\\/2015-06-06-leve-sverige\\\/\"]}]},{\"@type\":\"ImageObject\",\"inLanguage\":\"sv-SE\",\"@id\":\"https:\\\/\\\/wp.kristdemokraterna.se\\\/ydre\\\/2015-06-06-leve-sverige\\\/#primaryimage\",\"url\":\"http:\\\/\\\/ydrebo.se\\\/kd\\\/veckobrev2015\\\/flagga_svensk.gif\",\"contentUrl\":\"http:\\\/\\\/ydrebo.se\\\/kd\\\/veckobrev2015\\\/flagga_svensk.gif\"},{\"@type\":\"BreadcrumbList\",\"@id\":\"https:\\\/\\\/wp.kristdemokraterna.se\\\/ydre\\\/2015-06-06-leve-sverige\\\/#breadcrumb\",\"itemListElement\":[{\"@type\":\"ListItem\",\"position\":1,\"name\":\"Hem\",\"item\":\"https:\\\/\\\/wp.kristdemokraterna.se\\\/ydre\\\/\"},{\"@type\":\"ListItem\",\"position\":2,\"name\":\"2015-06-06 Leve Sverige!\"}]},{\"@type\":\"WebSite\",\"@id\":\"https:\\\/\\\/wp.kristdemokraterna.se\\\/ydre\\\/#website\",\"url\":\"https:\\\/\\\/wp.kristdemokraterna.se\\\/ydre\\\/\",\"name\":\"Kristdemokraterna i Ydre\",\"description\":\"En till Kristdemokraterna webbplats\",\"inLanguage\":\"sv-SE\"}]}<\/script>\n<!-- \/ Yoast SEO plugin. -->","yoast_head_json":{"title":"2015-06-06 Leve Sverige! - Kristdemokraterna i Ydre","robots":{"index":"index","follow":"follow","max-snippet":"max-snippet:-1","max-image-preview":"max-image-preview:large","max-video-preview":"max-video-preview:-1"},"canonical":"https:\/\/wp.kristdemokraterna.se\/ydre\/2015-06-06-leve-sverige\/","og_locale":"sv_SE","og_type":"article","og_title":"2015-06-06 Leve Sverige! - Kristdemokraterna i Ydre","og_description":"Den 6 juni 1809 var Sverige i den djupaste krisen sedan Stockholms blodbad 1520. Den g\u00e5ngen hade Sverige kommit igen och den 6 juni 1523 proklamerat sig sj\u00e4lvst\u00e4ndigt genom att riksdagen valde Gustav Vasa till kung. Sedan dess har Sverige sj\u00e4lv best\u00e4mt vem som skall styra v\u00e5rt land. Men i juni 1809 var det kris L\u00e4s mer","og_url":"https:\/\/wp.kristdemokraterna.se\/ydre\/2015-06-06-leve-sverige\/","og_site_name":"Kristdemokraterna i Ydre","article_modified_time":"2018-08-11T15:05:51+00:00","og_image":[{"url":"http:\/\/ydrebo.se\/kd\/veckobrev2015\/flagga_svensk.gif","type":"","width":"","height":""}],"twitter_card":"summary_large_image","twitter_misc":{"Ber\u00e4knad l\u00e4stid":"2 minuter"},"schema":{"@context":"https:\/\/schema.org","@graph":[{"@type":"WebPage","@id":"https:\/\/wp.kristdemokraterna.se\/ydre\/2015-06-06-leve-sverige\/","url":"https:\/\/wp.kristdemokraterna.se\/ydre\/2015-06-06-leve-sverige\/","name":"2015-06-06 Leve Sverige! - Kristdemokraterna i Ydre","isPartOf":{"@id":"https:\/\/wp.kristdemokraterna.se\/ydre\/#website"},"primaryImageOfPage":{"@id":"https:\/\/wp.kristdemokraterna.se\/ydre\/2015-06-06-leve-sverige\/#primaryimage"},"image":{"@id":"https:\/\/wp.kristdemokraterna.se\/ydre\/2015-06-06-leve-sverige\/#primaryimage"},"thumbnailUrl":"http:\/\/ydrebo.se\/kd\/veckobrev2015\/flagga_svensk.gif","datePublished":"2018-08-11T15:05:22+00:00","dateModified":"2018-08-11T15:05:51+00:00","breadcrumb":{"@id":"https:\/\/wp.kristdemokraterna.se\/ydre\/2015-06-06-leve-sverige\/#breadcrumb"},"inLanguage":"sv-SE","potentialAction":[{"@type":"ReadAction","target":["https:\/\/wp.kristdemokraterna.se\/ydre\/2015-06-06-leve-sverige\/"]}]},{"@type":"ImageObject","inLanguage":"sv-SE","@id":"https:\/\/wp.kristdemokraterna.se\/ydre\/2015-06-06-leve-sverige\/#primaryimage","url":"http:\/\/ydrebo.se\/kd\/veckobrev2015\/flagga_svensk.gif","contentUrl":"http:\/\/ydrebo.se\/kd\/veckobrev2015\/flagga_svensk.gif"},{"@type":"BreadcrumbList","@id":"https:\/\/wp.kristdemokraterna.se\/ydre\/2015-06-06-leve-sverige\/#breadcrumb","itemListElement":[{"@type":"ListItem","position":1,"name":"Hem","item":"https:\/\/wp.kristdemokraterna.se\/ydre\/"},{"@type":"ListItem","position":2,"name":"2015-06-06 Leve Sverige!"}]},{"@type":"WebSite","@id":"https:\/\/wp.kristdemokraterna.se\/ydre\/#website","url":"https:\/\/wp.kristdemokraterna.se\/ydre\/","name":"Kristdemokraterna i Ydre","description":"En till Kristdemokraterna webbplats","inLanguage":"sv-SE"}]}},"_links":{"self":[{"href":"https:\/\/wp.kristdemokraterna.se\/ydre\/wp-json\/wp\/v2\/pages\/1487","targetHints":{"allow":["GET"]}}],"collection":[{"href":"https:\/\/wp.kristdemokraterna.se\/ydre\/wp-json\/wp\/v2\/pages"}],"about":[{"href":"https:\/\/wp.kristdemokraterna.se\/ydre\/wp-json\/wp\/v2\/types\/page"}],"author":[{"embeddable":true,"href":"https:\/\/wp.kristdemokraterna.se\/ydre\/wp-json\/wp\/v2\/users\/793"}],"replies":[{"embeddable":true,"href":"https:\/\/wp.kristdemokraterna.se\/ydre\/wp-json\/wp\/v2\/comments?post=1487"}],"version-history":[{"count":2,"href":"https:\/\/wp.kristdemokraterna.se\/ydre\/wp-json\/wp\/v2\/pages\/1487\/revisions"}],"predecessor-version":[{"id":1489,"href":"https:\/\/wp.kristdemokraterna.se\/ydre\/wp-json\/wp\/v2\/pages\/1487\/revisions\/1489"}],"wp:attachment":[{"href":"https:\/\/wp.kristdemokraterna.se\/ydre\/wp-json\/wp\/v2\/media?parent=1487"}],"curies":[{"name":"wp","href":"https:\/\/api.w.org\/{rel}","templated":true}]}}