{"id":1495,"date":"2018-08-11T17:12:52","date_gmt":"2018-08-11T15:12:52","guid":{"rendered":"http:\/\/wp.kristdemokraterna.se\/ydre\/?page_id=1495"},"modified":"2018-08-11T17:13:27","modified_gmt":"2018-08-11T15:13:27","slug":"2015-06-26-sommarlovet-i-fara","status":"publish","type":"page","link":"https:\/\/wp.kristdemokraterna.se\/ydre\/2015-06-26-sommarlovet-i-fara\/","title":{"rendered":"2015-06-26 Sommarlovet i fara"},"content":{"rendered":"<p>Sommarlovet har inte b\u00f6rjat bra n\u00e4r det g\u00e4ller v\u00e4dret. N\u00e4stan sedan skolavslutningarna har det i v\u00e5r del av landet varit kallt och regnigt. Det har inte varit bra f\u00f6r sommarlovslandet Ydre.<br \/>\nMen det finns en annan fara f\u00f6r sommarlovet. Det f\u00e5r ofta kritik. Man brukar ofta s\u00e4ga att det \u00e4r f\u00f6r barnens b\u00e4sta man vill ta bort ungef\u00e4r h\u00e4lften. F\u00f6r barnen beh\u00f6ver ju tiden f\u00f6r studier heter det.<\/p>\n<p><img loading=\"lazy\" decoding=\"async\" src=\"http:\/\/ydrebo.se\/kd\/veckobrev\/kronika140801\/torpons_farjelage2.JPG\" width=\"600\" height=\"450\" \/><br \/>\n<i>Somliga s\u00e4ger att varken elever eller l\u00e4rare f\u00f6rtj\u00e4nar sommarlov. (Torp\u00f6ns sk\u00e4rg\u00e5rd)<\/p>\n<p><\/i>Men ibland kommer det fram att sk\u00e4let f\u00f6r kritiken \u00e4r ett helt annat. Man p\u00e5st\u00e5r att sommarlovet i sig sj\u00e4lvt \u00e4r ett otyg. Varken l\u00e4rarna eller deras elever\u00a0<i>f\u00f6rtj\u00e4nar<\/i>\u00a0att ha ledigt och g\u00f6ra &#8221;ingenting&#8221;.<br \/>\nVisst har skolan problem. P\u00e5 en del h\u00e5ll saknas arbetsro. Men det l\u00f6ser man inte med att skapa fler obligatoriska lektioner utan arbetsro. Som situationen \u00e4r beg\u00e4r man att l\u00e4rarna skall ge allt och mer d\u00e4rtill. N\u00e4r skall de d\u00e5 f\u00e5 h\u00e4mta andan s\u00e5 att de kan \u00f6verblicka situationen och g\u00f6ra vettiga planeringar?<br \/>\nMen v\u00e4rst \u00e4r \u00e4nd\u00e5 angreppet p\u00e5 barnens sommarlov, ja p\u00e5 hela deras studiesituation. V\u00e5ra \u00e4rkefiender sverigedemokraterna f\u00f6resl\u00e5r p\u00e5 fullt allvar att vi b\u00f6r l\u00e4ra av en diktatur, n\u00e4mligen Folkrepubliken Kina. I Shanghai s\u00e4gs n\u00e4mligen skolorna fungera utm\u00e4rkt.<br \/>\nNu har man ber\u00f6mt skolsystemet \u00e4ven i andra l\u00e4nder d\u00e4r borta t.ex. det i Japan. V\u00e4sterl\u00e4ndska bes\u00f6kare har funnit engagerade barn och lika engagerade l\u00e4rare med h\u00f6g status och god utbildning.<br \/>\nMen det \u00e4r inte hela bilden. Jag har bott i Japan. Liksom i en del grannl\u00e4nder \u00e4r skolg\u00e5ngen en kamp p\u00e5 liv och d\u00f6d. Det g\u00e4ller f\u00f6r de sm\u00e5 liven att<br \/>\n1) komma in p\u00e5 den b\u00e4sta f\u00f6rskolan och g\u00f6ra sitt yttersta<br \/>\n2) f\u00f6r att komma in p\u00e5 den b\u00e4sta grundskolan och g\u00f6ra sitt yttersta<br \/>\n3) f\u00f6r att komma in p\u00e5 den b\u00e4sta mellanskolan och g\u00f6ra sitt yttersta<br \/>\n4) f\u00f6r att komma in p\u00e5 det b\u00e4sta gymnasiet och g\u00f6ra sitt yttersta<br \/>\n5) f\u00f6r att komma in p\u00e5 det b\u00e4sta universitetet<br \/>\n6) f\u00f6r att ha en chans till ett bra arbete.<\/p>\n<p>Det \u00e4r inte underligt att man s\u00e4ger att barnen d\u00e4r borta g\u00e5r miste om sin barndom. Somliga som &#8221;misslyckas&#8221; orkar inte med det. N\u00e4r jag var i Japan och var 14 \u00e5r hittade jag skelettet efter en pojke som fallit utf\u00f6r ett berg. Ibland har jag funderat p\u00e5 om han var en av dem som gett upp.<\/p>\n<p><b>Barn beh\u00f6ver vara barn. Leve sommarlovet!<\/p>\n<p><\/b><i>Bengt Malm, ordf. (som en g\u00e5ng hade sommarlov tretton terminer i str\u00e4ck)<br \/>\n26 juni 2015<\/i><\/p>\n","protected":false},"excerpt":{"rendered":"<p>Sommarlovet har inte b\u00f6rjat bra n\u00e4r det g\u00e4ller v\u00e4dret. N\u00e4stan sedan skolavslutningarna har det i v\u00e5r del av landet varit kallt och regnigt. Det har inte varit bra f\u00f6r sommarlovslandet Ydre. Men det finns en annan fara f\u00f6r sommarlovet. Det f\u00e5r ofta kritik. Man brukar ofta s\u00e4ga att det \u00e4r f\u00f6r barnens b\u00e4sta man vill <a class=\"read-more-link\" href=\"https:\/\/wp.kristdemokraterna.se\/ydre\/2015-06-26-sommarlovet-i-fara\/\">L\u00e4s mer<\/a><\/p>\n","protected":false},"author":793,"featured_media":0,"parent":0,"menu_order":0,"comment_status":"closed","ping_status":"closed","template":"","meta":{"_acf_changed":false,"footnotes":""},"class_list":["post-1495","page","type-page","status-publish","hentry"],"acf":[],"yoast_head":"<!-- This site is optimized with the Yoast SEO plugin v27.5 - https:\/\/yoast.com\/product\/yoast-seo-wordpress\/ -->\n<title>2015-06-26 Sommarlovet i fara - Kristdemokraterna i Ydre<\/title>\n<meta name=\"robots\" content=\"index, follow, max-snippet:-1, max-image-preview:large, max-video-preview:-1\" \/>\n<link rel=\"canonical\" href=\"https:\/\/wp.kristdemokraterna.se\/ydre\/2015-06-26-sommarlovet-i-fara\/\" \/>\n<meta property=\"og:locale\" content=\"sv_SE\" \/>\n<meta property=\"og:type\" content=\"article\" \/>\n<meta property=\"og:title\" content=\"2015-06-26 Sommarlovet i fara - Kristdemokraterna i Ydre\" \/>\n<meta property=\"og:description\" content=\"Sommarlovet har inte b\u00f6rjat bra n\u00e4r det g\u00e4ller v\u00e4dret. N\u00e4stan sedan skolavslutningarna har det i v\u00e5r del av landet varit kallt och regnigt. Det har inte varit bra f\u00f6r sommarlovslandet Ydre. Men det finns en annan fara f\u00f6r sommarlovet. Det f\u00e5r ofta kritik. Man brukar ofta s\u00e4ga att det \u00e4r f\u00f6r barnens b\u00e4sta man vill L\u00e4s mer\" \/>\n<meta property=\"og:url\" content=\"https:\/\/wp.kristdemokraterna.se\/ydre\/2015-06-26-sommarlovet-i-fara\/\" \/>\n<meta property=\"og:site_name\" content=\"Kristdemokraterna i Ydre\" \/>\n<meta property=\"article:modified_time\" content=\"2018-08-11T15:13:27+00:00\" \/>\n<meta property=\"og:image\" content=\"http:\/\/ydrebo.se\/kd\/veckobrev\/kronika140801\/torpons_farjelage2.JPG\" \/>\n<meta name=\"twitter:card\" content=\"summary_large_image\" \/>\n<meta name=\"twitter:label1\" content=\"Ber\u00e4knad l\u00e4stid\" \/>\n\t<meta name=\"twitter:data1\" content=\"2 minuter\" \/>\n<script type=\"application\/ld+json\" class=\"yoast-schema-graph\">{\"@context\":\"https:\\\/\\\/schema.org\",\"@graph\":[{\"@type\":\"WebPage\",\"@id\":\"https:\\\/\\\/wp.kristdemokraterna.se\\\/ydre\\\/2015-06-26-sommarlovet-i-fara\\\/\",\"url\":\"https:\\\/\\\/wp.kristdemokraterna.se\\\/ydre\\\/2015-06-26-sommarlovet-i-fara\\\/\",\"name\":\"2015-06-26 Sommarlovet i fara - Kristdemokraterna i Ydre\",\"isPartOf\":{\"@id\":\"https:\\\/\\\/wp.kristdemokraterna.se\\\/ydre\\\/#website\"},\"primaryImageOfPage\":{\"@id\":\"https:\\\/\\\/wp.kristdemokraterna.se\\\/ydre\\\/2015-06-26-sommarlovet-i-fara\\\/#primaryimage\"},\"image\":{\"@id\":\"https:\\\/\\\/wp.kristdemokraterna.se\\\/ydre\\\/2015-06-26-sommarlovet-i-fara\\\/#primaryimage\"},\"thumbnailUrl\":\"http:\\\/\\\/ydrebo.se\\\/kd\\\/veckobrev\\\/kronika140801\\\/torpons_farjelage2.JPG\",\"datePublished\":\"2018-08-11T15:12:52+00:00\",\"dateModified\":\"2018-08-11T15:13:27+00:00\",\"breadcrumb\":{\"@id\":\"https:\\\/\\\/wp.kristdemokraterna.se\\\/ydre\\\/2015-06-26-sommarlovet-i-fara\\\/#breadcrumb\"},\"inLanguage\":\"sv-SE\",\"potentialAction\":[{\"@type\":\"ReadAction\",\"target\":[\"https:\\\/\\\/wp.kristdemokraterna.se\\\/ydre\\\/2015-06-26-sommarlovet-i-fara\\\/\"]}]},{\"@type\":\"ImageObject\",\"inLanguage\":\"sv-SE\",\"@id\":\"https:\\\/\\\/wp.kristdemokraterna.se\\\/ydre\\\/2015-06-26-sommarlovet-i-fara\\\/#primaryimage\",\"url\":\"http:\\\/\\\/ydrebo.se\\\/kd\\\/veckobrev\\\/kronika140801\\\/torpons_farjelage2.JPG\",\"contentUrl\":\"http:\\\/\\\/ydrebo.se\\\/kd\\\/veckobrev\\\/kronika140801\\\/torpons_farjelage2.JPG\"},{\"@type\":\"BreadcrumbList\",\"@id\":\"https:\\\/\\\/wp.kristdemokraterna.se\\\/ydre\\\/2015-06-26-sommarlovet-i-fara\\\/#breadcrumb\",\"itemListElement\":[{\"@type\":\"ListItem\",\"position\":1,\"name\":\"Hem\",\"item\":\"https:\\\/\\\/wp.kristdemokraterna.se\\\/ydre\\\/\"},{\"@type\":\"ListItem\",\"position\":2,\"name\":\"2015-06-26 Sommarlovet i fara\"}]},{\"@type\":\"WebSite\",\"@id\":\"https:\\\/\\\/wp.kristdemokraterna.se\\\/ydre\\\/#website\",\"url\":\"https:\\\/\\\/wp.kristdemokraterna.se\\\/ydre\\\/\",\"name\":\"Kristdemokraterna i Ydre\",\"description\":\"En till Kristdemokraterna webbplats\",\"inLanguage\":\"sv-SE\"}]}<\/script>\n<!-- \/ Yoast SEO plugin. -->","yoast_head_json":{"title":"2015-06-26 Sommarlovet i fara - Kristdemokraterna i Ydre","robots":{"index":"index","follow":"follow","max-snippet":"max-snippet:-1","max-image-preview":"max-image-preview:large","max-video-preview":"max-video-preview:-1"},"canonical":"https:\/\/wp.kristdemokraterna.se\/ydre\/2015-06-26-sommarlovet-i-fara\/","og_locale":"sv_SE","og_type":"article","og_title":"2015-06-26 Sommarlovet i fara - Kristdemokraterna i Ydre","og_description":"Sommarlovet har inte b\u00f6rjat bra n\u00e4r det g\u00e4ller v\u00e4dret. N\u00e4stan sedan skolavslutningarna har det i v\u00e5r del av landet varit kallt och regnigt. Det har inte varit bra f\u00f6r sommarlovslandet Ydre. Men det finns en annan fara f\u00f6r sommarlovet. Det f\u00e5r ofta kritik. Man brukar ofta s\u00e4ga att det \u00e4r f\u00f6r barnens b\u00e4sta man vill L\u00e4s mer","og_url":"https:\/\/wp.kristdemokraterna.se\/ydre\/2015-06-26-sommarlovet-i-fara\/","og_site_name":"Kristdemokraterna i Ydre","article_modified_time":"2018-08-11T15:13:27+00:00","og_image":[{"url":"http:\/\/ydrebo.se\/kd\/veckobrev\/kronika140801\/torpons_farjelage2.JPG","type":"","width":"","height":""}],"twitter_card":"summary_large_image","twitter_misc":{"Ber\u00e4knad l\u00e4stid":"2 minuter"},"schema":{"@context":"https:\/\/schema.org","@graph":[{"@type":"WebPage","@id":"https:\/\/wp.kristdemokraterna.se\/ydre\/2015-06-26-sommarlovet-i-fara\/","url":"https:\/\/wp.kristdemokraterna.se\/ydre\/2015-06-26-sommarlovet-i-fara\/","name":"2015-06-26 Sommarlovet i fara - Kristdemokraterna i Ydre","isPartOf":{"@id":"https:\/\/wp.kristdemokraterna.se\/ydre\/#website"},"primaryImageOfPage":{"@id":"https:\/\/wp.kristdemokraterna.se\/ydre\/2015-06-26-sommarlovet-i-fara\/#primaryimage"},"image":{"@id":"https:\/\/wp.kristdemokraterna.se\/ydre\/2015-06-26-sommarlovet-i-fara\/#primaryimage"},"thumbnailUrl":"http:\/\/ydrebo.se\/kd\/veckobrev\/kronika140801\/torpons_farjelage2.JPG","datePublished":"2018-08-11T15:12:52+00:00","dateModified":"2018-08-11T15:13:27+00:00","breadcrumb":{"@id":"https:\/\/wp.kristdemokraterna.se\/ydre\/2015-06-26-sommarlovet-i-fara\/#breadcrumb"},"inLanguage":"sv-SE","potentialAction":[{"@type":"ReadAction","target":["https:\/\/wp.kristdemokraterna.se\/ydre\/2015-06-26-sommarlovet-i-fara\/"]}]},{"@type":"ImageObject","inLanguage":"sv-SE","@id":"https:\/\/wp.kristdemokraterna.se\/ydre\/2015-06-26-sommarlovet-i-fara\/#primaryimage","url":"http:\/\/ydrebo.se\/kd\/veckobrev\/kronika140801\/torpons_farjelage2.JPG","contentUrl":"http:\/\/ydrebo.se\/kd\/veckobrev\/kronika140801\/torpons_farjelage2.JPG"},{"@type":"BreadcrumbList","@id":"https:\/\/wp.kristdemokraterna.se\/ydre\/2015-06-26-sommarlovet-i-fara\/#breadcrumb","itemListElement":[{"@type":"ListItem","position":1,"name":"Hem","item":"https:\/\/wp.kristdemokraterna.se\/ydre\/"},{"@type":"ListItem","position":2,"name":"2015-06-26 Sommarlovet i fara"}]},{"@type":"WebSite","@id":"https:\/\/wp.kristdemokraterna.se\/ydre\/#website","url":"https:\/\/wp.kristdemokraterna.se\/ydre\/","name":"Kristdemokraterna i Ydre","description":"En till Kristdemokraterna webbplats","inLanguage":"sv-SE"}]}},"_links":{"self":[{"href":"https:\/\/wp.kristdemokraterna.se\/ydre\/wp-json\/wp\/v2\/pages\/1495","targetHints":{"allow":["GET"]}}],"collection":[{"href":"https:\/\/wp.kristdemokraterna.se\/ydre\/wp-json\/wp\/v2\/pages"}],"about":[{"href":"https:\/\/wp.kristdemokraterna.se\/ydre\/wp-json\/wp\/v2\/types\/page"}],"author":[{"embeddable":true,"href":"https:\/\/wp.kristdemokraterna.se\/ydre\/wp-json\/wp\/v2\/users\/793"}],"replies":[{"embeddable":true,"href":"https:\/\/wp.kristdemokraterna.se\/ydre\/wp-json\/wp\/v2\/comments?post=1495"}],"version-history":[{"count":2,"href":"https:\/\/wp.kristdemokraterna.se\/ydre\/wp-json\/wp\/v2\/pages\/1495\/revisions"}],"predecessor-version":[{"id":1497,"href":"https:\/\/wp.kristdemokraterna.se\/ydre\/wp-json\/wp\/v2\/pages\/1495\/revisions\/1497"}],"wp:attachment":[{"href":"https:\/\/wp.kristdemokraterna.se\/ydre\/wp-json\/wp\/v2\/media?parent=1495"}],"curies":[{"name":"wp","href":"https:\/\/api.w.org\/{rel}","templated":true}]}}