{"id":1500,"date":"2018-08-11T17:32:53","date_gmt":"2018-08-11T15:32:53","guid":{"rendered":"http:\/\/wp.kristdemokraterna.se\/ydre\/?page_id=1500"},"modified":"2018-08-11T17:33:26","modified_gmt":"2018-08-11T15:33:26","slug":"2015-07-02-syns-ydre","status":"publish","type":"page","link":"https:\/\/wp.kristdemokraterna.se\/ydre\/2015-07-02-syns-ydre\/","title":{"rendered":"2015-07-02 Syns Ydre?"},"content":{"rendered":"<p>Hur ofta har inte vi ydrebor f\u00e5tt fr\u00e5gan: &#8221;Ydre &#8211; vad \u00e4r det?&#8221; Somliga t\u00e4nker p\u00e5 Idre n\u00e4r vi ber\u00e4ttar att vi kommer fr\u00e5n Ydre. Det \u00e4r som n\u00e4r man i utlandet f\u00f6rv\u00e4xlar Sverige med Schweiz.<br \/>\nDet har precis kommit tv\u00e5 exempel p\u00e5 storstadst\u00e4nkande som kan ber\u00f6ra Ydre. Regringen har tillsatt \u00e4nnu en utredning vars syfte \u00e4r att skapa st\u00f6rre regioner. Det p\u00e5st\u00e5s att inv\u00e5narna i en s\u00e5dan region kommer att k\u00e4nna sig \u00e4nnu mer hemma \u00e4n i dagens l\u00e4n och uppleva \u00e4nnu mer medbest\u00e4mmande. Medborgarnas inflytande kan man v\u00e4l \u00f6ka \u00e4nd\u00e5!<\/p>\n<p><img loading=\"lazy\" decoding=\"async\" src=\"http:\/\/ydrebo.se\/kd\/veckobrev\/vassviksberget.JPG\" width=\"600\" height=\"450\" \/><br \/>\n<i>Det g\u00e4ller att kunna se Ydre<\/p>\n<p><\/i>Redan i v\u00e5r nuvarande region kommer Ydre och andra mindre bygder p\u00e5 undantag. Det \u00e4r som om de inte syns fr\u00e5n Fj\u00e4rde Storstadsregionen. De tidigare f\u00f6rs\u00f6ken att skapa storregioner strandade p\u00e5 att det fr\u00e5n centrum blir sv\u00e5rt att verkligen se vad som h\u00e4nder p\u00e5 de avl\u00e4gsna orterna. Det \u00e4r ett praktiskt problem. Tj\u00e4nstem\u00e4n hinner inte resa ut till glesbygden p\u00e5 ett halvdagsbes\u00f6k, g\u00f6ra inspektioner, svara p\u00e5 fr\u00e5gor och komma med r\u00e5d. Blir regionerna stora r\u00e4cker det inte ens med en hel arbetsdag f\u00f6r att bekanta sig med lokala f\u00f6rh\u00e5llanden.<br \/>\nMen visst uppm\u00e4rksammas glesbygsroblemen ibland. Men det \u00e4r s\u00e5 dags n\u00e4r aff\u00e4rer, bensinstationer, bankkontor, skolor och kommunikationer redan f\u00f6rsvunnit.<br \/>\nHur v\u00e5rdar man det som finns kvar av m\u00f6jligheten att leva i Ydre och andra glesbygder? En f\u00f6ljd av landsbygdens utarmning \u00e4r ju att allt fler ser sig tvungna att flytta till storst\u00e4derna.<br \/>\nOch just i dag meddelar Riksrevisionen att det \u00e4r storst\u00e4derna man b\u00f6r satsa p\u00e5. Dit b\u00f6r invandrana flytta. F\u00f6r d\u00e4r finns arbetena. Men det finns inte tillr\u00e4ckligt med bost\u00e4der. Det saknas mycket av det som beh\u00f6vs i ett fungerande samh\u00e4lle. Allts\u00e5 b\u00f6r man enligt Riksrevisionen satsa \u00e4nnu mer p\u00e5 storst\u00e4derna.<br \/>\nT\u00e4nk om man satsade en del av de pengar som g\u00e5r \u00e5t till storst\u00e4dernas utbyggnad till att f\u00e5 resten av Sverige att forts\u00e4tta att fungera! Men s\u00e5 t\u00e4nker tydligen inte storstadsm\u00e4nniskor. Och det \u00e4r bland dem som de viktigaste beslutsfattarna finns.<\/p>\n<p><i>Bengt Malm, ordf.<br \/>\n2 juli 2015<\/i><\/p>\n","protected":false},"excerpt":{"rendered":"<p>Hur ofta har inte vi ydrebor f\u00e5tt fr\u00e5gan: &#8221;Ydre &#8211; vad \u00e4r det?&#8221; Somliga t\u00e4nker p\u00e5 Idre n\u00e4r vi ber\u00e4ttar att vi kommer fr\u00e5n Ydre. Det \u00e4r som n\u00e4r man i utlandet f\u00f6rv\u00e4xlar Sverige med Schweiz. Det har precis kommit tv\u00e5 exempel p\u00e5 storstadst\u00e4nkande som kan ber\u00f6ra Ydre. Regringen har tillsatt \u00e4nnu en utredning vars <a class=\"read-more-link\" href=\"https:\/\/wp.kristdemokraterna.se\/ydre\/2015-07-02-syns-ydre\/\">L\u00e4s mer<\/a><\/p>\n","protected":false},"author":793,"featured_media":0,"parent":0,"menu_order":0,"comment_status":"closed","ping_status":"closed","template":"","meta":{"_acf_changed":false,"footnotes":""},"class_list":["post-1500","page","type-page","status-publish","hentry"],"acf":[],"yoast_head":"<!-- This site is optimized with the Yoast SEO plugin v27.5 - https:\/\/yoast.com\/product\/yoast-seo-wordpress\/ -->\n<title>2015-07-02 Syns Ydre? - Kristdemokraterna i Ydre<\/title>\n<meta name=\"robots\" content=\"index, follow, max-snippet:-1, max-image-preview:large, max-video-preview:-1\" \/>\n<link rel=\"canonical\" href=\"https:\/\/wp.kristdemokraterna.se\/ydre\/2015-07-02-syns-ydre\/\" \/>\n<meta property=\"og:locale\" content=\"sv_SE\" \/>\n<meta property=\"og:type\" content=\"article\" \/>\n<meta property=\"og:title\" content=\"2015-07-02 Syns Ydre? - Kristdemokraterna i Ydre\" \/>\n<meta property=\"og:description\" content=\"Hur ofta har inte vi ydrebor f\u00e5tt fr\u00e5gan: &#8221;Ydre &#8211; vad \u00e4r det?&#8221; Somliga t\u00e4nker p\u00e5 Idre n\u00e4r vi ber\u00e4ttar att vi kommer fr\u00e5n Ydre. Det \u00e4r som n\u00e4r man i utlandet f\u00f6rv\u00e4xlar Sverige med Schweiz. Det har precis kommit tv\u00e5 exempel p\u00e5 storstadst\u00e4nkande som kan ber\u00f6ra Ydre. Regringen har tillsatt \u00e4nnu en utredning vars L\u00e4s mer\" \/>\n<meta property=\"og:url\" content=\"https:\/\/wp.kristdemokraterna.se\/ydre\/2015-07-02-syns-ydre\/\" \/>\n<meta property=\"og:site_name\" content=\"Kristdemokraterna i Ydre\" \/>\n<meta property=\"article:modified_time\" content=\"2018-08-11T15:33:26+00:00\" \/>\n<meta property=\"og:image\" content=\"http:\/\/ydrebo.se\/kd\/veckobrev\/vassviksberget.JPG\" \/>\n<meta name=\"twitter:card\" content=\"summary_large_image\" \/>\n<meta name=\"twitter:label1\" content=\"Ber\u00e4knad l\u00e4stid\" \/>\n\t<meta name=\"twitter:data1\" content=\"2 minuter\" \/>\n<script type=\"application\/ld+json\" class=\"yoast-schema-graph\">{\"@context\":\"https:\\\/\\\/schema.org\",\"@graph\":[{\"@type\":\"WebPage\",\"@id\":\"https:\\\/\\\/wp.kristdemokraterna.se\\\/ydre\\\/2015-07-02-syns-ydre\\\/\",\"url\":\"https:\\\/\\\/wp.kristdemokraterna.se\\\/ydre\\\/2015-07-02-syns-ydre\\\/\",\"name\":\"2015-07-02 Syns Ydre? - Kristdemokraterna i Ydre\",\"isPartOf\":{\"@id\":\"https:\\\/\\\/wp.kristdemokraterna.se\\\/ydre\\\/#website\"},\"primaryImageOfPage\":{\"@id\":\"https:\\\/\\\/wp.kristdemokraterna.se\\\/ydre\\\/2015-07-02-syns-ydre\\\/#primaryimage\"},\"image\":{\"@id\":\"https:\\\/\\\/wp.kristdemokraterna.se\\\/ydre\\\/2015-07-02-syns-ydre\\\/#primaryimage\"},\"thumbnailUrl\":\"http:\\\/\\\/ydrebo.se\\\/kd\\\/veckobrev\\\/vassviksberget.JPG\",\"datePublished\":\"2018-08-11T15:32:53+00:00\",\"dateModified\":\"2018-08-11T15:33:26+00:00\",\"breadcrumb\":{\"@id\":\"https:\\\/\\\/wp.kristdemokraterna.se\\\/ydre\\\/2015-07-02-syns-ydre\\\/#breadcrumb\"},\"inLanguage\":\"sv-SE\",\"potentialAction\":[{\"@type\":\"ReadAction\",\"target\":[\"https:\\\/\\\/wp.kristdemokraterna.se\\\/ydre\\\/2015-07-02-syns-ydre\\\/\"]}]},{\"@type\":\"ImageObject\",\"inLanguage\":\"sv-SE\",\"@id\":\"https:\\\/\\\/wp.kristdemokraterna.se\\\/ydre\\\/2015-07-02-syns-ydre\\\/#primaryimage\",\"url\":\"http:\\\/\\\/ydrebo.se\\\/kd\\\/veckobrev\\\/vassviksberget.JPG\",\"contentUrl\":\"http:\\\/\\\/ydrebo.se\\\/kd\\\/veckobrev\\\/vassviksberget.JPG\"},{\"@type\":\"BreadcrumbList\",\"@id\":\"https:\\\/\\\/wp.kristdemokraterna.se\\\/ydre\\\/2015-07-02-syns-ydre\\\/#breadcrumb\",\"itemListElement\":[{\"@type\":\"ListItem\",\"position\":1,\"name\":\"Hem\",\"item\":\"https:\\\/\\\/wp.kristdemokraterna.se\\\/ydre\\\/\"},{\"@type\":\"ListItem\",\"position\":2,\"name\":\"2015-07-02 Syns Ydre?\"}]},{\"@type\":\"WebSite\",\"@id\":\"https:\\\/\\\/wp.kristdemokraterna.se\\\/ydre\\\/#website\",\"url\":\"https:\\\/\\\/wp.kristdemokraterna.se\\\/ydre\\\/\",\"name\":\"Kristdemokraterna i Ydre\",\"description\":\"En till Kristdemokraterna webbplats\",\"inLanguage\":\"sv-SE\"}]}<\/script>\n<!-- \/ Yoast SEO plugin. -->","yoast_head_json":{"title":"2015-07-02 Syns Ydre? - Kristdemokraterna i Ydre","robots":{"index":"index","follow":"follow","max-snippet":"max-snippet:-1","max-image-preview":"max-image-preview:large","max-video-preview":"max-video-preview:-1"},"canonical":"https:\/\/wp.kristdemokraterna.se\/ydre\/2015-07-02-syns-ydre\/","og_locale":"sv_SE","og_type":"article","og_title":"2015-07-02 Syns Ydre? - Kristdemokraterna i Ydre","og_description":"Hur ofta har inte vi ydrebor f\u00e5tt fr\u00e5gan: &#8221;Ydre &#8211; vad \u00e4r det?&#8221; Somliga t\u00e4nker p\u00e5 Idre n\u00e4r vi ber\u00e4ttar att vi kommer fr\u00e5n Ydre. Det \u00e4r som n\u00e4r man i utlandet f\u00f6rv\u00e4xlar Sverige med Schweiz. Det har precis kommit tv\u00e5 exempel p\u00e5 storstadst\u00e4nkande som kan ber\u00f6ra Ydre. Regringen har tillsatt \u00e4nnu en utredning vars L\u00e4s mer","og_url":"https:\/\/wp.kristdemokraterna.se\/ydre\/2015-07-02-syns-ydre\/","og_site_name":"Kristdemokraterna i Ydre","article_modified_time":"2018-08-11T15:33:26+00:00","og_image":[{"url":"http:\/\/ydrebo.se\/kd\/veckobrev\/vassviksberget.JPG","type":"","width":"","height":""}],"twitter_card":"summary_large_image","twitter_misc":{"Ber\u00e4knad l\u00e4stid":"2 minuter"},"schema":{"@context":"https:\/\/schema.org","@graph":[{"@type":"WebPage","@id":"https:\/\/wp.kristdemokraterna.se\/ydre\/2015-07-02-syns-ydre\/","url":"https:\/\/wp.kristdemokraterna.se\/ydre\/2015-07-02-syns-ydre\/","name":"2015-07-02 Syns Ydre? - Kristdemokraterna i Ydre","isPartOf":{"@id":"https:\/\/wp.kristdemokraterna.se\/ydre\/#website"},"primaryImageOfPage":{"@id":"https:\/\/wp.kristdemokraterna.se\/ydre\/2015-07-02-syns-ydre\/#primaryimage"},"image":{"@id":"https:\/\/wp.kristdemokraterna.se\/ydre\/2015-07-02-syns-ydre\/#primaryimage"},"thumbnailUrl":"http:\/\/ydrebo.se\/kd\/veckobrev\/vassviksberget.JPG","datePublished":"2018-08-11T15:32:53+00:00","dateModified":"2018-08-11T15:33:26+00:00","breadcrumb":{"@id":"https:\/\/wp.kristdemokraterna.se\/ydre\/2015-07-02-syns-ydre\/#breadcrumb"},"inLanguage":"sv-SE","potentialAction":[{"@type":"ReadAction","target":["https:\/\/wp.kristdemokraterna.se\/ydre\/2015-07-02-syns-ydre\/"]}]},{"@type":"ImageObject","inLanguage":"sv-SE","@id":"https:\/\/wp.kristdemokraterna.se\/ydre\/2015-07-02-syns-ydre\/#primaryimage","url":"http:\/\/ydrebo.se\/kd\/veckobrev\/vassviksberget.JPG","contentUrl":"http:\/\/ydrebo.se\/kd\/veckobrev\/vassviksberget.JPG"},{"@type":"BreadcrumbList","@id":"https:\/\/wp.kristdemokraterna.se\/ydre\/2015-07-02-syns-ydre\/#breadcrumb","itemListElement":[{"@type":"ListItem","position":1,"name":"Hem","item":"https:\/\/wp.kristdemokraterna.se\/ydre\/"},{"@type":"ListItem","position":2,"name":"2015-07-02 Syns Ydre?"}]},{"@type":"WebSite","@id":"https:\/\/wp.kristdemokraterna.se\/ydre\/#website","url":"https:\/\/wp.kristdemokraterna.se\/ydre\/","name":"Kristdemokraterna i Ydre","description":"En till Kristdemokraterna webbplats","inLanguage":"sv-SE"}]}},"_links":{"self":[{"href":"https:\/\/wp.kristdemokraterna.se\/ydre\/wp-json\/wp\/v2\/pages\/1500","targetHints":{"allow":["GET"]}}],"collection":[{"href":"https:\/\/wp.kristdemokraterna.se\/ydre\/wp-json\/wp\/v2\/pages"}],"about":[{"href":"https:\/\/wp.kristdemokraterna.se\/ydre\/wp-json\/wp\/v2\/types\/page"}],"author":[{"embeddable":true,"href":"https:\/\/wp.kristdemokraterna.se\/ydre\/wp-json\/wp\/v2\/users\/793"}],"replies":[{"embeddable":true,"href":"https:\/\/wp.kristdemokraterna.se\/ydre\/wp-json\/wp\/v2\/comments?post=1500"}],"version-history":[{"count":2,"href":"https:\/\/wp.kristdemokraterna.se\/ydre\/wp-json\/wp\/v2\/pages\/1500\/revisions"}],"predecessor-version":[{"id":1502,"href":"https:\/\/wp.kristdemokraterna.se\/ydre\/wp-json\/wp\/v2\/pages\/1500\/revisions\/1502"}],"wp:attachment":[{"href":"https:\/\/wp.kristdemokraterna.se\/ydre\/wp-json\/wp\/v2\/media?parent=1500"}],"curies":[{"name":"wp","href":"https:\/\/api.w.org\/{rel}","templated":true}]}}