{"id":1509,"date":"2018-08-11T17:39:35","date_gmt":"2018-08-11T15:39:35","guid":{"rendered":"http:\/\/wp.kristdemokraterna.se\/ydre\/?page_id=1509"},"modified":"2018-08-11T17:44:00","modified_gmt":"2018-08-11T15:44:00","slug":"2015-07-13-lagom-ar-inte-bast-i-ydre","status":"publish","type":"page","link":"https:\/\/wp.kristdemokraterna.se\/ydre\/2015-07-13-lagom-ar-inte-bast-i-ydre\/","title":{"rendered":"2015-07-13 Lagom \u00e4r inte b\u00e4st i Ydre"},"content":{"rendered":"<p>\u201dLagom \u00e4r b\u00e4st\u201d \u00e4r titeln p\u00e5 en broschyr fr\u00e5n Sverigedemokraterna som har kommit till oss i dag. Lagom \u00e4r inte alls b\u00e4st f\u00f6r oss i Ydre. Vi vill t.ex. inte ha lagom bra skolor. Somliga myndigheter tycker kanske att vi har lagom bra v\u00e4gar. Det duger inte alls \u00e5t oss!<br \/>\nSverigedemokraterna h\u00e4vdar att de \u00e4r som folk \u00e4r mest. Men vi i Ydre \u00e4r inte som folk \u00e4r mest. Vi \u00e4r ydrebor. Alla \u00e4r vi ydrebor vare sig vi \u00e4r f\u00f6dda vid Sommen eller i Somalia, vare sig vi kommer fr\u00e5n Asby eller Asien.<br \/>\nNej, vi \u00e4r inte som folk \u00e4r mest. N\u00e4r Andrew Peterson och v\u00e5ra andra sl\u00e4ktingar utvandrade 1850 var det fr\u00e5n en verklig kulturbygd. Utvandrarna hade dr\u00f6mmar. Det m\u00e5ste ha varit starka f\u00f6rhoppningar som fick dem att f\u00f6reta en resa som kunde ta bort\u00e5t tv\u00e5 m\u00e5nader till sj\u00f6ss. Men de hade dr\u00f6mmar om ett nytt liv f\u00f6r sig sj\u00e4lva och sina familjer. De var ocks\u00e5 samh\u00e4llsbyggare. De kom ju fr\u00e5n en kulturbygd!<br \/>\nAndrew Peterson och hans v\u00e4nner skulle nog k\u00e4nna igen de flesta av v\u00e5ra kulturhus om de kunde se dem i dag. Men det finns s\u00e5dant vi inte har. D\u00e5 t\u00e4nker jag inte p\u00e5 de f\u00f6rsvunna j\u00e4rnv\u00e4garna och de aldrig byggda motorv\u00e4garna och h\u00f6ghusen. L\u00e5t oss i st\u00e4llet t\u00e4nka p\u00e5 att vi saknar klotter! \u00c4r inte det ett tecken p\u00e5 god kultur?<br \/>\nMen kultur \u00e4r ocks\u00e5 s\u00e5dant som h\u00e4nder. Och det g\u00f6r det i Ydre. Kultur \u00e4r inte bara n\u00e5got som m\u00e5ste importeras utifr\u00e5n. Den finns h\u00e4r.<br \/>\nV\u00e5r natur \u00e4r v\u00e5rt f\u00f6rn\u00e4msta dragpl\u00e5ster. Men kom ocks\u00e5 och se v\u00e5r kultur! Kanske f\u00e5r du lust att stanna h\u00e4r d\u00e4r kulturen finns. Vem vet? F\u00f6r det urgamla Ydre \u00e4r inte bara lagom bra. Det skulle ju inte r\u00e4cka \u00e5t oss!<\/p>\n<p><img loading=\"lazy\" decoding=\"async\" src=\"http:\/\/ydrebo.se\/kd\/veckobrev\/Norra_Vi.JPG\" width=\"600\" height=\"450\" \/><br \/>\n<i>&#8221;Lagom&#8221; \u00e4r f\u00f6r litet f\u00f6r en kulturbygd som Ydre (Norra Vi kyrkby).<\/i><\/p>\n<p><i>Bengt Malm, ordf.<br \/>\n13 juli 2015<\/i><\/p>\n","protected":false},"excerpt":{"rendered":"<p>\u201dLagom \u00e4r b\u00e4st\u201d \u00e4r titeln p\u00e5 en broschyr fr\u00e5n Sverigedemokraterna som har kommit till oss i dag. Lagom \u00e4r inte alls b\u00e4st f\u00f6r oss i Ydre. Vi vill t.ex. inte ha lagom bra skolor. Somliga myndigheter tycker kanske att vi har lagom bra v\u00e4gar. Det duger inte alls \u00e5t oss! Sverigedemokraterna h\u00e4vdar att de \u00e4r <a class=\"read-more-link\" href=\"https:\/\/wp.kristdemokraterna.se\/ydre\/2015-07-13-lagom-ar-inte-bast-i-ydre\/\">L\u00e4s mer<\/a><\/p>\n","protected":false},"author":793,"featured_media":0,"parent":0,"menu_order":0,"comment_status":"closed","ping_status":"closed","template":"","meta":{"_acf_changed":false,"footnotes":""},"class_list":["post-1509","page","type-page","status-publish","hentry"],"acf":[],"yoast_head":"<!-- This site is optimized with the Yoast SEO plugin v27.5 - https:\/\/yoast.com\/product\/yoast-seo-wordpress\/ -->\n<title>2015-07-13 Lagom \u00e4r inte b\u00e4st i Ydre - Kristdemokraterna i Ydre<\/title>\n<meta name=\"robots\" content=\"index, follow, max-snippet:-1, max-image-preview:large, max-video-preview:-1\" \/>\n<link rel=\"canonical\" href=\"https:\/\/wp.kristdemokraterna.se\/ydre\/2015-07-13-lagom-ar-inte-bast-i-ydre\/\" \/>\n<meta property=\"og:locale\" content=\"sv_SE\" \/>\n<meta property=\"og:type\" content=\"article\" \/>\n<meta property=\"og:title\" content=\"2015-07-13 Lagom \u00e4r inte b\u00e4st i Ydre - Kristdemokraterna i Ydre\" \/>\n<meta property=\"og:description\" content=\"\u201dLagom \u00e4r b\u00e4st\u201d \u00e4r titeln p\u00e5 en broschyr fr\u00e5n Sverigedemokraterna som har kommit till oss i dag. Lagom \u00e4r inte alls b\u00e4st f\u00f6r oss i Ydre. Vi vill t.ex. inte ha lagom bra skolor. Somliga myndigheter tycker kanske att vi har lagom bra v\u00e4gar. Det duger inte alls \u00e5t oss! Sverigedemokraterna h\u00e4vdar att de \u00e4r L\u00e4s mer\" \/>\n<meta property=\"og:url\" content=\"https:\/\/wp.kristdemokraterna.se\/ydre\/2015-07-13-lagom-ar-inte-bast-i-ydre\/\" \/>\n<meta property=\"og:site_name\" content=\"Kristdemokraterna i Ydre\" \/>\n<meta property=\"article:modified_time\" content=\"2018-08-11T15:44:00+00:00\" \/>\n<meta property=\"og:image\" content=\"http:\/\/ydrebo.se\/kd\/veckobrev\/Norra_Vi.JPG\" \/>\n<meta name=\"twitter:card\" content=\"summary_large_image\" \/>\n<meta name=\"twitter:label1\" content=\"Ber\u00e4knad l\u00e4stid\" \/>\n\t<meta name=\"twitter:data1\" content=\"2 minuter\" \/>\n<script type=\"application\/ld+json\" class=\"yoast-schema-graph\">{\"@context\":\"https:\\\/\\\/schema.org\",\"@graph\":[{\"@type\":\"WebPage\",\"@id\":\"https:\\\/\\\/wp.kristdemokraterna.se\\\/ydre\\\/2015-07-13-lagom-ar-inte-bast-i-ydre\\\/\",\"url\":\"https:\\\/\\\/wp.kristdemokraterna.se\\\/ydre\\\/2015-07-13-lagom-ar-inte-bast-i-ydre\\\/\",\"name\":\"2015-07-13 Lagom \u00e4r inte b\u00e4st i Ydre - Kristdemokraterna i Ydre\",\"isPartOf\":{\"@id\":\"https:\\\/\\\/wp.kristdemokraterna.se\\\/ydre\\\/#website\"},\"primaryImageOfPage\":{\"@id\":\"https:\\\/\\\/wp.kristdemokraterna.se\\\/ydre\\\/2015-07-13-lagom-ar-inte-bast-i-ydre\\\/#primaryimage\"},\"image\":{\"@id\":\"https:\\\/\\\/wp.kristdemokraterna.se\\\/ydre\\\/2015-07-13-lagom-ar-inte-bast-i-ydre\\\/#primaryimage\"},\"thumbnailUrl\":\"http:\\\/\\\/ydrebo.se\\\/kd\\\/veckobrev\\\/Norra_Vi.JPG\",\"datePublished\":\"2018-08-11T15:39:35+00:00\",\"dateModified\":\"2018-08-11T15:44:00+00:00\",\"breadcrumb\":{\"@id\":\"https:\\\/\\\/wp.kristdemokraterna.se\\\/ydre\\\/2015-07-13-lagom-ar-inte-bast-i-ydre\\\/#breadcrumb\"},\"inLanguage\":\"sv-SE\",\"potentialAction\":[{\"@type\":\"ReadAction\",\"target\":[\"https:\\\/\\\/wp.kristdemokraterna.se\\\/ydre\\\/2015-07-13-lagom-ar-inte-bast-i-ydre\\\/\"]}]},{\"@type\":\"ImageObject\",\"inLanguage\":\"sv-SE\",\"@id\":\"https:\\\/\\\/wp.kristdemokraterna.se\\\/ydre\\\/2015-07-13-lagom-ar-inte-bast-i-ydre\\\/#primaryimage\",\"url\":\"http:\\\/\\\/ydrebo.se\\\/kd\\\/veckobrev\\\/Norra_Vi.JPG\",\"contentUrl\":\"http:\\\/\\\/ydrebo.se\\\/kd\\\/veckobrev\\\/Norra_Vi.JPG\"},{\"@type\":\"BreadcrumbList\",\"@id\":\"https:\\\/\\\/wp.kristdemokraterna.se\\\/ydre\\\/2015-07-13-lagom-ar-inte-bast-i-ydre\\\/#breadcrumb\",\"itemListElement\":[{\"@type\":\"ListItem\",\"position\":1,\"name\":\"Hem\",\"item\":\"https:\\\/\\\/wp.kristdemokraterna.se\\\/ydre\\\/\"},{\"@type\":\"ListItem\",\"position\":2,\"name\":\"2015-07-13 Lagom \u00e4r inte b\u00e4st i Ydre\"}]},{\"@type\":\"WebSite\",\"@id\":\"https:\\\/\\\/wp.kristdemokraterna.se\\\/ydre\\\/#website\",\"url\":\"https:\\\/\\\/wp.kristdemokraterna.se\\\/ydre\\\/\",\"name\":\"Kristdemokraterna i Ydre\",\"description\":\"En till Kristdemokraterna webbplats\",\"inLanguage\":\"sv-SE\"}]}<\/script>\n<!-- \/ Yoast SEO plugin. -->","yoast_head_json":{"title":"2015-07-13 Lagom \u00e4r inte b\u00e4st i Ydre - Kristdemokraterna i Ydre","robots":{"index":"index","follow":"follow","max-snippet":"max-snippet:-1","max-image-preview":"max-image-preview:large","max-video-preview":"max-video-preview:-1"},"canonical":"https:\/\/wp.kristdemokraterna.se\/ydre\/2015-07-13-lagom-ar-inte-bast-i-ydre\/","og_locale":"sv_SE","og_type":"article","og_title":"2015-07-13 Lagom \u00e4r inte b\u00e4st i Ydre - Kristdemokraterna i Ydre","og_description":"\u201dLagom \u00e4r b\u00e4st\u201d \u00e4r titeln p\u00e5 en broschyr fr\u00e5n Sverigedemokraterna som har kommit till oss i dag. Lagom \u00e4r inte alls b\u00e4st f\u00f6r oss i Ydre. Vi vill t.ex. inte ha lagom bra skolor. Somliga myndigheter tycker kanske att vi har lagom bra v\u00e4gar. Det duger inte alls \u00e5t oss! Sverigedemokraterna h\u00e4vdar att de \u00e4r L\u00e4s mer","og_url":"https:\/\/wp.kristdemokraterna.se\/ydre\/2015-07-13-lagom-ar-inte-bast-i-ydre\/","og_site_name":"Kristdemokraterna i Ydre","article_modified_time":"2018-08-11T15:44:00+00:00","og_image":[{"url":"http:\/\/ydrebo.se\/kd\/veckobrev\/Norra_Vi.JPG","type":"","width":"","height":""}],"twitter_card":"summary_large_image","twitter_misc":{"Ber\u00e4knad l\u00e4stid":"2 minuter"},"schema":{"@context":"https:\/\/schema.org","@graph":[{"@type":"WebPage","@id":"https:\/\/wp.kristdemokraterna.se\/ydre\/2015-07-13-lagom-ar-inte-bast-i-ydre\/","url":"https:\/\/wp.kristdemokraterna.se\/ydre\/2015-07-13-lagom-ar-inte-bast-i-ydre\/","name":"2015-07-13 Lagom \u00e4r inte b\u00e4st i Ydre - Kristdemokraterna i Ydre","isPartOf":{"@id":"https:\/\/wp.kristdemokraterna.se\/ydre\/#website"},"primaryImageOfPage":{"@id":"https:\/\/wp.kristdemokraterna.se\/ydre\/2015-07-13-lagom-ar-inte-bast-i-ydre\/#primaryimage"},"image":{"@id":"https:\/\/wp.kristdemokraterna.se\/ydre\/2015-07-13-lagom-ar-inte-bast-i-ydre\/#primaryimage"},"thumbnailUrl":"http:\/\/ydrebo.se\/kd\/veckobrev\/Norra_Vi.JPG","datePublished":"2018-08-11T15:39:35+00:00","dateModified":"2018-08-11T15:44:00+00:00","breadcrumb":{"@id":"https:\/\/wp.kristdemokraterna.se\/ydre\/2015-07-13-lagom-ar-inte-bast-i-ydre\/#breadcrumb"},"inLanguage":"sv-SE","potentialAction":[{"@type":"ReadAction","target":["https:\/\/wp.kristdemokraterna.se\/ydre\/2015-07-13-lagom-ar-inte-bast-i-ydre\/"]}]},{"@type":"ImageObject","inLanguage":"sv-SE","@id":"https:\/\/wp.kristdemokraterna.se\/ydre\/2015-07-13-lagom-ar-inte-bast-i-ydre\/#primaryimage","url":"http:\/\/ydrebo.se\/kd\/veckobrev\/Norra_Vi.JPG","contentUrl":"http:\/\/ydrebo.se\/kd\/veckobrev\/Norra_Vi.JPG"},{"@type":"BreadcrumbList","@id":"https:\/\/wp.kristdemokraterna.se\/ydre\/2015-07-13-lagom-ar-inte-bast-i-ydre\/#breadcrumb","itemListElement":[{"@type":"ListItem","position":1,"name":"Hem","item":"https:\/\/wp.kristdemokraterna.se\/ydre\/"},{"@type":"ListItem","position":2,"name":"2015-07-13 Lagom \u00e4r inte b\u00e4st i Ydre"}]},{"@type":"WebSite","@id":"https:\/\/wp.kristdemokraterna.se\/ydre\/#website","url":"https:\/\/wp.kristdemokraterna.se\/ydre\/","name":"Kristdemokraterna i Ydre","description":"En till Kristdemokraterna webbplats","inLanguage":"sv-SE"}]}},"_links":{"self":[{"href":"https:\/\/wp.kristdemokraterna.se\/ydre\/wp-json\/wp\/v2\/pages\/1509","targetHints":{"allow":["GET"]}}],"collection":[{"href":"https:\/\/wp.kristdemokraterna.se\/ydre\/wp-json\/wp\/v2\/pages"}],"about":[{"href":"https:\/\/wp.kristdemokraterna.se\/ydre\/wp-json\/wp\/v2\/types\/page"}],"author":[{"embeddable":true,"href":"https:\/\/wp.kristdemokraterna.se\/ydre\/wp-json\/wp\/v2\/users\/793"}],"replies":[{"embeddable":true,"href":"https:\/\/wp.kristdemokraterna.se\/ydre\/wp-json\/wp\/v2\/comments?post=1509"}],"version-history":[{"count":4,"href":"https:\/\/wp.kristdemokraterna.se\/ydre\/wp-json\/wp\/v2\/pages\/1509\/revisions"}],"predecessor-version":[{"id":1513,"href":"https:\/\/wp.kristdemokraterna.se\/ydre\/wp-json\/wp\/v2\/pages\/1509\/revisions\/1513"}],"wp:attachment":[{"href":"https:\/\/wp.kristdemokraterna.se\/ydre\/wp-json\/wp\/v2\/media?parent=1509"}],"curies":[{"name":"wp","href":"https:\/\/api.w.org\/{rel}","templated":true}]}}