{"id":1515,"date":"2018-08-11T17:46:39","date_gmt":"2018-08-11T15:46:39","guid":{"rendered":"http:\/\/wp.kristdemokraterna.se\/ydre\/?page_id=1515"},"modified":"2018-08-11T17:47:21","modified_gmt":"2018-08-11T15:47:21","slug":"2015-07-20-vagen-till-lycksalighetens-o-eller-blev-amerikafararna-sjosjuka","status":"publish","type":"page","link":"https:\/\/wp.kristdemokraterna.se\/ydre\/2015-07-20-vagen-till-lycksalighetens-o-eller-blev-amerikafararna-sjosjuka\/","title":{"rendered":"2015-07-20 V\u00e4gen till Lycksalighetens \u00d6 eller Blev amerikafararna sj\u00f6sjuka?"},"content":{"rendered":"<p>Som alla vet ligger Lycksalighetens \u00d6 i Asby. Dit kommer man \u00f6ver en bro fr\u00e5n Hedners park.<\/p>\n<p><img loading=\"lazy\" decoding=\"async\" src=\"http:\/\/ydrebo.se\/kd\/veckobrev2015\/lycksalighet.JPG\" width=\"600\" height=\"450\" \/><br \/>\nInne i parken var det i g\u00e5r barnteater om\u00a0<i>kortaste v\u00e4gen till Amerika<\/i>. Amerikaveckan \u00e4r n\u00e4mligen i full g\u00e5ng och i g\u00e5r var det\u00a0<i>garden party<\/i>\u00a0i Asby. F\u00f6rutom barnteatern var det f\u00f6redrag och mycket annat, alltsammans utomordentligt arrangerat och med avslutning i kyrkan.<br \/>\nV\u00e4gen till Amerika var inte kort f\u00f6r Andrew Peterson och hans medresen\u00e4rer som den 19 maj 1850 l\u00e4mnade G\u00f6teborg ombord p\u00e5 briggen Minona. En\u00a0<a href=\"https:\/\/commons.wikimedia.org\/wiki\/File:Brig_Niagara_full_sail.jpg\" target=\"_blank\" rel=\"noopener\"><b>brigg<\/b><\/a>\u00a0\u00e4r ett tv\u00e5mastat segelfqartyg betydligt mindre \u00e4n dagens stora passagerarflygplan. Utvandrarna fick sova p\u00e5 j\u00e4rnlasten&#8230;<br \/>\nVisst \u00e4r det en upplevelse att f\u00e4rdas p\u00e5 oceanen utan land i sikte! Hela dagen syns bara hav och himmel. Likadant \u00e4r det n\u00e4sta dag och n\u00e4sta. Kanske man d\u00e5 och d\u00e5 ser delfiner. Vad landkrabbor \u00e4n tror \u00e4r det l\u00e4tt att till sj\u00f6ss se att jordytan \u00e4r buktig. D\u00e5 och d\u00e5 dyker ju m\u00f6tande fartyg upp vid horisonten och f\u00f6rsvinner igen. Och det sista man ser d\u00e5 \u00e4r masterna.<br \/>\nDet som \u00e4r f\u00f6rbryllande till sj\u00f6ss \u00e4r i st\u00e4llet hur man kan hitta. Minona skulle till Boston. Men hur kunde kaptenen och styrm\u00e4nnen veta hur de skulle styra? Det fanns p\u00e5 den tiden bara ett bra s\u00e4tt att ta reda p\u00e5 var p\u00e5 jordklotet man befann sig. Och det var att vid middagstid ta fram sextanten, kronometern och tabellerna. Tyv\u00e4rr fick nog inte Andrew Peterson sj\u00e4lv titta i sextanten och se hur den fungerar. Det hade ju annars varit en upplevelse.<br \/>\nOm sj\u00f6resan skall bli en stor upplevelse skall den nog helst ske p\u00e5 en st\u00f6rre och bekv\u00e4mare b\u00e5t. Passagerarna p\u00e5 Minona hade en l\u00e5ng resa p\u00e5 den lilla briggen. De reste en vecka, de reste tv\u00e5, ja tre. \u00c4nnu efter sex veckor var de fortfarande ute p\u00e5 Atlanten. S\u00e5 den 2 juli syntes n\u00e5got f\u00f6r\u00f6ver. Och det var faktiskt fyren utanf\u00f6r Boston. Kaptenen och styrm\u00e4nnen hade lyckats.<\/p>\n<p><img loading=\"lazy\" decoding=\"async\" src=\"http:\/\/ydrebo.se\/kd\/veckobrev2015\/utvandrarna.JPG\" width=\"600\" height=\"464\" \/><br \/>\n<i>Professor Roger Mc Knight h\u00f6ll f\u00f6redrag om Andrew Peterson och Vilhelm Moberg.<\/p>\n<p><\/i>Men hur obekv\u00e4mt det \u00e4n var ombord p\u00e5 Minona s\u00e5 var det \u00e4nd\u00e5 en ofattbar lyx j\u00e4mf\u00f6rt med vad b\u00e5tflyktingarna p\u00e5 Medelhavet f\u00e5r vara med om. Dem f\u00e5r vi inte gl\u00f6mma bort.<\/p>\n<p><i>Bengt Malm, ordf.<br \/>\n20 juli 2015<\/p>\n<p><\/i>P.S. Blev n\u00e5gon ombord p\u00e5 Minona sj\u00f6sjuk? Jo, det f\u00f6rekom, f\u00f6r ibland blev det h\u00e5rt v\u00e4der.<\/p>\n","protected":false},"excerpt":{"rendered":"<p>Som alla vet ligger Lycksalighetens \u00d6 i Asby. Dit kommer man \u00f6ver en bro fr\u00e5n Hedners park. Inne i parken var det i g\u00e5r barnteater om\u00a0kortaste v\u00e4gen till Amerika. Amerikaveckan \u00e4r n\u00e4mligen i full g\u00e5ng och i g\u00e5r var det\u00a0garden party\u00a0i Asby. F\u00f6rutom barnteatern var det f\u00f6redrag och mycket annat, alltsammans utomordentligt arrangerat och med <a class=\"read-more-link\" href=\"https:\/\/wp.kristdemokraterna.se\/ydre\/2015-07-20-vagen-till-lycksalighetens-o-eller-blev-amerikafararna-sjosjuka\/\">L\u00e4s mer<\/a><\/p>\n","protected":false},"author":793,"featured_media":0,"parent":0,"menu_order":0,"comment_status":"closed","ping_status":"closed","template":"","meta":{"_acf_changed":false,"footnotes":""},"class_list":["post-1515","page","type-page","status-publish","hentry"],"acf":[],"yoast_head":"<!-- This site is optimized with the Yoast SEO plugin v27.5 - https:\/\/yoast.com\/product\/yoast-seo-wordpress\/ -->\n<title>2015-07-20 V\u00e4gen till Lycksalighetens \u00d6 eller Blev amerikafararna sj\u00f6sjuka? - Kristdemokraterna i Ydre<\/title>\n<meta name=\"robots\" content=\"index, follow, max-snippet:-1, max-image-preview:large, max-video-preview:-1\" \/>\n<link rel=\"canonical\" href=\"https:\/\/wp.kristdemokraterna.se\/ydre\/2015-07-20-vagen-till-lycksalighetens-o-eller-blev-amerikafararna-sjosjuka\/\" \/>\n<meta property=\"og:locale\" content=\"sv_SE\" \/>\n<meta property=\"og:type\" content=\"article\" \/>\n<meta property=\"og:title\" content=\"2015-07-20 V\u00e4gen till Lycksalighetens \u00d6 eller Blev amerikafararna sj\u00f6sjuka? - Kristdemokraterna i Ydre\" \/>\n<meta property=\"og:description\" content=\"Som alla vet ligger Lycksalighetens \u00d6 i Asby. Dit kommer man \u00f6ver en bro fr\u00e5n Hedners park. Inne i parken var det i g\u00e5r barnteater om\u00a0kortaste v\u00e4gen till Amerika. Amerikaveckan \u00e4r n\u00e4mligen i full g\u00e5ng och i g\u00e5r var det\u00a0garden party\u00a0i Asby. F\u00f6rutom barnteatern var det f\u00f6redrag och mycket annat, alltsammans utomordentligt arrangerat och med L\u00e4s mer\" \/>\n<meta property=\"og:url\" content=\"https:\/\/wp.kristdemokraterna.se\/ydre\/2015-07-20-vagen-till-lycksalighetens-o-eller-blev-amerikafararna-sjosjuka\/\" \/>\n<meta property=\"og:site_name\" content=\"Kristdemokraterna i Ydre\" \/>\n<meta property=\"article:modified_time\" content=\"2018-08-11T15:47:21+00:00\" \/>\n<meta property=\"og:image\" content=\"http:\/\/ydrebo.se\/kd\/veckobrev2015\/lycksalighet.JPG\" \/>\n<meta name=\"twitter:card\" content=\"summary_large_image\" \/>\n<meta name=\"twitter:label1\" content=\"Ber\u00e4knad l\u00e4stid\" \/>\n\t<meta name=\"twitter:data1\" content=\"2 minuter\" \/>\n<script type=\"application\/ld+json\" class=\"yoast-schema-graph\">{\"@context\":\"https:\\\/\\\/schema.org\",\"@graph\":[{\"@type\":\"WebPage\",\"@id\":\"https:\\\/\\\/wp.kristdemokraterna.se\\\/ydre\\\/2015-07-20-vagen-till-lycksalighetens-o-eller-blev-amerikafararna-sjosjuka\\\/\",\"url\":\"https:\\\/\\\/wp.kristdemokraterna.se\\\/ydre\\\/2015-07-20-vagen-till-lycksalighetens-o-eller-blev-amerikafararna-sjosjuka\\\/\",\"name\":\"2015-07-20 V\u00e4gen till Lycksalighetens \u00d6 eller Blev amerikafararna sj\u00f6sjuka? - Kristdemokraterna i Ydre\",\"isPartOf\":{\"@id\":\"https:\\\/\\\/wp.kristdemokraterna.se\\\/ydre\\\/#website\"},\"primaryImageOfPage\":{\"@id\":\"https:\\\/\\\/wp.kristdemokraterna.se\\\/ydre\\\/2015-07-20-vagen-till-lycksalighetens-o-eller-blev-amerikafararna-sjosjuka\\\/#primaryimage\"},\"image\":{\"@id\":\"https:\\\/\\\/wp.kristdemokraterna.se\\\/ydre\\\/2015-07-20-vagen-till-lycksalighetens-o-eller-blev-amerikafararna-sjosjuka\\\/#primaryimage\"},\"thumbnailUrl\":\"http:\\\/\\\/ydrebo.se\\\/kd\\\/veckobrev2015\\\/lycksalighet.JPG\",\"datePublished\":\"2018-08-11T15:46:39+00:00\",\"dateModified\":\"2018-08-11T15:47:21+00:00\",\"breadcrumb\":{\"@id\":\"https:\\\/\\\/wp.kristdemokraterna.se\\\/ydre\\\/2015-07-20-vagen-till-lycksalighetens-o-eller-blev-amerikafararna-sjosjuka\\\/#breadcrumb\"},\"inLanguage\":\"sv-SE\",\"potentialAction\":[{\"@type\":\"ReadAction\",\"target\":[\"https:\\\/\\\/wp.kristdemokraterna.se\\\/ydre\\\/2015-07-20-vagen-till-lycksalighetens-o-eller-blev-amerikafararna-sjosjuka\\\/\"]}]},{\"@type\":\"ImageObject\",\"inLanguage\":\"sv-SE\",\"@id\":\"https:\\\/\\\/wp.kristdemokraterna.se\\\/ydre\\\/2015-07-20-vagen-till-lycksalighetens-o-eller-blev-amerikafararna-sjosjuka\\\/#primaryimage\",\"url\":\"http:\\\/\\\/ydrebo.se\\\/kd\\\/veckobrev2015\\\/lycksalighet.JPG\",\"contentUrl\":\"http:\\\/\\\/ydrebo.se\\\/kd\\\/veckobrev2015\\\/lycksalighet.JPG\"},{\"@type\":\"BreadcrumbList\",\"@id\":\"https:\\\/\\\/wp.kristdemokraterna.se\\\/ydre\\\/2015-07-20-vagen-till-lycksalighetens-o-eller-blev-amerikafararna-sjosjuka\\\/#breadcrumb\",\"itemListElement\":[{\"@type\":\"ListItem\",\"position\":1,\"name\":\"Hem\",\"item\":\"https:\\\/\\\/wp.kristdemokraterna.se\\\/ydre\\\/\"},{\"@type\":\"ListItem\",\"position\":2,\"name\":\"2015-07-20 V\u00e4gen till Lycksalighetens \u00d6 eller Blev amerikafararna sj\u00f6sjuka?\"}]},{\"@type\":\"WebSite\",\"@id\":\"https:\\\/\\\/wp.kristdemokraterna.se\\\/ydre\\\/#website\",\"url\":\"https:\\\/\\\/wp.kristdemokraterna.se\\\/ydre\\\/\",\"name\":\"Kristdemokraterna i Ydre\",\"description\":\"En till Kristdemokraterna webbplats\",\"inLanguage\":\"sv-SE\"}]}<\/script>\n<!-- \/ Yoast SEO plugin. -->","yoast_head_json":{"title":"2015-07-20 V\u00e4gen till Lycksalighetens \u00d6 eller Blev amerikafararna sj\u00f6sjuka? - Kristdemokraterna i Ydre","robots":{"index":"index","follow":"follow","max-snippet":"max-snippet:-1","max-image-preview":"max-image-preview:large","max-video-preview":"max-video-preview:-1"},"canonical":"https:\/\/wp.kristdemokraterna.se\/ydre\/2015-07-20-vagen-till-lycksalighetens-o-eller-blev-amerikafararna-sjosjuka\/","og_locale":"sv_SE","og_type":"article","og_title":"2015-07-20 V\u00e4gen till Lycksalighetens \u00d6 eller Blev amerikafararna sj\u00f6sjuka? - Kristdemokraterna i Ydre","og_description":"Som alla vet ligger Lycksalighetens \u00d6 i Asby. Dit kommer man \u00f6ver en bro fr\u00e5n Hedners park. Inne i parken var det i g\u00e5r barnteater om\u00a0kortaste v\u00e4gen till Amerika. Amerikaveckan \u00e4r n\u00e4mligen i full g\u00e5ng och i g\u00e5r var det\u00a0garden party\u00a0i Asby. F\u00f6rutom barnteatern var det f\u00f6redrag och mycket annat, alltsammans utomordentligt arrangerat och med L\u00e4s mer","og_url":"https:\/\/wp.kristdemokraterna.se\/ydre\/2015-07-20-vagen-till-lycksalighetens-o-eller-blev-amerikafararna-sjosjuka\/","og_site_name":"Kristdemokraterna i Ydre","article_modified_time":"2018-08-11T15:47:21+00:00","og_image":[{"url":"http:\/\/ydrebo.se\/kd\/veckobrev2015\/lycksalighet.JPG","type":"","width":"","height":""}],"twitter_card":"summary_large_image","twitter_misc":{"Ber\u00e4knad l\u00e4stid":"2 minuter"},"schema":{"@context":"https:\/\/schema.org","@graph":[{"@type":"WebPage","@id":"https:\/\/wp.kristdemokraterna.se\/ydre\/2015-07-20-vagen-till-lycksalighetens-o-eller-blev-amerikafararna-sjosjuka\/","url":"https:\/\/wp.kristdemokraterna.se\/ydre\/2015-07-20-vagen-till-lycksalighetens-o-eller-blev-amerikafararna-sjosjuka\/","name":"2015-07-20 V\u00e4gen till Lycksalighetens \u00d6 eller Blev amerikafararna sj\u00f6sjuka? - Kristdemokraterna i Ydre","isPartOf":{"@id":"https:\/\/wp.kristdemokraterna.se\/ydre\/#website"},"primaryImageOfPage":{"@id":"https:\/\/wp.kristdemokraterna.se\/ydre\/2015-07-20-vagen-till-lycksalighetens-o-eller-blev-amerikafararna-sjosjuka\/#primaryimage"},"image":{"@id":"https:\/\/wp.kristdemokraterna.se\/ydre\/2015-07-20-vagen-till-lycksalighetens-o-eller-blev-amerikafararna-sjosjuka\/#primaryimage"},"thumbnailUrl":"http:\/\/ydrebo.se\/kd\/veckobrev2015\/lycksalighet.JPG","datePublished":"2018-08-11T15:46:39+00:00","dateModified":"2018-08-11T15:47:21+00:00","breadcrumb":{"@id":"https:\/\/wp.kristdemokraterna.se\/ydre\/2015-07-20-vagen-till-lycksalighetens-o-eller-blev-amerikafararna-sjosjuka\/#breadcrumb"},"inLanguage":"sv-SE","potentialAction":[{"@type":"ReadAction","target":["https:\/\/wp.kristdemokraterna.se\/ydre\/2015-07-20-vagen-till-lycksalighetens-o-eller-blev-amerikafararna-sjosjuka\/"]}]},{"@type":"ImageObject","inLanguage":"sv-SE","@id":"https:\/\/wp.kristdemokraterna.se\/ydre\/2015-07-20-vagen-till-lycksalighetens-o-eller-blev-amerikafararna-sjosjuka\/#primaryimage","url":"http:\/\/ydrebo.se\/kd\/veckobrev2015\/lycksalighet.JPG","contentUrl":"http:\/\/ydrebo.se\/kd\/veckobrev2015\/lycksalighet.JPG"},{"@type":"BreadcrumbList","@id":"https:\/\/wp.kristdemokraterna.se\/ydre\/2015-07-20-vagen-till-lycksalighetens-o-eller-blev-amerikafararna-sjosjuka\/#breadcrumb","itemListElement":[{"@type":"ListItem","position":1,"name":"Hem","item":"https:\/\/wp.kristdemokraterna.se\/ydre\/"},{"@type":"ListItem","position":2,"name":"2015-07-20 V\u00e4gen till Lycksalighetens \u00d6 eller Blev amerikafararna sj\u00f6sjuka?"}]},{"@type":"WebSite","@id":"https:\/\/wp.kristdemokraterna.se\/ydre\/#website","url":"https:\/\/wp.kristdemokraterna.se\/ydre\/","name":"Kristdemokraterna i Ydre","description":"En till Kristdemokraterna webbplats","inLanguage":"sv-SE"}]}},"_links":{"self":[{"href":"https:\/\/wp.kristdemokraterna.se\/ydre\/wp-json\/wp\/v2\/pages\/1515","targetHints":{"allow":["GET"]}}],"collection":[{"href":"https:\/\/wp.kristdemokraterna.se\/ydre\/wp-json\/wp\/v2\/pages"}],"about":[{"href":"https:\/\/wp.kristdemokraterna.se\/ydre\/wp-json\/wp\/v2\/types\/page"}],"author":[{"embeddable":true,"href":"https:\/\/wp.kristdemokraterna.se\/ydre\/wp-json\/wp\/v2\/users\/793"}],"replies":[{"embeddable":true,"href":"https:\/\/wp.kristdemokraterna.se\/ydre\/wp-json\/wp\/v2\/comments?post=1515"}],"version-history":[{"count":2,"href":"https:\/\/wp.kristdemokraterna.se\/ydre\/wp-json\/wp\/v2\/pages\/1515\/revisions"}],"predecessor-version":[{"id":1517,"href":"https:\/\/wp.kristdemokraterna.se\/ydre\/wp-json\/wp\/v2\/pages\/1515\/revisions\/1517"}],"wp:attachment":[{"href":"https:\/\/wp.kristdemokraterna.se\/ydre\/wp-json\/wp\/v2\/media?parent=1515"}],"curies":[{"name":"wp","href":"https:\/\/api.w.org\/{rel}","templated":true}]}}