{"id":1519,"date":"2018-08-11T17:49:44","date_gmt":"2018-08-11T15:49:44","guid":{"rendered":"http:\/\/wp.kristdemokraterna.se\/ydre\/?page_id=1519"},"modified":"2018-08-11T17:50:38","modified_gmt":"2018-08-11T15:50:38","slug":"2015-07-31-hur-kan-man-bara-lamna-ydre","status":"publish","type":"page","link":"https:\/\/wp.kristdemokraterna.se\/ydre\/2015-07-31-hur-kan-man-bara-lamna-ydre\/","title":{"rendered":"2015-07-31 Hur kan man bara l\u00e4mna Ydre?"},"content":{"rendered":"<p>Den fr\u00e5gan var det flera som st\u00e4llde sig n\u00e4r det under amerikaveckans sista dag var en samling i Sj\u00f6arp. Utanf\u00f6r Andrew Petersons g\u00e5rd st\u00e5r en minnessten med utsikt ner mot sj\u00f6n.<\/p>\n<p><img loading=\"lazy\" decoding=\"async\" src=\"http:\/\/ydrebo.se\/kd\/veckobrev2015\/sjoarp.JPG\" width=\"600\" height=\"450\" \/><br \/>\nJa, hur kunde Andrew Peterson l\u00e4mna en s\u00e5dan milj\u00f6? Vi fick h\u00f6ra att i m\u00e5nga fall var det \u00f6verbefolkningen och fattigdomen som skapade en dr\u00f6m om Amerika (fast de allra fattigaste hade inte r\u00e5d med en resa \u00f6ver Atlanten.) Men det kunde ocks\u00e5 h\u00e4nda att man k\u00e4nde sig ofri i Sverige. T.ex. blev en n\u00e4ra v\u00e4n till Andrew landsf\u00f6rvist f\u00f6r att han var baptist. Andrew blev ocks\u00e5 baptist och tillsammans byggde de upp en baptistf\u00f6rsamling i det nya landet vilket inte hade varit s\u00e5 l\u00e4tt i Sverige.<\/p>\n<p><img loading=\"lazy\" decoding=\"async\" src=\"http:\/\/ydrebo.se\/kd\/veckobrev2015\/minnessten.JPG\" width=\"600\" height=\"461\" \/><br \/>\nDr\u00f6mde utvandrarna om att \u00e5terv\u00e4nda till Sverige? F\u00f6rv\u00e5nansv\u00e4rt m\u00e5nga gjorde det och reste tillbaka. Men de flesta blev som Andrew Peterson kvar och etablerade sig d\u00e4r borta.<br \/>\nMen i dag skall ingen beh\u00f6va dr\u00f6mma sig bort fr\u00e5n Ydre. Det \u00e4r ett m\u00e5l f\u00f6r oss i kommunen.\u00a0<b>Ydre skall vara n\u00e5got som man dr\u00f6mmer om att f\u00e5 komma till!<\/b><br \/>\n\u00c4nnu \u00e4r det sommarlov. Men snart b\u00f6rjar skolorna. De m\u00e5ste ocks\u00e5 i forts\u00e4ttningen vara n\u00e5got vi kan vara stolta \u00f6ver. Det m\u00e5ste bli en gl\u00e4dje att f\u00e5 vara d\u00e4r &#8211; b\u00e5de f\u00f6r elever och l\u00e4rare. P\u00e5 samma s\u00e4tt m\u00e5ste det f\u00e5 vara i andra sidor av samh\u00e4llslivet.<\/p>\n<p><img loading=\"lazy\" decoding=\"async\" src=\"http:\/\/ydrebo.se\/kd\/veckobrev2015\/ostra_lagern.JPG\" width=\"600\" height=\"460\" \/><br \/>\n<i>Ydre skall vara en milj\u00f6 att dr\u00f6mma om.<\/p>\n<p><\/i><i>Bengt Malm, ordf.<br \/>\n31 juli 2015<\/i><\/p>\n","protected":false},"excerpt":{"rendered":"<p>Den fr\u00e5gan var det flera som st\u00e4llde sig n\u00e4r det under amerikaveckans sista dag var en samling i Sj\u00f6arp. Utanf\u00f6r Andrew Petersons g\u00e5rd st\u00e5r en minnessten med utsikt ner mot sj\u00f6n. Ja, hur kunde Andrew Peterson l\u00e4mna en s\u00e5dan milj\u00f6? Vi fick h\u00f6ra att i m\u00e5nga fall var det \u00f6verbefolkningen och fattigdomen som skapade en <a class=\"read-more-link\" href=\"https:\/\/wp.kristdemokraterna.se\/ydre\/2015-07-31-hur-kan-man-bara-lamna-ydre\/\">L\u00e4s mer<\/a><\/p>\n","protected":false},"author":793,"featured_media":0,"parent":0,"menu_order":0,"comment_status":"closed","ping_status":"closed","template":"","meta":{"_acf_changed":false,"footnotes":""},"class_list":["post-1519","page","type-page","status-publish","hentry"],"acf":[],"yoast_head":"<!-- This site is optimized with the Yoast SEO plugin v27.5 - https:\/\/yoast.com\/product\/yoast-seo-wordpress\/ -->\n<title>2015-07-31 Hur kan man bara l\u00e4mna Ydre? - Kristdemokraterna i Ydre<\/title>\n<meta name=\"robots\" content=\"index, follow, max-snippet:-1, max-image-preview:large, max-video-preview:-1\" \/>\n<link rel=\"canonical\" href=\"https:\/\/wp.kristdemokraterna.se\/ydre\/2015-07-31-hur-kan-man-bara-lamna-ydre\/\" \/>\n<meta property=\"og:locale\" content=\"sv_SE\" \/>\n<meta property=\"og:type\" content=\"article\" \/>\n<meta property=\"og:title\" content=\"2015-07-31 Hur kan man bara l\u00e4mna Ydre? - Kristdemokraterna i Ydre\" \/>\n<meta property=\"og:description\" content=\"Den fr\u00e5gan var det flera som st\u00e4llde sig n\u00e4r det under amerikaveckans sista dag var en samling i Sj\u00f6arp. Utanf\u00f6r Andrew Petersons g\u00e5rd st\u00e5r en minnessten med utsikt ner mot sj\u00f6n. Ja, hur kunde Andrew Peterson l\u00e4mna en s\u00e5dan milj\u00f6? Vi fick h\u00f6ra att i m\u00e5nga fall var det \u00f6verbefolkningen och fattigdomen som skapade en L\u00e4s mer\" \/>\n<meta property=\"og:url\" content=\"https:\/\/wp.kristdemokraterna.se\/ydre\/2015-07-31-hur-kan-man-bara-lamna-ydre\/\" \/>\n<meta property=\"og:site_name\" content=\"Kristdemokraterna i Ydre\" \/>\n<meta property=\"article:modified_time\" content=\"2018-08-11T15:50:38+00:00\" \/>\n<meta property=\"og:image\" content=\"http:\/\/ydrebo.se\/kd\/veckobrev2015\/sjoarp.JPG\" \/>\n<meta name=\"twitter:card\" content=\"summary_large_image\" \/>\n<meta name=\"twitter:label1\" content=\"Ber\u00e4knad l\u00e4stid\" \/>\n\t<meta name=\"twitter:data1\" content=\"1 minut\" \/>\n<script type=\"application\/ld+json\" class=\"yoast-schema-graph\">{\"@context\":\"https:\\\/\\\/schema.org\",\"@graph\":[{\"@type\":\"WebPage\",\"@id\":\"https:\\\/\\\/wp.kristdemokraterna.se\\\/ydre\\\/2015-07-31-hur-kan-man-bara-lamna-ydre\\\/\",\"url\":\"https:\\\/\\\/wp.kristdemokraterna.se\\\/ydre\\\/2015-07-31-hur-kan-man-bara-lamna-ydre\\\/\",\"name\":\"2015-07-31 Hur kan man bara l\u00e4mna Ydre? - Kristdemokraterna i Ydre\",\"isPartOf\":{\"@id\":\"https:\\\/\\\/wp.kristdemokraterna.se\\\/ydre\\\/#website\"},\"primaryImageOfPage\":{\"@id\":\"https:\\\/\\\/wp.kristdemokraterna.se\\\/ydre\\\/2015-07-31-hur-kan-man-bara-lamna-ydre\\\/#primaryimage\"},\"image\":{\"@id\":\"https:\\\/\\\/wp.kristdemokraterna.se\\\/ydre\\\/2015-07-31-hur-kan-man-bara-lamna-ydre\\\/#primaryimage\"},\"thumbnailUrl\":\"http:\\\/\\\/ydrebo.se\\\/kd\\\/veckobrev2015\\\/sjoarp.JPG\",\"datePublished\":\"2018-08-11T15:49:44+00:00\",\"dateModified\":\"2018-08-11T15:50:38+00:00\",\"breadcrumb\":{\"@id\":\"https:\\\/\\\/wp.kristdemokraterna.se\\\/ydre\\\/2015-07-31-hur-kan-man-bara-lamna-ydre\\\/#breadcrumb\"},\"inLanguage\":\"sv-SE\",\"potentialAction\":[{\"@type\":\"ReadAction\",\"target\":[\"https:\\\/\\\/wp.kristdemokraterna.se\\\/ydre\\\/2015-07-31-hur-kan-man-bara-lamna-ydre\\\/\"]}]},{\"@type\":\"ImageObject\",\"inLanguage\":\"sv-SE\",\"@id\":\"https:\\\/\\\/wp.kristdemokraterna.se\\\/ydre\\\/2015-07-31-hur-kan-man-bara-lamna-ydre\\\/#primaryimage\",\"url\":\"http:\\\/\\\/ydrebo.se\\\/kd\\\/veckobrev2015\\\/sjoarp.JPG\",\"contentUrl\":\"http:\\\/\\\/ydrebo.se\\\/kd\\\/veckobrev2015\\\/sjoarp.JPG\"},{\"@type\":\"BreadcrumbList\",\"@id\":\"https:\\\/\\\/wp.kristdemokraterna.se\\\/ydre\\\/2015-07-31-hur-kan-man-bara-lamna-ydre\\\/#breadcrumb\",\"itemListElement\":[{\"@type\":\"ListItem\",\"position\":1,\"name\":\"Hem\",\"item\":\"https:\\\/\\\/wp.kristdemokraterna.se\\\/ydre\\\/\"},{\"@type\":\"ListItem\",\"position\":2,\"name\":\"2015-07-31 Hur kan man bara l\u00e4mna Ydre?\"}]},{\"@type\":\"WebSite\",\"@id\":\"https:\\\/\\\/wp.kristdemokraterna.se\\\/ydre\\\/#website\",\"url\":\"https:\\\/\\\/wp.kristdemokraterna.se\\\/ydre\\\/\",\"name\":\"Kristdemokraterna i Ydre\",\"description\":\"En till Kristdemokraterna webbplats\",\"inLanguage\":\"sv-SE\"}]}<\/script>\n<!-- \/ Yoast SEO plugin. -->","yoast_head_json":{"title":"2015-07-31 Hur kan man bara l\u00e4mna Ydre? - Kristdemokraterna i Ydre","robots":{"index":"index","follow":"follow","max-snippet":"max-snippet:-1","max-image-preview":"max-image-preview:large","max-video-preview":"max-video-preview:-1"},"canonical":"https:\/\/wp.kristdemokraterna.se\/ydre\/2015-07-31-hur-kan-man-bara-lamna-ydre\/","og_locale":"sv_SE","og_type":"article","og_title":"2015-07-31 Hur kan man bara l\u00e4mna Ydre? - Kristdemokraterna i Ydre","og_description":"Den fr\u00e5gan var det flera som st\u00e4llde sig n\u00e4r det under amerikaveckans sista dag var en samling i Sj\u00f6arp. Utanf\u00f6r Andrew Petersons g\u00e5rd st\u00e5r en minnessten med utsikt ner mot sj\u00f6n. Ja, hur kunde Andrew Peterson l\u00e4mna en s\u00e5dan milj\u00f6? Vi fick h\u00f6ra att i m\u00e5nga fall var det \u00f6verbefolkningen och fattigdomen som skapade en L\u00e4s mer","og_url":"https:\/\/wp.kristdemokraterna.se\/ydre\/2015-07-31-hur-kan-man-bara-lamna-ydre\/","og_site_name":"Kristdemokraterna i Ydre","article_modified_time":"2018-08-11T15:50:38+00:00","og_image":[{"url":"http:\/\/ydrebo.se\/kd\/veckobrev2015\/sjoarp.JPG","type":"","width":"","height":""}],"twitter_card":"summary_large_image","twitter_misc":{"Ber\u00e4knad l\u00e4stid":"1 minut"},"schema":{"@context":"https:\/\/schema.org","@graph":[{"@type":"WebPage","@id":"https:\/\/wp.kristdemokraterna.se\/ydre\/2015-07-31-hur-kan-man-bara-lamna-ydre\/","url":"https:\/\/wp.kristdemokraterna.se\/ydre\/2015-07-31-hur-kan-man-bara-lamna-ydre\/","name":"2015-07-31 Hur kan man bara l\u00e4mna Ydre? - Kristdemokraterna i Ydre","isPartOf":{"@id":"https:\/\/wp.kristdemokraterna.se\/ydre\/#website"},"primaryImageOfPage":{"@id":"https:\/\/wp.kristdemokraterna.se\/ydre\/2015-07-31-hur-kan-man-bara-lamna-ydre\/#primaryimage"},"image":{"@id":"https:\/\/wp.kristdemokraterna.se\/ydre\/2015-07-31-hur-kan-man-bara-lamna-ydre\/#primaryimage"},"thumbnailUrl":"http:\/\/ydrebo.se\/kd\/veckobrev2015\/sjoarp.JPG","datePublished":"2018-08-11T15:49:44+00:00","dateModified":"2018-08-11T15:50:38+00:00","breadcrumb":{"@id":"https:\/\/wp.kristdemokraterna.se\/ydre\/2015-07-31-hur-kan-man-bara-lamna-ydre\/#breadcrumb"},"inLanguage":"sv-SE","potentialAction":[{"@type":"ReadAction","target":["https:\/\/wp.kristdemokraterna.se\/ydre\/2015-07-31-hur-kan-man-bara-lamna-ydre\/"]}]},{"@type":"ImageObject","inLanguage":"sv-SE","@id":"https:\/\/wp.kristdemokraterna.se\/ydre\/2015-07-31-hur-kan-man-bara-lamna-ydre\/#primaryimage","url":"http:\/\/ydrebo.se\/kd\/veckobrev2015\/sjoarp.JPG","contentUrl":"http:\/\/ydrebo.se\/kd\/veckobrev2015\/sjoarp.JPG"},{"@type":"BreadcrumbList","@id":"https:\/\/wp.kristdemokraterna.se\/ydre\/2015-07-31-hur-kan-man-bara-lamna-ydre\/#breadcrumb","itemListElement":[{"@type":"ListItem","position":1,"name":"Hem","item":"https:\/\/wp.kristdemokraterna.se\/ydre\/"},{"@type":"ListItem","position":2,"name":"2015-07-31 Hur kan man bara l\u00e4mna Ydre?"}]},{"@type":"WebSite","@id":"https:\/\/wp.kristdemokraterna.se\/ydre\/#website","url":"https:\/\/wp.kristdemokraterna.se\/ydre\/","name":"Kristdemokraterna i Ydre","description":"En till Kristdemokraterna webbplats","inLanguage":"sv-SE"}]}},"_links":{"self":[{"href":"https:\/\/wp.kristdemokraterna.se\/ydre\/wp-json\/wp\/v2\/pages\/1519","targetHints":{"allow":["GET"]}}],"collection":[{"href":"https:\/\/wp.kristdemokraterna.se\/ydre\/wp-json\/wp\/v2\/pages"}],"about":[{"href":"https:\/\/wp.kristdemokraterna.se\/ydre\/wp-json\/wp\/v2\/types\/page"}],"author":[{"embeddable":true,"href":"https:\/\/wp.kristdemokraterna.se\/ydre\/wp-json\/wp\/v2\/users\/793"}],"replies":[{"embeddable":true,"href":"https:\/\/wp.kristdemokraterna.se\/ydre\/wp-json\/wp\/v2\/comments?post=1519"}],"version-history":[{"count":2,"href":"https:\/\/wp.kristdemokraterna.se\/ydre\/wp-json\/wp\/v2\/pages\/1519\/revisions"}],"predecessor-version":[{"id":1521,"href":"https:\/\/wp.kristdemokraterna.se\/ydre\/wp-json\/wp\/v2\/pages\/1519\/revisions\/1521"}],"wp:attachment":[{"href":"https:\/\/wp.kristdemokraterna.se\/ydre\/wp-json\/wp\/v2\/media?parent=1519"}],"curies":[{"name":"wp","href":"https:\/\/api.w.org\/{rel}","templated":true}]}}