{"id":1526,"date":"2018-08-11T17:55:59","date_gmt":"2018-08-11T15:55:59","guid":{"rendered":"http:\/\/wp.kristdemokraterna.se\/ydre\/?page_id=1526"},"modified":"2018-08-11T17:57:28","modified_gmt":"2018-08-11T15:57:28","slug":"2015-08-12-hor-ropen-skalla-varnplikt-for-alla","status":"publish","type":"page","link":"https:\/\/wp.kristdemokraterna.se\/ydre\/2015-08-12-hor-ropen-skalla-varnplikt-for-alla\/","title":{"rendered":"2015-08-12 H\u00f6r ropen skalla: V\u00e4rnplikt f\u00f6r alla!"},"content":{"rendered":"<p>\u00c4r det sant? H\u00f6r vi talk\u00f6rer? Ser vi banderoller och plakat med detta budskap? Kappast. Men regeringen vill l\u00e5ta utreda fr\u00e5gan. Som l\u00e4get nu \u00e4r i \u00f6stra Europa skulle man vilja ha tillbaka v\u00e4rnplikten och d\u00e5 helst en som \u00e4r k\u00f6nsneutral. Alla skall visserligen inte kallas in. Alla skall m\u00f6nstra och sedan skall ett urval g\u00f6ras.<br \/>\nFinns det sk\u00e4l f\u00f6r kvinnlig v\u00e4rnplikt? Man kan h\u00e4vda att det handlar om r\u00e4ttvisa. Dessutom \u00e4r det obestridligen s\u00e5 att m\u00e5nga kvinnor redan visat sin kompetens i det milit\u00e4ra livet. Visserligen kan inte alla kvinnor bli kustj\u00e4gare, men det kan inte alla m\u00e4n heller.<\/p>\n<p><img loading=\"lazy\" decoding=\"async\" src=\"http:\/\/ydrebo.se\/kd\/veckobrev\/ruin.jpg\" width=\"384\" height=\"307\" \/><br \/>\n<i>Vilka skall f\u00f6rsvara oss om kriget kommer?<\/p>\n<p><\/i>Det kommer s\u00e4kert att framf\u00f6ras en hel del principiella synpunkter f\u00f6r och emot n\u00e4r det g\u00e4ller kvinnlig v\u00e4rnplikt. Jag vill h\u00e4r ta upp n\u00e5gra praktiska problem som man b\u00f6r beakta.<br \/>\nF\u00f6rst g\u00e4ller det andan i f\u00f6rsvarsmakten. I den b\u00e4sta av v\u00e4rldar blir kvinnor aldrig nedv\u00e4rderade eller trakasserade av m\u00e4n. Men f\u00f6rsvaret \u00e4r inte den b\u00e4sta av v\u00e4rldar. Det vet de flesta av oss som haft den oskattbara f\u00f6rm\u00e5nen att f\u00e5 g\u00f6ra v\u00e4rnplikt. F.n. slutar tyv\u00e4rr en del kvinnor sin milit\u00e4ra karri\u00e4r i f\u00f6rtid p\u00e5 grund av den atmosf\u00e4r de lever i. Och d\u00e5 g\u00e4ller det kvinnor som valt yrket frivilligt. Det bekymrar f\u00f6rsvarets ledning. Kanske kan man f\u00f6rb\u00e4ttra situationen s\u00e5 att alla kvinnor kommer att l\u00e4ngta efter inryckningens dag.<br \/>\nMen alla kvinnor kommer inte att bli glada \u00f6ver en inkallelseorder. Om man inf\u00f6r v\u00e4rnplikt f\u00e5r man ocks\u00e5 problemet med vapenv\u00e4grare. Det kunde man inte hantera helt bra f\u00f6rr i tiden. Nu tillkommer en ny sv\u00e5righet. Hur m\u00e5nga kvinnliga generaler och amiraler vi \u00e4n f\u00e5r kommer en del kvinnor envist att h\u00e4vda att det inte \u00e4r kvinnors sak att strida och d\u00f6da. Kanske kan man ocks\u00e5 l\u00f6sa det problemet p\u00e5 ett tillfredsst\u00e4llande s\u00e4tt.<br \/>\nF\u00f6rr i tiden kunde det g\u00e5 ett bra tag mellan m\u00f6nstringen och inryckningen. Under tiden hann en del m\u00e4n gifta sig och bilda familj. De kallades in i alla fall. Det \u00e4r inte lika enkelt med kvinnor. Det g\u00e5r inte att f\u00f6rbjuda dem att bli gravida. Somliga av dem kommer att bli gravida f\u00f6re eller under v\u00e4rnpliktsutbildningen. Kanske kan man hantera ocks\u00e5 detta avbr\u00e4ck i planeringen.<br \/>\nProblem \u00e4r ju till f\u00f6r att l\u00f6sas. Man r\u00e4knar allts\u00e5 med att v\u00e4rnplikten skall ge oss ett stort antal v\u00e4lutbildade och kompetenta unga m\u00e4n och kvinnor. Givetvis kommer m\u00e5nga viktiga uppdrag att ges till kvinnor. Det l\u00e5ter lovande. Men det \u00e4r nu de\u00a0<i>verkliga<\/i>\u00a0problemen b\u00f6rjar.<br \/>\nPo\u00e4ngen med v\u00e4rnplikten \u00e4r att man med n\u00e4stan inget varsel skall kunna st\u00e4lla upp stridsberedda f\u00f6rband. F\u00f6r det fordras att soldaterna kan rycka in och att alla vet precis vad de skall g\u00f6ra. Men i ett krisl\u00e4ge kommer en del av dessa nyckelpersoner att vara gravida eller barnlediga. Det s\u00e4nker f\u00f6rbandens stridsduglighet. F\u00f6rhoppningsvis t\u00e4nker man p\u00e5 detta i utredningen. F\u00f6r det \u00e4r ont om k\u00f6nsneutrala graviditeter.<\/p>\n<p><i>Bengt Malm, ordf.<br \/>\n12 augusti 2015<\/i><\/p>\n","protected":false},"excerpt":{"rendered":"<p>\u00c4r det sant? H\u00f6r vi talk\u00f6rer? Ser vi banderoller och plakat med detta budskap? Kappast. Men regeringen vill l\u00e5ta utreda fr\u00e5gan. Som l\u00e4get nu \u00e4r i \u00f6stra Europa skulle man vilja ha tillbaka v\u00e4rnplikten och d\u00e5 helst en som \u00e4r k\u00f6nsneutral. Alla skall visserligen inte kallas in. Alla skall m\u00f6nstra och sedan skall ett urval <a class=\"read-more-link\" href=\"https:\/\/wp.kristdemokraterna.se\/ydre\/2015-08-12-hor-ropen-skalla-varnplikt-for-alla\/\">L\u00e4s mer<\/a><\/p>\n","protected":false},"author":793,"featured_media":0,"parent":0,"menu_order":0,"comment_status":"closed","ping_status":"closed","template":"","meta":{"_acf_changed":false,"footnotes":""},"class_list":["post-1526","page","type-page","status-publish","hentry"],"acf":[],"yoast_head":"<!-- This site is optimized with the Yoast SEO plugin v27.5 - https:\/\/yoast.com\/product\/yoast-seo-wordpress\/ -->\n<title>2015-08-12 H\u00f6r ropen skalla: V\u00e4rnplikt f\u00f6r alla! - Kristdemokraterna i Ydre<\/title>\n<meta name=\"robots\" content=\"index, follow, max-snippet:-1, max-image-preview:large, max-video-preview:-1\" \/>\n<link rel=\"canonical\" href=\"https:\/\/wp.kristdemokraterna.se\/ydre\/2015-08-12-hor-ropen-skalla-varnplikt-for-alla\/\" \/>\n<meta property=\"og:locale\" content=\"sv_SE\" \/>\n<meta property=\"og:type\" content=\"article\" \/>\n<meta property=\"og:title\" content=\"2015-08-12 H\u00f6r ropen skalla: V\u00e4rnplikt f\u00f6r alla! - Kristdemokraterna i Ydre\" \/>\n<meta property=\"og:description\" content=\"\u00c4r det sant? H\u00f6r vi talk\u00f6rer? Ser vi banderoller och plakat med detta budskap? Kappast. Men regeringen vill l\u00e5ta utreda fr\u00e5gan. Som l\u00e4get nu \u00e4r i \u00f6stra Europa skulle man vilja ha tillbaka v\u00e4rnplikten och d\u00e5 helst en som \u00e4r k\u00f6nsneutral. Alla skall visserligen inte kallas in. Alla skall m\u00f6nstra och sedan skall ett urval L\u00e4s mer\" \/>\n<meta property=\"og:url\" content=\"https:\/\/wp.kristdemokraterna.se\/ydre\/2015-08-12-hor-ropen-skalla-varnplikt-for-alla\/\" \/>\n<meta property=\"og:site_name\" content=\"Kristdemokraterna i Ydre\" \/>\n<meta property=\"article:modified_time\" content=\"2018-08-11T15:57:28+00:00\" \/>\n<meta property=\"og:image\" content=\"http:\/\/ydrebo.se\/kd\/veckobrev\/ruin.jpg\" \/>\n<meta name=\"twitter:card\" content=\"summary_large_image\" \/>\n<meta name=\"twitter:label1\" content=\"Ber\u00e4knad l\u00e4stid\" \/>\n\t<meta name=\"twitter:data1\" content=\"3 minuter\" \/>\n<script type=\"application\/ld+json\" class=\"yoast-schema-graph\">{\"@context\":\"https:\\\/\\\/schema.org\",\"@graph\":[{\"@type\":\"WebPage\",\"@id\":\"https:\\\/\\\/wp.kristdemokraterna.se\\\/ydre\\\/2015-08-12-hor-ropen-skalla-varnplikt-for-alla\\\/\",\"url\":\"https:\\\/\\\/wp.kristdemokraterna.se\\\/ydre\\\/2015-08-12-hor-ropen-skalla-varnplikt-for-alla\\\/\",\"name\":\"2015-08-12 H\u00f6r ropen skalla: V\u00e4rnplikt f\u00f6r alla! - Kristdemokraterna i Ydre\",\"isPartOf\":{\"@id\":\"https:\\\/\\\/wp.kristdemokraterna.se\\\/ydre\\\/#website\"},\"primaryImageOfPage\":{\"@id\":\"https:\\\/\\\/wp.kristdemokraterna.se\\\/ydre\\\/2015-08-12-hor-ropen-skalla-varnplikt-for-alla\\\/#primaryimage\"},\"image\":{\"@id\":\"https:\\\/\\\/wp.kristdemokraterna.se\\\/ydre\\\/2015-08-12-hor-ropen-skalla-varnplikt-for-alla\\\/#primaryimage\"},\"thumbnailUrl\":\"http:\\\/\\\/ydrebo.se\\\/kd\\\/veckobrev\\\/ruin.jpg\",\"datePublished\":\"2018-08-11T15:55:59+00:00\",\"dateModified\":\"2018-08-11T15:57:28+00:00\",\"breadcrumb\":{\"@id\":\"https:\\\/\\\/wp.kristdemokraterna.se\\\/ydre\\\/2015-08-12-hor-ropen-skalla-varnplikt-for-alla\\\/#breadcrumb\"},\"inLanguage\":\"sv-SE\",\"potentialAction\":[{\"@type\":\"ReadAction\",\"target\":[\"https:\\\/\\\/wp.kristdemokraterna.se\\\/ydre\\\/2015-08-12-hor-ropen-skalla-varnplikt-for-alla\\\/\"]}]},{\"@type\":\"ImageObject\",\"inLanguage\":\"sv-SE\",\"@id\":\"https:\\\/\\\/wp.kristdemokraterna.se\\\/ydre\\\/2015-08-12-hor-ropen-skalla-varnplikt-for-alla\\\/#primaryimage\",\"url\":\"http:\\\/\\\/ydrebo.se\\\/kd\\\/veckobrev\\\/ruin.jpg\",\"contentUrl\":\"http:\\\/\\\/ydrebo.se\\\/kd\\\/veckobrev\\\/ruin.jpg\"},{\"@type\":\"BreadcrumbList\",\"@id\":\"https:\\\/\\\/wp.kristdemokraterna.se\\\/ydre\\\/2015-08-12-hor-ropen-skalla-varnplikt-for-alla\\\/#breadcrumb\",\"itemListElement\":[{\"@type\":\"ListItem\",\"position\":1,\"name\":\"Hem\",\"item\":\"https:\\\/\\\/wp.kristdemokraterna.se\\\/ydre\\\/\"},{\"@type\":\"ListItem\",\"position\":2,\"name\":\"2015-08-12 H\u00f6r ropen skalla: V\u00e4rnplikt f\u00f6r alla!\"}]},{\"@type\":\"WebSite\",\"@id\":\"https:\\\/\\\/wp.kristdemokraterna.se\\\/ydre\\\/#website\",\"url\":\"https:\\\/\\\/wp.kristdemokraterna.se\\\/ydre\\\/\",\"name\":\"Kristdemokraterna i Ydre\",\"description\":\"En till Kristdemokraterna webbplats\",\"inLanguage\":\"sv-SE\"}]}<\/script>\n<!-- \/ Yoast SEO plugin. -->","yoast_head_json":{"title":"2015-08-12 H\u00f6r ropen skalla: V\u00e4rnplikt f\u00f6r alla! - Kristdemokraterna i Ydre","robots":{"index":"index","follow":"follow","max-snippet":"max-snippet:-1","max-image-preview":"max-image-preview:large","max-video-preview":"max-video-preview:-1"},"canonical":"https:\/\/wp.kristdemokraterna.se\/ydre\/2015-08-12-hor-ropen-skalla-varnplikt-for-alla\/","og_locale":"sv_SE","og_type":"article","og_title":"2015-08-12 H\u00f6r ropen skalla: V\u00e4rnplikt f\u00f6r alla! - Kristdemokraterna i Ydre","og_description":"\u00c4r det sant? H\u00f6r vi talk\u00f6rer? Ser vi banderoller och plakat med detta budskap? Kappast. Men regeringen vill l\u00e5ta utreda fr\u00e5gan. Som l\u00e4get nu \u00e4r i \u00f6stra Europa skulle man vilja ha tillbaka v\u00e4rnplikten och d\u00e5 helst en som \u00e4r k\u00f6nsneutral. Alla skall visserligen inte kallas in. Alla skall m\u00f6nstra och sedan skall ett urval L\u00e4s mer","og_url":"https:\/\/wp.kristdemokraterna.se\/ydre\/2015-08-12-hor-ropen-skalla-varnplikt-for-alla\/","og_site_name":"Kristdemokraterna i Ydre","article_modified_time":"2018-08-11T15:57:28+00:00","og_image":[{"url":"http:\/\/ydrebo.se\/kd\/veckobrev\/ruin.jpg","type":"","width":"","height":""}],"twitter_card":"summary_large_image","twitter_misc":{"Ber\u00e4knad l\u00e4stid":"3 minuter"},"schema":{"@context":"https:\/\/schema.org","@graph":[{"@type":"WebPage","@id":"https:\/\/wp.kristdemokraterna.se\/ydre\/2015-08-12-hor-ropen-skalla-varnplikt-for-alla\/","url":"https:\/\/wp.kristdemokraterna.se\/ydre\/2015-08-12-hor-ropen-skalla-varnplikt-for-alla\/","name":"2015-08-12 H\u00f6r ropen skalla: V\u00e4rnplikt f\u00f6r alla! - Kristdemokraterna i Ydre","isPartOf":{"@id":"https:\/\/wp.kristdemokraterna.se\/ydre\/#website"},"primaryImageOfPage":{"@id":"https:\/\/wp.kristdemokraterna.se\/ydre\/2015-08-12-hor-ropen-skalla-varnplikt-for-alla\/#primaryimage"},"image":{"@id":"https:\/\/wp.kristdemokraterna.se\/ydre\/2015-08-12-hor-ropen-skalla-varnplikt-for-alla\/#primaryimage"},"thumbnailUrl":"http:\/\/ydrebo.se\/kd\/veckobrev\/ruin.jpg","datePublished":"2018-08-11T15:55:59+00:00","dateModified":"2018-08-11T15:57:28+00:00","breadcrumb":{"@id":"https:\/\/wp.kristdemokraterna.se\/ydre\/2015-08-12-hor-ropen-skalla-varnplikt-for-alla\/#breadcrumb"},"inLanguage":"sv-SE","potentialAction":[{"@type":"ReadAction","target":["https:\/\/wp.kristdemokraterna.se\/ydre\/2015-08-12-hor-ropen-skalla-varnplikt-for-alla\/"]}]},{"@type":"ImageObject","inLanguage":"sv-SE","@id":"https:\/\/wp.kristdemokraterna.se\/ydre\/2015-08-12-hor-ropen-skalla-varnplikt-for-alla\/#primaryimage","url":"http:\/\/ydrebo.se\/kd\/veckobrev\/ruin.jpg","contentUrl":"http:\/\/ydrebo.se\/kd\/veckobrev\/ruin.jpg"},{"@type":"BreadcrumbList","@id":"https:\/\/wp.kristdemokraterna.se\/ydre\/2015-08-12-hor-ropen-skalla-varnplikt-for-alla\/#breadcrumb","itemListElement":[{"@type":"ListItem","position":1,"name":"Hem","item":"https:\/\/wp.kristdemokraterna.se\/ydre\/"},{"@type":"ListItem","position":2,"name":"2015-08-12 H\u00f6r ropen skalla: V\u00e4rnplikt f\u00f6r alla!"}]},{"@type":"WebSite","@id":"https:\/\/wp.kristdemokraterna.se\/ydre\/#website","url":"https:\/\/wp.kristdemokraterna.se\/ydre\/","name":"Kristdemokraterna i Ydre","description":"En till Kristdemokraterna webbplats","inLanguage":"sv-SE"}]}},"_links":{"self":[{"href":"https:\/\/wp.kristdemokraterna.se\/ydre\/wp-json\/wp\/v2\/pages\/1526","targetHints":{"allow":["GET"]}}],"collection":[{"href":"https:\/\/wp.kristdemokraterna.se\/ydre\/wp-json\/wp\/v2\/pages"}],"about":[{"href":"https:\/\/wp.kristdemokraterna.se\/ydre\/wp-json\/wp\/v2\/types\/page"}],"author":[{"embeddable":true,"href":"https:\/\/wp.kristdemokraterna.se\/ydre\/wp-json\/wp\/v2\/users\/793"}],"replies":[{"embeddable":true,"href":"https:\/\/wp.kristdemokraterna.se\/ydre\/wp-json\/wp\/v2\/comments?post=1526"}],"version-history":[{"count":4,"href":"https:\/\/wp.kristdemokraterna.se\/ydre\/wp-json\/wp\/v2\/pages\/1526\/revisions"}],"predecessor-version":[{"id":1530,"href":"https:\/\/wp.kristdemokraterna.se\/ydre\/wp-json\/wp\/v2\/pages\/1526\/revisions\/1530"}],"wp:attachment":[{"href":"https:\/\/wp.kristdemokraterna.se\/ydre\/wp-json\/wp\/v2\/media?parent=1526"}],"curies":[{"name":"wp","href":"https:\/\/api.w.org\/{rel}","templated":true}]}}