{"id":1536,"date":"2018-08-11T18:06:00","date_gmt":"2018-08-11T16:06:00","guid":{"rendered":"http:\/\/wp.kristdemokraterna.se\/ydre\/?page_id=1536"},"modified":"2018-08-11T18:06:52","modified_gmt":"2018-08-11T16:06:52","slug":"2015-08-24-jag-vill-ocksa-ga-i-skolan","status":"publish","type":"page","link":"https:\/\/wp.kristdemokraterna.se\/ydre\/2015-08-24-jag-vill-ocksa-ga-i-skolan\/","title":{"rendered":"2015-08-24 Jag vill ocks\u00e5 g\u00e5 i skolan"},"content":{"rendered":"<p>Den yngsta nobelpristagaren i historien, Malala Yousafzai, fick priset f\u00f6r sin kamp f\u00f6r att hon och andra barn skall kunna g\u00e5 i skola. Hur angel\u00e4get tycker svenska barn det \u00e4r att f\u00e5 skolg\u00e5ng?<\/p>\n<p><img loading=\"lazy\" decoding=\"async\" src=\"http:\/\/ydrebo.se\/kd\/veckobrev2015\/ABC-bok.JPG\" width=\"600\" height=\"462\" \/><br \/>\nH\u00e4romdagen l\u00e4ste jag en tidningskr\u00f6nika om den f\u00f6rsta skoldagen. Kr\u00f6nik\u00f6ren hade f\u00f6ljt med sin dotter till skolan. Det var enormt sp\u00e4nnande f\u00f6r flickan. Hon var full av f\u00f6rv\u00e4ntan. Ocks\u00e5 f\u00f6r pappan var det en stor dag med mycket funderingar. Vem kommer att bli dotterns b\u00e4sta kompis?<br \/>\nMen det som mest grep tag i mig n\u00e4r jag l\u00e4ste kr\u00f6nikan var att pappan undrade vem av flickans kamrater som skulle bli hennes v\u00e4rsta mobbare. Just det. Vilket av barnen framf\u00f6r honom skulle komma att mobba hans dotter s\u00e4rskilt mycket?<\/p>\n<p><img loading=\"lazy\" decoding=\"async\" src=\"http:\/\/ydrebo.se\/kd\/veckobrev2015\/malarbok.JPG\" width=\"600\" height=\"461\" \/><br \/>\nDet fanns en tid d\u00e5 man f\u00f6rnekade att mobbning existerade. Det g\u00f6r man lyckligtvis inte l\u00e4ngre. Skolorna har en skyldighet att se upp.<br \/>\nMen m\u00e5ste det vara s\u00e5 att mobbning ses som ofr\u00e5nkomlig? Skall skolbarnen i Ydre l\u00e4ra sig att det h\u00f6r med till livet, ja att det \u00e4r normalt att bli mobbad? S\u00e5 f\u00e5r det inte bli!<\/p>\n<p><i>Bengt Malm, ordf.<br \/>\n24 augusti 2015<\/i><\/p>\n<p><img loading=\"lazy\" decoding=\"async\" src=\"http:\/\/ydrebo.se\/kd\/veckobrev2015\/bilderbok.JPG\" width=\"450\" height=\"450\" \/><\/p>\n","protected":false},"excerpt":{"rendered":"<p>Den yngsta nobelpristagaren i historien, Malala Yousafzai, fick priset f\u00f6r sin kamp f\u00f6r att hon och andra barn skall kunna g\u00e5 i skola. Hur angel\u00e4get tycker svenska barn det \u00e4r att f\u00e5 skolg\u00e5ng? H\u00e4romdagen l\u00e4ste jag en tidningskr\u00f6nika om den f\u00f6rsta skoldagen. Kr\u00f6nik\u00f6ren hade f\u00f6ljt med sin dotter till skolan. Det var enormt sp\u00e4nnande f\u00f6r <a class=\"read-more-link\" href=\"https:\/\/wp.kristdemokraterna.se\/ydre\/2015-08-24-jag-vill-ocksa-ga-i-skolan\/\">L\u00e4s mer<\/a><\/p>\n","protected":false},"author":793,"featured_media":0,"parent":0,"menu_order":0,"comment_status":"closed","ping_status":"closed","template":"","meta":{"_acf_changed":false,"footnotes":""},"class_list":["post-1536","page","type-page","status-publish","hentry"],"acf":[],"yoast_head":"<!-- This site is optimized with the Yoast SEO plugin v27.5 - https:\/\/yoast.com\/product\/yoast-seo-wordpress\/ -->\n<title>2015-08-24 Jag vill ocks\u00e5 g\u00e5 i skolan - Kristdemokraterna i Ydre<\/title>\n<meta name=\"robots\" content=\"index, follow, max-snippet:-1, max-image-preview:large, max-video-preview:-1\" \/>\n<link rel=\"canonical\" href=\"https:\/\/wp.kristdemokraterna.se\/ydre\/2015-08-24-jag-vill-ocksa-ga-i-skolan\/\" \/>\n<meta property=\"og:locale\" content=\"sv_SE\" \/>\n<meta property=\"og:type\" content=\"article\" \/>\n<meta property=\"og:title\" content=\"2015-08-24 Jag vill ocks\u00e5 g\u00e5 i skolan - Kristdemokraterna i Ydre\" \/>\n<meta property=\"og:description\" content=\"Den yngsta nobelpristagaren i historien, Malala Yousafzai, fick priset f\u00f6r sin kamp f\u00f6r att hon och andra barn skall kunna g\u00e5 i skola. Hur angel\u00e4get tycker svenska barn det \u00e4r att f\u00e5 skolg\u00e5ng? H\u00e4romdagen l\u00e4ste jag en tidningskr\u00f6nika om den f\u00f6rsta skoldagen. Kr\u00f6nik\u00f6ren hade f\u00f6ljt med sin dotter till skolan. Det var enormt sp\u00e4nnande f\u00f6r L\u00e4s mer\" \/>\n<meta property=\"og:url\" content=\"https:\/\/wp.kristdemokraterna.se\/ydre\/2015-08-24-jag-vill-ocksa-ga-i-skolan\/\" \/>\n<meta property=\"og:site_name\" content=\"Kristdemokraterna i Ydre\" \/>\n<meta property=\"article:modified_time\" content=\"2018-08-11T16:06:52+00:00\" \/>\n<meta property=\"og:image\" content=\"http:\/\/ydrebo.se\/kd\/veckobrev2015\/ABC-bok.JPG\" \/>\n<meta name=\"twitter:card\" content=\"summary_large_image\" \/>\n<meta name=\"twitter:label1\" content=\"Ber\u00e4knad l\u00e4stid\" \/>\n\t<meta name=\"twitter:data1\" content=\"1 minut\" \/>\n<script type=\"application\/ld+json\" class=\"yoast-schema-graph\">{\"@context\":\"https:\\\/\\\/schema.org\",\"@graph\":[{\"@type\":\"WebPage\",\"@id\":\"https:\\\/\\\/wp.kristdemokraterna.se\\\/ydre\\\/2015-08-24-jag-vill-ocksa-ga-i-skolan\\\/\",\"url\":\"https:\\\/\\\/wp.kristdemokraterna.se\\\/ydre\\\/2015-08-24-jag-vill-ocksa-ga-i-skolan\\\/\",\"name\":\"2015-08-24 Jag vill ocks\u00e5 g\u00e5 i skolan - Kristdemokraterna i Ydre\",\"isPartOf\":{\"@id\":\"https:\\\/\\\/wp.kristdemokraterna.se\\\/ydre\\\/#website\"},\"primaryImageOfPage\":{\"@id\":\"https:\\\/\\\/wp.kristdemokraterna.se\\\/ydre\\\/2015-08-24-jag-vill-ocksa-ga-i-skolan\\\/#primaryimage\"},\"image\":{\"@id\":\"https:\\\/\\\/wp.kristdemokraterna.se\\\/ydre\\\/2015-08-24-jag-vill-ocksa-ga-i-skolan\\\/#primaryimage\"},\"thumbnailUrl\":\"http:\\\/\\\/ydrebo.se\\\/kd\\\/veckobrev2015\\\/ABC-bok.JPG\",\"datePublished\":\"2018-08-11T16:06:00+00:00\",\"dateModified\":\"2018-08-11T16:06:52+00:00\",\"breadcrumb\":{\"@id\":\"https:\\\/\\\/wp.kristdemokraterna.se\\\/ydre\\\/2015-08-24-jag-vill-ocksa-ga-i-skolan\\\/#breadcrumb\"},\"inLanguage\":\"sv-SE\",\"potentialAction\":[{\"@type\":\"ReadAction\",\"target\":[\"https:\\\/\\\/wp.kristdemokraterna.se\\\/ydre\\\/2015-08-24-jag-vill-ocksa-ga-i-skolan\\\/\"]}]},{\"@type\":\"ImageObject\",\"inLanguage\":\"sv-SE\",\"@id\":\"https:\\\/\\\/wp.kristdemokraterna.se\\\/ydre\\\/2015-08-24-jag-vill-ocksa-ga-i-skolan\\\/#primaryimage\",\"url\":\"http:\\\/\\\/ydrebo.se\\\/kd\\\/veckobrev2015\\\/ABC-bok.JPG\",\"contentUrl\":\"http:\\\/\\\/ydrebo.se\\\/kd\\\/veckobrev2015\\\/ABC-bok.JPG\"},{\"@type\":\"BreadcrumbList\",\"@id\":\"https:\\\/\\\/wp.kristdemokraterna.se\\\/ydre\\\/2015-08-24-jag-vill-ocksa-ga-i-skolan\\\/#breadcrumb\",\"itemListElement\":[{\"@type\":\"ListItem\",\"position\":1,\"name\":\"Hem\",\"item\":\"https:\\\/\\\/wp.kristdemokraterna.se\\\/ydre\\\/\"},{\"@type\":\"ListItem\",\"position\":2,\"name\":\"2015-08-24 Jag vill ocks\u00e5 g\u00e5 i skolan\"}]},{\"@type\":\"WebSite\",\"@id\":\"https:\\\/\\\/wp.kristdemokraterna.se\\\/ydre\\\/#website\",\"url\":\"https:\\\/\\\/wp.kristdemokraterna.se\\\/ydre\\\/\",\"name\":\"Kristdemokraterna i Ydre\",\"description\":\"En till Kristdemokraterna webbplats\",\"inLanguage\":\"sv-SE\"}]}<\/script>\n<!-- \/ Yoast SEO plugin. -->","yoast_head_json":{"title":"2015-08-24 Jag vill ocks\u00e5 g\u00e5 i skolan - Kristdemokraterna i Ydre","robots":{"index":"index","follow":"follow","max-snippet":"max-snippet:-1","max-image-preview":"max-image-preview:large","max-video-preview":"max-video-preview:-1"},"canonical":"https:\/\/wp.kristdemokraterna.se\/ydre\/2015-08-24-jag-vill-ocksa-ga-i-skolan\/","og_locale":"sv_SE","og_type":"article","og_title":"2015-08-24 Jag vill ocks\u00e5 g\u00e5 i skolan - Kristdemokraterna i Ydre","og_description":"Den yngsta nobelpristagaren i historien, Malala Yousafzai, fick priset f\u00f6r sin kamp f\u00f6r att hon och andra barn skall kunna g\u00e5 i skola. Hur angel\u00e4get tycker svenska barn det \u00e4r att f\u00e5 skolg\u00e5ng? H\u00e4romdagen l\u00e4ste jag en tidningskr\u00f6nika om den f\u00f6rsta skoldagen. Kr\u00f6nik\u00f6ren hade f\u00f6ljt med sin dotter till skolan. Det var enormt sp\u00e4nnande f\u00f6r L\u00e4s mer","og_url":"https:\/\/wp.kristdemokraterna.se\/ydre\/2015-08-24-jag-vill-ocksa-ga-i-skolan\/","og_site_name":"Kristdemokraterna i Ydre","article_modified_time":"2018-08-11T16:06:52+00:00","og_image":[{"url":"http:\/\/ydrebo.se\/kd\/veckobrev2015\/ABC-bok.JPG","type":"","width":"","height":""}],"twitter_card":"summary_large_image","twitter_misc":{"Ber\u00e4knad l\u00e4stid":"1 minut"},"schema":{"@context":"https:\/\/schema.org","@graph":[{"@type":"WebPage","@id":"https:\/\/wp.kristdemokraterna.se\/ydre\/2015-08-24-jag-vill-ocksa-ga-i-skolan\/","url":"https:\/\/wp.kristdemokraterna.se\/ydre\/2015-08-24-jag-vill-ocksa-ga-i-skolan\/","name":"2015-08-24 Jag vill ocks\u00e5 g\u00e5 i skolan - Kristdemokraterna i Ydre","isPartOf":{"@id":"https:\/\/wp.kristdemokraterna.se\/ydre\/#website"},"primaryImageOfPage":{"@id":"https:\/\/wp.kristdemokraterna.se\/ydre\/2015-08-24-jag-vill-ocksa-ga-i-skolan\/#primaryimage"},"image":{"@id":"https:\/\/wp.kristdemokraterna.se\/ydre\/2015-08-24-jag-vill-ocksa-ga-i-skolan\/#primaryimage"},"thumbnailUrl":"http:\/\/ydrebo.se\/kd\/veckobrev2015\/ABC-bok.JPG","datePublished":"2018-08-11T16:06:00+00:00","dateModified":"2018-08-11T16:06:52+00:00","breadcrumb":{"@id":"https:\/\/wp.kristdemokraterna.se\/ydre\/2015-08-24-jag-vill-ocksa-ga-i-skolan\/#breadcrumb"},"inLanguage":"sv-SE","potentialAction":[{"@type":"ReadAction","target":["https:\/\/wp.kristdemokraterna.se\/ydre\/2015-08-24-jag-vill-ocksa-ga-i-skolan\/"]}]},{"@type":"ImageObject","inLanguage":"sv-SE","@id":"https:\/\/wp.kristdemokraterna.se\/ydre\/2015-08-24-jag-vill-ocksa-ga-i-skolan\/#primaryimage","url":"http:\/\/ydrebo.se\/kd\/veckobrev2015\/ABC-bok.JPG","contentUrl":"http:\/\/ydrebo.se\/kd\/veckobrev2015\/ABC-bok.JPG"},{"@type":"BreadcrumbList","@id":"https:\/\/wp.kristdemokraterna.se\/ydre\/2015-08-24-jag-vill-ocksa-ga-i-skolan\/#breadcrumb","itemListElement":[{"@type":"ListItem","position":1,"name":"Hem","item":"https:\/\/wp.kristdemokraterna.se\/ydre\/"},{"@type":"ListItem","position":2,"name":"2015-08-24 Jag vill ocks\u00e5 g\u00e5 i skolan"}]},{"@type":"WebSite","@id":"https:\/\/wp.kristdemokraterna.se\/ydre\/#website","url":"https:\/\/wp.kristdemokraterna.se\/ydre\/","name":"Kristdemokraterna i Ydre","description":"En till Kristdemokraterna webbplats","inLanguage":"sv-SE"}]}},"_links":{"self":[{"href":"https:\/\/wp.kristdemokraterna.se\/ydre\/wp-json\/wp\/v2\/pages\/1536","targetHints":{"allow":["GET"]}}],"collection":[{"href":"https:\/\/wp.kristdemokraterna.se\/ydre\/wp-json\/wp\/v2\/pages"}],"about":[{"href":"https:\/\/wp.kristdemokraterna.se\/ydre\/wp-json\/wp\/v2\/types\/page"}],"author":[{"embeddable":true,"href":"https:\/\/wp.kristdemokraterna.se\/ydre\/wp-json\/wp\/v2\/users\/793"}],"replies":[{"embeddable":true,"href":"https:\/\/wp.kristdemokraterna.se\/ydre\/wp-json\/wp\/v2\/comments?post=1536"}],"version-history":[{"count":2,"href":"https:\/\/wp.kristdemokraterna.se\/ydre\/wp-json\/wp\/v2\/pages\/1536\/revisions"}],"predecessor-version":[{"id":1538,"href":"https:\/\/wp.kristdemokraterna.se\/ydre\/wp-json\/wp\/v2\/pages\/1536\/revisions\/1538"}],"wp:attachment":[{"href":"https:\/\/wp.kristdemokraterna.se\/ydre\/wp-json\/wp\/v2\/media?parent=1536"}],"curies":[{"name":"wp","href":"https:\/\/api.w.org\/{rel}","templated":true}]}}