{"id":1540,"date":"2018-08-11T18:09:59","date_gmt":"2018-08-11T16:09:59","guid":{"rendered":"http:\/\/wp.kristdemokraterna.se\/ydre\/?page_id=1540"},"modified":"2018-08-11T18:10:11","modified_gmt":"2018-08-11T16:10:11","slug":"2015-08-31-flyktingar-flyktingar-flyktingar","status":"publish","type":"page","link":"https:\/\/wp.kristdemokraterna.se\/ydre\/2015-08-31-flyktingar-flyktingar-flyktingar\/","title":{"rendered":"2015-08-31 Flyktingar, flyktingar, flyktingar&#8230;"},"content":{"rendered":"<p>Det ber\u00e4ttas att natten mellan den 31 augusti och 1 september 1939 var det n\u00e5gra i Stockholm som lyssnade p\u00e5 radio. Det var inte s\u00e5 vanligt med nattliga radios\u00e4ndningar p\u00e5 den tiden. Men de h\u00e4r personerna tillh\u00f6rde en nyhetsredaktion och de hade f\u00e5tt ett telefonsamtal p\u00e5 eftermiddagen fr\u00e5n en medarbetare i Berlin. Han hade bett dem lyssna p\u00e5 Tysklands radio under natten.<br \/>\nDagen hade inte varit utan dramatik. Man h\u00f6ll d\u00e5 p\u00e5 att bygga v\u00e4rldens st\u00f6rsta betongbro \u00f6ver \u00c5ngerman\u00e4lven. Och just den 31 augusti rasade bron som inte var f\u00e4rdig och \u00e5tskilliga abetare omkom.<br \/>\n\u00c4nd\u00e5 var det allvarligare ting som journalisterna lyssnade efter n\u00e4r de satt d\u00e4r vid radion. Vad var det som h\u00e4nde i Tyskland? Att l\u00e4get i Europa var mycket allvarligt var allm\u00e4nt k\u00e4nt. Och nu hade alla telef\u00f6rbindelser med Tyskland upph\u00f6rt att fungera.<br \/>\nTimmarna gick. Och s\u00e5 fram p\u00e5 morgonsidan fick journalisterna h\u00f6ra det som de varnats f\u00f6r. De hade f\u00e5tt veta att om de h\u00f6rde milit\u00e4rmusik d\u00e5 visste de att kriget hade b\u00f6rjat. Och nu kom den musiken.<br \/>\nSex \u00e5r senare var andra v\u00e4rldskriget \u00f6ver. Tyskland gav upp i maj 1945 och Japan i augusti. F\u00f6r\u00f6delsen i Europa var enorm. Och till det kom att det fanns millioner av heml\u00f6sa m\u00e4nniskor. V\u00e4rre skulle det bli. M\u00e4nniskor drevs bort och man har uppskattat att en million av dem som utvisades fr\u00e5n \u00f6stra Europa omkom. Detta h\u00e4nde allts\u00e5 mitt i v\u00e5r v\u00e4rldsdel n\u00e4r det inte l\u00e4ngre fanns n\u00e5gra krigshandlingar.<br \/>\nNu fanns det allts\u00e5 \u00e4nnu fler flyktingar. Jag har sett siffran tolv millioner. De beh\u00f6vde tas om hand.\u00a0<i>Och det s\u00f6ndertrasade Europa gjorde det!<\/i><br \/>\nNu har vi flyktingar igen. En kategori som det talats mycket om p\u00e5 sista tiden \u00e4r de ensamkommande flyktingbarnen. Vilka \u00e4r de? Hur g\u00e5r det f\u00f6r dem? N\u00e4r Ydre Kristdemokrater den 1 september har sin h\u00f6stupptakt kommer Andrea Cassel fr\u00e5n Ydre kommun att ber\u00e4tta (hon f\u00f6rest\u00e5r kommunens hem f\u00f6r s\u00e5dana ungdomar). Kan vi klara de h\u00e4r flyktingarna ocks\u00e5?<\/p>\n<p><i>Bengt Malm, ordf.<br \/>\n31 augusti 2015<\/i><\/p>\n<p><img loading=\"lazy\" decoding=\"async\" src=\"http:\/\/ydrebo.se\/kd\/veckobrev2015\/havet.JPG\" width=\"600\" height=\"460\" \/><br \/>\n<i>Flyktv\u00e4gen kan se vacker ut<\/i><\/p>\n","protected":false},"excerpt":{"rendered":"<p>Det ber\u00e4ttas att natten mellan den 31 augusti och 1 september 1939 var det n\u00e5gra i Stockholm som lyssnade p\u00e5 radio. Det var inte s\u00e5 vanligt med nattliga radios\u00e4ndningar p\u00e5 den tiden. Men de h\u00e4r personerna tillh\u00f6rde en nyhetsredaktion och de hade f\u00e5tt ett telefonsamtal p\u00e5 eftermiddagen fr\u00e5n en medarbetare i Berlin. Han hade bett <a class=\"read-more-link\" href=\"https:\/\/wp.kristdemokraterna.se\/ydre\/2015-08-31-flyktingar-flyktingar-flyktingar\/\">L\u00e4s mer<\/a><\/p>\n","protected":false},"author":793,"featured_media":0,"parent":0,"menu_order":0,"comment_status":"closed","ping_status":"closed","template":"","meta":{"_acf_changed":false,"footnotes":""},"class_list":["post-1540","page","type-page","status-publish","hentry"],"acf":[],"yoast_head":"<!-- This site is optimized with the Yoast SEO plugin v27.5 - https:\/\/yoast.com\/product\/yoast-seo-wordpress\/ -->\n<title>2015-08-31 Flyktingar, flyktingar, flyktingar... - Kristdemokraterna i Ydre<\/title>\n<meta name=\"robots\" content=\"index, follow, max-snippet:-1, max-image-preview:large, max-video-preview:-1\" \/>\n<link rel=\"canonical\" href=\"https:\/\/wp.kristdemokraterna.se\/ydre\/2015-08-31-flyktingar-flyktingar-flyktingar\/\" \/>\n<meta property=\"og:locale\" content=\"sv_SE\" \/>\n<meta property=\"og:type\" content=\"article\" \/>\n<meta property=\"og:title\" content=\"2015-08-31 Flyktingar, flyktingar, flyktingar... - Kristdemokraterna i Ydre\" \/>\n<meta property=\"og:description\" content=\"Det ber\u00e4ttas att natten mellan den 31 augusti och 1 september 1939 var det n\u00e5gra i Stockholm som lyssnade p\u00e5 radio. Det var inte s\u00e5 vanligt med nattliga radios\u00e4ndningar p\u00e5 den tiden. Men de h\u00e4r personerna tillh\u00f6rde en nyhetsredaktion och de hade f\u00e5tt ett telefonsamtal p\u00e5 eftermiddagen fr\u00e5n en medarbetare i Berlin. Han hade bett L\u00e4s mer\" \/>\n<meta property=\"og:url\" content=\"https:\/\/wp.kristdemokraterna.se\/ydre\/2015-08-31-flyktingar-flyktingar-flyktingar\/\" \/>\n<meta property=\"og:site_name\" content=\"Kristdemokraterna i Ydre\" \/>\n<meta property=\"article:modified_time\" content=\"2018-08-11T16:10:11+00:00\" \/>\n<meta property=\"og:image\" content=\"http:\/\/ydrebo.se\/kd\/veckobrev2015\/havet.JPG\" \/>\n<meta name=\"twitter:card\" content=\"summary_large_image\" \/>\n<meta name=\"twitter:label1\" content=\"Ber\u00e4knad l\u00e4stid\" \/>\n\t<meta name=\"twitter:data1\" content=\"2 minuter\" \/>\n<script type=\"application\/ld+json\" class=\"yoast-schema-graph\">{\"@context\":\"https:\\\/\\\/schema.org\",\"@graph\":[{\"@type\":\"WebPage\",\"@id\":\"https:\\\/\\\/wp.kristdemokraterna.se\\\/ydre\\\/2015-08-31-flyktingar-flyktingar-flyktingar\\\/\",\"url\":\"https:\\\/\\\/wp.kristdemokraterna.se\\\/ydre\\\/2015-08-31-flyktingar-flyktingar-flyktingar\\\/\",\"name\":\"2015-08-31 Flyktingar, flyktingar, flyktingar... - Kristdemokraterna i Ydre\",\"isPartOf\":{\"@id\":\"https:\\\/\\\/wp.kristdemokraterna.se\\\/ydre\\\/#website\"},\"primaryImageOfPage\":{\"@id\":\"https:\\\/\\\/wp.kristdemokraterna.se\\\/ydre\\\/2015-08-31-flyktingar-flyktingar-flyktingar\\\/#primaryimage\"},\"image\":{\"@id\":\"https:\\\/\\\/wp.kristdemokraterna.se\\\/ydre\\\/2015-08-31-flyktingar-flyktingar-flyktingar\\\/#primaryimage\"},\"thumbnailUrl\":\"http:\\\/\\\/ydrebo.se\\\/kd\\\/veckobrev2015\\\/havet.JPG\",\"datePublished\":\"2018-08-11T16:09:59+00:00\",\"dateModified\":\"2018-08-11T16:10:11+00:00\",\"breadcrumb\":{\"@id\":\"https:\\\/\\\/wp.kristdemokraterna.se\\\/ydre\\\/2015-08-31-flyktingar-flyktingar-flyktingar\\\/#breadcrumb\"},\"inLanguage\":\"sv-SE\",\"potentialAction\":[{\"@type\":\"ReadAction\",\"target\":[\"https:\\\/\\\/wp.kristdemokraterna.se\\\/ydre\\\/2015-08-31-flyktingar-flyktingar-flyktingar\\\/\"]}]},{\"@type\":\"ImageObject\",\"inLanguage\":\"sv-SE\",\"@id\":\"https:\\\/\\\/wp.kristdemokraterna.se\\\/ydre\\\/2015-08-31-flyktingar-flyktingar-flyktingar\\\/#primaryimage\",\"url\":\"http:\\\/\\\/ydrebo.se\\\/kd\\\/veckobrev2015\\\/havet.JPG\",\"contentUrl\":\"http:\\\/\\\/ydrebo.se\\\/kd\\\/veckobrev2015\\\/havet.JPG\"},{\"@type\":\"BreadcrumbList\",\"@id\":\"https:\\\/\\\/wp.kristdemokraterna.se\\\/ydre\\\/2015-08-31-flyktingar-flyktingar-flyktingar\\\/#breadcrumb\",\"itemListElement\":[{\"@type\":\"ListItem\",\"position\":1,\"name\":\"Hem\",\"item\":\"https:\\\/\\\/wp.kristdemokraterna.se\\\/ydre\\\/\"},{\"@type\":\"ListItem\",\"position\":2,\"name\":\"2015-08-31 Flyktingar, flyktingar, flyktingar&#8230;\"}]},{\"@type\":\"WebSite\",\"@id\":\"https:\\\/\\\/wp.kristdemokraterna.se\\\/ydre\\\/#website\",\"url\":\"https:\\\/\\\/wp.kristdemokraterna.se\\\/ydre\\\/\",\"name\":\"Kristdemokraterna i Ydre\",\"description\":\"En till Kristdemokraterna webbplats\",\"inLanguage\":\"sv-SE\"}]}<\/script>\n<!-- \/ Yoast SEO plugin. -->","yoast_head_json":{"title":"2015-08-31 Flyktingar, flyktingar, flyktingar... - Kristdemokraterna i Ydre","robots":{"index":"index","follow":"follow","max-snippet":"max-snippet:-1","max-image-preview":"max-image-preview:large","max-video-preview":"max-video-preview:-1"},"canonical":"https:\/\/wp.kristdemokraterna.se\/ydre\/2015-08-31-flyktingar-flyktingar-flyktingar\/","og_locale":"sv_SE","og_type":"article","og_title":"2015-08-31 Flyktingar, flyktingar, flyktingar... - Kristdemokraterna i Ydre","og_description":"Det ber\u00e4ttas att natten mellan den 31 augusti och 1 september 1939 var det n\u00e5gra i Stockholm som lyssnade p\u00e5 radio. Det var inte s\u00e5 vanligt med nattliga radios\u00e4ndningar p\u00e5 den tiden. Men de h\u00e4r personerna tillh\u00f6rde en nyhetsredaktion och de hade f\u00e5tt ett telefonsamtal p\u00e5 eftermiddagen fr\u00e5n en medarbetare i Berlin. Han hade bett L\u00e4s mer","og_url":"https:\/\/wp.kristdemokraterna.se\/ydre\/2015-08-31-flyktingar-flyktingar-flyktingar\/","og_site_name":"Kristdemokraterna i Ydre","article_modified_time":"2018-08-11T16:10:11+00:00","og_image":[{"url":"http:\/\/ydrebo.se\/kd\/veckobrev2015\/havet.JPG","type":"","width":"","height":""}],"twitter_card":"summary_large_image","twitter_misc":{"Ber\u00e4knad l\u00e4stid":"2 minuter"},"schema":{"@context":"https:\/\/schema.org","@graph":[{"@type":"WebPage","@id":"https:\/\/wp.kristdemokraterna.se\/ydre\/2015-08-31-flyktingar-flyktingar-flyktingar\/","url":"https:\/\/wp.kristdemokraterna.se\/ydre\/2015-08-31-flyktingar-flyktingar-flyktingar\/","name":"2015-08-31 Flyktingar, flyktingar, flyktingar... - Kristdemokraterna i Ydre","isPartOf":{"@id":"https:\/\/wp.kristdemokraterna.se\/ydre\/#website"},"primaryImageOfPage":{"@id":"https:\/\/wp.kristdemokraterna.se\/ydre\/2015-08-31-flyktingar-flyktingar-flyktingar\/#primaryimage"},"image":{"@id":"https:\/\/wp.kristdemokraterna.se\/ydre\/2015-08-31-flyktingar-flyktingar-flyktingar\/#primaryimage"},"thumbnailUrl":"http:\/\/ydrebo.se\/kd\/veckobrev2015\/havet.JPG","datePublished":"2018-08-11T16:09:59+00:00","dateModified":"2018-08-11T16:10:11+00:00","breadcrumb":{"@id":"https:\/\/wp.kristdemokraterna.se\/ydre\/2015-08-31-flyktingar-flyktingar-flyktingar\/#breadcrumb"},"inLanguage":"sv-SE","potentialAction":[{"@type":"ReadAction","target":["https:\/\/wp.kristdemokraterna.se\/ydre\/2015-08-31-flyktingar-flyktingar-flyktingar\/"]}]},{"@type":"ImageObject","inLanguage":"sv-SE","@id":"https:\/\/wp.kristdemokraterna.se\/ydre\/2015-08-31-flyktingar-flyktingar-flyktingar\/#primaryimage","url":"http:\/\/ydrebo.se\/kd\/veckobrev2015\/havet.JPG","contentUrl":"http:\/\/ydrebo.se\/kd\/veckobrev2015\/havet.JPG"},{"@type":"BreadcrumbList","@id":"https:\/\/wp.kristdemokraterna.se\/ydre\/2015-08-31-flyktingar-flyktingar-flyktingar\/#breadcrumb","itemListElement":[{"@type":"ListItem","position":1,"name":"Hem","item":"https:\/\/wp.kristdemokraterna.se\/ydre\/"},{"@type":"ListItem","position":2,"name":"2015-08-31 Flyktingar, flyktingar, flyktingar&#8230;"}]},{"@type":"WebSite","@id":"https:\/\/wp.kristdemokraterna.se\/ydre\/#website","url":"https:\/\/wp.kristdemokraterna.se\/ydre\/","name":"Kristdemokraterna i Ydre","description":"En till Kristdemokraterna webbplats","inLanguage":"sv-SE"}]}},"_links":{"self":[{"href":"https:\/\/wp.kristdemokraterna.se\/ydre\/wp-json\/wp\/v2\/pages\/1540","targetHints":{"allow":["GET"]}}],"collection":[{"href":"https:\/\/wp.kristdemokraterna.se\/ydre\/wp-json\/wp\/v2\/pages"}],"about":[{"href":"https:\/\/wp.kristdemokraterna.se\/ydre\/wp-json\/wp\/v2\/types\/page"}],"author":[{"embeddable":true,"href":"https:\/\/wp.kristdemokraterna.se\/ydre\/wp-json\/wp\/v2\/users\/793"}],"replies":[{"embeddable":true,"href":"https:\/\/wp.kristdemokraterna.se\/ydre\/wp-json\/wp\/v2\/comments?post=1540"}],"version-history":[{"count":2,"href":"https:\/\/wp.kristdemokraterna.se\/ydre\/wp-json\/wp\/v2\/pages\/1540\/revisions"}],"predecessor-version":[{"id":1542,"href":"https:\/\/wp.kristdemokraterna.se\/ydre\/wp-json\/wp\/v2\/pages\/1540\/revisions\/1542"}],"wp:attachment":[{"href":"https:\/\/wp.kristdemokraterna.se\/ydre\/wp-json\/wp\/v2\/media?parent=1540"}],"curies":[{"name":"wp","href":"https:\/\/api.w.org\/{rel}","templated":true}]}}