{"id":1545,"date":"2018-08-11T18:15:20","date_gmt":"2018-08-11T16:15:20","guid":{"rendered":"http:\/\/wp.kristdemokraterna.se\/ydre\/?page_id=1545"},"modified":"2018-08-11T18:15:39","modified_gmt":"2018-08-11T16:15:39","slug":"2015-09-08-behovs-det-ord","status":"publish","type":"page","link":"https:\/\/wp.kristdemokraterna.se\/ydre\/2015-09-08-behovs-det-ord\/","title":{"rendered":"2015-09-08 Beh\u00f6vs det ord?"},"content":{"rendered":"<p><img loading=\"lazy\" decoding=\"async\" src=\"http:\/\/ydrebo.se\/kd\/veckobrev2015\/flyktingar.JPG\" width=\"800\" height=\"615\" \/><br \/>\nDet gamla frim\u00e4rket beh\u00f6ver inte kommenteras. Det r\u00e4cker kanske att meddela att kommunstyrelsen \u00e4r enig om att vi m\u00e5ste ordna fler platser f\u00f6r dem som flytt.<\/p>\n<p><i>Bengt Malm, ordf.<br \/>\n8 september 2015<\/i><\/p>\n","protected":false},"excerpt":{"rendered":"<p>Det gamla frim\u00e4rket beh\u00f6ver inte kommenteras. Det r\u00e4cker kanske att meddela att kommunstyrelsen \u00e4r enig om att vi m\u00e5ste ordna fler platser f\u00f6r dem som flytt. Bengt Malm, ordf. 8 september 2015<\/p>\n","protected":false},"author":793,"featured_media":0,"parent":0,"menu_order":0,"comment_status":"closed","ping_status":"closed","template":"","meta":{"_acf_changed":false,"footnotes":""},"class_list":["post-1545","page","type-page","status-publish","hentry"],"acf":[],"yoast_head":"<!-- This site is optimized with the Yoast SEO plugin v27.5 - https:\/\/yoast.com\/product\/yoast-seo-wordpress\/ -->\n<title>2015-09-08 Beh\u00f6vs det ord? - Kristdemokraterna i Ydre<\/title>\n<meta name=\"robots\" content=\"index, follow, max-snippet:-1, max-image-preview:large, max-video-preview:-1\" \/>\n<link rel=\"canonical\" href=\"https:\/\/wp.kristdemokraterna.se\/ydre\/2015-09-08-behovs-det-ord\/\" \/>\n<meta property=\"og:locale\" content=\"sv_SE\" \/>\n<meta property=\"og:type\" content=\"article\" \/>\n<meta property=\"og:title\" content=\"2015-09-08 Beh\u00f6vs det ord? - Kristdemokraterna i Ydre\" \/>\n<meta property=\"og:description\" content=\"Det gamla frim\u00e4rket beh\u00f6ver inte kommenteras. Det r\u00e4cker kanske att meddela att kommunstyrelsen \u00e4r enig om att vi m\u00e5ste ordna fler platser f\u00f6r dem som flytt. Bengt Malm, ordf. 8 september 2015\" \/>\n<meta property=\"og:url\" content=\"https:\/\/wp.kristdemokraterna.se\/ydre\/2015-09-08-behovs-det-ord\/\" \/>\n<meta property=\"og:site_name\" content=\"Kristdemokraterna i Ydre\" \/>\n<meta property=\"article:modified_time\" content=\"2018-08-11T16:15:39+00:00\" \/>\n<meta property=\"og:image\" content=\"http:\/\/ydrebo.se\/kd\/veckobrev2015\/flyktingar.JPG\" \/>\n<meta name=\"twitter:card\" content=\"summary_large_image\" \/>\n<script type=\"application\/ld+json\" class=\"yoast-schema-graph\">{\"@context\":\"https:\\\/\\\/schema.org\",\"@graph\":[{\"@type\":\"WebPage\",\"@id\":\"https:\\\/\\\/wp.kristdemokraterna.se\\\/ydre\\\/2015-09-08-behovs-det-ord\\\/\",\"url\":\"https:\\\/\\\/wp.kristdemokraterna.se\\\/ydre\\\/2015-09-08-behovs-det-ord\\\/\",\"name\":\"2015-09-08 Beh\u00f6vs det ord? - Kristdemokraterna i Ydre\",\"isPartOf\":{\"@id\":\"https:\\\/\\\/wp.kristdemokraterna.se\\\/ydre\\\/#website\"},\"primaryImageOfPage\":{\"@id\":\"https:\\\/\\\/wp.kristdemokraterna.se\\\/ydre\\\/2015-09-08-behovs-det-ord\\\/#primaryimage\"},\"image\":{\"@id\":\"https:\\\/\\\/wp.kristdemokraterna.se\\\/ydre\\\/2015-09-08-behovs-det-ord\\\/#primaryimage\"},\"thumbnailUrl\":\"http:\\\/\\\/ydrebo.se\\\/kd\\\/veckobrev2015\\\/flyktingar.JPG\",\"datePublished\":\"2018-08-11T16:15:20+00:00\",\"dateModified\":\"2018-08-11T16:15:39+00:00\",\"breadcrumb\":{\"@id\":\"https:\\\/\\\/wp.kristdemokraterna.se\\\/ydre\\\/2015-09-08-behovs-det-ord\\\/#breadcrumb\"},\"inLanguage\":\"sv-SE\",\"potentialAction\":[{\"@type\":\"ReadAction\",\"target\":[\"https:\\\/\\\/wp.kristdemokraterna.se\\\/ydre\\\/2015-09-08-behovs-det-ord\\\/\"]}]},{\"@type\":\"ImageObject\",\"inLanguage\":\"sv-SE\",\"@id\":\"https:\\\/\\\/wp.kristdemokraterna.se\\\/ydre\\\/2015-09-08-behovs-det-ord\\\/#primaryimage\",\"url\":\"http:\\\/\\\/ydrebo.se\\\/kd\\\/veckobrev2015\\\/flyktingar.JPG\",\"contentUrl\":\"http:\\\/\\\/ydrebo.se\\\/kd\\\/veckobrev2015\\\/flyktingar.JPG\"},{\"@type\":\"BreadcrumbList\",\"@id\":\"https:\\\/\\\/wp.kristdemokraterna.se\\\/ydre\\\/2015-09-08-behovs-det-ord\\\/#breadcrumb\",\"itemListElement\":[{\"@type\":\"ListItem\",\"position\":1,\"name\":\"Hem\",\"item\":\"https:\\\/\\\/wp.kristdemokraterna.se\\\/ydre\\\/\"},{\"@type\":\"ListItem\",\"position\":2,\"name\":\"2015-09-08 Beh\u00f6vs det ord?\"}]},{\"@type\":\"WebSite\",\"@id\":\"https:\\\/\\\/wp.kristdemokraterna.se\\\/ydre\\\/#website\",\"url\":\"https:\\\/\\\/wp.kristdemokraterna.se\\\/ydre\\\/\",\"name\":\"Kristdemokraterna i Ydre\",\"description\":\"En till Kristdemokraterna webbplats\",\"inLanguage\":\"sv-SE\"}]}<\/script>\n<!-- \/ Yoast SEO plugin. -->","yoast_head_json":{"title":"2015-09-08 Beh\u00f6vs det ord? - Kristdemokraterna i Ydre","robots":{"index":"index","follow":"follow","max-snippet":"max-snippet:-1","max-image-preview":"max-image-preview:large","max-video-preview":"max-video-preview:-1"},"canonical":"https:\/\/wp.kristdemokraterna.se\/ydre\/2015-09-08-behovs-det-ord\/","og_locale":"sv_SE","og_type":"article","og_title":"2015-09-08 Beh\u00f6vs det ord? - Kristdemokraterna i Ydre","og_description":"Det gamla frim\u00e4rket beh\u00f6ver inte kommenteras. Det r\u00e4cker kanske att meddela att kommunstyrelsen \u00e4r enig om att vi m\u00e5ste ordna fler platser f\u00f6r dem som flytt. Bengt Malm, ordf. 8 september 2015","og_url":"https:\/\/wp.kristdemokraterna.se\/ydre\/2015-09-08-behovs-det-ord\/","og_site_name":"Kristdemokraterna i Ydre","article_modified_time":"2018-08-11T16:15:39+00:00","og_image":[{"url":"http:\/\/ydrebo.se\/kd\/veckobrev2015\/flyktingar.JPG","type":"","width":"","height":""}],"twitter_card":"summary_large_image","schema":{"@context":"https:\/\/schema.org","@graph":[{"@type":"WebPage","@id":"https:\/\/wp.kristdemokraterna.se\/ydre\/2015-09-08-behovs-det-ord\/","url":"https:\/\/wp.kristdemokraterna.se\/ydre\/2015-09-08-behovs-det-ord\/","name":"2015-09-08 Beh\u00f6vs det ord? - Kristdemokraterna i Ydre","isPartOf":{"@id":"https:\/\/wp.kristdemokraterna.se\/ydre\/#website"},"primaryImageOfPage":{"@id":"https:\/\/wp.kristdemokraterna.se\/ydre\/2015-09-08-behovs-det-ord\/#primaryimage"},"image":{"@id":"https:\/\/wp.kristdemokraterna.se\/ydre\/2015-09-08-behovs-det-ord\/#primaryimage"},"thumbnailUrl":"http:\/\/ydrebo.se\/kd\/veckobrev2015\/flyktingar.JPG","datePublished":"2018-08-11T16:15:20+00:00","dateModified":"2018-08-11T16:15:39+00:00","breadcrumb":{"@id":"https:\/\/wp.kristdemokraterna.se\/ydre\/2015-09-08-behovs-det-ord\/#breadcrumb"},"inLanguage":"sv-SE","potentialAction":[{"@type":"ReadAction","target":["https:\/\/wp.kristdemokraterna.se\/ydre\/2015-09-08-behovs-det-ord\/"]}]},{"@type":"ImageObject","inLanguage":"sv-SE","@id":"https:\/\/wp.kristdemokraterna.se\/ydre\/2015-09-08-behovs-det-ord\/#primaryimage","url":"http:\/\/ydrebo.se\/kd\/veckobrev2015\/flyktingar.JPG","contentUrl":"http:\/\/ydrebo.se\/kd\/veckobrev2015\/flyktingar.JPG"},{"@type":"BreadcrumbList","@id":"https:\/\/wp.kristdemokraterna.se\/ydre\/2015-09-08-behovs-det-ord\/#breadcrumb","itemListElement":[{"@type":"ListItem","position":1,"name":"Hem","item":"https:\/\/wp.kristdemokraterna.se\/ydre\/"},{"@type":"ListItem","position":2,"name":"2015-09-08 Beh\u00f6vs det ord?"}]},{"@type":"WebSite","@id":"https:\/\/wp.kristdemokraterna.se\/ydre\/#website","url":"https:\/\/wp.kristdemokraterna.se\/ydre\/","name":"Kristdemokraterna i Ydre","description":"En till Kristdemokraterna webbplats","inLanguage":"sv-SE"}]}},"_links":{"self":[{"href":"https:\/\/wp.kristdemokraterna.se\/ydre\/wp-json\/wp\/v2\/pages\/1545","targetHints":{"allow":["GET"]}}],"collection":[{"href":"https:\/\/wp.kristdemokraterna.se\/ydre\/wp-json\/wp\/v2\/pages"}],"about":[{"href":"https:\/\/wp.kristdemokraterna.se\/ydre\/wp-json\/wp\/v2\/types\/page"}],"author":[{"embeddable":true,"href":"https:\/\/wp.kristdemokraterna.se\/ydre\/wp-json\/wp\/v2\/users\/793"}],"replies":[{"embeddable":true,"href":"https:\/\/wp.kristdemokraterna.se\/ydre\/wp-json\/wp\/v2\/comments?post=1545"}],"version-history":[{"count":2,"href":"https:\/\/wp.kristdemokraterna.se\/ydre\/wp-json\/wp\/v2\/pages\/1545\/revisions"}],"predecessor-version":[{"id":1547,"href":"https:\/\/wp.kristdemokraterna.se\/ydre\/wp-json\/wp\/v2\/pages\/1545\/revisions\/1547"}],"wp:attachment":[{"href":"https:\/\/wp.kristdemokraterna.se\/ydre\/wp-json\/wp\/v2\/media?parent=1545"}],"curies":[{"name":"wp","href":"https:\/\/api.w.org\/{rel}","templated":true}]}}