{"id":1549,"date":"2018-08-11T18:16:57","date_gmt":"2018-08-11T16:16:57","guid":{"rendered":"http:\/\/wp.kristdemokraterna.se\/ydre\/?page_id=1549"},"modified":"2018-08-11T18:17:15","modified_gmt":"2018-08-11T16:17:15","slug":"2015-09-17-det-varas-for-ydre","status":"publish","type":"page","link":"https:\/\/wp.kristdemokraterna.se\/ydre\/2015-09-17-det-varas-for-ydre\/","title":{"rendered":"2015-09-17 Det v\u00e5ras f\u00f6r Ydre"},"content":{"rendered":"<p><img loading=\"lazy\" decoding=\"async\" src=\"http:\/\/ydrebo.se\/kd\/veckobrev2015\/ukreda3.JPG\" width=\"600\" height=\"450\" \/><br \/>\nMedan h\u00f6stdagj\u00e4mningen n\u00e4rmar sig kommer en del goda nyheter f\u00f6r Ydre. Visst \u00e4r det en omv\u00e4xling!<br \/>\nEkonomin \u00e4r b\u00e4ttre. Det ser f\u00f6r en g\u00e5ngs skull ut att bli ett litet \u00f6verskott i kassan. Mycket beror p\u00e5 en f\u00f6r\u00e4ndrad skatteutj\u00e4mning mellan Sveriges kommuner.<br \/>\nYdres skolor h\u00f6r till de allra b\u00e4sta i landet \u00e4ven om det finns en del problem. En arbetsgrupp skall titta n\u00e4rmare p\u00e5 detta.<br \/>\nF\u00f6retagsklimatet har blivit mycket b\u00e4ttre. Det som \u00e4nd\u00e5 drar ner \u00e4r mest s\u00e5dant vi har sv\u00e5rt att g\u00f6ra n\u00e5got \u00e5t. Kommunikationerna och v\u00e4garna h\u00f6r n\u00e4mligen till de s\u00e4msta i landet. Och telefonm\u00f6jligheterna \u00e4r inte mycket b\u00e4ttre.<br \/>\nFolkm\u00e4ngden minskar inte l\u00e4ngre. Det finns ett stort intresse av att bygga nytt utanf\u00f6r Torpa kyrkby p\u00e5 Dalbylandet.<br \/>\nMen det finns bekymmer. De sociala problemen har \u00f6kat starkt. Och det \u00e4r sv\u00e5rt b\u00e5de f\u00f6r kommunen och f\u00f6retagen att f\u00e5 kompetenta medarbetare.<br \/>\nEtt besv\u00e4rligt st\u00e4llningstagande n\u00e4rmar sig. Vad skall vi g\u00f6ra med V\u00e4rdshuset? Skall det arrenderas ut till kraftigt rabatterad hyra? Och hur sl\u00e5r det mot andra n\u00e4ringsidkare (dvs serveringar)? Den fr\u00e5gan m\u00e5ste kommunfullm\u00e4ktige st\u00e4lla sig vid n\u00e4sta sammantr\u00e4de. Vad anser Ydres v\u00e4ljare? Och vad \u00e4r r\u00e4tt och r\u00e4ttvist?<\/p>\n<p><i>Bengt Malm, ordf.<br \/>\n17 september 2015<\/i><\/p>\n","protected":false},"excerpt":{"rendered":"<p>Medan h\u00f6stdagj\u00e4mningen n\u00e4rmar sig kommer en del goda nyheter f\u00f6r Ydre. Visst \u00e4r det en omv\u00e4xling! Ekonomin \u00e4r b\u00e4ttre. Det ser f\u00f6r en g\u00e5ngs skull ut att bli ett litet \u00f6verskott i kassan. Mycket beror p\u00e5 en f\u00f6r\u00e4ndrad skatteutj\u00e4mning mellan Sveriges kommuner. Ydres skolor h\u00f6r till de allra b\u00e4sta i landet \u00e4ven om det finns <a class=\"read-more-link\" href=\"https:\/\/wp.kristdemokraterna.se\/ydre\/2015-09-17-det-varas-for-ydre\/\">L\u00e4s mer<\/a><\/p>\n","protected":false},"author":793,"featured_media":0,"parent":0,"menu_order":0,"comment_status":"closed","ping_status":"closed","template":"","meta":{"_acf_changed":false,"footnotes":""},"class_list":["post-1549","page","type-page","status-publish","hentry"],"acf":[],"yoast_head":"<!-- This site is optimized with the Yoast SEO plugin v27.5 - https:\/\/yoast.com\/product\/yoast-seo-wordpress\/ -->\n<title>2015-09-17 Det v\u00e5ras f\u00f6r Ydre - Kristdemokraterna i Ydre<\/title>\n<meta name=\"robots\" content=\"index, follow, max-snippet:-1, max-image-preview:large, max-video-preview:-1\" \/>\n<link rel=\"canonical\" href=\"https:\/\/wp.kristdemokraterna.se\/ydre\/2015-09-17-det-varas-for-ydre\/\" \/>\n<meta property=\"og:locale\" content=\"sv_SE\" \/>\n<meta property=\"og:type\" content=\"article\" \/>\n<meta property=\"og:title\" content=\"2015-09-17 Det v\u00e5ras f\u00f6r Ydre - Kristdemokraterna i Ydre\" \/>\n<meta property=\"og:description\" content=\"Medan h\u00f6stdagj\u00e4mningen n\u00e4rmar sig kommer en del goda nyheter f\u00f6r Ydre. Visst \u00e4r det en omv\u00e4xling! Ekonomin \u00e4r b\u00e4ttre. Det ser f\u00f6r en g\u00e5ngs skull ut att bli ett litet \u00f6verskott i kassan. Mycket beror p\u00e5 en f\u00f6r\u00e4ndrad skatteutj\u00e4mning mellan Sveriges kommuner. Ydres skolor h\u00f6r till de allra b\u00e4sta i landet \u00e4ven om det finns L\u00e4s mer\" \/>\n<meta property=\"og:url\" content=\"https:\/\/wp.kristdemokraterna.se\/ydre\/2015-09-17-det-varas-for-ydre\/\" \/>\n<meta property=\"og:site_name\" content=\"Kristdemokraterna i Ydre\" \/>\n<meta property=\"article:modified_time\" content=\"2018-08-11T16:17:15+00:00\" \/>\n<meta property=\"og:image\" content=\"http:\/\/ydrebo.se\/kd\/veckobrev2015\/ukreda3.JPG\" \/>\n<meta name=\"twitter:card\" content=\"summary_large_image\" \/>\n<meta name=\"twitter:label1\" content=\"Ber\u00e4knad l\u00e4stid\" \/>\n\t<meta name=\"twitter:data1\" content=\"1 minut\" \/>\n<script type=\"application\/ld+json\" class=\"yoast-schema-graph\">{\"@context\":\"https:\\\/\\\/schema.org\",\"@graph\":[{\"@type\":\"WebPage\",\"@id\":\"https:\\\/\\\/wp.kristdemokraterna.se\\\/ydre\\\/2015-09-17-det-varas-for-ydre\\\/\",\"url\":\"https:\\\/\\\/wp.kristdemokraterna.se\\\/ydre\\\/2015-09-17-det-varas-for-ydre\\\/\",\"name\":\"2015-09-17 Det v\u00e5ras f\u00f6r Ydre - Kristdemokraterna i Ydre\",\"isPartOf\":{\"@id\":\"https:\\\/\\\/wp.kristdemokraterna.se\\\/ydre\\\/#website\"},\"primaryImageOfPage\":{\"@id\":\"https:\\\/\\\/wp.kristdemokraterna.se\\\/ydre\\\/2015-09-17-det-varas-for-ydre\\\/#primaryimage\"},\"image\":{\"@id\":\"https:\\\/\\\/wp.kristdemokraterna.se\\\/ydre\\\/2015-09-17-det-varas-for-ydre\\\/#primaryimage\"},\"thumbnailUrl\":\"http:\\\/\\\/ydrebo.se\\\/kd\\\/veckobrev2015\\\/ukreda3.JPG\",\"datePublished\":\"2018-08-11T16:16:57+00:00\",\"dateModified\":\"2018-08-11T16:17:15+00:00\",\"breadcrumb\":{\"@id\":\"https:\\\/\\\/wp.kristdemokraterna.se\\\/ydre\\\/2015-09-17-det-varas-for-ydre\\\/#breadcrumb\"},\"inLanguage\":\"sv-SE\",\"potentialAction\":[{\"@type\":\"ReadAction\",\"target\":[\"https:\\\/\\\/wp.kristdemokraterna.se\\\/ydre\\\/2015-09-17-det-varas-for-ydre\\\/\"]}]},{\"@type\":\"ImageObject\",\"inLanguage\":\"sv-SE\",\"@id\":\"https:\\\/\\\/wp.kristdemokraterna.se\\\/ydre\\\/2015-09-17-det-varas-for-ydre\\\/#primaryimage\",\"url\":\"http:\\\/\\\/ydrebo.se\\\/kd\\\/veckobrev2015\\\/ukreda3.JPG\",\"contentUrl\":\"http:\\\/\\\/ydrebo.se\\\/kd\\\/veckobrev2015\\\/ukreda3.JPG\"},{\"@type\":\"BreadcrumbList\",\"@id\":\"https:\\\/\\\/wp.kristdemokraterna.se\\\/ydre\\\/2015-09-17-det-varas-for-ydre\\\/#breadcrumb\",\"itemListElement\":[{\"@type\":\"ListItem\",\"position\":1,\"name\":\"Hem\",\"item\":\"https:\\\/\\\/wp.kristdemokraterna.se\\\/ydre\\\/\"},{\"@type\":\"ListItem\",\"position\":2,\"name\":\"2015-09-17 Det v\u00e5ras f\u00f6r Ydre\"}]},{\"@type\":\"WebSite\",\"@id\":\"https:\\\/\\\/wp.kristdemokraterna.se\\\/ydre\\\/#website\",\"url\":\"https:\\\/\\\/wp.kristdemokraterna.se\\\/ydre\\\/\",\"name\":\"Kristdemokraterna i Ydre\",\"description\":\"En till Kristdemokraterna webbplats\",\"inLanguage\":\"sv-SE\"}]}<\/script>\n<!-- \/ Yoast SEO plugin. -->","yoast_head_json":{"title":"2015-09-17 Det v\u00e5ras f\u00f6r Ydre - Kristdemokraterna i Ydre","robots":{"index":"index","follow":"follow","max-snippet":"max-snippet:-1","max-image-preview":"max-image-preview:large","max-video-preview":"max-video-preview:-1"},"canonical":"https:\/\/wp.kristdemokraterna.se\/ydre\/2015-09-17-det-varas-for-ydre\/","og_locale":"sv_SE","og_type":"article","og_title":"2015-09-17 Det v\u00e5ras f\u00f6r Ydre - Kristdemokraterna i Ydre","og_description":"Medan h\u00f6stdagj\u00e4mningen n\u00e4rmar sig kommer en del goda nyheter f\u00f6r Ydre. Visst \u00e4r det en omv\u00e4xling! Ekonomin \u00e4r b\u00e4ttre. Det ser f\u00f6r en g\u00e5ngs skull ut att bli ett litet \u00f6verskott i kassan. Mycket beror p\u00e5 en f\u00f6r\u00e4ndrad skatteutj\u00e4mning mellan Sveriges kommuner. Ydres skolor h\u00f6r till de allra b\u00e4sta i landet \u00e4ven om det finns L\u00e4s mer","og_url":"https:\/\/wp.kristdemokraterna.se\/ydre\/2015-09-17-det-varas-for-ydre\/","og_site_name":"Kristdemokraterna i Ydre","article_modified_time":"2018-08-11T16:17:15+00:00","og_image":[{"url":"http:\/\/ydrebo.se\/kd\/veckobrev2015\/ukreda3.JPG","type":"","width":"","height":""}],"twitter_card":"summary_large_image","twitter_misc":{"Ber\u00e4knad l\u00e4stid":"1 minut"},"schema":{"@context":"https:\/\/schema.org","@graph":[{"@type":"WebPage","@id":"https:\/\/wp.kristdemokraterna.se\/ydre\/2015-09-17-det-varas-for-ydre\/","url":"https:\/\/wp.kristdemokraterna.se\/ydre\/2015-09-17-det-varas-for-ydre\/","name":"2015-09-17 Det v\u00e5ras f\u00f6r Ydre - Kristdemokraterna i Ydre","isPartOf":{"@id":"https:\/\/wp.kristdemokraterna.se\/ydre\/#website"},"primaryImageOfPage":{"@id":"https:\/\/wp.kristdemokraterna.se\/ydre\/2015-09-17-det-varas-for-ydre\/#primaryimage"},"image":{"@id":"https:\/\/wp.kristdemokraterna.se\/ydre\/2015-09-17-det-varas-for-ydre\/#primaryimage"},"thumbnailUrl":"http:\/\/ydrebo.se\/kd\/veckobrev2015\/ukreda3.JPG","datePublished":"2018-08-11T16:16:57+00:00","dateModified":"2018-08-11T16:17:15+00:00","breadcrumb":{"@id":"https:\/\/wp.kristdemokraterna.se\/ydre\/2015-09-17-det-varas-for-ydre\/#breadcrumb"},"inLanguage":"sv-SE","potentialAction":[{"@type":"ReadAction","target":["https:\/\/wp.kristdemokraterna.se\/ydre\/2015-09-17-det-varas-for-ydre\/"]}]},{"@type":"ImageObject","inLanguage":"sv-SE","@id":"https:\/\/wp.kristdemokraterna.se\/ydre\/2015-09-17-det-varas-for-ydre\/#primaryimage","url":"http:\/\/ydrebo.se\/kd\/veckobrev2015\/ukreda3.JPG","contentUrl":"http:\/\/ydrebo.se\/kd\/veckobrev2015\/ukreda3.JPG"},{"@type":"BreadcrumbList","@id":"https:\/\/wp.kristdemokraterna.se\/ydre\/2015-09-17-det-varas-for-ydre\/#breadcrumb","itemListElement":[{"@type":"ListItem","position":1,"name":"Hem","item":"https:\/\/wp.kristdemokraterna.se\/ydre\/"},{"@type":"ListItem","position":2,"name":"2015-09-17 Det v\u00e5ras f\u00f6r Ydre"}]},{"@type":"WebSite","@id":"https:\/\/wp.kristdemokraterna.se\/ydre\/#website","url":"https:\/\/wp.kristdemokraterna.se\/ydre\/","name":"Kristdemokraterna i Ydre","description":"En till Kristdemokraterna webbplats","inLanguage":"sv-SE"}]}},"_links":{"self":[{"href":"https:\/\/wp.kristdemokraterna.se\/ydre\/wp-json\/wp\/v2\/pages\/1549","targetHints":{"allow":["GET"]}}],"collection":[{"href":"https:\/\/wp.kristdemokraterna.se\/ydre\/wp-json\/wp\/v2\/pages"}],"about":[{"href":"https:\/\/wp.kristdemokraterna.se\/ydre\/wp-json\/wp\/v2\/types\/page"}],"author":[{"embeddable":true,"href":"https:\/\/wp.kristdemokraterna.se\/ydre\/wp-json\/wp\/v2\/users\/793"}],"replies":[{"embeddable":true,"href":"https:\/\/wp.kristdemokraterna.se\/ydre\/wp-json\/wp\/v2\/comments?post=1549"}],"version-history":[{"count":2,"href":"https:\/\/wp.kristdemokraterna.se\/ydre\/wp-json\/wp\/v2\/pages\/1549\/revisions"}],"predecessor-version":[{"id":1551,"href":"https:\/\/wp.kristdemokraterna.se\/ydre\/wp-json\/wp\/v2\/pages\/1549\/revisions\/1551"}],"wp:attachment":[{"href":"https:\/\/wp.kristdemokraterna.se\/ydre\/wp-json\/wp\/v2\/media?parent=1549"}],"curies":[{"name":"wp","href":"https:\/\/api.w.org\/{rel}","templated":true}]}}