{"id":1553,"date":"2018-08-11T18:19:15","date_gmt":"2018-08-11T16:19:15","guid":{"rendered":"http:\/\/wp.kristdemokraterna.se\/ydre\/?page_id=1553"},"modified":"2018-08-11T18:19:54","modified_gmt":"2018-08-11T16:19:54","slug":"2015-09-23-att-komma-till-ydre-ar-att-komma-hem","status":"publish","type":"page","link":"https:\/\/wp.kristdemokraterna.se\/ydre\/2015-09-23-att-komma-till-ydre-ar-att-komma-hem\/","title":{"rendered":"2015-09-23 Att komma till Ydre \u00e4r att komma hem"},"content":{"rendered":"<p><img loading=\"lazy\" decoding=\"async\" src=\"http:\/\/ydrebo.se\/kd\/veckobrev\/vassviksberget.JPG\" width=\"600\" height=\"450\" \/><br \/>\n<i>Att vara i Ydre \u00e4r att vara hemma.<\/p>\n<p><\/i>Javisst \u00e4r det s\u00e5! Var kan man f\u00e5 en b\u00e4ttre hemk\u00e4nsla? Naturen, kulturen och m\u00e4nniskorna &#8211; alltsammans samverkar till att skapa denna s\u00e4rskilda k\u00e4nsla av att h\u00e4r vill man framleva sina dagar.<br \/>\nDetta skall vi vara r\u00e4dda om. Vi skall vara r\u00e4dda om allt det som \u00e4r Ydre. Vi skall ocks\u00e5 vara r\u00e4dda om den v\u00e4lkomnande atmosf\u00e4ren.<\/p>\n<p><img loading=\"lazy\" decoding=\"async\" src=\"http:\/\/ydrebo.se\/kd\/veckobrev2015\/ydrekollage1.jpg\" width=\"600\" height=\"480\" \/><br \/>\n<i>Hemma hos oss.<\/p>\n<p><\/i>Tyv\u00e4rr finns det \u00e4ven i Ydre de som ifr\u00e5gas\u00e4tter dem som flytt hit. Jag kan inte f\u00f6rst\u00e5 dem. \u00c4r vi som n\u00e5gon g\u00e5ng flytt undan krig s\u00e4mre m\u00e4nniskor? Kan vi inte tillf\u00f6ra n\u00e5got?<br \/>\nH\u00e4romdagen var det ett stort m\u00f6te om integration i Ydreskolans aula. Kommunalr\u00e5den var d\u00e4r liksom flera andra politiker och flera av de fr\u00e4msta tj\u00e4nstem\u00e4nnen. Av civilsamh\u00e4llets organisationer var framf\u00f6r allt kyrkorna v\u00e4l representerade.<br \/>\nEn av deltagarna framh\u00f6ll att v\u00e5ra nya grannar inte bara skall l\u00e4ra av oss. De har sj\u00e4lva mycket att bidra med. Det \u00e4r naturligtvis sant! D\u00e4rf\u00f6r skall de vara v\u00e4lkomna. Och frmaf\u00f6r allt skall de vara v\u00e4lkomna f\u00f6r att de \u00e4r m\u00e4nniskor.<\/p>\n<p><img loading=\"lazy\" decoding=\"async\" src=\"http:\/\/ydrebo.se\/kd\/veckobrev\/kronika140724\/torget.JPG\" width=\"600\" height=\"450\" \/><br \/>\n<i>Att komma till Ydre skall vara att komma hem.<\/p>\n<p><\/i><i>Bengt Malm, ordf.<br \/>\n23 september 2015<\/i><\/p>\n","protected":false},"excerpt":{"rendered":"<p>Att vara i Ydre \u00e4r att vara hemma. Javisst \u00e4r det s\u00e5! Var kan man f\u00e5 en b\u00e4ttre hemk\u00e4nsla? Naturen, kulturen och m\u00e4nniskorna &#8211; alltsammans samverkar till att skapa denna s\u00e4rskilda k\u00e4nsla av att h\u00e4r vill man framleva sina dagar. Detta skall vi vara r\u00e4dda om. Vi skall vara r\u00e4dda om allt det som \u00e4r <a class=\"read-more-link\" href=\"https:\/\/wp.kristdemokraterna.se\/ydre\/2015-09-23-att-komma-till-ydre-ar-att-komma-hem\/\">L\u00e4s mer<\/a><\/p>\n","protected":false},"author":793,"featured_media":0,"parent":0,"menu_order":0,"comment_status":"closed","ping_status":"closed","template":"","meta":{"_acf_changed":false,"footnotes":""},"class_list":["post-1553","page","type-page","status-publish","hentry"],"acf":[],"yoast_head":"<!-- This site is optimized with the Yoast SEO plugin v27.5 - https:\/\/yoast.com\/product\/yoast-seo-wordpress\/ -->\n<title>2015-09-23 Att komma till Ydre \u00e4r att komma hem - Kristdemokraterna i Ydre<\/title>\n<meta name=\"robots\" content=\"index, follow, max-snippet:-1, max-image-preview:large, max-video-preview:-1\" \/>\n<link rel=\"canonical\" href=\"https:\/\/wp.kristdemokraterna.se\/ydre\/2015-09-23-att-komma-till-ydre-ar-att-komma-hem\/\" \/>\n<meta property=\"og:locale\" content=\"sv_SE\" \/>\n<meta property=\"og:type\" content=\"article\" \/>\n<meta property=\"og:title\" content=\"2015-09-23 Att komma till Ydre \u00e4r att komma hem - Kristdemokraterna i Ydre\" \/>\n<meta property=\"og:description\" content=\"Att vara i Ydre \u00e4r att vara hemma. Javisst \u00e4r det s\u00e5! Var kan man f\u00e5 en b\u00e4ttre hemk\u00e4nsla? Naturen, kulturen och m\u00e4nniskorna &#8211; alltsammans samverkar till att skapa denna s\u00e4rskilda k\u00e4nsla av att h\u00e4r vill man framleva sina dagar. Detta skall vi vara r\u00e4dda om. Vi skall vara r\u00e4dda om allt det som \u00e4r L\u00e4s mer\" \/>\n<meta property=\"og:url\" content=\"https:\/\/wp.kristdemokraterna.se\/ydre\/2015-09-23-att-komma-till-ydre-ar-att-komma-hem\/\" \/>\n<meta property=\"og:site_name\" content=\"Kristdemokraterna i Ydre\" \/>\n<meta property=\"article:modified_time\" content=\"2018-08-11T16:19:54+00:00\" \/>\n<meta property=\"og:image\" content=\"http:\/\/ydrebo.se\/kd\/veckobrev\/vassviksberget.JPG\" \/>\n<meta name=\"twitter:card\" content=\"summary_large_image\" \/>\n<meta name=\"twitter:label1\" content=\"Ber\u00e4knad l\u00e4stid\" \/>\n\t<meta name=\"twitter:data1\" content=\"1 minut\" \/>\n<script type=\"application\/ld+json\" class=\"yoast-schema-graph\">{\"@context\":\"https:\\\/\\\/schema.org\",\"@graph\":[{\"@type\":\"WebPage\",\"@id\":\"https:\\\/\\\/wp.kristdemokraterna.se\\\/ydre\\\/2015-09-23-att-komma-till-ydre-ar-att-komma-hem\\\/\",\"url\":\"https:\\\/\\\/wp.kristdemokraterna.se\\\/ydre\\\/2015-09-23-att-komma-till-ydre-ar-att-komma-hem\\\/\",\"name\":\"2015-09-23 Att komma till Ydre \u00e4r att komma hem - Kristdemokraterna i Ydre\",\"isPartOf\":{\"@id\":\"https:\\\/\\\/wp.kristdemokraterna.se\\\/ydre\\\/#website\"},\"primaryImageOfPage\":{\"@id\":\"https:\\\/\\\/wp.kristdemokraterna.se\\\/ydre\\\/2015-09-23-att-komma-till-ydre-ar-att-komma-hem\\\/#primaryimage\"},\"image\":{\"@id\":\"https:\\\/\\\/wp.kristdemokraterna.se\\\/ydre\\\/2015-09-23-att-komma-till-ydre-ar-att-komma-hem\\\/#primaryimage\"},\"thumbnailUrl\":\"http:\\\/\\\/ydrebo.se\\\/kd\\\/veckobrev\\\/vassviksberget.JPG\",\"datePublished\":\"2018-08-11T16:19:15+00:00\",\"dateModified\":\"2018-08-11T16:19:54+00:00\",\"breadcrumb\":{\"@id\":\"https:\\\/\\\/wp.kristdemokraterna.se\\\/ydre\\\/2015-09-23-att-komma-till-ydre-ar-att-komma-hem\\\/#breadcrumb\"},\"inLanguage\":\"sv-SE\",\"potentialAction\":[{\"@type\":\"ReadAction\",\"target\":[\"https:\\\/\\\/wp.kristdemokraterna.se\\\/ydre\\\/2015-09-23-att-komma-till-ydre-ar-att-komma-hem\\\/\"]}]},{\"@type\":\"ImageObject\",\"inLanguage\":\"sv-SE\",\"@id\":\"https:\\\/\\\/wp.kristdemokraterna.se\\\/ydre\\\/2015-09-23-att-komma-till-ydre-ar-att-komma-hem\\\/#primaryimage\",\"url\":\"http:\\\/\\\/ydrebo.se\\\/kd\\\/veckobrev\\\/vassviksberget.JPG\",\"contentUrl\":\"http:\\\/\\\/ydrebo.se\\\/kd\\\/veckobrev\\\/vassviksberget.JPG\"},{\"@type\":\"BreadcrumbList\",\"@id\":\"https:\\\/\\\/wp.kristdemokraterna.se\\\/ydre\\\/2015-09-23-att-komma-till-ydre-ar-att-komma-hem\\\/#breadcrumb\",\"itemListElement\":[{\"@type\":\"ListItem\",\"position\":1,\"name\":\"Hem\",\"item\":\"https:\\\/\\\/wp.kristdemokraterna.se\\\/ydre\\\/\"},{\"@type\":\"ListItem\",\"position\":2,\"name\":\"2015-09-23 Att komma till Ydre \u00e4r att komma hem\"}]},{\"@type\":\"WebSite\",\"@id\":\"https:\\\/\\\/wp.kristdemokraterna.se\\\/ydre\\\/#website\",\"url\":\"https:\\\/\\\/wp.kristdemokraterna.se\\\/ydre\\\/\",\"name\":\"Kristdemokraterna i Ydre\",\"description\":\"En till Kristdemokraterna webbplats\",\"inLanguage\":\"sv-SE\"}]}<\/script>\n<!-- \/ Yoast SEO plugin. -->","yoast_head_json":{"title":"2015-09-23 Att komma till Ydre \u00e4r att komma hem - Kristdemokraterna i Ydre","robots":{"index":"index","follow":"follow","max-snippet":"max-snippet:-1","max-image-preview":"max-image-preview:large","max-video-preview":"max-video-preview:-1"},"canonical":"https:\/\/wp.kristdemokraterna.se\/ydre\/2015-09-23-att-komma-till-ydre-ar-att-komma-hem\/","og_locale":"sv_SE","og_type":"article","og_title":"2015-09-23 Att komma till Ydre \u00e4r att komma hem - Kristdemokraterna i Ydre","og_description":"Att vara i Ydre \u00e4r att vara hemma. Javisst \u00e4r det s\u00e5! Var kan man f\u00e5 en b\u00e4ttre hemk\u00e4nsla? Naturen, kulturen och m\u00e4nniskorna &#8211; alltsammans samverkar till att skapa denna s\u00e4rskilda k\u00e4nsla av att h\u00e4r vill man framleva sina dagar. Detta skall vi vara r\u00e4dda om. Vi skall vara r\u00e4dda om allt det som \u00e4r L\u00e4s mer","og_url":"https:\/\/wp.kristdemokraterna.se\/ydre\/2015-09-23-att-komma-till-ydre-ar-att-komma-hem\/","og_site_name":"Kristdemokraterna i Ydre","article_modified_time":"2018-08-11T16:19:54+00:00","og_image":[{"url":"http:\/\/ydrebo.se\/kd\/veckobrev\/vassviksberget.JPG","type":"","width":"","height":""}],"twitter_card":"summary_large_image","twitter_misc":{"Ber\u00e4knad l\u00e4stid":"1 minut"},"schema":{"@context":"https:\/\/schema.org","@graph":[{"@type":"WebPage","@id":"https:\/\/wp.kristdemokraterna.se\/ydre\/2015-09-23-att-komma-till-ydre-ar-att-komma-hem\/","url":"https:\/\/wp.kristdemokraterna.se\/ydre\/2015-09-23-att-komma-till-ydre-ar-att-komma-hem\/","name":"2015-09-23 Att komma till Ydre \u00e4r att komma hem - Kristdemokraterna i Ydre","isPartOf":{"@id":"https:\/\/wp.kristdemokraterna.se\/ydre\/#website"},"primaryImageOfPage":{"@id":"https:\/\/wp.kristdemokraterna.se\/ydre\/2015-09-23-att-komma-till-ydre-ar-att-komma-hem\/#primaryimage"},"image":{"@id":"https:\/\/wp.kristdemokraterna.se\/ydre\/2015-09-23-att-komma-till-ydre-ar-att-komma-hem\/#primaryimage"},"thumbnailUrl":"http:\/\/ydrebo.se\/kd\/veckobrev\/vassviksberget.JPG","datePublished":"2018-08-11T16:19:15+00:00","dateModified":"2018-08-11T16:19:54+00:00","breadcrumb":{"@id":"https:\/\/wp.kristdemokraterna.se\/ydre\/2015-09-23-att-komma-till-ydre-ar-att-komma-hem\/#breadcrumb"},"inLanguage":"sv-SE","potentialAction":[{"@type":"ReadAction","target":["https:\/\/wp.kristdemokraterna.se\/ydre\/2015-09-23-att-komma-till-ydre-ar-att-komma-hem\/"]}]},{"@type":"ImageObject","inLanguage":"sv-SE","@id":"https:\/\/wp.kristdemokraterna.se\/ydre\/2015-09-23-att-komma-till-ydre-ar-att-komma-hem\/#primaryimage","url":"http:\/\/ydrebo.se\/kd\/veckobrev\/vassviksberget.JPG","contentUrl":"http:\/\/ydrebo.se\/kd\/veckobrev\/vassviksberget.JPG"},{"@type":"BreadcrumbList","@id":"https:\/\/wp.kristdemokraterna.se\/ydre\/2015-09-23-att-komma-till-ydre-ar-att-komma-hem\/#breadcrumb","itemListElement":[{"@type":"ListItem","position":1,"name":"Hem","item":"https:\/\/wp.kristdemokraterna.se\/ydre\/"},{"@type":"ListItem","position":2,"name":"2015-09-23 Att komma till Ydre \u00e4r att komma hem"}]},{"@type":"WebSite","@id":"https:\/\/wp.kristdemokraterna.se\/ydre\/#website","url":"https:\/\/wp.kristdemokraterna.se\/ydre\/","name":"Kristdemokraterna i Ydre","description":"En till Kristdemokraterna webbplats","inLanguage":"sv-SE"}]}},"_links":{"self":[{"href":"https:\/\/wp.kristdemokraterna.se\/ydre\/wp-json\/wp\/v2\/pages\/1553","targetHints":{"allow":["GET"]}}],"collection":[{"href":"https:\/\/wp.kristdemokraterna.se\/ydre\/wp-json\/wp\/v2\/pages"}],"about":[{"href":"https:\/\/wp.kristdemokraterna.se\/ydre\/wp-json\/wp\/v2\/types\/page"}],"author":[{"embeddable":true,"href":"https:\/\/wp.kristdemokraterna.se\/ydre\/wp-json\/wp\/v2\/users\/793"}],"replies":[{"embeddable":true,"href":"https:\/\/wp.kristdemokraterna.se\/ydre\/wp-json\/wp\/v2\/comments?post=1553"}],"version-history":[{"count":2,"href":"https:\/\/wp.kristdemokraterna.se\/ydre\/wp-json\/wp\/v2\/pages\/1553\/revisions"}],"predecessor-version":[{"id":1555,"href":"https:\/\/wp.kristdemokraterna.se\/ydre\/wp-json\/wp\/v2\/pages\/1553\/revisions\/1555"}],"wp:attachment":[{"href":"https:\/\/wp.kristdemokraterna.se\/ydre\/wp-json\/wp\/v2\/media?parent=1553"}],"curies":[{"name":"wp","href":"https:\/\/api.w.org\/{rel}","templated":true}]}}