{"id":1561,"date":"2018-08-11T18:23:08","date_gmt":"2018-08-11T16:23:08","guid":{"rendered":"http:\/\/wp.kristdemokraterna.se\/ydre\/?page_id=1561"},"modified":"2018-08-11T18:25:33","modified_gmt":"2018-08-11T16:25:33","slug":"2015-10-06-vardshus-forbi","status":"publish","type":"page","link":"https:\/\/wp.kristdemokraterna.se\/ydre\/2015-10-06-vardshus-forbi\/","title":{"rendered":"2015-10-06 V\u00e4rdshus f\u00f6rbi?"},"content":{"rendered":"<p><img loading=\"lazy\" decoding=\"async\" src=\"http:\/\/ydrebo.se\/kd\/veckobrev2015\/kronika151006\/vardshus1.JPG\" width=\"600\" height=\"400\" \/><br \/>\n<i>P\u00e5 den gamla goda tiden kunde man bo h\u00e4r.<\/p>\n<p><\/i>T\u00e4nk om j\u00e4tten Bule skulle komma tillbaka p\u00e5 bes\u00f6k? Var skulle han kunna bo (bortsett fr\u00e5n att han inte skulle f\u00e5 plats i ett vanligt rum)?<\/p>\n<p><img loading=\"lazy\" decoding=\"async\" src=\"http:\/\/ydrebo.se\/kd\/veckobrev2015\/kronika151006\/ydregarden.JPG\" width=\"600\" height=\"450\" \/><br \/>\n<i>Vandrarhemmet \u00e4r nog f\u00f6r kallt p\u00e5 vintern.<\/p>\n<p><\/i>Det h\u00e4r \u00e4r ett verkligt problem. I g\u00e5r blev jag uppringd av en som vill bes\u00f6ka Ydre och som t\u00e4nkte bo p\u00e5 Ydre V\u00e4rdshus. Jag var tvungen att tala om att det har st\u00e4ngts.<\/p>\n<p><img loading=\"lazy\" decoding=\"async\" src=\"http:\/\/ydrebo.se\/kd\/veckobrev\/kronika140724\/torget.JPG\" width=\"600\" height=\"450\" \/><br \/>\n<i>V\u00e4rdshuset var v\u00e5rt hotell \u00e5ret om.<\/p>\n<p><\/i>Efter att den senaste verksamheten g\u00e5tt i konkurs har kommunen arbetat p\u00e5 att f\u00e5 i g\u00e5ng en hotellverksamhet i \u00d6sterbymo igen. Konsulter har r\u00e5dfr\u00e5gats (jag har sj\u00e4lv suttit med i kommunens arbetsgrupp). Varf\u00f6r menade experterna att det \u00e4r sv\u00e5rt att driva hotell h\u00e4r?<\/p>\n<p><img loading=\"lazy\" decoding=\"async\" src=\"http:\/\/ydrebo.se\/kd\/veckobrev2015\/kronika151006\/asby_prastgard.JPG\" width=\"600\" height=\"461\" \/><br \/>\n<i>Visst \u00e4r Ydre fantastiskt &#8211; men det \u00e4r inte i \u00d6sterbymo man upplever det (Asby pr\u00e4stg\u00e5rd).<\/p>\n<p><\/i>Svaret var enkelt. Ett hotell i Ydre som skulle dra bes\u00f6kare skulle inte ligga h\u00e4r. V\u00e4rdshusets omgivningar \u00e4r inte det som turister i f\u00f6rsta hand vill se. Man kan f\u00e5 stora natur-och kulturupplevelser i Ydre. Det vet vi alla.\u00a0<i>Men det \u00e4r inte i v\u00e5r centralort!<\/i><\/p>\n<p><img loading=\"lazy\" decoding=\"async\" src=\"http:\/\/ydrebo.se\/kd\/veckobrev2015\/kronika151006\/tattoo.JPG\" width=\"600\" height=\"450\" \/><br \/>\n<i>Visst kan det h\u00e4nda sp\u00e4nnande saker vid V\u00e4rdshuset, men inte s\u00e5 ofta (bild fr\u00e5n 2010).<\/p>\n<p><\/i>\u00c4nd\u00e5 har det gjorts lovv\u00e4rda f\u00f6rs\u00f6k att f\u00e5 ig\u00e5ng V\u00e4rdshuset. Men n\u00e5got realistiskt f\u00f6rslag har \u00e4nnu inte g\u00e5tt att f\u00e5 fram. Kommunstyrelsen har tvingats konstatera att det just nu inte finns f\u00f6ruts\u00e4ttningar att \u00e5terskapa en fungerande hotell- och restaurangverksamhet.<\/p>\n<p><img loading=\"lazy\" decoding=\"async\" src=\"http:\/\/ydrebo.se\/kd\/veckobrev2015\/kronika151006\/osterbysjon.JPG\" width=\"600\" height=\"450\" \/><br \/>\n<i>Detta \u00e4r ocks\u00e5 \u00d6sterbymo. Kanske V\u00e4rdshuset skulle ha legat h\u00e4r i st\u00e4llet?<\/p>\n<p><\/i>S\u00e5 vad skall vi ha denna vackra byggnad till? Det finns ett akut behov av st\u00f6rre och b\u00e4ttre lokaler f\u00f6r mottagandet av ensamkommande flyktingbarn. D\u00e4rf\u00f6r har kommunstyrelsen beslutat att V\u00e4rdshuset skall anv\u00e4ndas f\u00f6r dem fram till den 31\/12 2017.<\/p>\n<p><img loading=\"lazy\" decoding=\"async\" src=\"http:\/\/ydrebo.se\/kd\/veckobrev\/Norra_Vi.JPG\" width=\"600\" height=\"450\" \/><br \/>\n<i>Tyv\u00e4rr ser det inte ut s\u00e5 h\u00e4r kring V\u00e4rdshuset&#8230;<\/p>\n<p><\/i>Kritik mot beslutet har redan framf\u00f6rts till kommunstyrelsen. Tyv\u00e4rr har \u00e5tminstone en av kritikerna tidigare varit med i ett invandrarkritiskt sammanhang. De ensamma barnen betecknades i en skrivelse till kommunstyrelsen n\u00e4rmast som en samh\u00e4llsfara. Vi som bor n\u00e4ra dessa ungdomar vet att detta p\u00e5st\u00e5ende inte \u00e4r sant.<\/p>\n<p><img loading=\"lazy\" decoding=\"async\" src=\"http:\/\/ydrebo.se\/kd\/veckobrev\/torpasjon.JPG\" width=\"600\" height=\"460\" \/><br \/>\n<i>&#8230; och inte har man en s\u00e5dan h\u00e4r utsikt heller.<\/p>\n<p><\/i>Varf\u00f6r skall vi ta emot flyktingar? Det finns tv\u00e5 sk\u00e4l. F\u00f6r det f\u00f6rsta \u00e4r vi\u00a0<i>tvungna<\/i>\u00a0till det. F\u00f6r det andra\u00a0<i>vill<\/i>\u00a0vi ta emot dem. F\u00f6r de \u00e4r ju m\u00e4nniskor.<\/p>\n<p><i>Bengt Malm, ordf.<br \/>\n6 oktober 2015<\/i><\/p>\n","protected":false},"excerpt":{"rendered":"<p>P\u00e5 den gamla goda tiden kunde man bo h\u00e4r. T\u00e4nk om j\u00e4tten Bule skulle komma tillbaka p\u00e5 bes\u00f6k? Var skulle han kunna bo (bortsett fr\u00e5n att han inte skulle f\u00e5 plats i ett vanligt rum)? Vandrarhemmet \u00e4r nog f\u00f6r kallt p\u00e5 vintern. Det h\u00e4r \u00e4r ett verkligt problem. I g\u00e5r blev jag uppringd av en <a class=\"read-more-link\" href=\"https:\/\/wp.kristdemokraterna.se\/ydre\/2015-10-06-vardshus-forbi\/\">L\u00e4s mer<\/a><\/p>\n","protected":false},"author":793,"featured_media":0,"parent":0,"menu_order":0,"comment_status":"closed","ping_status":"closed","template":"","meta":{"_acf_changed":false,"footnotes":""},"class_list":["post-1561","page","type-page","status-publish","hentry"],"acf":[],"yoast_head":"<!-- This site is optimized with the Yoast SEO plugin v27.4 - https:\/\/yoast.com\/product\/yoast-seo-wordpress\/ -->\n<title>2015-10-06 V\u00e4rdshus f\u00f6rbi? - Kristdemokraterna i Ydre<\/title>\n<meta name=\"robots\" content=\"index, follow, max-snippet:-1, max-image-preview:large, max-video-preview:-1\" \/>\n<link rel=\"canonical\" href=\"https:\/\/wp.kristdemokraterna.se\/ydre\/2015-10-06-vardshus-forbi\/\" \/>\n<meta property=\"og:locale\" content=\"sv_SE\" \/>\n<meta property=\"og:type\" content=\"article\" \/>\n<meta property=\"og:title\" content=\"2015-10-06 V\u00e4rdshus f\u00f6rbi? - Kristdemokraterna i Ydre\" \/>\n<meta property=\"og:description\" content=\"P\u00e5 den gamla goda tiden kunde man bo h\u00e4r. T\u00e4nk om j\u00e4tten Bule skulle komma tillbaka p\u00e5 bes\u00f6k? Var skulle han kunna bo (bortsett fr\u00e5n att han inte skulle f\u00e5 plats i ett vanligt rum)? Vandrarhemmet \u00e4r nog f\u00f6r kallt p\u00e5 vintern. Det h\u00e4r \u00e4r ett verkligt problem. I g\u00e5r blev jag uppringd av en L\u00e4s mer\" \/>\n<meta property=\"og:url\" content=\"https:\/\/wp.kristdemokraterna.se\/ydre\/2015-10-06-vardshus-forbi\/\" \/>\n<meta property=\"og:site_name\" content=\"Kristdemokraterna i Ydre\" \/>\n<meta property=\"article:modified_time\" content=\"2018-08-11T16:25:33+00:00\" \/>\n<meta property=\"og:image\" content=\"http:\/\/ydrebo.se\/kd\/veckobrev2015\/kronika151006\/vardshus1.JPG\" \/>\n<meta name=\"twitter:card\" content=\"summary_large_image\" \/>\n<meta name=\"twitter:label1\" content=\"Ber\u00e4knad l\u00e4stid\" \/>\n\t<meta name=\"twitter:data1\" content=\"2 minuter\" \/>\n<script type=\"application\/ld+json\" class=\"yoast-schema-graph\">{\"@context\":\"https:\\\/\\\/schema.org\",\"@graph\":[{\"@type\":\"WebPage\",\"@id\":\"https:\\\/\\\/wp.kristdemokraterna.se\\\/ydre\\\/2015-10-06-vardshus-forbi\\\/\",\"url\":\"https:\\\/\\\/wp.kristdemokraterna.se\\\/ydre\\\/2015-10-06-vardshus-forbi\\\/\",\"name\":\"2015-10-06 V\u00e4rdshus f\u00f6rbi? - Kristdemokraterna i Ydre\",\"isPartOf\":{\"@id\":\"https:\\\/\\\/wp.kristdemokraterna.se\\\/ydre\\\/#website\"},\"primaryImageOfPage\":{\"@id\":\"https:\\\/\\\/wp.kristdemokraterna.se\\\/ydre\\\/2015-10-06-vardshus-forbi\\\/#primaryimage\"},\"image\":{\"@id\":\"https:\\\/\\\/wp.kristdemokraterna.se\\\/ydre\\\/2015-10-06-vardshus-forbi\\\/#primaryimage\"},\"thumbnailUrl\":\"http:\\\/\\\/ydrebo.se\\\/kd\\\/veckobrev2015\\\/kronika151006\\\/vardshus1.JPG\",\"datePublished\":\"2018-08-11T16:23:08+00:00\",\"dateModified\":\"2018-08-11T16:25:33+00:00\",\"breadcrumb\":{\"@id\":\"https:\\\/\\\/wp.kristdemokraterna.se\\\/ydre\\\/2015-10-06-vardshus-forbi\\\/#breadcrumb\"},\"inLanguage\":\"sv-SE\",\"potentialAction\":[{\"@type\":\"ReadAction\",\"target\":[\"https:\\\/\\\/wp.kristdemokraterna.se\\\/ydre\\\/2015-10-06-vardshus-forbi\\\/\"]}]},{\"@type\":\"ImageObject\",\"inLanguage\":\"sv-SE\",\"@id\":\"https:\\\/\\\/wp.kristdemokraterna.se\\\/ydre\\\/2015-10-06-vardshus-forbi\\\/#primaryimage\",\"url\":\"http:\\\/\\\/ydrebo.se\\\/kd\\\/veckobrev2015\\\/kronika151006\\\/vardshus1.JPG\",\"contentUrl\":\"http:\\\/\\\/ydrebo.se\\\/kd\\\/veckobrev2015\\\/kronika151006\\\/vardshus1.JPG\"},{\"@type\":\"BreadcrumbList\",\"@id\":\"https:\\\/\\\/wp.kristdemokraterna.se\\\/ydre\\\/2015-10-06-vardshus-forbi\\\/#breadcrumb\",\"itemListElement\":[{\"@type\":\"ListItem\",\"position\":1,\"name\":\"Hem\",\"item\":\"https:\\\/\\\/wp.kristdemokraterna.se\\\/ydre\\\/\"},{\"@type\":\"ListItem\",\"position\":2,\"name\":\"2015-10-06 V\u00e4rdshus f\u00f6rbi?\"}]},{\"@type\":\"WebSite\",\"@id\":\"https:\\\/\\\/wp.kristdemokraterna.se\\\/ydre\\\/#website\",\"url\":\"https:\\\/\\\/wp.kristdemokraterna.se\\\/ydre\\\/\",\"name\":\"Kristdemokraterna i Ydre\",\"description\":\"En till Kristdemokraterna webbplats\",\"inLanguage\":\"sv-SE\"}]}<\/script>\n<!-- \/ Yoast SEO plugin. -->","yoast_head_json":{"title":"2015-10-06 V\u00e4rdshus f\u00f6rbi? - Kristdemokraterna i Ydre","robots":{"index":"index","follow":"follow","max-snippet":"max-snippet:-1","max-image-preview":"max-image-preview:large","max-video-preview":"max-video-preview:-1"},"canonical":"https:\/\/wp.kristdemokraterna.se\/ydre\/2015-10-06-vardshus-forbi\/","og_locale":"sv_SE","og_type":"article","og_title":"2015-10-06 V\u00e4rdshus f\u00f6rbi? - Kristdemokraterna i Ydre","og_description":"P\u00e5 den gamla goda tiden kunde man bo h\u00e4r. T\u00e4nk om j\u00e4tten Bule skulle komma tillbaka p\u00e5 bes\u00f6k? Var skulle han kunna bo (bortsett fr\u00e5n att han inte skulle f\u00e5 plats i ett vanligt rum)? Vandrarhemmet \u00e4r nog f\u00f6r kallt p\u00e5 vintern. Det h\u00e4r \u00e4r ett verkligt problem. I g\u00e5r blev jag uppringd av en L\u00e4s mer","og_url":"https:\/\/wp.kristdemokraterna.se\/ydre\/2015-10-06-vardshus-forbi\/","og_site_name":"Kristdemokraterna i Ydre","article_modified_time":"2018-08-11T16:25:33+00:00","og_image":[{"url":"http:\/\/ydrebo.se\/kd\/veckobrev2015\/kronika151006\/vardshus1.JPG","type":"","width":"","height":""}],"twitter_card":"summary_large_image","twitter_misc":{"Ber\u00e4knad l\u00e4stid":"2 minuter"},"schema":{"@context":"https:\/\/schema.org","@graph":[{"@type":"WebPage","@id":"https:\/\/wp.kristdemokraterna.se\/ydre\/2015-10-06-vardshus-forbi\/","url":"https:\/\/wp.kristdemokraterna.se\/ydre\/2015-10-06-vardshus-forbi\/","name":"2015-10-06 V\u00e4rdshus f\u00f6rbi? - Kristdemokraterna i Ydre","isPartOf":{"@id":"https:\/\/wp.kristdemokraterna.se\/ydre\/#website"},"primaryImageOfPage":{"@id":"https:\/\/wp.kristdemokraterna.se\/ydre\/2015-10-06-vardshus-forbi\/#primaryimage"},"image":{"@id":"https:\/\/wp.kristdemokraterna.se\/ydre\/2015-10-06-vardshus-forbi\/#primaryimage"},"thumbnailUrl":"http:\/\/ydrebo.se\/kd\/veckobrev2015\/kronika151006\/vardshus1.JPG","datePublished":"2018-08-11T16:23:08+00:00","dateModified":"2018-08-11T16:25:33+00:00","breadcrumb":{"@id":"https:\/\/wp.kristdemokraterna.se\/ydre\/2015-10-06-vardshus-forbi\/#breadcrumb"},"inLanguage":"sv-SE","potentialAction":[{"@type":"ReadAction","target":["https:\/\/wp.kristdemokraterna.se\/ydre\/2015-10-06-vardshus-forbi\/"]}]},{"@type":"ImageObject","inLanguage":"sv-SE","@id":"https:\/\/wp.kristdemokraterna.se\/ydre\/2015-10-06-vardshus-forbi\/#primaryimage","url":"http:\/\/ydrebo.se\/kd\/veckobrev2015\/kronika151006\/vardshus1.JPG","contentUrl":"http:\/\/ydrebo.se\/kd\/veckobrev2015\/kronika151006\/vardshus1.JPG"},{"@type":"BreadcrumbList","@id":"https:\/\/wp.kristdemokraterna.se\/ydre\/2015-10-06-vardshus-forbi\/#breadcrumb","itemListElement":[{"@type":"ListItem","position":1,"name":"Hem","item":"https:\/\/wp.kristdemokraterna.se\/ydre\/"},{"@type":"ListItem","position":2,"name":"2015-10-06 V\u00e4rdshus f\u00f6rbi?"}]},{"@type":"WebSite","@id":"https:\/\/wp.kristdemokraterna.se\/ydre\/#website","url":"https:\/\/wp.kristdemokraterna.se\/ydre\/","name":"Kristdemokraterna i Ydre","description":"En till Kristdemokraterna webbplats","inLanguage":"sv-SE"}]}},"_links":{"self":[{"href":"https:\/\/wp.kristdemokraterna.se\/ydre\/wp-json\/wp\/v2\/pages\/1561","targetHints":{"allow":["GET"]}}],"collection":[{"href":"https:\/\/wp.kristdemokraterna.se\/ydre\/wp-json\/wp\/v2\/pages"}],"about":[{"href":"https:\/\/wp.kristdemokraterna.se\/ydre\/wp-json\/wp\/v2\/types\/page"}],"author":[{"embeddable":true,"href":"https:\/\/wp.kristdemokraterna.se\/ydre\/wp-json\/wp\/v2\/users\/793"}],"replies":[{"embeddable":true,"href":"https:\/\/wp.kristdemokraterna.se\/ydre\/wp-json\/wp\/v2\/comments?post=1561"}],"version-history":[{"count":3,"href":"https:\/\/wp.kristdemokraterna.se\/ydre\/wp-json\/wp\/v2\/pages\/1561\/revisions"}],"predecessor-version":[{"id":1564,"href":"https:\/\/wp.kristdemokraterna.se\/ydre\/wp-json\/wp\/v2\/pages\/1561\/revisions\/1564"}],"wp:attachment":[{"href":"https:\/\/wp.kristdemokraterna.se\/ydre\/wp-json\/wp\/v2\/media?parent=1561"}],"curies":[{"name":"wp","href":"https:\/\/api.w.org\/{rel}","templated":true}]}}