{"id":1566,"date":"2018-08-11T18:29:01","date_gmt":"2018-08-11T16:29:01","guid":{"rendered":"http:\/\/wp.kristdemokraterna.se\/ydre\/?page_id=1566"},"modified":"2018-08-11T18:29:37","modified_gmt":"2018-08-11T16:29:37","slug":"2015-10-14-landet-behover-landet","status":"publish","type":"page","link":"https:\/\/wp.kristdemokraterna.se\/ydre\/2015-10-14-landet-behover-landet\/","title":{"rendered":"2015-10-14 Landet beh\u00f6ver landet"},"content":{"rendered":"<p>Man m\u00e4rker det genast n\u00e4r man kommit ut ur ett samh\u00e4lle. Alla st\u00e4der och t\u00e4torter \u00e4r bara sm\u00e5 h\u00e5l i den vidstr\u00e4ckta naturen. Det \u00e4r d\u00e4r i naturen, p\u00e5 landet, som det verkliga livet finns.<br \/>\nS\u00e5 hur kan det finnas storstadsm\u00e4nniskor som menar att allt som finns utanf\u00f6r den &#8221;samlade bebyggelsen&#8221; \u00e4r stagnation? Nej, livet i st\u00e4derna skulle inte finnas om det inte vore \u00e4nnu mer liv utanf\u00f6r.<\/p>\n<p><img loading=\"lazy\" decoding=\"async\" src=\"http:\/\/ydrebo.se\/kd\/veckobrev2015\/rabatt4.jpg\" width=\"600\" height=\"463\" \/><br \/>\n<i>Skall det bli liv i t\u00e4torten m\u00e5ste man l\u00e5na fr\u00e5n naturen.<\/p>\n<p><\/i>&#8221;Landet beh\u00f6ver landet f\u00f6r att \u00f6verleva.&#8221; Detta sades vid en landsbygdskonferens som nyligen h\u00f6lls i Tran\u00e5s. D\u00e4r var representanter f\u00f6r olika myndigheter och fr\u00e5n stora och sm\u00e5 organisationer. Men tyv\u00e4rr var det inte s\u00e5 m\u00e5nga politiker d\u00e4r. I alldeles f\u00f6r m\u00e5nga fall best\u00e4mmer en stad eller stor t\u00e4tort \u00f6ver ett stycke landsbygd och de som bor d\u00e4r blir en minoritet i sin kommun. De politiker som kom fr\u00e5n Ydre var kommunstyrelsens ordf\u00f6rande och jag. Lyckligtvis fanns d\u00e4r ocks\u00e5 flera representanter f\u00f6r landsbygdsf\u00f6reningar.<br \/>\nB\u00e5de Tillv\u00e4xtverket och Jordbruksverket talade vackert om st\u00f6d till landsbygden. Men vi i Sommenbygden f\u00e5r ingen del av de pengar som enligt Leadermetoden ges till landsbygd i n\u00e4stan hela Sverige. Jordbruksverkets representant hade mycket sv\u00e5rt att svara p\u00e5 min fr\u00e5ga om hur det blivit s\u00e5. Det enda vi och andra (t.ex. i Aneby) f\u00e5tt h\u00f6ra \u00e4r att vi \u00e4r f\u00f6r f\u00e5! Jag undrade om detta var sant och vi fick inget vettigt besked. Talaren fr\u00e5n Jordbruksverket hade allts\u00e5 rest just till Sommenbygden utan att ha med sig n\u00e5got svar p\u00e5 en fr\u00e5ga som han borde f\u00f6rst\u00e5tt kunde komma.<br \/>\nN\u00e5got som landsbygden beh\u00f6ver \u00e4r v\u00e4gar. Den 6 oktober lade Magnus Oscarsson (kd) en motion i riksdagen om att v\u00e5r viktigaste v\u00e4g (den fr\u00e5n \u00d6sterbymo till Tran\u00e5s) skall rustas upp. Kommunen har anh\u00e5llit om det i \u00e5ratal. I \u00e5ratal har vi f\u00e5tt l\u00f6fte om att s\u00e5 skall ske. Men \u00e4nnu har ingenting h\u00e4nt.<br \/>\nLandsbygden beh\u00f6ver ocks\u00e5 skolor. I g\u00e5r var jag och Milj\u00f6partiets representant i kommunstyrelsen till skolan i Hestra f\u00f6r att ta del av l\u00e4rarnas synpunkter p\u00e5 skolans behov. De beh\u00f6vs mer kontinuitet i verksamheten. Det har vidare blivit sv\u00e5rare att hinna allt som beh\u00f6ver g\u00f6ras. Det blir d\u00e5 inte tid f\u00f6r l\u00e5ngsiktig planering och d\u00e5ligt med tid f\u00f6r \u00f6verl\u00e4ggningar mellan l\u00e4rarna. Det var \u00e4nd\u00e5 uppmuntrande att se hur ambiti\u00f6sa l\u00e4rarna i Hestra \u00e4r. Och skolan har ju varit Ydres stolthet!<br \/>\nSammantr\u00e4det i Hestra var ett led i kommunens arbete f\u00f6r skolutveckling. N\u00e4sta vecka \u00e4r det Ydreskolans tur att ber\u00e4tta.<br \/>\nI morgon (den 15 oktober) \u00e4r det en konferens i Link\u00f6ping om skolan och n\u00e4ringslivet, dvs om hur ungdomarna skall bli b\u00e4ttre rustade f\u00f6r &#8221;entrepen\u00f6rskap&#8221;. Jag skall fara dit som kommunens ombud.<\/p>\n<p><b>H\u00e4r vill vi kunna s\u00e4ga att i Ydre kan eleverna f\u00f6r att de f\u00f6rst\u00e5r.<\/p>\n<p><\/b><i>Bengt Malm, ordf.<br \/>\n14 oktober 2015<\/i><\/p>\n","protected":false},"excerpt":{"rendered":"<p>Man m\u00e4rker det genast n\u00e4r man kommit ut ur ett samh\u00e4lle. Alla st\u00e4der och t\u00e4torter \u00e4r bara sm\u00e5 h\u00e5l i den vidstr\u00e4ckta naturen. Det \u00e4r d\u00e4r i naturen, p\u00e5 landet, som det verkliga livet finns. S\u00e5 hur kan det finnas storstadsm\u00e4nniskor som menar att allt som finns utanf\u00f6r den &#8221;samlade bebyggelsen&#8221; \u00e4r stagnation? Nej, livet <a class=\"read-more-link\" href=\"https:\/\/wp.kristdemokraterna.se\/ydre\/2015-10-14-landet-behover-landet\/\">L\u00e4s mer<\/a><\/p>\n","protected":false},"author":793,"featured_media":0,"parent":0,"menu_order":0,"comment_status":"closed","ping_status":"closed","template":"","meta":{"_acf_changed":false,"footnotes":""},"class_list":["post-1566","page","type-page","status-publish","hentry"],"acf":[],"yoast_head":"<!-- This site is optimized with the Yoast SEO plugin v27.5 - https:\/\/yoast.com\/product\/yoast-seo-wordpress\/ -->\n<title>2015-10-14 Landet beh\u00f6ver landet - Kristdemokraterna i Ydre<\/title>\n<meta name=\"robots\" content=\"index, follow, max-snippet:-1, max-image-preview:large, max-video-preview:-1\" \/>\n<link rel=\"canonical\" href=\"https:\/\/wp.kristdemokraterna.se\/ydre\/2015-10-14-landet-behover-landet\/\" \/>\n<meta property=\"og:locale\" content=\"sv_SE\" \/>\n<meta property=\"og:type\" content=\"article\" \/>\n<meta property=\"og:title\" content=\"2015-10-14 Landet beh\u00f6ver landet - Kristdemokraterna i Ydre\" \/>\n<meta property=\"og:description\" content=\"Man m\u00e4rker det genast n\u00e4r man kommit ut ur ett samh\u00e4lle. Alla st\u00e4der och t\u00e4torter \u00e4r bara sm\u00e5 h\u00e5l i den vidstr\u00e4ckta naturen. Det \u00e4r d\u00e4r i naturen, p\u00e5 landet, som det verkliga livet finns. S\u00e5 hur kan det finnas storstadsm\u00e4nniskor som menar att allt som finns utanf\u00f6r den &#8221;samlade bebyggelsen&#8221; \u00e4r stagnation? Nej, livet L\u00e4s mer\" \/>\n<meta property=\"og:url\" content=\"https:\/\/wp.kristdemokraterna.se\/ydre\/2015-10-14-landet-behover-landet\/\" \/>\n<meta property=\"og:site_name\" content=\"Kristdemokraterna i Ydre\" \/>\n<meta property=\"article:modified_time\" content=\"2018-08-11T16:29:37+00:00\" \/>\n<meta property=\"og:image\" content=\"http:\/\/ydrebo.se\/kd\/veckobrev2015\/rabatt4.jpg\" \/>\n<meta name=\"twitter:card\" content=\"summary_large_image\" \/>\n<meta name=\"twitter:label1\" content=\"Ber\u00e4knad l\u00e4stid\" \/>\n\t<meta name=\"twitter:data1\" content=\"3 minuter\" \/>\n<script type=\"application\/ld+json\" class=\"yoast-schema-graph\">{\"@context\":\"https:\\\/\\\/schema.org\",\"@graph\":[{\"@type\":\"WebPage\",\"@id\":\"https:\\\/\\\/wp.kristdemokraterna.se\\\/ydre\\\/2015-10-14-landet-behover-landet\\\/\",\"url\":\"https:\\\/\\\/wp.kristdemokraterna.se\\\/ydre\\\/2015-10-14-landet-behover-landet\\\/\",\"name\":\"2015-10-14 Landet beh\u00f6ver landet - Kristdemokraterna i Ydre\",\"isPartOf\":{\"@id\":\"https:\\\/\\\/wp.kristdemokraterna.se\\\/ydre\\\/#website\"},\"primaryImageOfPage\":{\"@id\":\"https:\\\/\\\/wp.kristdemokraterna.se\\\/ydre\\\/2015-10-14-landet-behover-landet\\\/#primaryimage\"},\"image\":{\"@id\":\"https:\\\/\\\/wp.kristdemokraterna.se\\\/ydre\\\/2015-10-14-landet-behover-landet\\\/#primaryimage\"},\"thumbnailUrl\":\"http:\\\/\\\/ydrebo.se\\\/kd\\\/veckobrev2015\\\/rabatt4.jpg\",\"datePublished\":\"2018-08-11T16:29:01+00:00\",\"dateModified\":\"2018-08-11T16:29:37+00:00\",\"breadcrumb\":{\"@id\":\"https:\\\/\\\/wp.kristdemokraterna.se\\\/ydre\\\/2015-10-14-landet-behover-landet\\\/#breadcrumb\"},\"inLanguage\":\"sv-SE\",\"potentialAction\":[{\"@type\":\"ReadAction\",\"target\":[\"https:\\\/\\\/wp.kristdemokraterna.se\\\/ydre\\\/2015-10-14-landet-behover-landet\\\/\"]}]},{\"@type\":\"ImageObject\",\"inLanguage\":\"sv-SE\",\"@id\":\"https:\\\/\\\/wp.kristdemokraterna.se\\\/ydre\\\/2015-10-14-landet-behover-landet\\\/#primaryimage\",\"url\":\"http:\\\/\\\/ydrebo.se\\\/kd\\\/veckobrev2015\\\/rabatt4.jpg\",\"contentUrl\":\"http:\\\/\\\/ydrebo.se\\\/kd\\\/veckobrev2015\\\/rabatt4.jpg\"},{\"@type\":\"BreadcrumbList\",\"@id\":\"https:\\\/\\\/wp.kristdemokraterna.se\\\/ydre\\\/2015-10-14-landet-behover-landet\\\/#breadcrumb\",\"itemListElement\":[{\"@type\":\"ListItem\",\"position\":1,\"name\":\"Hem\",\"item\":\"https:\\\/\\\/wp.kristdemokraterna.se\\\/ydre\\\/\"},{\"@type\":\"ListItem\",\"position\":2,\"name\":\"2015-10-14 Landet beh\u00f6ver landet\"}]},{\"@type\":\"WebSite\",\"@id\":\"https:\\\/\\\/wp.kristdemokraterna.se\\\/ydre\\\/#website\",\"url\":\"https:\\\/\\\/wp.kristdemokraterna.se\\\/ydre\\\/\",\"name\":\"Kristdemokraterna i Ydre\",\"description\":\"En till Kristdemokraterna webbplats\",\"inLanguage\":\"sv-SE\"}]}<\/script>\n<!-- \/ Yoast SEO plugin. -->","yoast_head_json":{"title":"2015-10-14 Landet beh\u00f6ver landet - Kristdemokraterna i Ydre","robots":{"index":"index","follow":"follow","max-snippet":"max-snippet:-1","max-image-preview":"max-image-preview:large","max-video-preview":"max-video-preview:-1"},"canonical":"https:\/\/wp.kristdemokraterna.se\/ydre\/2015-10-14-landet-behover-landet\/","og_locale":"sv_SE","og_type":"article","og_title":"2015-10-14 Landet beh\u00f6ver landet - Kristdemokraterna i Ydre","og_description":"Man m\u00e4rker det genast n\u00e4r man kommit ut ur ett samh\u00e4lle. Alla st\u00e4der och t\u00e4torter \u00e4r bara sm\u00e5 h\u00e5l i den vidstr\u00e4ckta naturen. Det \u00e4r d\u00e4r i naturen, p\u00e5 landet, som det verkliga livet finns. S\u00e5 hur kan det finnas storstadsm\u00e4nniskor som menar att allt som finns utanf\u00f6r den &#8221;samlade bebyggelsen&#8221; \u00e4r stagnation? Nej, livet L\u00e4s mer","og_url":"https:\/\/wp.kristdemokraterna.se\/ydre\/2015-10-14-landet-behover-landet\/","og_site_name":"Kristdemokraterna i Ydre","article_modified_time":"2018-08-11T16:29:37+00:00","og_image":[{"url":"http:\/\/ydrebo.se\/kd\/veckobrev2015\/rabatt4.jpg","type":"","width":"","height":""}],"twitter_card":"summary_large_image","twitter_misc":{"Ber\u00e4knad l\u00e4stid":"3 minuter"},"schema":{"@context":"https:\/\/schema.org","@graph":[{"@type":"WebPage","@id":"https:\/\/wp.kristdemokraterna.se\/ydre\/2015-10-14-landet-behover-landet\/","url":"https:\/\/wp.kristdemokraterna.se\/ydre\/2015-10-14-landet-behover-landet\/","name":"2015-10-14 Landet beh\u00f6ver landet - Kristdemokraterna i Ydre","isPartOf":{"@id":"https:\/\/wp.kristdemokraterna.se\/ydre\/#website"},"primaryImageOfPage":{"@id":"https:\/\/wp.kristdemokraterna.se\/ydre\/2015-10-14-landet-behover-landet\/#primaryimage"},"image":{"@id":"https:\/\/wp.kristdemokraterna.se\/ydre\/2015-10-14-landet-behover-landet\/#primaryimage"},"thumbnailUrl":"http:\/\/ydrebo.se\/kd\/veckobrev2015\/rabatt4.jpg","datePublished":"2018-08-11T16:29:01+00:00","dateModified":"2018-08-11T16:29:37+00:00","breadcrumb":{"@id":"https:\/\/wp.kristdemokraterna.se\/ydre\/2015-10-14-landet-behover-landet\/#breadcrumb"},"inLanguage":"sv-SE","potentialAction":[{"@type":"ReadAction","target":["https:\/\/wp.kristdemokraterna.se\/ydre\/2015-10-14-landet-behover-landet\/"]}]},{"@type":"ImageObject","inLanguage":"sv-SE","@id":"https:\/\/wp.kristdemokraterna.se\/ydre\/2015-10-14-landet-behover-landet\/#primaryimage","url":"http:\/\/ydrebo.se\/kd\/veckobrev2015\/rabatt4.jpg","contentUrl":"http:\/\/ydrebo.se\/kd\/veckobrev2015\/rabatt4.jpg"},{"@type":"BreadcrumbList","@id":"https:\/\/wp.kristdemokraterna.se\/ydre\/2015-10-14-landet-behover-landet\/#breadcrumb","itemListElement":[{"@type":"ListItem","position":1,"name":"Hem","item":"https:\/\/wp.kristdemokraterna.se\/ydre\/"},{"@type":"ListItem","position":2,"name":"2015-10-14 Landet beh\u00f6ver landet"}]},{"@type":"WebSite","@id":"https:\/\/wp.kristdemokraterna.se\/ydre\/#website","url":"https:\/\/wp.kristdemokraterna.se\/ydre\/","name":"Kristdemokraterna i Ydre","description":"En till Kristdemokraterna webbplats","inLanguage":"sv-SE"}]}},"_links":{"self":[{"href":"https:\/\/wp.kristdemokraterna.se\/ydre\/wp-json\/wp\/v2\/pages\/1566","targetHints":{"allow":["GET"]}}],"collection":[{"href":"https:\/\/wp.kristdemokraterna.se\/ydre\/wp-json\/wp\/v2\/pages"}],"about":[{"href":"https:\/\/wp.kristdemokraterna.se\/ydre\/wp-json\/wp\/v2\/types\/page"}],"author":[{"embeddable":true,"href":"https:\/\/wp.kristdemokraterna.se\/ydre\/wp-json\/wp\/v2\/users\/793"}],"replies":[{"embeddable":true,"href":"https:\/\/wp.kristdemokraterna.se\/ydre\/wp-json\/wp\/v2\/comments?post=1566"}],"version-history":[{"count":2,"href":"https:\/\/wp.kristdemokraterna.se\/ydre\/wp-json\/wp\/v2\/pages\/1566\/revisions"}],"predecessor-version":[{"id":1568,"href":"https:\/\/wp.kristdemokraterna.se\/ydre\/wp-json\/wp\/v2\/pages\/1566\/revisions\/1568"}],"wp:attachment":[{"href":"https:\/\/wp.kristdemokraterna.se\/ydre\/wp-json\/wp\/v2\/media?parent=1566"}],"curies":[{"name":"wp","href":"https:\/\/api.w.org\/{rel}","templated":true}]}}