{"id":1570,"date":"2018-08-11T18:31:57","date_gmt":"2018-08-11T16:31:57","guid":{"rendered":"http:\/\/wp.kristdemokraterna.se\/ydre\/?page_id=1570"},"modified":"2018-08-11T18:34:30","modified_gmt":"2018-08-11T16:34:30","slug":"2015-10-22-kan-barn-tanka","status":"publish","type":"page","link":"https:\/\/wp.kristdemokraterna.se\/ydre\/2015-10-22-kan-barn-tanka\/","title":{"rendered":"2015-10-22 Kan barn t\u00e4nka?"},"content":{"rendered":"<p>Visst kan de det, och visst g\u00f6r de det. Men kan de\u00a0<i>f\u00f6rst\u00e5?<\/i>\u00a0&#8221;De \u00e4r ju bara barn.&#8221;<\/p>\n<p><img loading=\"lazy\" decoding=\"async\" src=\"http:\/\/ydrebo.se\/kd\/veckobrev2015\/hestra_skola.JPG\" width=\"600\" height=\"450\" \/><br \/>\n<i>I Hestra skola vill man att barnen skall f\u00f6rst\u00e5.<\/i><\/p>\n<p>Hermods Korrespondensinstitut hade en g\u00e5ng en rektor som en tid haft det besv\u00e4rligt i skolan. Han har ber\u00e4ttat hur jobbigt det var med den tyska grammatiken d\u00e4r vissa prepositioner ibland betedde sig p\u00e5 ett s\u00e4tt och ibland p\u00e5 ett annat. Men en dag uppt\u00e4ckte han att det fanns ett system. Anv\u00e4ndningen av dessa ord var meningsfull och logisk. Nu gick det l\u00e4ttare att studera. I \u00e4mne efter \u00e4mne fann han att det fanns mening och sammanhang. Han kunde f\u00f6rst\u00e5, f\u00f6r det fanns alltid n\u00e5got att f\u00f6rst\u00e5. Och s\u00e5 sm\u00e5ningom blev han allts\u00e5 rektor f\u00f6r Hermods.<br \/>\nOm det finns n\u00e5got att f\u00f6rst\u00e5 kan barn f\u00f6rst\u00e5 det. Det \u00e4r n\u00e5got som i alla tider skr\u00e4mt env\u00e4ldiga makthavare och diktatorer. S\u00e5 var det t.ex. f\u00f6r cirka 90 \u00e5r sedan i det unga Sovjetunionen. Ledningen var livr\u00e4dd f\u00f6r att folk skulle t\u00e4nka och b\u00f6rja fundera \u00f6ver vem som bar ansvaret f\u00f6r det obeskrivliga kaos som r\u00e5dde och den terror som fanns.<br \/>\nEn av regimens h\u00e4ngivna anh\u00e4ngare var l\u00e4raren och psykologen Vygotskij. Han sade inte att man skulle hindra skobarnen fr\u00e5n att t\u00e4nka. Han predikade i st\u00e4llet att barn helt enkelt inte\u00a0<i>kan<\/i>\u00a0f\u00f6rst\u00e5. S\u00e5 det \u00e4r ingen id\u00e9 att f\u00f6rs\u00f6ka f\u00e5 dem att f\u00f6rst\u00e5.<br \/>\nF\u00f6r somliga l\u00e4rare i Sverige \u00e4r Vygotskij den store Gurun (med stort G). N\u00e4stan det sorgligaste jag varit med om i Ydre \u00e4r att uppt\u00e4cka att hans l\u00e4ror vunnit insteg ocks\u00e5 i Ydre. S\u00e5 h\u00e4r sade n\u00e5gra l\u00e4rare f\u00f6r en tid sedan: &#8221;N\u00e4r du talar om att\u00a0<i>f\u00f6rst\u00e5<\/i>\u00a0menar du d\u00e5 att de skall\u00a0<i>rabbla<\/i>? Du l\u00e4ste r\u00e4tt. F\u00f6r de h\u00e4r l\u00e4rarna tycks ordet &#8221;f\u00f6rst\u00e5&#8221; helt enkelt inte ing\u00e5 i deras ordf\u00f6rr\u00e5d. F\u00f6r s\u00e5ledes talade Zarathustra, f\u00f6rl\u00e5t Vygotskij.<br \/>\nBarn f\u00f6rst\u00e5r mycket. Det vet ju alla som har med barn att g\u00f6ra. \u00c5tminstone\u00a0<i>borde<\/i>\u00a0alla veta det. Vi politiker som skall arbeta med skolans utveckling kan och f\u00e5r egentligen inte l\u00e4gga oss i hur l\u00e4rarna arbetar. \u00c4nd\u00e5 \u00e4r det som om jag skulle vilja skrika h\u00f6gt till somliga l\u00e4rare: &#8221;Ser ni inte att barn t\u00e4nker och alltid f\u00f6rst\u00e5r mer \u00e4n man tror?&#8221;<\/p>\n<p><b>Leve ydrebarnen!<\/b><\/p>\n<p><i>Bengt Malm, ordf.<br \/>\n22 oktober 2015<\/i><\/p>\n","protected":false},"excerpt":{"rendered":"<p>Visst kan de det, och visst g\u00f6r de det. Men kan de\u00a0f\u00f6rst\u00e5?\u00a0&#8221;De \u00e4r ju bara barn.&#8221; I Hestra skola vill man att barnen skall f\u00f6rst\u00e5. Hermods Korrespondensinstitut hade en g\u00e5ng en rektor som en tid haft det besv\u00e4rligt i skolan. Han har ber\u00e4ttat hur jobbigt det var med den tyska grammatiken d\u00e4r vissa prepositioner ibland <a class=\"read-more-link\" href=\"https:\/\/wp.kristdemokraterna.se\/ydre\/2015-10-22-kan-barn-tanka\/\">L\u00e4s mer<\/a><\/p>\n","protected":false},"author":793,"featured_media":0,"parent":0,"menu_order":0,"comment_status":"closed","ping_status":"closed","template":"","meta":{"_acf_changed":false,"footnotes":""},"class_list":["post-1570","page","type-page","status-publish","hentry"],"acf":[],"yoast_head":"<!-- This site is optimized with the Yoast SEO plugin v27.5 - https:\/\/yoast.com\/product\/yoast-seo-wordpress\/ -->\n<title>2015-10-22 Kan barn t\u00e4nka? - Kristdemokraterna i Ydre<\/title>\n<meta name=\"robots\" content=\"index, follow, max-snippet:-1, max-image-preview:large, max-video-preview:-1\" \/>\n<link rel=\"canonical\" href=\"https:\/\/wp.kristdemokraterna.se\/ydre\/2015-10-22-kan-barn-tanka\/\" \/>\n<meta property=\"og:locale\" content=\"sv_SE\" \/>\n<meta property=\"og:type\" content=\"article\" \/>\n<meta property=\"og:title\" content=\"2015-10-22 Kan barn t\u00e4nka? - Kristdemokraterna i Ydre\" \/>\n<meta property=\"og:description\" content=\"Visst kan de det, och visst g\u00f6r de det. Men kan de\u00a0f\u00f6rst\u00e5?\u00a0&#8221;De \u00e4r ju bara barn.&#8221; I Hestra skola vill man att barnen skall f\u00f6rst\u00e5. Hermods Korrespondensinstitut hade en g\u00e5ng en rektor som en tid haft det besv\u00e4rligt i skolan. Han har ber\u00e4ttat hur jobbigt det var med den tyska grammatiken d\u00e4r vissa prepositioner ibland L\u00e4s mer\" \/>\n<meta property=\"og:url\" content=\"https:\/\/wp.kristdemokraterna.se\/ydre\/2015-10-22-kan-barn-tanka\/\" \/>\n<meta property=\"og:site_name\" content=\"Kristdemokraterna i Ydre\" \/>\n<meta property=\"article:modified_time\" content=\"2018-08-11T16:34:30+00:00\" \/>\n<meta property=\"og:image\" content=\"http:\/\/ydrebo.se\/kd\/veckobrev2015\/hestra_skola.JPG\" \/>\n<meta name=\"twitter:card\" content=\"summary_large_image\" \/>\n<meta name=\"twitter:label1\" content=\"Ber\u00e4knad l\u00e4stid\" \/>\n\t<meta name=\"twitter:data1\" content=\"2 minuter\" \/>\n<script type=\"application\/ld+json\" class=\"yoast-schema-graph\">{\"@context\":\"https:\\\/\\\/schema.org\",\"@graph\":[{\"@type\":\"WebPage\",\"@id\":\"https:\\\/\\\/wp.kristdemokraterna.se\\\/ydre\\\/2015-10-22-kan-barn-tanka\\\/\",\"url\":\"https:\\\/\\\/wp.kristdemokraterna.se\\\/ydre\\\/2015-10-22-kan-barn-tanka\\\/\",\"name\":\"2015-10-22 Kan barn t\u00e4nka? - Kristdemokraterna i Ydre\",\"isPartOf\":{\"@id\":\"https:\\\/\\\/wp.kristdemokraterna.se\\\/ydre\\\/#website\"},\"primaryImageOfPage\":{\"@id\":\"https:\\\/\\\/wp.kristdemokraterna.se\\\/ydre\\\/2015-10-22-kan-barn-tanka\\\/#primaryimage\"},\"image\":{\"@id\":\"https:\\\/\\\/wp.kristdemokraterna.se\\\/ydre\\\/2015-10-22-kan-barn-tanka\\\/#primaryimage\"},\"thumbnailUrl\":\"http:\\\/\\\/ydrebo.se\\\/kd\\\/veckobrev2015\\\/hestra_skola.JPG\",\"datePublished\":\"2018-08-11T16:31:57+00:00\",\"dateModified\":\"2018-08-11T16:34:30+00:00\",\"breadcrumb\":{\"@id\":\"https:\\\/\\\/wp.kristdemokraterna.se\\\/ydre\\\/2015-10-22-kan-barn-tanka\\\/#breadcrumb\"},\"inLanguage\":\"sv-SE\",\"potentialAction\":[{\"@type\":\"ReadAction\",\"target\":[\"https:\\\/\\\/wp.kristdemokraterna.se\\\/ydre\\\/2015-10-22-kan-barn-tanka\\\/\"]}]},{\"@type\":\"ImageObject\",\"inLanguage\":\"sv-SE\",\"@id\":\"https:\\\/\\\/wp.kristdemokraterna.se\\\/ydre\\\/2015-10-22-kan-barn-tanka\\\/#primaryimage\",\"url\":\"http:\\\/\\\/ydrebo.se\\\/kd\\\/veckobrev2015\\\/hestra_skola.JPG\",\"contentUrl\":\"http:\\\/\\\/ydrebo.se\\\/kd\\\/veckobrev2015\\\/hestra_skola.JPG\"},{\"@type\":\"BreadcrumbList\",\"@id\":\"https:\\\/\\\/wp.kristdemokraterna.se\\\/ydre\\\/2015-10-22-kan-barn-tanka\\\/#breadcrumb\",\"itemListElement\":[{\"@type\":\"ListItem\",\"position\":1,\"name\":\"Hem\",\"item\":\"https:\\\/\\\/wp.kristdemokraterna.se\\\/ydre\\\/\"},{\"@type\":\"ListItem\",\"position\":2,\"name\":\"2015-10-22 Kan barn t\u00e4nka?\"}]},{\"@type\":\"WebSite\",\"@id\":\"https:\\\/\\\/wp.kristdemokraterna.se\\\/ydre\\\/#website\",\"url\":\"https:\\\/\\\/wp.kristdemokraterna.se\\\/ydre\\\/\",\"name\":\"Kristdemokraterna i Ydre\",\"description\":\"En till Kristdemokraterna webbplats\",\"inLanguage\":\"sv-SE\"}]}<\/script>\n<!-- \/ Yoast SEO plugin. -->","yoast_head_json":{"title":"2015-10-22 Kan barn t\u00e4nka? - Kristdemokraterna i Ydre","robots":{"index":"index","follow":"follow","max-snippet":"max-snippet:-1","max-image-preview":"max-image-preview:large","max-video-preview":"max-video-preview:-1"},"canonical":"https:\/\/wp.kristdemokraterna.se\/ydre\/2015-10-22-kan-barn-tanka\/","og_locale":"sv_SE","og_type":"article","og_title":"2015-10-22 Kan barn t\u00e4nka? - Kristdemokraterna i Ydre","og_description":"Visst kan de det, och visst g\u00f6r de det. Men kan de\u00a0f\u00f6rst\u00e5?\u00a0&#8221;De \u00e4r ju bara barn.&#8221; I Hestra skola vill man att barnen skall f\u00f6rst\u00e5. Hermods Korrespondensinstitut hade en g\u00e5ng en rektor som en tid haft det besv\u00e4rligt i skolan. Han har ber\u00e4ttat hur jobbigt det var med den tyska grammatiken d\u00e4r vissa prepositioner ibland L\u00e4s mer","og_url":"https:\/\/wp.kristdemokraterna.se\/ydre\/2015-10-22-kan-barn-tanka\/","og_site_name":"Kristdemokraterna i Ydre","article_modified_time":"2018-08-11T16:34:30+00:00","og_image":[{"url":"http:\/\/ydrebo.se\/kd\/veckobrev2015\/hestra_skola.JPG","type":"","width":"","height":""}],"twitter_card":"summary_large_image","twitter_misc":{"Ber\u00e4knad l\u00e4stid":"2 minuter"},"schema":{"@context":"https:\/\/schema.org","@graph":[{"@type":"WebPage","@id":"https:\/\/wp.kristdemokraterna.se\/ydre\/2015-10-22-kan-barn-tanka\/","url":"https:\/\/wp.kristdemokraterna.se\/ydre\/2015-10-22-kan-barn-tanka\/","name":"2015-10-22 Kan barn t\u00e4nka? - Kristdemokraterna i Ydre","isPartOf":{"@id":"https:\/\/wp.kristdemokraterna.se\/ydre\/#website"},"primaryImageOfPage":{"@id":"https:\/\/wp.kristdemokraterna.se\/ydre\/2015-10-22-kan-barn-tanka\/#primaryimage"},"image":{"@id":"https:\/\/wp.kristdemokraterna.se\/ydre\/2015-10-22-kan-barn-tanka\/#primaryimage"},"thumbnailUrl":"http:\/\/ydrebo.se\/kd\/veckobrev2015\/hestra_skola.JPG","datePublished":"2018-08-11T16:31:57+00:00","dateModified":"2018-08-11T16:34:30+00:00","breadcrumb":{"@id":"https:\/\/wp.kristdemokraterna.se\/ydre\/2015-10-22-kan-barn-tanka\/#breadcrumb"},"inLanguage":"sv-SE","potentialAction":[{"@type":"ReadAction","target":["https:\/\/wp.kristdemokraterna.se\/ydre\/2015-10-22-kan-barn-tanka\/"]}]},{"@type":"ImageObject","inLanguage":"sv-SE","@id":"https:\/\/wp.kristdemokraterna.se\/ydre\/2015-10-22-kan-barn-tanka\/#primaryimage","url":"http:\/\/ydrebo.se\/kd\/veckobrev2015\/hestra_skola.JPG","contentUrl":"http:\/\/ydrebo.se\/kd\/veckobrev2015\/hestra_skola.JPG"},{"@type":"BreadcrumbList","@id":"https:\/\/wp.kristdemokraterna.se\/ydre\/2015-10-22-kan-barn-tanka\/#breadcrumb","itemListElement":[{"@type":"ListItem","position":1,"name":"Hem","item":"https:\/\/wp.kristdemokraterna.se\/ydre\/"},{"@type":"ListItem","position":2,"name":"2015-10-22 Kan barn t\u00e4nka?"}]},{"@type":"WebSite","@id":"https:\/\/wp.kristdemokraterna.se\/ydre\/#website","url":"https:\/\/wp.kristdemokraterna.se\/ydre\/","name":"Kristdemokraterna i Ydre","description":"En till Kristdemokraterna webbplats","inLanguage":"sv-SE"}]}},"_links":{"self":[{"href":"https:\/\/wp.kristdemokraterna.se\/ydre\/wp-json\/wp\/v2\/pages\/1570","targetHints":{"allow":["GET"]}}],"collection":[{"href":"https:\/\/wp.kristdemokraterna.se\/ydre\/wp-json\/wp\/v2\/pages"}],"about":[{"href":"https:\/\/wp.kristdemokraterna.se\/ydre\/wp-json\/wp\/v2\/types\/page"}],"author":[{"embeddable":true,"href":"https:\/\/wp.kristdemokraterna.se\/ydre\/wp-json\/wp\/v2\/users\/793"}],"replies":[{"embeddable":true,"href":"https:\/\/wp.kristdemokraterna.se\/ydre\/wp-json\/wp\/v2\/comments?post=1570"}],"version-history":[{"count":4,"href":"https:\/\/wp.kristdemokraterna.se\/ydre\/wp-json\/wp\/v2\/pages\/1570\/revisions"}],"predecessor-version":[{"id":1575,"href":"https:\/\/wp.kristdemokraterna.se\/ydre\/wp-json\/wp\/v2\/pages\/1570\/revisions\/1575"}],"wp:attachment":[{"href":"https:\/\/wp.kristdemokraterna.se\/ydre\/wp-json\/wp\/v2\/media?parent=1570"}],"curies":[{"name":"wp","href":"https:\/\/api.w.org\/{rel}","templated":true}]}}