{"id":1576,"date":"2018-08-11T18:37:43","date_gmt":"2018-08-11T16:37:43","guid":{"rendered":"http:\/\/wp.kristdemokraterna.se\/ydre\/?page_id=1576"},"modified":"2018-08-11T18:38:22","modified_gmt":"2018-08-11T16:38:22","slug":"2015-10-30-eld-och-lagor","status":"publish","type":"page","link":"https:\/\/wp.kristdemokraterna.se\/ydre\/2015-10-30-eld-och-lagor\/","title":{"rendered":"2015-10-30 Eld och l\u00e5gor"},"content":{"rendered":"<p>Det kan man bli f\u00f6r m\u00e5nga saker. Men det senaste exemplet \u00e4r bekl\u00e4mmande. Somliga blir i kuslig mening uppt\u00e4nda n\u00e4r de f\u00e5r h\u00f6ra om flyktingboenden. De vill g\u00e4rna veta var dessa byggnader finns. Skall vi ber\u00e4tta det? H\u00e4r i Ydre vet f\u00f6rmodligen alla var de ensamkommande flyktingbarnen bor. Men skall vi sprida informationen?<\/p>\n<p><img loading=\"lazy\" decoding=\"async\" src=\"http:\/\/ydrebo.se\/kd\/veckobrev2015\/bilbrand9.jpg\" width=\"615\" height=\"461\" \/><br \/>\n<i>Ydre R\u00e4ddningstj\u00e4nst \u00f6var.<\/p>\n<p><\/i>Det \u00e4r f\u00f6rskr\u00e4ckligt att man kanske skall h\u00e5lla tyst om var v\u00e5ra g\u00e4ster finns. Det \u00e4r ocks\u00e5 sorgligt att ett visst parti dr\u00f6jt s\u00e5 l\u00e4nge med att f\u00f6rd\u00f6ma de anlagda br\u00e4nderna. Det hade varit b\u00e4ttre om man ocks\u00e5 tagit avst\u00e5nd fr\u00e5n hela den m\u00e4nniskosyn som de invandrarfientliga ger uttryck f\u00f6r.<\/p>\n<p><img loading=\"lazy\" decoding=\"async\" src=\"http:\/\/ydrebo.se\/kd\/veckobrev2015\/jatten_bule.JPG\" width=\"600\" height=\"462\" \/><br \/>\n<i>J\u00e4tten Bulel\u00f6pet \u00e4r en tradition i \u00d6sterbymo.<\/p>\n<p><\/i>Lyckligtvis finns det s\u00e5dant i Ydre som inte beh\u00f6ver hemligh\u00e5llas. Dit h\u00f6r J\u00e4tten Bulel\u00f6pet som varje \u00e5r g\u00e5r s\u00e5 h\u00e4r \u00e5rs. I \u00e5r \u00e4r det fler anm\u00e4lda \u00e4n p\u00e5 l\u00e4nge. S\u00e5 kunskapen om Ydre sprider sig. M\u00e5 det ske \u00e4nnu mer!<\/p>\n<p><i>Bengt Malm, ordf.<br \/>\n30 oktober 2015<\/i><\/p>\n","protected":false},"excerpt":{"rendered":"<p>Det kan man bli f\u00f6r m\u00e5nga saker. Men det senaste exemplet \u00e4r bekl\u00e4mmande. Somliga blir i kuslig mening uppt\u00e4nda n\u00e4r de f\u00e5r h\u00f6ra om flyktingboenden. De vill g\u00e4rna veta var dessa byggnader finns. Skall vi ber\u00e4tta det? H\u00e4r i Ydre vet f\u00f6rmodligen alla var de ensamkommande flyktingbarnen bor. Men skall vi sprida informationen? Ydre R\u00e4ddningstj\u00e4nst <a class=\"read-more-link\" href=\"https:\/\/wp.kristdemokraterna.se\/ydre\/2015-10-30-eld-och-lagor\/\">L\u00e4s mer<\/a><\/p>\n","protected":false},"author":793,"featured_media":0,"parent":0,"menu_order":0,"comment_status":"closed","ping_status":"closed","template":"","meta":{"_acf_changed":false,"footnotes":""},"class_list":["post-1576","page","type-page","status-publish","hentry"],"acf":[],"yoast_head":"<!-- This site is optimized with the Yoast SEO plugin v27.5 - https:\/\/yoast.com\/product\/yoast-seo-wordpress\/ -->\n<title>2015-10-30 Eld och l\u00e5gor - Kristdemokraterna i Ydre<\/title>\n<meta name=\"robots\" content=\"index, follow, max-snippet:-1, max-image-preview:large, max-video-preview:-1\" \/>\n<link rel=\"canonical\" href=\"https:\/\/wp.kristdemokraterna.se\/ydre\/2015-10-30-eld-och-lagor\/\" \/>\n<meta property=\"og:locale\" content=\"sv_SE\" \/>\n<meta property=\"og:type\" content=\"article\" \/>\n<meta property=\"og:title\" content=\"2015-10-30 Eld och l\u00e5gor - Kristdemokraterna i Ydre\" \/>\n<meta property=\"og:description\" content=\"Det kan man bli f\u00f6r m\u00e5nga saker. Men det senaste exemplet \u00e4r bekl\u00e4mmande. Somliga blir i kuslig mening uppt\u00e4nda n\u00e4r de f\u00e5r h\u00f6ra om flyktingboenden. De vill g\u00e4rna veta var dessa byggnader finns. Skall vi ber\u00e4tta det? H\u00e4r i Ydre vet f\u00f6rmodligen alla var de ensamkommande flyktingbarnen bor. Men skall vi sprida informationen? Ydre R\u00e4ddningstj\u00e4nst L\u00e4s mer\" \/>\n<meta property=\"og:url\" content=\"https:\/\/wp.kristdemokraterna.se\/ydre\/2015-10-30-eld-och-lagor\/\" \/>\n<meta property=\"og:site_name\" content=\"Kristdemokraterna i Ydre\" \/>\n<meta property=\"article:modified_time\" content=\"2018-08-11T16:38:22+00:00\" \/>\n<meta property=\"og:image\" content=\"http:\/\/ydrebo.se\/kd\/veckobrev2015\/bilbrand9.jpg\" \/>\n<meta name=\"twitter:card\" content=\"summary_large_image\" \/>\n<meta name=\"twitter:label1\" content=\"Ber\u00e4knad l\u00e4stid\" \/>\n\t<meta name=\"twitter:data1\" content=\"1 minut\" \/>\n<script type=\"application\/ld+json\" class=\"yoast-schema-graph\">{\"@context\":\"https:\\\/\\\/schema.org\",\"@graph\":[{\"@type\":\"WebPage\",\"@id\":\"https:\\\/\\\/wp.kristdemokraterna.se\\\/ydre\\\/2015-10-30-eld-och-lagor\\\/\",\"url\":\"https:\\\/\\\/wp.kristdemokraterna.se\\\/ydre\\\/2015-10-30-eld-och-lagor\\\/\",\"name\":\"2015-10-30 Eld och l\u00e5gor - Kristdemokraterna i Ydre\",\"isPartOf\":{\"@id\":\"https:\\\/\\\/wp.kristdemokraterna.se\\\/ydre\\\/#website\"},\"primaryImageOfPage\":{\"@id\":\"https:\\\/\\\/wp.kristdemokraterna.se\\\/ydre\\\/2015-10-30-eld-och-lagor\\\/#primaryimage\"},\"image\":{\"@id\":\"https:\\\/\\\/wp.kristdemokraterna.se\\\/ydre\\\/2015-10-30-eld-och-lagor\\\/#primaryimage\"},\"thumbnailUrl\":\"http:\\\/\\\/ydrebo.se\\\/kd\\\/veckobrev2015\\\/bilbrand9.jpg\",\"datePublished\":\"2018-08-11T16:37:43+00:00\",\"dateModified\":\"2018-08-11T16:38:22+00:00\",\"breadcrumb\":{\"@id\":\"https:\\\/\\\/wp.kristdemokraterna.se\\\/ydre\\\/2015-10-30-eld-och-lagor\\\/#breadcrumb\"},\"inLanguage\":\"sv-SE\",\"potentialAction\":[{\"@type\":\"ReadAction\",\"target\":[\"https:\\\/\\\/wp.kristdemokraterna.se\\\/ydre\\\/2015-10-30-eld-och-lagor\\\/\"]}]},{\"@type\":\"ImageObject\",\"inLanguage\":\"sv-SE\",\"@id\":\"https:\\\/\\\/wp.kristdemokraterna.se\\\/ydre\\\/2015-10-30-eld-och-lagor\\\/#primaryimage\",\"url\":\"http:\\\/\\\/ydrebo.se\\\/kd\\\/veckobrev2015\\\/bilbrand9.jpg\",\"contentUrl\":\"http:\\\/\\\/ydrebo.se\\\/kd\\\/veckobrev2015\\\/bilbrand9.jpg\"},{\"@type\":\"BreadcrumbList\",\"@id\":\"https:\\\/\\\/wp.kristdemokraterna.se\\\/ydre\\\/2015-10-30-eld-och-lagor\\\/#breadcrumb\",\"itemListElement\":[{\"@type\":\"ListItem\",\"position\":1,\"name\":\"Hem\",\"item\":\"https:\\\/\\\/wp.kristdemokraterna.se\\\/ydre\\\/\"},{\"@type\":\"ListItem\",\"position\":2,\"name\":\"2015-10-30 Eld och l\u00e5gor\"}]},{\"@type\":\"WebSite\",\"@id\":\"https:\\\/\\\/wp.kristdemokraterna.se\\\/ydre\\\/#website\",\"url\":\"https:\\\/\\\/wp.kristdemokraterna.se\\\/ydre\\\/\",\"name\":\"Kristdemokraterna i Ydre\",\"description\":\"En till Kristdemokraterna webbplats\",\"inLanguage\":\"sv-SE\"}]}<\/script>\n<!-- \/ Yoast SEO plugin. -->","yoast_head_json":{"title":"2015-10-30 Eld och l\u00e5gor - Kristdemokraterna i Ydre","robots":{"index":"index","follow":"follow","max-snippet":"max-snippet:-1","max-image-preview":"max-image-preview:large","max-video-preview":"max-video-preview:-1"},"canonical":"https:\/\/wp.kristdemokraterna.se\/ydre\/2015-10-30-eld-och-lagor\/","og_locale":"sv_SE","og_type":"article","og_title":"2015-10-30 Eld och l\u00e5gor - Kristdemokraterna i Ydre","og_description":"Det kan man bli f\u00f6r m\u00e5nga saker. Men det senaste exemplet \u00e4r bekl\u00e4mmande. Somliga blir i kuslig mening uppt\u00e4nda n\u00e4r de f\u00e5r h\u00f6ra om flyktingboenden. De vill g\u00e4rna veta var dessa byggnader finns. Skall vi ber\u00e4tta det? H\u00e4r i Ydre vet f\u00f6rmodligen alla var de ensamkommande flyktingbarnen bor. Men skall vi sprida informationen? Ydre R\u00e4ddningstj\u00e4nst L\u00e4s mer","og_url":"https:\/\/wp.kristdemokraterna.se\/ydre\/2015-10-30-eld-och-lagor\/","og_site_name":"Kristdemokraterna i Ydre","article_modified_time":"2018-08-11T16:38:22+00:00","og_image":[{"url":"http:\/\/ydrebo.se\/kd\/veckobrev2015\/bilbrand9.jpg","type":"","width":"","height":""}],"twitter_card":"summary_large_image","twitter_misc":{"Ber\u00e4knad l\u00e4stid":"1 minut"},"schema":{"@context":"https:\/\/schema.org","@graph":[{"@type":"WebPage","@id":"https:\/\/wp.kristdemokraterna.se\/ydre\/2015-10-30-eld-och-lagor\/","url":"https:\/\/wp.kristdemokraterna.se\/ydre\/2015-10-30-eld-och-lagor\/","name":"2015-10-30 Eld och l\u00e5gor - Kristdemokraterna i Ydre","isPartOf":{"@id":"https:\/\/wp.kristdemokraterna.se\/ydre\/#website"},"primaryImageOfPage":{"@id":"https:\/\/wp.kristdemokraterna.se\/ydre\/2015-10-30-eld-och-lagor\/#primaryimage"},"image":{"@id":"https:\/\/wp.kristdemokraterna.se\/ydre\/2015-10-30-eld-och-lagor\/#primaryimage"},"thumbnailUrl":"http:\/\/ydrebo.se\/kd\/veckobrev2015\/bilbrand9.jpg","datePublished":"2018-08-11T16:37:43+00:00","dateModified":"2018-08-11T16:38:22+00:00","breadcrumb":{"@id":"https:\/\/wp.kristdemokraterna.se\/ydre\/2015-10-30-eld-och-lagor\/#breadcrumb"},"inLanguage":"sv-SE","potentialAction":[{"@type":"ReadAction","target":["https:\/\/wp.kristdemokraterna.se\/ydre\/2015-10-30-eld-och-lagor\/"]}]},{"@type":"ImageObject","inLanguage":"sv-SE","@id":"https:\/\/wp.kristdemokraterna.se\/ydre\/2015-10-30-eld-och-lagor\/#primaryimage","url":"http:\/\/ydrebo.se\/kd\/veckobrev2015\/bilbrand9.jpg","contentUrl":"http:\/\/ydrebo.se\/kd\/veckobrev2015\/bilbrand9.jpg"},{"@type":"BreadcrumbList","@id":"https:\/\/wp.kristdemokraterna.se\/ydre\/2015-10-30-eld-och-lagor\/#breadcrumb","itemListElement":[{"@type":"ListItem","position":1,"name":"Hem","item":"https:\/\/wp.kristdemokraterna.se\/ydre\/"},{"@type":"ListItem","position":2,"name":"2015-10-30 Eld och l\u00e5gor"}]},{"@type":"WebSite","@id":"https:\/\/wp.kristdemokraterna.se\/ydre\/#website","url":"https:\/\/wp.kristdemokraterna.se\/ydre\/","name":"Kristdemokraterna i Ydre","description":"En till Kristdemokraterna webbplats","inLanguage":"sv-SE"}]}},"_links":{"self":[{"href":"https:\/\/wp.kristdemokraterna.se\/ydre\/wp-json\/wp\/v2\/pages\/1576","targetHints":{"allow":["GET"]}}],"collection":[{"href":"https:\/\/wp.kristdemokraterna.se\/ydre\/wp-json\/wp\/v2\/pages"}],"about":[{"href":"https:\/\/wp.kristdemokraterna.se\/ydre\/wp-json\/wp\/v2\/types\/page"}],"author":[{"embeddable":true,"href":"https:\/\/wp.kristdemokraterna.se\/ydre\/wp-json\/wp\/v2\/users\/793"}],"replies":[{"embeddable":true,"href":"https:\/\/wp.kristdemokraterna.se\/ydre\/wp-json\/wp\/v2\/comments?post=1576"}],"version-history":[{"count":2,"href":"https:\/\/wp.kristdemokraterna.se\/ydre\/wp-json\/wp\/v2\/pages\/1576\/revisions"}],"predecessor-version":[{"id":1578,"href":"https:\/\/wp.kristdemokraterna.se\/ydre\/wp-json\/wp\/v2\/pages\/1576\/revisions\/1578"}],"wp:attachment":[{"href":"https:\/\/wp.kristdemokraterna.se\/ydre\/wp-json\/wp\/v2\/media?parent=1576"}],"curies":[{"name":"wp","href":"https:\/\/api.w.org\/{rel}","templated":true}]}}