{"id":1580,"date":"2018-08-11T18:41:07","date_gmt":"2018-08-11T16:41:07","guid":{"rendered":"http:\/\/wp.kristdemokraterna.se\/ydre\/?page_id=1580"},"modified":"2018-08-11T18:42:39","modified_gmt":"2018-08-11T16:42:39","slug":"2015-11-05-litet-bo-jag-satta-vill","status":"publish","type":"page","link":"https:\/\/wp.kristdemokraterna.se\/ydre\/2015-11-05-litet-bo-jag-satta-vill\/","title":{"rendered":"2015-11-05 Litet bo jag s\u00e4tta vill"},"content":{"rendered":"<p><span style=\"font-size: large\">Vem skulle inte vilja bo i Ydre? Men var? Vi f\u00e5r snart bostadsbrist. T\u00e4nk att det kan bli bostadsbrist i en s\u00e5dan glesbygd!<\/span><\/p>\n<p><span style=\"font-size: large\"><img loading=\"lazy\" decoding=\"async\" src=\"http:\/\/ydrebo.se\/kd\/veckobrev\/stuga.JPG\" width=\"400\" height=\"300\" \/><br \/>\n<\/span><span style=\"font-size: medium\"><i>Foto: Barbro Malm<\/i><\/span><\/p>\n<p><span style=\"font-size: large\"><i>Vackert, men h\u00e4r finns ju inte sj\u00f6utsikt!<\/i><\/span><\/p>\n<p><span style=\"font-size: large\">Men det \u00e4r sant att bostadsbristen rycker allt n\u00e4rmare. Kommunen t\u00e4nker f\u00f6rs\u00f6ka k\u00f6pa en del hus f\u00f6r vissa \u00e4ndam\u00e5l. Men det r\u00e4cker inte. F\u00f6r det finns inte bost\u00e4der \u00e5t nya medarbetare i kommunen. Och hur som helst ser vi g\u00e4rna att det blir fler ydrebor.<\/span><\/p>\n<p><img loading=\"lazy\" decoding=\"async\" src=\"http:\/\/ydrebo.se\/kd\/veckobrev\/Norra_Vi2.JPG\" width=\"600\" height=\"450\" \/><br \/>\n<i>Det finns plats f\u00f6r fler bost\u00e4der i Ydre.<\/i><\/p>\n<p><span style=\"font-size: large\">Nu \u00e4r det \u00e4ntligen best\u00e4mt att det skall bli plats f\u00f6r villor n\u00e4ra Torpa Kyrkby. Sedan tidigare har tomter gjorts i ordning p\u00e5 andra h\u00e5ll (fr\u00e4mst f\u00f6r fritidshus). Vi skall ocks\u00e5 satsa p\u00e5 fler hyreshus.<br \/>\nDen v\u00e4xtv\u00e4rk vi pl\u00f6tsligt upplever \u00e4r trots allt l\u00e4ttare att b\u00e4ra \u00e4n problemen i Storstockholm. S\u00e5 varf\u00f6r skall man flytta dit n\u00e4r det g\u00e5r att bo i Ydre?<\/span><\/p>\n<p><i>Bengt Malm, ordf.<br \/>\n8 november 2015<\/i><\/p>\n<p>&nbsp;<\/p>\n","protected":false},"excerpt":{"rendered":"<p>Vem skulle inte vilja bo i Ydre? Men var? Vi f\u00e5r snart bostadsbrist. T\u00e4nk att det kan bli bostadsbrist i en s\u00e5dan glesbygd! Foto: Barbro Malm Vackert, men h\u00e4r finns ju inte sj\u00f6utsikt! Men det \u00e4r sant att bostadsbristen rycker allt n\u00e4rmare. Kommunen t\u00e4nker f\u00f6rs\u00f6ka k\u00f6pa en del hus f\u00f6r vissa \u00e4ndam\u00e5l. Men det r\u00e4cker <a class=\"read-more-link\" href=\"https:\/\/wp.kristdemokraterna.se\/ydre\/2015-11-05-litet-bo-jag-satta-vill\/\">L\u00e4s mer<\/a><\/p>\n","protected":false},"author":793,"featured_media":0,"parent":0,"menu_order":0,"comment_status":"closed","ping_status":"closed","template":"","meta":{"_acf_changed":false,"footnotes":""},"class_list":["post-1580","page","type-page","status-publish","hentry"],"acf":[],"yoast_head":"<!-- This site is optimized with the Yoast SEO plugin v27.5 - https:\/\/yoast.com\/product\/yoast-seo-wordpress\/ -->\n<title>2015-11-05 Litet bo jag s\u00e4tta vill - Kristdemokraterna i Ydre<\/title>\n<meta name=\"robots\" content=\"index, follow, max-snippet:-1, max-image-preview:large, max-video-preview:-1\" \/>\n<link rel=\"canonical\" href=\"https:\/\/wp.kristdemokraterna.se\/ydre\/2015-11-05-litet-bo-jag-satta-vill\/\" \/>\n<meta property=\"og:locale\" content=\"sv_SE\" \/>\n<meta property=\"og:type\" content=\"article\" \/>\n<meta property=\"og:title\" content=\"2015-11-05 Litet bo jag s\u00e4tta vill - Kristdemokraterna i Ydre\" \/>\n<meta property=\"og:description\" content=\"Vem skulle inte vilja bo i Ydre? Men var? Vi f\u00e5r snart bostadsbrist. T\u00e4nk att det kan bli bostadsbrist i en s\u00e5dan glesbygd! Foto: Barbro Malm Vackert, men h\u00e4r finns ju inte sj\u00f6utsikt! Men det \u00e4r sant att bostadsbristen rycker allt n\u00e4rmare. Kommunen t\u00e4nker f\u00f6rs\u00f6ka k\u00f6pa en del hus f\u00f6r vissa \u00e4ndam\u00e5l. Men det r\u00e4cker L\u00e4s mer\" \/>\n<meta property=\"og:url\" content=\"https:\/\/wp.kristdemokraterna.se\/ydre\/2015-11-05-litet-bo-jag-satta-vill\/\" \/>\n<meta property=\"og:site_name\" content=\"Kristdemokraterna i Ydre\" \/>\n<meta property=\"article:modified_time\" content=\"2018-08-11T16:42:39+00:00\" \/>\n<meta property=\"og:image\" content=\"http:\/\/ydrebo.se\/kd\/veckobrev\/stuga.JPG\" \/>\n<meta name=\"twitter:card\" content=\"summary_large_image\" \/>\n<meta name=\"twitter:label1\" content=\"Ber\u00e4knad l\u00e4stid\" \/>\n\t<meta name=\"twitter:data1\" content=\"1 minut\" \/>\n<script type=\"application\/ld+json\" class=\"yoast-schema-graph\">{\"@context\":\"https:\\\/\\\/schema.org\",\"@graph\":[{\"@type\":\"WebPage\",\"@id\":\"https:\\\/\\\/wp.kristdemokraterna.se\\\/ydre\\\/2015-11-05-litet-bo-jag-satta-vill\\\/\",\"url\":\"https:\\\/\\\/wp.kristdemokraterna.se\\\/ydre\\\/2015-11-05-litet-bo-jag-satta-vill\\\/\",\"name\":\"2015-11-05 Litet bo jag s\u00e4tta vill - Kristdemokraterna i Ydre\",\"isPartOf\":{\"@id\":\"https:\\\/\\\/wp.kristdemokraterna.se\\\/ydre\\\/#website\"},\"primaryImageOfPage\":{\"@id\":\"https:\\\/\\\/wp.kristdemokraterna.se\\\/ydre\\\/2015-11-05-litet-bo-jag-satta-vill\\\/#primaryimage\"},\"image\":{\"@id\":\"https:\\\/\\\/wp.kristdemokraterna.se\\\/ydre\\\/2015-11-05-litet-bo-jag-satta-vill\\\/#primaryimage\"},\"thumbnailUrl\":\"http:\\\/\\\/ydrebo.se\\\/kd\\\/veckobrev\\\/stuga.JPG\",\"datePublished\":\"2018-08-11T16:41:07+00:00\",\"dateModified\":\"2018-08-11T16:42:39+00:00\",\"breadcrumb\":{\"@id\":\"https:\\\/\\\/wp.kristdemokraterna.se\\\/ydre\\\/2015-11-05-litet-bo-jag-satta-vill\\\/#breadcrumb\"},\"inLanguage\":\"sv-SE\",\"potentialAction\":[{\"@type\":\"ReadAction\",\"target\":[\"https:\\\/\\\/wp.kristdemokraterna.se\\\/ydre\\\/2015-11-05-litet-bo-jag-satta-vill\\\/\"]}]},{\"@type\":\"ImageObject\",\"inLanguage\":\"sv-SE\",\"@id\":\"https:\\\/\\\/wp.kristdemokraterna.se\\\/ydre\\\/2015-11-05-litet-bo-jag-satta-vill\\\/#primaryimage\",\"url\":\"http:\\\/\\\/ydrebo.se\\\/kd\\\/veckobrev\\\/stuga.JPG\",\"contentUrl\":\"http:\\\/\\\/ydrebo.se\\\/kd\\\/veckobrev\\\/stuga.JPG\"},{\"@type\":\"BreadcrumbList\",\"@id\":\"https:\\\/\\\/wp.kristdemokraterna.se\\\/ydre\\\/2015-11-05-litet-bo-jag-satta-vill\\\/#breadcrumb\",\"itemListElement\":[{\"@type\":\"ListItem\",\"position\":1,\"name\":\"Hem\",\"item\":\"https:\\\/\\\/wp.kristdemokraterna.se\\\/ydre\\\/\"},{\"@type\":\"ListItem\",\"position\":2,\"name\":\"2015-11-05 Litet bo jag s\u00e4tta vill\"}]},{\"@type\":\"WebSite\",\"@id\":\"https:\\\/\\\/wp.kristdemokraterna.se\\\/ydre\\\/#website\",\"url\":\"https:\\\/\\\/wp.kristdemokraterna.se\\\/ydre\\\/\",\"name\":\"Kristdemokraterna i Ydre\",\"description\":\"En till Kristdemokraterna webbplats\",\"inLanguage\":\"sv-SE\"}]}<\/script>\n<!-- \/ Yoast SEO plugin. -->","yoast_head_json":{"title":"2015-11-05 Litet bo jag s\u00e4tta vill - Kristdemokraterna i Ydre","robots":{"index":"index","follow":"follow","max-snippet":"max-snippet:-1","max-image-preview":"max-image-preview:large","max-video-preview":"max-video-preview:-1"},"canonical":"https:\/\/wp.kristdemokraterna.se\/ydre\/2015-11-05-litet-bo-jag-satta-vill\/","og_locale":"sv_SE","og_type":"article","og_title":"2015-11-05 Litet bo jag s\u00e4tta vill - Kristdemokraterna i Ydre","og_description":"Vem skulle inte vilja bo i Ydre? Men var? Vi f\u00e5r snart bostadsbrist. T\u00e4nk att det kan bli bostadsbrist i en s\u00e5dan glesbygd! Foto: Barbro Malm Vackert, men h\u00e4r finns ju inte sj\u00f6utsikt! Men det \u00e4r sant att bostadsbristen rycker allt n\u00e4rmare. Kommunen t\u00e4nker f\u00f6rs\u00f6ka k\u00f6pa en del hus f\u00f6r vissa \u00e4ndam\u00e5l. Men det r\u00e4cker L\u00e4s mer","og_url":"https:\/\/wp.kristdemokraterna.se\/ydre\/2015-11-05-litet-bo-jag-satta-vill\/","og_site_name":"Kristdemokraterna i Ydre","article_modified_time":"2018-08-11T16:42:39+00:00","og_image":[{"url":"http:\/\/ydrebo.se\/kd\/veckobrev\/stuga.JPG","type":"","width":"","height":""}],"twitter_card":"summary_large_image","twitter_misc":{"Ber\u00e4knad l\u00e4stid":"1 minut"},"schema":{"@context":"https:\/\/schema.org","@graph":[{"@type":"WebPage","@id":"https:\/\/wp.kristdemokraterna.se\/ydre\/2015-11-05-litet-bo-jag-satta-vill\/","url":"https:\/\/wp.kristdemokraterna.se\/ydre\/2015-11-05-litet-bo-jag-satta-vill\/","name":"2015-11-05 Litet bo jag s\u00e4tta vill - Kristdemokraterna i Ydre","isPartOf":{"@id":"https:\/\/wp.kristdemokraterna.se\/ydre\/#website"},"primaryImageOfPage":{"@id":"https:\/\/wp.kristdemokraterna.se\/ydre\/2015-11-05-litet-bo-jag-satta-vill\/#primaryimage"},"image":{"@id":"https:\/\/wp.kristdemokraterna.se\/ydre\/2015-11-05-litet-bo-jag-satta-vill\/#primaryimage"},"thumbnailUrl":"http:\/\/ydrebo.se\/kd\/veckobrev\/stuga.JPG","datePublished":"2018-08-11T16:41:07+00:00","dateModified":"2018-08-11T16:42:39+00:00","breadcrumb":{"@id":"https:\/\/wp.kristdemokraterna.se\/ydre\/2015-11-05-litet-bo-jag-satta-vill\/#breadcrumb"},"inLanguage":"sv-SE","potentialAction":[{"@type":"ReadAction","target":["https:\/\/wp.kristdemokraterna.se\/ydre\/2015-11-05-litet-bo-jag-satta-vill\/"]}]},{"@type":"ImageObject","inLanguage":"sv-SE","@id":"https:\/\/wp.kristdemokraterna.se\/ydre\/2015-11-05-litet-bo-jag-satta-vill\/#primaryimage","url":"http:\/\/ydrebo.se\/kd\/veckobrev\/stuga.JPG","contentUrl":"http:\/\/ydrebo.se\/kd\/veckobrev\/stuga.JPG"},{"@type":"BreadcrumbList","@id":"https:\/\/wp.kristdemokraterna.se\/ydre\/2015-11-05-litet-bo-jag-satta-vill\/#breadcrumb","itemListElement":[{"@type":"ListItem","position":1,"name":"Hem","item":"https:\/\/wp.kristdemokraterna.se\/ydre\/"},{"@type":"ListItem","position":2,"name":"2015-11-05 Litet bo jag s\u00e4tta vill"}]},{"@type":"WebSite","@id":"https:\/\/wp.kristdemokraterna.se\/ydre\/#website","url":"https:\/\/wp.kristdemokraterna.se\/ydre\/","name":"Kristdemokraterna i Ydre","description":"En till Kristdemokraterna webbplats","inLanguage":"sv-SE"}]}},"_links":{"self":[{"href":"https:\/\/wp.kristdemokraterna.se\/ydre\/wp-json\/wp\/v2\/pages\/1580","targetHints":{"allow":["GET"]}}],"collection":[{"href":"https:\/\/wp.kristdemokraterna.se\/ydre\/wp-json\/wp\/v2\/pages"}],"about":[{"href":"https:\/\/wp.kristdemokraterna.se\/ydre\/wp-json\/wp\/v2\/types\/page"}],"author":[{"embeddable":true,"href":"https:\/\/wp.kristdemokraterna.se\/ydre\/wp-json\/wp\/v2\/users\/793"}],"replies":[{"embeddable":true,"href":"https:\/\/wp.kristdemokraterna.se\/ydre\/wp-json\/wp\/v2\/comments?post=1580"}],"version-history":[{"count":4,"href":"https:\/\/wp.kristdemokraterna.se\/ydre\/wp-json\/wp\/v2\/pages\/1580\/revisions"}],"predecessor-version":[{"id":1584,"href":"https:\/\/wp.kristdemokraterna.se\/ydre\/wp-json\/wp\/v2\/pages\/1580\/revisions\/1584"}],"wp:attachment":[{"href":"https:\/\/wp.kristdemokraterna.se\/ydre\/wp-json\/wp\/v2\/media?parent=1580"}],"curies":[{"name":"wp","href":"https:\/\/api.w.org\/{rel}","templated":true}]}}