{"id":1586,"date":"2018-08-11T18:44:42","date_gmt":"2018-08-11T16:44:42","guid":{"rendered":"http:\/\/wp.kristdemokraterna.se\/ydre\/?page_id=1586"},"modified":"2018-08-11T18:45:02","modified_gmt":"2018-08-11T16:45:02","slug":"2015-11-14-hatets-dag","status":"publish","type":"page","link":"https:\/\/wp.kristdemokraterna.se\/ydre\/2015-11-14-hatets-dag\/","title":{"rendered":"2015-11-14 Hatets dag"},"content":{"rendered":"<p>En s\u00e5dan h\u00e4r dag finns det inget annat att skriva om \u00e4n fredagen den trettonde i Paris.<\/p>\n<p><img loading=\"lazy\" decoding=\"async\" src=\"http:\/\/ydrebo.se\/kd\/veckobrev2015\/ruin.JPG\" width=\"600\" height=\"462\" \/><br \/>\n<i>Friden \u00e4r fj\u00e4rran.<\/p>\n<p><\/i>M\u00e5nga \u00e4r de som d\u00f6tt i terrorattackerna. M\u00e5nga \u00e4r de familjer som f\u00f6rlorat en anh\u00f6rig. M\u00e5nga \u00e4r de skadade &#8211; en hel del av dem allvarligt. Och m\u00e5nga \u00e4r de som uttrycker sorg och vrede<br \/>\nHur kan s\u00e5dant h\u00e4nda? Hur kan hatet bli s\u00e5 starkt att man g\u00f6r s\u00e5 h\u00e4r?<br \/>\nEfter andra v\u00e4rldskriget fick man veta en del om t\u00e4nkandet hos dem som var inblandade i &#8221;den gudomliga vinden&#8221; (<i>kamikaze<\/i>) i Japan. S\u00e4rskilt utvalda och tr\u00e4nade piloter fl\u00f6g med sina flygplan rakt mot fiendens krigsfartyg. Kv\u00e4llen f\u00f6re ett s\u00e5dant uppdrag h\u00f6lls en avskedsfest d\u00e4r man redan hyllade piloterna som avundsv\u00e4rda krigshj\u00e4ltar.<br \/>\nVar det k\u00e4rlek som omgav piloterna? Ingalunda. En g\u00e5ng misslyckades en grupp att n\u00e5 sitt m\u00e5l p\u00e5 grund av d\u00e5ligt v\u00e4der. N\u00e4r flygarna \u00e5terv\u00e4nde m\u00f6ttes de inte av n\u00e5got v\u00e4nligt beklagande. Tv\u00e4rtom behandlades de som utst\u00f6tta. Flygarna hade hatat fienden men ins\u00e5g nu att de sj\u00e4lva var minst lika hatade av sina uppdragsgivare. Det \u00e4r s\u00e5 ondskan fungerar. Den hatar alltid sina redskap.<br \/>\nTerroristerna i Paris eller p\u00e5 andra st\u00e4llen hamnar i en situation d\u00e4r n\u00e4stan alla hatar dem. Deras offer kommer att hata dem, Men de som s\u00e4nt ut dem hatar dem ocks\u00e5. Och inte \u00e4lskar terroristerna sig sj\u00e4lva. F\u00f6r dem g\u00e4ller bara budet: &#8221;Hata din n\u00e4sta som dig sj\u00e4lv.&#8221;<br \/>\nVilka skall vi nu hata \u00e5 v\u00e5r sida? Ingen. Vi f\u00e5r bek\u00e4mpa terrorismen \u00e4nnu mer. Men hatets dag f\u00e5r inte bli b\u00f6rjan p\u00e5 en hatets tid.<\/p>\n<p><i>Bengt Malm, ordf.<br \/>\n14 november 2015<\/i><\/p>\n","protected":false},"excerpt":{"rendered":"<p>En s\u00e5dan h\u00e4r dag finns det inget annat att skriva om \u00e4n fredagen den trettonde i Paris. Friden \u00e4r fj\u00e4rran. M\u00e5nga \u00e4r de som d\u00f6tt i terrorattackerna. M\u00e5nga \u00e4r de familjer som f\u00f6rlorat en anh\u00f6rig. M\u00e5nga \u00e4r de skadade &#8211; en hel del av dem allvarligt. Och m\u00e5nga \u00e4r de som uttrycker sorg och vrede <a class=\"read-more-link\" href=\"https:\/\/wp.kristdemokraterna.se\/ydre\/2015-11-14-hatets-dag\/\">L\u00e4s mer<\/a><\/p>\n","protected":false},"author":793,"featured_media":0,"parent":0,"menu_order":0,"comment_status":"closed","ping_status":"closed","template":"","meta":{"_acf_changed":false,"footnotes":""},"class_list":["post-1586","page","type-page","status-publish","hentry"],"acf":[],"yoast_head":"<!-- This site is optimized with the Yoast SEO plugin v27.5 - https:\/\/yoast.com\/product\/yoast-seo-wordpress\/ -->\n<title>2015-11-14 Hatets dag - Kristdemokraterna i Ydre<\/title>\n<meta name=\"robots\" content=\"index, follow, max-snippet:-1, max-image-preview:large, max-video-preview:-1\" \/>\n<link rel=\"canonical\" href=\"https:\/\/wp.kristdemokraterna.se\/ydre\/2015-11-14-hatets-dag\/\" \/>\n<meta property=\"og:locale\" content=\"sv_SE\" \/>\n<meta property=\"og:type\" content=\"article\" \/>\n<meta property=\"og:title\" content=\"2015-11-14 Hatets dag - Kristdemokraterna i Ydre\" \/>\n<meta property=\"og:description\" content=\"En s\u00e5dan h\u00e4r dag finns det inget annat att skriva om \u00e4n fredagen den trettonde i Paris. Friden \u00e4r fj\u00e4rran. M\u00e5nga \u00e4r de som d\u00f6tt i terrorattackerna. M\u00e5nga \u00e4r de familjer som f\u00f6rlorat en anh\u00f6rig. M\u00e5nga \u00e4r de skadade &#8211; en hel del av dem allvarligt. Och m\u00e5nga \u00e4r de som uttrycker sorg och vrede L\u00e4s mer\" \/>\n<meta property=\"og:url\" content=\"https:\/\/wp.kristdemokraterna.se\/ydre\/2015-11-14-hatets-dag\/\" \/>\n<meta property=\"og:site_name\" content=\"Kristdemokraterna i Ydre\" \/>\n<meta property=\"article:modified_time\" content=\"2018-08-11T16:45:02+00:00\" \/>\n<meta property=\"og:image\" content=\"http:\/\/ydrebo.se\/kd\/veckobrev2015\/ruin.JPG\" \/>\n<meta name=\"twitter:card\" content=\"summary_large_image\" \/>\n<meta name=\"twitter:label1\" content=\"Ber\u00e4knad l\u00e4stid\" \/>\n\t<meta name=\"twitter:data1\" content=\"2 minuter\" \/>\n<script type=\"application\/ld+json\" class=\"yoast-schema-graph\">{\"@context\":\"https:\\\/\\\/schema.org\",\"@graph\":[{\"@type\":\"WebPage\",\"@id\":\"https:\\\/\\\/wp.kristdemokraterna.se\\\/ydre\\\/2015-11-14-hatets-dag\\\/\",\"url\":\"https:\\\/\\\/wp.kristdemokraterna.se\\\/ydre\\\/2015-11-14-hatets-dag\\\/\",\"name\":\"2015-11-14 Hatets dag - Kristdemokraterna i Ydre\",\"isPartOf\":{\"@id\":\"https:\\\/\\\/wp.kristdemokraterna.se\\\/ydre\\\/#website\"},\"primaryImageOfPage\":{\"@id\":\"https:\\\/\\\/wp.kristdemokraterna.se\\\/ydre\\\/2015-11-14-hatets-dag\\\/#primaryimage\"},\"image\":{\"@id\":\"https:\\\/\\\/wp.kristdemokraterna.se\\\/ydre\\\/2015-11-14-hatets-dag\\\/#primaryimage\"},\"thumbnailUrl\":\"http:\\\/\\\/ydrebo.se\\\/kd\\\/veckobrev2015\\\/ruin.JPG\",\"datePublished\":\"2018-08-11T16:44:42+00:00\",\"dateModified\":\"2018-08-11T16:45:02+00:00\",\"breadcrumb\":{\"@id\":\"https:\\\/\\\/wp.kristdemokraterna.se\\\/ydre\\\/2015-11-14-hatets-dag\\\/#breadcrumb\"},\"inLanguage\":\"sv-SE\",\"potentialAction\":[{\"@type\":\"ReadAction\",\"target\":[\"https:\\\/\\\/wp.kristdemokraterna.se\\\/ydre\\\/2015-11-14-hatets-dag\\\/\"]}]},{\"@type\":\"ImageObject\",\"inLanguage\":\"sv-SE\",\"@id\":\"https:\\\/\\\/wp.kristdemokraterna.se\\\/ydre\\\/2015-11-14-hatets-dag\\\/#primaryimage\",\"url\":\"http:\\\/\\\/ydrebo.se\\\/kd\\\/veckobrev2015\\\/ruin.JPG\",\"contentUrl\":\"http:\\\/\\\/ydrebo.se\\\/kd\\\/veckobrev2015\\\/ruin.JPG\"},{\"@type\":\"BreadcrumbList\",\"@id\":\"https:\\\/\\\/wp.kristdemokraterna.se\\\/ydre\\\/2015-11-14-hatets-dag\\\/#breadcrumb\",\"itemListElement\":[{\"@type\":\"ListItem\",\"position\":1,\"name\":\"Hem\",\"item\":\"https:\\\/\\\/wp.kristdemokraterna.se\\\/ydre\\\/\"},{\"@type\":\"ListItem\",\"position\":2,\"name\":\"2015-11-14 Hatets dag\"}]},{\"@type\":\"WebSite\",\"@id\":\"https:\\\/\\\/wp.kristdemokraterna.se\\\/ydre\\\/#website\",\"url\":\"https:\\\/\\\/wp.kristdemokraterna.se\\\/ydre\\\/\",\"name\":\"Kristdemokraterna i Ydre\",\"description\":\"En till Kristdemokraterna webbplats\",\"inLanguage\":\"sv-SE\"}]}<\/script>\n<!-- \/ Yoast SEO plugin. -->","yoast_head_json":{"title":"2015-11-14 Hatets dag - Kristdemokraterna i Ydre","robots":{"index":"index","follow":"follow","max-snippet":"max-snippet:-1","max-image-preview":"max-image-preview:large","max-video-preview":"max-video-preview:-1"},"canonical":"https:\/\/wp.kristdemokraterna.se\/ydre\/2015-11-14-hatets-dag\/","og_locale":"sv_SE","og_type":"article","og_title":"2015-11-14 Hatets dag - Kristdemokraterna i Ydre","og_description":"En s\u00e5dan h\u00e4r dag finns det inget annat att skriva om \u00e4n fredagen den trettonde i Paris. Friden \u00e4r fj\u00e4rran. M\u00e5nga \u00e4r de som d\u00f6tt i terrorattackerna. M\u00e5nga \u00e4r de familjer som f\u00f6rlorat en anh\u00f6rig. M\u00e5nga \u00e4r de skadade &#8211; en hel del av dem allvarligt. Och m\u00e5nga \u00e4r de som uttrycker sorg och vrede L\u00e4s mer","og_url":"https:\/\/wp.kristdemokraterna.se\/ydre\/2015-11-14-hatets-dag\/","og_site_name":"Kristdemokraterna i Ydre","article_modified_time":"2018-08-11T16:45:02+00:00","og_image":[{"url":"http:\/\/ydrebo.se\/kd\/veckobrev2015\/ruin.JPG","type":"","width":"","height":""}],"twitter_card":"summary_large_image","twitter_misc":{"Ber\u00e4knad l\u00e4stid":"2 minuter"},"schema":{"@context":"https:\/\/schema.org","@graph":[{"@type":"WebPage","@id":"https:\/\/wp.kristdemokraterna.se\/ydre\/2015-11-14-hatets-dag\/","url":"https:\/\/wp.kristdemokraterna.se\/ydre\/2015-11-14-hatets-dag\/","name":"2015-11-14 Hatets dag - Kristdemokraterna i Ydre","isPartOf":{"@id":"https:\/\/wp.kristdemokraterna.se\/ydre\/#website"},"primaryImageOfPage":{"@id":"https:\/\/wp.kristdemokraterna.se\/ydre\/2015-11-14-hatets-dag\/#primaryimage"},"image":{"@id":"https:\/\/wp.kristdemokraterna.se\/ydre\/2015-11-14-hatets-dag\/#primaryimage"},"thumbnailUrl":"http:\/\/ydrebo.se\/kd\/veckobrev2015\/ruin.JPG","datePublished":"2018-08-11T16:44:42+00:00","dateModified":"2018-08-11T16:45:02+00:00","breadcrumb":{"@id":"https:\/\/wp.kristdemokraterna.se\/ydre\/2015-11-14-hatets-dag\/#breadcrumb"},"inLanguage":"sv-SE","potentialAction":[{"@type":"ReadAction","target":["https:\/\/wp.kristdemokraterna.se\/ydre\/2015-11-14-hatets-dag\/"]}]},{"@type":"ImageObject","inLanguage":"sv-SE","@id":"https:\/\/wp.kristdemokraterna.se\/ydre\/2015-11-14-hatets-dag\/#primaryimage","url":"http:\/\/ydrebo.se\/kd\/veckobrev2015\/ruin.JPG","contentUrl":"http:\/\/ydrebo.se\/kd\/veckobrev2015\/ruin.JPG"},{"@type":"BreadcrumbList","@id":"https:\/\/wp.kristdemokraterna.se\/ydre\/2015-11-14-hatets-dag\/#breadcrumb","itemListElement":[{"@type":"ListItem","position":1,"name":"Hem","item":"https:\/\/wp.kristdemokraterna.se\/ydre\/"},{"@type":"ListItem","position":2,"name":"2015-11-14 Hatets dag"}]},{"@type":"WebSite","@id":"https:\/\/wp.kristdemokraterna.se\/ydre\/#website","url":"https:\/\/wp.kristdemokraterna.se\/ydre\/","name":"Kristdemokraterna i Ydre","description":"En till Kristdemokraterna webbplats","inLanguage":"sv-SE"}]}},"_links":{"self":[{"href":"https:\/\/wp.kristdemokraterna.se\/ydre\/wp-json\/wp\/v2\/pages\/1586","targetHints":{"allow":["GET"]}}],"collection":[{"href":"https:\/\/wp.kristdemokraterna.se\/ydre\/wp-json\/wp\/v2\/pages"}],"about":[{"href":"https:\/\/wp.kristdemokraterna.se\/ydre\/wp-json\/wp\/v2\/types\/page"}],"author":[{"embeddable":true,"href":"https:\/\/wp.kristdemokraterna.se\/ydre\/wp-json\/wp\/v2\/users\/793"}],"replies":[{"embeddable":true,"href":"https:\/\/wp.kristdemokraterna.se\/ydre\/wp-json\/wp\/v2\/comments?post=1586"}],"version-history":[{"count":2,"href":"https:\/\/wp.kristdemokraterna.se\/ydre\/wp-json\/wp\/v2\/pages\/1586\/revisions"}],"predecessor-version":[{"id":1588,"href":"https:\/\/wp.kristdemokraterna.se\/ydre\/wp-json\/wp\/v2\/pages\/1586\/revisions\/1588"}],"wp:attachment":[{"href":"https:\/\/wp.kristdemokraterna.se\/ydre\/wp-json\/wp\/v2\/media?parent=1586"}],"curies":[{"name":"wp","href":"https:\/\/api.w.org\/{rel}","templated":true}]}}