{"id":1590,"date":"2018-08-11T18:46:48","date_gmt":"2018-08-11T16:46:48","guid":{"rendered":"http:\/\/wp.kristdemokraterna.se\/ydre\/?page_id=1590"},"modified":"2018-08-11T18:47:04","modified_gmt":"2018-08-11T16:47:04","slug":"2015-11-21-fruktans-tid","status":"publish","type":"page","link":"https:\/\/wp.kristdemokraterna.se\/ydre\/2015-11-21-fruktans-tid\/","title":{"rendered":"2015-11 -21 Fruktans tid"},"content":{"rendered":"<p>Efter terrord\u00e5den i Paris har det kommit or\u00e4kneliga kommentarer. Mer \u00e4n en har nog tyckt att vi nu vet litet av vad flyktingarna har f\u00f6rs\u00f6kt komma ifr\u00e5n.<\/p>\n<p><img loading=\"lazy\" decoding=\"async\" src=\"http:\/\/ydrebo.se\/kd\/veckobrev2015\/skogssjo.JPG\" width=\"600\" height=\"450\" \/><br \/>\n<i>Hos oss \u00e4r det ju lugnt.<\/p>\n<p><\/i>Andra \u00e5ter har h\u00f6rts fundera \u00f6ver hur det skulle vara att sj\u00e4lva beh\u00f6va fly. G\u00e5r det att s\u00e4tta sig in i ett l\u00e4ge d\u00e5 grannarna ger sig av och man sj\u00e4lv m\u00e5ste best\u00e4mma sig?<br \/>\nMedan den ena regeringen efter den andra vidtar \u00e5tg\u00e4rder f\u00f6r att skydda sitt land verkar det bli sv\u00e5rare f\u00f6r flyktingar fr\u00e5n Syrien att f\u00e5 en fristad i Europa eller USA.<br \/>\n\u00c4nnu f\u00f6r tio dagar sedan trodde v\u00e4l f\u00e5 att vi skulle f\u00e5 r\u00e5d om hur man l\u00e4mpligen beter sig i ett farligt l\u00e4ge.<br \/>\nAllt detta har h\u00e4nt sedan kallelsen till n\u00e4sta kommunfullm\u00e4ktigesammantr\u00e4de s\u00e4ndes ut. Det enda problem som f\u00f6ruts\u00e5gs var utrymmesbrist f\u00f6r asyls\u00f6kande. H\u00e4r i Ydre vill kommunstyrelsen f\u00e5 kommunfullm\u00e4ktiges tillst\u00e5nd att k\u00f6pa fler hus. Dessutom m\u00e5ste vi nog bygga fler bost\u00e4der.<br \/>\nF\u00f6r vi skall forts\u00e4tta att leva. Ydre skall forts\u00e4tta ett leva p\u00e5 s\u00e5 vanligt s\u00e4tt som m\u00f6jligt. Vi hoppas att vi inte skall beh\u00f6va f\u00e5 s\u00e5 mycket h\u00f6gre buller \u00e4n skogarnas sus och vattnens porlande. Kanske v\u00e5r milj\u00f6 kan ge l\u00e4kedom \u00e5t s\u00e5dana som beh\u00f6ver det.<\/p>\n<p><i>Bengt Malm, ordf.<br \/>\n21 november 2015<\/i><\/p>\n","protected":false},"excerpt":{"rendered":"<p>Efter terrord\u00e5den i Paris har det kommit or\u00e4kneliga kommentarer. Mer \u00e4n en har nog tyckt att vi nu vet litet av vad flyktingarna har f\u00f6rs\u00f6kt komma ifr\u00e5n. Hos oss \u00e4r det ju lugnt. Andra \u00e5ter har h\u00f6rts fundera \u00f6ver hur det skulle vara att sj\u00e4lva beh\u00f6va fly. G\u00e5r det att s\u00e4tta sig in i ett <a class=\"read-more-link\" href=\"https:\/\/wp.kristdemokraterna.se\/ydre\/2015-11-21-fruktans-tid\/\">L\u00e4s mer<\/a><\/p>\n","protected":false},"author":793,"featured_media":0,"parent":0,"menu_order":0,"comment_status":"closed","ping_status":"closed","template":"","meta":{"_acf_changed":false,"footnotes":""},"class_list":["post-1590","page","type-page","status-publish","hentry"],"acf":[],"yoast_head":"<!-- This site is optimized with the Yoast SEO plugin v27.5 - https:\/\/yoast.com\/product\/yoast-seo-wordpress\/ -->\n<title>2015-11 -21 Fruktans tid - Kristdemokraterna i Ydre<\/title>\n<meta name=\"robots\" content=\"index, follow, max-snippet:-1, max-image-preview:large, max-video-preview:-1\" \/>\n<link rel=\"canonical\" href=\"https:\/\/wp.kristdemokraterna.se\/ydre\/2015-11-21-fruktans-tid\/\" \/>\n<meta property=\"og:locale\" content=\"sv_SE\" \/>\n<meta property=\"og:type\" content=\"article\" \/>\n<meta property=\"og:title\" content=\"2015-11 -21 Fruktans tid - Kristdemokraterna i Ydre\" \/>\n<meta property=\"og:description\" content=\"Efter terrord\u00e5den i Paris har det kommit or\u00e4kneliga kommentarer. Mer \u00e4n en har nog tyckt att vi nu vet litet av vad flyktingarna har f\u00f6rs\u00f6kt komma ifr\u00e5n. Hos oss \u00e4r det ju lugnt. Andra \u00e5ter har h\u00f6rts fundera \u00f6ver hur det skulle vara att sj\u00e4lva beh\u00f6va fly. G\u00e5r det att s\u00e4tta sig in i ett L\u00e4s mer\" \/>\n<meta property=\"og:url\" content=\"https:\/\/wp.kristdemokraterna.se\/ydre\/2015-11-21-fruktans-tid\/\" \/>\n<meta property=\"og:site_name\" content=\"Kristdemokraterna i Ydre\" \/>\n<meta property=\"article:modified_time\" content=\"2018-08-11T16:47:04+00:00\" \/>\n<meta property=\"og:image\" content=\"http:\/\/ydrebo.se\/kd\/veckobrev2015\/skogssjo.JPG\" \/>\n<meta name=\"twitter:card\" content=\"summary_large_image\" \/>\n<meta name=\"twitter:label1\" content=\"Ber\u00e4knad l\u00e4stid\" \/>\n\t<meta name=\"twitter:data1\" content=\"1 minut\" \/>\n<script type=\"application\/ld+json\" class=\"yoast-schema-graph\">{\"@context\":\"https:\\\/\\\/schema.org\",\"@graph\":[{\"@type\":\"WebPage\",\"@id\":\"https:\\\/\\\/wp.kristdemokraterna.se\\\/ydre\\\/2015-11-21-fruktans-tid\\\/\",\"url\":\"https:\\\/\\\/wp.kristdemokraterna.se\\\/ydre\\\/2015-11-21-fruktans-tid\\\/\",\"name\":\"2015-11 -21 Fruktans tid - Kristdemokraterna i Ydre\",\"isPartOf\":{\"@id\":\"https:\\\/\\\/wp.kristdemokraterna.se\\\/ydre\\\/#website\"},\"primaryImageOfPage\":{\"@id\":\"https:\\\/\\\/wp.kristdemokraterna.se\\\/ydre\\\/2015-11-21-fruktans-tid\\\/#primaryimage\"},\"image\":{\"@id\":\"https:\\\/\\\/wp.kristdemokraterna.se\\\/ydre\\\/2015-11-21-fruktans-tid\\\/#primaryimage\"},\"thumbnailUrl\":\"http:\\\/\\\/ydrebo.se\\\/kd\\\/veckobrev2015\\\/skogssjo.JPG\",\"datePublished\":\"2018-08-11T16:46:48+00:00\",\"dateModified\":\"2018-08-11T16:47:04+00:00\",\"breadcrumb\":{\"@id\":\"https:\\\/\\\/wp.kristdemokraterna.se\\\/ydre\\\/2015-11-21-fruktans-tid\\\/#breadcrumb\"},\"inLanguage\":\"sv-SE\",\"potentialAction\":[{\"@type\":\"ReadAction\",\"target\":[\"https:\\\/\\\/wp.kristdemokraterna.se\\\/ydre\\\/2015-11-21-fruktans-tid\\\/\"]}]},{\"@type\":\"ImageObject\",\"inLanguage\":\"sv-SE\",\"@id\":\"https:\\\/\\\/wp.kristdemokraterna.se\\\/ydre\\\/2015-11-21-fruktans-tid\\\/#primaryimage\",\"url\":\"http:\\\/\\\/ydrebo.se\\\/kd\\\/veckobrev2015\\\/skogssjo.JPG\",\"contentUrl\":\"http:\\\/\\\/ydrebo.se\\\/kd\\\/veckobrev2015\\\/skogssjo.JPG\"},{\"@type\":\"BreadcrumbList\",\"@id\":\"https:\\\/\\\/wp.kristdemokraterna.se\\\/ydre\\\/2015-11-21-fruktans-tid\\\/#breadcrumb\",\"itemListElement\":[{\"@type\":\"ListItem\",\"position\":1,\"name\":\"Hem\",\"item\":\"https:\\\/\\\/wp.kristdemokraterna.se\\\/ydre\\\/\"},{\"@type\":\"ListItem\",\"position\":2,\"name\":\"2015-11 -21 Fruktans tid\"}]},{\"@type\":\"WebSite\",\"@id\":\"https:\\\/\\\/wp.kristdemokraterna.se\\\/ydre\\\/#website\",\"url\":\"https:\\\/\\\/wp.kristdemokraterna.se\\\/ydre\\\/\",\"name\":\"Kristdemokraterna i Ydre\",\"description\":\"En till Kristdemokraterna webbplats\",\"inLanguage\":\"sv-SE\"}]}<\/script>\n<!-- \/ Yoast SEO plugin. -->","yoast_head_json":{"title":"2015-11 -21 Fruktans tid - Kristdemokraterna i Ydre","robots":{"index":"index","follow":"follow","max-snippet":"max-snippet:-1","max-image-preview":"max-image-preview:large","max-video-preview":"max-video-preview:-1"},"canonical":"https:\/\/wp.kristdemokraterna.se\/ydre\/2015-11-21-fruktans-tid\/","og_locale":"sv_SE","og_type":"article","og_title":"2015-11 -21 Fruktans tid - Kristdemokraterna i Ydre","og_description":"Efter terrord\u00e5den i Paris har det kommit or\u00e4kneliga kommentarer. Mer \u00e4n en har nog tyckt att vi nu vet litet av vad flyktingarna har f\u00f6rs\u00f6kt komma ifr\u00e5n. Hos oss \u00e4r det ju lugnt. Andra \u00e5ter har h\u00f6rts fundera \u00f6ver hur det skulle vara att sj\u00e4lva beh\u00f6va fly. G\u00e5r det att s\u00e4tta sig in i ett L\u00e4s mer","og_url":"https:\/\/wp.kristdemokraterna.se\/ydre\/2015-11-21-fruktans-tid\/","og_site_name":"Kristdemokraterna i Ydre","article_modified_time":"2018-08-11T16:47:04+00:00","og_image":[{"url":"http:\/\/ydrebo.se\/kd\/veckobrev2015\/skogssjo.JPG","type":"","width":"","height":""}],"twitter_card":"summary_large_image","twitter_misc":{"Ber\u00e4knad l\u00e4stid":"1 minut"},"schema":{"@context":"https:\/\/schema.org","@graph":[{"@type":"WebPage","@id":"https:\/\/wp.kristdemokraterna.se\/ydre\/2015-11-21-fruktans-tid\/","url":"https:\/\/wp.kristdemokraterna.se\/ydre\/2015-11-21-fruktans-tid\/","name":"2015-11 -21 Fruktans tid - Kristdemokraterna i Ydre","isPartOf":{"@id":"https:\/\/wp.kristdemokraterna.se\/ydre\/#website"},"primaryImageOfPage":{"@id":"https:\/\/wp.kristdemokraterna.se\/ydre\/2015-11-21-fruktans-tid\/#primaryimage"},"image":{"@id":"https:\/\/wp.kristdemokraterna.se\/ydre\/2015-11-21-fruktans-tid\/#primaryimage"},"thumbnailUrl":"http:\/\/ydrebo.se\/kd\/veckobrev2015\/skogssjo.JPG","datePublished":"2018-08-11T16:46:48+00:00","dateModified":"2018-08-11T16:47:04+00:00","breadcrumb":{"@id":"https:\/\/wp.kristdemokraterna.se\/ydre\/2015-11-21-fruktans-tid\/#breadcrumb"},"inLanguage":"sv-SE","potentialAction":[{"@type":"ReadAction","target":["https:\/\/wp.kristdemokraterna.se\/ydre\/2015-11-21-fruktans-tid\/"]}]},{"@type":"ImageObject","inLanguage":"sv-SE","@id":"https:\/\/wp.kristdemokraterna.se\/ydre\/2015-11-21-fruktans-tid\/#primaryimage","url":"http:\/\/ydrebo.se\/kd\/veckobrev2015\/skogssjo.JPG","contentUrl":"http:\/\/ydrebo.se\/kd\/veckobrev2015\/skogssjo.JPG"},{"@type":"BreadcrumbList","@id":"https:\/\/wp.kristdemokraterna.se\/ydre\/2015-11-21-fruktans-tid\/#breadcrumb","itemListElement":[{"@type":"ListItem","position":1,"name":"Hem","item":"https:\/\/wp.kristdemokraterna.se\/ydre\/"},{"@type":"ListItem","position":2,"name":"2015-11 -21 Fruktans tid"}]},{"@type":"WebSite","@id":"https:\/\/wp.kristdemokraterna.se\/ydre\/#website","url":"https:\/\/wp.kristdemokraterna.se\/ydre\/","name":"Kristdemokraterna i Ydre","description":"En till Kristdemokraterna webbplats","inLanguage":"sv-SE"}]}},"_links":{"self":[{"href":"https:\/\/wp.kristdemokraterna.se\/ydre\/wp-json\/wp\/v2\/pages\/1590","targetHints":{"allow":["GET"]}}],"collection":[{"href":"https:\/\/wp.kristdemokraterna.se\/ydre\/wp-json\/wp\/v2\/pages"}],"about":[{"href":"https:\/\/wp.kristdemokraterna.se\/ydre\/wp-json\/wp\/v2\/types\/page"}],"author":[{"embeddable":true,"href":"https:\/\/wp.kristdemokraterna.se\/ydre\/wp-json\/wp\/v2\/users\/793"}],"replies":[{"embeddable":true,"href":"https:\/\/wp.kristdemokraterna.se\/ydre\/wp-json\/wp\/v2\/comments?post=1590"}],"version-history":[{"count":2,"href":"https:\/\/wp.kristdemokraterna.se\/ydre\/wp-json\/wp\/v2\/pages\/1590\/revisions"}],"predecessor-version":[{"id":1592,"href":"https:\/\/wp.kristdemokraterna.se\/ydre\/wp-json\/wp\/v2\/pages\/1590\/revisions\/1592"}],"wp:attachment":[{"href":"https:\/\/wp.kristdemokraterna.se\/ydre\/wp-json\/wp\/v2\/media?parent=1590"}],"curies":[{"name":"wp","href":"https:\/\/api.w.org\/{rel}","templated":true}]}}