{"id":1594,"date":"2018-08-11T18:48:53","date_gmt":"2018-08-11T16:48:53","guid":{"rendered":"http:\/\/wp.kristdemokraterna.se\/ydre\/?page_id=1594"},"modified":"2018-08-11T18:49:13","modified_gmt":"2018-08-11T16:49:13","slug":"2015-11-27-lycka-ar-att-fa-bo-i-ydre","status":"publish","type":"page","link":"https:\/\/wp.kristdemokraterna.se\/ydre\/2015-11-27-lycka-ar-att-fa-bo-i-ydre\/","title":{"rendered":"2015-11-27 Lycka \u00e4r att f\u00e5 bo i Ydre"},"content":{"rendered":"<p><span style=\"font-size: large\">Det vet ju alla &#8211; ocsk\u00e5 de av oss som kommit hit sent i livet.<\/span><\/p>\n<p><span style=\"font-size: large\"><img loading=\"lazy\" decoding=\"async\" src=\"http:\/\/ydrebo.se\/kd\/veckobrev2015\/torpasjon.JPG\" width=\"600\" height=\"462\" \/><br \/>\n<\/span><span style=\"font-size: large\"><i>Utsikt fr\u00e5n Solviken.<\/p>\n<p><\/i><\/span><span style=\"font-size: large\">Det kunde ju varit annorlunda. T\u00e4nk om vi varit n\u00e5gonstans d\u00e4r v\u00e5rt tillf\u00e4lliga uppeh\u00e5llstillst\u00e5nd varit n\u00e4ra att g\u00e5 ut!<br \/>\nS\u00e5dant h\u00e4nder v\u00e4l inte svenskar? S\u00e4g inte det! En dag i b\u00f6rjan av december 1939 var mina f\u00f6r\u00e4ldrar och jag strandsatta i Moskva. Tillsammans med n\u00e5gra andra svenskar var vi p\u00e5 v\u00e4g fr\u00e5n Fj\u00e4rran \u00d6stern till Sverige. Vi skulle egentligen fara vidare med kv\u00e4llst\u00e5get mot Helsingfors. Men n\u00e5gra dagar tidigare hade Sovjtunionen anfallit Finland och v\u00e5ldsamma strider rasade vid gr\u00e4nsen mellan de b\u00e4gge l\u00e4nderna.<br \/>\nVart skulle vi ta v\u00e4gen? V\u00e5rt tillst\u00e5nd att vara i Sovjeunionen g\u00e4llde bara f\u00f6r den planerade resan. Snart skulle vi vara illegalt i landet. Tanken p\u00e5 att staten skulle &#8221;ta hand&#8221; om oss var skr\u00e4mmande. En som \u00f6verlevde den terror som p\u00e5gick kallade sin sj\u00e4lvbiografi\u00a0<i>Vi skola n\u00e4stan alla d\u00f6<\/i>.<br \/>\nVi m\u00e5ste genast bort fr\u00e5n den d\u00e4r staden, fr\u00e5n hela det d\u00e4r landet. Men andra v\u00e4rldskriget p\u00e5gick f\u00f6r fullt. Fanns det \u00e4nd\u00e5 n\u00e5got grannland som ville ta emot oss och ge oss ett skriftligt inresetills\u00e5nd? Skulle Sovjetunionen till\u00e5ta att vi reste dit? Fanns det n\u00e5got t\u00e5g dit som skulle g\u00e5 samma dag och som hade plats f\u00f6r oss? Alla nya dokument m\u00e5ste vara klara inom n\u00e5gra timmar. P\u00e5 vilka st\u00e4llen skulle det g\u00e5 att f\u00e5 dem?<br \/>\nDen som vet n\u00e5got om hur myndigheter brukar hantera \u00e4renden inser att v\u00e5r situation var om\u00f6jlig. Men mirakul\u00f6st nog l\u00f6ste sig allt och n\u00e4sta dag kom vi till Lettland. Men det\u00a0<i>hade<\/i>\u00a0varit en mardr\u00f6m f\u00f6r mina f\u00f6r\u00e4ldrar, den v\u00e4rsta de n\u00e5gonsin upplevde. F\u00f6r det s\u00e5g ju ut som om vi skulle bli kvar i det land d\u00e4r h\u00e4rskaren n\u00e4r som helst kunde l\u00e5ta skjuta n\u00e5gon minister eller rent av chefen f\u00f6r s\u00e4kerhetstj\u00e4nsten. Ingen gick s\u00e4ker oavsett nationalitet eller samh\u00e4llsst\u00e4llning.<br \/>\nF\u00f6r alla resen\u00e4rer i den h\u00e4r v\u00e4rlden g\u00e5r det inte lika bra som det gick f\u00f6r oss. F\u00f6r det finns l\u00e4nder som \u00e4r h\u00e5rda n\u00e4r det g\u00e4ller uppeh\u00e5llstillst\u00e5nd. Om vi inte visste det f\u00f6rut s\u00e5 vet vi det nu.<\/p>\n<p><\/span><i>Bengt Malm, ordf.<br \/>\n27 november 2015<\/i><\/p>\n<p>&nbsp;<\/p>\n","protected":false},"excerpt":{"rendered":"<p>Det vet ju alla &#8211; ocsk\u00e5 de av oss som kommit hit sent i livet. Utsikt fr\u00e5n Solviken. Det kunde ju varit annorlunda. T\u00e4nk om vi varit n\u00e5gonstans d\u00e4r v\u00e5rt tillf\u00e4lliga uppeh\u00e5llstillst\u00e5nd varit n\u00e4ra att g\u00e5 ut! S\u00e5dant h\u00e4nder v\u00e4l inte svenskar? S\u00e4g inte det! En dag i b\u00f6rjan av december 1939 var mina f\u00f6r\u00e4ldrar <a class=\"read-more-link\" href=\"https:\/\/wp.kristdemokraterna.se\/ydre\/2015-11-27-lycka-ar-att-fa-bo-i-ydre\/\">L\u00e4s mer<\/a><\/p>\n","protected":false},"author":793,"featured_media":0,"parent":0,"menu_order":0,"comment_status":"closed","ping_status":"closed","template":"","meta":{"_acf_changed":false,"footnotes":""},"class_list":["post-1594","page","type-page","status-publish","hentry"],"acf":[],"yoast_head":"<!-- This site is optimized with the Yoast SEO plugin v27.5 - https:\/\/yoast.com\/product\/yoast-seo-wordpress\/ -->\n<title>2015-11-27 Lycka \u00e4r att f\u00e5 bo i Ydre - Kristdemokraterna i Ydre<\/title>\n<meta name=\"robots\" content=\"index, follow, max-snippet:-1, max-image-preview:large, max-video-preview:-1\" \/>\n<link rel=\"canonical\" href=\"https:\/\/wp.kristdemokraterna.se\/ydre\/2015-11-27-lycka-ar-att-fa-bo-i-ydre\/\" \/>\n<meta property=\"og:locale\" content=\"sv_SE\" \/>\n<meta property=\"og:type\" content=\"article\" \/>\n<meta property=\"og:title\" content=\"2015-11-27 Lycka \u00e4r att f\u00e5 bo i Ydre - Kristdemokraterna i Ydre\" \/>\n<meta property=\"og:description\" content=\"Det vet ju alla &#8211; ocsk\u00e5 de av oss som kommit hit sent i livet. Utsikt fr\u00e5n Solviken. Det kunde ju varit annorlunda. T\u00e4nk om vi varit n\u00e5gonstans d\u00e4r v\u00e5rt tillf\u00e4lliga uppeh\u00e5llstillst\u00e5nd varit n\u00e4ra att g\u00e5 ut! S\u00e5dant h\u00e4nder v\u00e4l inte svenskar? S\u00e4g inte det! En dag i b\u00f6rjan av december 1939 var mina f\u00f6r\u00e4ldrar L\u00e4s mer\" \/>\n<meta property=\"og:url\" content=\"https:\/\/wp.kristdemokraterna.se\/ydre\/2015-11-27-lycka-ar-att-fa-bo-i-ydre\/\" \/>\n<meta property=\"og:site_name\" content=\"Kristdemokraterna i Ydre\" \/>\n<meta property=\"article:modified_time\" content=\"2018-08-11T16:49:13+00:00\" \/>\n<meta property=\"og:image\" content=\"http:\/\/ydrebo.se\/kd\/veckobrev2015\/torpasjon.JPG\" \/>\n<meta name=\"twitter:card\" content=\"summary_large_image\" \/>\n<meta name=\"twitter:label1\" content=\"Ber\u00e4knad l\u00e4stid\" \/>\n\t<meta name=\"twitter:data1\" content=\"2 minuter\" \/>\n<script type=\"application\/ld+json\" class=\"yoast-schema-graph\">{\"@context\":\"https:\\\/\\\/schema.org\",\"@graph\":[{\"@type\":\"WebPage\",\"@id\":\"https:\\\/\\\/wp.kristdemokraterna.se\\\/ydre\\\/2015-11-27-lycka-ar-att-fa-bo-i-ydre\\\/\",\"url\":\"https:\\\/\\\/wp.kristdemokraterna.se\\\/ydre\\\/2015-11-27-lycka-ar-att-fa-bo-i-ydre\\\/\",\"name\":\"2015-11-27 Lycka \u00e4r att f\u00e5 bo i Ydre - Kristdemokraterna i Ydre\",\"isPartOf\":{\"@id\":\"https:\\\/\\\/wp.kristdemokraterna.se\\\/ydre\\\/#website\"},\"primaryImageOfPage\":{\"@id\":\"https:\\\/\\\/wp.kristdemokraterna.se\\\/ydre\\\/2015-11-27-lycka-ar-att-fa-bo-i-ydre\\\/#primaryimage\"},\"image\":{\"@id\":\"https:\\\/\\\/wp.kristdemokraterna.se\\\/ydre\\\/2015-11-27-lycka-ar-att-fa-bo-i-ydre\\\/#primaryimage\"},\"thumbnailUrl\":\"http:\\\/\\\/ydrebo.se\\\/kd\\\/veckobrev2015\\\/torpasjon.JPG\",\"datePublished\":\"2018-08-11T16:48:53+00:00\",\"dateModified\":\"2018-08-11T16:49:13+00:00\",\"breadcrumb\":{\"@id\":\"https:\\\/\\\/wp.kristdemokraterna.se\\\/ydre\\\/2015-11-27-lycka-ar-att-fa-bo-i-ydre\\\/#breadcrumb\"},\"inLanguage\":\"sv-SE\",\"potentialAction\":[{\"@type\":\"ReadAction\",\"target\":[\"https:\\\/\\\/wp.kristdemokraterna.se\\\/ydre\\\/2015-11-27-lycka-ar-att-fa-bo-i-ydre\\\/\"]}]},{\"@type\":\"ImageObject\",\"inLanguage\":\"sv-SE\",\"@id\":\"https:\\\/\\\/wp.kristdemokraterna.se\\\/ydre\\\/2015-11-27-lycka-ar-att-fa-bo-i-ydre\\\/#primaryimage\",\"url\":\"http:\\\/\\\/ydrebo.se\\\/kd\\\/veckobrev2015\\\/torpasjon.JPG\",\"contentUrl\":\"http:\\\/\\\/ydrebo.se\\\/kd\\\/veckobrev2015\\\/torpasjon.JPG\"},{\"@type\":\"BreadcrumbList\",\"@id\":\"https:\\\/\\\/wp.kristdemokraterna.se\\\/ydre\\\/2015-11-27-lycka-ar-att-fa-bo-i-ydre\\\/#breadcrumb\",\"itemListElement\":[{\"@type\":\"ListItem\",\"position\":1,\"name\":\"Hem\",\"item\":\"https:\\\/\\\/wp.kristdemokraterna.se\\\/ydre\\\/\"},{\"@type\":\"ListItem\",\"position\":2,\"name\":\"2015-11-27 Lycka \u00e4r att f\u00e5 bo i Ydre\"}]},{\"@type\":\"WebSite\",\"@id\":\"https:\\\/\\\/wp.kristdemokraterna.se\\\/ydre\\\/#website\",\"url\":\"https:\\\/\\\/wp.kristdemokraterna.se\\\/ydre\\\/\",\"name\":\"Kristdemokraterna i Ydre\",\"description\":\"En till Kristdemokraterna webbplats\",\"inLanguage\":\"sv-SE\"}]}<\/script>\n<!-- \/ Yoast SEO plugin. -->","yoast_head_json":{"title":"2015-11-27 Lycka \u00e4r att f\u00e5 bo i Ydre - Kristdemokraterna i Ydre","robots":{"index":"index","follow":"follow","max-snippet":"max-snippet:-1","max-image-preview":"max-image-preview:large","max-video-preview":"max-video-preview:-1"},"canonical":"https:\/\/wp.kristdemokraterna.se\/ydre\/2015-11-27-lycka-ar-att-fa-bo-i-ydre\/","og_locale":"sv_SE","og_type":"article","og_title":"2015-11-27 Lycka \u00e4r att f\u00e5 bo i Ydre - Kristdemokraterna i Ydre","og_description":"Det vet ju alla &#8211; ocsk\u00e5 de av oss som kommit hit sent i livet. Utsikt fr\u00e5n Solviken. Det kunde ju varit annorlunda. T\u00e4nk om vi varit n\u00e5gonstans d\u00e4r v\u00e5rt tillf\u00e4lliga uppeh\u00e5llstillst\u00e5nd varit n\u00e4ra att g\u00e5 ut! S\u00e5dant h\u00e4nder v\u00e4l inte svenskar? S\u00e4g inte det! En dag i b\u00f6rjan av december 1939 var mina f\u00f6r\u00e4ldrar L\u00e4s mer","og_url":"https:\/\/wp.kristdemokraterna.se\/ydre\/2015-11-27-lycka-ar-att-fa-bo-i-ydre\/","og_site_name":"Kristdemokraterna i Ydre","article_modified_time":"2018-08-11T16:49:13+00:00","og_image":[{"url":"http:\/\/ydrebo.se\/kd\/veckobrev2015\/torpasjon.JPG","type":"","width":"","height":""}],"twitter_card":"summary_large_image","twitter_misc":{"Ber\u00e4knad l\u00e4stid":"2 minuter"},"schema":{"@context":"https:\/\/schema.org","@graph":[{"@type":"WebPage","@id":"https:\/\/wp.kristdemokraterna.se\/ydre\/2015-11-27-lycka-ar-att-fa-bo-i-ydre\/","url":"https:\/\/wp.kristdemokraterna.se\/ydre\/2015-11-27-lycka-ar-att-fa-bo-i-ydre\/","name":"2015-11-27 Lycka \u00e4r att f\u00e5 bo i Ydre - Kristdemokraterna i Ydre","isPartOf":{"@id":"https:\/\/wp.kristdemokraterna.se\/ydre\/#website"},"primaryImageOfPage":{"@id":"https:\/\/wp.kristdemokraterna.se\/ydre\/2015-11-27-lycka-ar-att-fa-bo-i-ydre\/#primaryimage"},"image":{"@id":"https:\/\/wp.kristdemokraterna.se\/ydre\/2015-11-27-lycka-ar-att-fa-bo-i-ydre\/#primaryimage"},"thumbnailUrl":"http:\/\/ydrebo.se\/kd\/veckobrev2015\/torpasjon.JPG","datePublished":"2018-08-11T16:48:53+00:00","dateModified":"2018-08-11T16:49:13+00:00","breadcrumb":{"@id":"https:\/\/wp.kristdemokraterna.se\/ydre\/2015-11-27-lycka-ar-att-fa-bo-i-ydre\/#breadcrumb"},"inLanguage":"sv-SE","potentialAction":[{"@type":"ReadAction","target":["https:\/\/wp.kristdemokraterna.se\/ydre\/2015-11-27-lycka-ar-att-fa-bo-i-ydre\/"]}]},{"@type":"ImageObject","inLanguage":"sv-SE","@id":"https:\/\/wp.kristdemokraterna.se\/ydre\/2015-11-27-lycka-ar-att-fa-bo-i-ydre\/#primaryimage","url":"http:\/\/ydrebo.se\/kd\/veckobrev2015\/torpasjon.JPG","contentUrl":"http:\/\/ydrebo.se\/kd\/veckobrev2015\/torpasjon.JPG"},{"@type":"BreadcrumbList","@id":"https:\/\/wp.kristdemokraterna.se\/ydre\/2015-11-27-lycka-ar-att-fa-bo-i-ydre\/#breadcrumb","itemListElement":[{"@type":"ListItem","position":1,"name":"Hem","item":"https:\/\/wp.kristdemokraterna.se\/ydre\/"},{"@type":"ListItem","position":2,"name":"2015-11-27 Lycka \u00e4r att f\u00e5 bo i Ydre"}]},{"@type":"WebSite","@id":"https:\/\/wp.kristdemokraterna.se\/ydre\/#website","url":"https:\/\/wp.kristdemokraterna.se\/ydre\/","name":"Kristdemokraterna i Ydre","description":"En till Kristdemokraterna webbplats","inLanguage":"sv-SE"}]}},"_links":{"self":[{"href":"https:\/\/wp.kristdemokraterna.se\/ydre\/wp-json\/wp\/v2\/pages\/1594","targetHints":{"allow":["GET"]}}],"collection":[{"href":"https:\/\/wp.kristdemokraterna.se\/ydre\/wp-json\/wp\/v2\/pages"}],"about":[{"href":"https:\/\/wp.kristdemokraterna.se\/ydre\/wp-json\/wp\/v2\/types\/page"}],"author":[{"embeddable":true,"href":"https:\/\/wp.kristdemokraterna.se\/ydre\/wp-json\/wp\/v2\/users\/793"}],"replies":[{"embeddable":true,"href":"https:\/\/wp.kristdemokraterna.se\/ydre\/wp-json\/wp\/v2\/comments?post=1594"}],"version-history":[{"count":2,"href":"https:\/\/wp.kristdemokraterna.se\/ydre\/wp-json\/wp\/v2\/pages\/1594\/revisions"}],"predecessor-version":[{"id":1596,"href":"https:\/\/wp.kristdemokraterna.se\/ydre\/wp-json\/wp\/v2\/pages\/1594\/revisions\/1596"}],"wp:attachment":[{"href":"https:\/\/wp.kristdemokraterna.se\/ydre\/wp-json\/wp\/v2\/media?parent=1594"}],"curies":[{"name":"wp","href":"https:\/\/api.w.org\/{rel}","templated":true}]}}