{"id":1598,"date":"2018-08-11T18:53:54","date_gmt":"2018-08-11T16:53:54","guid":{"rendered":"http:\/\/wp.kristdemokraterna.se\/ydre\/?page_id=1598"},"modified":"2018-08-11T18:54:29","modified_gmt":"2018-08-11T16:54:29","slug":"2015-12-03-hur-var-det-forr-att-fly","status":"publish","type":"page","link":"https:\/\/wp.kristdemokraterna.se\/ydre\/2015-12-03-hur-var-det-forr-att-fly\/","title":{"rendered":"2015-12-03 Hur var det f\u00f6rr att fly?"},"content":{"rendered":"<p><span style=\"font-size: large\">Budskapet kom i hemlighet: Om ni vill bli r\u00e4ddade s\u00e5 var redo i kv\u00e4ll!<\/span><\/p>\n<p><span style=\"font-size: large\"><img loading=\"lazy\" decoding=\"async\" src=\"http:\/\/ydrebo.se\/kd\/veckobrev2015\/brandskada.JPG\" width=\"450\" height=\"450\" \/><br \/>\n<\/span><span style=\"font-size: large\"><i>Storbranden i Eksj\u00f6 var en sm\u00e5sak j\u00e4mf\u00f6rt med krigen.<\/p>\n<p><\/i><\/span><span style=\"font-size: large\">Det var m\u00e5nga i Riga som inte k\u00e4nde sig trygga i b\u00f6rjan av december 1939. Grannlandet Polen hade krossats under h\u00f6sten genom ett kort och brutalt krig. En del flyktingar fanns nu i Riga. Men vad skulle h\u00e4nda d\u00e4r? Alla tycktes v\u00e4nta sig en snar sovjetisk ockupation. D\u00e4rf\u00f6r hade en del av flyktingarna fr\u00e5n Polen l\u00f6st biljett till n\u00e4sta b\u00e5t till Sverige.<br \/>\nOch nu en eftermiddag kom det i all tysthet ett besked att b\u00e5ten skulle g\u00e5 i hemlighet redan samma kv\u00e4ll. N\u00e4r den lade ut var all belysning sl\u00e4ckt. Man var r\u00e4dd f\u00f6r ub\u00e5tar fr\u00e5n Tyskland.<br \/>\n\u00c4ven om en decembernatt \u00e4r l\u00e5ng tar den s\u00e5 sm\u00e5ningom slut. Fartyget var fortfarande ute p\u00e5 \u00d6stersj\u00f6n och nu var det ju fullt synligt. Hur skulle det g\u00e5?<br \/>\nMina f\u00f6r\u00e4ldrar har ber\u00e4ttat att de inte kunde k\u00e4nna sig lugna f\u00f6rr\u00e4n vi kom in p\u00e5 svenskt vatten och s\u00e5g svenska \u00f6rlogsfartyg. (Att vi var ombord berodde p\u00e5 att vi var p\u00e5 v\u00e4g till Sverige fr\u00e5n Kina.)<br \/>\nF\u00f6rmodligen fick de h\u00e4r polska flyktingarna asyl i Sverige. Det fick ocks\u00e5 m\u00e5nga andra som i sm\u00e5 och stora flytetyg tog sig \u00f6ver \u00d6stersj\u00f6n under andra v\u00e4rldskriget. Men en del utl\u00e4mnades till Sovjetunionen och f\u00f6r m\u00e5nga av dessa gick det illa.<br \/>\nKan vi l\u00e4ra av historien?<\/p>\n<p><\/span><i>Bengt Malm, ordf.<br \/>\n3 december 2015<\/p>\n<p><\/i>P.S. H\u00e4romdagen var det ett v\u00e4lbes\u00f6kt informationsm\u00f6te i Ydresalen om flyktingsituationen. Migrationsverket hade skickat en representant som tillsammans med dem som arbetar lokalt med fr\u00e5gorna gav en god och klar redovisning. Bl.a. beh\u00f6vs fler gode m\u00e4n eftersom de ensamkommande barnen blir allt fler. St\u00e4mningen var god och det m\u00e4rktes ingenting av den fientlighet mot invandrarna som somliga av oss har st\u00f6tt p\u00e5 i andra sammanhang.<\/p>\n<p>&nbsp;<\/p>\n","protected":false},"excerpt":{"rendered":"<p>Budskapet kom i hemlighet: Om ni vill bli r\u00e4ddade s\u00e5 var redo i kv\u00e4ll! Storbranden i Eksj\u00f6 var en sm\u00e5sak j\u00e4mf\u00f6rt med krigen. Det var m\u00e5nga i Riga som inte k\u00e4nde sig trygga i b\u00f6rjan av december 1939. Grannlandet Polen hade krossats under h\u00f6sten genom ett kort och brutalt krig. En del flyktingar fanns nu <a class=\"read-more-link\" href=\"https:\/\/wp.kristdemokraterna.se\/ydre\/2015-12-03-hur-var-det-forr-att-fly\/\">L\u00e4s mer<\/a><\/p>\n","protected":false},"author":793,"featured_media":0,"parent":0,"menu_order":0,"comment_status":"closed","ping_status":"closed","template":"","meta":{"_acf_changed":false,"footnotes":""},"class_list":["post-1598","page","type-page","status-publish","hentry"],"acf":[],"yoast_head":"<!-- This site is optimized with the Yoast SEO plugin v27.5 - https:\/\/yoast.com\/product\/yoast-seo-wordpress\/ -->\n<title>2015-12-03 Hur var det f\u00f6rr att fly? - Kristdemokraterna i Ydre<\/title>\n<meta name=\"robots\" content=\"index, follow, max-snippet:-1, max-image-preview:large, max-video-preview:-1\" \/>\n<link rel=\"canonical\" href=\"https:\/\/wp.kristdemokraterna.se\/ydre\/2015-12-03-hur-var-det-forr-att-fly\/\" \/>\n<meta property=\"og:locale\" content=\"sv_SE\" \/>\n<meta property=\"og:type\" content=\"article\" \/>\n<meta property=\"og:title\" content=\"2015-12-03 Hur var det f\u00f6rr att fly? - Kristdemokraterna i Ydre\" \/>\n<meta property=\"og:description\" content=\"Budskapet kom i hemlighet: Om ni vill bli r\u00e4ddade s\u00e5 var redo i kv\u00e4ll! Storbranden i Eksj\u00f6 var en sm\u00e5sak j\u00e4mf\u00f6rt med krigen. Det var m\u00e5nga i Riga som inte k\u00e4nde sig trygga i b\u00f6rjan av december 1939. Grannlandet Polen hade krossats under h\u00f6sten genom ett kort och brutalt krig. En del flyktingar fanns nu L\u00e4s mer\" \/>\n<meta property=\"og:url\" content=\"https:\/\/wp.kristdemokraterna.se\/ydre\/2015-12-03-hur-var-det-forr-att-fly\/\" \/>\n<meta property=\"og:site_name\" content=\"Kristdemokraterna i Ydre\" \/>\n<meta property=\"article:modified_time\" content=\"2018-08-11T16:54:29+00:00\" \/>\n<meta property=\"og:image\" content=\"http:\/\/ydrebo.se\/kd\/veckobrev2015\/brandskada.JPG\" \/>\n<meta name=\"twitter:card\" content=\"summary_large_image\" \/>\n<meta name=\"twitter:label1\" content=\"Ber\u00e4knad l\u00e4stid\" \/>\n\t<meta name=\"twitter:data1\" content=\"2 minuter\" \/>\n<script type=\"application\/ld+json\" class=\"yoast-schema-graph\">{\"@context\":\"https:\\\/\\\/schema.org\",\"@graph\":[{\"@type\":\"WebPage\",\"@id\":\"https:\\\/\\\/wp.kristdemokraterna.se\\\/ydre\\\/2015-12-03-hur-var-det-forr-att-fly\\\/\",\"url\":\"https:\\\/\\\/wp.kristdemokraterna.se\\\/ydre\\\/2015-12-03-hur-var-det-forr-att-fly\\\/\",\"name\":\"2015-12-03 Hur var det f\u00f6rr att fly? - Kristdemokraterna i Ydre\",\"isPartOf\":{\"@id\":\"https:\\\/\\\/wp.kristdemokraterna.se\\\/ydre\\\/#website\"},\"primaryImageOfPage\":{\"@id\":\"https:\\\/\\\/wp.kristdemokraterna.se\\\/ydre\\\/2015-12-03-hur-var-det-forr-att-fly\\\/#primaryimage\"},\"image\":{\"@id\":\"https:\\\/\\\/wp.kristdemokraterna.se\\\/ydre\\\/2015-12-03-hur-var-det-forr-att-fly\\\/#primaryimage\"},\"thumbnailUrl\":\"http:\\\/\\\/ydrebo.se\\\/kd\\\/veckobrev2015\\\/brandskada.JPG\",\"datePublished\":\"2018-08-11T16:53:54+00:00\",\"dateModified\":\"2018-08-11T16:54:29+00:00\",\"breadcrumb\":{\"@id\":\"https:\\\/\\\/wp.kristdemokraterna.se\\\/ydre\\\/2015-12-03-hur-var-det-forr-att-fly\\\/#breadcrumb\"},\"inLanguage\":\"sv-SE\",\"potentialAction\":[{\"@type\":\"ReadAction\",\"target\":[\"https:\\\/\\\/wp.kristdemokraterna.se\\\/ydre\\\/2015-12-03-hur-var-det-forr-att-fly\\\/\"]}]},{\"@type\":\"ImageObject\",\"inLanguage\":\"sv-SE\",\"@id\":\"https:\\\/\\\/wp.kristdemokraterna.se\\\/ydre\\\/2015-12-03-hur-var-det-forr-att-fly\\\/#primaryimage\",\"url\":\"http:\\\/\\\/ydrebo.se\\\/kd\\\/veckobrev2015\\\/brandskada.JPG\",\"contentUrl\":\"http:\\\/\\\/ydrebo.se\\\/kd\\\/veckobrev2015\\\/brandskada.JPG\"},{\"@type\":\"BreadcrumbList\",\"@id\":\"https:\\\/\\\/wp.kristdemokraterna.se\\\/ydre\\\/2015-12-03-hur-var-det-forr-att-fly\\\/#breadcrumb\",\"itemListElement\":[{\"@type\":\"ListItem\",\"position\":1,\"name\":\"Hem\",\"item\":\"https:\\\/\\\/wp.kristdemokraterna.se\\\/ydre\\\/\"},{\"@type\":\"ListItem\",\"position\":2,\"name\":\"2015-12-03 Hur var det f\u00f6rr att fly?\"}]},{\"@type\":\"WebSite\",\"@id\":\"https:\\\/\\\/wp.kristdemokraterna.se\\\/ydre\\\/#website\",\"url\":\"https:\\\/\\\/wp.kristdemokraterna.se\\\/ydre\\\/\",\"name\":\"Kristdemokraterna i Ydre\",\"description\":\"En till Kristdemokraterna webbplats\",\"inLanguage\":\"sv-SE\"}]}<\/script>\n<!-- \/ Yoast SEO plugin. -->","yoast_head_json":{"title":"2015-12-03 Hur var det f\u00f6rr att fly? - Kristdemokraterna i Ydre","robots":{"index":"index","follow":"follow","max-snippet":"max-snippet:-1","max-image-preview":"max-image-preview:large","max-video-preview":"max-video-preview:-1"},"canonical":"https:\/\/wp.kristdemokraterna.se\/ydre\/2015-12-03-hur-var-det-forr-att-fly\/","og_locale":"sv_SE","og_type":"article","og_title":"2015-12-03 Hur var det f\u00f6rr att fly? - Kristdemokraterna i Ydre","og_description":"Budskapet kom i hemlighet: Om ni vill bli r\u00e4ddade s\u00e5 var redo i kv\u00e4ll! Storbranden i Eksj\u00f6 var en sm\u00e5sak j\u00e4mf\u00f6rt med krigen. Det var m\u00e5nga i Riga som inte k\u00e4nde sig trygga i b\u00f6rjan av december 1939. Grannlandet Polen hade krossats under h\u00f6sten genom ett kort och brutalt krig. En del flyktingar fanns nu L\u00e4s mer","og_url":"https:\/\/wp.kristdemokraterna.se\/ydre\/2015-12-03-hur-var-det-forr-att-fly\/","og_site_name":"Kristdemokraterna i Ydre","article_modified_time":"2018-08-11T16:54:29+00:00","og_image":[{"url":"http:\/\/ydrebo.se\/kd\/veckobrev2015\/brandskada.JPG","type":"","width":"","height":""}],"twitter_card":"summary_large_image","twitter_misc":{"Ber\u00e4knad l\u00e4stid":"2 minuter"},"schema":{"@context":"https:\/\/schema.org","@graph":[{"@type":"WebPage","@id":"https:\/\/wp.kristdemokraterna.se\/ydre\/2015-12-03-hur-var-det-forr-att-fly\/","url":"https:\/\/wp.kristdemokraterna.se\/ydre\/2015-12-03-hur-var-det-forr-att-fly\/","name":"2015-12-03 Hur var det f\u00f6rr att fly? - Kristdemokraterna i Ydre","isPartOf":{"@id":"https:\/\/wp.kristdemokraterna.se\/ydre\/#website"},"primaryImageOfPage":{"@id":"https:\/\/wp.kristdemokraterna.se\/ydre\/2015-12-03-hur-var-det-forr-att-fly\/#primaryimage"},"image":{"@id":"https:\/\/wp.kristdemokraterna.se\/ydre\/2015-12-03-hur-var-det-forr-att-fly\/#primaryimage"},"thumbnailUrl":"http:\/\/ydrebo.se\/kd\/veckobrev2015\/brandskada.JPG","datePublished":"2018-08-11T16:53:54+00:00","dateModified":"2018-08-11T16:54:29+00:00","breadcrumb":{"@id":"https:\/\/wp.kristdemokraterna.se\/ydre\/2015-12-03-hur-var-det-forr-att-fly\/#breadcrumb"},"inLanguage":"sv-SE","potentialAction":[{"@type":"ReadAction","target":["https:\/\/wp.kristdemokraterna.se\/ydre\/2015-12-03-hur-var-det-forr-att-fly\/"]}]},{"@type":"ImageObject","inLanguage":"sv-SE","@id":"https:\/\/wp.kristdemokraterna.se\/ydre\/2015-12-03-hur-var-det-forr-att-fly\/#primaryimage","url":"http:\/\/ydrebo.se\/kd\/veckobrev2015\/brandskada.JPG","contentUrl":"http:\/\/ydrebo.se\/kd\/veckobrev2015\/brandskada.JPG"},{"@type":"BreadcrumbList","@id":"https:\/\/wp.kristdemokraterna.se\/ydre\/2015-12-03-hur-var-det-forr-att-fly\/#breadcrumb","itemListElement":[{"@type":"ListItem","position":1,"name":"Hem","item":"https:\/\/wp.kristdemokraterna.se\/ydre\/"},{"@type":"ListItem","position":2,"name":"2015-12-03 Hur var det f\u00f6rr att fly?"}]},{"@type":"WebSite","@id":"https:\/\/wp.kristdemokraterna.se\/ydre\/#website","url":"https:\/\/wp.kristdemokraterna.se\/ydre\/","name":"Kristdemokraterna i Ydre","description":"En till Kristdemokraterna webbplats","inLanguage":"sv-SE"}]}},"_links":{"self":[{"href":"https:\/\/wp.kristdemokraterna.se\/ydre\/wp-json\/wp\/v2\/pages\/1598","targetHints":{"allow":["GET"]}}],"collection":[{"href":"https:\/\/wp.kristdemokraterna.se\/ydre\/wp-json\/wp\/v2\/pages"}],"about":[{"href":"https:\/\/wp.kristdemokraterna.se\/ydre\/wp-json\/wp\/v2\/types\/page"}],"author":[{"embeddable":true,"href":"https:\/\/wp.kristdemokraterna.se\/ydre\/wp-json\/wp\/v2\/users\/793"}],"replies":[{"embeddable":true,"href":"https:\/\/wp.kristdemokraterna.se\/ydre\/wp-json\/wp\/v2\/comments?post=1598"}],"version-history":[{"count":2,"href":"https:\/\/wp.kristdemokraterna.se\/ydre\/wp-json\/wp\/v2\/pages\/1598\/revisions"}],"predecessor-version":[{"id":1600,"href":"https:\/\/wp.kristdemokraterna.se\/ydre\/wp-json\/wp\/v2\/pages\/1598\/revisions\/1600"}],"wp:attachment":[{"href":"https:\/\/wp.kristdemokraterna.se\/ydre\/wp-json\/wp\/v2\/media?parent=1598"}],"curies":[{"name":"wp","href":"https:\/\/api.w.org\/{rel}","templated":true}]}}