{"id":1602,"date":"2018-08-11T18:58:29","date_gmt":"2018-08-11T16:58:29","guid":{"rendered":"http:\/\/wp.kristdemokraterna.se\/ydre\/?page_id=1602"},"modified":"2018-08-11T19:00:30","modified_gmt":"2018-08-11T17:00:30","slug":"2015-12-10-ar-ydre-ett-hot-mot-rikets-sakerhet","status":"publish","type":"page","link":"https:\/\/wp.kristdemokraterna.se\/ydre\/2015-12-10-ar-ydre-ett-hot-mot-rikets-sakerhet\/","title":{"rendered":"2015-12-10 \u00c4r Ydre ett hot mot rikets s\u00e4kerhet?"},"content":{"rendered":"<p>Det s\u00e4gs vara ett bekymmer att det finns s\u00e5 m\u00e5nga riktigt sm\u00e5 kommuner i Sverige. Vissa av dem \u00e4r avfolkningsbygder med d\u00e5lig ekonomi. Just denna vecka har civilministern talat med representanter f\u00f6r en del sm\u00e5 kommuner. \u00c4ven Ydre har informerats.<\/p>\n<p><img loading=\"lazy\" decoding=\"async\" src=\"http:\/\/ydrebo.se\/kd\/veckobrev\/ukreda3.JPG\" width=\"600\" height=\"463\" \/><br \/>\n<i>\u00c4r Ydre och v\u00e5rt centrum \u00d6sterbymo verkligen f\u00f6r sm\u00e5?<\/i><\/p>\n<p>Civilministern m\u00e5 vara bekymrad (vem borde inte vara det). Men en del av hans tankar inger \u00e4nnu mer oro.\u00a0I somras ber\u00e4ttade han\u00a0om sina planer. N\u00e4sta \u00e5r skall en utredning tills\u00e4ttas. Direktiven \u00e4r inte klara \u00e4n men de sm\u00e5 kommunerna f\u00f6resl\u00e5s f\u00f6rlora en del eller allt av sitt sj\u00e4lvstyre. Det kan t.ex. bli fr\u00e5ga om att avskaffa de sm\u00e5 kommunerna.<br \/>\nEtt annat alternativ \u00e4r mer samarbete mellan kommuner. Det samarbete som redan finns r\u00e4cker inte enligt civilministern. Det kan allts\u00e5 bli fr\u00e5ga om &#8221;samarbete&#8221; som regleras uppifr\u00e5n.<br \/>\nSlutligen kanske det f\u00f6resl\u00e5s att de sm\u00e5 kommunerna skall &#8221;slippa&#8221; vissa uppgifter. Det m\u00e5ste inneb\u00e4ra att staten tar \u00f6ver.<br \/>\nUnder alla omst\u00e4ndigheter kommer de sm\u00e5 kommunerna att f\u00f6rlora mycket av sitt sj\u00e4lvstyre. Civilministern anser n\u00e4mligen att som det nu \u00e4r finns det ett hot mot sj\u00e4lva sammanh\u00e5llning i staten. F\u00f6r enligt honom kan de sm\u00e5 kommunerna helt enkelt inte g\u00f6ra det som de skall g\u00f6ra. Han menar att detta leder till att deras inv\u00e5nare tappar f\u00f6rtroendet inte bara f\u00f6r sina kommuner utan f\u00f6r sj\u00e4lva staten. Staten f\u00f6rlorar sin &#8221;legitimitet&#8221; som det heter.<br \/>\nMen vem \u00e4r det egentligen som \u00e4r uppdragsgivare \u00e5t en kommuns ledning? \u00c4r det kommunens inv\u00e5nare eller \u00e4r det staten. Det syns\u00e4tt som civilministern talar f\u00f6r \u00e4r att det \u00e4r staten som skall se till att v\u00e4lf\u00e4rden (i vidaste mening) f\u00f6rdelas p\u00e5 ett bra s\u00e4tt. Det inneb\u00e4r att kommunpolitikerna fr\u00e4mst \u00e4r statens ombud \u00e4ven om medborgarna med j\u00e4mna mellanrum f\u00e5r v\u00e4lja vilka som skall representera staten i deras bygd.<br \/>\nMen just i de sm\u00e5 kommunerna d\u00e4r det \u00e4r n\u00e4ra mellan inv\u00e5narna och de f\u00f6rtroendevalda finns det nog ett helt annat syns\u00e4tt. D\u00e4r h\u00e4nder det n\u00e4mligen att medborgarna anser att politikerna \u00e4r\u00a0<i>deras<\/i>\u00a0ombud som ibland f\u00e5r h\u00e4vda orten gentemot staten.<br \/>\nIbland g\u00e4ller det ocks\u00e5 p\u00e5 regional niv\u00e5. N\u00e4r det h\u00e4rom \u00e5ret f\u00f6relogs att Hallands l\u00e4n skulle uppg\u00e5 i en st\u00f6rre enhet blev det en enorm opposition i l\u00e4net. Landstinget och t.o.m. landsh\u00f6vdingen (som \u00e4nd\u00e5 var tillsatt av regeringen) ans\u00e5g sig vara just hall\u00e4nningarnas ombud och inte statens.<\/p>\n<p><img loading=\"lazy\" decoding=\"async\" src=\"http:\/\/ydrebo.se\/kd\/veckobrev2015\/torpa.JPG\" width=\"600\" height=\"450\" \/><br \/>\n<i>En risk f\u00f6r statens s\u00e4kehet?<\/i><\/p>\n<p>F\u00f6r Ydres del \u00e4r det en allvarlig men alldeles obevisad anklagelse att Ydres folk och dess f\u00f6rtroendevalda inte skulle kunna sk\u00f6ta v\u00e5r bygd p\u00e5 ett godtagbart s\u00e4tt. Ingen myndighet har hittat n\u00e5got allvarligt fel. Och alldeles nyligen ber\u00f6mde Migrationsverket oss f\u00f6r v\u00e5r mottagning av ensamkommande flyktingbarn. V\u00e5ra skolor h\u00f6r till de b\u00e4sta i landet. Vi \u00e4r de mest laglydiga i Sverige har det sagts g\u00e5ng p\u00e5 g\u00e5ng. H\u00e4r \u00e4r det det b\u00e4st att bo har det ocks\u00e5 sagts.<br \/>\nAtt civilministern bortser fr\u00e5n v\u00e4rdet av det lokala sj\u00e4lvstyret \u00e4r allvarligt.\u00a0<b>Det \u00e4r inte s\u00e5 att ydreborna v\u00e4ljer ombud \u00e5t staten. Vi v\u00e4ljer ombud \u00e5t oss sj\u00e4lva.<\/b><\/p>\n<p><i>Bengt Malm, ordf.<br \/>\n10 december 2015<\/i><\/p>\n","protected":false},"excerpt":{"rendered":"<p>Det s\u00e4gs vara ett bekymmer att det finns s\u00e5 m\u00e5nga riktigt sm\u00e5 kommuner i Sverige. Vissa av dem \u00e4r avfolkningsbygder med d\u00e5lig ekonomi. Just denna vecka har civilministern talat med representanter f\u00f6r en del sm\u00e5 kommuner. \u00c4ven Ydre har informerats. \u00c4r Ydre och v\u00e5rt centrum \u00d6sterbymo verkligen f\u00f6r sm\u00e5? Civilministern m\u00e5 vara bekymrad (vem borde <a class=\"read-more-link\" href=\"https:\/\/wp.kristdemokraterna.se\/ydre\/2015-12-10-ar-ydre-ett-hot-mot-rikets-sakerhet\/\">L\u00e4s mer<\/a><\/p>\n","protected":false},"author":793,"featured_media":0,"parent":0,"menu_order":0,"comment_status":"closed","ping_status":"closed","template":"","meta":{"_acf_changed":false,"footnotes":""},"class_list":["post-1602","page","type-page","status-publish","hentry"],"acf":[],"yoast_head":"<!-- This site is optimized with the Yoast SEO plugin v27.5 - https:\/\/yoast.com\/product\/yoast-seo-wordpress\/ -->\n<title>2015-12-10 \u00c4r Ydre ett hot mot rikets s\u00e4kerhet? - Kristdemokraterna i Ydre<\/title>\n<meta name=\"robots\" content=\"index, follow, max-snippet:-1, max-image-preview:large, max-video-preview:-1\" \/>\n<link rel=\"canonical\" href=\"https:\/\/wp.kristdemokraterna.se\/ydre\/2015-12-10-ar-ydre-ett-hot-mot-rikets-sakerhet\/\" \/>\n<meta property=\"og:locale\" content=\"sv_SE\" \/>\n<meta property=\"og:type\" content=\"article\" \/>\n<meta property=\"og:title\" content=\"2015-12-10 \u00c4r Ydre ett hot mot rikets s\u00e4kerhet? - Kristdemokraterna i Ydre\" \/>\n<meta property=\"og:description\" content=\"Det s\u00e4gs vara ett bekymmer att det finns s\u00e5 m\u00e5nga riktigt sm\u00e5 kommuner i Sverige. Vissa av dem \u00e4r avfolkningsbygder med d\u00e5lig ekonomi. Just denna vecka har civilministern talat med representanter f\u00f6r en del sm\u00e5 kommuner. \u00c4ven Ydre har informerats. \u00c4r Ydre och v\u00e5rt centrum \u00d6sterbymo verkligen f\u00f6r sm\u00e5? Civilministern m\u00e5 vara bekymrad (vem borde L\u00e4s mer\" \/>\n<meta property=\"og:url\" content=\"https:\/\/wp.kristdemokraterna.se\/ydre\/2015-12-10-ar-ydre-ett-hot-mot-rikets-sakerhet\/\" \/>\n<meta property=\"og:site_name\" content=\"Kristdemokraterna i Ydre\" \/>\n<meta property=\"article:modified_time\" content=\"2018-08-11T17:00:30+00:00\" \/>\n<meta property=\"og:image\" content=\"http:\/\/ydrebo.se\/kd\/veckobrev\/ukreda3.JPG\" \/>\n<meta name=\"twitter:card\" content=\"summary_large_image\" \/>\n<meta name=\"twitter:label1\" content=\"Ber\u00e4knad l\u00e4stid\" \/>\n\t<meta name=\"twitter:data1\" content=\"3 minuter\" \/>\n<script type=\"application\/ld+json\" class=\"yoast-schema-graph\">{\"@context\":\"https:\\\/\\\/schema.org\",\"@graph\":[{\"@type\":\"WebPage\",\"@id\":\"https:\\\/\\\/wp.kristdemokraterna.se\\\/ydre\\\/2015-12-10-ar-ydre-ett-hot-mot-rikets-sakerhet\\\/\",\"url\":\"https:\\\/\\\/wp.kristdemokraterna.se\\\/ydre\\\/2015-12-10-ar-ydre-ett-hot-mot-rikets-sakerhet\\\/\",\"name\":\"2015-12-10 \u00c4r Ydre ett hot mot rikets s\u00e4kerhet? - Kristdemokraterna i Ydre\",\"isPartOf\":{\"@id\":\"https:\\\/\\\/wp.kristdemokraterna.se\\\/ydre\\\/#website\"},\"primaryImageOfPage\":{\"@id\":\"https:\\\/\\\/wp.kristdemokraterna.se\\\/ydre\\\/2015-12-10-ar-ydre-ett-hot-mot-rikets-sakerhet\\\/#primaryimage\"},\"image\":{\"@id\":\"https:\\\/\\\/wp.kristdemokraterna.se\\\/ydre\\\/2015-12-10-ar-ydre-ett-hot-mot-rikets-sakerhet\\\/#primaryimage\"},\"thumbnailUrl\":\"http:\\\/\\\/ydrebo.se\\\/kd\\\/veckobrev\\\/ukreda3.JPG\",\"datePublished\":\"2018-08-11T16:58:29+00:00\",\"dateModified\":\"2018-08-11T17:00:30+00:00\",\"breadcrumb\":{\"@id\":\"https:\\\/\\\/wp.kristdemokraterna.se\\\/ydre\\\/2015-12-10-ar-ydre-ett-hot-mot-rikets-sakerhet\\\/#breadcrumb\"},\"inLanguage\":\"sv-SE\",\"potentialAction\":[{\"@type\":\"ReadAction\",\"target\":[\"https:\\\/\\\/wp.kristdemokraterna.se\\\/ydre\\\/2015-12-10-ar-ydre-ett-hot-mot-rikets-sakerhet\\\/\"]}]},{\"@type\":\"ImageObject\",\"inLanguage\":\"sv-SE\",\"@id\":\"https:\\\/\\\/wp.kristdemokraterna.se\\\/ydre\\\/2015-12-10-ar-ydre-ett-hot-mot-rikets-sakerhet\\\/#primaryimage\",\"url\":\"http:\\\/\\\/ydrebo.se\\\/kd\\\/veckobrev\\\/ukreda3.JPG\",\"contentUrl\":\"http:\\\/\\\/ydrebo.se\\\/kd\\\/veckobrev\\\/ukreda3.JPG\"},{\"@type\":\"BreadcrumbList\",\"@id\":\"https:\\\/\\\/wp.kristdemokraterna.se\\\/ydre\\\/2015-12-10-ar-ydre-ett-hot-mot-rikets-sakerhet\\\/#breadcrumb\",\"itemListElement\":[{\"@type\":\"ListItem\",\"position\":1,\"name\":\"Hem\",\"item\":\"https:\\\/\\\/wp.kristdemokraterna.se\\\/ydre\\\/\"},{\"@type\":\"ListItem\",\"position\":2,\"name\":\"2015-12-10 \u00c4r Ydre ett hot mot rikets s\u00e4kerhet?\"}]},{\"@type\":\"WebSite\",\"@id\":\"https:\\\/\\\/wp.kristdemokraterna.se\\\/ydre\\\/#website\",\"url\":\"https:\\\/\\\/wp.kristdemokraterna.se\\\/ydre\\\/\",\"name\":\"Kristdemokraterna i Ydre\",\"description\":\"En till Kristdemokraterna webbplats\",\"inLanguage\":\"sv-SE\"}]}<\/script>\n<!-- \/ Yoast SEO plugin. -->","yoast_head_json":{"title":"2015-12-10 \u00c4r Ydre ett hot mot rikets s\u00e4kerhet? - Kristdemokraterna i Ydre","robots":{"index":"index","follow":"follow","max-snippet":"max-snippet:-1","max-image-preview":"max-image-preview:large","max-video-preview":"max-video-preview:-1"},"canonical":"https:\/\/wp.kristdemokraterna.se\/ydre\/2015-12-10-ar-ydre-ett-hot-mot-rikets-sakerhet\/","og_locale":"sv_SE","og_type":"article","og_title":"2015-12-10 \u00c4r Ydre ett hot mot rikets s\u00e4kerhet? - Kristdemokraterna i Ydre","og_description":"Det s\u00e4gs vara ett bekymmer att det finns s\u00e5 m\u00e5nga riktigt sm\u00e5 kommuner i Sverige. Vissa av dem \u00e4r avfolkningsbygder med d\u00e5lig ekonomi. Just denna vecka har civilministern talat med representanter f\u00f6r en del sm\u00e5 kommuner. \u00c4ven Ydre har informerats. \u00c4r Ydre och v\u00e5rt centrum \u00d6sterbymo verkligen f\u00f6r sm\u00e5? Civilministern m\u00e5 vara bekymrad (vem borde L\u00e4s mer","og_url":"https:\/\/wp.kristdemokraterna.se\/ydre\/2015-12-10-ar-ydre-ett-hot-mot-rikets-sakerhet\/","og_site_name":"Kristdemokraterna i Ydre","article_modified_time":"2018-08-11T17:00:30+00:00","og_image":[{"url":"http:\/\/ydrebo.se\/kd\/veckobrev\/ukreda3.JPG","type":"","width":"","height":""}],"twitter_card":"summary_large_image","twitter_misc":{"Ber\u00e4knad l\u00e4stid":"3 minuter"},"schema":{"@context":"https:\/\/schema.org","@graph":[{"@type":"WebPage","@id":"https:\/\/wp.kristdemokraterna.se\/ydre\/2015-12-10-ar-ydre-ett-hot-mot-rikets-sakerhet\/","url":"https:\/\/wp.kristdemokraterna.se\/ydre\/2015-12-10-ar-ydre-ett-hot-mot-rikets-sakerhet\/","name":"2015-12-10 \u00c4r Ydre ett hot mot rikets s\u00e4kerhet? - Kristdemokraterna i Ydre","isPartOf":{"@id":"https:\/\/wp.kristdemokraterna.se\/ydre\/#website"},"primaryImageOfPage":{"@id":"https:\/\/wp.kristdemokraterna.se\/ydre\/2015-12-10-ar-ydre-ett-hot-mot-rikets-sakerhet\/#primaryimage"},"image":{"@id":"https:\/\/wp.kristdemokraterna.se\/ydre\/2015-12-10-ar-ydre-ett-hot-mot-rikets-sakerhet\/#primaryimage"},"thumbnailUrl":"http:\/\/ydrebo.se\/kd\/veckobrev\/ukreda3.JPG","datePublished":"2018-08-11T16:58:29+00:00","dateModified":"2018-08-11T17:00:30+00:00","breadcrumb":{"@id":"https:\/\/wp.kristdemokraterna.se\/ydre\/2015-12-10-ar-ydre-ett-hot-mot-rikets-sakerhet\/#breadcrumb"},"inLanguage":"sv-SE","potentialAction":[{"@type":"ReadAction","target":["https:\/\/wp.kristdemokraterna.se\/ydre\/2015-12-10-ar-ydre-ett-hot-mot-rikets-sakerhet\/"]}]},{"@type":"ImageObject","inLanguage":"sv-SE","@id":"https:\/\/wp.kristdemokraterna.se\/ydre\/2015-12-10-ar-ydre-ett-hot-mot-rikets-sakerhet\/#primaryimage","url":"http:\/\/ydrebo.se\/kd\/veckobrev\/ukreda3.JPG","contentUrl":"http:\/\/ydrebo.se\/kd\/veckobrev\/ukreda3.JPG"},{"@type":"BreadcrumbList","@id":"https:\/\/wp.kristdemokraterna.se\/ydre\/2015-12-10-ar-ydre-ett-hot-mot-rikets-sakerhet\/#breadcrumb","itemListElement":[{"@type":"ListItem","position":1,"name":"Hem","item":"https:\/\/wp.kristdemokraterna.se\/ydre\/"},{"@type":"ListItem","position":2,"name":"2015-12-10 \u00c4r Ydre ett hot mot rikets s\u00e4kerhet?"}]},{"@type":"WebSite","@id":"https:\/\/wp.kristdemokraterna.se\/ydre\/#website","url":"https:\/\/wp.kristdemokraterna.se\/ydre\/","name":"Kristdemokraterna i Ydre","description":"En till Kristdemokraterna webbplats","inLanguage":"sv-SE"}]}},"_links":{"self":[{"href":"https:\/\/wp.kristdemokraterna.se\/ydre\/wp-json\/wp\/v2\/pages\/1602","targetHints":{"allow":["GET"]}}],"collection":[{"href":"https:\/\/wp.kristdemokraterna.se\/ydre\/wp-json\/wp\/v2\/pages"}],"about":[{"href":"https:\/\/wp.kristdemokraterna.se\/ydre\/wp-json\/wp\/v2\/types\/page"}],"author":[{"embeddable":true,"href":"https:\/\/wp.kristdemokraterna.se\/ydre\/wp-json\/wp\/v2\/users\/793"}],"replies":[{"embeddable":true,"href":"https:\/\/wp.kristdemokraterna.se\/ydre\/wp-json\/wp\/v2\/comments?post=1602"}],"version-history":[{"count":3,"href":"https:\/\/wp.kristdemokraterna.se\/ydre\/wp-json\/wp\/v2\/pages\/1602\/revisions"}],"predecessor-version":[{"id":1605,"href":"https:\/\/wp.kristdemokraterna.se\/ydre\/wp-json\/wp\/v2\/pages\/1602\/revisions\/1605"}],"wp:attachment":[{"href":"https:\/\/wp.kristdemokraterna.se\/ydre\/wp-json\/wp\/v2\/media?parent=1602"}],"curies":[{"name":"wp","href":"https:\/\/api.w.org\/{rel}","templated":true}]}}