{"id":1607,"date":"2018-08-11T19:02:04","date_gmt":"2018-08-11T17:02:04","guid":{"rendered":"http:\/\/wp.kristdemokraterna.se\/ydre\/?page_id=1607"},"modified":"2018-08-11T19:02:50","modified_gmt":"2018-08-11T17:02:50","slug":"2015-12-16-drommen-om-en-vit-jul","status":"publish","type":"page","link":"https:\/\/wp.kristdemokraterna.se\/ydre\/2015-12-16-drommen-om-en-vit-jul\/","title":{"rendered":"2015-12-16 Dr\u00f6mmen om en vit jul"},"content":{"rendered":"<p><i>I\u2019m dreaming of a white Christmas&#8230;<\/i>\u00a0Lucian sj\u00f6ng, alla t\u00e4rnorna och stj\u00e4rngossarna liksa\u00e5. Men det blir bara en vacker dr\u00f6m i \u00e5r.<\/p>\n<p><img loading=\"lazy\" decoding=\"async\" src=\"http:\/\/ydrebo.se\/kd\/veckobrev\/ukreda2.JPG\" width=\"600\" height=\"461\" \/><br \/>\n<i>Inte i \u00e5r.<\/p>\n<p><\/i>Det var i Ydresalen luciat\u00e5get kommit in. Kommunfullm\u00e4ktige hade haft sitt sista sammantr\u00e4de f\u00f6r \u00e5ret. Inga \u00e4renden hade varit kontroversiella. Nu satt ledam\u00f6terna och ett antal inbjudna och lyssnade.<br \/>\nOm julen \u00e4nd\u00e5 kunde bli som den brukade vara s\u00e5 som s\u00e5ngen beskrev den! Men ute fanns det ingen tillstymmelse till vitt.<br \/>\nVisst har det varit jular utan sn\u00f6 f\u00f6rr. Men den h\u00e4r senh\u00f6sten har varit ovanligt varm. N\u00e5gra f\u00e5 g\u00e5nger har det varit frost. Men sn\u00f6r\u00f6jningen har inte beh\u00f6vts.<br \/>\nHar det blivit varmare? Ja, det s\u00e4gs att 2015 \u00e4r det varmaste \u00e5ret hittills p\u00e5 mycket l\u00e4nge. Det g\u00e4ller visserligen inte Sverige. Men det har aldrig varit s\u00e5 mycken sj\u00f6fart p\u00e5 Norra Ishavet. Om isen d\u00e4r forts\u00e4tter att sm\u00e4lta sommartid kan man snart f\u00e5 en farled \u00f6ver Nordpolen.<br \/>\nIs sm\u00e4lter, havet stiger och hotar l\u00e5gl\u00e4nta \u00f6ar, kuster och hamnst\u00e4der. Torka och regn kommer fel och det stormar mer. Det nyss avslutade klimatm\u00f6tet i Paris hade verkliga problem att diskutera.<br \/>\nMen somliga ser \u00e4nd\u00e5 ett visst hopp i att det byggs fler vindkraftverk och installeras fler solpaneler. L\u00e4nder som Kina och Indien inser att luftf\u00f6roreningarna m\u00e5ste bek\u00e4mpas.<br \/>\nMen hur det \u00e4n g\u00e5r p\u00e5verkar det \u00e4ven oss i Ydre.<\/p>\n<p><img loading=\"lazy\" decoding=\"async\" src=\"http:\/\/ydrebo.se\/kd\/veckobrev2015\/vindkraft.JPG\" width=\"599\" height=\"249\" \/><br \/>\n<i>Vindkraftverk i \u00d6resund.<\/p>\n<p><\/i>Luciaf\u00f6ljet fortsatte att sjunga om sin dr\u00f6m:\u00a0<i>And may all your Christmases be white.<\/p>\n<p><\/i><i>Bengt Malm, ordf.<br \/>\n16 december 2015<\/i><\/p>\n","protected":false},"excerpt":{"rendered":"<p>I\u2019m dreaming of a white Christmas&#8230;\u00a0Lucian sj\u00f6ng, alla t\u00e4rnorna och stj\u00e4rngossarna liksa\u00e5. Men det blir bara en vacker dr\u00f6m i \u00e5r. Inte i \u00e5r. Det var i Ydresalen luciat\u00e5get kommit in. Kommunfullm\u00e4ktige hade haft sitt sista sammantr\u00e4de f\u00f6r \u00e5ret. Inga \u00e4renden hade varit kontroversiella. Nu satt ledam\u00f6terna och ett antal inbjudna och lyssnade. Om julen <a class=\"read-more-link\" href=\"https:\/\/wp.kristdemokraterna.se\/ydre\/2015-12-16-drommen-om-en-vit-jul\/\">L\u00e4s mer<\/a><\/p>\n","protected":false},"author":793,"featured_media":0,"parent":0,"menu_order":0,"comment_status":"closed","ping_status":"closed","template":"","meta":{"_acf_changed":false,"footnotes":""},"class_list":["post-1607","page","type-page","status-publish","hentry"],"acf":[],"yoast_head":"<!-- This site is optimized with the Yoast SEO plugin v27.5 - https:\/\/yoast.com\/product\/yoast-seo-wordpress\/ -->\n<title>2015-12-16 Dr\u00f6mmen om en vit jul - Kristdemokraterna i Ydre<\/title>\n<meta name=\"robots\" content=\"index, follow, max-snippet:-1, max-image-preview:large, max-video-preview:-1\" \/>\n<link rel=\"canonical\" href=\"https:\/\/wp.kristdemokraterna.se\/ydre\/2015-12-16-drommen-om-en-vit-jul\/\" \/>\n<meta property=\"og:locale\" content=\"sv_SE\" \/>\n<meta property=\"og:type\" content=\"article\" \/>\n<meta property=\"og:title\" content=\"2015-12-16 Dr\u00f6mmen om en vit jul - Kristdemokraterna i Ydre\" \/>\n<meta property=\"og:description\" content=\"I\u2019m dreaming of a white Christmas&#8230;\u00a0Lucian sj\u00f6ng, alla t\u00e4rnorna och stj\u00e4rngossarna liksa\u00e5. Men det blir bara en vacker dr\u00f6m i \u00e5r. Inte i \u00e5r. Det var i Ydresalen luciat\u00e5get kommit in. Kommunfullm\u00e4ktige hade haft sitt sista sammantr\u00e4de f\u00f6r \u00e5ret. Inga \u00e4renden hade varit kontroversiella. Nu satt ledam\u00f6terna och ett antal inbjudna och lyssnade. Om julen L\u00e4s mer\" \/>\n<meta property=\"og:url\" content=\"https:\/\/wp.kristdemokraterna.se\/ydre\/2015-12-16-drommen-om-en-vit-jul\/\" \/>\n<meta property=\"og:site_name\" content=\"Kristdemokraterna i Ydre\" \/>\n<meta property=\"article:modified_time\" content=\"2018-08-11T17:02:50+00:00\" \/>\n<meta property=\"og:image\" content=\"http:\/\/ydrebo.se\/kd\/veckobrev\/ukreda2.JPG\" \/>\n<meta name=\"twitter:card\" content=\"summary_large_image\" \/>\n<meta name=\"twitter:label1\" content=\"Ber\u00e4knad l\u00e4stid\" \/>\n\t<meta name=\"twitter:data1\" content=\"1 minut\" \/>\n<script type=\"application\/ld+json\" class=\"yoast-schema-graph\">{\"@context\":\"https:\\\/\\\/schema.org\",\"@graph\":[{\"@type\":\"WebPage\",\"@id\":\"https:\\\/\\\/wp.kristdemokraterna.se\\\/ydre\\\/2015-12-16-drommen-om-en-vit-jul\\\/\",\"url\":\"https:\\\/\\\/wp.kristdemokraterna.se\\\/ydre\\\/2015-12-16-drommen-om-en-vit-jul\\\/\",\"name\":\"2015-12-16 Dr\u00f6mmen om en vit jul - Kristdemokraterna i Ydre\",\"isPartOf\":{\"@id\":\"https:\\\/\\\/wp.kristdemokraterna.se\\\/ydre\\\/#website\"},\"primaryImageOfPage\":{\"@id\":\"https:\\\/\\\/wp.kristdemokraterna.se\\\/ydre\\\/2015-12-16-drommen-om-en-vit-jul\\\/#primaryimage\"},\"image\":{\"@id\":\"https:\\\/\\\/wp.kristdemokraterna.se\\\/ydre\\\/2015-12-16-drommen-om-en-vit-jul\\\/#primaryimage\"},\"thumbnailUrl\":\"http:\\\/\\\/ydrebo.se\\\/kd\\\/veckobrev\\\/ukreda2.JPG\",\"datePublished\":\"2018-08-11T17:02:04+00:00\",\"dateModified\":\"2018-08-11T17:02:50+00:00\",\"breadcrumb\":{\"@id\":\"https:\\\/\\\/wp.kristdemokraterna.se\\\/ydre\\\/2015-12-16-drommen-om-en-vit-jul\\\/#breadcrumb\"},\"inLanguage\":\"sv-SE\",\"potentialAction\":[{\"@type\":\"ReadAction\",\"target\":[\"https:\\\/\\\/wp.kristdemokraterna.se\\\/ydre\\\/2015-12-16-drommen-om-en-vit-jul\\\/\"]}]},{\"@type\":\"ImageObject\",\"inLanguage\":\"sv-SE\",\"@id\":\"https:\\\/\\\/wp.kristdemokraterna.se\\\/ydre\\\/2015-12-16-drommen-om-en-vit-jul\\\/#primaryimage\",\"url\":\"http:\\\/\\\/ydrebo.se\\\/kd\\\/veckobrev\\\/ukreda2.JPG\",\"contentUrl\":\"http:\\\/\\\/ydrebo.se\\\/kd\\\/veckobrev\\\/ukreda2.JPG\"},{\"@type\":\"BreadcrumbList\",\"@id\":\"https:\\\/\\\/wp.kristdemokraterna.se\\\/ydre\\\/2015-12-16-drommen-om-en-vit-jul\\\/#breadcrumb\",\"itemListElement\":[{\"@type\":\"ListItem\",\"position\":1,\"name\":\"Hem\",\"item\":\"https:\\\/\\\/wp.kristdemokraterna.se\\\/ydre\\\/\"},{\"@type\":\"ListItem\",\"position\":2,\"name\":\"2015-12-16 Dr\u00f6mmen om en vit jul\"}]},{\"@type\":\"WebSite\",\"@id\":\"https:\\\/\\\/wp.kristdemokraterna.se\\\/ydre\\\/#website\",\"url\":\"https:\\\/\\\/wp.kristdemokraterna.se\\\/ydre\\\/\",\"name\":\"Kristdemokraterna i Ydre\",\"description\":\"En till Kristdemokraterna webbplats\",\"inLanguage\":\"sv-SE\"}]}<\/script>\n<!-- \/ Yoast SEO plugin. -->","yoast_head_json":{"title":"2015-12-16 Dr\u00f6mmen om en vit jul - Kristdemokraterna i Ydre","robots":{"index":"index","follow":"follow","max-snippet":"max-snippet:-1","max-image-preview":"max-image-preview:large","max-video-preview":"max-video-preview:-1"},"canonical":"https:\/\/wp.kristdemokraterna.se\/ydre\/2015-12-16-drommen-om-en-vit-jul\/","og_locale":"sv_SE","og_type":"article","og_title":"2015-12-16 Dr\u00f6mmen om en vit jul - Kristdemokraterna i Ydre","og_description":"I\u2019m dreaming of a white Christmas&#8230;\u00a0Lucian sj\u00f6ng, alla t\u00e4rnorna och stj\u00e4rngossarna liksa\u00e5. Men det blir bara en vacker dr\u00f6m i \u00e5r. Inte i \u00e5r. Det var i Ydresalen luciat\u00e5get kommit in. Kommunfullm\u00e4ktige hade haft sitt sista sammantr\u00e4de f\u00f6r \u00e5ret. Inga \u00e4renden hade varit kontroversiella. Nu satt ledam\u00f6terna och ett antal inbjudna och lyssnade. Om julen L\u00e4s mer","og_url":"https:\/\/wp.kristdemokraterna.se\/ydre\/2015-12-16-drommen-om-en-vit-jul\/","og_site_name":"Kristdemokraterna i Ydre","article_modified_time":"2018-08-11T17:02:50+00:00","og_image":[{"url":"http:\/\/ydrebo.se\/kd\/veckobrev\/ukreda2.JPG","type":"","width":"","height":""}],"twitter_card":"summary_large_image","twitter_misc":{"Ber\u00e4knad l\u00e4stid":"1 minut"},"schema":{"@context":"https:\/\/schema.org","@graph":[{"@type":"WebPage","@id":"https:\/\/wp.kristdemokraterna.se\/ydre\/2015-12-16-drommen-om-en-vit-jul\/","url":"https:\/\/wp.kristdemokraterna.se\/ydre\/2015-12-16-drommen-om-en-vit-jul\/","name":"2015-12-16 Dr\u00f6mmen om en vit jul - Kristdemokraterna i Ydre","isPartOf":{"@id":"https:\/\/wp.kristdemokraterna.se\/ydre\/#website"},"primaryImageOfPage":{"@id":"https:\/\/wp.kristdemokraterna.se\/ydre\/2015-12-16-drommen-om-en-vit-jul\/#primaryimage"},"image":{"@id":"https:\/\/wp.kristdemokraterna.se\/ydre\/2015-12-16-drommen-om-en-vit-jul\/#primaryimage"},"thumbnailUrl":"http:\/\/ydrebo.se\/kd\/veckobrev\/ukreda2.JPG","datePublished":"2018-08-11T17:02:04+00:00","dateModified":"2018-08-11T17:02:50+00:00","breadcrumb":{"@id":"https:\/\/wp.kristdemokraterna.se\/ydre\/2015-12-16-drommen-om-en-vit-jul\/#breadcrumb"},"inLanguage":"sv-SE","potentialAction":[{"@type":"ReadAction","target":["https:\/\/wp.kristdemokraterna.se\/ydre\/2015-12-16-drommen-om-en-vit-jul\/"]}]},{"@type":"ImageObject","inLanguage":"sv-SE","@id":"https:\/\/wp.kristdemokraterna.se\/ydre\/2015-12-16-drommen-om-en-vit-jul\/#primaryimage","url":"http:\/\/ydrebo.se\/kd\/veckobrev\/ukreda2.JPG","contentUrl":"http:\/\/ydrebo.se\/kd\/veckobrev\/ukreda2.JPG"},{"@type":"BreadcrumbList","@id":"https:\/\/wp.kristdemokraterna.se\/ydre\/2015-12-16-drommen-om-en-vit-jul\/#breadcrumb","itemListElement":[{"@type":"ListItem","position":1,"name":"Hem","item":"https:\/\/wp.kristdemokraterna.se\/ydre\/"},{"@type":"ListItem","position":2,"name":"2015-12-16 Dr\u00f6mmen om en vit jul"}]},{"@type":"WebSite","@id":"https:\/\/wp.kristdemokraterna.se\/ydre\/#website","url":"https:\/\/wp.kristdemokraterna.se\/ydre\/","name":"Kristdemokraterna i Ydre","description":"En till Kristdemokraterna webbplats","inLanguage":"sv-SE"}]}},"_links":{"self":[{"href":"https:\/\/wp.kristdemokraterna.se\/ydre\/wp-json\/wp\/v2\/pages\/1607","targetHints":{"allow":["GET"]}}],"collection":[{"href":"https:\/\/wp.kristdemokraterna.se\/ydre\/wp-json\/wp\/v2\/pages"}],"about":[{"href":"https:\/\/wp.kristdemokraterna.se\/ydre\/wp-json\/wp\/v2\/types\/page"}],"author":[{"embeddable":true,"href":"https:\/\/wp.kristdemokraterna.se\/ydre\/wp-json\/wp\/v2\/users\/793"}],"replies":[{"embeddable":true,"href":"https:\/\/wp.kristdemokraterna.se\/ydre\/wp-json\/wp\/v2\/comments?post=1607"}],"version-history":[{"count":2,"href":"https:\/\/wp.kristdemokraterna.se\/ydre\/wp-json\/wp\/v2\/pages\/1607\/revisions"}],"predecessor-version":[{"id":1609,"href":"https:\/\/wp.kristdemokraterna.se\/ydre\/wp-json\/wp\/v2\/pages\/1607\/revisions\/1609"}],"wp:attachment":[{"href":"https:\/\/wp.kristdemokraterna.se\/ydre\/wp-json\/wp\/v2\/media?parent=1607"}],"curies":[{"name":"wp","href":"https:\/\/api.w.org\/{rel}","templated":true}]}}