{"id":1611,"date":"2018-08-11T19:05:00","date_gmt":"2018-08-11T17:05:00","guid":{"rendered":"http:\/\/wp.kristdemokraterna.se\/ydre\/?page_id=1611"},"modified":"2018-08-11T19:07:33","modified_gmt":"2018-08-11T17:07:33","slug":"2015-12-21-drottningens-asylansokan","status":"publish","type":"page","link":"https:\/\/wp.kristdemokraterna.se\/ydre\/2015-12-21-drottningens-asylansokan\/","title":{"rendered":"2015-12-21 Drottningens asylans\u00f6kan"},"content":{"rendered":"<p><span style=\"font-size: large\"><i>(Repris fr\u00e5n tiden f\u00f6r EU-valet. Fr\u00e4mlingsfientligheten som diskuteras nedan har tyv\u00e4rr blivit v\u00e4rre.)<\/i><\/span><\/p>\n<p><img loading=\"lazy\" decoding=\"async\" src=\"http:\/\/ydrebo.se\/kd\/veckobrev2015\/hastmyra.JPG\" width=\"600\" height=\"462\" \/><br \/>\n<i>H\u00e4stmyredrottning (cirka 2 cm l\u00e5ng)<\/i><\/p>\n<p><i>H\u00e4romdagen d\u00f6k tv\u00e5 h\u00e4stmyror (drottningar) upp vid huset. Eftersom h\u00e4stmyror anses kunna g\u00f6ra \u00e5verkan p\u00e5 hus \u00e4r de illa sedda av f\u00f6rs\u00e4kringsbolagen.<br \/>\n<\/i>Visst var hon en drottning. Men hur hade hon tagit sig till oss? F\u00f6rmodligen hade hon flugit st\u00f6rre delen av v\u00e4gen.<br \/>\nSkulle hon f\u00e5 bo hos oss? Skulle hon beviljas asyl? Nog f\u00f6r att hon hade argument. Hon bet ifr\u00e5n sig ordentligt. K\u00e4kmusklerna var sp\u00e4nda innanf\u00f6r det svarta ansiktet.<br \/>\nMen hennes sk\u00e4l att f\u00e5 asyl var inte starka nog. Det besl\u00f6ts att hon skulle avvisas. Men varifr\u00e5n kom hon? Naturligtvis hade hon inga identitetshandlingar. Det har s\u00e5dana individer aldrig. Men det var tydligt att hon tillh\u00f6rde h\u00e4stmyrorna och de h\u00f6r hemma i skogen. Under tv\u00e5ng transporterades hon dit och avl\u00e4mnades vid en h\u00e4rligt murken stubbe som hackspettarna gjort stora h\u00e5l i.<br \/>\nHur gick det sedan? Skulle vi ha f\u00f6ljt upp hennes vidare \u00f6den? Nej, se det ing\u00e5r inte i v\u00e5ra skyldigheter.<br \/>\nDetta var den andra h\u00e4stmyran som utvisades den dagen. Kan det finnas fler som tagit sig in hos oss och lever underjordiskt? Lyckligtvis kan vi f\u00e5 hj\u00e4lp med s\u00e5dana illegala invandrare. F\u00f6r t\u00e4nk om vi \u00f6versv\u00e4mmas av dessa m\u00f6rkhyade varelser och deras or\u00e4kneliga ungar? De l\u00e4r visserligen \u00e4lska h\u00e5rt arbete och vara n\u00f6jda med att bo m\u00f6rkt och tr\u00e5ngt. Men deras traditionella samh\u00e4llsliv \u00e4r s\u00e5 fr\u00e4mmande f\u00f6r oss. De kan skada s\u00e5dant som vi s\u00e4tter v\u00e4rde p\u00e5.<br \/>\nSkall vi allts\u00e5 s\u00e4ga:&#8221;Bort med h\u00e4stmyrorna! De \u00e4r inte som vi.&#8221; Nej, det l\u00e5ter s\u00e5 vulg\u00e4rt. Det \u00e4r nog b\u00e4ttre att vi s\u00e4ger att vi har en genomt\u00e4nkt h\u00e4stmyrepolitik. Genomt\u00e4nkt \u00e4r ordet! Fast vad \u00e4r det vi t\u00e4nker?<\/p>\n<p><i>Bengt Malm, ordf.<br \/>\n24 maj 2014, dagen f\u00f6re EU-valet (\u00e5ter publicerat 21 december 2015)<\/i><\/p>\n<p><i>P.S. All eventuell likhet med vissa politiska partiers id\u00e9er m\u00e5ste betraktas som rena tillf\u00e4lligheter.<\/i><\/p>\n","protected":false},"excerpt":{"rendered":"<p>(Repris fr\u00e5n tiden f\u00f6r EU-valet. Fr\u00e4mlingsfientligheten som diskuteras nedan har tyv\u00e4rr blivit v\u00e4rre.) H\u00e4stmyredrottning (cirka 2 cm l\u00e5ng) H\u00e4romdagen d\u00f6k tv\u00e5 h\u00e4stmyror (drottningar) upp vid huset. Eftersom h\u00e4stmyror anses kunna g\u00f6ra \u00e5verkan p\u00e5 hus \u00e4r de illa sedda av f\u00f6rs\u00e4kringsbolagen. Visst var hon en drottning. Men hur hade hon tagit sig till oss? F\u00f6rmodligen hade <a class=\"read-more-link\" href=\"https:\/\/wp.kristdemokraterna.se\/ydre\/2015-12-21-drottningens-asylansokan\/\">L\u00e4s mer<\/a><\/p>\n","protected":false},"author":793,"featured_media":0,"parent":0,"menu_order":0,"comment_status":"closed","ping_status":"closed","template":"","meta":{"_acf_changed":false,"footnotes":""},"class_list":["post-1611","page","type-page","status-publish","hentry"],"acf":[],"yoast_head":"<!-- This site is optimized with the Yoast SEO plugin v27.5 - https:\/\/yoast.com\/product\/yoast-seo-wordpress\/ -->\n<title>2015-12-21 Drottningens asylans\u00f6kan - Kristdemokraterna i Ydre<\/title>\n<meta name=\"robots\" content=\"index, follow, max-snippet:-1, max-image-preview:large, max-video-preview:-1\" \/>\n<link rel=\"canonical\" href=\"https:\/\/wp.kristdemokraterna.se\/ydre\/2015-12-21-drottningens-asylansokan\/\" \/>\n<meta property=\"og:locale\" content=\"sv_SE\" \/>\n<meta property=\"og:type\" content=\"article\" \/>\n<meta property=\"og:title\" content=\"2015-12-21 Drottningens asylans\u00f6kan - Kristdemokraterna i Ydre\" \/>\n<meta property=\"og:description\" content=\"(Repris fr\u00e5n tiden f\u00f6r EU-valet. Fr\u00e4mlingsfientligheten som diskuteras nedan har tyv\u00e4rr blivit v\u00e4rre.) H\u00e4stmyredrottning (cirka 2 cm l\u00e5ng) H\u00e4romdagen d\u00f6k tv\u00e5 h\u00e4stmyror (drottningar) upp vid huset. Eftersom h\u00e4stmyror anses kunna g\u00f6ra \u00e5verkan p\u00e5 hus \u00e4r de illa sedda av f\u00f6rs\u00e4kringsbolagen. Visst var hon en drottning. Men hur hade hon tagit sig till oss? F\u00f6rmodligen hade L\u00e4s mer\" \/>\n<meta property=\"og:url\" content=\"https:\/\/wp.kristdemokraterna.se\/ydre\/2015-12-21-drottningens-asylansokan\/\" \/>\n<meta property=\"og:site_name\" content=\"Kristdemokraterna i Ydre\" \/>\n<meta property=\"article:modified_time\" content=\"2018-08-11T17:07:33+00:00\" \/>\n<meta property=\"og:image\" content=\"http:\/\/ydrebo.se\/kd\/veckobrev2015\/hastmyra.JPG\" \/>\n<meta name=\"twitter:card\" content=\"summary_large_image\" \/>\n<meta name=\"twitter:label1\" content=\"Ber\u00e4knad l\u00e4stid\" \/>\n\t<meta name=\"twitter:data1\" content=\"2 minuter\" \/>\n<script type=\"application\/ld+json\" class=\"yoast-schema-graph\">{\"@context\":\"https:\\\/\\\/schema.org\",\"@graph\":[{\"@type\":\"WebPage\",\"@id\":\"https:\\\/\\\/wp.kristdemokraterna.se\\\/ydre\\\/2015-12-21-drottningens-asylansokan\\\/\",\"url\":\"https:\\\/\\\/wp.kristdemokraterna.se\\\/ydre\\\/2015-12-21-drottningens-asylansokan\\\/\",\"name\":\"2015-12-21 Drottningens asylans\u00f6kan - Kristdemokraterna i Ydre\",\"isPartOf\":{\"@id\":\"https:\\\/\\\/wp.kristdemokraterna.se\\\/ydre\\\/#website\"},\"primaryImageOfPage\":{\"@id\":\"https:\\\/\\\/wp.kristdemokraterna.se\\\/ydre\\\/2015-12-21-drottningens-asylansokan\\\/#primaryimage\"},\"image\":{\"@id\":\"https:\\\/\\\/wp.kristdemokraterna.se\\\/ydre\\\/2015-12-21-drottningens-asylansokan\\\/#primaryimage\"},\"thumbnailUrl\":\"http:\\\/\\\/ydrebo.se\\\/kd\\\/veckobrev2015\\\/hastmyra.JPG\",\"datePublished\":\"2018-08-11T17:05:00+00:00\",\"dateModified\":\"2018-08-11T17:07:33+00:00\",\"breadcrumb\":{\"@id\":\"https:\\\/\\\/wp.kristdemokraterna.se\\\/ydre\\\/2015-12-21-drottningens-asylansokan\\\/#breadcrumb\"},\"inLanguage\":\"sv-SE\",\"potentialAction\":[{\"@type\":\"ReadAction\",\"target\":[\"https:\\\/\\\/wp.kristdemokraterna.se\\\/ydre\\\/2015-12-21-drottningens-asylansokan\\\/\"]}]},{\"@type\":\"ImageObject\",\"inLanguage\":\"sv-SE\",\"@id\":\"https:\\\/\\\/wp.kristdemokraterna.se\\\/ydre\\\/2015-12-21-drottningens-asylansokan\\\/#primaryimage\",\"url\":\"http:\\\/\\\/ydrebo.se\\\/kd\\\/veckobrev2015\\\/hastmyra.JPG\",\"contentUrl\":\"http:\\\/\\\/ydrebo.se\\\/kd\\\/veckobrev2015\\\/hastmyra.JPG\"},{\"@type\":\"BreadcrumbList\",\"@id\":\"https:\\\/\\\/wp.kristdemokraterna.se\\\/ydre\\\/2015-12-21-drottningens-asylansokan\\\/#breadcrumb\",\"itemListElement\":[{\"@type\":\"ListItem\",\"position\":1,\"name\":\"Hem\",\"item\":\"https:\\\/\\\/wp.kristdemokraterna.se\\\/ydre\\\/\"},{\"@type\":\"ListItem\",\"position\":2,\"name\":\"2015-12-21 Drottningens asylans\u00f6kan\"}]},{\"@type\":\"WebSite\",\"@id\":\"https:\\\/\\\/wp.kristdemokraterna.se\\\/ydre\\\/#website\",\"url\":\"https:\\\/\\\/wp.kristdemokraterna.se\\\/ydre\\\/\",\"name\":\"Kristdemokraterna i Ydre\",\"description\":\"En till Kristdemokraterna webbplats\",\"inLanguage\":\"sv-SE\"}]}<\/script>\n<!-- \/ Yoast SEO plugin. -->","yoast_head_json":{"title":"2015-12-21 Drottningens asylans\u00f6kan - Kristdemokraterna i Ydre","robots":{"index":"index","follow":"follow","max-snippet":"max-snippet:-1","max-image-preview":"max-image-preview:large","max-video-preview":"max-video-preview:-1"},"canonical":"https:\/\/wp.kristdemokraterna.se\/ydre\/2015-12-21-drottningens-asylansokan\/","og_locale":"sv_SE","og_type":"article","og_title":"2015-12-21 Drottningens asylans\u00f6kan - Kristdemokraterna i Ydre","og_description":"(Repris fr\u00e5n tiden f\u00f6r EU-valet. Fr\u00e4mlingsfientligheten som diskuteras nedan har tyv\u00e4rr blivit v\u00e4rre.) H\u00e4stmyredrottning (cirka 2 cm l\u00e5ng) H\u00e4romdagen d\u00f6k tv\u00e5 h\u00e4stmyror (drottningar) upp vid huset. Eftersom h\u00e4stmyror anses kunna g\u00f6ra \u00e5verkan p\u00e5 hus \u00e4r de illa sedda av f\u00f6rs\u00e4kringsbolagen. Visst var hon en drottning. Men hur hade hon tagit sig till oss? F\u00f6rmodligen hade L\u00e4s mer","og_url":"https:\/\/wp.kristdemokraterna.se\/ydre\/2015-12-21-drottningens-asylansokan\/","og_site_name":"Kristdemokraterna i Ydre","article_modified_time":"2018-08-11T17:07:33+00:00","og_image":[{"url":"http:\/\/ydrebo.se\/kd\/veckobrev2015\/hastmyra.JPG","type":"","width":"","height":""}],"twitter_card":"summary_large_image","twitter_misc":{"Ber\u00e4knad l\u00e4stid":"2 minuter"},"schema":{"@context":"https:\/\/schema.org","@graph":[{"@type":"WebPage","@id":"https:\/\/wp.kristdemokraterna.se\/ydre\/2015-12-21-drottningens-asylansokan\/","url":"https:\/\/wp.kristdemokraterna.se\/ydre\/2015-12-21-drottningens-asylansokan\/","name":"2015-12-21 Drottningens asylans\u00f6kan - Kristdemokraterna i Ydre","isPartOf":{"@id":"https:\/\/wp.kristdemokraterna.se\/ydre\/#website"},"primaryImageOfPage":{"@id":"https:\/\/wp.kristdemokraterna.se\/ydre\/2015-12-21-drottningens-asylansokan\/#primaryimage"},"image":{"@id":"https:\/\/wp.kristdemokraterna.se\/ydre\/2015-12-21-drottningens-asylansokan\/#primaryimage"},"thumbnailUrl":"http:\/\/ydrebo.se\/kd\/veckobrev2015\/hastmyra.JPG","datePublished":"2018-08-11T17:05:00+00:00","dateModified":"2018-08-11T17:07:33+00:00","breadcrumb":{"@id":"https:\/\/wp.kristdemokraterna.se\/ydre\/2015-12-21-drottningens-asylansokan\/#breadcrumb"},"inLanguage":"sv-SE","potentialAction":[{"@type":"ReadAction","target":["https:\/\/wp.kristdemokraterna.se\/ydre\/2015-12-21-drottningens-asylansokan\/"]}]},{"@type":"ImageObject","inLanguage":"sv-SE","@id":"https:\/\/wp.kristdemokraterna.se\/ydre\/2015-12-21-drottningens-asylansokan\/#primaryimage","url":"http:\/\/ydrebo.se\/kd\/veckobrev2015\/hastmyra.JPG","contentUrl":"http:\/\/ydrebo.se\/kd\/veckobrev2015\/hastmyra.JPG"},{"@type":"BreadcrumbList","@id":"https:\/\/wp.kristdemokraterna.se\/ydre\/2015-12-21-drottningens-asylansokan\/#breadcrumb","itemListElement":[{"@type":"ListItem","position":1,"name":"Hem","item":"https:\/\/wp.kristdemokraterna.se\/ydre\/"},{"@type":"ListItem","position":2,"name":"2015-12-21 Drottningens asylans\u00f6kan"}]},{"@type":"WebSite","@id":"https:\/\/wp.kristdemokraterna.se\/ydre\/#website","url":"https:\/\/wp.kristdemokraterna.se\/ydre\/","name":"Kristdemokraterna i Ydre","description":"En till Kristdemokraterna webbplats","inLanguage":"sv-SE"}]}},"_links":{"self":[{"href":"https:\/\/wp.kristdemokraterna.se\/ydre\/wp-json\/wp\/v2\/pages\/1611","targetHints":{"allow":["GET"]}}],"collection":[{"href":"https:\/\/wp.kristdemokraterna.se\/ydre\/wp-json\/wp\/v2\/pages"}],"about":[{"href":"https:\/\/wp.kristdemokraterna.se\/ydre\/wp-json\/wp\/v2\/types\/page"}],"author":[{"embeddable":true,"href":"https:\/\/wp.kristdemokraterna.se\/ydre\/wp-json\/wp\/v2\/users\/793"}],"replies":[{"embeddable":true,"href":"https:\/\/wp.kristdemokraterna.se\/ydre\/wp-json\/wp\/v2\/comments?post=1611"}],"version-history":[{"count":4,"href":"https:\/\/wp.kristdemokraterna.se\/ydre\/wp-json\/wp\/v2\/pages\/1611\/revisions"}],"predecessor-version":[{"id":1615,"href":"https:\/\/wp.kristdemokraterna.se\/ydre\/wp-json\/wp\/v2\/pages\/1611\/revisions\/1615"}],"wp:attachment":[{"href":"https:\/\/wp.kristdemokraterna.se\/ydre\/wp-json\/wp\/v2\/media?parent=1611"}],"curies":[{"name":"wp","href":"https:\/\/api.w.org\/{rel}","templated":true}]}}