{"id":1617,"date":"2018-08-11T19:11:06","date_gmt":"2018-08-11T17:11:06","guid":{"rendered":"http:\/\/wp.kristdemokraterna.se\/ydre\/?page_id=1617"},"modified":"2018-08-11T19:12:22","modified_gmt":"2018-08-11T17:12:22","slug":"2015-12-27-fly-radda-livet","status":"publish","type":"page","link":"https:\/\/wp.kristdemokraterna.se\/ydre\/2015-12-27-fly-radda-livet\/","title":{"rendered":"2015-12-27 Fly! R\u00e4dda livet!"},"content":{"rendered":"<p><span style=\"font-size: large\"><i>(Jeremia)<\/i><\/span><\/p>\n<p><img loading=\"lazy\" decoding=\"async\" src=\"http:\/\/ydrebo.se\/kd\/veckobrev2015\/betlehem.JPG\" width=\"600\" height=\"450\" \/><\/p>\n<p>Fly! Det var det de skulle g\u00f6ra, ja m\u00e5ste g\u00f6ra. Det var m\u00f6rkt ute. Det skulle inte ljusna p\u00e5 flera timmar. Men de v\u00e5gade inte v\u00e4nta. Det kunde komma en razzia n\u00e4r som helst.<br \/>\nN\u00e4rmaste st\u00f6rre stad l\u00e5g \u00e5t norr. De av oss som g\u00e5tt den v\u00e4gen vet att det skulle ta h\u00f6gst ett par timmar att komma dit. Men dit kunde de inte g\u00e5. Det var d\u00e4r farorna hotade. D\u00e4rifr\u00e5n kunde s\u00e4kerhetsstyrkorna komma. Kanske var de redan p\u00e5 v\u00e4g.<br \/>\nDen lilla familjen v\u00e4nde \u00e5t annat h\u00e5ll. S\u00e5 sm\u00e5ningom kom de in p\u00e5 den stora interkontinentala landsv\u00e4gen som anv\u00e4nts i \u00e5rtusenden. L\u00e5nga str\u00e4ckor g\u00e5r den genom glest bebodda trakter. Men till slut kom de fram till ett grannland. Vad hade de att v\u00e4nta d\u00e4r?<br \/>\nDet unga paret och deras lilla barn var mycket fattiga. Men v\u00e4nliga m\u00e4nniskor hade f\u00f6rsett dem med guld och andra v\u00e4rdesaker. Lyckligtvis blev de inte visiterade av gr\u00e4nspoliser och fr\u00e5ntagna sina v\u00e4rdef\u00f6rem\u00e5l med motiveringen att de skulle bli en belastning f\u00f6r v\u00e4rdlandet.<br \/>\nTrots att det g\u00e5tt ett tag sedan jul fanns det inga v\u00e4ktare eller poliser som kontrollerade deras id-handlingar. F\u00f6r resten hade de inga s\u00e5dana dokument.<br \/>\nMen nog kunde de v\u00e4l ha skaffat n\u00e5gon sorts intyg hos myndigheterna i sitt land? Det var ju trots allt inte s\u00e5 l\u00e5ngt till huvudstaden. Jo, de kunde ha g\u00e5tt dit och anm\u00e4lt sig. Men de hade aldrig kommit d\u00e4rifr\u00e5n med livet i beh\u00e5ll. F\u00f6r i det landet gick ingen s\u00e4ker. Bokstavligen gick\u00a0<i>ingen<\/i>\u00a0s\u00e4ker. Det finns ingen tillf\u00f6rlitlig uppskattning av hur m\u00e5nga som torterades, avr\u00e4ttades eller f\u00e4ngslades.<br \/>\nTrots allt stannade de flesta kvar under f\u00f6rtrycket. Vi brukar ju s\u00e4ga till s\u00e5dana personer: &#8221;Stanna kvar! Det \u00e4r inte s\u00e5 stor risk att just ni blir n\u00e4sta offer.&#8221; Den h\u00e4r familjen hade nog ocks\u00e5 stannat om den inte blivit varnad.<br \/>\nRegimer kommer och g\u00e5r. N\u00e4r situationen f\u00f6r\u00e4ndras b\u00f6r ju den som f\u00e5tt asyl \u00e5terv\u00e4nda. F\u00f6r d\u00e5 har v\u00e4l skyddsbehovet upph\u00f6rt, eller hur? Men i det h\u00e4r fallet fanns det ett problem. Fadern i familjen litade inte p\u00e5 den nya regimen heller. F\u00f6r sitt liv v\u00e5gade han inte \u00e5terv\u00e4nda. Vad skulle hans familj d\u00e5 ta sig till?<br \/>\nF\u00f6r resten &#8211; hur gick det f\u00f6r dem som inte flydde innan s\u00e4kerhetsstyrkorna gjorde sitt tillslag? Det blev en sorglig historia, mycket sorglig.<br \/>\nIngenting av detta \u00e4r uppdiktat. Man kan l\u00e4sa hela historien i det heliga evangeliet p\u00e5 V\u00e4rnl\u00f6sa barns dag (i \u00e5r firad s\u00f6ndagen efter jul).<\/p>\n<p><img loading=\"lazy\" decoding=\"async\" src=\"http:\/\/ydrebo.se\/kd\/veckobrev2015\/amiral.JPG\" width=\"600\" height=\"459\" \/><br \/>\n<i>Denna amiral \u00e4r antingen utlandsf\u00f6dd eller (troligast) barn till utlandsf\u00f6dda.<\/i><\/p>\n<p><span style=\"font-size: large\"><i>Bengt Malm, ordf.<br \/>\n27 december 2015, dagen f\u00f6re V\u00e4rnl\u00f6sa barns dag<\/i><\/span><\/p>\n","protected":false},"excerpt":{"rendered":"<p>(Jeremia) Fly! Det var det de skulle g\u00f6ra, ja m\u00e5ste g\u00f6ra. Det var m\u00f6rkt ute. Det skulle inte ljusna p\u00e5 flera timmar. Men de v\u00e5gade inte v\u00e4nta. Det kunde komma en razzia n\u00e4r som helst. N\u00e4rmaste st\u00f6rre stad l\u00e5g \u00e5t norr. De av oss som g\u00e5tt den v\u00e4gen vet att det skulle ta h\u00f6gst ett <a class=\"read-more-link\" href=\"https:\/\/wp.kristdemokraterna.se\/ydre\/2015-12-27-fly-radda-livet\/\">L\u00e4s mer<\/a><\/p>\n","protected":false},"author":793,"featured_media":0,"parent":0,"menu_order":0,"comment_status":"closed","ping_status":"closed","template":"","meta":{"_acf_changed":false,"footnotes":""},"class_list":["post-1617","page","type-page","status-publish","hentry"],"acf":[],"yoast_head":"<!-- This site is optimized with the Yoast SEO plugin v27.5 - https:\/\/yoast.com\/product\/yoast-seo-wordpress\/ -->\n<title>2015-12-27 Fly! R\u00e4dda livet! - Kristdemokraterna i Ydre<\/title>\n<meta name=\"robots\" content=\"index, follow, max-snippet:-1, max-image-preview:large, max-video-preview:-1\" \/>\n<link rel=\"canonical\" href=\"https:\/\/wp.kristdemokraterna.se\/ydre\/2015-12-27-fly-radda-livet\/\" \/>\n<meta property=\"og:locale\" content=\"sv_SE\" \/>\n<meta property=\"og:type\" content=\"article\" \/>\n<meta property=\"og:title\" content=\"2015-12-27 Fly! R\u00e4dda livet! - Kristdemokraterna i Ydre\" \/>\n<meta property=\"og:description\" content=\"(Jeremia) Fly! Det var det de skulle g\u00f6ra, ja m\u00e5ste g\u00f6ra. Det var m\u00f6rkt ute. Det skulle inte ljusna p\u00e5 flera timmar. Men de v\u00e5gade inte v\u00e4nta. Det kunde komma en razzia n\u00e4r som helst. N\u00e4rmaste st\u00f6rre stad l\u00e5g \u00e5t norr. De av oss som g\u00e5tt den v\u00e4gen vet att det skulle ta h\u00f6gst ett L\u00e4s mer\" \/>\n<meta property=\"og:url\" content=\"https:\/\/wp.kristdemokraterna.se\/ydre\/2015-12-27-fly-radda-livet\/\" \/>\n<meta property=\"og:site_name\" content=\"Kristdemokraterna i Ydre\" \/>\n<meta property=\"article:modified_time\" content=\"2018-08-11T17:12:22+00:00\" \/>\n<meta property=\"og:image\" content=\"http:\/\/ydrebo.se\/kd\/veckobrev2015\/betlehem.JPG\" \/>\n<meta name=\"twitter:card\" content=\"summary_large_image\" \/>\n<meta name=\"twitter:label1\" content=\"Ber\u00e4knad l\u00e4stid\" \/>\n\t<meta name=\"twitter:data1\" content=\"3 minuter\" \/>\n<script type=\"application\/ld+json\" class=\"yoast-schema-graph\">{\"@context\":\"https:\\\/\\\/schema.org\",\"@graph\":[{\"@type\":\"WebPage\",\"@id\":\"https:\\\/\\\/wp.kristdemokraterna.se\\\/ydre\\\/2015-12-27-fly-radda-livet\\\/\",\"url\":\"https:\\\/\\\/wp.kristdemokraterna.se\\\/ydre\\\/2015-12-27-fly-radda-livet\\\/\",\"name\":\"2015-12-27 Fly! R\u00e4dda livet! - Kristdemokraterna i Ydre\",\"isPartOf\":{\"@id\":\"https:\\\/\\\/wp.kristdemokraterna.se\\\/ydre\\\/#website\"},\"primaryImageOfPage\":{\"@id\":\"https:\\\/\\\/wp.kristdemokraterna.se\\\/ydre\\\/2015-12-27-fly-radda-livet\\\/#primaryimage\"},\"image\":{\"@id\":\"https:\\\/\\\/wp.kristdemokraterna.se\\\/ydre\\\/2015-12-27-fly-radda-livet\\\/#primaryimage\"},\"thumbnailUrl\":\"http:\\\/\\\/ydrebo.se\\\/kd\\\/veckobrev2015\\\/betlehem.JPG\",\"datePublished\":\"2018-08-11T17:11:06+00:00\",\"dateModified\":\"2018-08-11T17:12:22+00:00\",\"breadcrumb\":{\"@id\":\"https:\\\/\\\/wp.kristdemokraterna.se\\\/ydre\\\/2015-12-27-fly-radda-livet\\\/#breadcrumb\"},\"inLanguage\":\"sv-SE\",\"potentialAction\":[{\"@type\":\"ReadAction\",\"target\":[\"https:\\\/\\\/wp.kristdemokraterna.se\\\/ydre\\\/2015-12-27-fly-radda-livet\\\/\"]}]},{\"@type\":\"ImageObject\",\"inLanguage\":\"sv-SE\",\"@id\":\"https:\\\/\\\/wp.kristdemokraterna.se\\\/ydre\\\/2015-12-27-fly-radda-livet\\\/#primaryimage\",\"url\":\"http:\\\/\\\/ydrebo.se\\\/kd\\\/veckobrev2015\\\/betlehem.JPG\",\"contentUrl\":\"http:\\\/\\\/ydrebo.se\\\/kd\\\/veckobrev2015\\\/betlehem.JPG\"},{\"@type\":\"BreadcrumbList\",\"@id\":\"https:\\\/\\\/wp.kristdemokraterna.se\\\/ydre\\\/2015-12-27-fly-radda-livet\\\/#breadcrumb\",\"itemListElement\":[{\"@type\":\"ListItem\",\"position\":1,\"name\":\"Hem\",\"item\":\"https:\\\/\\\/wp.kristdemokraterna.se\\\/ydre\\\/\"},{\"@type\":\"ListItem\",\"position\":2,\"name\":\"2015-12-27 Fly! R\u00e4dda livet!\"}]},{\"@type\":\"WebSite\",\"@id\":\"https:\\\/\\\/wp.kristdemokraterna.se\\\/ydre\\\/#website\",\"url\":\"https:\\\/\\\/wp.kristdemokraterna.se\\\/ydre\\\/\",\"name\":\"Kristdemokraterna i Ydre\",\"description\":\"En till Kristdemokraterna webbplats\",\"inLanguage\":\"sv-SE\"}]}<\/script>\n<!-- \/ Yoast SEO plugin. -->","yoast_head_json":{"title":"2015-12-27 Fly! R\u00e4dda livet! - Kristdemokraterna i Ydre","robots":{"index":"index","follow":"follow","max-snippet":"max-snippet:-1","max-image-preview":"max-image-preview:large","max-video-preview":"max-video-preview:-1"},"canonical":"https:\/\/wp.kristdemokraterna.se\/ydre\/2015-12-27-fly-radda-livet\/","og_locale":"sv_SE","og_type":"article","og_title":"2015-12-27 Fly! R\u00e4dda livet! - Kristdemokraterna i Ydre","og_description":"(Jeremia) Fly! Det var det de skulle g\u00f6ra, ja m\u00e5ste g\u00f6ra. Det var m\u00f6rkt ute. Det skulle inte ljusna p\u00e5 flera timmar. Men de v\u00e5gade inte v\u00e4nta. Det kunde komma en razzia n\u00e4r som helst. N\u00e4rmaste st\u00f6rre stad l\u00e5g \u00e5t norr. De av oss som g\u00e5tt den v\u00e4gen vet att det skulle ta h\u00f6gst ett L\u00e4s mer","og_url":"https:\/\/wp.kristdemokraterna.se\/ydre\/2015-12-27-fly-radda-livet\/","og_site_name":"Kristdemokraterna i Ydre","article_modified_time":"2018-08-11T17:12:22+00:00","og_image":[{"url":"http:\/\/ydrebo.se\/kd\/veckobrev2015\/betlehem.JPG","type":"","width":"","height":""}],"twitter_card":"summary_large_image","twitter_misc":{"Ber\u00e4knad l\u00e4stid":"3 minuter"},"schema":{"@context":"https:\/\/schema.org","@graph":[{"@type":"WebPage","@id":"https:\/\/wp.kristdemokraterna.se\/ydre\/2015-12-27-fly-radda-livet\/","url":"https:\/\/wp.kristdemokraterna.se\/ydre\/2015-12-27-fly-radda-livet\/","name":"2015-12-27 Fly! R\u00e4dda livet! - Kristdemokraterna i Ydre","isPartOf":{"@id":"https:\/\/wp.kristdemokraterna.se\/ydre\/#website"},"primaryImageOfPage":{"@id":"https:\/\/wp.kristdemokraterna.se\/ydre\/2015-12-27-fly-radda-livet\/#primaryimage"},"image":{"@id":"https:\/\/wp.kristdemokraterna.se\/ydre\/2015-12-27-fly-radda-livet\/#primaryimage"},"thumbnailUrl":"http:\/\/ydrebo.se\/kd\/veckobrev2015\/betlehem.JPG","datePublished":"2018-08-11T17:11:06+00:00","dateModified":"2018-08-11T17:12:22+00:00","breadcrumb":{"@id":"https:\/\/wp.kristdemokraterna.se\/ydre\/2015-12-27-fly-radda-livet\/#breadcrumb"},"inLanguage":"sv-SE","potentialAction":[{"@type":"ReadAction","target":["https:\/\/wp.kristdemokraterna.se\/ydre\/2015-12-27-fly-radda-livet\/"]}]},{"@type":"ImageObject","inLanguage":"sv-SE","@id":"https:\/\/wp.kristdemokraterna.se\/ydre\/2015-12-27-fly-radda-livet\/#primaryimage","url":"http:\/\/ydrebo.se\/kd\/veckobrev2015\/betlehem.JPG","contentUrl":"http:\/\/ydrebo.se\/kd\/veckobrev2015\/betlehem.JPG"},{"@type":"BreadcrumbList","@id":"https:\/\/wp.kristdemokraterna.se\/ydre\/2015-12-27-fly-radda-livet\/#breadcrumb","itemListElement":[{"@type":"ListItem","position":1,"name":"Hem","item":"https:\/\/wp.kristdemokraterna.se\/ydre\/"},{"@type":"ListItem","position":2,"name":"2015-12-27 Fly! R\u00e4dda livet!"}]},{"@type":"WebSite","@id":"https:\/\/wp.kristdemokraterna.se\/ydre\/#website","url":"https:\/\/wp.kristdemokraterna.se\/ydre\/","name":"Kristdemokraterna i Ydre","description":"En till Kristdemokraterna webbplats","inLanguage":"sv-SE"}]}},"_links":{"self":[{"href":"https:\/\/wp.kristdemokraterna.se\/ydre\/wp-json\/wp\/v2\/pages\/1617","targetHints":{"allow":["GET"]}}],"collection":[{"href":"https:\/\/wp.kristdemokraterna.se\/ydre\/wp-json\/wp\/v2\/pages"}],"about":[{"href":"https:\/\/wp.kristdemokraterna.se\/ydre\/wp-json\/wp\/v2\/types\/page"}],"author":[{"embeddable":true,"href":"https:\/\/wp.kristdemokraterna.se\/ydre\/wp-json\/wp\/v2\/users\/793"}],"replies":[{"embeddable":true,"href":"https:\/\/wp.kristdemokraterna.se\/ydre\/wp-json\/wp\/v2\/comments?post=1617"}],"version-history":[{"count":4,"href":"https:\/\/wp.kristdemokraterna.se\/ydre\/wp-json\/wp\/v2\/pages\/1617\/revisions"}],"predecessor-version":[{"id":1621,"href":"https:\/\/wp.kristdemokraterna.se\/ydre\/wp-json\/wp\/v2\/pages\/1617\/revisions\/1621"}],"wp:attachment":[{"href":"https:\/\/wp.kristdemokraterna.se\/ydre\/wp-json\/wp\/v2\/media?parent=1617"}],"curies":[{"name":"wp","href":"https:\/\/api.w.org\/{rel}","templated":true}]}}