{"id":1630,"date":"2020-01-04T19:45:55","date_gmt":"2020-01-04T18:45:55","guid":{"rendered":"http:\/\/wp.kristdemokraterna.se\/ydre\/?page_id=1630"},"modified":"2020-01-04T19:51:07","modified_gmt":"2020-01-04T18:51:07","slug":"foretagsbesok-2019-12-13","status":"publish","type":"page","link":"https:\/\/wp.kristdemokraterna.se\/ydre\/i-var-kommun\/foretagsbesok-2019-12-13\/","title":{"rendered":"F\u00f6retagsbes\u00f6k 2019-12-13"},"content":{"rendered":"<p>Ydre Kristdemokrater bes\u00f6kte n\u00e5gra av Ydres f\u00f6retagare den 13 december 2019 f\u00f6r att studera deras f\u00f6retag och samtala med dem om vilken hj\u00e4lp de beh\u00f6ver f\u00f6r att utveckla sina f\u00f6retag och l\u00f6sa sina problem. Ydre Kristdemokrater representerades denna dag av Linda Masman, Peter Gustavsson, Johny Martinsson samt Bengt Malm. Dessa f\u00f6retagare fick \u00e4ven bes\u00f6k av riksdagsledamoten Magnus Oscarsson samt Elvira Wibeck, som \u00e4r politisk sekreterare f\u00f6r Kristdemokraterna i Norrk\u00f6ping.<\/p>\n<div id=\"attachment_1632\" style=\"width: 310px\" class=\"wp-caption alignnone\"><a href=\"http:\/\/wp.kristdemokraterna.se\/ydre\/files\/2020\/01\/img_2876.jpg\"><img loading=\"lazy\" decoding=\"async\" aria-describedby=\"caption-attachment-1632\" class=\"size-medium wp-image-1632\" src=\"http:\/\/wp.kristdemokraterna.se\/ydre\/files\/2020\/01\/img_2876-300x230.jpg\" alt=\"Bes\u00f6k hos f\u00f6retaget Diggeli-Q AB, som \u00e4gnar sig \u00e5t \u00e4ggproduktion f\u00f6r f\u00f6rs\u00e4ljning. \" width=\"300\" height=\"230\" srcset=\"https:\/\/wp.kristdemokraterna.se\/ydre\/files\/2020\/01\/img_2876-300x230.jpg 300w, https:\/\/wp.kristdemokraterna.se\/ydre\/files\/2020\/01\/img_2876-768x589.jpg 768w, https:\/\/wp.kristdemokraterna.se\/ydre\/files\/2020\/01\/img_2876-1024x785.jpg 1024w, https:\/\/wp.kristdemokraterna.se\/ydre\/files\/2020\/01\/img_2876-261x200.jpg 261w, https:\/\/wp.kristdemokraterna.se\/ydre\/files\/2020\/01\/img_2876-370x284.jpg 370w, https:\/\/wp.kristdemokraterna.se\/ydre\/files\/2020\/01\/img_2876-770x590.jpg 770w, https:\/\/wp.kristdemokraterna.se\/ydre\/files\/2020\/01\/img_2876-450x345.jpg 450w, https:\/\/wp.kristdemokraterna.se\/ydre\/files\/2020\/01\/img_2876-280x215.jpg 280w, https:\/\/wp.kristdemokraterna.se\/ydre\/files\/2020\/01\/img_2876-340x261.jpg 340w, https:\/\/wp.kristdemokraterna.se\/ydre\/files\/2020\/01\/img_2876-200x153.jpg 200w, https:\/\/wp.kristdemokraterna.se\/ydre\/files\/2020\/01\/img_2876-73x56.jpg 73w, https:\/\/wp.kristdemokraterna.se\/ydre\/files\/2020\/01\/img_2876.jpg 1200w\" sizes=\"auto, (max-width: 300px) 100vw, 300px\" \/><\/a><p id=\"caption-attachment-1632\" class=\"wp-caption-text\">Bes\u00f6k hos f\u00f6retaget Diggeli-Q AB, som \u00e4gnar sig \u00e5t \u00e4ggproduktion f\u00f6r f\u00f6rs\u00e4ljning. Detta f\u00f6retag drivs av familjen S\u00f6derlund fr\u00e5n Lind\u00e5sen. Fr\u00e5n v\u00e4nster syns Gustav S\u00f6derlund, Erik S\u00f6derlund, Magnus Oscarsson, Elvira Wibeck, Linda Masman, Johny Martinsson samt Sofia S\u00f6derlund.<\/p><\/div>\n<p>&nbsp;<\/p>\n<div id=\"attachment_1633\" style=\"width: 240px\" class=\"wp-caption alignnone\"><a href=\"http:\/\/wp.kristdemokraterna.se\/ydre\/files\/2020\/01\/img_2865.jpg\"><img loading=\"lazy\" decoding=\"async\" aria-describedby=\"caption-attachment-1633\" class=\"size-medium wp-image-1633\" src=\"http:\/\/wp.kristdemokraterna.se\/ydre\/files\/2020\/01\/img_2865-230x300.jpg\" alt=\"Bild p\u00e5 \u00e4gg, som transporteras p\u00e5 ett l\u00f6pande band fr\u00e5n h\u00f6nshuset till f\u00f6rpackningsavdelningen.\" width=\"230\" height=\"300\" srcset=\"https:\/\/wp.kristdemokraterna.se\/ydre\/files\/2020\/01\/img_2865-230x300.jpg 230w, https:\/\/wp.kristdemokraterna.se\/ydre\/files\/2020\/01\/img_2865-768x1004.jpg 768w, https:\/\/wp.kristdemokraterna.se\/ydre\/files\/2020\/01\/img_2865-783x1024.jpg 783w, https:\/\/wp.kristdemokraterna.se\/ydre\/files\/2020\/01\/img_2865-153x200.jpg 153w, https:\/\/wp.kristdemokraterna.se\/ydre\/files\/2020\/01\/img_2865-370x484.jpg 370w, https:\/\/wp.kristdemokraterna.se\/ydre\/files\/2020\/01\/img_2865-770x1007.jpg 770w, https:\/\/wp.kristdemokraterna.se\/ydre\/files\/2020\/01\/img_2865-450x588.jpg 450w, https:\/\/wp.kristdemokraterna.se\/ydre\/files\/2020\/01\/img_2865-280x366.jpg 280w, https:\/\/wp.kristdemokraterna.se\/ydre\/files\/2020\/01\/img_2865-340x444.jpg 340w, https:\/\/wp.kristdemokraterna.se\/ydre\/files\/2020\/01\/img_2865-43x56.jpg 43w, https:\/\/wp.kristdemokraterna.se\/ydre\/files\/2020\/01\/img_2865.jpg 918w\" sizes=\"auto, (max-width: 230px) 100vw, 230px\" \/><\/a><p id=\"caption-attachment-1633\" class=\"wp-caption-text\">Bild p\u00e5 \u00e4gg, som transporteras p\u00e5 ett l\u00f6pande band fr\u00e5n h\u00f6nshuset till f\u00f6rpackningsavdelningen.<\/p><\/div>\n<p>&nbsp;<\/p>\n<div id=\"attachment_1634\" style=\"width: 310px\" class=\"wp-caption alignnone\"><a href=\"http:\/\/wp.kristdemokraterna.se\/ydre\/files\/2020\/01\/img_2873.jpg\"><img loading=\"lazy\" decoding=\"async\" aria-describedby=\"caption-attachment-1634\" class=\"size-medium wp-image-1634\" src=\"http:\/\/wp.kristdemokraterna.se\/ydre\/files\/2020\/01\/img_2873-300x231.jpg\" alt=\"F\u00e4rdigpackade \u00e4gg.\" width=\"300\" height=\"231\" srcset=\"https:\/\/wp.kristdemokraterna.se\/ydre\/files\/2020\/01\/img_2873-300x231.jpg 300w, https:\/\/wp.kristdemokraterna.se\/ydre\/files\/2020\/01\/img_2873-768x591.jpg 768w, https:\/\/wp.kristdemokraterna.se\/ydre\/files\/2020\/01\/img_2873-1024x788.jpg 1024w, https:\/\/wp.kristdemokraterna.se\/ydre\/files\/2020\/01\/img_2873-260x200.jpg 260w, https:\/\/wp.kristdemokraterna.se\/ydre\/files\/2020\/01\/img_2873-370x285.jpg 370w, https:\/\/wp.kristdemokraterna.se\/ydre\/files\/2020\/01\/img_2873-770x593.jpg 770w, https:\/\/wp.kristdemokraterna.se\/ydre\/files\/2020\/01\/img_2873-450x347.jpg 450w, https:\/\/wp.kristdemokraterna.se\/ydre\/files\/2020\/01\/img_2873-280x216.jpg 280w, https:\/\/wp.kristdemokraterna.se\/ydre\/files\/2020\/01\/img_2873-340x262.jpg 340w, https:\/\/wp.kristdemokraterna.se\/ydre\/files\/2020\/01\/img_2873-200x154.jpg 200w, https:\/\/wp.kristdemokraterna.se\/ydre\/files\/2020\/01\/img_2873-73x56.jpg 73w, https:\/\/wp.kristdemokraterna.se\/ydre\/files\/2020\/01\/img_2873.jpg 1200w\" sizes=\"auto, (max-width: 300px) 100vw, 300px\" \/><\/a><p id=\"caption-attachment-1634\" class=\"wp-caption-text\">F\u00e4rdigpackade \u00e4gg.<\/p><\/div>\n<p>&nbsp;<\/p>\n<div id=\"attachment_1635\" style=\"width: 310px\" class=\"wp-caption alignnone\"><a href=\"http:\/\/wp.kristdemokraterna.se\/ydre\/files\/2020\/01\/img_2879.jpg\"><img loading=\"lazy\" decoding=\"async\" aria-describedby=\"caption-attachment-1635\" class=\"size-medium wp-image-1635\" src=\"http:\/\/wp.kristdemokraterna.se\/ydre\/files\/2020\/01\/img_2879-300x225.jpg\" alt=\"Bes\u00f6k i ladug\u00e5rden vid H\u00f6glycke Mellang\u00e5rd. F\u00f6retaget drivs av Michael H\u00fcbsch.\" width=\"300\" height=\"225\" srcset=\"https:\/\/wp.kristdemokraterna.se\/ydre\/files\/2020\/01\/img_2879-300x225.jpg 300w, https:\/\/wp.kristdemokraterna.se\/ydre\/files\/2020\/01\/img_2879-768x576.jpg 768w, https:\/\/wp.kristdemokraterna.se\/ydre\/files\/2020\/01\/img_2879-1024x768.jpg 1024w, https:\/\/wp.kristdemokraterna.se\/ydre\/files\/2020\/01\/img_2879-267x200.jpg 267w, https:\/\/wp.kristdemokraterna.se\/ydre\/files\/2020\/01\/img_2879-370x278.jpg 370w, https:\/\/wp.kristdemokraterna.se\/ydre\/files\/2020\/01\/img_2879-770x578.jpg 770w, https:\/\/wp.kristdemokraterna.se\/ydre\/files\/2020\/01\/img_2879-450x338.jpg 450w, https:\/\/wp.kristdemokraterna.se\/ydre\/files\/2020\/01\/img_2879-280x210.jpg 280w, https:\/\/wp.kristdemokraterna.se\/ydre\/files\/2020\/01\/img_2879-340x255.jpg 340w, https:\/\/wp.kristdemokraterna.se\/ydre\/files\/2020\/01\/img_2879-200x150.jpg 200w, https:\/\/wp.kristdemokraterna.se\/ydre\/files\/2020\/01\/img_2879-75x56.jpg 75w, https:\/\/wp.kristdemokraterna.se\/ydre\/files\/2020\/01\/img_2879.jpg 1200w\" sizes=\"auto, (max-width: 300px) 100vw, 300px\" \/><\/a><p id=\"caption-attachment-1635\" class=\"wp-caption-text\">Bes\u00f6k i ladug\u00e5rden vid H\u00f6glycke Mellang\u00e5rd. F\u00f6retaget drivs av Michael H\u00fcbsch.<\/p><\/div>\n<p>&nbsp;<\/p>\n<div id=\"attachment_1636\" style=\"width: 310px\" class=\"wp-caption alignnone\"><a href=\"http:\/\/wp.kristdemokraterna.se\/ydre\/files\/2020\/01\/img_2896.jpg\"><img loading=\"lazy\" decoding=\"async\" aria-describedby=\"caption-attachment-1636\" class=\"size-medium wp-image-1636\" src=\"http:\/\/wp.kristdemokraterna.se\/ydre\/files\/2020\/01\/img_2896-300x230.jpg\" alt=\"Magnus Oscarsson och Linda Masman studerar de skador som orsakats av vildsvin.\" width=\"300\" height=\"230\" srcset=\"https:\/\/wp.kristdemokraterna.se\/ydre\/files\/2020\/01\/img_2896-300x230.jpg 300w, https:\/\/wp.kristdemokraterna.se\/ydre\/files\/2020\/01\/img_2896-768x588.jpg 768w, https:\/\/wp.kristdemokraterna.se\/ydre\/files\/2020\/01\/img_2896-1024x783.jpg 1024w, https:\/\/wp.kristdemokraterna.se\/ydre\/files\/2020\/01\/img_2896-261x200.jpg 261w, https:\/\/wp.kristdemokraterna.se\/ydre\/files\/2020\/01\/img_2896-370x283.jpg 370w, https:\/\/wp.kristdemokraterna.se\/ydre\/files\/2020\/01\/img_2896-770x589.jpg 770w, https:\/\/wp.kristdemokraterna.se\/ydre\/files\/2020\/01\/img_2896-450x344.jpg 450w, https:\/\/wp.kristdemokraterna.se\/ydre\/files\/2020\/01\/img_2896-280x214.jpg 280w, https:\/\/wp.kristdemokraterna.se\/ydre\/files\/2020\/01\/img_2896-340x260.jpg 340w, https:\/\/wp.kristdemokraterna.se\/ydre\/files\/2020\/01\/img_2896-200x153.jpg 200w, https:\/\/wp.kristdemokraterna.se\/ydre\/files\/2020\/01\/img_2896-73x56.jpg 73w, https:\/\/wp.kristdemokraterna.se\/ydre\/files\/2020\/01\/img_2896.jpg 1200w\" sizes=\"auto, (max-width: 300px) 100vw, 300px\" \/><\/a><p id=\"caption-attachment-1636\" class=\"wp-caption-text\">Magnus Oscarsson och Linda Masman studerar de skador som orsakats av vildsvin.<\/p><\/div>\n<p>&nbsp;<\/p>\n<div id=\"attachment_1637\" style=\"width: 310px\" class=\"wp-caption alignnone\"><a href=\"http:\/\/wp.kristdemokraterna.se\/ydre\/files\/2020\/01\/img_2898.jpg\"><img loading=\"lazy\" decoding=\"async\" aria-describedby=\"caption-attachment-1637\" class=\"size-medium wp-image-1637\" src=\"http:\/\/wp.kristdemokraterna.se\/ydre\/files\/2020\/01\/img_2898-300x231.jpg\" alt=\"Samtal p\u00e5g\u00e5r vid g\u00e5rden i Hedingsm\u00e5la. I f\u00f6rgrunden syns fr\u00e5n v\u00e4nster Ingemar H\u00fcbsch samt Magnus Oscarsson. I bakgrunden syns fr\u00e5n v\u00e4nster Linda Masman samt Johny Martinsson.\" width=\"300\" height=\"231\" srcset=\"https:\/\/wp.kristdemokraterna.se\/ydre\/files\/2020\/01\/img_2898-300x231.jpg 300w, https:\/\/wp.kristdemokraterna.se\/ydre\/files\/2020\/01\/img_2898-768x590.jpg 768w, https:\/\/wp.kristdemokraterna.se\/ydre\/files\/2020\/01\/img_2898-1024x787.jpg 1024w, https:\/\/wp.kristdemokraterna.se\/ydre\/files\/2020\/01\/img_2898-260x200.jpg 260w, https:\/\/wp.kristdemokraterna.se\/ydre\/files\/2020\/01\/img_2898-370x284.jpg 370w, https:\/\/wp.kristdemokraterna.se\/ydre\/files\/2020\/01\/img_2898-770x592.jpg 770w, https:\/\/wp.kristdemokraterna.se\/ydre\/files\/2020\/01\/img_2898-450x346.jpg 450w, https:\/\/wp.kristdemokraterna.se\/ydre\/files\/2020\/01\/img_2898-280x215.jpg 280w, https:\/\/wp.kristdemokraterna.se\/ydre\/files\/2020\/01\/img_2898-340x261.jpg 340w, https:\/\/wp.kristdemokraterna.se\/ydre\/files\/2020\/01\/img_2898-200x154.jpg 200w, https:\/\/wp.kristdemokraterna.se\/ydre\/files\/2020\/01\/img_2898-73x56.jpg 73w, https:\/\/wp.kristdemokraterna.se\/ydre\/files\/2020\/01\/img_2898.jpg 1200w\" sizes=\"auto, (max-width: 300px) 100vw, 300px\" \/><\/a><p id=\"caption-attachment-1637\" class=\"wp-caption-text\">Samtal p\u00e5g\u00e5r vid g\u00e5rden i Hedingsm\u00e5la. I f\u00f6rgrunden syns fr\u00e5n v\u00e4nster Ingemar H\u00fcbsch samt Magnus Oscarsson. I bakgrunden syns fr\u00e5n v\u00e4nster Linda Masman samt Johny Martinsson.<\/p><\/div>\n<p>&nbsp;<\/p>\n<div id=\"attachment_1638\" style=\"width: 310px\" class=\"wp-caption alignnone\"><a href=\"http:\/\/wp.kristdemokraterna.se\/ydre\/files\/2020\/01\/img_2899.jpg\"><img loading=\"lazy\" decoding=\"async\" aria-describedby=\"caption-attachment-1638\" class=\"size-medium wp-image-1638\" src=\"http:\/\/wp.kristdemokraterna.se\/ydre\/files\/2020\/01\/img_2899-300x231.jpg\" alt=\"Bes\u00f6k p\u00e5 g\u00e5rden i Hedingsm\u00e5la. Fr\u00e5n v\u00e4nster syns Johny Martinsson, Peter Gustavsson, Linda Masman, Michael H\u00fcbsch, Magnus Oscarsson samt Elvira Wibeck.\" width=\"300\" height=\"231\" srcset=\"https:\/\/wp.kristdemokraterna.se\/ydre\/files\/2020\/01\/img_2899-300x231.jpg 300w, https:\/\/wp.kristdemokraterna.se\/ydre\/files\/2020\/01\/img_2899-768x591.jpg 768w, https:\/\/wp.kristdemokraterna.se\/ydre\/files\/2020\/01\/img_2899-1024x788.jpg 1024w, https:\/\/wp.kristdemokraterna.se\/ydre\/files\/2020\/01\/img_2899-260x200.jpg 260w, https:\/\/wp.kristdemokraterna.se\/ydre\/files\/2020\/01\/img_2899-370x285.jpg 370w, https:\/\/wp.kristdemokraterna.se\/ydre\/files\/2020\/01\/img_2899-770x592.jpg 770w, https:\/\/wp.kristdemokraterna.se\/ydre\/files\/2020\/01\/img_2899-450x346.jpg 450w, https:\/\/wp.kristdemokraterna.se\/ydre\/files\/2020\/01\/img_2899-280x215.jpg 280w, https:\/\/wp.kristdemokraterna.se\/ydre\/files\/2020\/01\/img_2899-340x262.jpg 340w, https:\/\/wp.kristdemokraterna.se\/ydre\/files\/2020\/01\/img_2899-200x154.jpg 200w, https:\/\/wp.kristdemokraterna.se\/ydre\/files\/2020\/01\/img_2899-73x56.jpg 73w, https:\/\/wp.kristdemokraterna.se\/ydre\/files\/2020\/01\/img_2899.jpg 1200w\" sizes=\"auto, (max-width: 300px) 100vw, 300px\" \/><\/a><p id=\"caption-attachment-1638\" class=\"wp-caption-text\">Bes\u00f6k p\u00e5 g\u00e5rden i Hedingsm\u00e5la. Fr\u00e5n v\u00e4nster syns Johny Martinsson, Peter Gustavsson, Linda Masman, Michael H\u00fcbsch, Magnus Oscarsson samt Elvira Wibeck.<\/p><\/div>\n<p>&nbsp;<\/p>\n","protected":false},"excerpt":{"rendered":"<p>Ydre Kristdemokrater bes\u00f6kte n\u00e5gra av Ydres f\u00f6retagare den 13 december 2019 f\u00f6r att studera deras f\u00f6retag och samtala med dem om vilken hj\u00e4lp de beh\u00f6ver f\u00f6r att utveckla sina f\u00f6retag och l\u00f6sa sina problem. Ydre Kristdemokrater representerades denna dag av Linda Masman, Peter Gustavsson, Johny Martinsson samt Bengt Malm. Dessa f\u00f6retagare fick \u00e4ven bes\u00f6k av <a class=\"read-more-link\" href=\"https:\/\/wp.kristdemokraterna.se\/ydre\/i-var-kommun\/foretagsbesok-2019-12-13\/\">L\u00e4s mer<\/a><\/p>\n","protected":false},"author":793,"featured_media":0,"parent":342,"menu_order":1,"comment_status":"closed","ping_status":"closed","template":"","meta":{"_acf_changed":false,"footnotes":""},"class_list":["post-1630","page","type-page","status-publish","hentry"],"acf":[],"yoast_head":"<!-- This site is optimized with the Yoast SEO plugin v27.5 - https:\/\/yoast.com\/product\/yoast-seo-wordpress\/ -->\n<title>F\u00f6retagsbes\u00f6k 2019-12-13 - Kristdemokraterna i Ydre<\/title>\n<meta name=\"robots\" content=\"index, follow, max-snippet:-1, max-image-preview:large, max-video-preview:-1\" \/>\n<link rel=\"canonical\" href=\"https:\/\/wp.kristdemokraterna.se\/ydre\/i-var-kommun\/foretagsbesok-2019-12-13\/\" \/>\n<meta property=\"og:locale\" content=\"sv_SE\" \/>\n<meta property=\"og:type\" content=\"article\" \/>\n<meta property=\"og:title\" content=\"F\u00f6retagsbes\u00f6k 2019-12-13 - Kristdemokraterna i Ydre\" \/>\n<meta property=\"og:description\" content=\"Ydre Kristdemokrater bes\u00f6kte n\u00e5gra av Ydres f\u00f6retagare den 13 december 2019 f\u00f6r att studera deras f\u00f6retag och samtala med dem om vilken hj\u00e4lp de beh\u00f6ver f\u00f6r att utveckla sina f\u00f6retag och l\u00f6sa sina problem. Ydre Kristdemokrater representerades denna dag av Linda Masman, Peter Gustavsson, Johny Martinsson samt Bengt Malm. Dessa f\u00f6retagare fick \u00e4ven bes\u00f6k av L\u00e4s mer\" \/>\n<meta property=\"og:url\" content=\"https:\/\/wp.kristdemokraterna.se\/ydre\/i-var-kommun\/foretagsbesok-2019-12-13\/\" \/>\n<meta property=\"og:site_name\" content=\"Kristdemokraterna i Ydre\" \/>\n<meta property=\"article:modified_time\" content=\"2020-01-04T18:51:07+00:00\" \/>\n<meta property=\"og:image\" content=\"http:\/\/wp.kristdemokraterna.se\/ydre\/files\/2020\/01\/img_2876-300x230.jpg\" \/>\n<meta name=\"twitter:card\" content=\"summary_large_image\" \/>\n<meta name=\"twitter:label1\" content=\"Ber\u00e4knad l\u00e4stid\" \/>\n\t<meta name=\"twitter:data1\" content=\"2 minuter\" \/>\n<script type=\"application\/ld+json\" class=\"yoast-schema-graph\">{\"@context\":\"https:\\\/\\\/schema.org\",\"@graph\":[{\"@type\":\"WebPage\",\"@id\":\"https:\\\/\\\/wp.kristdemokraterna.se\\\/ydre\\\/i-var-kommun\\\/foretagsbesok-2019-12-13\\\/\",\"url\":\"https:\\\/\\\/wp.kristdemokraterna.se\\\/ydre\\\/i-var-kommun\\\/foretagsbesok-2019-12-13\\\/\",\"name\":\"F\u00f6retagsbes\u00f6k 2019-12-13 - Kristdemokraterna i Ydre\",\"isPartOf\":{\"@id\":\"https:\\\/\\\/wp.kristdemokraterna.se\\\/ydre\\\/#website\"},\"primaryImageOfPage\":{\"@id\":\"https:\\\/\\\/wp.kristdemokraterna.se\\\/ydre\\\/i-var-kommun\\\/foretagsbesok-2019-12-13\\\/#primaryimage\"},\"image\":{\"@id\":\"https:\\\/\\\/wp.kristdemokraterna.se\\\/ydre\\\/i-var-kommun\\\/foretagsbesok-2019-12-13\\\/#primaryimage\"},\"thumbnailUrl\":\"http:\\\/\\\/wp.kristdemokraterna.se\\\/ydre\\\/files\\\/2020\\\/01\\\/img_2876-300x230.jpg\",\"datePublished\":\"2020-01-04T18:45:55+00:00\",\"dateModified\":\"2020-01-04T18:51:07+00:00\",\"breadcrumb\":{\"@id\":\"https:\\\/\\\/wp.kristdemokraterna.se\\\/ydre\\\/i-var-kommun\\\/foretagsbesok-2019-12-13\\\/#breadcrumb\"},\"inLanguage\":\"sv-SE\",\"potentialAction\":[{\"@type\":\"ReadAction\",\"target\":[\"https:\\\/\\\/wp.kristdemokraterna.se\\\/ydre\\\/i-var-kommun\\\/foretagsbesok-2019-12-13\\\/\"]}]},{\"@type\":\"ImageObject\",\"inLanguage\":\"sv-SE\",\"@id\":\"https:\\\/\\\/wp.kristdemokraterna.se\\\/ydre\\\/i-var-kommun\\\/foretagsbesok-2019-12-13\\\/#primaryimage\",\"url\":\"https:\\\/\\\/wp.kristdemokraterna.se\\\/ydre\\\/files\\\/2020\\\/01\\\/img_2876.jpg\",\"contentUrl\":\"https:\\\/\\\/wp.kristdemokraterna.se\\\/ydre\\\/files\\\/2020\\\/01\\\/img_2876.jpg\",\"width\":1200,\"height\":920,\"caption\":\"Bes\u00f6k hos f\u00f6retaget Diggeli-Q AB, som \u00e4gnar sig \u00e5t \u00e4ggproduktion f\u00f6r f\u00f6rs\u00e4ljning. Detta f\u00f6retag drivs av familjen S\u00f6derlund fr\u00e5n Lind\u00e5sen. Fr\u00e5n v\u00e4nster syns Gustav S\u00f6derlund, Erik S\u00f6derlund, Magnus Oscarsson, Elvira Wibeck, Linda Masman, Johny Martinsson samt Sofia S\u00f6derlund.\"},{\"@type\":\"BreadcrumbList\",\"@id\":\"https:\\\/\\\/wp.kristdemokraterna.se\\\/ydre\\\/i-var-kommun\\\/foretagsbesok-2019-12-13\\\/#breadcrumb\",\"itemListElement\":[{\"@type\":\"ListItem\",\"position\":1,\"name\":\"Hem\",\"item\":\"https:\\\/\\\/wp.kristdemokraterna.se\\\/ydre\\\/\"},{\"@type\":\"ListItem\",\"position\":2,\"name\":\"Vad vill vi i v\u00e5r kommun\",\"item\":\"https:\\\/\\\/wp.kristdemokraterna.se\\\/ydre\\\/i-var-kommun\\\/\"},{\"@type\":\"ListItem\",\"position\":3,\"name\":\"F\u00f6retagsbes\u00f6k 2019-12-13\"}]},{\"@type\":\"WebSite\",\"@id\":\"https:\\\/\\\/wp.kristdemokraterna.se\\\/ydre\\\/#website\",\"url\":\"https:\\\/\\\/wp.kristdemokraterna.se\\\/ydre\\\/\",\"name\":\"Kristdemokraterna i Ydre\",\"description\":\"En till Kristdemokraterna webbplats\",\"inLanguage\":\"sv-SE\"}]}<\/script>\n<!-- \/ Yoast SEO plugin. -->","yoast_head_json":{"title":"F\u00f6retagsbes\u00f6k 2019-12-13 - Kristdemokraterna i Ydre","robots":{"index":"index","follow":"follow","max-snippet":"max-snippet:-1","max-image-preview":"max-image-preview:large","max-video-preview":"max-video-preview:-1"},"canonical":"https:\/\/wp.kristdemokraterna.se\/ydre\/i-var-kommun\/foretagsbesok-2019-12-13\/","og_locale":"sv_SE","og_type":"article","og_title":"F\u00f6retagsbes\u00f6k 2019-12-13 - Kristdemokraterna i Ydre","og_description":"Ydre Kristdemokrater bes\u00f6kte n\u00e5gra av Ydres f\u00f6retagare den 13 december 2019 f\u00f6r att studera deras f\u00f6retag och samtala med dem om vilken hj\u00e4lp de beh\u00f6ver f\u00f6r att utveckla sina f\u00f6retag och l\u00f6sa sina problem. Ydre Kristdemokrater representerades denna dag av Linda Masman, Peter Gustavsson, Johny Martinsson samt Bengt Malm. Dessa f\u00f6retagare fick \u00e4ven bes\u00f6k av L\u00e4s mer","og_url":"https:\/\/wp.kristdemokraterna.se\/ydre\/i-var-kommun\/foretagsbesok-2019-12-13\/","og_site_name":"Kristdemokraterna i Ydre","article_modified_time":"2020-01-04T18:51:07+00:00","og_image":[{"url":"http:\/\/wp.kristdemokraterna.se\/ydre\/files\/2020\/01\/img_2876-300x230.jpg","type":"","width":"","height":""}],"twitter_card":"summary_large_image","twitter_misc":{"Ber\u00e4knad l\u00e4stid":"2 minuter"},"schema":{"@context":"https:\/\/schema.org","@graph":[{"@type":"WebPage","@id":"https:\/\/wp.kristdemokraterna.se\/ydre\/i-var-kommun\/foretagsbesok-2019-12-13\/","url":"https:\/\/wp.kristdemokraterna.se\/ydre\/i-var-kommun\/foretagsbesok-2019-12-13\/","name":"F\u00f6retagsbes\u00f6k 2019-12-13 - Kristdemokraterna i Ydre","isPartOf":{"@id":"https:\/\/wp.kristdemokraterna.se\/ydre\/#website"},"primaryImageOfPage":{"@id":"https:\/\/wp.kristdemokraterna.se\/ydre\/i-var-kommun\/foretagsbesok-2019-12-13\/#primaryimage"},"image":{"@id":"https:\/\/wp.kristdemokraterna.se\/ydre\/i-var-kommun\/foretagsbesok-2019-12-13\/#primaryimage"},"thumbnailUrl":"http:\/\/wp.kristdemokraterna.se\/ydre\/files\/2020\/01\/img_2876-300x230.jpg","datePublished":"2020-01-04T18:45:55+00:00","dateModified":"2020-01-04T18:51:07+00:00","breadcrumb":{"@id":"https:\/\/wp.kristdemokraterna.se\/ydre\/i-var-kommun\/foretagsbesok-2019-12-13\/#breadcrumb"},"inLanguage":"sv-SE","potentialAction":[{"@type":"ReadAction","target":["https:\/\/wp.kristdemokraterna.se\/ydre\/i-var-kommun\/foretagsbesok-2019-12-13\/"]}]},{"@type":"ImageObject","inLanguage":"sv-SE","@id":"https:\/\/wp.kristdemokraterna.se\/ydre\/i-var-kommun\/foretagsbesok-2019-12-13\/#primaryimage","url":"https:\/\/wp.kristdemokraterna.se\/ydre\/files\/2020\/01\/img_2876.jpg","contentUrl":"https:\/\/wp.kristdemokraterna.se\/ydre\/files\/2020\/01\/img_2876.jpg","width":1200,"height":920,"caption":"Bes\u00f6k hos f\u00f6retaget Diggeli-Q AB, som \u00e4gnar sig \u00e5t \u00e4ggproduktion f\u00f6r f\u00f6rs\u00e4ljning. Detta f\u00f6retag drivs av familjen S\u00f6derlund fr\u00e5n Lind\u00e5sen. Fr\u00e5n v\u00e4nster syns Gustav S\u00f6derlund, Erik S\u00f6derlund, Magnus Oscarsson, Elvira Wibeck, Linda Masman, Johny Martinsson samt Sofia S\u00f6derlund."},{"@type":"BreadcrumbList","@id":"https:\/\/wp.kristdemokraterna.se\/ydre\/i-var-kommun\/foretagsbesok-2019-12-13\/#breadcrumb","itemListElement":[{"@type":"ListItem","position":1,"name":"Hem","item":"https:\/\/wp.kristdemokraterna.se\/ydre\/"},{"@type":"ListItem","position":2,"name":"Vad vill vi i v\u00e5r kommun","item":"https:\/\/wp.kristdemokraterna.se\/ydre\/i-var-kommun\/"},{"@type":"ListItem","position":3,"name":"F\u00f6retagsbes\u00f6k 2019-12-13"}]},{"@type":"WebSite","@id":"https:\/\/wp.kristdemokraterna.se\/ydre\/#website","url":"https:\/\/wp.kristdemokraterna.se\/ydre\/","name":"Kristdemokraterna i Ydre","description":"En till Kristdemokraterna webbplats","inLanguage":"sv-SE"}]}},"_links":{"self":[{"href":"https:\/\/wp.kristdemokraterna.se\/ydre\/wp-json\/wp\/v2\/pages\/1630","targetHints":{"allow":["GET"]}}],"collection":[{"href":"https:\/\/wp.kristdemokraterna.se\/ydre\/wp-json\/wp\/v2\/pages"}],"about":[{"href":"https:\/\/wp.kristdemokraterna.se\/ydre\/wp-json\/wp\/v2\/types\/page"}],"author":[{"embeddable":true,"href":"https:\/\/wp.kristdemokraterna.se\/ydre\/wp-json\/wp\/v2\/users\/793"}],"replies":[{"embeddable":true,"href":"https:\/\/wp.kristdemokraterna.se\/ydre\/wp-json\/wp\/v2\/comments?post=1630"}],"version-history":[{"count":2,"href":"https:\/\/wp.kristdemokraterna.se\/ydre\/wp-json\/wp\/v2\/pages\/1630\/revisions"}],"predecessor-version":[{"id":1639,"href":"https:\/\/wp.kristdemokraterna.se\/ydre\/wp-json\/wp\/v2\/pages\/1630\/revisions\/1639"}],"up":[{"embeddable":true,"href":"https:\/\/wp.kristdemokraterna.se\/ydre\/wp-json\/wp\/v2\/pages\/342"}],"wp:attachment":[{"href":"https:\/\/wp.kristdemokraterna.se\/ydre\/wp-json\/wp\/v2\/media?parent=1630"}],"curies":[{"name":"wp","href":"https:\/\/api.w.org\/{rel}","templated":true}]}}