{"id":1811,"date":"2024-04-27T13:50:47","date_gmt":"2024-04-27T11:50:47","guid":{"rendered":"https:\/\/wp.kristdemokraterna.se\/ydre\/?page_id=1811"},"modified":"2024-04-27T14:53:36","modified_gmt":"2024-04-27T12:53:36","slug":"utbildning-27-januari-till-eu-valet-pa-ullinge-hotell","status":"publish","type":"page","link":"https:\/\/wp.kristdemokraterna.se\/ydre\/i-var-kommun\/har-ar-2024-ars-handelser\/utbildning-27-januari-till-eu-valet-pa-ullinge-hotell\/","title":{"rendered":"Utbildning 27 januari till EU-valet p\u00e5 Ullinge hotell och v\u00e4rdshus i H\u00f6reda i Eksj\u00f6 kommun!"},"content":{"rendered":"<p><a href=\"http:\/\/wp.kristdemokraterna.se\/ydre\/files\/2024\/04\/grupp-scaled.jpg\"><img loading=\"lazy\" decoding=\"async\" class=\"alignnone size-medium wp-image-1814\" src=\"http:\/\/wp.kristdemokraterna.se\/ydre\/files\/2024\/04\/grupp-300x225.jpg\" alt=\"\" width=\"300\" height=\"225\" srcset=\"https:\/\/wp.kristdemokraterna.se\/ydre\/files\/2024\/04\/grupp-300x225.jpg 300w, https:\/\/wp.kristdemokraterna.se\/ydre\/files\/2024\/04\/grupp-1024x768.jpg 1024w, https:\/\/wp.kristdemokraterna.se\/ydre\/files\/2024\/04\/grupp-768x576.jpg 768w, https:\/\/wp.kristdemokraterna.se\/ydre\/files\/2024\/04\/grupp-1536x1152.jpg 1536w, https:\/\/wp.kristdemokraterna.se\/ydre\/files\/2024\/04\/grupp-2048x1536.jpg 2048w, https:\/\/wp.kristdemokraterna.se\/ydre\/files\/2024\/04\/grupp-267x200.jpg 267w, https:\/\/wp.kristdemokraterna.se\/ydre\/files\/2024\/04\/grupp-370x278.jpg 370w, https:\/\/wp.kristdemokraterna.se\/ydre\/files\/2024\/04\/grupp-770x578.jpg 770w, https:\/\/wp.kristdemokraterna.se\/ydre\/files\/2024\/04\/grupp-450x338.jpg 450w, https:\/\/wp.kristdemokraterna.se\/ydre\/files\/2024\/04\/grupp-280x210.jpg 280w, https:\/\/wp.kristdemokraterna.se\/ydre\/files\/2024\/04\/grupp-340x255.jpg 340w, https:\/\/wp.kristdemokraterna.se\/ydre\/files\/2024\/04\/grupp-200x150.jpg 200w, https:\/\/wp.kristdemokraterna.se\/ydre\/files\/2024\/04\/grupp-75x56.jpg 75w\" sizes=\"auto, (max-width: 300px) 100vw, 300px\" \/><\/a><br \/>\nSamlingssalen p\u00e5 Ullinge hotell och v\u00e4rdshus<br \/>\nd\u00e4r EU-valsutbildningen \u00e4gde rum.<\/p>\n<p><a href=\"http:\/\/wp.kristdemokraterna.se\/ydre\/files\/2024\/04\/en-scaled.jpg\"><img loading=\"lazy\" decoding=\"async\" class=\"alignnone size-medium wp-image-1817\" src=\"http:\/\/wp.kristdemokraterna.se\/ydre\/files\/2024\/04\/en-225x300.jpg\" alt=\"\" width=\"225\" height=\"300\" srcset=\"https:\/\/wp.kristdemokraterna.se\/ydre\/files\/2024\/04\/en-225x300.jpg 225w, https:\/\/wp.kristdemokraterna.se\/ydre\/files\/2024\/04\/en-768x1024.jpg 768w, https:\/\/wp.kristdemokraterna.se\/ydre\/files\/2024\/04\/en-1152x1536.jpg 1152w, https:\/\/wp.kristdemokraterna.se\/ydre\/files\/2024\/04\/en-1536x2048.jpg 1536w, https:\/\/wp.kristdemokraterna.se\/ydre\/files\/2024\/04\/en-150x200.jpg 150w, https:\/\/wp.kristdemokraterna.se\/ydre\/files\/2024\/04\/en-370x493.jpg 370w, https:\/\/wp.kristdemokraterna.se\/ydre\/files\/2024\/04\/en-770x1027.jpg 770w, https:\/\/wp.kristdemokraterna.se\/ydre\/files\/2024\/04\/en-450x600.jpg 450w, https:\/\/wp.kristdemokraterna.se\/ydre\/files\/2024\/04\/en-280x373.jpg 280w, https:\/\/wp.kristdemokraterna.se\/ydre\/files\/2024\/04\/en-340x453.jpg 340w, https:\/\/wp.kristdemokraterna.se\/ydre\/files\/2024\/04\/en-42x56.jpg 42w, https:\/\/wp.kristdemokraterna.se\/ydre\/files\/2024\/04\/en-scaled.jpg 1920w\" sizes=\"auto, (max-width: 225px) 100vw, 225px\" \/><\/a><br \/>\nTal av Gudrun Bruneg\u00e5rd riksdagsledamot<br \/>\nifr\u00e5n Vimmerby kommun om rikspolitiken.<br \/>\nHon ber\u00e4ttade om hur vi rustar Sverige starkt<br \/>\noch hur m\u00e5nga kommuner och regioner vi<br \/>\nfinns med i styret.<\/p>\n<p><a href=\"http:\/\/wp.kristdemokraterna.se\/ydre\/files\/2024\/04\/par-scaled.jpg\"><img loading=\"lazy\" decoding=\"async\" class=\"alignnone size-medium wp-image-1816\" src=\"http:\/\/wp.kristdemokraterna.se\/ydre\/files\/2024\/04\/par-225x300.jpg\" alt=\"\" width=\"225\" height=\"300\" srcset=\"https:\/\/wp.kristdemokraterna.se\/ydre\/files\/2024\/04\/par-225x300.jpg 225w, https:\/\/wp.kristdemokraterna.se\/ydre\/files\/2024\/04\/par-768x1024.jpg 768w, https:\/\/wp.kristdemokraterna.se\/ydre\/files\/2024\/04\/par-1152x1536.jpg 1152w, https:\/\/wp.kristdemokraterna.se\/ydre\/files\/2024\/04\/par-1536x2048.jpg 1536w, https:\/\/wp.kristdemokraterna.se\/ydre\/files\/2024\/04\/par-150x200.jpg 150w, https:\/\/wp.kristdemokraterna.se\/ydre\/files\/2024\/04\/par-370x493.jpg 370w, https:\/\/wp.kristdemokraterna.se\/ydre\/files\/2024\/04\/par-770x1027.jpg 770w, https:\/\/wp.kristdemokraterna.se\/ydre\/files\/2024\/04\/par-450x600.jpg 450w, https:\/\/wp.kristdemokraterna.se\/ydre\/files\/2024\/04\/par-280x373.jpg 280w, https:\/\/wp.kristdemokraterna.se\/ydre\/files\/2024\/04\/par-340x453.jpg 340w, https:\/\/wp.kristdemokraterna.se\/ydre\/files\/2024\/04\/par-42x56.jpg 42w, https:\/\/wp.kristdemokraterna.se\/ydre\/files\/2024\/04\/par-scaled.jpg 1920w\" sizes=\"auto, (max-width: 225px) 100vw, 225px\" \/><\/a><br \/>\nVid lunchrasten fick vi m\u00f6jlighet att g\u00e5 ut<br \/>\noch titta p\u00e5 utsikten och d\u00e5 tr\u00e4ffade vi<br \/>\nPer Larsson regionsr\u00e5d i \u00d6sterg\u00f6tland<br \/>\noch Erik Forslund gruppledare f\u00f6r KD-<br \/>\ngruppen i kommunfullm\u00e4ktige i Motala.<\/p>\n<p><a href=\"http:\/\/wp.kristdemokraterna.se\/ydre\/files\/2024\/04\/utsikt-scaled.jpg\"><img loading=\"lazy\" decoding=\"async\" class=\"alignnone size-medium wp-image-1815\" src=\"http:\/\/wp.kristdemokraterna.se\/ydre\/files\/2024\/04\/utsikt-225x300.jpg\" alt=\"\" width=\"225\" height=\"300\" srcset=\"https:\/\/wp.kristdemokraterna.se\/ydre\/files\/2024\/04\/utsikt-225x300.jpg 225w, https:\/\/wp.kristdemokraterna.se\/ydre\/files\/2024\/04\/utsikt-768x1024.jpg 768w, https:\/\/wp.kristdemokraterna.se\/ydre\/files\/2024\/04\/utsikt-1152x1536.jpg 1152w, https:\/\/wp.kristdemokraterna.se\/ydre\/files\/2024\/04\/utsikt-1536x2048.jpg 1536w, https:\/\/wp.kristdemokraterna.se\/ydre\/files\/2024\/04\/utsikt-150x200.jpg 150w, https:\/\/wp.kristdemokraterna.se\/ydre\/files\/2024\/04\/utsikt-370x493.jpg 370w, https:\/\/wp.kristdemokraterna.se\/ydre\/files\/2024\/04\/utsikt-770x1027.jpg 770w, https:\/\/wp.kristdemokraterna.se\/ydre\/files\/2024\/04\/utsikt-450x600.jpg 450w, https:\/\/wp.kristdemokraterna.se\/ydre\/files\/2024\/04\/utsikt-280x373.jpg 280w, https:\/\/wp.kristdemokraterna.se\/ydre\/files\/2024\/04\/utsikt-340x453.jpg 340w, https:\/\/wp.kristdemokraterna.se\/ydre\/files\/2024\/04\/utsikt-42x56.jpg 42w, https:\/\/wp.kristdemokraterna.se\/ydre\/files\/2024\/04\/utsikt-scaled.jpg 1920w\" sizes=\"auto, (max-width: 225px) 100vw, 225px\" \/><\/a><br \/>\nUtsikt \u00f6ver sj\u00f6n S\u00f6dra Vixen p\u00e5 altanen<br \/>\nbakom Ullinge hotell och v\u00e4rdshus.<\/p>\n<p>Den 27 januari fick jag Linda Masman, ordf\u00f6rande f\u00f6r KD i Ydre,<br \/>\nPeter Gustavsson Kass\u00f6r f\u00f6r KD i Ydre och Agneta Bj\u00f6rling Ledamot<br \/>\ni KD i Ydres styrelse m\u00f6jlighet att \u00e5ka p\u00e5 en mycket intressant utbildning<br \/>\nom kommande EU-val den 9 juni i \u00e5r. Utbildningen var p\u00e5 vackra Ullinge Hotell<br \/>\noch v\u00e4rdshus i H\u00f6reda i Eksj\u00f6 kommun.<\/p>\n<p>Under dagen var det mycket intressanta talare bland annat av riksdagsledamoten<br \/>\nGudrun Bruneg\u00e5rd ifr\u00e5n Vimmerby kommun. Hon talade bland annat om att vi i KD<br \/>\nrustar Sverige starkt och hur m\u00e5nga kommuner och regioner som vi finns med i i styret.<br \/>\nVi som deltagare blev \u00e4ven indelade i mindre grupper d\u00e4r vi fick m\u00f6jlighet att samtala<br \/>\noch st\u00e4lla fr\u00e5gor. En mycket givande och trevlig dag tyckte vi alla.<\/p>\n<p>&nbsp;<\/p>\n","protected":false},"excerpt":{"rendered":"<p>Samlingssalen p\u00e5 Ullinge hotell och v\u00e4rdshus d\u00e4r EU-valsutbildningen \u00e4gde rum. Tal av Gudrun Bruneg\u00e5rd riksdagsledamot ifr\u00e5n Vimmerby kommun om rikspolitiken. Hon ber\u00e4ttade om hur vi rustar Sverige starkt och hur m\u00e5nga kommuner och regioner vi finns med i styret. Vid lunchrasten fick vi m\u00f6jlighet att g\u00e5 ut och titta p\u00e5 utsikten och d\u00e5 tr\u00e4ffade vi <a class=\"read-more-link\" href=\"https:\/\/wp.kristdemokraterna.se\/ydre\/i-var-kommun\/har-ar-2024-ars-handelser\/utbildning-27-januari-till-eu-valet-pa-ullinge-hotell\/\">L\u00e4s mer<\/a><\/p>\n","protected":false},"author":793,"featured_media":0,"parent":1809,"menu_order":0,"comment_status":"closed","ping_status":"closed","template":"","meta":{"_acf_changed":false,"footnotes":""},"class_list":["post-1811","page","type-page","status-publish","hentry"],"acf":[],"yoast_head":"<!-- This site is optimized with the Yoast SEO plugin v27.3 - https:\/\/yoast.com\/product\/yoast-seo-wordpress\/ -->\n<title>Utbildning 27 januari till EU-valet p\u00e5 Ullinge hotell och v\u00e4rdshus i H\u00f6reda i Eksj\u00f6 kommun! - Kristdemokraterna i Ydre<\/title>\n<meta name=\"robots\" content=\"index, follow, max-snippet:-1, max-image-preview:large, max-video-preview:-1\" \/>\n<link rel=\"canonical\" href=\"https:\/\/wp.kristdemokraterna.se\/ydre\/i-var-kommun\/har-ar-2024-ars-handelser\/utbildning-27-januari-till-eu-valet-pa-ullinge-hotell\/\" \/>\n<meta property=\"og:locale\" content=\"sv_SE\" \/>\n<meta property=\"og:type\" content=\"article\" \/>\n<meta property=\"og:title\" content=\"Utbildning 27 januari till EU-valet p\u00e5 Ullinge hotell och v\u00e4rdshus i H\u00f6reda i Eksj\u00f6 kommun! - Kristdemokraterna i Ydre\" \/>\n<meta property=\"og:description\" content=\"Samlingssalen p\u00e5 Ullinge hotell och v\u00e4rdshus d\u00e4r EU-valsutbildningen \u00e4gde rum. Tal av Gudrun Bruneg\u00e5rd riksdagsledamot ifr\u00e5n Vimmerby kommun om rikspolitiken. Hon ber\u00e4ttade om hur vi rustar Sverige starkt och hur m\u00e5nga kommuner och regioner vi finns med i styret. Vid lunchrasten fick vi m\u00f6jlighet att g\u00e5 ut och titta p\u00e5 utsikten och d\u00e5 tr\u00e4ffade vi L\u00e4s mer\" \/>\n<meta property=\"og:url\" content=\"https:\/\/wp.kristdemokraterna.se\/ydre\/i-var-kommun\/har-ar-2024-ars-handelser\/utbildning-27-januari-till-eu-valet-pa-ullinge-hotell\/\" \/>\n<meta property=\"og:site_name\" content=\"Kristdemokraterna i Ydre\" \/>\n<meta property=\"article:modified_time\" content=\"2024-04-27T12:53:36+00:00\" \/>\n<meta property=\"og:image\" content=\"http:\/\/wp.kristdemokraterna.se\/ydre\/files\/2024\/04\/grupp-300x225.jpg\" \/>\n<meta name=\"twitter:card\" content=\"summary_large_image\" \/>\n<meta name=\"twitter:label1\" content=\"Ber\u00e4knad l\u00e4stid\" \/>\n\t<meta name=\"twitter:data1\" content=\"2 minuter\" \/>\n<script type=\"application\/ld+json\" class=\"yoast-schema-graph\">{\"@context\":\"https:\\\/\\\/schema.org\",\"@graph\":[{\"@type\":\"WebPage\",\"@id\":\"https:\\\/\\\/wp.kristdemokraterna.se\\\/ydre\\\/i-var-kommun\\\/har-ar-2024-ars-handelser\\\/utbildning-27-januari-till-eu-valet-pa-ullinge-hotell\\\/\",\"url\":\"https:\\\/\\\/wp.kristdemokraterna.se\\\/ydre\\\/i-var-kommun\\\/har-ar-2024-ars-handelser\\\/utbildning-27-januari-till-eu-valet-pa-ullinge-hotell\\\/\",\"name\":\"Utbildning 27 januari till EU-valet p\u00e5 Ullinge hotell och v\u00e4rdshus i H\u00f6reda i Eksj\u00f6 kommun! - Kristdemokraterna i Ydre\",\"isPartOf\":{\"@id\":\"https:\\\/\\\/wp.kristdemokraterna.se\\\/ydre\\\/#website\"},\"primaryImageOfPage\":{\"@id\":\"https:\\\/\\\/wp.kristdemokraterna.se\\\/ydre\\\/i-var-kommun\\\/har-ar-2024-ars-handelser\\\/utbildning-27-januari-till-eu-valet-pa-ullinge-hotell\\\/#primaryimage\"},\"image\":{\"@id\":\"https:\\\/\\\/wp.kristdemokraterna.se\\\/ydre\\\/i-var-kommun\\\/har-ar-2024-ars-handelser\\\/utbildning-27-januari-till-eu-valet-pa-ullinge-hotell\\\/#primaryimage\"},\"thumbnailUrl\":\"http:\\\/\\\/wp.kristdemokraterna.se\\\/ydre\\\/files\\\/2024\\\/04\\\/grupp-300x225.jpg\",\"datePublished\":\"2024-04-27T11:50:47+00:00\",\"dateModified\":\"2024-04-27T12:53:36+00:00\",\"breadcrumb\":{\"@id\":\"https:\\\/\\\/wp.kristdemokraterna.se\\\/ydre\\\/i-var-kommun\\\/har-ar-2024-ars-handelser\\\/utbildning-27-januari-till-eu-valet-pa-ullinge-hotell\\\/#breadcrumb\"},\"inLanguage\":\"sv-SE\",\"potentialAction\":[{\"@type\":\"ReadAction\",\"target\":[\"https:\\\/\\\/wp.kristdemokraterna.se\\\/ydre\\\/i-var-kommun\\\/har-ar-2024-ars-handelser\\\/utbildning-27-januari-till-eu-valet-pa-ullinge-hotell\\\/\"]}]},{\"@type\":\"ImageObject\",\"inLanguage\":\"sv-SE\",\"@id\":\"https:\\\/\\\/wp.kristdemokraterna.se\\\/ydre\\\/i-var-kommun\\\/har-ar-2024-ars-handelser\\\/utbildning-27-januari-till-eu-valet-pa-ullinge-hotell\\\/#primaryimage\",\"url\":\"http:\\\/\\\/wp.kristdemokraterna.se\\\/ydre\\\/files\\\/2024\\\/04\\\/grupp-300x225.jpg\",\"contentUrl\":\"http:\\\/\\\/wp.kristdemokraterna.se\\\/ydre\\\/files\\\/2024\\\/04\\\/grupp-300x225.jpg\"},{\"@type\":\"BreadcrumbList\",\"@id\":\"https:\\\/\\\/wp.kristdemokraterna.se\\\/ydre\\\/i-var-kommun\\\/har-ar-2024-ars-handelser\\\/utbildning-27-januari-till-eu-valet-pa-ullinge-hotell\\\/#breadcrumb\",\"itemListElement\":[{\"@type\":\"ListItem\",\"position\":1,\"name\":\"Hem\",\"item\":\"https:\\\/\\\/wp.kristdemokraterna.se\\\/ydre\\\/\"},{\"@type\":\"ListItem\",\"position\":2,\"name\":\"Vad vill vi i v\u00e5r kommun\",\"item\":\"https:\\\/\\\/wp.kristdemokraterna.se\\\/ydre\\\/i-var-kommun\\\/\"},{\"@type\":\"ListItem\",\"position\":3,\"name\":\"H\u00e4r \u00e4r 2024 \u00e5rs h\u00e4ndelser\",\"item\":\"https:\\\/\\\/wp.kristdemokraterna.se\\\/ydre\\\/i-var-kommun\\\/har-ar-2024-ars-handelser\\\/\"},{\"@type\":\"ListItem\",\"position\":4,\"name\":\"Utbildning 27 januari till EU-valet p\u00e5 Ullinge hotell och v\u00e4rdshus i H\u00f6reda i Eksj\u00f6 kommun!\"}]},{\"@type\":\"WebSite\",\"@id\":\"https:\\\/\\\/wp.kristdemokraterna.se\\\/ydre\\\/#website\",\"url\":\"https:\\\/\\\/wp.kristdemokraterna.se\\\/ydre\\\/\",\"name\":\"Kristdemokraterna i Ydre\",\"description\":\"En till Kristdemokraterna webbplats\",\"inLanguage\":\"sv-SE\"}]}<\/script>\n<!-- \/ Yoast SEO plugin. -->","yoast_head_json":{"title":"Utbildning 27 januari till EU-valet p\u00e5 Ullinge hotell och v\u00e4rdshus i H\u00f6reda i Eksj\u00f6 kommun! - Kristdemokraterna i Ydre","robots":{"index":"index","follow":"follow","max-snippet":"max-snippet:-1","max-image-preview":"max-image-preview:large","max-video-preview":"max-video-preview:-1"},"canonical":"https:\/\/wp.kristdemokraterna.se\/ydre\/i-var-kommun\/har-ar-2024-ars-handelser\/utbildning-27-januari-till-eu-valet-pa-ullinge-hotell\/","og_locale":"sv_SE","og_type":"article","og_title":"Utbildning 27 januari till EU-valet p\u00e5 Ullinge hotell och v\u00e4rdshus i H\u00f6reda i Eksj\u00f6 kommun! - Kristdemokraterna i Ydre","og_description":"Samlingssalen p\u00e5 Ullinge hotell och v\u00e4rdshus d\u00e4r EU-valsutbildningen \u00e4gde rum. Tal av Gudrun Bruneg\u00e5rd riksdagsledamot ifr\u00e5n Vimmerby kommun om rikspolitiken. Hon ber\u00e4ttade om hur vi rustar Sverige starkt och hur m\u00e5nga kommuner och regioner vi finns med i styret. Vid lunchrasten fick vi m\u00f6jlighet att g\u00e5 ut och titta p\u00e5 utsikten och d\u00e5 tr\u00e4ffade vi L\u00e4s mer","og_url":"https:\/\/wp.kristdemokraterna.se\/ydre\/i-var-kommun\/har-ar-2024-ars-handelser\/utbildning-27-januari-till-eu-valet-pa-ullinge-hotell\/","og_site_name":"Kristdemokraterna i Ydre","article_modified_time":"2024-04-27T12:53:36+00:00","og_image":[{"url":"http:\/\/wp.kristdemokraterna.se\/ydre\/files\/2024\/04\/grupp-300x225.jpg","type":"","width":"","height":""}],"twitter_card":"summary_large_image","twitter_misc":{"Ber\u00e4knad l\u00e4stid":"2 minuter"},"schema":{"@context":"https:\/\/schema.org","@graph":[{"@type":"WebPage","@id":"https:\/\/wp.kristdemokraterna.se\/ydre\/i-var-kommun\/har-ar-2024-ars-handelser\/utbildning-27-januari-till-eu-valet-pa-ullinge-hotell\/","url":"https:\/\/wp.kristdemokraterna.se\/ydre\/i-var-kommun\/har-ar-2024-ars-handelser\/utbildning-27-januari-till-eu-valet-pa-ullinge-hotell\/","name":"Utbildning 27 januari till EU-valet p\u00e5 Ullinge hotell och v\u00e4rdshus i H\u00f6reda i Eksj\u00f6 kommun! - Kristdemokraterna i Ydre","isPartOf":{"@id":"https:\/\/wp.kristdemokraterna.se\/ydre\/#website"},"primaryImageOfPage":{"@id":"https:\/\/wp.kristdemokraterna.se\/ydre\/i-var-kommun\/har-ar-2024-ars-handelser\/utbildning-27-januari-till-eu-valet-pa-ullinge-hotell\/#primaryimage"},"image":{"@id":"https:\/\/wp.kristdemokraterna.se\/ydre\/i-var-kommun\/har-ar-2024-ars-handelser\/utbildning-27-januari-till-eu-valet-pa-ullinge-hotell\/#primaryimage"},"thumbnailUrl":"http:\/\/wp.kristdemokraterna.se\/ydre\/files\/2024\/04\/grupp-300x225.jpg","datePublished":"2024-04-27T11:50:47+00:00","dateModified":"2024-04-27T12:53:36+00:00","breadcrumb":{"@id":"https:\/\/wp.kristdemokraterna.se\/ydre\/i-var-kommun\/har-ar-2024-ars-handelser\/utbildning-27-januari-till-eu-valet-pa-ullinge-hotell\/#breadcrumb"},"inLanguage":"sv-SE","potentialAction":[{"@type":"ReadAction","target":["https:\/\/wp.kristdemokraterna.se\/ydre\/i-var-kommun\/har-ar-2024-ars-handelser\/utbildning-27-januari-till-eu-valet-pa-ullinge-hotell\/"]}]},{"@type":"ImageObject","inLanguage":"sv-SE","@id":"https:\/\/wp.kristdemokraterna.se\/ydre\/i-var-kommun\/har-ar-2024-ars-handelser\/utbildning-27-januari-till-eu-valet-pa-ullinge-hotell\/#primaryimage","url":"http:\/\/wp.kristdemokraterna.se\/ydre\/files\/2024\/04\/grupp-300x225.jpg","contentUrl":"http:\/\/wp.kristdemokraterna.se\/ydre\/files\/2024\/04\/grupp-300x225.jpg"},{"@type":"BreadcrumbList","@id":"https:\/\/wp.kristdemokraterna.se\/ydre\/i-var-kommun\/har-ar-2024-ars-handelser\/utbildning-27-januari-till-eu-valet-pa-ullinge-hotell\/#breadcrumb","itemListElement":[{"@type":"ListItem","position":1,"name":"Hem","item":"https:\/\/wp.kristdemokraterna.se\/ydre\/"},{"@type":"ListItem","position":2,"name":"Vad vill vi i v\u00e5r kommun","item":"https:\/\/wp.kristdemokraterna.se\/ydre\/i-var-kommun\/"},{"@type":"ListItem","position":3,"name":"H\u00e4r \u00e4r 2024 \u00e5rs h\u00e4ndelser","item":"https:\/\/wp.kristdemokraterna.se\/ydre\/i-var-kommun\/har-ar-2024-ars-handelser\/"},{"@type":"ListItem","position":4,"name":"Utbildning 27 januari till EU-valet p\u00e5 Ullinge hotell och v\u00e4rdshus i H\u00f6reda i Eksj\u00f6 kommun!"}]},{"@type":"WebSite","@id":"https:\/\/wp.kristdemokraterna.se\/ydre\/#website","url":"https:\/\/wp.kristdemokraterna.se\/ydre\/","name":"Kristdemokraterna i Ydre","description":"En till Kristdemokraterna webbplats","inLanguage":"sv-SE"}]}},"_links":{"self":[{"href":"https:\/\/wp.kristdemokraterna.se\/ydre\/wp-json\/wp\/v2\/pages\/1811","targetHints":{"allow":["GET"]}}],"collection":[{"href":"https:\/\/wp.kristdemokraterna.se\/ydre\/wp-json\/wp\/v2\/pages"}],"about":[{"href":"https:\/\/wp.kristdemokraterna.se\/ydre\/wp-json\/wp\/v2\/types\/page"}],"author":[{"embeddable":true,"href":"https:\/\/wp.kristdemokraterna.se\/ydre\/wp-json\/wp\/v2\/users\/793"}],"replies":[{"embeddable":true,"href":"https:\/\/wp.kristdemokraterna.se\/ydre\/wp-json\/wp\/v2\/comments?post=1811"}],"version-history":[{"count":7,"href":"https:\/\/wp.kristdemokraterna.se\/ydre\/wp-json\/wp\/v2\/pages\/1811\/revisions"}],"predecessor-version":[{"id":1822,"href":"https:\/\/wp.kristdemokraterna.se\/ydre\/wp-json\/wp\/v2\/pages\/1811\/revisions\/1822"}],"up":[{"embeddable":true,"href":"https:\/\/wp.kristdemokraterna.se\/ydre\/wp-json\/wp\/v2\/pages\/1809"}],"wp:attachment":[{"href":"https:\/\/wp.kristdemokraterna.se\/ydre\/wp-json\/wp\/v2\/media?parent=1811"}],"curies":[{"name":"wp","href":"https:\/\/api.w.org\/{rel}","templated":true}]}}