{"id":1842,"date":"2024-05-02T18:51:58","date_gmt":"2024-05-02T16:51:58","guid":{"rendered":"https:\/\/wp.kristdemokraterna.se\/ydre\/?page_id=1842"},"modified":"2024-05-02T19:50:49","modified_gmt":"2024-05-02T17:50:49","slug":"arsmote-for-kristdemokraterna-i-ydre-2024-02-22","status":"publish","type":"page","link":"https:\/\/wp.kristdemokraterna.se\/ydre\/i-var-kommun\/har-ar-2024-ars-handelser\/arsmote-for-kristdemokraterna-i-ydre-2024-02-22\/","title":{"rendered":"\u00c5rsm\u00f6te f\u00f6r KD i Ydre 22 februari 2024!"},"content":{"rendered":"<p><a href=\"http:\/\/wp.kristdemokraterna.se\/ydre\/files\/2024\/05\/m1.jpg\"><img loading=\"lazy\" decoding=\"async\" class=\"alignnone size-medium wp-image-1844\" src=\"http:\/\/wp.kristdemokraterna.se\/ydre\/files\/2024\/05\/m1-300x225.jpg\" alt=\"\" width=\"300\" height=\"225\" srcset=\"https:\/\/wp.kristdemokraterna.se\/ydre\/files\/2024\/05\/m1-300x225.jpg 300w, https:\/\/wp.kristdemokraterna.se\/ydre\/files\/2024\/05\/m1-1024x768.jpg 1024w, https:\/\/wp.kristdemokraterna.se\/ydre\/files\/2024\/05\/m1-768x576.jpg 768w, https:\/\/wp.kristdemokraterna.se\/ydre\/files\/2024\/05\/m1-1536x1152.jpg 1536w, https:\/\/wp.kristdemokraterna.se\/ydre\/files\/2024\/05\/m1-267x200.jpg 267w, https:\/\/wp.kristdemokraterna.se\/ydre\/files\/2024\/05\/m1-370x278.jpg 370w, https:\/\/wp.kristdemokraterna.se\/ydre\/files\/2024\/05\/m1-770x578.jpg 770w, https:\/\/wp.kristdemokraterna.se\/ydre\/files\/2024\/05\/m1-450x338.jpg 450w, https:\/\/wp.kristdemokraterna.se\/ydre\/files\/2024\/05\/m1-280x210.jpg 280w, https:\/\/wp.kristdemokraterna.se\/ydre\/files\/2024\/05\/m1-340x255.jpg 340w, https:\/\/wp.kristdemokraterna.se\/ydre\/files\/2024\/05\/m1-200x150.jpg 200w, https:\/\/wp.kristdemokraterna.se\/ydre\/files\/2024\/05\/m1-75x56.jpg 75w, https:\/\/wp.kristdemokraterna.se\/ydre\/files\/2024\/05\/m1.jpg 2048w\" sizes=\"auto, (max-width: 300px) 100vw, 300px\" \/><\/a><br \/>\nFr\u00e5n v\u00e4nster syns Agneta Bj\u00f6rling, styrelseledamot i KD i Ydres styrelse,<br \/>\nBirgitta Martinsson, medlem i KD i Ydre,<br \/>\nBengt Malm, styrelseledamot i KD i Ydres styrelse,<br \/>\nJohny Martinsson, styrelseledamot i KD i Ydres styrelse,<br \/>\nGudrun Martinsson, revisor f\u00f6r KD i Ydre,<br \/>\nPeter Gustavsson, kass\u00f6r f\u00f6r KD i Ydre,<br \/>\nLinda Masman, ordf\u00f6rande f\u00f6r KD i Ydre,<br \/>\nvid \u00e5rsm\u00f6tet torsdagen den 22 februari 2024 i Kommunhuset i \u00d6sterbymo.<\/p>\n<p><a href=\"http:\/\/wp.kristdemokraterna.se\/ydre\/files\/2024\/05\/m2-scaled.jpg\"><img loading=\"lazy\" decoding=\"async\" class=\"alignnone size-medium wp-image-1843\" src=\"http:\/\/wp.kristdemokraterna.se\/ydre\/files\/2024\/05\/m2-300x225.jpg\" alt=\"\" width=\"300\" height=\"225\" srcset=\"https:\/\/wp.kristdemokraterna.se\/ydre\/files\/2024\/05\/m2-300x225.jpg 300w, https:\/\/wp.kristdemokraterna.se\/ydre\/files\/2024\/05\/m2-1024x768.jpg 1024w, https:\/\/wp.kristdemokraterna.se\/ydre\/files\/2024\/05\/m2-768x576.jpg 768w, https:\/\/wp.kristdemokraterna.se\/ydre\/files\/2024\/05\/m2-1536x1152.jpg 1536w, https:\/\/wp.kristdemokraterna.se\/ydre\/files\/2024\/05\/m2-2048x1536.jpg 2048w, https:\/\/wp.kristdemokraterna.se\/ydre\/files\/2024\/05\/m2-267x200.jpg 267w, https:\/\/wp.kristdemokraterna.se\/ydre\/files\/2024\/05\/m2-370x278.jpg 370w, https:\/\/wp.kristdemokraterna.se\/ydre\/files\/2024\/05\/m2-770x578.jpg 770w, https:\/\/wp.kristdemokraterna.se\/ydre\/files\/2024\/05\/m2-450x338.jpg 450w, https:\/\/wp.kristdemokraterna.se\/ydre\/files\/2024\/05\/m2-280x210.jpg 280w, https:\/\/wp.kristdemokraterna.se\/ydre\/files\/2024\/05\/m2-340x255.jpg 340w, https:\/\/wp.kristdemokraterna.se\/ydre\/files\/2024\/05\/m2-200x150.jpg 200w, https:\/\/wp.kristdemokraterna.se\/ydre\/files\/2024\/05\/m2-75x56.jpg 75w\" sizes=\"auto, (max-width: 300px) 100vw, 300px\" \/><\/a><br \/>\nGruppfoto p\u00e5 alla deltagare f\u00f6rutom fotografen Linda Masman,<br \/>\nordf\u00f6rande f\u00f6r KD i Ydre.\u00a0 Med p\u00e5 bilden \u00e4r ocks\u00e5 v\u00e5r inbjudna<br \/>\ntalare och ordf\u00f6rande f\u00f6r \u00e5rsm\u00f6tet Annicki Oscarsson regionsr\u00e5d<br \/>\nf\u00f6r region \u00d6sterg\u00f6tland vid KD i Ydres \u00e5rsm\u00f6te torsdagen den<br \/>\n22 februari 2024 i nya sammantr\u00e4desrummet i Kommunhuset i<br \/>\n\u00d6sterbymo. Annicki Oscarsson st\u00e5r som andra person fr\u00e5n h\u00f6ger.<\/p>\n<p>&nbsp;<\/p>\n<p>Torsdagen den 22 februari hade vi v\u00e5rat \u00e5rsm\u00f6te f\u00f6r KD i Ydre i nya sammantr\u00e4desrummet<br \/>\ni kommunhuset i \u00d6sterbymo. Vi hade inbjudit regionsr\u00e5det ifr\u00e5n region \u00d6sterg\u00f6tland<br \/>\nAnnicki Oscarsson som kom och talade om hennes arbete som regionsr\u00e5d f\u00f6r KD i<br \/>\n\u00d6sterg\u00f6tland och hur det st\u00e5r till f\u00f6r regionen i allm\u00e4nhet och ekonomiskt samt ber\u00e4ttade<br \/>\nhon om sin make Magnus Oscarssons arbete som riksdagsledamot f\u00f6r KD i \u00d6sterg\u00f6tland<br \/>\noch f\u00f6r regeringen.<\/p>\n<p>\u00c5rsm\u00f6tet b\u00f6rjade med f\u00f6rhandlingar d\u00e5 Annicki Oscarsson valdes som ordf\u00f6rande f\u00f6r \u00e5rsm\u00f6tet.<br \/>\nD\u00e5 valdes bland annat KD i Ydres styrelse f\u00f6r ytterligare ett \u00e5r och v\u00e5r ordf\u00f6rande Linda Masman<br \/>\nblev nominerad till partidistriktsstyrelsen f\u00f6r KD i \u00d6sterg\u00f6tland.<br \/>\nVi fick \u00e4ven information om KD i Ydres fadderbarn i Kenya under f\u00f6rhandlingarna.<\/p>\n<p>Sedan blev det god f\u00f6rt\u00e4ring med hemgjorda sm\u00f6rg\u00e5sar och kaffebr\u00f6d innan Annicki Oscarsson<br \/>\ntog vid som talare innan \u00e5rsm\u00f6tet avslutades. En trevlig kv\u00e4ll med god samvaro och fina samtal<br \/>\ntyckte vi alla.<\/p>\n","protected":false},"excerpt":{"rendered":"<p>Fr\u00e5n v\u00e4nster syns Agneta Bj\u00f6rling, styrelseledamot i KD i Ydres styrelse, Birgitta Martinsson, medlem i KD i Ydre, Bengt Malm, styrelseledamot i KD i Ydres styrelse, Johny Martinsson, styrelseledamot i KD i Ydres styrelse, Gudrun Martinsson, revisor f\u00f6r KD i Ydre, Peter Gustavsson, kass\u00f6r f\u00f6r KD i Ydre, Linda Masman, ordf\u00f6rande f\u00f6r KD i Ydre, <a class=\"read-more-link\" href=\"https:\/\/wp.kristdemokraterna.se\/ydre\/i-var-kommun\/har-ar-2024-ars-handelser\/arsmote-for-kristdemokraterna-i-ydre-2024-02-22\/\">L\u00e4s mer<\/a><\/p>\n","protected":false},"author":793,"featured_media":0,"parent":1809,"menu_order":0,"comment_status":"closed","ping_status":"closed","template":"","meta":{"_acf_changed":false,"footnotes":""},"class_list":["post-1842","page","type-page","status-publish","hentry"],"acf":[],"yoast_head":"<!-- This site is optimized with the Yoast SEO plugin v27.3 - https:\/\/yoast.com\/product\/yoast-seo-wordpress\/ -->\n<title>\u00c5rsm\u00f6te f\u00f6r KD i Ydre 22 februari 2024! - Kristdemokraterna i Ydre<\/title>\n<meta name=\"robots\" content=\"index, follow, max-snippet:-1, max-image-preview:large, max-video-preview:-1\" \/>\n<link rel=\"canonical\" href=\"https:\/\/wp.kristdemokraterna.se\/ydre\/i-var-kommun\/har-ar-2024-ars-handelser\/arsmote-for-kristdemokraterna-i-ydre-2024-02-22\/\" \/>\n<meta property=\"og:locale\" content=\"sv_SE\" \/>\n<meta property=\"og:type\" content=\"article\" \/>\n<meta property=\"og:title\" content=\"\u00c5rsm\u00f6te f\u00f6r KD i Ydre 22 februari 2024! - Kristdemokraterna i Ydre\" \/>\n<meta property=\"og:description\" content=\"Fr\u00e5n v\u00e4nster syns Agneta Bj\u00f6rling, styrelseledamot i KD i Ydres styrelse, Birgitta Martinsson, medlem i KD i Ydre, Bengt Malm, styrelseledamot i KD i Ydres styrelse, Johny Martinsson, styrelseledamot i KD i Ydres styrelse, Gudrun Martinsson, revisor f\u00f6r KD i Ydre, Peter Gustavsson, kass\u00f6r f\u00f6r KD i Ydre, Linda Masman, ordf\u00f6rande f\u00f6r KD i Ydre, L\u00e4s mer\" \/>\n<meta property=\"og:url\" content=\"https:\/\/wp.kristdemokraterna.se\/ydre\/i-var-kommun\/har-ar-2024-ars-handelser\/arsmote-for-kristdemokraterna-i-ydre-2024-02-22\/\" \/>\n<meta property=\"og:site_name\" content=\"Kristdemokraterna i Ydre\" \/>\n<meta property=\"article:modified_time\" content=\"2024-05-02T17:50:49+00:00\" \/>\n<meta property=\"og:image\" content=\"http:\/\/wp.kristdemokraterna.se\/ydre\/files\/2024\/05\/m1-300x225.jpg\" \/>\n<meta name=\"twitter:card\" content=\"summary_large_image\" \/>\n<meta name=\"twitter:label1\" content=\"Ber\u00e4knad l\u00e4stid\" \/>\n\t<meta name=\"twitter:data1\" content=\"2 minuter\" \/>\n<script type=\"application\/ld+json\" class=\"yoast-schema-graph\">{\"@context\":\"https:\\\/\\\/schema.org\",\"@graph\":[{\"@type\":\"WebPage\",\"@id\":\"https:\\\/\\\/wp.kristdemokraterna.se\\\/ydre\\\/i-var-kommun\\\/har-ar-2024-ars-handelser\\\/arsmote-for-kristdemokraterna-i-ydre-2024-02-22\\\/\",\"url\":\"https:\\\/\\\/wp.kristdemokraterna.se\\\/ydre\\\/i-var-kommun\\\/har-ar-2024-ars-handelser\\\/arsmote-for-kristdemokraterna-i-ydre-2024-02-22\\\/\",\"name\":\"\u00c5rsm\u00f6te f\u00f6r KD i Ydre 22 februari 2024! - Kristdemokraterna i Ydre\",\"isPartOf\":{\"@id\":\"https:\\\/\\\/wp.kristdemokraterna.se\\\/ydre\\\/#website\"},\"primaryImageOfPage\":{\"@id\":\"https:\\\/\\\/wp.kristdemokraterna.se\\\/ydre\\\/i-var-kommun\\\/har-ar-2024-ars-handelser\\\/arsmote-for-kristdemokraterna-i-ydre-2024-02-22\\\/#primaryimage\"},\"image\":{\"@id\":\"https:\\\/\\\/wp.kristdemokraterna.se\\\/ydre\\\/i-var-kommun\\\/har-ar-2024-ars-handelser\\\/arsmote-for-kristdemokraterna-i-ydre-2024-02-22\\\/#primaryimage\"},\"thumbnailUrl\":\"http:\\\/\\\/wp.kristdemokraterna.se\\\/ydre\\\/files\\\/2024\\\/05\\\/m1-300x225.jpg\",\"datePublished\":\"2024-05-02T16:51:58+00:00\",\"dateModified\":\"2024-05-02T17:50:49+00:00\",\"breadcrumb\":{\"@id\":\"https:\\\/\\\/wp.kristdemokraterna.se\\\/ydre\\\/i-var-kommun\\\/har-ar-2024-ars-handelser\\\/arsmote-for-kristdemokraterna-i-ydre-2024-02-22\\\/#breadcrumb\"},\"inLanguage\":\"sv-SE\",\"potentialAction\":[{\"@type\":\"ReadAction\",\"target\":[\"https:\\\/\\\/wp.kristdemokraterna.se\\\/ydre\\\/i-var-kommun\\\/har-ar-2024-ars-handelser\\\/arsmote-for-kristdemokraterna-i-ydre-2024-02-22\\\/\"]}]},{\"@type\":\"ImageObject\",\"inLanguage\":\"sv-SE\",\"@id\":\"https:\\\/\\\/wp.kristdemokraterna.se\\\/ydre\\\/i-var-kommun\\\/har-ar-2024-ars-handelser\\\/arsmote-for-kristdemokraterna-i-ydre-2024-02-22\\\/#primaryimage\",\"url\":\"http:\\\/\\\/wp.kristdemokraterna.se\\\/ydre\\\/files\\\/2024\\\/05\\\/m1-300x225.jpg\",\"contentUrl\":\"http:\\\/\\\/wp.kristdemokraterna.se\\\/ydre\\\/files\\\/2024\\\/05\\\/m1-300x225.jpg\"},{\"@type\":\"BreadcrumbList\",\"@id\":\"https:\\\/\\\/wp.kristdemokraterna.se\\\/ydre\\\/i-var-kommun\\\/har-ar-2024-ars-handelser\\\/arsmote-for-kristdemokraterna-i-ydre-2024-02-22\\\/#breadcrumb\",\"itemListElement\":[{\"@type\":\"ListItem\",\"position\":1,\"name\":\"Hem\",\"item\":\"https:\\\/\\\/wp.kristdemokraterna.se\\\/ydre\\\/\"},{\"@type\":\"ListItem\",\"position\":2,\"name\":\"Vad vill vi i v\u00e5r kommun\",\"item\":\"https:\\\/\\\/wp.kristdemokraterna.se\\\/ydre\\\/i-var-kommun\\\/\"},{\"@type\":\"ListItem\",\"position\":3,\"name\":\"H\u00e4r \u00e4r 2024 \u00e5rs h\u00e4ndelser\",\"item\":\"https:\\\/\\\/wp.kristdemokraterna.se\\\/ydre\\\/i-var-kommun\\\/har-ar-2024-ars-handelser\\\/\"},{\"@type\":\"ListItem\",\"position\":4,\"name\":\"\u00c5rsm\u00f6te f\u00f6r KD i Ydre 22 februari 2024!\"}]},{\"@type\":\"WebSite\",\"@id\":\"https:\\\/\\\/wp.kristdemokraterna.se\\\/ydre\\\/#website\",\"url\":\"https:\\\/\\\/wp.kristdemokraterna.se\\\/ydre\\\/\",\"name\":\"Kristdemokraterna i Ydre\",\"description\":\"En till Kristdemokraterna webbplats\",\"inLanguage\":\"sv-SE\"}]}<\/script>\n<!-- \/ Yoast SEO plugin. -->","yoast_head_json":{"title":"\u00c5rsm\u00f6te f\u00f6r KD i Ydre 22 februari 2024! - Kristdemokraterna i Ydre","robots":{"index":"index","follow":"follow","max-snippet":"max-snippet:-1","max-image-preview":"max-image-preview:large","max-video-preview":"max-video-preview:-1"},"canonical":"https:\/\/wp.kristdemokraterna.se\/ydre\/i-var-kommun\/har-ar-2024-ars-handelser\/arsmote-for-kristdemokraterna-i-ydre-2024-02-22\/","og_locale":"sv_SE","og_type":"article","og_title":"\u00c5rsm\u00f6te f\u00f6r KD i Ydre 22 februari 2024! - Kristdemokraterna i Ydre","og_description":"Fr\u00e5n v\u00e4nster syns Agneta Bj\u00f6rling, styrelseledamot i KD i Ydres styrelse, Birgitta Martinsson, medlem i KD i Ydre, Bengt Malm, styrelseledamot i KD i Ydres styrelse, Johny Martinsson, styrelseledamot i KD i Ydres styrelse, Gudrun Martinsson, revisor f\u00f6r KD i Ydre, Peter Gustavsson, kass\u00f6r f\u00f6r KD i Ydre, Linda Masman, ordf\u00f6rande f\u00f6r KD i Ydre, L\u00e4s mer","og_url":"https:\/\/wp.kristdemokraterna.se\/ydre\/i-var-kommun\/har-ar-2024-ars-handelser\/arsmote-for-kristdemokraterna-i-ydre-2024-02-22\/","og_site_name":"Kristdemokraterna i Ydre","article_modified_time":"2024-05-02T17:50:49+00:00","og_image":[{"url":"http:\/\/wp.kristdemokraterna.se\/ydre\/files\/2024\/05\/m1-300x225.jpg","type":"","width":"","height":""}],"twitter_card":"summary_large_image","twitter_misc":{"Ber\u00e4knad l\u00e4stid":"2 minuter"},"schema":{"@context":"https:\/\/schema.org","@graph":[{"@type":"WebPage","@id":"https:\/\/wp.kristdemokraterna.se\/ydre\/i-var-kommun\/har-ar-2024-ars-handelser\/arsmote-for-kristdemokraterna-i-ydre-2024-02-22\/","url":"https:\/\/wp.kristdemokraterna.se\/ydre\/i-var-kommun\/har-ar-2024-ars-handelser\/arsmote-for-kristdemokraterna-i-ydre-2024-02-22\/","name":"\u00c5rsm\u00f6te f\u00f6r KD i Ydre 22 februari 2024! - Kristdemokraterna i Ydre","isPartOf":{"@id":"https:\/\/wp.kristdemokraterna.se\/ydre\/#website"},"primaryImageOfPage":{"@id":"https:\/\/wp.kristdemokraterna.se\/ydre\/i-var-kommun\/har-ar-2024-ars-handelser\/arsmote-for-kristdemokraterna-i-ydre-2024-02-22\/#primaryimage"},"image":{"@id":"https:\/\/wp.kristdemokraterna.se\/ydre\/i-var-kommun\/har-ar-2024-ars-handelser\/arsmote-for-kristdemokraterna-i-ydre-2024-02-22\/#primaryimage"},"thumbnailUrl":"http:\/\/wp.kristdemokraterna.se\/ydre\/files\/2024\/05\/m1-300x225.jpg","datePublished":"2024-05-02T16:51:58+00:00","dateModified":"2024-05-02T17:50:49+00:00","breadcrumb":{"@id":"https:\/\/wp.kristdemokraterna.se\/ydre\/i-var-kommun\/har-ar-2024-ars-handelser\/arsmote-for-kristdemokraterna-i-ydre-2024-02-22\/#breadcrumb"},"inLanguage":"sv-SE","potentialAction":[{"@type":"ReadAction","target":["https:\/\/wp.kristdemokraterna.se\/ydre\/i-var-kommun\/har-ar-2024-ars-handelser\/arsmote-for-kristdemokraterna-i-ydre-2024-02-22\/"]}]},{"@type":"ImageObject","inLanguage":"sv-SE","@id":"https:\/\/wp.kristdemokraterna.se\/ydre\/i-var-kommun\/har-ar-2024-ars-handelser\/arsmote-for-kristdemokraterna-i-ydre-2024-02-22\/#primaryimage","url":"http:\/\/wp.kristdemokraterna.se\/ydre\/files\/2024\/05\/m1-300x225.jpg","contentUrl":"http:\/\/wp.kristdemokraterna.se\/ydre\/files\/2024\/05\/m1-300x225.jpg"},{"@type":"BreadcrumbList","@id":"https:\/\/wp.kristdemokraterna.se\/ydre\/i-var-kommun\/har-ar-2024-ars-handelser\/arsmote-for-kristdemokraterna-i-ydre-2024-02-22\/#breadcrumb","itemListElement":[{"@type":"ListItem","position":1,"name":"Hem","item":"https:\/\/wp.kristdemokraterna.se\/ydre\/"},{"@type":"ListItem","position":2,"name":"Vad vill vi i v\u00e5r kommun","item":"https:\/\/wp.kristdemokraterna.se\/ydre\/i-var-kommun\/"},{"@type":"ListItem","position":3,"name":"H\u00e4r \u00e4r 2024 \u00e5rs h\u00e4ndelser","item":"https:\/\/wp.kristdemokraterna.se\/ydre\/i-var-kommun\/har-ar-2024-ars-handelser\/"},{"@type":"ListItem","position":4,"name":"\u00c5rsm\u00f6te f\u00f6r KD i Ydre 22 februari 2024!"}]},{"@type":"WebSite","@id":"https:\/\/wp.kristdemokraterna.se\/ydre\/#website","url":"https:\/\/wp.kristdemokraterna.se\/ydre\/","name":"Kristdemokraterna i Ydre","description":"En till Kristdemokraterna webbplats","inLanguage":"sv-SE"}]}},"_links":{"self":[{"href":"https:\/\/wp.kristdemokraterna.se\/ydre\/wp-json\/wp\/v2\/pages\/1842","targetHints":{"allow":["GET"]}}],"collection":[{"href":"https:\/\/wp.kristdemokraterna.se\/ydre\/wp-json\/wp\/v2\/pages"}],"about":[{"href":"https:\/\/wp.kristdemokraterna.se\/ydre\/wp-json\/wp\/v2\/types\/page"}],"author":[{"embeddable":true,"href":"https:\/\/wp.kristdemokraterna.se\/ydre\/wp-json\/wp\/v2\/users\/793"}],"replies":[{"embeddable":true,"href":"https:\/\/wp.kristdemokraterna.se\/ydre\/wp-json\/wp\/v2\/comments?post=1842"}],"version-history":[{"count":12,"href":"https:\/\/wp.kristdemokraterna.se\/ydre\/wp-json\/wp\/v2\/pages\/1842\/revisions"}],"predecessor-version":[{"id":1856,"href":"https:\/\/wp.kristdemokraterna.se\/ydre\/wp-json\/wp\/v2\/pages\/1842\/revisions\/1856"}],"up":[{"embeddable":true,"href":"https:\/\/wp.kristdemokraterna.se\/ydre\/wp-json\/wp\/v2\/pages\/1809"}],"wp:attachment":[{"href":"https:\/\/wp.kristdemokraterna.se\/ydre\/wp-json\/wp\/v2\/media?parent=1842"}],"curies":[{"name":"wp","href":"https:\/\/api.w.org\/{rel}","templated":true}]}}