{"id":1857,"date":"2024-05-02T20:02:17","date_gmt":"2024-05-02T18:02:17","guid":{"rendered":"https:\/\/wp.kristdemokraterna.se\/ydre\/?page_id=1857"},"modified":"2024-05-02T20:25:46","modified_gmt":"2024-05-02T18:25:46","slug":"medlemskap-for-sverige-i-nato-7-mars-2024","status":"publish","type":"page","link":"https:\/\/wp.kristdemokraterna.se\/ydre\/i-var-kommun\/har-ar-2024-ars-handelser\/medlemskap-for-sverige-i-nato-7-mars-2024\/","title":{"rendered":"Medlemskap f\u00f6r Sverige i NATO 7 mars 2024!"},"content":{"rendered":"<p><a href=\"http:\/\/wp.kristdemokraterna.se\/ydre\/files\/2024\/05\/natobild.jpg\"><img loading=\"lazy\" decoding=\"async\" class=\"alignnone size-medium wp-image-1862\" src=\"http:\/\/wp.kristdemokraterna.se\/ydre\/files\/2024\/05\/natobild-300x188.jpg\" alt=\"\" width=\"300\" height=\"188\" srcset=\"https:\/\/wp.kristdemokraterna.se\/ydre\/files\/2024\/05\/natobild-300x188.jpg 300w, https:\/\/wp.kristdemokraterna.se\/ydre\/files\/2024\/05\/natobild-1024x640.jpg 1024w, https:\/\/wp.kristdemokraterna.se\/ydre\/files\/2024\/05\/natobild-768x480.jpg 768w, https:\/\/wp.kristdemokraterna.se\/ydre\/files\/2024\/05\/natobild-1536x960.jpg 1536w, https:\/\/wp.kristdemokraterna.se\/ydre\/files\/2024\/05\/natobild-2048x1280.jpg 2048w, https:\/\/wp.kristdemokraterna.se\/ydre\/files\/2024\/05\/natobild-320x200.jpg 320w, https:\/\/wp.kristdemokraterna.se\/ydre\/files\/2024\/05\/natobild-370x231.jpg 370w, https:\/\/wp.kristdemokraterna.se\/ydre\/files\/2024\/05\/natobild-770x481.jpg 770w, https:\/\/wp.kristdemokraterna.se\/ydre\/files\/2024\/05\/natobild-450x281.jpg 450w, https:\/\/wp.kristdemokraterna.se\/ydre\/files\/2024\/05\/natobild-280x175.jpg 280w, https:\/\/wp.kristdemokraterna.se\/ydre\/files\/2024\/05\/natobild-340x213.jpg 340w, https:\/\/wp.kristdemokraterna.se\/ydre\/files\/2024\/05\/natobild-200x125.jpg 200w, https:\/\/wp.kristdemokraterna.se\/ydre\/files\/2024\/05\/natobild-90x56.jpg 90w\" sizes=\"auto, (max-width: 300px) 100vw, 300px\" \/><\/a><\/p>\n<p>Torsdagen den 7 mars 2024 var en stor dag f\u00f6r v\u00e5r nation Sverige!<br \/>\nD\u00e5 blev vi \u00e4ntligen medlemmar i milit\u00e4ralliansen NATO. En ans\u00f6kan som hade tagit tid<br \/>\natt besluta om men den 7 mars s\u00e5 gick den \u00e4ntligen igenom! En gl\u00e4djens dag f\u00f6r v\u00e5rat land,<br \/>\nregering och f\u00f6r v\u00e5rat parti Kristdemokraterna. D\u00e5 vi idag har en os\u00e4ker omv\u00e4rld och man inte<br \/>\nvet vad som kan h\u00e4nda f\u00f6r v\u00e5rat land s\u00e5 k\u00e4nns det bra att vi nu f\u00e5r tillh\u00f6ra NATO<br \/>\nsom \u00e4r en freds- , f\u00f6rsvars-\u00a0 och milit\u00e4rallians som arbetar f\u00f6r att bevara freden<br \/>\noch s\u00e4kerheten i medlemsl\u00e4nderna.<br \/>\nDet k\u00e4nns tryggt f\u00f6r v\u00e5rat land Sverige tycker vi i KD i Ydre.<\/p>\n","protected":false},"excerpt":{"rendered":"<p>Torsdagen den 7 mars 2024 var en stor dag f\u00f6r v\u00e5r nation Sverige! D\u00e5 blev vi \u00e4ntligen medlemmar i milit\u00e4ralliansen NATO. En ans\u00f6kan som hade tagit tid att besluta om men den 7 mars s\u00e5 gick den \u00e4ntligen igenom! En gl\u00e4djens dag f\u00f6r v\u00e5rat land, regering och f\u00f6r v\u00e5rat parti Kristdemokraterna. D\u00e5 vi idag har <a class=\"read-more-link\" href=\"https:\/\/wp.kristdemokraterna.se\/ydre\/i-var-kommun\/har-ar-2024-ars-handelser\/medlemskap-for-sverige-i-nato-7-mars-2024\/\">L\u00e4s mer<\/a><\/p>\n","protected":false},"author":793,"featured_media":0,"parent":1809,"menu_order":0,"comment_status":"closed","ping_status":"closed","template":"","meta":{"_acf_changed":false,"footnotes":""},"class_list":["post-1857","page","type-page","status-publish","hentry"],"acf":[],"yoast_head":"<!-- This site is optimized with the Yoast SEO plugin v27.3 - https:\/\/yoast.com\/product\/yoast-seo-wordpress\/ -->\n<title>Medlemskap f\u00f6r Sverige i NATO 7 mars 2024! - Kristdemokraterna i Ydre<\/title>\n<meta name=\"robots\" content=\"index, follow, max-snippet:-1, max-image-preview:large, max-video-preview:-1\" \/>\n<link rel=\"canonical\" href=\"https:\/\/wp.kristdemokraterna.se\/ydre\/i-var-kommun\/har-ar-2024-ars-handelser\/medlemskap-for-sverige-i-nato-7-mars-2024\/\" \/>\n<meta property=\"og:locale\" content=\"sv_SE\" \/>\n<meta property=\"og:type\" content=\"article\" \/>\n<meta property=\"og:title\" content=\"Medlemskap f\u00f6r Sverige i NATO 7 mars 2024! - Kristdemokraterna i Ydre\" \/>\n<meta property=\"og:description\" content=\"Torsdagen den 7 mars 2024 var en stor dag f\u00f6r v\u00e5r nation Sverige! D\u00e5 blev vi \u00e4ntligen medlemmar i milit\u00e4ralliansen NATO. En ans\u00f6kan som hade tagit tid att besluta om men den 7 mars s\u00e5 gick den \u00e4ntligen igenom! En gl\u00e4djens dag f\u00f6r v\u00e5rat land, regering och f\u00f6r v\u00e5rat parti Kristdemokraterna. D\u00e5 vi idag har L\u00e4s mer\" \/>\n<meta property=\"og:url\" content=\"https:\/\/wp.kristdemokraterna.se\/ydre\/i-var-kommun\/har-ar-2024-ars-handelser\/medlemskap-for-sverige-i-nato-7-mars-2024\/\" \/>\n<meta property=\"og:site_name\" content=\"Kristdemokraterna i Ydre\" \/>\n<meta property=\"article:modified_time\" content=\"2024-05-02T18:25:46+00:00\" \/>\n<meta property=\"og:image\" content=\"http:\/\/wp.kristdemokraterna.se\/ydre\/files\/2024\/05\/natobild-300x188.jpg\" \/>\n<meta name=\"twitter:card\" content=\"summary_large_image\" \/>\n<meta name=\"twitter:label1\" content=\"Ber\u00e4knad l\u00e4stid\" \/>\n\t<meta name=\"twitter:data1\" content=\"1 minut\" \/>\n<script type=\"application\/ld+json\" class=\"yoast-schema-graph\">{\"@context\":\"https:\\\/\\\/schema.org\",\"@graph\":[{\"@type\":\"WebPage\",\"@id\":\"https:\\\/\\\/wp.kristdemokraterna.se\\\/ydre\\\/i-var-kommun\\\/har-ar-2024-ars-handelser\\\/medlemskap-for-sverige-i-nato-7-mars-2024\\\/\",\"url\":\"https:\\\/\\\/wp.kristdemokraterna.se\\\/ydre\\\/i-var-kommun\\\/har-ar-2024-ars-handelser\\\/medlemskap-for-sverige-i-nato-7-mars-2024\\\/\",\"name\":\"Medlemskap f\u00f6r Sverige i NATO 7 mars 2024! - Kristdemokraterna i Ydre\",\"isPartOf\":{\"@id\":\"https:\\\/\\\/wp.kristdemokraterna.se\\\/ydre\\\/#website\"},\"primaryImageOfPage\":{\"@id\":\"https:\\\/\\\/wp.kristdemokraterna.se\\\/ydre\\\/i-var-kommun\\\/har-ar-2024-ars-handelser\\\/medlemskap-for-sverige-i-nato-7-mars-2024\\\/#primaryimage\"},\"image\":{\"@id\":\"https:\\\/\\\/wp.kristdemokraterna.se\\\/ydre\\\/i-var-kommun\\\/har-ar-2024-ars-handelser\\\/medlemskap-for-sverige-i-nato-7-mars-2024\\\/#primaryimage\"},\"thumbnailUrl\":\"http:\\\/\\\/wp.kristdemokraterna.se\\\/ydre\\\/files\\\/2024\\\/05\\\/natobild-300x188.jpg\",\"datePublished\":\"2024-05-02T18:02:17+00:00\",\"dateModified\":\"2024-05-02T18:25:46+00:00\",\"breadcrumb\":{\"@id\":\"https:\\\/\\\/wp.kristdemokraterna.se\\\/ydre\\\/i-var-kommun\\\/har-ar-2024-ars-handelser\\\/medlemskap-for-sverige-i-nato-7-mars-2024\\\/#breadcrumb\"},\"inLanguage\":\"sv-SE\",\"potentialAction\":[{\"@type\":\"ReadAction\",\"target\":[\"https:\\\/\\\/wp.kristdemokraterna.se\\\/ydre\\\/i-var-kommun\\\/har-ar-2024-ars-handelser\\\/medlemskap-for-sverige-i-nato-7-mars-2024\\\/\"]}]},{\"@type\":\"ImageObject\",\"inLanguage\":\"sv-SE\",\"@id\":\"https:\\\/\\\/wp.kristdemokraterna.se\\\/ydre\\\/i-var-kommun\\\/har-ar-2024-ars-handelser\\\/medlemskap-for-sverige-i-nato-7-mars-2024\\\/#primaryimage\",\"url\":\"http:\\\/\\\/wp.kristdemokraterna.se\\\/ydre\\\/files\\\/2024\\\/05\\\/natobild-300x188.jpg\",\"contentUrl\":\"http:\\\/\\\/wp.kristdemokraterna.se\\\/ydre\\\/files\\\/2024\\\/05\\\/natobild-300x188.jpg\"},{\"@type\":\"BreadcrumbList\",\"@id\":\"https:\\\/\\\/wp.kristdemokraterna.se\\\/ydre\\\/i-var-kommun\\\/har-ar-2024-ars-handelser\\\/medlemskap-for-sverige-i-nato-7-mars-2024\\\/#breadcrumb\",\"itemListElement\":[{\"@type\":\"ListItem\",\"position\":1,\"name\":\"Hem\",\"item\":\"https:\\\/\\\/wp.kristdemokraterna.se\\\/ydre\\\/\"},{\"@type\":\"ListItem\",\"position\":2,\"name\":\"Vad vill vi i v\u00e5r kommun\",\"item\":\"https:\\\/\\\/wp.kristdemokraterna.se\\\/ydre\\\/i-var-kommun\\\/\"},{\"@type\":\"ListItem\",\"position\":3,\"name\":\"H\u00e4r \u00e4r 2024 \u00e5rs h\u00e4ndelser\",\"item\":\"https:\\\/\\\/wp.kristdemokraterna.se\\\/ydre\\\/i-var-kommun\\\/har-ar-2024-ars-handelser\\\/\"},{\"@type\":\"ListItem\",\"position\":4,\"name\":\"Medlemskap f\u00f6r Sverige i NATO 7 mars 2024!\"}]},{\"@type\":\"WebSite\",\"@id\":\"https:\\\/\\\/wp.kristdemokraterna.se\\\/ydre\\\/#website\",\"url\":\"https:\\\/\\\/wp.kristdemokraterna.se\\\/ydre\\\/\",\"name\":\"Kristdemokraterna i Ydre\",\"description\":\"En till Kristdemokraterna webbplats\",\"inLanguage\":\"sv-SE\"}]}<\/script>\n<!-- \/ Yoast SEO plugin. -->","yoast_head_json":{"title":"Medlemskap f\u00f6r Sverige i NATO 7 mars 2024! - Kristdemokraterna i Ydre","robots":{"index":"index","follow":"follow","max-snippet":"max-snippet:-1","max-image-preview":"max-image-preview:large","max-video-preview":"max-video-preview:-1"},"canonical":"https:\/\/wp.kristdemokraterna.se\/ydre\/i-var-kommun\/har-ar-2024-ars-handelser\/medlemskap-for-sverige-i-nato-7-mars-2024\/","og_locale":"sv_SE","og_type":"article","og_title":"Medlemskap f\u00f6r Sverige i NATO 7 mars 2024! - Kristdemokraterna i Ydre","og_description":"Torsdagen den 7 mars 2024 var en stor dag f\u00f6r v\u00e5r nation Sverige! D\u00e5 blev vi \u00e4ntligen medlemmar i milit\u00e4ralliansen NATO. En ans\u00f6kan som hade tagit tid att besluta om men den 7 mars s\u00e5 gick den \u00e4ntligen igenom! En gl\u00e4djens dag f\u00f6r v\u00e5rat land, regering och f\u00f6r v\u00e5rat parti Kristdemokraterna. D\u00e5 vi idag har L\u00e4s mer","og_url":"https:\/\/wp.kristdemokraterna.se\/ydre\/i-var-kommun\/har-ar-2024-ars-handelser\/medlemskap-for-sverige-i-nato-7-mars-2024\/","og_site_name":"Kristdemokraterna i Ydre","article_modified_time":"2024-05-02T18:25:46+00:00","og_image":[{"url":"http:\/\/wp.kristdemokraterna.se\/ydre\/files\/2024\/05\/natobild-300x188.jpg","type":"","width":"","height":""}],"twitter_card":"summary_large_image","twitter_misc":{"Ber\u00e4knad l\u00e4stid":"1 minut"},"schema":{"@context":"https:\/\/schema.org","@graph":[{"@type":"WebPage","@id":"https:\/\/wp.kristdemokraterna.se\/ydre\/i-var-kommun\/har-ar-2024-ars-handelser\/medlemskap-for-sverige-i-nato-7-mars-2024\/","url":"https:\/\/wp.kristdemokraterna.se\/ydre\/i-var-kommun\/har-ar-2024-ars-handelser\/medlemskap-for-sverige-i-nato-7-mars-2024\/","name":"Medlemskap f\u00f6r Sverige i NATO 7 mars 2024! - Kristdemokraterna i Ydre","isPartOf":{"@id":"https:\/\/wp.kristdemokraterna.se\/ydre\/#website"},"primaryImageOfPage":{"@id":"https:\/\/wp.kristdemokraterna.se\/ydre\/i-var-kommun\/har-ar-2024-ars-handelser\/medlemskap-for-sverige-i-nato-7-mars-2024\/#primaryimage"},"image":{"@id":"https:\/\/wp.kristdemokraterna.se\/ydre\/i-var-kommun\/har-ar-2024-ars-handelser\/medlemskap-for-sverige-i-nato-7-mars-2024\/#primaryimage"},"thumbnailUrl":"http:\/\/wp.kristdemokraterna.se\/ydre\/files\/2024\/05\/natobild-300x188.jpg","datePublished":"2024-05-02T18:02:17+00:00","dateModified":"2024-05-02T18:25:46+00:00","breadcrumb":{"@id":"https:\/\/wp.kristdemokraterna.se\/ydre\/i-var-kommun\/har-ar-2024-ars-handelser\/medlemskap-for-sverige-i-nato-7-mars-2024\/#breadcrumb"},"inLanguage":"sv-SE","potentialAction":[{"@type":"ReadAction","target":["https:\/\/wp.kristdemokraterna.se\/ydre\/i-var-kommun\/har-ar-2024-ars-handelser\/medlemskap-for-sverige-i-nato-7-mars-2024\/"]}]},{"@type":"ImageObject","inLanguage":"sv-SE","@id":"https:\/\/wp.kristdemokraterna.se\/ydre\/i-var-kommun\/har-ar-2024-ars-handelser\/medlemskap-for-sverige-i-nato-7-mars-2024\/#primaryimage","url":"http:\/\/wp.kristdemokraterna.se\/ydre\/files\/2024\/05\/natobild-300x188.jpg","contentUrl":"http:\/\/wp.kristdemokraterna.se\/ydre\/files\/2024\/05\/natobild-300x188.jpg"},{"@type":"BreadcrumbList","@id":"https:\/\/wp.kristdemokraterna.se\/ydre\/i-var-kommun\/har-ar-2024-ars-handelser\/medlemskap-for-sverige-i-nato-7-mars-2024\/#breadcrumb","itemListElement":[{"@type":"ListItem","position":1,"name":"Hem","item":"https:\/\/wp.kristdemokraterna.se\/ydre\/"},{"@type":"ListItem","position":2,"name":"Vad vill vi i v\u00e5r kommun","item":"https:\/\/wp.kristdemokraterna.se\/ydre\/i-var-kommun\/"},{"@type":"ListItem","position":3,"name":"H\u00e4r \u00e4r 2024 \u00e5rs h\u00e4ndelser","item":"https:\/\/wp.kristdemokraterna.se\/ydre\/i-var-kommun\/har-ar-2024-ars-handelser\/"},{"@type":"ListItem","position":4,"name":"Medlemskap f\u00f6r Sverige i NATO 7 mars 2024!"}]},{"@type":"WebSite","@id":"https:\/\/wp.kristdemokraterna.se\/ydre\/#website","url":"https:\/\/wp.kristdemokraterna.se\/ydre\/","name":"Kristdemokraterna i Ydre","description":"En till Kristdemokraterna webbplats","inLanguage":"sv-SE"}]}},"_links":{"self":[{"href":"https:\/\/wp.kristdemokraterna.se\/ydre\/wp-json\/wp\/v2\/pages\/1857","targetHints":{"allow":["GET"]}}],"collection":[{"href":"https:\/\/wp.kristdemokraterna.se\/ydre\/wp-json\/wp\/v2\/pages"}],"about":[{"href":"https:\/\/wp.kristdemokraterna.se\/ydre\/wp-json\/wp\/v2\/types\/page"}],"author":[{"embeddable":true,"href":"https:\/\/wp.kristdemokraterna.se\/ydre\/wp-json\/wp\/v2\/users\/793"}],"replies":[{"embeddable":true,"href":"https:\/\/wp.kristdemokraterna.se\/ydre\/wp-json\/wp\/v2\/comments?post=1857"}],"version-history":[{"count":3,"href":"https:\/\/wp.kristdemokraterna.se\/ydre\/wp-json\/wp\/v2\/pages\/1857\/revisions"}],"predecessor-version":[{"id":1863,"href":"https:\/\/wp.kristdemokraterna.se\/ydre\/wp-json\/wp\/v2\/pages\/1857\/revisions\/1863"}],"up":[{"embeddable":true,"href":"https:\/\/wp.kristdemokraterna.se\/ydre\/wp-json\/wp\/v2\/pages\/1809"}],"wp:attachment":[{"href":"https:\/\/wp.kristdemokraterna.se\/ydre\/wp-json\/wp\/v2\/media?parent=1857"}],"curies":[{"name":"wp","href":"https:\/\/api.w.org\/{rel}","templated":true}]}}