{"id":1873,"date":"2024-10-16T18:16:14","date_gmt":"2024-10-16T16:16:14","guid":{"rendered":"https:\/\/wp.kristdemokraterna.se\/ydre\/?page_id=1873"},"modified":"2024-10-16T18:48:31","modified_gmt":"2024-10-16T16:48:31","slug":"nytt-2023-04-24-traff-med-statsradet-erik-slottner-i-regionhuset-i-linkoping","status":"publish","type":"page","link":"https:\/\/wp.kristdemokraterna.se\/ydre\/i-var-kommun\/handelser-ar-2023\/nytt-2023-04-24-traff-med-statsradet-erik-slottner-i-regionhuset-i-linkoping\/","title":{"rendered":"2023-04-24 Tr\u00e4ff med statsr\u00e5det Erik Slottner i Regionhuset i Link\u00f6ping!"},"content":{"rendered":"<p>Erik Slottner, civilminister i Sveriges regering, bes\u00f6kte Regionhuset i Link\u00f6ping 2023-04-24 klockan 18:00. Han pratade om regeringens arbete och vi i KD \u00d6sterg\u00f6tland fick m\u00f6jlighet att samtala med honom om sm\u00e5kommunernas betydelse f\u00f6r Sverige d\u00e5 han lade fram ett f\u00f6rslag om att l\u00e4gga ihop kommuner i Sverige. Vi i KD i Ydre po\u00e4ngterade hur viktigt det \u00e4r att sm\u00e5kommunerna finns f\u00f6r att alla medborgare ska kunna ha n\u00e4rhet till service och vilja bo kvar p\u00e5 landsbygden. Det lovade han att ta med sig till regeringen.<\/p>\n<p><a href=\"http:\/\/wp.kristdemokraterna.se\/ydre\/files\/2023\/05\/el.jpg\"><img loading=\"lazy\" decoding=\"async\" class=\"alignnone size-medium wp-image-1671\" src=\"http:\/\/wp.kristdemokraterna.se\/ydre\/files\/2023\/05\/el-225x300.jpg\" alt=\"\" width=\"225\" height=\"300\" srcset=\"https:\/\/wp.kristdemokraterna.se\/ydre\/files\/2023\/05\/el-225x300.jpg 225w, https:\/\/wp.kristdemokraterna.se\/ydre\/files\/2023\/05\/el-768x1024.jpg 768w, https:\/\/wp.kristdemokraterna.se\/ydre\/files\/2023\/05\/el-1152x1536.jpg 1152w, https:\/\/wp.kristdemokraterna.se\/ydre\/files\/2023\/05\/el-150x200.jpg 150w, https:\/\/wp.kristdemokraterna.se\/ydre\/files\/2023\/05\/el-370x493.jpg 370w, https:\/\/wp.kristdemokraterna.se\/ydre\/files\/2023\/05\/el-770x1027.jpg 770w, https:\/\/wp.kristdemokraterna.se\/ydre\/files\/2023\/05\/el-450x600.jpg 450w, https:\/\/wp.kristdemokraterna.se\/ydre\/files\/2023\/05\/el-280x373.jpg 280w, https:\/\/wp.kristdemokraterna.se\/ydre\/files\/2023\/05\/el-340x453.jpg 340w, https:\/\/wp.kristdemokraterna.se\/ydre\/files\/2023\/05\/el-42x56.jpg 42w, https:\/\/wp.kristdemokraterna.se\/ydre\/files\/2023\/05\/el.jpg 1512w\" sizes=\"auto, (max-width: 225px) 100vw, 225px\" \/><\/a><a href=\"http:\/\/wp.kristdemokraterna.se\/ydre\/files\/2023\/05\/es.jpg\"><img loading=\"lazy\" decoding=\"async\" class=\"alignnone size-medium wp-image-1672\" src=\"http:\/\/wp.kristdemokraterna.se\/ydre\/files\/2023\/05\/es-225x300.jpg\" alt=\"\" width=\"225\" height=\"300\" srcset=\"https:\/\/wp.kristdemokraterna.se\/ydre\/files\/2023\/05\/es-225x300.jpg 225w, https:\/\/wp.kristdemokraterna.se\/ydre\/files\/2023\/05\/es-768x1024.jpg 768w, https:\/\/wp.kristdemokraterna.se\/ydre\/files\/2023\/05\/es-1152x1536.jpg 1152w, https:\/\/wp.kristdemokraterna.se\/ydre\/files\/2023\/05\/es-150x200.jpg 150w, https:\/\/wp.kristdemokraterna.se\/ydre\/files\/2023\/05\/es-370x493.jpg 370w, https:\/\/wp.kristdemokraterna.se\/ydre\/files\/2023\/05\/es-770x1027.jpg 770w, https:\/\/wp.kristdemokraterna.se\/ydre\/files\/2023\/05\/es-450x600.jpg 450w, https:\/\/wp.kristdemokraterna.se\/ydre\/files\/2023\/05\/es-280x373.jpg 280w, https:\/\/wp.kristdemokraterna.se\/ydre\/files\/2023\/05\/es-340x453.jpg 340w, https:\/\/wp.kristdemokraterna.se\/ydre\/files\/2023\/05\/es-42x56.jpg 42w, https:\/\/wp.kristdemokraterna.se\/ydre\/files\/2023\/05\/es.jpg 1512w\" sizes=\"auto, (max-width: 225px) 100vw, 225px\" \/><\/a><\/p>\n","protected":false},"excerpt":{"rendered":"<p>Erik Slottner, civilminister i Sveriges regering, bes\u00f6kte Regionhuset i Link\u00f6ping 2023-04-24 klockan 18:00. Han pratade om regeringens arbete och vi i KD \u00d6sterg\u00f6tland fick m\u00f6jlighet att samtala med honom om sm\u00e5kommunernas betydelse f\u00f6r Sverige d\u00e5 han lade fram ett f\u00f6rslag om att l\u00e4gga ihop kommuner i Sverige. Vi i KD i Ydre po\u00e4ngterade hur viktigt <a class=\"read-more-link\" href=\"https:\/\/wp.kristdemokraterna.se\/ydre\/i-var-kommun\/handelser-ar-2023\/nytt-2023-04-24-traff-med-statsradet-erik-slottner-i-regionhuset-i-linkoping\/\">L\u00e4s mer<\/a><\/p>\n","protected":false},"author":793,"featured_media":0,"parent":1677,"menu_order":0,"comment_status":"closed","ping_status":"closed","template":"","meta":{"_acf_changed":false,"footnotes":""},"class_list":["post-1873","page","type-page","status-publish","hentry"],"acf":[],"yoast_head":"<!-- This site is optimized with the Yoast SEO plugin v27.3 - https:\/\/yoast.com\/product\/yoast-seo-wordpress\/ -->\n<title>2023-04-24 Tr\u00e4ff med statsr\u00e5det Erik Slottner i Regionhuset i Link\u00f6ping! - Kristdemokraterna i Ydre<\/title>\n<meta name=\"robots\" content=\"index, follow, max-snippet:-1, max-image-preview:large, max-video-preview:-1\" \/>\n<link rel=\"canonical\" href=\"https:\/\/wp.kristdemokraterna.se\/ydre\/i-var-kommun\/handelser-ar-2023\/nytt-2023-04-24-traff-med-statsradet-erik-slottner-i-regionhuset-i-linkoping\/\" \/>\n<meta property=\"og:locale\" content=\"sv_SE\" \/>\n<meta property=\"og:type\" content=\"article\" \/>\n<meta property=\"og:title\" content=\"2023-04-24 Tr\u00e4ff med statsr\u00e5det Erik Slottner i Regionhuset i Link\u00f6ping! - Kristdemokraterna i Ydre\" \/>\n<meta property=\"og:description\" content=\"Erik Slottner, civilminister i Sveriges regering, bes\u00f6kte Regionhuset i Link\u00f6ping 2023-04-24 klockan 18:00. Han pratade om regeringens arbete och vi i KD \u00d6sterg\u00f6tland fick m\u00f6jlighet att samtala med honom om sm\u00e5kommunernas betydelse f\u00f6r Sverige d\u00e5 han lade fram ett f\u00f6rslag om att l\u00e4gga ihop kommuner i Sverige. Vi i KD i Ydre po\u00e4ngterade hur viktigt L\u00e4s mer\" \/>\n<meta property=\"og:url\" content=\"https:\/\/wp.kristdemokraterna.se\/ydre\/i-var-kommun\/handelser-ar-2023\/nytt-2023-04-24-traff-med-statsradet-erik-slottner-i-regionhuset-i-linkoping\/\" \/>\n<meta property=\"og:site_name\" content=\"Kristdemokraterna i Ydre\" \/>\n<meta property=\"article:modified_time\" content=\"2024-10-16T16:48:31+00:00\" \/>\n<meta property=\"og:image\" content=\"http:\/\/wp.kristdemokraterna.se\/ydre\/files\/2023\/05\/el-225x300.jpg\" \/>\n<meta name=\"twitter:card\" content=\"summary_large_image\" \/>\n<meta name=\"twitter:label1\" content=\"Ber\u00e4knad l\u00e4stid\" \/>\n\t<meta name=\"twitter:data1\" content=\"1 minut\" \/>\n<script type=\"application\/ld+json\" class=\"yoast-schema-graph\">{\"@context\":\"https:\\\/\\\/schema.org\",\"@graph\":[{\"@type\":\"WebPage\",\"@id\":\"https:\\\/\\\/wp.kristdemokraterna.se\\\/ydre\\\/i-var-kommun\\\/handelser-ar-2023\\\/nytt-2023-04-24-traff-med-statsradet-erik-slottner-i-regionhuset-i-linkoping\\\/\",\"url\":\"https:\\\/\\\/wp.kristdemokraterna.se\\\/ydre\\\/i-var-kommun\\\/handelser-ar-2023\\\/nytt-2023-04-24-traff-med-statsradet-erik-slottner-i-regionhuset-i-linkoping\\\/\",\"name\":\"2023-04-24 Tr\u00e4ff med statsr\u00e5det Erik Slottner i Regionhuset i Link\u00f6ping! - Kristdemokraterna i Ydre\",\"isPartOf\":{\"@id\":\"https:\\\/\\\/wp.kristdemokraterna.se\\\/ydre\\\/#website\"},\"primaryImageOfPage\":{\"@id\":\"https:\\\/\\\/wp.kristdemokraterna.se\\\/ydre\\\/i-var-kommun\\\/handelser-ar-2023\\\/nytt-2023-04-24-traff-med-statsradet-erik-slottner-i-regionhuset-i-linkoping\\\/#primaryimage\"},\"image\":{\"@id\":\"https:\\\/\\\/wp.kristdemokraterna.se\\\/ydre\\\/i-var-kommun\\\/handelser-ar-2023\\\/nytt-2023-04-24-traff-med-statsradet-erik-slottner-i-regionhuset-i-linkoping\\\/#primaryimage\"},\"thumbnailUrl\":\"http:\\\/\\\/wp.kristdemokraterna.se\\\/ydre\\\/files\\\/2023\\\/05\\\/el-225x300.jpg\",\"datePublished\":\"2024-10-16T16:16:14+00:00\",\"dateModified\":\"2024-10-16T16:48:31+00:00\",\"breadcrumb\":{\"@id\":\"https:\\\/\\\/wp.kristdemokraterna.se\\\/ydre\\\/i-var-kommun\\\/handelser-ar-2023\\\/nytt-2023-04-24-traff-med-statsradet-erik-slottner-i-regionhuset-i-linkoping\\\/#breadcrumb\"},\"inLanguage\":\"sv-SE\",\"potentialAction\":[{\"@type\":\"ReadAction\",\"target\":[\"https:\\\/\\\/wp.kristdemokraterna.se\\\/ydre\\\/i-var-kommun\\\/handelser-ar-2023\\\/nytt-2023-04-24-traff-med-statsradet-erik-slottner-i-regionhuset-i-linkoping\\\/\"]}]},{\"@type\":\"ImageObject\",\"inLanguage\":\"sv-SE\",\"@id\":\"https:\\\/\\\/wp.kristdemokraterna.se\\\/ydre\\\/i-var-kommun\\\/handelser-ar-2023\\\/nytt-2023-04-24-traff-med-statsradet-erik-slottner-i-regionhuset-i-linkoping\\\/#primaryimage\",\"url\":\"https:\\\/\\\/wp.kristdemokraterna.se\\\/ydre\\\/files\\\/2023\\\/05\\\/el.jpg\",\"contentUrl\":\"https:\\\/\\\/wp.kristdemokraterna.se\\\/ydre\\\/files\\\/2023\\\/05\\\/el.jpg\",\"width\":1512,\"height\":2016},{\"@type\":\"BreadcrumbList\",\"@id\":\"https:\\\/\\\/wp.kristdemokraterna.se\\\/ydre\\\/i-var-kommun\\\/handelser-ar-2023\\\/nytt-2023-04-24-traff-med-statsradet-erik-slottner-i-regionhuset-i-linkoping\\\/#breadcrumb\",\"itemListElement\":[{\"@type\":\"ListItem\",\"position\":1,\"name\":\"Hem\",\"item\":\"https:\\\/\\\/wp.kristdemokraterna.se\\\/ydre\\\/\"},{\"@type\":\"ListItem\",\"position\":2,\"name\":\"Vad vill vi i v\u00e5r kommun\",\"item\":\"https:\\\/\\\/wp.kristdemokraterna.se\\\/ydre\\\/i-var-kommun\\\/\"},{\"@type\":\"ListItem\",\"position\":3,\"name\":\"H\u00e4r \u00e4r 2023 \u00e5rs h\u00e4ndelser\",\"item\":\"https:\\\/\\\/wp.kristdemokraterna.se\\\/ydre\\\/i-var-kommun\\\/handelser-ar-2023\\\/\"},{\"@type\":\"ListItem\",\"position\":4,\"name\":\"2023-04-24 Tr\u00e4ff med statsr\u00e5det Erik Slottner i Regionhuset i Link\u00f6ping!\"}]},{\"@type\":\"WebSite\",\"@id\":\"https:\\\/\\\/wp.kristdemokraterna.se\\\/ydre\\\/#website\",\"url\":\"https:\\\/\\\/wp.kristdemokraterna.se\\\/ydre\\\/\",\"name\":\"Kristdemokraterna i Ydre\",\"description\":\"En till Kristdemokraterna webbplats\",\"inLanguage\":\"sv-SE\"}]}<\/script>\n<!-- \/ Yoast SEO plugin. -->","yoast_head_json":{"title":"2023-04-24 Tr\u00e4ff med statsr\u00e5det Erik Slottner i Regionhuset i Link\u00f6ping! - Kristdemokraterna i Ydre","robots":{"index":"index","follow":"follow","max-snippet":"max-snippet:-1","max-image-preview":"max-image-preview:large","max-video-preview":"max-video-preview:-1"},"canonical":"https:\/\/wp.kristdemokraterna.se\/ydre\/i-var-kommun\/handelser-ar-2023\/nytt-2023-04-24-traff-med-statsradet-erik-slottner-i-regionhuset-i-linkoping\/","og_locale":"sv_SE","og_type":"article","og_title":"2023-04-24 Tr\u00e4ff med statsr\u00e5det Erik Slottner i Regionhuset i Link\u00f6ping! - Kristdemokraterna i Ydre","og_description":"Erik Slottner, civilminister i Sveriges regering, bes\u00f6kte Regionhuset i Link\u00f6ping 2023-04-24 klockan 18:00. Han pratade om regeringens arbete och vi i KD \u00d6sterg\u00f6tland fick m\u00f6jlighet att samtala med honom om sm\u00e5kommunernas betydelse f\u00f6r Sverige d\u00e5 han lade fram ett f\u00f6rslag om att l\u00e4gga ihop kommuner i Sverige. Vi i KD i Ydre po\u00e4ngterade hur viktigt L\u00e4s mer","og_url":"https:\/\/wp.kristdemokraterna.se\/ydre\/i-var-kommun\/handelser-ar-2023\/nytt-2023-04-24-traff-med-statsradet-erik-slottner-i-regionhuset-i-linkoping\/","og_site_name":"Kristdemokraterna i Ydre","article_modified_time":"2024-10-16T16:48:31+00:00","og_image":[{"url":"http:\/\/wp.kristdemokraterna.se\/ydre\/files\/2023\/05\/el-225x300.jpg","type":"","width":"","height":""}],"twitter_card":"summary_large_image","twitter_misc":{"Ber\u00e4knad l\u00e4stid":"1 minut"},"schema":{"@context":"https:\/\/schema.org","@graph":[{"@type":"WebPage","@id":"https:\/\/wp.kristdemokraterna.se\/ydre\/i-var-kommun\/handelser-ar-2023\/nytt-2023-04-24-traff-med-statsradet-erik-slottner-i-regionhuset-i-linkoping\/","url":"https:\/\/wp.kristdemokraterna.se\/ydre\/i-var-kommun\/handelser-ar-2023\/nytt-2023-04-24-traff-med-statsradet-erik-slottner-i-regionhuset-i-linkoping\/","name":"2023-04-24 Tr\u00e4ff med statsr\u00e5det Erik Slottner i Regionhuset i Link\u00f6ping! - Kristdemokraterna i Ydre","isPartOf":{"@id":"https:\/\/wp.kristdemokraterna.se\/ydre\/#website"},"primaryImageOfPage":{"@id":"https:\/\/wp.kristdemokraterna.se\/ydre\/i-var-kommun\/handelser-ar-2023\/nytt-2023-04-24-traff-med-statsradet-erik-slottner-i-regionhuset-i-linkoping\/#primaryimage"},"image":{"@id":"https:\/\/wp.kristdemokraterna.se\/ydre\/i-var-kommun\/handelser-ar-2023\/nytt-2023-04-24-traff-med-statsradet-erik-slottner-i-regionhuset-i-linkoping\/#primaryimage"},"thumbnailUrl":"http:\/\/wp.kristdemokraterna.se\/ydre\/files\/2023\/05\/el-225x300.jpg","datePublished":"2024-10-16T16:16:14+00:00","dateModified":"2024-10-16T16:48:31+00:00","breadcrumb":{"@id":"https:\/\/wp.kristdemokraterna.se\/ydre\/i-var-kommun\/handelser-ar-2023\/nytt-2023-04-24-traff-med-statsradet-erik-slottner-i-regionhuset-i-linkoping\/#breadcrumb"},"inLanguage":"sv-SE","potentialAction":[{"@type":"ReadAction","target":["https:\/\/wp.kristdemokraterna.se\/ydre\/i-var-kommun\/handelser-ar-2023\/nytt-2023-04-24-traff-med-statsradet-erik-slottner-i-regionhuset-i-linkoping\/"]}]},{"@type":"ImageObject","inLanguage":"sv-SE","@id":"https:\/\/wp.kristdemokraterna.se\/ydre\/i-var-kommun\/handelser-ar-2023\/nytt-2023-04-24-traff-med-statsradet-erik-slottner-i-regionhuset-i-linkoping\/#primaryimage","url":"https:\/\/wp.kristdemokraterna.se\/ydre\/files\/2023\/05\/el.jpg","contentUrl":"https:\/\/wp.kristdemokraterna.se\/ydre\/files\/2023\/05\/el.jpg","width":1512,"height":2016},{"@type":"BreadcrumbList","@id":"https:\/\/wp.kristdemokraterna.se\/ydre\/i-var-kommun\/handelser-ar-2023\/nytt-2023-04-24-traff-med-statsradet-erik-slottner-i-regionhuset-i-linkoping\/#breadcrumb","itemListElement":[{"@type":"ListItem","position":1,"name":"Hem","item":"https:\/\/wp.kristdemokraterna.se\/ydre\/"},{"@type":"ListItem","position":2,"name":"Vad vill vi i v\u00e5r kommun","item":"https:\/\/wp.kristdemokraterna.se\/ydre\/i-var-kommun\/"},{"@type":"ListItem","position":3,"name":"H\u00e4r \u00e4r 2023 \u00e5rs h\u00e4ndelser","item":"https:\/\/wp.kristdemokraterna.se\/ydre\/i-var-kommun\/handelser-ar-2023\/"},{"@type":"ListItem","position":4,"name":"2023-04-24 Tr\u00e4ff med statsr\u00e5det Erik Slottner i Regionhuset i Link\u00f6ping!"}]},{"@type":"WebSite","@id":"https:\/\/wp.kristdemokraterna.se\/ydre\/#website","url":"https:\/\/wp.kristdemokraterna.se\/ydre\/","name":"Kristdemokraterna i Ydre","description":"En till Kristdemokraterna webbplats","inLanguage":"sv-SE"}]}},"_links":{"self":[{"href":"https:\/\/wp.kristdemokraterna.se\/ydre\/wp-json\/wp\/v2\/pages\/1873","targetHints":{"allow":["GET"]}}],"collection":[{"href":"https:\/\/wp.kristdemokraterna.se\/ydre\/wp-json\/wp\/v2\/pages"}],"about":[{"href":"https:\/\/wp.kristdemokraterna.se\/ydre\/wp-json\/wp\/v2\/types\/page"}],"author":[{"embeddable":true,"href":"https:\/\/wp.kristdemokraterna.se\/ydre\/wp-json\/wp\/v2\/users\/793"}],"replies":[{"embeddable":true,"href":"https:\/\/wp.kristdemokraterna.se\/ydre\/wp-json\/wp\/v2\/comments?post=1873"}],"version-history":[{"count":2,"href":"https:\/\/wp.kristdemokraterna.se\/ydre\/wp-json\/wp\/v2\/pages\/1873\/revisions"}],"predecessor-version":[{"id":1884,"href":"https:\/\/wp.kristdemokraterna.se\/ydre\/wp-json\/wp\/v2\/pages\/1873\/revisions\/1884"}],"up":[{"embeddable":true,"href":"https:\/\/wp.kristdemokraterna.se\/ydre\/wp-json\/wp\/v2\/pages\/1677"}],"wp:attachment":[{"href":"https:\/\/wp.kristdemokraterna.se\/ydre\/wp-json\/wp\/v2\/media?parent=1873"}],"curies":[{"name":"wp","href":"https:\/\/api.w.org\/{rel}","templated":true}]}}