{"id":1877,"date":"2024-10-16T18:28:32","date_gmt":"2024-10-16T16:28:32","guid":{"rendered":"https:\/\/wp.kristdemokraterna.se\/ydre\/?page_id=1877"},"modified":"2024-10-16T18:50:08","modified_gmt":"2024-10-16T16:50:08","slug":"nytt-2023-06-16-vildbisafari-i-osterbymo","status":"publish","type":"page","link":"https:\/\/wp.kristdemokraterna.se\/ydre\/i-var-kommun\/handelser-ar-2023\/nytt-2023-06-16-vildbisafari-i-osterbymo\/","title":{"rendered":"2023-06-16 Vildbisafari i \u00d6sterbymo!"},"content":{"rendered":"<p><a href=\"http:\/\/wp.kristdemokraterna.se\/ydre\/files\/2023\/07\/bild-1.jpg\"><img loading=\"lazy\" decoding=\"async\" class=\"alignnone size-medium wp-image-1754\" src=\"http:\/\/wp.kristdemokraterna.se\/ydre\/files\/2023\/07\/bild-1-225x300.jpg\" alt=\"\" width=\"225\" height=\"300\" srcset=\"https:\/\/wp.kristdemokraterna.se\/ydre\/files\/2023\/07\/bild-1-225x300.jpg 225w, https:\/\/wp.kristdemokraterna.se\/ydre\/files\/2023\/07\/bild-1-150x200.jpg 150w, https:\/\/wp.kristdemokraterna.se\/ydre\/files\/2023\/07\/bild-1-370x493.jpg 370w, https:\/\/wp.kristdemokraterna.se\/ydre\/files\/2023\/07\/bild-1-450x600.jpg 450w, https:\/\/wp.kristdemokraterna.se\/ydre\/files\/2023\/07\/bild-1-280x373.jpg 280w, https:\/\/wp.kristdemokraterna.se\/ydre\/files\/2023\/07\/bild-1-340x453.jpg 340w, https:\/\/wp.kristdemokraterna.se\/ydre\/files\/2023\/07\/bild-1-42x56.jpg 42w, https:\/\/wp.kristdemokraterna.se\/ydre\/files\/2023\/07\/bild-1.jpg 756w\" sizes=\"auto, (max-width: 225px) 100vw, 225px\" \/><\/a> <a href=\"http:\/\/wp.kristdemokraterna.se\/ydre\/files\/2023\/07\/bild-2.jpg\"><img loading=\"lazy\" decoding=\"async\" class=\"alignnone size-medium wp-image-1753\" src=\"http:\/\/wp.kristdemokraterna.se\/ydre\/files\/2023\/07\/bild-2-225x300.jpg\" alt=\"\" width=\"225\" height=\"300\" srcset=\"https:\/\/wp.kristdemokraterna.se\/ydre\/files\/2023\/07\/bild-2-225x300.jpg 225w, https:\/\/wp.kristdemokraterna.se\/ydre\/files\/2023\/07\/bild-2-150x200.jpg 150w, https:\/\/wp.kristdemokraterna.se\/ydre\/files\/2023\/07\/bild-2-370x493.jpg 370w, https:\/\/wp.kristdemokraterna.se\/ydre\/files\/2023\/07\/bild-2-450x600.jpg 450w, https:\/\/wp.kristdemokraterna.se\/ydre\/files\/2023\/07\/bild-2-280x373.jpg 280w, https:\/\/wp.kristdemokraterna.se\/ydre\/files\/2023\/07\/bild-2-340x453.jpg 340w, https:\/\/wp.kristdemokraterna.se\/ydre\/files\/2023\/07\/bild-2-42x56.jpg 42w, https:\/\/wp.kristdemokraterna.se\/ydre\/files\/2023\/07\/bild-2.jpg 756w\" sizes=\"auto, (max-width: 225px) 100vw, 225px\" \/><\/a> <a href=\"http:\/\/wp.kristdemokraterna.se\/ydre\/files\/2023\/07\/bild-3.jpg\"><img loading=\"lazy\" decoding=\"async\" class=\"alignnone size-medium wp-image-1752\" src=\"http:\/\/wp.kristdemokraterna.se\/ydre\/files\/2023\/07\/bild-3-225x300.jpg\" alt=\"\" width=\"225\" height=\"300\" srcset=\"https:\/\/wp.kristdemokraterna.se\/ydre\/files\/2023\/07\/bild-3-225x300.jpg 225w, https:\/\/wp.kristdemokraterna.se\/ydre\/files\/2023\/07\/bild-3-150x200.jpg 150w, https:\/\/wp.kristdemokraterna.se\/ydre\/files\/2023\/07\/bild-3-370x493.jpg 370w, https:\/\/wp.kristdemokraterna.se\/ydre\/files\/2023\/07\/bild-3-450x600.jpg 450w, https:\/\/wp.kristdemokraterna.se\/ydre\/files\/2023\/07\/bild-3-280x373.jpg 280w, https:\/\/wp.kristdemokraterna.se\/ydre\/files\/2023\/07\/bild-3-340x453.jpg 340w, https:\/\/wp.kristdemokraterna.se\/ydre\/files\/2023\/07\/bild-3-42x56.jpg 42w, https:\/\/wp.kristdemokraterna.se\/ydre\/files\/2023\/07\/bild-3.jpg 756w\" sizes=\"auto, (max-width: 225px) 100vw, 225px\" \/><\/a><\/p>\n<p><a href=\"http:\/\/wp.kristdemokraterna.se\/ydre\/files\/2023\/07\/bild-4.jpg\"><img loading=\"lazy\" decoding=\"async\" class=\"alignnone size-medium wp-image-1751\" src=\"http:\/\/wp.kristdemokraterna.se\/ydre\/files\/2023\/07\/bild-4-225x300.jpg\" alt=\"\" width=\"225\" height=\"300\" srcset=\"https:\/\/wp.kristdemokraterna.se\/ydre\/files\/2023\/07\/bild-4-225x300.jpg 225w, https:\/\/wp.kristdemokraterna.se\/ydre\/files\/2023\/07\/bild-4-150x200.jpg 150w, https:\/\/wp.kristdemokraterna.se\/ydre\/files\/2023\/07\/bild-4-370x493.jpg 370w, https:\/\/wp.kristdemokraterna.se\/ydre\/files\/2023\/07\/bild-4-450x600.jpg 450w, https:\/\/wp.kristdemokraterna.se\/ydre\/files\/2023\/07\/bild-4-280x373.jpg 280w, https:\/\/wp.kristdemokraterna.se\/ydre\/files\/2023\/07\/bild-4-340x453.jpg 340w, https:\/\/wp.kristdemokraterna.se\/ydre\/files\/2023\/07\/bild-4-42x56.jpg 42w, https:\/\/wp.kristdemokraterna.se\/ydre\/files\/2023\/07\/bild-4.jpg 756w\" sizes=\"auto, (max-width: 225px) 100vw, 225px\" \/><\/a> <a href=\"http:\/\/wp.kristdemokraterna.se\/ydre\/files\/2023\/07\/bild-5.jpg\"><img loading=\"lazy\" decoding=\"async\" class=\"alignnone size-medium wp-image-1750\" src=\"http:\/\/wp.kristdemokraterna.se\/ydre\/files\/2023\/07\/bild-5-225x300.jpg\" alt=\"\" width=\"225\" height=\"300\" srcset=\"https:\/\/wp.kristdemokraterna.se\/ydre\/files\/2023\/07\/bild-5-225x300.jpg 225w, https:\/\/wp.kristdemokraterna.se\/ydre\/files\/2023\/07\/bild-5-150x200.jpg 150w, https:\/\/wp.kristdemokraterna.se\/ydre\/files\/2023\/07\/bild-5-370x493.jpg 370w, https:\/\/wp.kristdemokraterna.se\/ydre\/files\/2023\/07\/bild-5-450x600.jpg 450w, https:\/\/wp.kristdemokraterna.se\/ydre\/files\/2023\/07\/bild-5-280x373.jpg 280w, https:\/\/wp.kristdemokraterna.se\/ydre\/files\/2023\/07\/bild-5-340x453.jpg 340w, https:\/\/wp.kristdemokraterna.se\/ydre\/files\/2023\/07\/bild-5-42x56.jpg 42w, https:\/\/wp.kristdemokraterna.se\/ydre\/files\/2023\/07\/bild-5.jpg 756w\" sizes=\"auto, (max-width: 225px) 100vw, 225px\" \/><\/a><a href=\"http:\/\/wp.kristdemokraterna.se\/ydre\/files\/2023\/07\/vildbi.jpg\"><img loading=\"lazy\" decoding=\"async\" class=\"alignnone size-full wp-image-1758\" src=\"http:\/\/wp.kristdemokraterna.se\/ydre\/files\/2023\/07\/vildbi.jpg\" alt=\"\" width=\"300\" height=\"253\" srcset=\"https:\/\/wp.kristdemokraterna.se\/ydre\/files\/2023\/07\/vildbi.jpg 300w, https:\/\/wp.kristdemokraterna.se\/ydre\/files\/2023\/07\/vildbi-237x200.jpg 237w, https:\/\/wp.kristdemokraterna.se\/ydre\/files\/2023\/07\/vildbi-280x236.jpg 280w, https:\/\/wp.kristdemokraterna.se\/ydre\/files\/2023\/07\/vildbi-200x169.jpg 200w, https:\/\/wp.kristdemokraterna.se\/ydre\/files\/2023\/07\/vildbi-66x56.jpg 66w\" sizes=\"auto, (max-width: 300px) 100vw, 300px\" \/><\/a><\/p>\n<p><a href=\"http:\/\/wp.kristdemokraterna.se\/ydre\/files\/2023\/07\/bild_3.jpg\"><img loading=\"lazy\" decoding=\"async\" class=\"alignnone size-medium wp-image-1757\" src=\"http:\/\/wp.kristdemokraterna.se\/ydre\/files\/2023\/07\/bild_3-225x300.jpg\" alt=\"\" width=\"225\" height=\"300\" srcset=\"https:\/\/wp.kristdemokraterna.se\/ydre\/files\/2023\/07\/bild_3-225x300.jpg 225w, https:\/\/wp.kristdemokraterna.se\/ydre\/files\/2023\/07\/bild_3-768x1024.jpg 768w, https:\/\/wp.kristdemokraterna.se\/ydre\/files\/2023\/07\/bild_3-1152x1536.jpg 1152w, https:\/\/wp.kristdemokraterna.se\/ydre\/files\/2023\/07\/bild_3-150x200.jpg 150w, https:\/\/wp.kristdemokraterna.se\/ydre\/files\/2023\/07\/bild_3-370x493.jpg 370w, https:\/\/wp.kristdemokraterna.se\/ydre\/files\/2023\/07\/bild_3-770x1027.jpg 770w, https:\/\/wp.kristdemokraterna.se\/ydre\/files\/2023\/07\/bild_3-450x600.jpg 450w, https:\/\/wp.kristdemokraterna.se\/ydre\/files\/2023\/07\/bild_3-280x373.jpg 280w, https:\/\/wp.kristdemokraterna.se\/ydre\/files\/2023\/07\/bild_3-340x453.jpg 340w, https:\/\/wp.kristdemokraterna.se\/ydre\/files\/2023\/07\/bild_3-42x56.jpg 42w, https:\/\/wp.kristdemokraterna.se\/ydre\/files\/2023\/07\/bild_3.jpg 1512w\" sizes=\"auto, (max-width: 225px) 100vw, 225px\" \/><\/a> <a href=\"http:\/\/wp.kristdemokraterna.se\/ydre\/files\/2023\/07\/bild_2.jpg\"><img loading=\"lazy\" decoding=\"async\" class=\"alignnone size-medium wp-image-1756\" src=\"http:\/\/wp.kristdemokraterna.se\/ydre\/files\/2023\/07\/bild_2-300x225.jpg\" alt=\"\" width=\"300\" height=\"225\" srcset=\"https:\/\/wp.kristdemokraterna.se\/ydre\/files\/2023\/07\/bild_2-300x225.jpg 300w, https:\/\/wp.kristdemokraterna.se\/ydre\/files\/2023\/07\/bild_2-1024x768.jpg 1024w, https:\/\/wp.kristdemokraterna.se\/ydre\/files\/2023\/07\/bild_2-768x576.jpg 768w, https:\/\/wp.kristdemokraterna.se\/ydre\/files\/2023\/07\/bild_2-1536x1152.jpg 1536w, https:\/\/wp.kristdemokraterna.se\/ydre\/files\/2023\/07\/bild_2-267x200.jpg 267w, https:\/\/wp.kristdemokraterna.se\/ydre\/files\/2023\/07\/bild_2-370x278.jpg 370w, https:\/\/wp.kristdemokraterna.se\/ydre\/files\/2023\/07\/bild_2-770x578.jpg 770w, https:\/\/wp.kristdemokraterna.se\/ydre\/files\/2023\/07\/bild_2-450x338.jpg 450w, https:\/\/wp.kristdemokraterna.se\/ydre\/files\/2023\/07\/bild_2-280x210.jpg 280w, https:\/\/wp.kristdemokraterna.se\/ydre\/files\/2023\/07\/bild_2-340x255.jpg 340w, https:\/\/wp.kristdemokraterna.se\/ydre\/files\/2023\/07\/bild_2-200x150.jpg 200w, https:\/\/wp.kristdemokraterna.se\/ydre\/files\/2023\/07\/bild_2-75x56.jpg 75w, https:\/\/wp.kristdemokraterna.se\/ydre\/files\/2023\/07\/bild_2.jpg 2016w\" sizes=\"auto, (max-width: 300px) 100vw, 300px\" \/><\/a><\/p>\n<p>Bilder p\u00e5 \u00f6versta raden:<br \/>\nFoto 1 \u00c5ke Bruhn, kommunekolog f\u00f6r Ydre kommun<br \/>\nFoto 2 Tommy Karlsson, handl\u00e4ggare av arter och landskap<br \/>\nf\u00f6r l\u00e4nsstyrelsen i \u00d6sterg\u00f6tland<br \/>\nFoto 3 Tommy Karlsson redog\u00f6r f\u00f6r safarigruppen hur vildbina<br \/>\nhar det i \u00d6sterbymo<\/p>\n<p>Bilder fr\u00e5n andra raden:<br \/>\nFoto 1-3 Vildbin och steklar inf\u00e5ngade vid Bulsj\u00f6\u00e5n i \u00d6sterbymo<\/p>\n<p>Bilder fr\u00e5n tredje raden:<br \/>\nFoto 1-2 Boplatser i iordninggjorda f\u00f6r vilda bin och insekter<br \/>\nvid Bulsj\u00f6\u00e5n i \u00d6sterbymo<br \/>\n<a href=\"http:\/\/wp.kristdemokraterna.se\/ydre\/files\/2023\/07\/vit-bild.jpg\" data-wpel-link=\"internal\"><img loading=\"lazy\" decoding=\"async\" class=\"alignnone size-medium wp-image-1739\" src=\"http:\/\/wp.kristdemokraterna.se\/ydre\/files\/2023\/07\/vit-bild-300x125.jpg\" alt=\"\" width=\"300\" height=\"125\" srcset=\"https:\/\/wp.kristdemokraterna.se\/ydre\/files\/2023\/07\/vit-bild-300x125.jpg 300w, https:\/\/wp.kristdemokraterna.se\/ydre\/files\/2023\/07\/vit-bild-280x116.jpg 280w, https:\/\/wp.kristdemokraterna.se\/ydre\/files\/2023\/07\/vit-bild-200x83.jpg 200w, https:\/\/wp.kristdemokraterna.se\/ydre\/files\/2023\/07\/vit-bild-135x56.jpg 135w, https:\/\/wp.kristdemokraterna.se\/ydre\/files\/2023\/07\/vit-bild.jpg 320w\" sizes=\"auto, (max-width: 300px) 100vw, 300px\" \/><\/a><br \/>\nFredagen den 16 juni 2023 klockan 11:00 fick KD i Ydre<br \/>\ninbjudan fr\u00e5n Ydre kommun om ett vildbisafari i \u00d6sterbymo.<br \/>\nVi var fyra stycken fr\u00e5n KD i Ydre som kunde vara med.<\/p>\n<p>Safarin b\u00f6rjade med att vi tr\u00e4ffades vid rastplatsen vid<br \/>\nFrendo i \u00d6sterbymo.<br \/>\nSedan sam\u00e5kte vi i bilar ned till Bulsj\u00f6\u00e5n d\u00e4r vi bj\u00f6ds<br \/>\np\u00e5 fika, bullar, saft och kaffe och \u00e4pplen.<\/p>\n<p>Efter det h\u00e4lsade Karin Dahlin fr\u00e5n Ydre kommun oss alla v\u00e4lkomna<br \/>\ninnan \u00c5ke Bruhn och Tommy Karlsson tog vid.<br \/>\n\u00c5ke Bruhn ber\u00e4ttade om det iordninggjorda omr\u00e5det<br \/>\nsom Ydre kommun gjort iordning f\u00f6r de vilda bina vid Bulsj\u00f6\u00e5n.<br \/>\nTommy Karlsson ber\u00e4ttade om vilka sorters insekter<br \/>\nsom finns d\u00e4r och hur de lever.<\/p>\n<p>Vi fick \u00e4ven m\u00f6jlighet att st\u00e4lla fr\u00e5gor till Tommy om insekterna.<\/p>\n<p>Sedan hade vi m\u00f6jlighet att k\u00f6pa b\u00f6cker och f\u00e5 broschyrer om Ydres natur<br \/>\noch vilda bin i \u00d6sterg\u00f6tland ifr\u00e5n l\u00e4nsstyrelsen \u00d6sterg\u00f6tland.<\/p>\n<p>Sedan tog vi bilarna tillbaka till rastplatsen innan vi skildes \u00e5t.<\/p>\n","protected":false},"excerpt":{"rendered":"<p>Bilder p\u00e5 \u00f6versta raden: Foto 1 \u00c5ke Bruhn, kommunekolog f\u00f6r Ydre kommun Foto 2 Tommy Karlsson, handl\u00e4ggare av arter och landskap f\u00f6r l\u00e4nsstyrelsen i \u00d6sterg\u00f6tland Foto 3 Tommy Karlsson redog\u00f6r f\u00f6r safarigruppen hur vildbina har det i \u00d6sterbymo Bilder fr\u00e5n andra raden: Foto 1-3 Vildbin och steklar inf\u00e5ngade vid Bulsj\u00f6\u00e5n i \u00d6sterbymo Bilder fr\u00e5n tredje <a class=\"read-more-link\" href=\"https:\/\/wp.kristdemokraterna.se\/ydre\/i-var-kommun\/handelser-ar-2023\/nytt-2023-06-16-vildbisafari-i-osterbymo\/\">L\u00e4s mer<\/a><\/p>\n","protected":false},"author":793,"featured_media":0,"parent":1677,"menu_order":0,"comment_status":"closed","ping_status":"closed","template":"","meta":{"_acf_changed":false,"footnotes":""},"class_list":["post-1877","page","type-page","status-publish","hentry"],"acf":[],"yoast_head":"<!-- This site is optimized with the Yoast SEO plugin v27.3 - https:\/\/yoast.com\/product\/yoast-seo-wordpress\/ -->\n<title>2023-06-16 Vildbisafari i \u00d6sterbymo! - Kristdemokraterna i Ydre<\/title>\n<meta name=\"robots\" content=\"index, follow, max-snippet:-1, max-image-preview:large, max-video-preview:-1\" \/>\n<link rel=\"canonical\" href=\"https:\/\/wp.kristdemokraterna.se\/ydre\/i-var-kommun\/handelser-ar-2023\/nytt-2023-06-16-vildbisafari-i-osterbymo\/\" \/>\n<meta property=\"og:locale\" content=\"sv_SE\" \/>\n<meta property=\"og:type\" content=\"article\" \/>\n<meta property=\"og:title\" content=\"2023-06-16 Vildbisafari i \u00d6sterbymo! - Kristdemokraterna i Ydre\" \/>\n<meta property=\"og:description\" content=\"Bilder p\u00e5 \u00f6versta raden: Foto 1 \u00c5ke Bruhn, kommunekolog f\u00f6r Ydre kommun Foto 2 Tommy Karlsson, handl\u00e4ggare av arter och landskap f\u00f6r l\u00e4nsstyrelsen i \u00d6sterg\u00f6tland Foto 3 Tommy Karlsson redog\u00f6r f\u00f6r safarigruppen hur vildbina har det i \u00d6sterbymo Bilder fr\u00e5n andra raden: Foto 1-3 Vildbin och steklar inf\u00e5ngade vid Bulsj\u00f6\u00e5n i \u00d6sterbymo Bilder fr\u00e5n tredje L\u00e4s mer\" \/>\n<meta property=\"og:url\" content=\"https:\/\/wp.kristdemokraterna.se\/ydre\/i-var-kommun\/handelser-ar-2023\/nytt-2023-06-16-vildbisafari-i-osterbymo\/\" \/>\n<meta property=\"og:site_name\" content=\"Kristdemokraterna i Ydre\" \/>\n<meta property=\"article:modified_time\" content=\"2024-10-16T16:50:08+00:00\" \/>\n<meta property=\"og:image\" content=\"http:\/\/wp.kristdemokraterna.se\/ydre\/files\/2023\/07\/bild-1-225x300.jpg\" \/>\n<meta name=\"twitter:card\" content=\"summary_large_image\" \/>\n<meta name=\"twitter:label1\" content=\"Ber\u00e4knad l\u00e4stid\" \/>\n\t<meta name=\"twitter:data1\" content=\"3 minuter\" \/>\n<script type=\"application\/ld+json\" class=\"yoast-schema-graph\">{\"@context\":\"https:\\\/\\\/schema.org\",\"@graph\":[{\"@type\":\"WebPage\",\"@id\":\"https:\\\/\\\/wp.kristdemokraterna.se\\\/ydre\\\/i-var-kommun\\\/handelser-ar-2023\\\/nytt-2023-06-16-vildbisafari-i-osterbymo\\\/\",\"url\":\"https:\\\/\\\/wp.kristdemokraterna.se\\\/ydre\\\/i-var-kommun\\\/handelser-ar-2023\\\/nytt-2023-06-16-vildbisafari-i-osterbymo\\\/\",\"name\":\"2023-06-16 Vildbisafari i \u00d6sterbymo! - Kristdemokraterna i Ydre\",\"isPartOf\":{\"@id\":\"https:\\\/\\\/wp.kristdemokraterna.se\\\/ydre\\\/#website\"},\"primaryImageOfPage\":{\"@id\":\"https:\\\/\\\/wp.kristdemokraterna.se\\\/ydre\\\/i-var-kommun\\\/handelser-ar-2023\\\/nytt-2023-06-16-vildbisafari-i-osterbymo\\\/#primaryimage\"},\"image\":{\"@id\":\"https:\\\/\\\/wp.kristdemokraterna.se\\\/ydre\\\/i-var-kommun\\\/handelser-ar-2023\\\/nytt-2023-06-16-vildbisafari-i-osterbymo\\\/#primaryimage\"},\"thumbnailUrl\":\"http:\\\/\\\/wp.kristdemokraterna.se\\\/ydre\\\/files\\\/2023\\\/07\\\/bild-1-225x300.jpg\",\"datePublished\":\"2024-10-16T16:28:32+00:00\",\"dateModified\":\"2024-10-16T16:50:08+00:00\",\"breadcrumb\":{\"@id\":\"https:\\\/\\\/wp.kristdemokraterna.se\\\/ydre\\\/i-var-kommun\\\/handelser-ar-2023\\\/nytt-2023-06-16-vildbisafari-i-osterbymo\\\/#breadcrumb\"},\"inLanguage\":\"sv-SE\",\"potentialAction\":[{\"@type\":\"ReadAction\",\"target\":[\"https:\\\/\\\/wp.kristdemokraterna.se\\\/ydre\\\/i-var-kommun\\\/handelser-ar-2023\\\/nytt-2023-06-16-vildbisafari-i-osterbymo\\\/\"]}]},{\"@type\":\"ImageObject\",\"inLanguage\":\"sv-SE\",\"@id\":\"https:\\\/\\\/wp.kristdemokraterna.se\\\/ydre\\\/i-var-kommun\\\/handelser-ar-2023\\\/nytt-2023-06-16-vildbisafari-i-osterbymo\\\/#primaryimage\",\"url\":\"http:\\\/\\\/wp.kristdemokraterna.se\\\/ydre\\\/files\\\/2023\\\/07\\\/bild-1-225x300.jpg\",\"contentUrl\":\"http:\\\/\\\/wp.kristdemokraterna.se\\\/ydre\\\/files\\\/2023\\\/07\\\/bild-1-225x300.jpg\"},{\"@type\":\"BreadcrumbList\",\"@id\":\"https:\\\/\\\/wp.kristdemokraterna.se\\\/ydre\\\/i-var-kommun\\\/handelser-ar-2023\\\/nytt-2023-06-16-vildbisafari-i-osterbymo\\\/#breadcrumb\",\"itemListElement\":[{\"@type\":\"ListItem\",\"position\":1,\"name\":\"Hem\",\"item\":\"https:\\\/\\\/wp.kristdemokraterna.se\\\/ydre\\\/\"},{\"@type\":\"ListItem\",\"position\":2,\"name\":\"Vad vill vi i v\u00e5r kommun\",\"item\":\"https:\\\/\\\/wp.kristdemokraterna.se\\\/ydre\\\/i-var-kommun\\\/\"},{\"@type\":\"ListItem\",\"position\":3,\"name\":\"H\u00e4r \u00e4r 2023 \u00e5rs h\u00e4ndelser\",\"item\":\"https:\\\/\\\/wp.kristdemokraterna.se\\\/ydre\\\/i-var-kommun\\\/handelser-ar-2023\\\/\"},{\"@type\":\"ListItem\",\"position\":4,\"name\":\"2023-06-16 Vildbisafari i \u00d6sterbymo!\"}]},{\"@type\":\"WebSite\",\"@id\":\"https:\\\/\\\/wp.kristdemokraterna.se\\\/ydre\\\/#website\",\"url\":\"https:\\\/\\\/wp.kristdemokraterna.se\\\/ydre\\\/\",\"name\":\"Kristdemokraterna i Ydre\",\"description\":\"En till Kristdemokraterna webbplats\",\"inLanguage\":\"sv-SE\"}]}<\/script>\n<!-- \/ Yoast SEO plugin. -->","yoast_head_json":{"title":"2023-06-16 Vildbisafari i \u00d6sterbymo! - Kristdemokraterna i Ydre","robots":{"index":"index","follow":"follow","max-snippet":"max-snippet:-1","max-image-preview":"max-image-preview:large","max-video-preview":"max-video-preview:-1"},"canonical":"https:\/\/wp.kristdemokraterna.se\/ydre\/i-var-kommun\/handelser-ar-2023\/nytt-2023-06-16-vildbisafari-i-osterbymo\/","og_locale":"sv_SE","og_type":"article","og_title":"2023-06-16 Vildbisafari i \u00d6sterbymo! - Kristdemokraterna i Ydre","og_description":"Bilder p\u00e5 \u00f6versta raden: Foto 1 \u00c5ke Bruhn, kommunekolog f\u00f6r Ydre kommun Foto 2 Tommy Karlsson, handl\u00e4ggare av arter och landskap f\u00f6r l\u00e4nsstyrelsen i \u00d6sterg\u00f6tland Foto 3 Tommy Karlsson redog\u00f6r f\u00f6r safarigruppen hur vildbina har det i \u00d6sterbymo Bilder fr\u00e5n andra raden: Foto 1-3 Vildbin och steklar inf\u00e5ngade vid Bulsj\u00f6\u00e5n i \u00d6sterbymo Bilder fr\u00e5n tredje L\u00e4s mer","og_url":"https:\/\/wp.kristdemokraterna.se\/ydre\/i-var-kommun\/handelser-ar-2023\/nytt-2023-06-16-vildbisafari-i-osterbymo\/","og_site_name":"Kristdemokraterna i Ydre","article_modified_time":"2024-10-16T16:50:08+00:00","og_image":[{"url":"http:\/\/wp.kristdemokraterna.se\/ydre\/files\/2023\/07\/bild-1-225x300.jpg","type":"","width":"","height":""}],"twitter_card":"summary_large_image","twitter_misc":{"Ber\u00e4knad l\u00e4stid":"3 minuter"},"schema":{"@context":"https:\/\/schema.org","@graph":[{"@type":"WebPage","@id":"https:\/\/wp.kristdemokraterna.se\/ydre\/i-var-kommun\/handelser-ar-2023\/nytt-2023-06-16-vildbisafari-i-osterbymo\/","url":"https:\/\/wp.kristdemokraterna.se\/ydre\/i-var-kommun\/handelser-ar-2023\/nytt-2023-06-16-vildbisafari-i-osterbymo\/","name":"2023-06-16 Vildbisafari i \u00d6sterbymo! - Kristdemokraterna i Ydre","isPartOf":{"@id":"https:\/\/wp.kristdemokraterna.se\/ydre\/#website"},"primaryImageOfPage":{"@id":"https:\/\/wp.kristdemokraterna.se\/ydre\/i-var-kommun\/handelser-ar-2023\/nytt-2023-06-16-vildbisafari-i-osterbymo\/#primaryimage"},"image":{"@id":"https:\/\/wp.kristdemokraterna.se\/ydre\/i-var-kommun\/handelser-ar-2023\/nytt-2023-06-16-vildbisafari-i-osterbymo\/#primaryimage"},"thumbnailUrl":"http:\/\/wp.kristdemokraterna.se\/ydre\/files\/2023\/07\/bild-1-225x300.jpg","datePublished":"2024-10-16T16:28:32+00:00","dateModified":"2024-10-16T16:50:08+00:00","breadcrumb":{"@id":"https:\/\/wp.kristdemokraterna.se\/ydre\/i-var-kommun\/handelser-ar-2023\/nytt-2023-06-16-vildbisafari-i-osterbymo\/#breadcrumb"},"inLanguage":"sv-SE","potentialAction":[{"@type":"ReadAction","target":["https:\/\/wp.kristdemokraterna.se\/ydre\/i-var-kommun\/handelser-ar-2023\/nytt-2023-06-16-vildbisafari-i-osterbymo\/"]}]},{"@type":"ImageObject","inLanguage":"sv-SE","@id":"https:\/\/wp.kristdemokraterna.se\/ydre\/i-var-kommun\/handelser-ar-2023\/nytt-2023-06-16-vildbisafari-i-osterbymo\/#primaryimage","url":"http:\/\/wp.kristdemokraterna.se\/ydre\/files\/2023\/07\/bild-1-225x300.jpg","contentUrl":"http:\/\/wp.kristdemokraterna.se\/ydre\/files\/2023\/07\/bild-1-225x300.jpg"},{"@type":"BreadcrumbList","@id":"https:\/\/wp.kristdemokraterna.se\/ydre\/i-var-kommun\/handelser-ar-2023\/nytt-2023-06-16-vildbisafari-i-osterbymo\/#breadcrumb","itemListElement":[{"@type":"ListItem","position":1,"name":"Hem","item":"https:\/\/wp.kristdemokraterna.se\/ydre\/"},{"@type":"ListItem","position":2,"name":"Vad vill vi i v\u00e5r kommun","item":"https:\/\/wp.kristdemokraterna.se\/ydre\/i-var-kommun\/"},{"@type":"ListItem","position":3,"name":"H\u00e4r \u00e4r 2023 \u00e5rs h\u00e4ndelser","item":"https:\/\/wp.kristdemokraterna.se\/ydre\/i-var-kommun\/handelser-ar-2023\/"},{"@type":"ListItem","position":4,"name":"2023-06-16 Vildbisafari i \u00d6sterbymo!"}]},{"@type":"WebSite","@id":"https:\/\/wp.kristdemokraterna.se\/ydre\/#website","url":"https:\/\/wp.kristdemokraterna.se\/ydre\/","name":"Kristdemokraterna i Ydre","description":"En till Kristdemokraterna webbplats","inLanguage":"sv-SE"}]}},"_links":{"self":[{"href":"https:\/\/wp.kristdemokraterna.se\/ydre\/wp-json\/wp\/v2\/pages\/1877","targetHints":{"allow":["GET"]}}],"collection":[{"href":"https:\/\/wp.kristdemokraterna.se\/ydre\/wp-json\/wp\/v2\/pages"}],"about":[{"href":"https:\/\/wp.kristdemokraterna.se\/ydre\/wp-json\/wp\/v2\/types\/page"}],"author":[{"embeddable":true,"href":"https:\/\/wp.kristdemokraterna.se\/ydre\/wp-json\/wp\/v2\/users\/793"}],"replies":[{"embeddable":true,"href":"https:\/\/wp.kristdemokraterna.se\/ydre\/wp-json\/wp\/v2\/comments?post=1877"}],"version-history":[{"count":2,"href":"https:\/\/wp.kristdemokraterna.se\/ydre\/wp-json\/wp\/v2\/pages\/1877\/revisions"}],"predecessor-version":[{"id":1886,"href":"https:\/\/wp.kristdemokraterna.se\/ydre\/wp-json\/wp\/v2\/pages\/1877\/revisions\/1886"}],"up":[{"embeddable":true,"href":"https:\/\/wp.kristdemokraterna.se\/ydre\/wp-json\/wp\/v2\/pages\/1677"}],"wp:attachment":[{"href":"https:\/\/wp.kristdemokraterna.se\/ydre\/wp-json\/wp\/v2\/media?parent=1877"}],"curies":[{"name":"wp","href":"https:\/\/api.w.org\/{rel}","templated":true}]}}