{"id":1881,"date":"2024-10-16T18:43:54","date_gmt":"2024-10-16T16:43:54","guid":{"rendered":"https:\/\/wp.kristdemokraterna.se\/ydre\/?page_id=1881"},"modified":"2024-10-16T18:51:15","modified_gmt":"2024-10-16T16:51:15","slug":"nytt-extra-partidistriktsarsmote-i-mjolby-23-11-23","status":"publish","type":"page","link":"https:\/\/wp.kristdemokraterna.se\/ydre\/i-var-kommun\/handelser-ar-2023\/nytt-extra-partidistriktsarsmote-i-mjolby-23-11-23\/","title":{"rendered":"Extra partidistrikts\u00e5rsm\u00f6te i Mj\u00f6lby 23.11.23!"},"content":{"rendered":"<p><a href=\"http:\/\/wp.kristdemokraterna.se\/ydre\/files\/2024\/04\/extra.jpg\"><img loading=\"lazy\" decoding=\"async\" class=\"alignnone size-medium wp-image-1793\" src=\"http:\/\/wp.kristdemokraterna.se\/ydre\/files\/2024\/04\/extra-300x288.jpg\" alt=\"\" width=\"300\" height=\"288\" srcset=\"https:\/\/wp.kristdemokraterna.se\/ydre\/files\/2024\/04\/extra-300x288.jpg 300w, https:\/\/wp.kristdemokraterna.se\/ydre\/files\/2024\/04\/extra-1024x984.jpg 1024w, https:\/\/wp.kristdemokraterna.se\/ydre\/files\/2024\/04\/extra-768x738.jpg 768w, https:\/\/wp.kristdemokraterna.se\/ydre\/files\/2024\/04\/extra-208x200.jpg 208w, https:\/\/wp.kristdemokraterna.se\/ydre\/files\/2024\/04\/extra-370x356.jpg 370w, https:\/\/wp.kristdemokraterna.se\/ydre\/files\/2024\/04\/extra-770x740.jpg 770w, https:\/\/wp.kristdemokraterna.se\/ydre\/files\/2024\/04\/extra-450x433.jpg 450w, https:\/\/wp.kristdemokraterna.se\/ydre\/files\/2024\/04\/extra-280x269.jpg 280w, https:\/\/wp.kristdemokraterna.se\/ydre\/files\/2024\/04\/extra-340x327.jpg 340w, https:\/\/wp.kristdemokraterna.se\/ydre\/files\/2024\/04\/extra-200x192.jpg 200w, https:\/\/wp.kristdemokraterna.se\/ydre\/files\/2024\/04\/extra-58x56.jpg 58w, https:\/\/wp.kristdemokraterna.se\/ydre\/files\/2024\/04\/extra.jpg 1165w\" sizes=\"auto, (max-width: 300px) 100vw, 300px\" \/><\/a><\/p>\n<p>Den 23 november 2023 fick jag Linda Masman, ordf\u00f6rande f\u00f6r KD i Ydre och<br \/>\nPeter Gustavsson, kass\u00f6r i KD i Ydre f\u00f6rm\u00e5nen att \u00e5ka till Mj\u00f6lby och representera<br \/>\nKD i Ydre p\u00e5 KD \u00d6sterg\u00f6tlands extra partidistrikts \u00e5rsm\u00f6te som var i kommunfull-<br \/>\nm\u00e4ktigesalen i stadshuset d\u00e4r. M\u00f6tet var kl.17:00-19:30.<\/p>\n<p>M\u00f6tet b\u00f6rjade med att Magnus Sj\u00f6berg ordf\u00f6rande f\u00f6r KD i Mj\u00f6lby h\u00e4lsade alla v\u00e4lkomna<br \/>\noch sedan vidtog f\u00f6rhandlingarna d\u00e4r vi bland annat klubbade igenom KD i \u00d6sterg\u00f6tlands<br \/>\nbudget. M\u00f6tet avslutades med att KD Riks nya partisekreterare Liza-Maria Norlin ifr\u00e5n<br \/>\nSundsvall som KD- distriktet i \u00d6sterg\u00f6tland hade bjudit in ber\u00e4ttade om sitt nya arbete<br \/>\np\u00e5 KD- kansliet och om regeringens arbete f\u00f6r Sverige.<\/p>\n<p>P\u00e5 bilden syns jag Linda och Peter p\u00e5 f\u00f6rsta raden och sedan \u00e4r det representanter<br \/>\nifr\u00e5n de olika lokalavdelningarna runt om i \u00d6sterg\u00f6tland.<\/p>\n","protected":false},"excerpt":{"rendered":"<p>Den 23 november 2023 fick jag Linda Masman, ordf\u00f6rande f\u00f6r KD i Ydre och Peter Gustavsson, kass\u00f6r i KD i Ydre f\u00f6rm\u00e5nen att \u00e5ka till Mj\u00f6lby och representera KD i Ydre p\u00e5 KD \u00d6sterg\u00f6tlands extra partidistrikts \u00e5rsm\u00f6te som var i kommunfull- m\u00e4ktigesalen i stadshuset d\u00e4r. M\u00f6tet var kl.17:00-19:30. M\u00f6tet b\u00f6rjade med att Magnus Sj\u00f6berg ordf\u00f6rande <a class=\"read-more-link\" href=\"https:\/\/wp.kristdemokraterna.se\/ydre\/i-var-kommun\/handelser-ar-2023\/nytt-extra-partidistriktsarsmote-i-mjolby-23-11-23\/\">L\u00e4s mer<\/a><\/p>\n","protected":false},"author":793,"featured_media":0,"parent":1677,"menu_order":0,"comment_status":"closed","ping_status":"closed","template":"","meta":{"_acf_changed":false,"footnotes":""},"class_list":["post-1881","page","type-page","status-publish","hentry"],"acf":[],"yoast_head":"<!-- This site is optimized with the Yoast SEO plugin v27.3 - https:\/\/yoast.com\/product\/yoast-seo-wordpress\/ -->\n<title>Extra partidistrikts\u00e5rsm\u00f6te i Mj\u00f6lby 23.11.23! - Kristdemokraterna i Ydre<\/title>\n<meta name=\"robots\" content=\"index, follow, max-snippet:-1, max-image-preview:large, max-video-preview:-1\" \/>\n<link rel=\"canonical\" href=\"https:\/\/wp.kristdemokraterna.se\/ydre\/i-var-kommun\/handelser-ar-2023\/nytt-extra-partidistriktsarsmote-i-mjolby-23-11-23\/\" \/>\n<meta property=\"og:locale\" content=\"sv_SE\" \/>\n<meta property=\"og:type\" content=\"article\" \/>\n<meta property=\"og:title\" content=\"Extra partidistrikts\u00e5rsm\u00f6te i Mj\u00f6lby 23.11.23! - Kristdemokraterna i Ydre\" \/>\n<meta property=\"og:description\" content=\"Den 23 november 2023 fick jag Linda Masman, ordf\u00f6rande f\u00f6r KD i Ydre och Peter Gustavsson, kass\u00f6r i KD i Ydre f\u00f6rm\u00e5nen att \u00e5ka till Mj\u00f6lby och representera KD i Ydre p\u00e5 KD \u00d6sterg\u00f6tlands extra partidistrikts \u00e5rsm\u00f6te som var i kommunfull- m\u00e4ktigesalen i stadshuset d\u00e4r. M\u00f6tet var kl.17:00-19:30. M\u00f6tet b\u00f6rjade med att Magnus Sj\u00f6berg ordf\u00f6rande L\u00e4s mer\" \/>\n<meta property=\"og:url\" content=\"https:\/\/wp.kristdemokraterna.se\/ydre\/i-var-kommun\/handelser-ar-2023\/nytt-extra-partidistriktsarsmote-i-mjolby-23-11-23\/\" \/>\n<meta property=\"og:site_name\" content=\"Kristdemokraterna i Ydre\" \/>\n<meta property=\"article:modified_time\" content=\"2024-10-16T16:51:15+00:00\" \/>\n<meta property=\"og:image\" content=\"http:\/\/wp.kristdemokraterna.se\/ydre\/files\/2024\/04\/extra-300x288.jpg\" \/>\n<meta name=\"twitter:card\" content=\"summary_large_image\" \/>\n<meta name=\"twitter:label1\" content=\"Ber\u00e4knad l\u00e4stid\" \/>\n\t<meta name=\"twitter:data1\" content=\"1 minut\" \/>\n<script type=\"application\/ld+json\" class=\"yoast-schema-graph\">{\"@context\":\"https:\\\/\\\/schema.org\",\"@graph\":[{\"@type\":\"WebPage\",\"@id\":\"https:\\\/\\\/wp.kristdemokraterna.se\\\/ydre\\\/i-var-kommun\\\/handelser-ar-2023\\\/nytt-extra-partidistriktsarsmote-i-mjolby-23-11-23\\\/\",\"url\":\"https:\\\/\\\/wp.kristdemokraterna.se\\\/ydre\\\/i-var-kommun\\\/handelser-ar-2023\\\/nytt-extra-partidistriktsarsmote-i-mjolby-23-11-23\\\/\",\"name\":\"Extra partidistrikts\u00e5rsm\u00f6te i Mj\u00f6lby 23.11.23! - Kristdemokraterna i Ydre\",\"isPartOf\":{\"@id\":\"https:\\\/\\\/wp.kristdemokraterna.se\\\/ydre\\\/#website\"},\"primaryImageOfPage\":{\"@id\":\"https:\\\/\\\/wp.kristdemokraterna.se\\\/ydre\\\/i-var-kommun\\\/handelser-ar-2023\\\/nytt-extra-partidistriktsarsmote-i-mjolby-23-11-23\\\/#primaryimage\"},\"image\":{\"@id\":\"https:\\\/\\\/wp.kristdemokraterna.se\\\/ydre\\\/i-var-kommun\\\/handelser-ar-2023\\\/nytt-extra-partidistriktsarsmote-i-mjolby-23-11-23\\\/#primaryimage\"},\"thumbnailUrl\":\"http:\\\/\\\/wp.kristdemokraterna.se\\\/ydre\\\/files\\\/2024\\\/04\\\/extra-300x288.jpg\",\"datePublished\":\"2024-10-16T16:43:54+00:00\",\"dateModified\":\"2024-10-16T16:51:15+00:00\",\"breadcrumb\":{\"@id\":\"https:\\\/\\\/wp.kristdemokraterna.se\\\/ydre\\\/i-var-kommun\\\/handelser-ar-2023\\\/nytt-extra-partidistriktsarsmote-i-mjolby-23-11-23\\\/#breadcrumb\"},\"inLanguage\":\"sv-SE\",\"potentialAction\":[{\"@type\":\"ReadAction\",\"target\":[\"https:\\\/\\\/wp.kristdemokraterna.se\\\/ydre\\\/i-var-kommun\\\/handelser-ar-2023\\\/nytt-extra-partidistriktsarsmote-i-mjolby-23-11-23\\\/\"]}]},{\"@type\":\"ImageObject\",\"inLanguage\":\"sv-SE\",\"@id\":\"https:\\\/\\\/wp.kristdemokraterna.se\\\/ydre\\\/i-var-kommun\\\/handelser-ar-2023\\\/nytt-extra-partidistriktsarsmote-i-mjolby-23-11-23\\\/#primaryimage\",\"url\":\"http:\\\/\\\/wp.kristdemokraterna.se\\\/ydre\\\/files\\\/2024\\\/04\\\/extra-300x288.jpg\",\"contentUrl\":\"http:\\\/\\\/wp.kristdemokraterna.se\\\/ydre\\\/files\\\/2024\\\/04\\\/extra-300x288.jpg\"},{\"@type\":\"BreadcrumbList\",\"@id\":\"https:\\\/\\\/wp.kristdemokraterna.se\\\/ydre\\\/i-var-kommun\\\/handelser-ar-2023\\\/nytt-extra-partidistriktsarsmote-i-mjolby-23-11-23\\\/#breadcrumb\",\"itemListElement\":[{\"@type\":\"ListItem\",\"position\":1,\"name\":\"Hem\",\"item\":\"https:\\\/\\\/wp.kristdemokraterna.se\\\/ydre\\\/\"},{\"@type\":\"ListItem\",\"position\":2,\"name\":\"Vad vill vi i v\u00e5r kommun\",\"item\":\"https:\\\/\\\/wp.kristdemokraterna.se\\\/ydre\\\/i-var-kommun\\\/\"},{\"@type\":\"ListItem\",\"position\":3,\"name\":\"H\u00e4r \u00e4r 2023 \u00e5rs h\u00e4ndelser\",\"item\":\"https:\\\/\\\/wp.kristdemokraterna.se\\\/ydre\\\/i-var-kommun\\\/handelser-ar-2023\\\/\"},{\"@type\":\"ListItem\",\"position\":4,\"name\":\"Extra partidistrikts\u00e5rsm\u00f6te i Mj\u00f6lby 23.11.23!\"}]},{\"@type\":\"WebSite\",\"@id\":\"https:\\\/\\\/wp.kristdemokraterna.se\\\/ydre\\\/#website\",\"url\":\"https:\\\/\\\/wp.kristdemokraterna.se\\\/ydre\\\/\",\"name\":\"Kristdemokraterna i Ydre\",\"description\":\"En till Kristdemokraterna webbplats\",\"inLanguage\":\"sv-SE\"}]}<\/script>\n<!-- \/ Yoast SEO plugin. -->","yoast_head_json":{"title":"Extra partidistrikts\u00e5rsm\u00f6te i Mj\u00f6lby 23.11.23! - Kristdemokraterna i Ydre","robots":{"index":"index","follow":"follow","max-snippet":"max-snippet:-1","max-image-preview":"max-image-preview:large","max-video-preview":"max-video-preview:-1"},"canonical":"https:\/\/wp.kristdemokraterna.se\/ydre\/i-var-kommun\/handelser-ar-2023\/nytt-extra-partidistriktsarsmote-i-mjolby-23-11-23\/","og_locale":"sv_SE","og_type":"article","og_title":"Extra partidistrikts\u00e5rsm\u00f6te i Mj\u00f6lby 23.11.23! - Kristdemokraterna i Ydre","og_description":"Den 23 november 2023 fick jag Linda Masman, ordf\u00f6rande f\u00f6r KD i Ydre och Peter Gustavsson, kass\u00f6r i KD i Ydre f\u00f6rm\u00e5nen att \u00e5ka till Mj\u00f6lby och representera KD i Ydre p\u00e5 KD \u00d6sterg\u00f6tlands extra partidistrikts \u00e5rsm\u00f6te som var i kommunfull- m\u00e4ktigesalen i stadshuset d\u00e4r. M\u00f6tet var kl.17:00-19:30. M\u00f6tet b\u00f6rjade med att Magnus Sj\u00f6berg ordf\u00f6rande L\u00e4s mer","og_url":"https:\/\/wp.kristdemokraterna.se\/ydre\/i-var-kommun\/handelser-ar-2023\/nytt-extra-partidistriktsarsmote-i-mjolby-23-11-23\/","og_site_name":"Kristdemokraterna i Ydre","article_modified_time":"2024-10-16T16:51:15+00:00","og_image":[{"url":"http:\/\/wp.kristdemokraterna.se\/ydre\/files\/2024\/04\/extra-300x288.jpg","type":"","width":"","height":""}],"twitter_card":"summary_large_image","twitter_misc":{"Ber\u00e4knad l\u00e4stid":"1 minut"},"schema":{"@context":"https:\/\/schema.org","@graph":[{"@type":"WebPage","@id":"https:\/\/wp.kristdemokraterna.se\/ydre\/i-var-kommun\/handelser-ar-2023\/nytt-extra-partidistriktsarsmote-i-mjolby-23-11-23\/","url":"https:\/\/wp.kristdemokraterna.se\/ydre\/i-var-kommun\/handelser-ar-2023\/nytt-extra-partidistriktsarsmote-i-mjolby-23-11-23\/","name":"Extra partidistrikts\u00e5rsm\u00f6te i Mj\u00f6lby 23.11.23! - Kristdemokraterna i Ydre","isPartOf":{"@id":"https:\/\/wp.kristdemokraterna.se\/ydre\/#website"},"primaryImageOfPage":{"@id":"https:\/\/wp.kristdemokraterna.se\/ydre\/i-var-kommun\/handelser-ar-2023\/nytt-extra-partidistriktsarsmote-i-mjolby-23-11-23\/#primaryimage"},"image":{"@id":"https:\/\/wp.kristdemokraterna.se\/ydre\/i-var-kommun\/handelser-ar-2023\/nytt-extra-partidistriktsarsmote-i-mjolby-23-11-23\/#primaryimage"},"thumbnailUrl":"http:\/\/wp.kristdemokraterna.se\/ydre\/files\/2024\/04\/extra-300x288.jpg","datePublished":"2024-10-16T16:43:54+00:00","dateModified":"2024-10-16T16:51:15+00:00","breadcrumb":{"@id":"https:\/\/wp.kristdemokraterna.se\/ydre\/i-var-kommun\/handelser-ar-2023\/nytt-extra-partidistriktsarsmote-i-mjolby-23-11-23\/#breadcrumb"},"inLanguage":"sv-SE","potentialAction":[{"@type":"ReadAction","target":["https:\/\/wp.kristdemokraterna.se\/ydre\/i-var-kommun\/handelser-ar-2023\/nytt-extra-partidistriktsarsmote-i-mjolby-23-11-23\/"]}]},{"@type":"ImageObject","inLanguage":"sv-SE","@id":"https:\/\/wp.kristdemokraterna.se\/ydre\/i-var-kommun\/handelser-ar-2023\/nytt-extra-partidistriktsarsmote-i-mjolby-23-11-23\/#primaryimage","url":"http:\/\/wp.kristdemokraterna.se\/ydre\/files\/2024\/04\/extra-300x288.jpg","contentUrl":"http:\/\/wp.kristdemokraterna.se\/ydre\/files\/2024\/04\/extra-300x288.jpg"},{"@type":"BreadcrumbList","@id":"https:\/\/wp.kristdemokraterna.se\/ydre\/i-var-kommun\/handelser-ar-2023\/nytt-extra-partidistriktsarsmote-i-mjolby-23-11-23\/#breadcrumb","itemListElement":[{"@type":"ListItem","position":1,"name":"Hem","item":"https:\/\/wp.kristdemokraterna.se\/ydre\/"},{"@type":"ListItem","position":2,"name":"Vad vill vi i v\u00e5r kommun","item":"https:\/\/wp.kristdemokraterna.se\/ydre\/i-var-kommun\/"},{"@type":"ListItem","position":3,"name":"H\u00e4r \u00e4r 2023 \u00e5rs h\u00e4ndelser","item":"https:\/\/wp.kristdemokraterna.se\/ydre\/i-var-kommun\/handelser-ar-2023\/"},{"@type":"ListItem","position":4,"name":"Extra partidistrikts\u00e5rsm\u00f6te i Mj\u00f6lby 23.11.23!"}]},{"@type":"WebSite","@id":"https:\/\/wp.kristdemokraterna.se\/ydre\/#website","url":"https:\/\/wp.kristdemokraterna.se\/ydre\/","name":"Kristdemokraterna i Ydre","description":"En till Kristdemokraterna webbplats","inLanguage":"sv-SE"}]}},"_links":{"self":[{"href":"https:\/\/wp.kristdemokraterna.se\/ydre\/wp-json\/wp\/v2\/pages\/1881","targetHints":{"allow":["GET"]}}],"collection":[{"href":"https:\/\/wp.kristdemokraterna.se\/ydre\/wp-json\/wp\/v2\/pages"}],"about":[{"href":"https:\/\/wp.kristdemokraterna.se\/ydre\/wp-json\/wp\/v2\/types\/page"}],"author":[{"embeddable":true,"href":"https:\/\/wp.kristdemokraterna.se\/ydre\/wp-json\/wp\/v2\/users\/793"}],"replies":[{"embeddable":true,"href":"https:\/\/wp.kristdemokraterna.se\/ydre\/wp-json\/wp\/v2\/comments?post=1881"}],"version-history":[{"count":2,"href":"https:\/\/wp.kristdemokraterna.se\/ydre\/wp-json\/wp\/v2\/pages\/1881\/revisions"}],"predecessor-version":[{"id":1887,"href":"https:\/\/wp.kristdemokraterna.se\/ydre\/wp-json\/wp\/v2\/pages\/1881\/revisions\/1887"}],"up":[{"embeddable":true,"href":"https:\/\/wp.kristdemokraterna.se\/ydre\/wp-json\/wp\/v2\/pages\/1677"}],"wp:attachment":[{"href":"https:\/\/wp.kristdemokraterna.se\/ydre\/wp-json\/wp\/v2\/media?parent=1881"}],"curies":[{"name":"wp","href":"https:\/\/api.w.org\/{rel}","templated":true}]}}