{"id":1900,"date":"2024-10-18T17:23:23","date_gmt":"2024-10-18T15:23:23","guid":{"rendered":"https:\/\/wp.kristdemokraterna.se\/ydre\/?page_id=1900"},"modified":"2024-10-18T17:30:12","modified_gmt":"2024-10-18T15:30:12","slug":"studiebesok-pa-traullit-ab-2024-04-10","status":"publish","type":"page","link":"https:\/\/wp.kristdemokraterna.se\/ydre\/i-var-kommun\/har-ar-2024-ars-handelser\/studiebesok-pa-traullit-ab-2024-04-10\/","title":{"rendered":"Studiebes\u00f6k p\u00e5 Tr\u00e4ullit AB 2024-04-10!"},"content":{"rendered":"<p><a href=\"http:\/\/wp.kristdemokraterna.se\/ydre\/files\/2024\/10\/img_0545-scaled.jpeg\"><img loading=\"lazy\" decoding=\"async\" class=\"alignnone size-medium wp-image-1901\" src=\"http:\/\/wp.kristdemokraterna.se\/ydre\/files\/2024\/10\/img_0545-225x300.jpeg\" alt=\"\" width=\"225\" height=\"300\" srcset=\"https:\/\/wp.kristdemokraterna.se\/ydre\/files\/2024\/10\/img_0545-225x300.jpeg 225w, https:\/\/wp.kristdemokraterna.se\/ydre\/files\/2024\/10\/img_0545-768x1024.jpeg 768w, https:\/\/wp.kristdemokraterna.se\/ydre\/files\/2024\/10\/img_0545-1152x1536.jpeg 1152w, https:\/\/wp.kristdemokraterna.se\/ydre\/files\/2024\/10\/img_0545-1536x2048.jpeg 1536w, https:\/\/wp.kristdemokraterna.se\/ydre\/files\/2024\/10\/img_0545-150x200.jpeg 150w, https:\/\/wp.kristdemokraterna.se\/ydre\/files\/2024\/10\/img_0545-370x493.jpeg 370w, https:\/\/wp.kristdemokraterna.se\/ydre\/files\/2024\/10\/img_0545-770x1027.jpeg 770w, https:\/\/wp.kristdemokraterna.se\/ydre\/files\/2024\/10\/img_0545-450x600.jpeg 450w, https:\/\/wp.kristdemokraterna.se\/ydre\/files\/2024\/10\/img_0545-280x373.jpeg 280w, https:\/\/wp.kristdemokraterna.se\/ydre\/files\/2024\/10\/img_0545-340x453.jpeg 340w, https:\/\/wp.kristdemokraterna.se\/ydre\/files\/2024\/10\/img_0545-42x56.jpeg 42w, https:\/\/wp.kristdemokraterna.se\/ydre\/files\/2024\/10\/img_0545-scaled.jpeg 1920w\" sizes=\"auto, (max-width: 225px) 100vw, 225px\" \/><\/a><\/p>\n<p>Entr\u00e9 till kontor och samlingssal p\u00e5 Tr\u00e4ullit AB.<\/p>\n<p>&nbsp;<\/p>\n<p><a href=\"http:\/\/wp.kristdemokraterna.se\/ydre\/files\/2024\/10\/img_0525-scaled.jpeg\"><img loading=\"lazy\" decoding=\"async\" class=\"alignnone size-medium wp-image-1906\" src=\"http:\/\/wp.kristdemokraterna.se\/ydre\/files\/2024\/10\/img_0525-225x300.jpeg\" alt=\"\" width=\"225\" height=\"300\" srcset=\"https:\/\/wp.kristdemokraterna.se\/ydre\/files\/2024\/10\/img_0525-225x300.jpeg 225w, https:\/\/wp.kristdemokraterna.se\/ydre\/files\/2024\/10\/img_0525-768x1024.jpeg 768w, https:\/\/wp.kristdemokraterna.se\/ydre\/files\/2024\/10\/img_0525-1152x1536.jpeg 1152w, https:\/\/wp.kristdemokraterna.se\/ydre\/files\/2024\/10\/img_0525-1536x2048.jpeg 1536w, https:\/\/wp.kristdemokraterna.se\/ydre\/files\/2024\/10\/img_0525-150x200.jpeg 150w, https:\/\/wp.kristdemokraterna.se\/ydre\/files\/2024\/10\/img_0525-370x493.jpeg 370w, https:\/\/wp.kristdemokraterna.se\/ydre\/files\/2024\/10\/img_0525-770x1027.jpeg 770w, https:\/\/wp.kristdemokraterna.se\/ydre\/files\/2024\/10\/img_0525-450x600.jpeg 450w, https:\/\/wp.kristdemokraterna.se\/ydre\/files\/2024\/10\/img_0525-280x373.jpeg 280w, https:\/\/wp.kristdemokraterna.se\/ydre\/files\/2024\/10\/img_0525-340x453.jpeg 340w, https:\/\/wp.kristdemokraterna.se\/ydre\/files\/2024\/10\/img_0525-42x56.jpeg 42w, https:\/\/wp.kristdemokraterna.se\/ydre\/files\/2024\/10\/img_0525-scaled.jpeg 1920w\" sizes=\"auto, (max-width: 225px) 100vw, 225px\" \/><\/a><\/p>\n<p>Fabriksomr\u00e5de med tr\u00e4varuf\u00f6rvaring p\u00e5 Tr\u00e4ullit AB.<\/p>\n<p>&nbsp;<\/p>\n<p><a href=\"http:\/\/wp.kristdemokraterna.se\/ydre\/files\/2024\/10\/img_0533-scaled.jpeg\"><img loading=\"lazy\" decoding=\"async\" class=\"alignnone size-medium wp-image-1904\" src=\"http:\/\/wp.kristdemokraterna.se\/ydre\/files\/2024\/10\/img_0533-225x300.jpeg\" alt=\"\" width=\"225\" height=\"300\" srcset=\"https:\/\/wp.kristdemokraterna.se\/ydre\/files\/2024\/10\/img_0533-225x300.jpeg 225w, https:\/\/wp.kristdemokraterna.se\/ydre\/files\/2024\/10\/img_0533-768x1024.jpeg 768w, https:\/\/wp.kristdemokraterna.se\/ydre\/files\/2024\/10\/img_0533-1152x1536.jpeg 1152w, https:\/\/wp.kristdemokraterna.se\/ydre\/files\/2024\/10\/img_0533-1536x2048.jpeg 1536w, https:\/\/wp.kristdemokraterna.se\/ydre\/files\/2024\/10\/img_0533-150x200.jpeg 150w, https:\/\/wp.kristdemokraterna.se\/ydre\/files\/2024\/10\/img_0533-370x493.jpeg 370w, https:\/\/wp.kristdemokraterna.se\/ydre\/files\/2024\/10\/img_0533-770x1027.jpeg 770w, https:\/\/wp.kristdemokraterna.se\/ydre\/files\/2024\/10\/img_0533-450x600.jpeg 450w, https:\/\/wp.kristdemokraterna.se\/ydre\/files\/2024\/10\/img_0533-280x373.jpeg 280w, https:\/\/wp.kristdemokraterna.se\/ydre\/files\/2024\/10\/img_0533-340x453.jpeg 340w, https:\/\/wp.kristdemokraterna.se\/ydre\/files\/2024\/10\/img_0533-42x56.jpeg 42w, https:\/\/wp.kristdemokraterna.se\/ydre\/files\/2024\/10\/img_0533-scaled.jpeg 1920w\" sizes=\"auto, (max-width: 225px) 100vw, 225px\" \/><\/a><\/p>\n<p>Tr\u00e4stockar matas in i maskin f\u00f6r att g\u00f6ras till tr\u00e4ull.<\/p>\n<p>&nbsp;<\/p>\n<p><a href=\"http:\/\/wp.kristdemokraterna.se\/ydre\/files\/2024\/10\/img_0534-scaled.jpeg\"><img loading=\"lazy\" decoding=\"async\" class=\"alignnone size-medium wp-image-1905\" src=\"http:\/\/wp.kristdemokraterna.se\/ydre\/files\/2024\/10\/img_0534-225x300.jpeg\" alt=\"\" width=\"225\" height=\"300\" srcset=\"https:\/\/wp.kristdemokraterna.se\/ydre\/files\/2024\/10\/img_0534-225x300.jpeg 225w, https:\/\/wp.kristdemokraterna.se\/ydre\/files\/2024\/10\/img_0534-768x1024.jpeg 768w, https:\/\/wp.kristdemokraterna.se\/ydre\/files\/2024\/10\/img_0534-1152x1536.jpeg 1152w, https:\/\/wp.kristdemokraterna.se\/ydre\/files\/2024\/10\/img_0534-1536x2048.jpeg 1536w, https:\/\/wp.kristdemokraterna.se\/ydre\/files\/2024\/10\/img_0534-150x200.jpeg 150w, https:\/\/wp.kristdemokraterna.se\/ydre\/files\/2024\/10\/img_0534-370x493.jpeg 370w, https:\/\/wp.kristdemokraterna.se\/ydre\/files\/2024\/10\/img_0534-770x1027.jpeg 770w, https:\/\/wp.kristdemokraterna.se\/ydre\/files\/2024\/10\/img_0534-450x600.jpeg 450w, https:\/\/wp.kristdemokraterna.se\/ydre\/files\/2024\/10\/img_0534-280x373.jpeg 280w, https:\/\/wp.kristdemokraterna.se\/ydre\/files\/2024\/10\/img_0534-340x453.jpeg 340w, https:\/\/wp.kristdemokraterna.se\/ydre\/files\/2024\/10\/img_0534-42x56.jpeg 42w, https:\/\/wp.kristdemokraterna.se\/ydre\/files\/2024\/10\/img_0534-scaled.jpeg 1920w\" sizes=\"auto, (max-width: 225px) 100vw, 225px\" \/><\/a><\/p>\n<p>Chefen Erik R\u00e4\u00e4f f\u00f6r Tr\u00e4ullit AB visar upp f\u00e4rdig tr\u00e4ull fr\u00e5n maskinen.<\/p>\n<p>&nbsp;<\/p>\n<p><a href=\"http:\/\/wp.kristdemokraterna.se\/ydre\/files\/2024\/10\/img_0513-scaled.jpeg\"><img loading=\"lazy\" decoding=\"async\" class=\"alignnone size-medium wp-image-1911\" src=\"http:\/\/wp.kristdemokraterna.se\/ydre\/files\/2024\/10\/img_0513-300x225.jpeg\" alt=\"\" width=\"300\" height=\"225\" srcset=\"https:\/\/wp.kristdemokraterna.se\/ydre\/files\/2024\/10\/img_0513-300x225.jpeg 300w, https:\/\/wp.kristdemokraterna.se\/ydre\/files\/2024\/10\/img_0513-1024x768.jpeg 1024w, https:\/\/wp.kristdemokraterna.se\/ydre\/files\/2024\/10\/img_0513-768x576.jpeg 768w, https:\/\/wp.kristdemokraterna.se\/ydre\/files\/2024\/10\/img_0513-1536x1152.jpeg 1536w, https:\/\/wp.kristdemokraterna.se\/ydre\/files\/2024\/10\/img_0513-2048x1536.jpeg 2048w, https:\/\/wp.kristdemokraterna.se\/ydre\/files\/2024\/10\/img_0513-267x200.jpeg 267w, https:\/\/wp.kristdemokraterna.se\/ydre\/files\/2024\/10\/img_0513-370x278.jpeg 370w, https:\/\/wp.kristdemokraterna.se\/ydre\/files\/2024\/10\/img_0513-770x578.jpeg 770w, https:\/\/wp.kristdemokraterna.se\/ydre\/files\/2024\/10\/img_0513-450x338.jpeg 450w, https:\/\/wp.kristdemokraterna.se\/ydre\/files\/2024\/10\/img_0513-280x210.jpeg 280w, https:\/\/wp.kristdemokraterna.se\/ydre\/files\/2024\/10\/img_0513-340x255.jpeg 340w, https:\/\/wp.kristdemokraterna.se\/ydre\/files\/2024\/10\/img_0513-200x150.jpeg 200w, https:\/\/wp.kristdemokraterna.se\/ydre\/files\/2024\/10\/img_0513-75x56.jpeg 75w\" sizes=\"auto, (max-width: 300px) 100vw, 300px\" \/><\/a><\/p>\n<p>Demonstration av f\u00e4rdiga tr\u00e4ullitmaterial p\u00e5 Tr\u00e4ullit AB.<\/p>\n<p>&nbsp;<\/p>\n<p><a href=\"http:\/\/wp.kristdemokraterna.se\/ydre\/files\/2024\/10\/img_0530-scaled.jpeg\"><img loading=\"lazy\" decoding=\"async\" class=\"alignnone size-medium wp-image-1908\" src=\"http:\/\/wp.kristdemokraterna.se\/ydre\/files\/2024\/10\/img_0530-225x300.jpeg\" alt=\"\" width=\"225\" height=\"300\" srcset=\"https:\/\/wp.kristdemokraterna.se\/ydre\/files\/2024\/10\/img_0530-225x300.jpeg 225w, https:\/\/wp.kristdemokraterna.se\/ydre\/files\/2024\/10\/img_0530-768x1024.jpeg 768w, https:\/\/wp.kristdemokraterna.se\/ydre\/files\/2024\/10\/img_0530-1152x1536.jpeg 1152w, https:\/\/wp.kristdemokraterna.se\/ydre\/files\/2024\/10\/img_0530-1536x2048.jpeg 1536w, https:\/\/wp.kristdemokraterna.se\/ydre\/files\/2024\/10\/img_0530-150x200.jpeg 150w, https:\/\/wp.kristdemokraterna.se\/ydre\/files\/2024\/10\/img_0530-370x493.jpeg 370w, https:\/\/wp.kristdemokraterna.se\/ydre\/files\/2024\/10\/img_0530-770x1027.jpeg 770w, https:\/\/wp.kristdemokraterna.se\/ydre\/files\/2024\/10\/img_0530-450x600.jpeg 450w, https:\/\/wp.kristdemokraterna.se\/ydre\/files\/2024\/10\/img_0530-280x373.jpeg 280w, https:\/\/wp.kristdemokraterna.se\/ydre\/files\/2024\/10\/img_0530-340x453.jpeg 340w, https:\/\/wp.kristdemokraterna.se\/ydre\/files\/2024\/10\/img_0530-42x56.jpeg 42w, https:\/\/wp.kristdemokraterna.se\/ydre\/files\/2024\/10\/img_0530-scaled.jpeg 1920w\" sizes=\"auto, (max-width: 225px) 100vw, 225px\" \/><\/a><\/p>\n<p>Gruppen f\u00f6r KD i Ydre i maskinhallen p\u00e5 Tr\u00e4ullit AB st\u00e5r framf\u00f6r en v\u00e4gg med f\u00e4rdiga tr\u00e4ullitplattor.<br \/>\nGruppen best\u00e5r av fr\u00e5n v\u00e4nster Peter Gustavsson, kass\u00f6r, Linda Masman, ordf\u00f6rande,<br \/>\nJohny Martinsson, ledamot, Gudrun Martinsson, revisor, Agneta Bj\u00f6rling, ledamot,<br \/>\noch Annicki Oscarsson, regionsr\u00e5d f\u00f6r region \u00d6sterg\u00f6tland.<\/p>\n<p>&nbsp;<\/p>\n<p>Vi i Kristdemokraterna fick den 10 april 2024 m\u00f6jlighet att g\u00f6ra studiebes\u00f6k hos<br \/>\nTr\u00e4ullit AB i \u00d6sterbymo. Det var mycket roligt och intressant tycker vi.<br \/>\nVi hade d\u00e5 \u00e4ven bes\u00f6k av Annicki Oscarsson som \u00e4r regionsr\u00e5d i \u00d6sterg\u00f6tland.<br \/>\nVi fick tr\u00e4ffa Tr\u00e4ullit AB:s chef Erik R\u00e4\u00e4f som ber\u00e4ttade om verksamheten f\u00f6r oss<br \/>\noch visade runt oss p\u00e5 fabriksomr\u00e5det samt inne i fabriken.<br \/>\nMycket l\u00e4rorikt tyckte vi p\u00e5 m\u00e5nga s\u00e4tt. Fick veta vad man kan anv\u00e4nda tr\u00e4ullit till<br \/>\nsom till exempel i v\u00e4ggar och tak.<br \/>\nEtt mycket trevligt studiebes\u00f6k som vi rekommenderar vidare till andra.<\/p>\n","protected":false},"excerpt":{"rendered":"<p>Entr\u00e9 till kontor och samlingssal p\u00e5 Tr\u00e4ullit AB. &nbsp; Fabriksomr\u00e5de med tr\u00e4varuf\u00f6rvaring p\u00e5 Tr\u00e4ullit AB. &nbsp; Tr\u00e4stockar matas in i maskin f\u00f6r att g\u00f6ras till tr\u00e4ull. &nbsp; Chefen Erik R\u00e4\u00e4f f\u00f6r Tr\u00e4ullit AB visar upp f\u00e4rdig tr\u00e4ull fr\u00e5n maskinen. &nbsp; Demonstration av f\u00e4rdiga tr\u00e4ullitmaterial p\u00e5 Tr\u00e4ullit AB. &nbsp; Gruppen f\u00f6r KD i Ydre i maskinhallen <a class=\"read-more-link\" href=\"https:\/\/wp.kristdemokraterna.se\/ydre\/i-var-kommun\/har-ar-2024-ars-handelser\/studiebesok-pa-traullit-ab-2024-04-10\/\">L\u00e4s mer<\/a><\/p>\n","protected":false},"author":793,"featured_media":0,"parent":1809,"menu_order":0,"comment_status":"closed","ping_status":"closed","template":"","meta":{"_acf_changed":false,"footnotes":""},"class_list":["post-1900","page","type-page","status-publish","hentry"],"acf":[],"yoast_head":"<!-- This site is optimized with the Yoast SEO plugin v27.3 - https:\/\/yoast.com\/product\/yoast-seo-wordpress\/ -->\n<title>Studiebes\u00f6k p\u00e5 Tr\u00e4ullit AB 2024-04-10! - Kristdemokraterna i Ydre<\/title>\n<meta name=\"robots\" content=\"index, follow, max-snippet:-1, max-image-preview:large, max-video-preview:-1\" \/>\n<link rel=\"canonical\" href=\"https:\/\/wp.kristdemokraterna.se\/ydre\/i-var-kommun\/har-ar-2024-ars-handelser\/studiebesok-pa-traullit-ab-2024-04-10\/\" \/>\n<meta property=\"og:locale\" content=\"sv_SE\" \/>\n<meta property=\"og:type\" content=\"article\" \/>\n<meta property=\"og:title\" content=\"Studiebes\u00f6k p\u00e5 Tr\u00e4ullit AB 2024-04-10! - Kristdemokraterna i Ydre\" \/>\n<meta property=\"og:description\" content=\"Entr\u00e9 till kontor och samlingssal p\u00e5 Tr\u00e4ullit AB. &nbsp; Fabriksomr\u00e5de med tr\u00e4varuf\u00f6rvaring p\u00e5 Tr\u00e4ullit AB. &nbsp; Tr\u00e4stockar matas in i maskin f\u00f6r att g\u00f6ras till tr\u00e4ull. &nbsp; Chefen Erik R\u00e4\u00e4f f\u00f6r Tr\u00e4ullit AB visar upp f\u00e4rdig tr\u00e4ull fr\u00e5n maskinen. &nbsp; Demonstration av f\u00e4rdiga tr\u00e4ullitmaterial p\u00e5 Tr\u00e4ullit AB. &nbsp; Gruppen f\u00f6r KD i Ydre i maskinhallen L\u00e4s mer\" \/>\n<meta property=\"og:url\" content=\"https:\/\/wp.kristdemokraterna.se\/ydre\/i-var-kommun\/har-ar-2024-ars-handelser\/studiebesok-pa-traullit-ab-2024-04-10\/\" \/>\n<meta property=\"og:site_name\" content=\"Kristdemokraterna i Ydre\" \/>\n<meta property=\"article:modified_time\" content=\"2024-10-18T15:30:12+00:00\" \/>\n<meta property=\"og:image\" content=\"http:\/\/wp.kristdemokraterna.se\/ydre\/files\/2024\/10\/img_0545-225x300.jpeg\" \/>\n<meta name=\"twitter:card\" content=\"summary_large_image\" \/>\n<meta name=\"twitter:label1\" content=\"Ber\u00e4knad l\u00e4stid\" \/>\n\t<meta name=\"twitter:data1\" content=\"3 minuter\" \/>\n<script type=\"application\/ld+json\" class=\"yoast-schema-graph\">{\"@context\":\"https:\\\/\\\/schema.org\",\"@graph\":[{\"@type\":\"WebPage\",\"@id\":\"https:\\\/\\\/wp.kristdemokraterna.se\\\/ydre\\\/i-var-kommun\\\/har-ar-2024-ars-handelser\\\/studiebesok-pa-traullit-ab-2024-04-10\\\/\",\"url\":\"https:\\\/\\\/wp.kristdemokraterna.se\\\/ydre\\\/i-var-kommun\\\/har-ar-2024-ars-handelser\\\/studiebesok-pa-traullit-ab-2024-04-10\\\/\",\"name\":\"Studiebes\u00f6k p\u00e5 Tr\u00e4ullit AB 2024-04-10! - Kristdemokraterna i Ydre\",\"isPartOf\":{\"@id\":\"https:\\\/\\\/wp.kristdemokraterna.se\\\/ydre\\\/#website\"},\"primaryImageOfPage\":{\"@id\":\"https:\\\/\\\/wp.kristdemokraterna.se\\\/ydre\\\/i-var-kommun\\\/har-ar-2024-ars-handelser\\\/studiebesok-pa-traullit-ab-2024-04-10\\\/#primaryimage\"},\"image\":{\"@id\":\"https:\\\/\\\/wp.kristdemokraterna.se\\\/ydre\\\/i-var-kommun\\\/har-ar-2024-ars-handelser\\\/studiebesok-pa-traullit-ab-2024-04-10\\\/#primaryimage\"},\"thumbnailUrl\":\"http:\\\/\\\/wp.kristdemokraterna.se\\\/ydre\\\/files\\\/2024\\\/10\\\/img_0545-225x300.jpeg\",\"datePublished\":\"2024-10-18T15:23:23+00:00\",\"dateModified\":\"2024-10-18T15:30:12+00:00\",\"breadcrumb\":{\"@id\":\"https:\\\/\\\/wp.kristdemokraterna.se\\\/ydre\\\/i-var-kommun\\\/har-ar-2024-ars-handelser\\\/studiebesok-pa-traullit-ab-2024-04-10\\\/#breadcrumb\"},\"inLanguage\":\"sv-SE\",\"potentialAction\":[{\"@type\":\"ReadAction\",\"target\":[\"https:\\\/\\\/wp.kristdemokraterna.se\\\/ydre\\\/i-var-kommun\\\/har-ar-2024-ars-handelser\\\/studiebesok-pa-traullit-ab-2024-04-10\\\/\"]}]},{\"@type\":\"ImageObject\",\"inLanguage\":\"sv-SE\",\"@id\":\"https:\\\/\\\/wp.kristdemokraterna.se\\\/ydre\\\/i-var-kommun\\\/har-ar-2024-ars-handelser\\\/studiebesok-pa-traullit-ab-2024-04-10\\\/#primaryimage\",\"url\":\"https:\\\/\\\/wp.kristdemokraterna.se\\\/ydre\\\/files\\\/2024\\\/10\\\/img_0545-scaled.jpeg\",\"contentUrl\":\"https:\\\/\\\/wp.kristdemokraterna.se\\\/ydre\\\/files\\\/2024\\\/10\\\/img_0545-scaled.jpeg\",\"width\":1920,\"height\":2560},{\"@type\":\"BreadcrumbList\",\"@id\":\"https:\\\/\\\/wp.kristdemokraterna.se\\\/ydre\\\/i-var-kommun\\\/har-ar-2024-ars-handelser\\\/studiebesok-pa-traullit-ab-2024-04-10\\\/#breadcrumb\",\"itemListElement\":[{\"@type\":\"ListItem\",\"position\":1,\"name\":\"Hem\",\"item\":\"https:\\\/\\\/wp.kristdemokraterna.se\\\/ydre\\\/\"},{\"@type\":\"ListItem\",\"position\":2,\"name\":\"Vad vill vi i v\u00e5r kommun\",\"item\":\"https:\\\/\\\/wp.kristdemokraterna.se\\\/ydre\\\/i-var-kommun\\\/\"},{\"@type\":\"ListItem\",\"position\":3,\"name\":\"H\u00e4r \u00e4r 2024 \u00e5rs h\u00e4ndelser\",\"item\":\"https:\\\/\\\/wp.kristdemokraterna.se\\\/ydre\\\/i-var-kommun\\\/har-ar-2024-ars-handelser\\\/\"},{\"@type\":\"ListItem\",\"position\":4,\"name\":\"Studiebes\u00f6k p\u00e5 Tr\u00e4ullit AB 2024-04-10!\"}]},{\"@type\":\"WebSite\",\"@id\":\"https:\\\/\\\/wp.kristdemokraterna.se\\\/ydre\\\/#website\",\"url\":\"https:\\\/\\\/wp.kristdemokraterna.se\\\/ydre\\\/\",\"name\":\"Kristdemokraterna i Ydre\",\"description\":\"En till Kristdemokraterna webbplats\",\"inLanguage\":\"sv-SE\"}]}<\/script>\n<!-- \/ Yoast SEO plugin. -->","yoast_head_json":{"title":"Studiebes\u00f6k p\u00e5 Tr\u00e4ullit AB 2024-04-10! - Kristdemokraterna i Ydre","robots":{"index":"index","follow":"follow","max-snippet":"max-snippet:-1","max-image-preview":"max-image-preview:large","max-video-preview":"max-video-preview:-1"},"canonical":"https:\/\/wp.kristdemokraterna.se\/ydre\/i-var-kommun\/har-ar-2024-ars-handelser\/studiebesok-pa-traullit-ab-2024-04-10\/","og_locale":"sv_SE","og_type":"article","og_title":"Studiebes\u00f6k p\u00e5 Tr\u00e4ullit AB 2024-04-10! - Kristdemokraterna i Ydre","og_description":"Entr\u00e9 till kontor och samlingssal p\u00e5 Tr\u00e4ullit AB. &nbsp; Fabriksomr\u00e5de med tr\u00e4varuf\u00f6rvaring p\u00e5 Tr\u00e4ullit AB. &nbsp; Tr\u00e4stockar matas in i maskin f\u00f6r att g\u00f6ras till tr\u00e4ull. &nbsp; Chefen Erik R\u00e4\u00e4f f\u00f6r Tr\u00e4ullit AB visar upp f\u00e4rdig tr\u00e4ull fr\u00e5n maskinen. &nbsp; Demonstration av f\u00e4rdiga tr\u00e4ullitmaterial p\u00e5 Tr\u00e4ullit AB. &nbsp; Gruppen f\u00f6r KD i Ydre i maskinhallen L\u00e4s mer","og_url":"https:\/\/wp.kristdemokraterna.se\/ydre\/i-var-kommun\/har-ar-2024-ars-handelser\/studiebesok-pa-traullit-ab-2024-04-10\/","og_site_name":"Kristdemokraterna i Ydre","article_modified_time":"2024-10-18T15:30:12+00:00","og_image":[{"url":"http:\/\/wp.kristdemokraterna.se\/ydre\/files\/2024\/10\/img_0545-225x300.jpeg","type":"","width":"","height":""}],"twitter_card":"summary_large_image","twitter_misc":{"Ber\u00e4knad l\u00e4stid":"3 minuter"},"schema":{"@context":"https:\/\/schema.org","@graph":[{"@type":"WebPage","@id":"https:\/\/wp.kristdemokraterna.se\/ydre\/i-var-kommun\/har-ar-2024-ars-handelser\/studiebesok-pa-traullit-ab-2024-04-10\/","url":"https:\/\/wp.kristdemokraterna.se\/ydre\/i-var-kommun\/har-ar-2024-ars-handelser\/studiebesok-pa-traullit-ab-2024-04-10\/","name":"Studiebes\u00f6k p\u00e5 Tr\u00e4ullit AB 2024-04-10! - Kristdemokraterna i Ydre","isPartOf":{"@id":"https:\/\/wp.kristdemokraterna.se\/ydre\/#website"},"primaryImageOfPage":{"@id":"https:\/\/wp.kristdemokraterna.se\/ydre\/i-var-kommun\/har-ar-2024-ars-handelser\/studiebesok-pa-traullit-ab-2024-04-10\/#primaryimage"},"image":{"@id":"https:\/\/wp.kristdemokraterna.se\/ydre\/i-var-kommun\/har-ar-2024-ars-handelser\/studiebesok-pa-traullit-ab-2024-04-10\/#primaryimage"},"thumbnailUrl":"http:\/\/wp.kristdemokraterna.se\/ydre\/files\/2024\/10\/img_0545-225x300.jpeg","datePublished":"2024-10-18T15:23:23+00:00","dateModified":"2024-10-18T15:30:12+00:00","breadcrumb":{"@id":"https:\/\/wp.kristdemokraterna.se\/ydre\/i-var-kommun\/har-ar-2024-ars-handelser\/studiebesok-pa-traullit-ab-2024-04-10\/#breadcrumb"},"inLanguage":"sv-SE","potentialAction":[{"@type":"ReadAction","target":["https:\/\/wp.kristdemokraterna.se\/ydre\/i-var-kommun\/har-ar-2024-ars-handelser\/studiebesok-pa-traullit-ab-2024-04-10\/"]}]},{"@type":"ImageObject","inLanguage":"sv-SE","@id":"https:\/\/wp.kristdemokraterna.se\/ydre\/i-var-kommun\/har-ar-2024-ars-handelser\/studiebesok-pa-traullit-ab-2024-04-10\/#primaryimage","url":"https:\/\/wp.kristdemokraterna.se\/ydre\/files\/2024\/10\/img_0545-scaled.jpeg","contentUrl":"https:\/\/wp.kristdemokraterna.se\/ydre\/files\/2024\/10\/img_0545-scaled.jpeg","width":1920,"height":2560},{"@type":"BreadcrumbList","@id":"https:\/\/wp.kristdemokraterna.se\/ydre\/i-var-kommun\/har-ar-2024-ars-handelser\/studiebesok-pa-traullit-ab-2024-04-10\/#breadcrumb","itemListElement":[{"@type":"ListItem","position":1,"name":"Hem","item":"https:\/\/wp.kristdemokraterna.se\/ydre\/"},{"@type":"ListItem","position":2,"name":"Vad vill vi i v\u00e5r kommun","item":"https:\/\/wp.kristdemokraterna.se\/ydre\/i-var-kommun\/"},{"@type":"ListItem","position":3,"name":"H\u00e4r \u00e4r 2024 \u00e5rs h\u00e4ndelser","item":"https:\/\/wp.kristdemokraterna.se\/ydre\/i-var-kommun\/har-ar-2024-ars-handelser\/"},{"@type":"ListItem","position":4,"name":"Studiebes\u00f6k p\u00e5 Tr\u00e4ullit AB 2024-04-10!"}]},{"@type":"WebSite","@id":"https:\/\/wp.kristdemokraterna.se\/ydre\/#website","url":"https:\/\/wp.kristdemokraterna.se\/ydre\/","name":"Kristdemokraterna i Ydre","description":"En till Kristdemokraterna webbplats","inLanguage":"sv-SE"}]}},"_links":{"self":[{"href":"https:\/\/wp.kristdemokraterna.se\/ydre\/wp-json\/wp\/v2\/pages\/1900","targetHints":{"allow":["GET"]}}],"collection":[{"href":"https:\/\/wp.kristdemokraterna.se\/ydre\/wp-json\/wp\/v2\/pages"}],"about":[{"href":"https:\/\/wp.kristdemokraterna.se\/ydre\/wp-json\/wp\/v2\/types\/page"}],"author":[{"embeddable":true,"href":"https:\/\/wp.kristdemokraterna.se\/ydre\/wp-json\/wp\/v2\/users\/793"}],"replies":[{"embeddable":true,"href":"https:\/\/wp.kristdemokraterna.se\/ydre\/wp-json\/wp\/v2\/comments?post=1900"}],"version-history":[{"count":5,"href":"https:\/\/wp.kristdemokraterna.se\/ydre\/wp-json\/wp\/v2\/pages\/1900\/revisions"}],"predecessor-version":[{"id":1920,"href":"https:\/\/wp.kristdemokraterna.se\/ydre\/wp-json\/wp\/v2\/pages\/1900\/revisions\/1920"}],"up":[{"embeddable":true,"href":"https:\/\/wp.kristdemokraterna.se\/ydre\/wp-json\/wp\/v2\/pages\/1809"}],"wp:attachment":[{"href":"https:\/\/wp.kristdemokraterna.se\/ydre\/wp-json\/wp\/v2\/media?parent=1900"}],"curies":[{"name":"wp","href":"https:\/\/api.w.org\/{rel}","templated":true}]}}