{"id":1925,"date":"2024-10-18T18:17:04","date_gmt":"2024-10-18T16:17:04","guid":{"rendered":"https:\/\/wp.kristdemokraterna.se\/ydre\/?page_id=1925"},"modified":"2024-10-18T18:19:38","modified_gmt":"2024-10-18T16:19:38","slug":"momarken-i-osterbymo-2024-06-01","status":"publish","type":"page","link":"https:\/\/wp.kristdemokraterna.se\/ydre\/i-var-kommun\/har-ar-2024-ars-handelser\/momarken-i-osterbymo-2024-06-01\/","title":{"rendered":"Momarken i \u00d6sterbymo 2024-06-01!"},"content":{"rendered":"<p><a href=\"http:\/\/wp.kristdemokraterna.se\/ydre\/files\/2024\/10\/img_0558.jpeg\"><img loading=\"lazy\" decoding=\"async\" class=\"alignnone size-medium wp-image-1926\" src=\"http:\/\/wp.kristdemokraterna.se\/ydre\/files\/2024\/10\/img_0558-300x225.jpeg\" alt=\"\" width=\"300\" height=\"225\" srcset=\"https:\/\/wp.kristdemokraterna.se\/ydre\/files\/2024\/10\/img_0558-300x225.jpeg 300w, https:\/\/wp.kristdemokraterna.se\/ydre\/files\/2024\/10\/img_0558-768x576.jpeg 768w, https:\/\/wp.kristdemokraterna.se\/ydre\/files\/2024\/10\/img_0558-267x200.jpeg 267w, https:\/\/wp.kristdemokraterna.se\/ydre\/files\/2024\/10\/img_0558-370x278.jpeg 370w, https:\/\/wp.kristdemokraterna.se\/ydre\/files\/2024\/10\/img_0558-770x578.jpeg 770w, https:\/\/wp.kristdemokraterna.se\/ydre\/files\/2024\/10\/img_0558-450x338.jpeg 450w, https:\/\/wp.kristdemokraterna.se\/ydre\/files\/2024\/10\/img_0558-280x210.jpeg 280w, https:\/\/wp.kristdemokraterna.se\/ydre\/files\/2024\/10\/img_0558-340x255.jpeg 340w, https:\/\/wp.kristdemokraterna.se\/ydre\/files\/2024\/10\/img_0558-200x150.jpeg 200w, https:\/\/wp.kristdemokraterna.se\/ydre\/files\/2024\/10\/img_0558-75x56.jpeg 75w, https:\/\/wp.kristdemokraterna.se\/ydre\/files\/2024\/10\/img_0558.jpeg 960w\" sizes=\"auto, (max-width: 300px) 100vw, 300px\" \/><\/a><\/p>\n<p>Kristdemokraterna i \u00d6sterg\u00f6tlands t\u00e4lt p\u00e5<br \/>\nMomarken i \u00d6sterbymo. Representanterna f\u00f6r<br \/>\nKristdemokraterna i \u00d6sterg\u00f6tland p\u00e5 bilden \u00e4r:<br \/>\nFr\u00e5n v\u00e4nster: Lena K\u00e4cker Johansson fr\u00e5n Rimforsa och<br \/>\nordf\u00f6rande f\u00f6r KD i Kinda kommun, Max Dahlgren fr\u00e5n Kisa<br \/>\noch vice ordf\u00f6rande f\u00f6r Kristdemokraternas ungdomsf\u00f6rbund<br \/>\n(KDU) i \u00d6sterg\u00f6tland, Fredrik Hanstr\u00f6m fr\u00e5n \u00c5tvidaberg och<br \/>\nordf\u00f6rande f\u00f6r KD i \u00c5tvidaberg, Peter Gustavsson fr\u00e5n Asby<br \/>\ni Ydre kommun och kass\u00f6r f\u00f6r KD i Ydre samt Linda Masman<br \/>\nfr\u00e5n \u00d6sterbymo i Ydre kommun och ordf\u00f6rande f\u00f6r KD i Ydre.<\/p>\n<p>&nbsp;<\/p>\n<p><a href=\"http:\/\/wp.kristdemokraterna.se\/ydre\/files\/2024\/10\/img_0559.jpeg\"><img loading=\"lazy\" decoding=\"async\" class=\"alignnone size-medium wp-image-1927\" src=\"http:\/\/wp.kristdemokraterna.se\/ydre\/files\/2024\/10\/img_0559-225x300.jpeg\" alt=\"\" width=\"225\" height=\"300\" srcset=\"https:\/\/wp.kristdemokraterna.se\/ydre\/files\/2024\/10\/img_0559-225x300.jpeg 225w, https:\/\/wp.kristdemokraterna.se\/ydre\/files\/2024\/10\/img_0559-150x200.jpeg 150w, https:\/\/wp.kristdemokraterna.se\/ydre\/files\/2024\/10\/img_0559-370x493.jpeg 370w, https:\/\/wp.kristdemokraterna.se\/ydre\/files\/2024\/10\/img_0559-450x600.jpeg 450w, https:\/\/wp.kristdemokraterna.se\/ydre\/files\/2024\/10\/img_0559-280x373.jpeg 280w, https:\/\/wp.kristdemokraterna.se\/ydre\/files\/2024\/10\/img_0559-340x453.jpeg 340w, https:\/\/wp.kristdemokraterna.se\/ydre\/files\/2024\/10\/img_0559-42x56.jpeg 42w, https:\/\/wp.kristdemokraterna.se\/ydre\/files\/2024\/10\/img_0559.jpeg 720w\" sizes=\"auto, (max-width: 225px) 100vw, 225px\" \/><\/a><\/p>\n<p>Utdelning i KD-t\u00e4ltet av frukt och dricka till alla marknadsbes\u00f6kare.<\/p>\n<p>&nbsp;<\/p>\n<p>Vi i Kristdemokraterna i Ydre fick m\u00f6jlighet att p\u00e5 Momarken den 1 juni<br \/>\ni \u00d6sterbymo vara med och representera Kristdemokraterna i \u00d6sterg\u00f6tland<br \/>\ninf\u00f6r EU-valet den 9 juni 2024. D\u00e4r fick vi l\u00e5na KD i Mj\u00f6lbys t\u00e4lt vilket vi<br \/>\nvar mycket tacksamma f\u00f6r. D\u00e4rigenom fick vi m\u00f6jlighet att f\u00e5 tr\u00e4ffa m\u00e5nga<br \/>\nm\u00e4nniskor och ber\u00e4tta om vad KD vill g\u00f6ra inf\u00f6r EU-valet!<br \/>\nD\u00e5 det den dagen var mycket varmt var det m\u00e5nga som kom fram till oss i t\u00e4ltet<br \/>\noch ville ha dricka och frukt som vi delade ut till alla marknadsbes\u00f6kare.<br \/>\nD\u00e5 fick vi m\u00f6jlighet att presentera v\u00e5r politik, vilket var mycket roligt tycker vi.<br \/>\nVi fick \u00e4ven hj\u00e4lp ifr\u00e5n KD i Kinda och \u00c5tvidaberg genom Lena K\u00e4cker Johansson,<br \/>\nMax Dahlgren, Diana Dahlgren och Fredrik Hanstr\u00f6m<br \/>\nsom sl\u00f6t upp och fick kontakt med m\u00e4nniskor.<br \/>\nDet var vi mycket glada och tacksamma f\u00f6r!<br \/>\nEn mycket roligt och givande marknad tycker vi.<\/p>\n","protected":false},"excerpt":{"rendered":"<p>Kristdemokraterna i \u00d6sterg\u00f6tlands t\u00e4lt p\u00e5 Momarken i \u00d6sterbymo. Representanterna f\u00f6r Kristdemokraterna i \u00d6sterg\u00f6tland p\u00e5 bilden \u00e4r: Fr\u00e5n v\u00e4nster: Lena K\u00e4cker Johansson fr\u00e5n Rimforsa och ordf\u00f6rande f\u00f6r KD i Kinda kommun, Max Dahlgren fr\u00e5n Kisa och vice ordf\u00f6rande f\u00f6r Kristdemokraternas ungdomsf\u00f6rbund (KDU) i \u00d6sterg\u00f6tland, Fredrik Hanstr\u00f6m fr\u00e5n \u00c5tvidaberg och ordf\u00f6rande f\u00f6r KD i \u00c5tvidaberg, Peter Gustavsson <a class=\"read-more-link\" href=\"https:\/\/wp.kristdemokraterna.se\/ydre\/i-var-kommun\/har-ar-2024-ars-handelser\/momarken-i-osterbymo-2024-06-01\/\">L\u00e4s mer<\/a><\/p>\n","protected":false},"author":793,"featured_media":0,"parent":1809,"menu_order":0,"comment_status":"closed","ping_status":"closed","template":"","meta":{"_acf_changed":false,"footnotes":""},"class_list":["post-1925","page","type-page","status-publish","hentry"],"acf":[],"yoast_head":"<!-- This site is optimized with the Yoast SEO plugin v27.3 - https:\/\/yoast.com\/product\/yoast-seo-wordpress\/ -->\n<title>Momarken i \u00d6sterbymo 2024-06-01! - Kristdemokraterna i Ydre<\/title>\n<meta name=\"robots\" content=\"index, follow, max-snippet:-1, max-image-preview:large, max-video-preview:-1\" \/>\n<link rel=\"canonical\" href=\"https:\/\/wp.kristdemokraterna.se\/ydre\/i-var-kommun\/har-ar-2024-ars-handelser\/momarken-i-osterbymo-2024-06-01\/\" \/>\n<meta property=\"og:locale\" content=\"sv_SE\" \/>\n<meta property=\"og:type\" content=\"article\" \/>\n<meta property=\"og:title\" content=\"Momarken i \u00d6sterbymo 2024-06-01! - Kristdemokraterna i Ydre\" \/>\n<meta property=\"og:description\" content=\"Kristdemokraterna i \u00d6sterg\u00f6tlands t\u00e4lt p\u00e5 Momarken i \u00d6sterbymo. Representanterna f\u00f6r Kristdemokraterna i \u00d6sterg\u00f6tland p\u00e5 bilden \u00e4r: Fr\u00e5n v\u00e4nster: Lena K\u00e4cker Johansson fr\u00e5n Rimforsa och ordf\u00f6rande f\u00f6r KD i Kinda kommun, Max Dahlgren fr\u00e5n Kisa och vice ordf\u00f6rande f\u00f6r Kristdemokraternas ungdomsf\u00f6rbund (KDU) i \u00d6sterg\u00f6tland, Fredrik Hanstr\u00f6m fr\u00e5n \u00c5tvidaberg och ordf\u00f6rande f\u00f6r KD i \u00c5tvidaberg, Peter Gustavsson L\u00e4s mer\" \/>\n<meta property=\"og:url\" content=\"https:\/\/wp.kristdemokraterna.se\/ydre\/i-var-kommun\/har-ar-2024-ars-handelser\/momarken-i-osterbymo-2024-06-01\/\" \/>\n<meta property=\"og:site_name\" content=\"Kristdemokraterna i Ydre\" \/>\n<meta property=\"article:modified_time\" content=\"2024-10-18T16:19:38+00:00\" \/>\n<meta property=\"og:image\" content=\"http:\/\/wp.kristdemokraterna.se\/ydre\/files\/2024\/10\/img_0558-300x225.jpeg\" \/>\n<meta name=\"twitter:card\" content=\"summary_large_image\" \/>\n<meta name=\"twitter:label1\" content=\"Ber\u00e4knad l\u00e4stid\" \/>\n\t<meta name=\"twitter:data1\" content=\"2 minuter\" \/>\n<script type=\"application\/ld+json\" class=\"yoast-schema-graph\">{\"@context\":\"https:\\\/\\\/schema.org\",\"@graph\":[{\"@type\":\"WebPage\",\"@id\":\"https:\\\/\\\/wp.kristdemokraterna.se\\\/ydre\\\/i-var-kommun\\\/har-ar-2024-ars-handelser\\\/momarken-i-osterbymo-2024-06-01\\\/\",\"url\":\"https:\\\/\\\/wp.kristdemokraterna.se\\\/ydre\\\/i-var-kommun\\\/har-ar-2024-ars-handelser\\\/momarken-i-osterbymo-2024-06-01\\\/\",\"name\":\"Momarken i \u00d6sterbymo 2024-06-01! - Kristdemokraterna i Ydre\",\"isPartOf\":{\"@id\":\"https:\\\/\\\/wp.kristdemokraterna.se\\\/ydre\\\/#website\"},\"primaryImageOfPage\":{\"@id\":\"https:\\\/\\\/wp.kristdemokraterna.se\\\/ydre\\\/i-var-kommun\\\/har-ar-2024-ars-handelser\\\/momarken-i-osterbymo-2024-06-01\\\/#primaryimage\"},\"image\":{\"@id\":\"https:\\\/\\\/wp.kristdemokraterna.se\\\/ydre\\\/i-var-kommun\\\/har-ar-2024-ars-handelser\\\/momarken-i-osterbymo-2024-06-01\\\/#primaryimage\"},\"thumbnailUrl\":\"http:\\\/\\\/wp.kristdemokraterna.se\\\/ydre\\\/files\\\/2024\\\/10\\\/img_0558-300x225.jpeg\",\"datePublished\":\"2024-10-18T16:17:04+00:00\",\"dateModified\":\"2024-10-18T16:19:38+00:00\",\"breadcrumb\":{\"@id\":\"https:\\\/\\\/wp.kristdemokraterna.se\\\/ydre\\\/i-var-kommun\\\/har-ar-2024-ars-handelser\\\/momarken-i-osterbymo-2024-06-01\\\/#breadcrumb\"},\"inLanguage\":\"sv-SE\",\"potentialAction\":[{\"@type\":\"ReadAction\",\"target\":[\"https:\\\/\\\/wp.kristdemokraterna.se\\\/ydre\\\/i-var-kommun\\\/har-ar-2024-ars-handelser\\\/momarken-i-osterbymo-2024-06-01\\\/\"]}]},{\"@type\":\"ImageObject\",\"inLanguage\":\"sv-SE\",\"@id\":\"https:\\\/\\\/wp.kristdemokraterna.se\\\/ydre\\\/i-var-kommun\\\/har-ar-2024-ars-handelser\\\/momarken-i-osterbymo-2024-06-01\\\/#primaryimage\",\"url\":\"https:\\\/\\\/wp.kristdemokraterna.se\\\/ydre\\\/files\\\/2024\\\/10\\\/img_0558.jpeg\",\"contentUrl\":\"https:\\\/\\\/wp.kristdemokraterna.se\\\/ydre\\\/files\\\/2024\\\/10\\\/img_0558.jpeg\",\"width\":960,\"height\":720},{\"@type\":\"BreadcrumbList\",\"@id\":\"https:\\\/\\\/wp.kristdemokraterna.se\\\/ydre\\\/i-var-kommun\\\/har-ar-2024-ars-handelser\\\/momarken-i-osterbymo-2024-06-01\\\/#breadcrumb\",\"itemListElement\":[{\"@type\":\"ListItem\",\"position\":1,\"name\":\"Hem\",\"item\":\"https:\\\/\\\/wp.kristdemokraterna.se\\\/ydre\\\/\"},{\"@type\":\"ListItem\",\"position\":2,\"name\":\"Vad vill vi i v\u00e5r kommun\",\"item\":\"https:\\\/\\\/wp.kristdemokraterna.se\\\/ydre\\\/i-var-kommun\\\/\"},{\"@type\":\"ListItem\",\"position\":3,\"name\":\"H\u00e4r \u00e4r 2024 \u00e5rs h\u00e4ndelser\",\"item\":\"https:\\\/\\\/wp.kristdemokraterna.se\\\/ydre\\\/i-var-kommun\\\/har-ar-2024-ars-handelser\\\/\"},{\"@type\":\"ListItem\",\"position\":4,\"name\":\"Momarken i \u00d6sterbymo 2024-06-01!\"}]},{\"@type\":\"WebSite\",\"@id\":\"https:\\\/\\\/wp.kristdemokraterna.se\\\/ydre\\\/#website\",\"url\":\"https:\\\/\\\/wp.kristdemokraterna.se\\\/ydre\\\/\",\"name\":\"Kristdemokraterna i Ydre\",\"description\":\"En till Kristdemokraterna webbplats\",\"inLanguage\":\"sv-SE\"}]}<\/script>\n<!-- \/ Yoast SEO plugin. -->","yoast_head_json":{"title":"Momarken i \u00d6sterbymo 2024-06-01! - Kristdemokraterna i Ydre","robots":{"index":"index","follow":"follow","max-snippet":"max-snippet:-1","max-image-preview":"max-image-preview:large","max-video-preview":"max-video-preview:-1"},"canonical":"https:\/\/wp.kristdemokraterna.se\/ydre\/i-var-kommun\/har-ar-2024-ars-handelser\/momarken-i-osterbymo-2024-06-01\/","og_locale":"sv_SE","og_type":"article","og_title":"Momarken i \u00d6sterbymo 2024-06-01! - Kristdemokraterna i Ydre","og_description":"Kristdemokraterna i \u00d6sterg\u00f6tlands t\u00e4lt p\u00e5 Momarken i \u00d6sterbymo. Representanterna f\u00f6r Kristdemokraterna i \u00d6sterg\u00f6tland p\u00e5 bilden \u00e4r: Fr\u00e5n v\u00e4nster: Lena K\u00e4cker Johansson fr\u00e5n Rimforsa och ordf\u00f6rande f\u00f6r KD i Kinda kommun, Max Dahlgren fr\u00e5n Kisa och vice ordf\u00f6rande f\u00f6r Kristdemokraternas ungdomsf\u00f6rbund (KDU) i \u00d6sterg\u00f6tland, Fredrik Hanstr\u00f6m fr\u00e5n \u00c5tvidaberg och ordf\u00f6rande f\u00f6r KD i \u00c5tvidaberg, Peter Gustavsson L\u00e4s mer","og_url":"https:\/\/wp.kristdemokraterna.se\/ydre\/i-var-kommun\/har-ar-2024-ars-handelser\/momarken-i-osterbymo-2024-06-01\/","og_site_name":"Kristdemokraterna i Ydre","article_modified_time":"2024-10-18T16:19:38+00:00","og_image":[{"url":"http:\/\/wp.kristdemokraterna.se\/ydre\/files\/2024\/10\/img_0558-300x225.jpeg","type":"","width":"","height":""}],"twitter_card":"summary_large_image","twitter_misc":{"Ber\u00e4knad l\u00e4stid":"2 minuter"},"schema":{"@context":"https:\/\/schema.org","@graph":[{"@type":"WebPage","@id":"https:\/\/wp.kristdemokraterna.se\/ydre\/i-var-kommun\/har-ar-2024-ars-handelser\/momarken-i-osterbymo-2024-06-01\/","url":"https:\/\/wp.kristdemokraterna.se\/ydre\/i-var-kommun\/har-ar-2024-ars-handelser\/momarken-i-osterbymo-2024-06-01\/","name":"Momarken i \u00d6sterbymo 2024-06-01! - Kristdemokraterna i Ydre","isPartOf":{"@id":"https:\/\/wp.kristdemokraterna.se\/ydre\/#website"},"primaryImageOfPage":{"@id":"https:\/\/wp.kristdemokraterna.se\/ydre\/i-var-kommun\/har-ar-2024-ars-handelser\/momarken-i-osterbymo-2024-06-01\/#primaryimage"},"image":{"@id":"https:\/\/wp.kristdemokraterna.se\/ydre\/i-var-kommun\/har-ar-2024-ars-handelser\/momarken-i-osterbymo-2024-06-01\/#primaryimage"},"thumbnailUrl":"http:\/\/wp.kristdemokraterna.se\/ydre\/files\/2024\/10\/img_0558-300x225.jpeg","datePublished":"2024-10-18T16:17:04+00:00","dateModified":"2024-10-18T16:19:38+00:00","breadcrumb":{"@id":"https:\/\/wp.kristdemokraterna.se\/ydre\/i-var-kommun\/har-ar-2024-ars-handelser\/momarken-i-osterbymo-2024-06-01\/#breadcrumb"},"inLanguage":"sv-SE","potentialAction":[{"@type":"ReadAction","target":["https:\/\/wp.kristdemokraterna.se\/ydre\/i-var-kommun\/har-ar-2024-ars-handelser\/momarken-i-osterbymo-2024-06-01\/"]}]},{"@type":"ImageObject","inLanguage":"sv-SE","@id":"https:\/\/wp.kristdemokraterna.se\/ydre\/i-var-kommun\/har-ar-2024-ars-handelser\/momarken-i-osterbymo-2024-06-01\/#primaryimage","url":"https:\/\/wp.kristdemokraterna.se\/ydre\/files\/2024\/10\/img_0558.jpeg","contentUrl":"https:\/\/wp.kristdemokraterna.se\/ydre\/files\/2024\/10\/img_0558.jpeg","width":960,"height":720},{"@type":"BreadcrumbList","@id":"https:\/\/wp.kristdemokraterna.se\/ydre\/i-var-kommun\/har-ar-2024-ars-handelser\/momarken-i-osterbymo-2024-06-01\/#breadcrumb","itemListElement":[{"@type":"ListItem","position":1,"name":"Hem","item":"https:\/\/wp.kristdemokraterna.se\/ydre\/"},{"@type":"ListItem","position":2,"name":"Vad vill vi i v\u00e5r kommun","item":"https:\/\/wp.kristdemokraterna.se\/ydre\/i-var-kommun\/"},{"@type":"ListItem","position":3,"name":"H\u00e4r \u00e4r 2024 \u00e5rs h\u00e4ndelser","item":"https:\/\/wp.kristdemokraterna.se\/ydre\/i-var-kommun\/har-ar-2024-ars-handelser\/"},{"@type":"ListItem","position":4,"name":"Momarken i \u00d6sterbymo 2024-06-01!"}]},{"@type":"WebSite","@id":"https:\/\/wp.kristdemokraterna.se\/ydre\/#website","url":"https:\/\/wp.kristdemokraterna.se\/ydre\/","name":"Kristdemokraterna i Ydre","description":"En till Kristdemokraterna webbplats","inLanguage":"sv-SE"}]}},"_links":{"self":[{"href":"https:\/\/wp.kristdemokraterna.se\/ydre\/wp-json\/wp\/v2\/pages\/1925","targetHints":{"allow":["GET"]}}],"collection":[{"href":"https:\/\/wp.kristdemokraterna.se\/ydre\/wp-json\/wp\/v2\/pages"}],"about":[{"href":"https:\/\/wp.kristdemokraterna.se\/ydre\/wp-json\/wp\/v2\/types\/page"}],"author":[{"embeddable":true,"href":"https:\/\/wp.kristdemokraterna.se\/ydre\/wp-json\/wp\/v2\/users\/793"}],"replies":[{"embeddable":true,"href":"https:\/\/wp.kristdemokraterna.se\/ydre\/wp-json\/wp\/v2\/comments?post=1925"}],"version-history":[{"count":3,"href":"https:\/\/wp.kristdemokraterna.se\/ydre\/wp-json\/wp\/v2\/pages\/1925\/revisions"}],"predecessor-version":[{"id":1930,"href":"https:\/\/wp.kristdemokraterna.se\/ydre\/wp-json\/wp\/v2\/pages\/1925\/revisions\/1930"}],"up":[{"embeddable":true,"href":"https:\/\/wp.kristdemokraterna.se\/ydre\/wp-json\/wp\/v2\/pages\/1809"}],"wp:attachment":[{"href":"https:\/\/wp.kristdemokraterna.se\/ydre\/wp-json\/wp\/v2\/media?parent=1925"}],"curies":[{"name":"wp","href":"https:\/\/api.w.org\/{rel}","templated":true}]}}