{"id":1939,"date":"2024-10-18T19:00:07","date_gmt":"2024-10-18T17:00:07","guid":{"rendered":"https:\/\/wp.kristdemokraterna.se\/ydre\/?page_id=1939"},"modified":"2024-10-18T19:00:45","modified_gmt":"2024-10-18T17:00:45","slug":"budget-for-2025-overlamnades-till-riksdagen-2024-09-19-2","status":"publish","type":"page","link":"https:\/\/wp.kristdemokraterna.se\/ydre\/i-var-kommun\/har-ar-2024-ars-handelser\/budget-for-2025-overlamnades-till-riksdagen-2024-09-19-2\/","title":{"rendered":"Budget f\u00f6r 2025 \u00f6verl\u00e4mnades till riksdagen 2024-09-19!"},"content":{"rendered":"<p><a href=\"http:\/\/wp.kristdemokraterna.se\/ydre\/files\/2024\/10\/hans-eklind.jpg\"><img loading=\"lazy\" decoding=\"async\" class=\"alignnone size-medium wp-image-1890\" src=\"http:\/\/wp.kristdemokraterna.se\/ydre\/files\/2024\/10\/hans-eklind-240x300.jpg\" alt=\"\" width=\"240\" height=\"300\" srcset=\"https:\/\/wp.kristdemokraterna.se\/ydre\/files\/2024\/10\/hans-eklind-240x300.jpg 240w, https:\/\/wp.kristdemokraterna.se\/ydre\/files\/2024\/10\/hans-eklind-160x200.jpg 160w, https:\/\/wp.kristdemokraterna.se\/ydre\/files\/2024\/10\/hans-eklind-370x463.jpg 370w, https:\/\/wp.kristdemokraterna.se\/ydre\/files\/2024\/10\/hans-eklind-450x563.jpg 450w, https:\/\/wp.kristdemokraterna.se\/ydre\/files\/2024\/10\/hans-eklind-280x350.jpg 280w, https:\/\/wp.kristdemokraterna.se\/ydre\/files\/2024\/10\/hans-eklind-340x425.jpg 340w, https:\/\/wp.kristdemokraterna.se\/ydre\/files\/2024\/10\/hans-eklind-45x56.jpg 45w, https:\/\/wp.kristdemokraterna.se\/ydre\/files\/2024\/10\/hans-eklind.jpg 512w\" sizes=\"auto, (max-width: 240px) 100vw, 240px\" \/><\/a><\/p>\n<p>Budgetpropositionen f\u00f6r 2025 har l\u00e4mnats till riksdagen<br \/>\n<a href=\"https:\/\/regeringen.se\/sveriges-regering\/finansdepartementet\/statens-budget\/\" target=\"_blank\" rel=\"noopener\">https:\/\/regeringen.se\/sveriges-regering\/finansdepartementet\/statens-budget\/<\/a><\/p>\n","protected":false},"excerpt":{"rendered":"<p>Budgetpropositionen f\u00f6r 2025 har l\u00e4mnats till riksdagen https:\/\/regeringen.se\/sveriges-regering\/finansdepartementet\/statens-budget\/<\/p>\n","protected":false},"author":793,"featured_media":0,"parent":1809,"menu_order":0,"comment_status":"closed","ping_status":"closed","template":"","meta":{"_acf_changed":false,"footnotes":""},"class_list":["post-1939","page","type-page","status-publish","hentry"],"acf":[],"yoast_head":"<!-- This site is optimized with the Yoast SEO plugin v27.3 - https:\/\/yoast.com\/product\/yoast-seo-wordpress\/ -->\n<title>Budget f\u00f6r 2025 \u00f6verl\u00e4mnades till riksdagen 2024-09-19! - Kristdemokraterna i Ydre<\/title>\n<meta name=\"robots\" content=\"index, follow, max-snippet:-1, max-image-preview:large, max-video-preview:-1\" \/>\n<link rel=\"canonical\" href=\"https:\/\/wp.kristdemokraterna.se\/ydre\/i-var-kommun\/har-ar-2024-ars-handelser\/budget-for-2025-overlamnades-till-riksdagen-2024-09-19-2\/\" \/>\n<meta property=\"og:locale\" content=\"sv_SE\" \/>\n<meta property=\"og:type\" content=\"article\" \/>\n<meta property=\"og:title\" content=\"Budget f\u00f6r 2025 \u00f6verl\u00e4mnades till riksdagen 2024-09-19! - Kristdemokraterna i Ydre\" \/>\n<meta property=\"og:description\" content=\"Budgetpropositionen f\u00f6r 2025 har l\u00e4mnats till riksdagen https:\/\/regeringen.se\/sveriges-regering\/finansdepartementet\/statens-budget\/\" \/>\n<meta property=\"og:url\" content=\"https:\/\/wp.kristdemokraterna.se\/ydre\/i-var-kommun\/har-ar-2024-ars-handelser\/budget-for-2025-overlamnades-till-riksdagen-2024-09-19-2\/\" \/>\n<meta property=\"og:site_name\" content=\"Kristdemokraterna i Ydre\" \/>\n<meta property=\"article:modified_time\" content=\"2024-10-18T17:00:45+00:00\" \/>\n<meta property=\"og:image\" content=\"http:\/\/wp.kristdemokraterna.se\/ydre\/files\/2024\/10\/hans-eklind-240x300.jpg\" \/>\n<meta name=\"twitter:card\" content=\"summary_large_image\" \/>\n<meta name=\"twitter:label1\" content=\"Ber\u00e4knad l\u00e4stid\" \/>\n\t<meta name=\"twitter:data1\" content=\"1 minut\" \/>\n<script type=\"application\/ld+json\" class=\"yoast-schema-graph\">{\"@context\":\"https:\\\/\\\/schema.org\",\"@graph\":[{\"@type\":\"WebPage\",\"@id\":\"https:\\\/\\\/wp.kristdemokraterna.se\\\/ydre\\\/i-var-kommun\\\/har-ar-2024-ars-handelser\\\/budget-for-2025-overlamnades-till-riksdagen-2024-09-19-2\\\/\",\"url\":\"https:\\\/\\\/wp.kristdemokraterna.se\\\/ydre\\\/i-var-kommun\\\/har-ar-2024-ars-handelser\\\/budget-for-2025-overlamnades-till-riksdagen-2024-09-19-2\\\/\",\"name\":\"Budget f\u00f6r 2025 \u00f6verl\u00e4mnades till riksdagen 2024-09-19! - Kristdemokraterna i Ydre\",\"isPartOf\":{\"@id\":\"https:\\\/\\\/wp.kristdemokraterna.se\\\/ydre\\\/#website\"},\"primaryImageOfPage\":{\"@id\":\"https:\\\/\\\/wp.kristdemokraterna.se\\\/ydre\\\/i-var-kommun\\\/har-ar-2024-ars-handelser\\\/budget-for-2025-overlamnades-till-riksdagen-2024-09-19-2\\\/#primaryimage\"},\"image\":{\"@id\":\"https:\\\/\\\/wp.kristdemokraterna.se\\\/ydre\\\/i-var-kommun\\\/har-ar-2024-ars-handelser\\\/budget-for-2025-overlamnades-till-riksdagen-2024-09-19-2\\\/#primaryimage\"},\"thumbnailUrl\":\"http:\\\/\\\/wp.kristdemokraterna.se\\\/ydre\\\/files\\\/2024\\\/10\\\/hans-eklind-240x300.jpg\",\"datePublished\":\"2024-10-18T17:00:07+00:00\",\"dateModified\":\"2024-10-18T17:00:45+00:00\",\"breadcrumb\":{\"@id\":\"https:\\\/\\\/wp.kristdemokraterna.se\\\/ydre\\\/i-var-kommun\\\/har-ar-2024-ars-handelser\\\/budget-for-2025-overlamnades-till-riksdagen-2024-09-19-2\\\/#breadcrumb\"},\"inLanguage\":\"sv-SE\",\"potentialAction\":[{\"@type\":\"ReadAction\",\"target\":[\"https:\\\/\\\/wp.kristdemokraterna.se\\\/ydre\\\/i-var-kommun\\\/har-ar-2024-ars-handelser\\\/budget-for-2025-overlamnades-till-riksdagen-2024-09-19-2\\\/\"]}]},{\"@type\":\"ImageObject\",\"inLanguage\":\"sv-SE\",\"@id\":\"https:\\\/\\\/wp.kristdemokraterna.se\\\/ydre\\\/i-var-kommun\\\/har-ar-2024-ars-handelser\\\/budget-for-2025-overlamnades-till-riksdagen-2024-09-19-2\\\/#primaryimage\",\"url\":\"https:\\\/\\\/wp.kristdemokraterna.se\\\/ydre\\\/files\\\/2024\\\/10\\\/hans-eklind.jpg\",\"contentUrl\":\"https:\\\/\\\/wp.kristdemokraterna.se\\\/ydre\\\/files\\\/2024\\\/10\\\/hans-eklind.jpg\",\"width\":512,\"height\":640},{\"@type\":\"BreadcrumbList\",\"@id\":\"https:\\\/\\\/wp.kristdemokraterna.se\\\/ydre\\\/i-var-kommun\\\/har-ar-2024-ars-handelser\\\/budget-for-2025-overlamnades-till-riksdagen-2024-09-19-2\\\/#breadcrumb\",\"itemListElement\":[{\"@type\":\"ListItem\",\"position\":1,\"name\":\"Hem\",\"item\":\"https:\\\/\\\/wp.kristdemokraterna.se\\\/ydre\\\/\"},{\"@type\":\"ListItem\",\"position\":2,\"name\":\"Vad vill vi i v\u00e5r kommun\",\"item\":\"https:\\\/\\\/wp.kristdemokraterna.se\\\/ydre\\\/i-var-kommun\\\/\"},{\"@type\":\"ListItem\",\"position\":3,\"name\":\"H\u00e4r \u00e4r 2024 \u00e5rs h\u00e4ndelser\",\"item\":\"https:\\\/\\\/wp.kristdemokraterna.se\\\/ydre\\\/i-var-kommun\\\/har-ar-2024-ars-handelser\\\/\"},{\"@type\":\"ListItem\",\"position\":4,\"name\":\"Budget f\u00f6r 2025 \u00f6verl\u00e4mnades till riksdagen 2024-09-19!\"}]},{\"@type\":\"WebSite\",\"@id\":\"https:\\\/\\\/wp.kristdemokraterna.se\\\/ydre\\\/#website\",\"url\":\"https:\\\/\\\/wp.kristdemokraterna.se\\\/ydre\\\/\",\"name\":\"Kristdemokraterna i Ydre\",\"description\":\"En till Kristdemokraterna webbplats\",\"inLanguage\":\"sv-SE\"}]}<\/script>\n<!-- \/ Yoast SEO plugin. -->","yoast_head_json":{"title":"Budget f\u00f6r 2025 \u00f6verl\u00e4mnades till riksdagen 2024-09-19! - Kristdemokraterna i Ydre","robots":{"index":"index","follow":"follow","max-snippet":"max-snippet:-1","max-image-preview":"max-image-preview:large","max-video-preview":"max-video-preview:-1"},"canonical":"https:\/\/wp.kristdemokraterna.se\/ydre\/i-var-kommun\/har-ar-2024-ars-handelser\/budget-for-2025-overlamnades-till-riksdagen-2024-09-19-2\/","og_locale":"sv_SE","og_type":"article","og_title":"Budget f\u00f6r 2025 \u00f6verl\u00e4mnades till riksdagen 2024-09-19! - Kristdemokraterna i Ydre","og_description":"Budgetpropositionen f\u00f6r 2025 har l\u00e4mnats till riksdagen https:\/\/regeringen.se\/sveriges-regering\/finansdepartementet\/statens-budget\/","og_url":"https:\/\/wp.kristdemokraterna.se\/ydre\/i-var-kommun\/har-ar-2024-ars-handelser\/budget-for-2025-overlamnades-till-riksdagen-2024-09-19-2\/","og_site_name":"Kristdemokraterna i Ydre","article_modified_time":"2024-10-18T17:00:45+00:00","og_image":[{"url":"http:\/\/wp.kristdemokraterna.se\/ydre\/files\/2024\/10\/hans-eklind-240x300.jpg","type":"","width":"","height":""}],"twitter_card":"summary_large_image","twitter_misc":{"Ber\u00e4knad l\u00e4stid":"1 minut"},"schema":{"@context":"https:\/\/schema.org","@graph":[{"@type":"WebPage","@id":"https:\/\/wp.kristdemokraterna.se\/ydre\/i-var-kommun\/har-ar-2024-ars-handelser\/budget-for-2025-overlamnades-till-riksdagen-2024-09-19-2\/","url":"https:\/\/wp.kristdemokraterna.se\/ydre\/i-var-kommun\/har-ar-2024-ars-handelser\/budget-for-2025-overlamnades-till-riksdagen-2024-09-19-2\/","name":"Budget f\u00f6r 2025 \u00f6verl\u00e4mnades till riksdagen 2024-09-19! - Kristdemokraterna i Ydre","isPartOf":{"@id":"https:\/\/wp.kristdemokraterna.se\/ydre\/#website"},"primaryImageOfPage":{"@id":"https:\/\/wp.kristdemokraterna.se\/ydre\/i-var-kommun\/har-ar-2024-ars-handelser\/budget-for-2025-overlamnades-till-riksdagen-2024-09-19-2\/#primaryimage"},"image":{"@id":"https:\/\/wp.kristdemokraterna.se\/ydre\/i-var-kommun\/har-ar-2024-ars-handelser\/budget-for-2025-overlamnades-till-riksdagen-2024-09-19-2\/#primaryimage"},"thumbnailUrl":"http:\/\/wp.kristdemokraterna.se\/ydre\/files\/2024\/10\/hans-eklind-240x300.jpg","datePublished":"2024-10-18T17:00:07+00:00","dateModified":"2024-10-18T17:00:45+00:00","breadcrumb":{"@id":"https:\/\/wp.kristdemokraterna.se\/ydre\/i-var-kommun\/har-ar-2024-ars-handelser\/budget-for-2025-overlamnades-till-riksdagen-2024-09-19-2\/#breadcrumb"},"inLanguage":"sv-SE","potentialAction":[{"@type":"ReadAction","target":["https:\/\/wp.kristdemokraterna.se\/ydre\/i-var-kommun\/har-ar-2024-ars-handelser\/budget-for-2025-overlamnades-till-riksdagen-2024-09-19-2\/"]}]},{"@type":"ImageObject","inLanguage":"sv-SE","@id":"https:\/\/wp.kristdemokraterna.se\/ydre\/i-var-kommun\/har-ar-2024-ars-handelser\/budget-for-2025-overlamnades-till-riksdagen-2024-09-19-2\/#primaryimage","url":"https:\/\/wp.kristdemokraterna.se\/ydre\/files\/2024\/10\/hans-eklind.jpg","contentUrl":"https:\/\/wp.kristdemokraterna.se\/ydre\/files\/2024\/10\/hans-eklind.jpg","width":512,"height":640},{"@type":"BreadcrumbList","@id":"https:\/\/wp.kristdemokraterna.se\/ydre\/i-var-kommun\/har-ar-2024-ars-handelser\/budget-for-2025-overlamnades-till-riksdagen-2024-09-19-2\/#breadcrumb","itemListElement":[{"@type":"ListItem","position":1,"name":"Hem","item":"https:\/\/wp.kristdemokraterna.se\/ydre\/"},{"@type":"ListItem","position":2,"name":"Vad vill vi i v\u00e5r kommun","item":"https:\/\/wp.kristdemokraterna.se\/ydre\/i-var-kommun\/"},{"@type":"ListItem","position":3,"name":"H\u00e4r \u00e4r 2024 \u00e5rs h\u00e4ndelser","item":"https:\/\/wp.kristdemokraterna.se\/ydre\/i-var-kommun\/har-ar-2024-ars-handelser\/"},{"@type":"ListItem","position":4,"name":"Budget f\u00f6r 2025 \u00f6verl\u00e4mnades till riksdagen 2024-09-19!"}]},{"@type":"WebSite","@id":"https:\/\/wp.kristdemokraterna.se\/ydre\/#website","url":"https:\/\/wp.kristdemokraterna.se\/ydre\/","name":"Kristdemokraterna i Ydre","description":"En till Kristdemokraterna webbplats","inLanguage":"sv-SE"}]}},"_links":{"self":[{"href":"https:\/\/wp.kristdemokraterna.se\/ydre\/wp-json\/wp\/v2\/pages\/1939","targetHints":{"allow":["GET"]}}],"collection":[{"href":"https:\/\/wp.kristdemokraterna.se\/ydre\/wp-json\/wp\/v2\/pages"}],"about":[{"href":"https:\/\/wp.kristdemokraterna.se\/ydre\/wp-json\/wp\/v2\/types\/page"}],"author":[{"embeddable":true,"href":"https:\/\/wp.kristdemokraterna.se\/ydre\/wp-json\/wp\/v2\/users\/793"}],"replies":[{"embeddable":true,"href":"https:\/\/wp.kristdemokraterna.se\/ydre\/wp-json\/wp\/v2\/comments?post=1939"}],"version-history":[{"count":2,"href":"https:\/\/wp.kristdemokraterna.se\/ydre\/wp-json\/wp\/v2\/pages\/1939\/revisions"}],"predecessor-version":[{"id":1941,"href":"https:\/\/wp.kristdemokraterna.se\/ydre\/wp-json\/wp\/v2\/pages\/1939\/revisions\/1941"}],"up":[{"embeddable":true,"href":"https:\/\/wp.kristdemokraterna.se\/ydre\/wp-json\/wp\/v2\/pages\/1809"}],"wp:attachment":[{"href":"https:\/\/wp.kristdemokraterna.se\/ydre\/wp-json\/wp\/v2\/media?parent=1939"}],"curies":[{"name":"wp","href":"https:\/\/api.w.org\/{rel}","templated":true}]}}