{"id":520,"date":"2018-05-12T17:47:51","date_gmt":"2018-05-12T15:47:51","guid":{"rendered":"http:\/\/wp.kristdemokraterna.se\/ydre\/?page_id=520"},"modified":"2018-05-12T18:32:39","modified_gmt":"2018-05-12T16:32:39","slug":"alderstrappan","status":"publish","type":"page","link":"https:\/\/wp.kristdemokraterna.se\/ydre\/alderstrappan\/","title":{"rendered":"\u00c5lderstrappan"},"content":{"rendered":"<p><img decoding=\"async\" src=\"http:\/\/ydrebo.se\/kd\/trappan.JPG\" height=\"240\" \/><\/p>\n<p><span style=\"font-size: large\">\u00c5lderstrappa \u00e4r ett bildmotiv som \u00e4r vanligt inom folklig bildkonst fr\u00e5n 1600-talet fram till 1800-talet.<br \/>\nMan t\u00e4nkte sig ett liv som varade i 100 \u00e5r &#8211; fr\u00e5n vaggan till graven. Ser man noga efter finns vaggan med l\u00e4ngst ner till v\u00e4nster. P\u00e5 f\u00f6rsta steget var man barn (10 \u00e5r). Sedan f\u00f6ljde familjebildning, arbete och p\u00e5 trappsteget vid 50 \u00e5r stod man p\u00e5 livets h\u00f6jdpunkt. D\u00e4r v\u00e4nde det steg f\u00f6r steg f\u00f6r att sluta i graven.<\/span><\/p>\n<p><span style=\"font-size: large\">I dag kanske vi inte t\u00e4nker i de h\u00e4r banorna. H\u00f6jdpunkten varierar fr\u00e5n person till person.<br \/>\nLivscykeln \u00e4r \u00e4nd\u00e5 den samma. Vi f\u00f6ds, lever v\u00e5rt liv och sedan d\u00f6r vi.<br \/>\n<b>Vi kristdemokrater vill f\u00f6rs\u00f6ka skapa ett samh\u00e4lle som ser till m\u00e4nniskans behov i alla \u00e5ldrar<\/b>. D\u00e4rf\u00f6r valde jag bilden av \u00e5lderstrappan.<\/span><\/p>\n<p><span style=\"font-size: large\">\/Barbro<\/span><\/p>\n<p><span style=\"font-size: large\"><img decoding=\"async\" src=\"http:\/\/ydrebo.se\/kd\/teddy.gif\" height=\"115\" \/>\u00a0\u00a0\u00a0\u00a0\u00a0<img decoding=\"async\" src=\"http:\/\/ydrebo.se\/kd\/rullstol.jpg\" height=\"201\" \/><\/span><\/p>\n","protected":false},"excerpt":{"rendered":"<p>\u00c5lderstrappa \u00e4r ett bildmotiv som \u00e4r vanligt inom folklig bildkonst fr\u00e5n 1600-talet fram till 1800-talet. Man t\u00e4nkte sig ett liv som varade i 100 \u00e5r &#8211; fr\u00e5n vaggan till graven. Ser man noga efter finns vaggan med l\u00e4ngst ner till v\u00e4nster. P\u00e5 f\u00f6rsta steget var man barn (10 \u00e5r). Sedan f\u00f6ljde familjebildning, arbete och p\u00e5 <a class=\"read-more-link\" href=\"https:\/\/wp.kristdemokraterna.se\/ydre\/alderstrappan\/\">L\u00e4s mer<\/a><\/p>\n","protected":false},"author":793,"featured_media":0,"parent":0,"menu_order":0,"comment_status":"closed","ping_status":"closed","template":"","meta":{"_acf_changed":false,"footnotes":""},"class_list":["post-520","page","type-page","status-publish","hentry"],"acf":[],"yoast_head":"<!-- This site is optimized with the Yoast SEO plugin v27.3 - https:\/\/yoast.com\/product\/yoast-seo-wordpress\/ -->\n<title>\u00c5lderstrappan - Kristdemokraterna i Ydre<\/title>\n<meta name=\"robots\" content=\"index, follow, max-snippet:-1, max-image-preview:large, max-video-preview:-1\" \/>\n<link rel=\"canonical\" href=\"https:\/\/wp.kristdemokraterna.se\/ydre\/alderstrappan\/\" \/>\n<meta property=\"og:locale\" content=\"sv_SE\" \/>\n<meta property=\"og:type\" content=\"article\" \/>\n<meta property=\"og:title\" content=\"\u00c5lderstrappan - Kristdemokraterna i Ydre\" \/>\n<meta property=\"og:description\" content=\"\u00c5lderstrappa \u00e4r ett bildmotiv som \u00e4r vanligt inom folklig bildkonst fr\u00e5n 1600-talet fram till 1800-talet. Man t\u00e4nkte sig ett liv som varade i 100 \u00e5r &#8211; fr\u00e5n vaggan till graven. Ser man noga efter finns vaggan med l\u00e4ngst ner till v\u00e4nster. P\u00e5 f\u00f6rsta steget var man barn (10 \u00e5r). Sedan f\u00f6ljde familjebildning, arbete och p\u00e5 L\u00e4s mer\" \/>\n<meta property=\"og:url\" content=\"https:\/\/wp.kristdemokraterna.se\/ydre\/alderstrappan\/\" \/>\n<meta property=\"og:site_name\" content=\"Kristdemokraterna i Ydre\" \/>\n<meta property=\"article:modified_time\" content=\"2018-05-12T16:32:39+00:00\" \/>\n<meta property=\"og:image\" content=\"http:\/\/ydrebo.se\/kd\/trappan.JPG\" \/>\n<meta name=\"twitter:card\" content=\"summary_large_image\" \/>\n<meta name=\"twitter:label1\" content=\"Ber\u00e4knad l\u00e4stid\" \/>\n\t<meta name=\"twitter:data1\" content=\"1 minut\" \/>\n<script type=\"application\/ld+json\" class=\"yoast-schema-graph\">{\"@context\":\"https:\\\/\\\/schema.org\",\"@graph\":[{\"@type\":\"WebPage\",\"@id\":\"https:\\\/\\\/wp.kristdemokraterna.se\\\/ydre\\\/alderstrappan\\\/\",\"url\":\"https:\\\/\\\/wp.kristdemokraterna.se\\\/ydre\\\/alderstrappan\\\/\",\"name\":\"\u00c5lderstrappan - Kristdemokraterna i Ydre\",\"isPartOf\":{\"@id\":\"https:\\\/\\\/wp.kristdemokraterna.se\\\/ydre\\\/#website\"},\"primaryImageOfPage\":{\"@id\":\"https:\\\/\\\/wp.kristdemokraterna.se\\\/ydre\\\/alderstrappan\\\/#primaryimage\"},\"image\":{\"@id\":\"https:\\\/\\\/wp.kristdemokraterna.se\\\/ydre\\\/alderstrappan\\\/#primaryimage\"},\"thumbnailUrl\":\"http:\\\/\\\/ydrebo.se\\\/kd\\\/trappan.JPG\",\"datePublished\":\"2018-05-12T15:47:51+00:00\",\"dateModified\":\"2018-05-12T16:32:39+00:00\",\"breadcrumb\":{\"@id\":\"https:\\\/\\\/wp.kristdemokraterna.se\\\/ydre\\\/alderstrappan\\\/#breadcrumb\"},\"inLanguage\":\"sv-SE\",\"potentialAction\":[{\"@type\":\"ReadAction\",\"target\":[\"https:\\\/\\\/wp.kristdemokraterna.se\\\/ydre\\\/alderstrappan\\\/\"]}]},{\"@type\":\"ImageObject\",\"inLanguage\":\"sv-SE\",\"@id\":\"https:\\\/\\\/wp.kristdemokraterna.se\\\/ydre\\\/alderstrappan\\\/#primaryimage\",\"url\":\"http:\\\/\\\/ydrebo.se\\\/kd\\\/trappan.JPG\",\"contentUrl\":\"http:\\\/\\\/ydrebo.se\\\/kd\\\/trappan.JPG\"},{\"@type\":\"BreadcrumbList\",\"@id\":\"https:\\\/\\\/wp.kristdemokraterna.se\\\/ydre\\\/alderstrappan\\\/#breadcrumb\",\"itemListElement\":[{\"@type\":\"ListItem\",\"position\":1,\"name\":\"Hem\",\"item\":\"https:\\\/\\\/wp.kristdemokraterna.se\\\/ydre\\\/\"},{\"@type\":\"ListItem\",\"position\":2,\"name\":\"\u00c5lderstrappan\"}]},{\"@type\":\"WebSite\",\"@id\":\"https:\\\/\\\/wp.kristdemokraterna.se\\\/ydre\\\/#website\",\"url\":\"https:\\\/\\\/wp.kristdemokraterna.se\\\/ydre\\\/\",\"name\":\"Kristdemokraterna i Ydre\",\"description\":\"En till Kristdemokraterna webbplats\",\"inLanguage\":\"sv-SE\"}]}<\/script>\n<!-- \/ Yoast SEO plugin. -->","yoast_head_json":{"title":"\u00c5lderstrappan - Kristdemokraterna i Ydre","robots":{"index":"index","follow":"follow","max-snippet":"max-snippet:-1","max-image-preview":"max-image-preview:large","max-video-preview":"max-video-preview:-1"},"canonical":"https:\/\/wp.kristdemokraterna.se\/ydre\/alderstrappan\/","og_locale":"sv_SE","og_type":"article","og_title":"\u00c5lderstrappan - Kristdemokraterna i Ydre","og_description":"\u00c5lderstrappa \u00e4r ett bildmotiv som \u00e4r vanligt inom folklig bildkonst fr\u00e5n 1600-talet fram till 1800-talet. Man t\u00e4nkte sig ett liv som varade i 100 \u00e5r &#8211; fr\u00e5n vaggan till graven. Ser man noga efter finns vaggan med l\u00e4ngst ner till v\u00e4nster. P\u00e5 f\u00f6rsta steget var man barn (10 \u00e5r). Sedan f\u00f6ljde familjebildning, arbete och p\u00e5 L\u00e4s mer","og_url":"https:\/\/wp.kristdemokraterna.se\/ydre\/alderstrappan\/","og_site_name":"Kristdemokraterna i Ydre","article_modified_time":"2018-05-12T16:32:39+00:00","og_image":[{"url":"http:\/\/ydrebo.se\/kd\/trappan.JPG","type":"","width":"","height":""}],"twitter_card":"summary_large_image","twitter_misc":{"Ber\u00e4knad l\u00e4stid":"1 minut"},"schema":{"@context":"https:\/\/schema.org","@graph":[{"@type":"WebPage","@id":"https:\/\/wp.kristdemokraterna.se\/ydre\/alderstrappan\/","url":"https:\/\/wp.kristdemokraterna.se\/ydre\/alderstrappan\/","name":"\u00c5lderstrappan - Kristdemokraterna i Ydre","isPartOf":{"@id":"https:\/\/wp.kristdemokraterna.se\/ydre\/#website"},"primaryImageOfPage":{"@id":"https:\/\/wp.kristdemokraterna.se\/ydre\/alderstrappan\/#primaryimage"},"image":{"@id":"https:\/\/wp.kristdemokraterna.se\/ydre\/alderstrappan\/#primaryimage"},"thumbnailUrl":"http:\/\/ydrebo.se\/kd\/trappan.JPG","datePublished":"2018-05-12T15:47:51+00:00","dateModified":"2018-05-12T16:32:39+00:00","breadcrumb":{"@id":"https:\/\/wp.kristdemokraterna.se\/ydre\/alderstrappan\/#breadcrumb"},"inLanguage":"sv-SE","potentialAction":[{"@type":"ReadAction","target":["https:\/\/wp.kristdemokraterna.se\/ydre\/alderstrappan\/"]}]},{"@type":"ImageObject","inLanguage":"sv-SE","@id":"https:\/\/wp.kristdemokraterna.se\/ydre\/alderstrappan\/#primaryimage","url":"http:\/\/ydrebo.se\/kd\/trappan.JPG","contentUrl":"http:\/\/ydrebo.se\/kd\/trappan.JPG"},{"@type":"BreadcrumbList","@id":"https:\/\/wp.kristdemokraterna.se\/ydre\/alderstrappan\/#breadcrumb","itemListElement":[{"@type":"ListItem","position":1,"name":"Hem","item":"https:\/\/wp.kristdemokraterna.se\/ydre\/"},{"@type":"ListItem","position":2,"name":"\u00c5lderstrappan"}]},{"@type":"WebSite","@id":"https:\/\/wp.kristdemokraterna.se\/ydre\/#website","url":"https:\/\/wp.kristdemokraterna.se\/ydre\/","name":"Kristdemokraterna i Ydre","description":"En till Kristdemokraterna webbplats","inLanguage":"sv-SE"}]}},"_links":{"self":[{"href":"https:\/\/wp.kristdemokraterna.se\/ydre\/wp-json\/wp\/v2\/pages\/520","targetHints":{"allow":["GET"]}}],"collection":[{"href":"https:\/\/wp.kristdemokraterna.se\/ydre\/wp-json\/wp\/v2\/pages"}],"about":[{"href":"https:\/\/wp.kristdemokraterna.se\/ydre\/wp-json\/wp\/v2\/types\/page"}],"author":[{"embeddable":true,"href":"https:\/\/wp.kristdemokraterna.se\/ydre\/wp-json\/wp\/v2\/users\/793"}],"replies":[{"embeddable":true,"href":"https:\/\/wp.kristdemokraterna.se\/ydre\/wp-json\/wp\/v2\/comments?post=520"}],"version-history":[{"count":1,"href":"https:\/\/wp.kristdemokraterna.se\/ydre\/wp-json\/wp\/v2\/pages\/520\/revisions"}],"predecessor-version":[{"id":521,"href":"https:\/\/wp.kristdemokraterna.se\/ydre\/wp-json\/wp\/v2\/pages\/520\/revisions\/521"}],"wp:attachment":[{"href":"https:\/\/wp.kristdemokraterna.se\/ydre\/wp-json\/wp\/v2\/media?parent=520"}],"curies":[{"name":"wp","href":"https:\/\/api.w.org\/{rel}","templated":true}]}}