{"id":527,"date":"2018-05-12T18:35:56","date_gmt":"2018-05-12T16:35:56","guid":{"rendered":"http:\/\/wp.kristdemokraterna.se\/ydre\/?page_id=527"},"modified":"2018-05-12T18:38:01","modified_gmt":"2018-05-12T16:38:01","slug":"kristdemokraternas-politiska-programforklaring","status":"publish","type":"page","link":"https:\/\/wp.kristdemokraterna.se\/ydre\/kristdemokraternas-politiska-programforklaring\/","title":{"rendered":"Kristdemokraternas politiska programf\u00f6rklaring"},"content":{"rendered":"<p>V\u00e5rt m\u00e5l \u00e4r ett samh\u00e4lle d\u00e4r frihet f\u00f6renas med omsorg om de svaga. Ett samh\u00e4lle som st\u00f6djer familjen och skapar f\u00f6ruts\u00e4ttningar f\u00f6r ett blomstrande n\u00e4rings- och f\u00f6reningsliv.<\/p>\n<p><span style=\"font-size: x-large\">Med barn och unga i fokus<\/span><\/p>\n<p>Sveriges utveckling avg\u00f6rs av hur vi i dag tar hand om v\u00e5ra barn och unga \u2013 hur mycket vi satsar p\u00e5 deras uppv\u00e4xt.<\/p>\n<p>Vi vill:<\/p>\n<p>\u2022 \u00d6ka familjers valfrihet och m\u00f6jlighet till mer tid med barnen.<br \/>\n\u2022 F\u00f6rb\u00e4ttra kvaliteten i f\u00f6rskolan och skolan.<br \/>\n\u2022 St\u00e4rka ungdomars m\u00f6jlighet att f\u00e5 jobb.<br \/>\n\u2022 Minska ungdomsbrottsligheten och st\u00f6dja brottsoffren.<\/p>\n<p><span style=\"font-size: x-large\">Respekt f\u00f6r de \u00e4ldre<\/span><\/p>\n<p>\u00c4ldre personer ska f\u00e5 leva ett v\u00e4rdigt liv och k\u00e4nna v\u00e4lbefinnande. \u00c4ldre personers erfarenhet och kunskap ska tas tillvara. Alla har ett unikt v\u00e4rde och ska kunna \u00e5ldras i trygghet.<\/p>\n<p>Vi vill:<\/p>\n<p>\u2022 Forts\u00e4tta s\u00e4nka skatten f\u00f6r pension\u00e4rer.<br \/>\n\u2022 Utveckla och v\u00e4rna valfrihet och kvalitet i \u00e4ldreomsorgen.<\/p>\n<p><span style=\"font-size: x-large\">Fler f\u00f6retag ger fler jobb<\/span><\/p>\n<p>Det privata n\u00e4ringslivet och entrepren\u00f6rskapet \u00e4r grunden f\u00f6r Sveriges v\u00e4lf\u00e4rd. Nya jobb kan inte kommenderas fram av politiker. De skapas n\u00e4r enskilda m\u00e4nniskor finner det m\u00f6dan v\u00e4rt att starta eller utveckla ett f\u00f6retag.<\/p>\n<p>Vi vill:<\/p>\n<p>\u2022 Fr\u00e4mja f\u00f6retagsamheten genom fortsatt regelf\u00f6renklingsarbete, \u00f6kad tillg\u00e5ng till riskkapital och s\u00e4nkta arbetsgivaravgifter f\u00f6r fr\u00e4mst de mindre f\u00f6retag.<\/p>\n<p>H\u00e4mtat fr\u00e5n Kd riks.<\/p>\n","protected":false},"excerpt":{"rendered":"<p>V\u00e5rt m\u00e5l \u00e4r ett samh\u00e4lle d\u00e4r frihet f\u00f6renas med omsorg om de svaga. Ett samh\u00e4lle som st\u00f6djer familjen och skapar f\u00f6ruts\u00e4ttningar f\u00f6r ett blomstrande n\u00e4rings- och f\u00f6reningsliv. Med barn och unga i fokus Sveriges utveckling avg\u00f6rs av hur vi i dag tar hand om v\u00e5ra barn och unga \u2013 hur mycket vi satsar p\u00e5 deras <a class=\"read-more-link\" href=\"https:\/\/wp.kristdemokraterna.se\/ydre\/kristdemokraternas-politiska-programforklaring\/\">L\u00e4s mer<\/a><\/p>\n","protected":false},"author":793,"featured_media":0,"parent":0,"menu_order":0,"comment_status":"closed","ping_status":"closed","template":"","meta":{"_acf_changed":false,"footnotes":""},"class_list":["post-527","page","type-page","status-publish","hentry"],"acf":[],"yoast_head":"<!-- This site is optimized with the Yoast SEO plugin v27.5 - https:\/\/yoast.com\/product\/yoast-seo-wordpress\/ -->\n<title>Kristdemokraternas politiska programf\u00f6rklaring - Kristdemokraterna i Ydre<\/title>\n<meta name=\"robots\" content=\"index, follow, max-snippet:-1, max-image-preview:large, max-video-preview:-1\" \/>\n<link rel=\"canonical\" href=\"https:\/\/wp.kristdemokraterna.se\/ydre\/kristdemokraternas-politiska-programforklaring\/\" \/>\n<meta property=\"og:locale\" content=\"sv_SE\" \/>\n<meta property=\"og:type\" content=\"article\" \/>\n<meta property=\"og:title\" content=\"Kristdemokraternas politiska programf\u00f6rklaring - Kristdemokraterna i Ydre\" \/>\n<meta property=\"og:description\" content=\"V\u00e5rt m\u00e5l \u00e4r ett samh\u00e4lle d\u00e4r frihet f\u00f6renas med omsorg om de svaga. Ett samh\u00e4lle som st\u00f6djer familjen och skapar f\u00f6ruts\u00e4ttningar f\u00f6r ett blomstrande n\u00e4rings- och f\u00f6reningsliv. Med barn och unga i fokus Sveriges utveckling avg\u00f6rs av hur vi i dag tar hand om v\u00e5ra barn och unga \u2013 hur mycket vi satsar p\u00e5 deras L\u00e4s mer\" \/>\n<meta property=\"og:url\" content=\"https:\/\/wp.kristdemokraterna.se\/ydre\/kristdemokraternas-politiska-programforklaring\/\" \/>\n<meta property=\"og:site_name\" content=\"Kristdemokraterna i Ydre\" \/>\n<meta property=\"article:modified_time\" content=\"2018-05-12T16:38:01+00:00\" \/>\n<meta name=\"twitter:card\" content=\"summary_large_image\" \/>\n<meta name=\"twitter:label1\" content=\"Ber\u00e4knad l\u00e4stid\" \/>\n\t<meta name=\"twitter:data1\" content=\"1 minut\" \/>\n<script type=\"application\/ld+json\" class=\"yoast-schema-graph\">{\"@context\":\"https:\\\/\\\/schema.org\",\"@graph\":[{\"@type\":\"WebPage\",\"@id\":\"https:\\\/\\\/wp.kristdemokraterna.se\\\/ydre\\\/kristdemokraternas-politiska-programforklaring\\\/\",\"url\":\"https:\\\/\\\/wp.kristdemokraterna.se\\\/ydre\\\/kristdemokraternas-politiska-programforklaring\\\/\",\"name\":\"Kristdemokraternas politiska programf\u00f6rklaring - Kristdemokraterna i Ydre\",\"isPartOf\":{\"@id\":\"https:\\\/\\\/wp.kristdemokraterna.se\\\/ydre\\\/#website\"},\"datePublished\":\"2018-05-12T16:35:56+00:00\",\"dateModified\":\"2018-05-12T16:38:01+00:00\",\"breadcrumb\":{\"@id\":\"https:\\\/\\\/wp.kristdemokraterna.se\\\/ydre\\\/kristdemokraternas-politiska-programforklaring\\\/#breadcrumb\"},\"inLanguage\":\"sv-SE\",\"potentialAction\":[{\"@type\":\"ReadAction\",\"target\":[\"https:\\\/\\\/wp.kristdemokraterna.se\\\/ydre\\\/kristdemokraternas-politiska-programforklaring\\\/\"]}]},{\"@type\":\"BreadcrumbList\",\"@id\":\"https:\\\/\\\/wp.kristdemokraterna.se\\\/ydre\\\/kristdemokraternas-politiska-programforklaring\\\/#breadcrumb\",\"itemListElement\":[{\"@type\":\"ListItem\",\"position\":1,\"name\":\"Hem\",\"item\":\"https:\\\/\\\/wp.kristdemokraterna.se\\\/ydre\\\/\"},{\"@type\":\"ListItem\",\"position\":2,\"name\":\"Kristdemokraternas politiska programf\u00f6rklaring\"}]},{\"@type\":\"WebSite\",\"@id\":\"https:\\\/\\\/wp.kristdemokraterna.se\\\/ydre\\\/#website\",\"url\":\"https:\\\/\\\/wp.kristdemokraterna.se\\\/ydre\\\/\",\"name\":\"Kristdemokraterna i Ydre\",\"description\":\"En till Kristdemokraterna webbplats\",\"inLanguage\":\"sv-SE\"}]}<\/script>\n<!-- \/ Yoast SEO plugin. -->","yoast_head_json":{"title":"Kristdemokraternas politiska programf\u00f6rklaring - Kristdemokraterna i Ydre","robots":{"index":"index","follow":"follow","max-snippet":"max-snippet:-1","max-image-preview":"max-image-preview:large","max-video-preview":"max-video-preview:-1"},"canonical":"https:\/\/wp.kristdemokraterna.se\/ydre\/kristdemokraternas-politiska-programforklaring\/","og_locale":"sv_SE","og_type":"article","og_title":"Kristdemokraternas politiska programf\u00f6rklaring - Kristdemokraterna i Ydre","og_description":"V\u00e5rt m\u00e5l \u00e4r ett samh\u00e4lle d\u00e4r frihet f\u00f6renas med omsorg om de svaga. Ett samh\u00e4lle som st\u00f6djer familjen och skapar f\u00f6ruts\u00e4ttningar f\u00f6r ett blomstrande n\u00e4rings- och f\u00f6reningsliv. Med barn och unga i fokus Sveriges utveckling avg\u00f6rs av hur vi i dag tar hand om v\u00e5ra barn och unga \u2013 hur mycket vi satsar p\u00e5 deras L\u00e4s mer","og_url":"https:\/\/wp.kristdemokraterna.se\/ydre\/kristdemokraternas-politiska-programforklaring\/","og_site_name":"Kristdemokraterna i Ydre","article_modified_time":"2018-05-12T16:38:01+00:00","twitter_card":"summary_large_image","twitter_misc":{"Ber\u00e4knad l\u00e4stid":"1 minut"},"schema":{"@context":"https:\/\/schema.org","@graph":[{"@type":"WebPage","@id":"https:\/\/wp.kristdemokraterna.se\/ydre\/kristdemokraternas-politiska-programforklaring\/","url":"https:\/\/wp.kristdemokraterna.se\/ydre\/kristdemokraternas-politiska-programforklaring\/","name":"Kristdemokraternas politiska programf\u00f6rklaring - Kristdemokraterna i Ydre","isPartOf":{"@id":"https:\/\/wp.kristdemokraterna.se\/ydre\/#website"},"datePublished":"2018-05-12T16:35:56+00:00","dateModified":"2018-05-12T16:38:01+00:00","breadcrumb":{"@id":"https:\/\/wp.kristdemokraterna.se\/ydre\/kristdemokraternas-politiska-programforklaring\/#breadcrumb"},"inLanguage":"sv-SE","potentialAction":[{"@type":"ReadAction","target":["https:\/\/wp.kristdemokraterna.se\/ydre\/kristdemokraternas-politiska-programforklaring\/"]}]},{"@type":"BreadcrumbList","@id":"https:\/\/wp.kristdemokraterna.se\/ydre\/kristdemokraternas-politiska-programforklaring\/#breadcrumb","itemListElement":[{"@type":"ListItem","position":1,"name":"Hem","item":"https:\/\/wp.kristdemokraterna.se\/ydre\/"},{"@type":"ListItem","position":2,"name":"Kristdemokraternas politiska programf\u00f6rklaring"}]},{"@type":"WebSite","@id":"https:\/\/wp.kristdemokraterna.se\/ydre\/#website","url":"https:\/\/wp.kristdemokraterna.se\/ydre\/","name":"Kristdemokraterna i Ydre","description":"En till Kristdemokraterna webbplats","inLanguage":"sv-SE"}]}},"_links":{"self":[{"href":"https:\/\/wp.kristdemokraterna.se\/ydre\/wp-json\/wp\/v2\/pages\/527","targetHints":{"allow":["GET"]}}],"collection":[{"href":"https:\/\/wp.kristdemokraterna.se\/ydre\/wp-json\/wp\/v2\/pages"}],"about":[{"href":"https:\/\/wp.kristdemokraterna.se\/ydre\/wp-json\/wp\/v2\/types\/page"}],"author":[{"embeddable":true,"href":"https:\/\/wp.kristdemokraterna.se\/ydre\/wp-json\/wp\/v2\/users\/793"}],"replies":[{"embeddable":true,"href":"https:\/\/wp.kristdemokraterna.se\/ydre\/wp-json\/wp\/v2\/comments?post=527"}],"version-history":[{"count":1,"href":"https:\/\/wp.kristdemokraterna.se\/ydre\/wp-json\/wp\/v2\/pages\/527\/revisions"}],"predecessor-version":[{"id":528,"href":"https:\/\/wp.kristdemokraterna.se\/ydre\/wp-json\/wp\/v2\/pages\/527\/revisions\/528"}],"wp:attachment":[{"href":"https:\/\/wp.kristdemokraterna.se\/ydre\/wp-json\/wp\/v2\/media?parent=527"}],"curies":[{"name":"wp","href":"https:\/\/api.w.org\/{rel}","templated":true}]}}