{"id":532,"date":"2018-05-12T19:00:31","date_gmt":"2018-05-12T17:00:31","guid":{"rendered":"http:\/\/wp.kristdemokraterna.se\/ydre\/?page_id=532"},"modified":"2018-05-12T19:45:19","modified_gmt":"2018-05-12T17:45:19","slug":"det-har","status":"publish","type":"page","link":"https:\/\/wp.kristdemokraterna.se\/ydre\/det-har\/","title":{"rendered":"Det h\u00e4r vill Kristdemokraterna i Ydre"},"content":{"rendered":"<p><b>Ydre &#8211; b\u00e4st att v\u00e4xa upp i<\/b><\/p>\n<p><img loading=\"lazy\" decoding=\"async\" src=\"http:\/\/ydrebo.se\/kd\/kommunalval\/ydre.JPG\" width=\"565\" height=\"588\" \/><\/p>\n<p>&nbsp;<\/p>\n<p><img loading=\"lazy\" decoding=\"async\" src=\"http:\/\/ydrebo.se\/kd\/kommunalval\/valprogram.JPG\" width=\"610\" height=\"794\" \/><\/p>\n<p>&nbsp;<\/p>\n<p><img decoding=\"async\" id=\"3be73d35-1bff-4b5a-a684-ee560992692d\" class=\"\" src=\"https:\/\/cdn.simplesite.com\/i\/8e\/f7\/285415634001524622\/i285415639418923602._szw1280h1280_.jpg\" \/><\/p>\n","protected":false},"excerpt":{"rendered":"<p>Ydre &#8211; b\u00e4st att v\u00e4xa upp i &nbsp; &nbsp;<\/p>\n","protected":false},"author":793,"featured_media":0,"parent":0,"menu_order":0,"comment_status":"closed","ping_status":"closed","template":"","meta":{"_acf_changed":false,"footnotes":""},"class_list":["post-532","page","type-page","status-publish","hentry"],"acf":[],"yoast_head":"<!-- This site is optimized with the Yoast SEO plugin v27.5 - https:\/\/yoast.com\/product\/yoast-seo-wordpress\/ -->\n<title>Det h\u00e4r vill Kristdemokraterna i Ydre - Kristdemokraterna i Ydre<\/title>\n<meta name=\"robots\" content=\"index, follow, max-snippet:-1, max-image-preview:large, max-video-preview:-1\" \/>\n<link rel=\"canonical\" href=\"https:\/\/wp.kristdemokraterna.se\/ydre\/det-har\/\" \/>\n<meta property=\"og:locale\" content=\"sv_SE\" \/>\n<meta property=\"og:type\" content=\"article\" \/>\n<meta property=\"og:title\" content=\"Det h\u00e4r vill Kristdemokraterna i Ydre - Kristdemokraterna i Ydre\" \/>\n<meta property=\"og:description\" content=\"Ydre &#8211; b\u00e4st att v\u00e4xa upp i &nbsp; &nbsp;\" \/>\n<meta property=\"og:url\" content=\"https:\/\/wp.kristdemokraterna.se\/ydre\/det-har\/\" \/>\n<meta property=\"og:site_name\" content=\"Kristdemokraterna i Ydre\" \/>\n<meta property=\"article:modified_time\" content=\"2018-05-12T17:45:19+00:00\" \/>\n<meta property=\"og:image\" content=\"http:\/\/ydrebo.se\/kd\/kommunalval\/ydre.JPG\" \/>\n<meta name=\"twitter:card\" content=\"summary_large_image\" \/>\n<script type=\"application\/ld+json\" class=\"yoast-schema-graph\">{\"@context\":\"https:\\\/\\\/schema.org\",\"@graph\":[{\"@type\":\"WebPage\",\"@id\":\"https:\\\/\\\/wp.kristdemokraterna.se\\\/ydre\\\/det-har\\\/\",\"url\":\"https:\\\/\\\/wp.kristdemokraterna.se\\\/ydre\\\/det-har\\\/\",\"name\":\"Det h\u00e4r vill Kristdemokraterna i Ydre - Kristdemokraterna i Ydre\",\"isPartOf\":{\"@id\":\"https:\\\/\\\/wp.kristdemokraterna.se\\\/ydre\\\/#website\"},\"primaryImageOfPage\":{\"@id\":\"https:\\\/\\\/wp.kristdemokraterna.se\\\/ydre\\\/det-har\\\/#primaryimage\"},\"image\":{\"@id\":\"https:\\\/\\\/wp.kristdemokraterna.se\\\/ydre\\\/det-har\\\/#primaryimage\"},\"thumbnailUrl\":\"http:\\\/\\\/ydrebo.se\\\/kd\\\/kommunalval\\\/ydre.JPG\",\"datePublished\":\"2018-05-12T17:00:31+00:00\",\"dateModified\":\"2018-05-12T17:45:19+00:00\",\"breadcrumb\":{\"@id\":\"https:\\\/\\\/wp.kristdemokraterna.se\\\/ydre\\\/det-har\\\/#breadcrumb\"},\"inLanguage\":\"sv-SE\",\"potentialAction\":[{\"@type\":\"ReadAction\",\"target\":[\"https:\\\/\\\/wp.kristdemokraterna.se\\\/ydre\\\/det-har\\\/\"]}]},{\"@type\":\"ImageObject\",\"inLanguage\":\"sv-SE\",\"@id\":\"https:\\\/\\\/wp.kristdemokraterna.se\\\/ydre\\\/det-har\\\/#primaryimage\",\"url\":\"http:\\\/\\\/ydrebo.se\\\/kd\\\/kommunalval\\\/ydre.JPG\",\"contentUrl\":\"http:\\\/\\\/ydrebo.se\\\/kd\\\/kommunalval\\\/ydre.JPG\"},{\"@type\":\"BreadcrumbList\",\"@id\":\"https:\\\/\\\/wp.kristdemokraterna.se\\\/ydre\\\/det-har\\\/#breadcrumb\",\"itemListElement\":[{\"@type\":\"ListItem\",\"position\":1,\"name\":\"Hem\",\"item\":\"https:\\\/\\\/wp.kristdemokraterna.se\\\/ydre\\\/\"},{\"@type\":\"ListItem\",\"position\":2,\"name\":\"Det h\u00e4r vill Kristdemokraterna i Ydre\"}]},{\"@type\":\"WebSite\",\"@id\":\"https:\\\/\\\/wp.kristdemokraterna.se\\\/ydre\\\/#website\",\"url\":\"https:\\\/\\\/wp.kristdemokraterna.se\\\/ydre\\\/\",\"name\":\"Kristdemokraterna i Ydre\",\"description\":\"En till Kristdemokraterna webbplats\",\"inLanguage\":\"sv-SE\"}]}<\/script>\n<!-- \/ Yoast SEO plugin. -->","yoast_head_json":{"title":"Det h\u00e4r vill Kristdemokraterna i Ydre - Kristdemokraterna i Ydre","robots":{"index":"index","follow":"follow","max-snippet":"max-snippet:-1","max-image-preview":"max-image-preview:large","max-video-preview":"max-video-preview:-1"},"canonical":"https:\/\/wp.kristdemokraterna.se\/ydre\/det-har\/","og_locale":"sv_SE","og_type":"article","og_title":"Det h\u00e4r vill Kristdemokraterna i Ydre - Kristdemokraterna i Ydre","og_description":"Ydre &#8211; b\u00e4st att v\u00e4xa upp i &nbsp; &nbsp;","og_url":"https:\/\/wp.kristdemokraterna.se\/ydre\/det-har\/","og_site_name":"Kristdemokraterna i Ydre","article_modified_time":"2018-05-12T17:45:19+00:00","og_image":[{"url":"http:\/\/ydrebo.se\/kd\/kommunalval\/ydre.JPG","type":"","width":"","height":""}],"twitter_card":"summary_large_image","schema":{"@context":"https:\/\/schema.org","@graph":[{"@type":"WebPage","@id":"https:\/\/wp.kristdemokraterna.se\/ydre\/det-har\/","url":"https:\/\/wp.kristdemokraterna.se\/ydre\/det-har\/","name":"Det h\u00e4r vill Kristdemokraterna i Ydre - Kristdemokraterna i Ydre","isPartOf":{"@id":"https:\/\/wp.kristdemokraterna.se\/ydre\/#website"},"primaryImageOfPage":{"@id":"https:\/\/wp.kristdemokraterna.se\/ydre\/det-har\/#primaryimage"},"image":{"@id":"https:\/\/wp.kristdemokraterna.se\/ydre\/det-har\/#primaryimage"},"thumbnailUrl":"http:\/\/ydrebo.se\/kd\/kommunalval\/ydre.JPG","datePublished":"2018-05-12T17:00:31+00:00","dateModified":"2018-05-12T17:45:19+00:00","breadcrumb":{"@id":"https:\/\/wp.kristdemokraterna.se\/ydre\/det-har\/#breadcrumb"},"inLanguage":"sv-SE","potentialAction":[{"@type":"ReadAction","target":["https:\/\/wp.kristdemokraterna.se\/ydre\/det-har\/"]}]},{"@type":"ImageObject","inLanguage":"sv-SE","@id":"https:\/\/wp.kristdemokraterna.se\/ydre\/det-har\/#primaryimage","url":"http:\/\/ydrebo.se\/kd\/kommunalval\/ydre.JPG","contentUrl":"http:\/\/ydrebo.se\/kd\/kommunalval\/ydre.JPG"},{"@type":"BreadcrumbList","@id":"https:\/\/wp.kristdemokraterna.se\/ydre\/det-har\/#breadcrumb","itemListElement":[{"@type":"ListItem","position":1,"name":"Hem","item":"https:\/\/wp.kristdemokraterna.se\/ydre\/"},{"@type":"ListItem","position":2,"name":"Det h\u00e4r vill Kristdemokraterna i Ydre"}]},{"@type":"WebSite","@id":"https:\/\/wp.kristdemokraterna.se\/ydre\/#website","url":"https:\/\/wp.kristdemokraterna.se\/ydre\/","name":"Kristdemokraterna i Ydre","description":"En till Kristdemokraterna webbplats","inLanguage":"sv-SE"}]}},"_links":{"self":[{"href":"https:\/\/wp.kristdemokraterna.se\/ydre\/wp-json\/wp\/v2\/pages\/532","targetHints":{"allow":["GET"]}}],"collection":[{"href":"https:\/\/wp.kristdemokraterna.se\/ydre\/wp-json\/wp\/v2\/pages"}],"about":[{"href":"https:\/\/wp.kristdemokraterna.se\/ydre\/wp-json\/wp\/v2\/types\/page"}],"author":[{"embeddable":true,"href":"https:\/\/wp.kristdemokraterna.se\/ydre\/wp-json\/wp\/v2\/users\/793"}],"replies":[{"embeddable":true,"href":"https:\/\/wp.kristdemokraterna.se\/ydre\/wp-json\/wp\/v2\/comments?post=532"}],"version-history":[{"count":6,"href":"https:\/\/wp.kristdemokraterna.se\/ydre\/wp-json\/wp\/v2\/pages\/532\/revisions"}],"predecessor-version":[{"id":539,"href":"https:\/\/wp.kristdemokraterna.se\/ydre\/wp-json\/wp\/v2\/pages\/532\/revisions\/539"}],"wp:attachment":[{"href":"https:\/\/wp.kristdemokraterna.se\/ydre\/wp-json\/wp\/v2\/media?parent=532"}],"curies":[{"name":"wp","href":"https:\/\/api.w.org\/{rel}","templated":true}]}}