{"id":541,"date":"2018-05-12T19:56:40","date_gmt":"2018-05-12T17:56:40","guid":{"rendered":"http:\/\/wp.kristdemokraterna.se\/ydre\/?page_id=541"},"modified":"2018-07-25T18:28:15","modified_gmt":"2018-07-25T16:28:15","slug":"ydre-ostergotlands-aldsta-kulturbygd","status":"publish","type":"page","link":"https:\/\/wp.kristdemokraterna.se\/ydre\/ydre-ostergotlands-aldsta-kulturbygd\/","title":{"rendered":"2014-07-17 Ydre &#8211; \u00d6sterg\u00f6tlands \u00e4ldsta kulturbygd"},"content":{"rendered":"<p>Nyligen hade jag n\u00f6jet att lyssna p\u00e5 en konsert framf\u00f6rd av lokala f\u00f6rm\u00e5gor. Den anordnades av en hembygdsf\u00f6rening i samband med helgsm\u00e5lsb\u00f6n i sockenkyrkan. F\u00f6r Ydre \u00e4r en kulturbygd och har varit det i alla tider. Det h\u00e4vdas ibland (med r\u00e4tta) att Ydre var en kulturbygd n\u00e4r Link\u00f6ping och m\u00e5nga andra stora st\u00e4der l\u00e5g p\u00e5 havets botten. Det framg\u00e5r bl.a.av alla fornl\u00e4mningarna.<br \/>\nF\u00f6rr i tiden var det inte s\u00e5 l\u00e4tt att ta sig in i Ydre genom de stora skogarna. De som lyckades l\u00e4r ha blivit f\u00f6rv\u00e5nade att mitt i urskogen finna <a href=\"http:\/\/wp.kristdemokraterna.se\/ydre\/bilrundtur-i-ydre\/\">denna kulturbygd<\/a>.\u00a0(Nu \u00e4r v\u00e4garna mycket b\u00e4ttre men ett av kommunens bekymmer \u00e4r hur vi skall kunna f\u00e5 de ansvariga myndigheterna att h\u00e5lla v\u00e4gn\u00e4tet i gott och helst b\u00e4ttre skick.)<\/p>\n<p><img loading=\"lazy\" decoding=\"async\" src=\"http:\/\/ydrebo.se\/kd\/veckobrev\/gata.jpg\" width=\"519\" height=\"357\" \/><br \/>\n<i>Ydre har ett rikt kulturarv.<br \/>\nS\u00f6dra Br\u00e5ta (Foto: Barbro Malm).<\/i><\/p>\n<p><span style=\"font-size: large\">Hit kommer ocks\u00e5 kulturarbetare utifr\u00e5n t.ex. nu p\u00e5 s\u00f6ndag den 20 juli. D\u00e5 blir det en konset i Asby kyrka med Kallis Bengtsson. Vad som st\u00e5r p\u00e5 programmet vet jag inte men\u00a0<a href=\"https:\/\/www.youtube.com\/watch?v=wOKQyJSCE0w\" target=\"_blank\" rel=\"noopener\"><b>f\u00f6rra sommaren spelade han detta i Vikingstad kyrka<\/b><\/a>.<br \/>\nF\u00f6r en hel del \u00e5r sedan fick jag i Stockholm syn p\u00e5 en s\u00e4rskilt vederv\u00e4rdig byggnad. Jag undrade vad det motbjudande monstret kunde vara. N\u00e4r jag till slut hittat ing\u00e5ngen fann jag en skylt som fick mig att sk\u00e4mmas. Jag borde ha f\u00f6rst\u00e5tt det. Jag borde ha insett att Stockhoms mest hatade hus inte kunde vara n\u00e5got annat \u00e4n Arkitekturh\u00f6gskolan. (En stor brand gav upphov till m\u00e5nga opassande gl\u00e4djeyttringar bland stockholmarna. Verksamheten flyttade medan ruinen utn\u00e4mndes till kulturminne&#8230;)<\/span><\/p>\n<p><img loading=\"lazy\" decoding=\"async\" src=\"http:\/\/ydrebo.se\/kd\/veckobrev\/hongkong.jpg\" width=\"600\" height=\"450\" \/><br \/>\n<i>Moderniserad by p\u00e5 landet.<br \/>\nVersion 1 (Shatin i Hongkong v\u00e5ren 2000).<\/i><\/p>\n<p><span style=\"font-size: large\">Efter m\u00e5nga \u00e5rtusenden har Ydre ett helt annat kulturarv. De som bes\u00f6ker oss g\u00f6r det nog inte f\u00f6r att se yttringar av brutalismen eller andra liknande trender.<\/span><\/p>\n<p><img loading=\"lazy\" decoding=\"async\" src=\"http:\/\/ydrebo.se\/kd\/veckobrev\/Norra_Vi.JPG\" width=\"600\" height=\"450\" \/><br \/>\n<i>Moderniserad by p\u00e5 landet.<br \/>\nVersion 2 (Norra Vi i Ydre juli 2014).<\/i><\/p>\n<p><span style=\"font-size: large\">Vi m\u00e5ste vara r\u00e4dda om den kultur som skapats av tidigare ydrebor, \u00e4ven i t\u00e4torterna.<\/span><\/p>\n<p><img loading=\"lazy\" decoding=\"async\" src=\"http:\/\/ydrebo.se\/kd\/veckobrev\/smedja.JPG\" width=\"600\" height=\"450\" \/><br \/>\n<i>Tidens str\u00f6m \u00e4r ett hot mot kulturarvet.<br \/>\n\u00d6sterfors smedja sommaren 2010 (Foto: Barbro Malm).<\/i><\/p>\n<p><b>Ocks\u00e5 i framtiden m\u00e5ste Ydre vara v\u00e4rt att uppleva!<\/b><\/p>\n<p><img loading=\"lazy\" decoding=\"async\" src=\"http:\/\/ydrebo.se\/kd\/veckobrev\/vassviksberget.JPG\" width=\"600\" height=\"450\" \/><\/p>\n<p><i>Vassviksberget i Norra Vi.<\/i><\/p>\n<p><i>Bengt Malm, ordf.<br \/>\n17 juli 2014<\/i><\/p>\n<p><span style=\"font-size: large\">P.S. Kallis Bengtsson har spelat\u00a0<a href=\"https:\/\/www.youtube.com\/watch?v=SVTIgWLn2ko\" target=\"_blank\" rel=\"noopener\"><b>mer ur det v\u00e4sterl\u00e4ndska kulturarvet<\/b><\/a>.<\/span><\/p>\n","protected":false},"excerpt":{"rendered":"<p>Nyligen hade jag n\u00f6jet att lyssna p\u00e5 en konsert framf\u00f6rd av lokala f\u00f6rm\u00e5gor. Den anordnades av en hembygdsf\u00f6rening i samband med helgsm\u00e5lsb\u00f6n i sockenkyrkan. F\u00f6r Ydre \u00e4r en kulturbygd och har varit det i alla tider. Det h\u00e4vdas ibland (med r\u00e4tta) att Ydre var en kulturbygd n\u00e4r Link\u00f6ping och m\u00e5nga andra stora st\u00e4der l\u00e5g p\u00e5 <a class=\"read-more-link\" href=\"https:\/\/wp.kristdemokraterna.se\/ydre\/ydre-ostergotlands-aldsta-kulturbygd\/\">L\u00e4s mer<\/a><\/p>\n","protected":false},"author":793,"featured_media":0,"parent":0,"menu_order":0,"comment_status":"closed","ping_status":"closed","template":"","meta":{"_acf_changed":false,"footnotes":""},"class_list":["post-541","page","type-page","status-publish","hentry"],"acf":[],"yoast_head":"<!-- This site is optimized with the Yoast SEO plugin v27.5 - https:\/\/yoast.com\/product\/yoast-seo-wordpress\/ -->\n<title>2014-07-17 Ydre - \u00d6sterg\u00f6tlands \u00e4ldsta kulturbygd - Kristdemokraterna i Ydre<\/title>\n<meta name=\"robots\" content=\"index, follow, max-snippet:-1, max-image-preview:large, max-video-preview:-1\" \/>\n<link rel=\"canonical\" href=\"https:\/\/wp.kristdemokraterna.se\/ydre\/ydre-ostergotlands-aldsta-kulturbygd\/\" \/>\n<meta property=\"og:locale\" content=\"sv_SE\" \/>\n<meta property=\"og:type\" content=\"article\" \/>\n<meta property=\"og:title\" content=\"2014-07-17 Ydre - \u00d6sterg\u00f6tlands \u00e4ldsta kulturbygd - Kristdemokraterna i Ydre\" \/>\n<meta property=\"og:description\" content=\"Nyligen hade jag n\u00f6jet att lyssna p\u00e5 en konsert framf\u00f6rd av lokala f\u00f6rm\u00e5gor. Den anordnades av en hembygdsf\u00f6rening i samband med helgsm\u00e5lsb\u00f6n i sockenkyrkan. F\u00f6r Ydre \u00e4r en kulturbygd och har varit det i alla tider. Det h\u00e4vdas ibland (med r\u00e4tta) att Ydre var en kulturbygd n\u00e4r Link\u00f6ping och m\u00e5nga andra stora st\u00e4der l\u00e5g p\u00e5 L\u00e4s mer\" \/>\n<meta property=\"og:url\" content=\"https:\/\/wp.kristdemokraterna.se\/ydre\/ydre-ostergotlands-aldsta-kulturbygd\/\" \/>\n<meta property=\"og:site_name\" content=\"Kristdemokraterna i Ydre\" \/>\n<meta property=\"article:modified_time\" content=\"2018-07-25T16:28:15+00:00\" \/>\n<meta property=\"og:image\" content=\"http:\/\/ydrebo.se\/kd\/veckobrev\/gata.jpg\" \/>\n<meta name=\"twitter:card\" content=\"summary_large_image\" \/>\n<meta name=\"twitter:label1\" content=\"Ber\u00e4knad l\u00e4stid\" \/>\n\t<meta name=\"twitter:data1\" content=\"2 minuter\" \/>\n<script type=\"application\/ld+json\" class=\"yoast-schema-graph\">{\"@context\":\"https:\\\/\\\/schema.org\",\"@graph\":[{\"@type\":\"WebPage\",\"@id\":\"https:\\\/\\\/wp.kristdemokraterna.se\\\/ydre\\\/ydre-ostergotlands-aldsta-kulturbygd\\\/\",\"url\":\"https:\\\/\\\/wp.kristdemokraterna.se\\\/ydre\\\/ydre-ostergotlands-aldsta-kulturbygd\\\/\",\"name\":\"2014-07-17 Ydre - \u00d6sterg\u00f6tlands \u00e4ldsta kulturbygd - Kristdemokraterna i Ydre\",\"isPartOf\":{\"@id\":\"https:\\\/\\\/wp.kristdemokraterna.se\\\/ydre\\\/#website\"},\"primaryImageOfPage\":{\"@id\":\"https:\\\/\\\/wp.kristdemokraterna.se\\\/ydre\\\/ydre-ostergotlands-aldsta-kulturbygd\\\/#primaryimage\"},\"image\":{\"@id\":\"https:\\\/\\\/wp.kristdemokraterna.se\\\/ydre\\\/ydre-ostergotlands-aldsta-kulturbygd\\\/#primaryimage\"},\"thumbnailUrl\":\"http:\\\/\\\/ydrebo.se\\\/kd\\\/veckobrev\\\/gata.jpg\",\"datePublished\":\"2018-05-12T17:56:40+00:00\",\"dateModified\":\"2018-07-25T16:28:15+00:00\",\"breadcrumb\":{\"@id\":\"https:\\\/\\\/wp.kristdemokraterna.se\\\/ydre\\\/ydre-ostergotlands-aldsta-kulturbygd\\\/#breadcrumb\"},\"inLanguage\":\"sv-SE\",\"potentialAction\":[{\"@type\":\"ReadAction\",\"target\":[\"https:\\\/\\\/wp.kristdemokraterna.se\\\/ydre\\\/ydre-ostergotlands-aldsta-kulturbygd\\\/\"]}]},{\"@type\":\"ImageObject\",\"inLanguage\":\"sv-SE\",\"@id\":\"https:\\\/\\\/wp.kristdemokraterna.se\\\/ydre\\\/ydre-ostergotlands-aldsta-kulturbygd\\\/#primaryimage\",\"url\":\"http:\\\/\\\/ydrebo.se\\\/kd\\\/veckobrev\\\/gata.jpg\",\"contentUrl\":\"http:\\\/\\\/ydrebo.se\\\/kd\\\/veckobrev\\\/gata.jpg\"},{\"@type\":\"BreadcrumbList\",\"@id\":\"https:\\\/\\\/wp.kristdemokraterna.se\\\/ydre\\\/ydre-ostergotlands-aldsta-kulturbygd\\\/#breadcrumb\",\"itemListElement\":[{\"@type\":\"ListItem\",\"position\":1,\"name\":\"Hem\",\"item\":\"https:\\\/\\\/wp.kristdemokraterna.se\\\/ydre\\\/\"},{\"@type\":\"ListItem\",\"position\":2,\"name\":\"2014-07-17 Ydre &#8211; \u00d6sterg\u00f6tlands \u00e4ldsta kulturbygd\"}]},{\"@type\":\"WebSite\",\"@id\":\"https:\\\/\\\/wp.kristdemokraterna.se\\\/ydre\\\/#website\",\"url\":\"https:\\\/\\\/wp.kristdemokraterna.se\\\/ydre\\\/\",\"name\":\"Kristdemokraterna i Ydre\",\"description\":\"En till Kristdemokraterna webbplats\",\"inLanguage\":\"sv-SE\"}]}<\/script>\n<!-- \/ Yoast SEO plugin. -->","yoast_head_json":{"title":"2014-07-17 Ydre - \u00d6sterg\u00f6tlands \u00e4ldsta kulturbygd - Kristdemokraterna i Ydre","robots":{"index":"index","follow":"follow","max-snippet":"max-snippet:-1","max-image-preview":"max-image-preview:large","max-video-preview":"max-video-preview:-1"},"canonical":"https:\/\/wp.kristdemokraterna.se\/ydre\/ydre-ostergotlands-aldsta-kulturbygd\/","og_locale":"sv_SE","og_type":"article","og_title":"2014-07-17 Ydre - \u00d6sterg\u00f6tlands \u00e4ldsta kulturbygd - Kristdemokraterna i Ydre","og_description":"Nyligen hade jag n\u00f6jet att lyssna p\u00e5 en konsert framf\u00f6rd av lokala f\u00f6rm\u00e5gor. Den anordnades av en hembygdsf\u00f6rening i samband med helgsm\u00e5lsb\u00f6n i sockenkyrkan. F\u00f6r Ydre \u00e4r en kulturbygd och har varit det i alla tider. Det h\u00e4vdas ibland (med r\u00e4tta) att Ydre var en kulturbygd n\u00e4r Link\u00f6ping och m\u00e5nga andra stora st\u00e4der l\u00e5g p\u00e5 L\u00e4s mer","og_url":"https:\/\/wp.kristdemokraterna.se\/ydre\/ydre-ostergotlands-aldsta-kulturbygd\/","og_site_name":"Kristdemokraterna i Ydre","article_modified_time":"2018-07-25T16:28:15+00:00","og_image":[{"url":"http:\/\/ydrebo.se\/kd\/veckobrev\/gata.jpg","type":"","width":"","height":""}],"twitter_card":"summary_large_image","twitter_misc":{"Ber\u00e4knad l\u00e4stid":"2 minuter"},"schema":{"@context":"https:\/\/schema.org","@graph":[{"@type":"WebPage","@id":"https:\/\/wp.kristdemokraterna.se\/ydre\/ydre-ostergotlands-aldsta-kulturbygd\/","url":"https:\/\/wp.kristdemokraterna.se\/ydre\/ydre-ostergotlands-aldsta-kulturbygd\/","name":"2014-07-17 Ydre - \u00d6sterg\u00f6tlands \u00e4ldsta kulturbygd - Kristdemokraterna i Ydre","isPartOf":{"@id":"https:\/\/wp.kristdemokraterna.se\/ydre\/#website"},"primaryImageOfPage":{"@id":"https:\/\/wp.kristdemokraterna.se\/ydre\/ydre-ostergotlands-aldsta-kulturbygd\/#primaryimage"},"image":{"@id":"https:\/\/wp.kristdemokraterna.se\/ydre\/ydre-ostergotlands-aldsta-kulturbygd\/#primaryimage"},"thumbnailUrl":"http:\/\/ydrebo.se\/kd\/veckobrev\/gata.jpg","datePublished":"2018-05-12T17:56:40+00:00","dateModified":"2018-07-25T16:28:15+00:00","breadcrumb":{"@id":"https:\/\/wp.kristdemokraterna.se\/ydre\/ydre-ostergotlands-aldsta-kulturbygd\/#breadcrumb"},"inLanguage":"sv-SE","potentialAction":[{"@type":"ReadAction","target":["https:\/\/wp.kristdemokraterna.se\/ydre\/ydre-ostergotlands-aldsta-kulturbygd\/"]}]},{"@type":"ImageObject","inLanguage":"sv-SE","@id":"https:\/\/wp.kristdemokraterna.se\/ydre\/ydre-ostergotlands-aldsta-kulturbygd\/#primaryimage","url":"http:\/\/ydrebo.se\/kd\/veckobrev\/gata.jpg","contentUrl":"http:\/\/ydrebo.se\/kd\/veckobrev\/gata.jpg"},{"@type":"BreadcrumbList","@id":"https:\/\/wp.kristdemokraterna.se\/ydre\/ydre-ostergotlands-aldsta-kulturbygd\/#breadcrumb","itemListElement":[{"@type":"ListItem","position":1,"name":"Hem","item":"https:\/\/wp.kristdemokraterna.se\/ydre\/"},{"@type":"ListItem","position":2,"name":"2014-07-17 Ydre &#8211; \u00d6sterg\u00f6tlands \u00e4ldsta kulturbygd"}]},{"@type":"WebSite","@id":"https:\/\/wp.kristdemokraterna.se\/ydre\/#website","url":"https:\/\/wp.kristdemokraterna.se\/ydre\/","name":"Kristdemokraterna i Ydre","description":"En till Kristdemokraterna webbplats","inLanguage":"sv-SE"}]}},"_links":{"self":[{"href":"https:\/\/wp.kristdemokraterna.se\/ydre\/wp-json\/wp\/v2\/pages\/541","targetHints":{"allow":["GET"]}}],"collection":[{"href":"https:\/\/wp.kristdemokraterna.se\/ydre\/wp-json\/wp\/v2\/pages"}],"about":[{"href":"https:\/\/wp.kristdemokraterna.se\/ydre\/wp-json\/wp\/v2\/types\/page"}],"author":[{"embeddable":true,"href":"https:\/\/wp.kristdemokraterna.se\/ydre\/wp-json\/wp\/v2\/users\/793"}],"replies":[{"embeddable":true,"href":"https:\/\/wp.kristdemokraterna.se\/ydre\/wp-json\/wp\/v2\/comments?post=541"}],"version-history":[{"count":6,"href":"https:\/\/wp.kristdemokraterna.se\/ydre\/wp-json\/wp\/v2\/pages\/541\/revisions"}],"predecessor-version":[{"id":1226,"href":"https:\/\/wp.kristdemokraterna.se\/ydre\/wp-json\/wp\/v2\/pages\/541\/revisions\/1226"}],"wp:attachment":[{"href":"https:\/\/wp.kristdemokraterna.se\/ydre\/wp-json\/wp\/v2\/media?parent=541"}],"curies":[{"name":"wp","href":"https:\/\/api.w.org\/{rel}","templated":true}]}}