{"id":546,"date":"2018-05-12T20:07:35","date_gmt":"2018-05-12T18:07:35","guid":{"rendered":"http:\/\/wp.kristdemokraterna.se\/ydre\/?page_id=546"},"modified":"2018-06-18T21:18:21","modified_gmt":"2018-06-18T19:18:21","slug":"bilrundtur-i-ydre","status":"publish","type":"page","link":"https:\/\/wp.kristdemokraterna.se\/ydre\/bilrundtur-i-ydre\/","title":{"rendered":"Bildrundtur i Ydre"},"content":{"rendered":"<p><img loading=\"lazy\" decoding=\"async\" class=\"alignnone\" src=\"http:\/\/ydrebo.se\/ydre_rundtur\/1buss.JPG\" alt=\"Turistbuss\" width=\"768\" height=\"574\" border=\"0\" \/><\/p>\n<p>Klicka p\u00e5 bilderna nedan s\u00e5 f\u00e5r du se mer.<\/p>\n<p><a href=\"http:\/\/wp.kristdemokraterna.se\/ydre\/osterfors-smedja-den-6-augusti-2009\/\"><img loading=\"lazy\" decoding=\"async\" class=\"alignnone\" src=\"http:\/\/ydrebo.se\/ydre_rundtur\/osterfors_smedja\/2osterfors_smedja.JPG\" alt=\"\u00d6sterfors smedja i Ydre\" width=\"768\" height=\"576\" border=\"0\" \/><\/a><\/p>\n<p>F\u00f6rsta stoppet g\u00f6r vi vid \u00d6sterfors smedja som ligger vid Bulsj\u00f6\u00e5ns utlopp i \u00d6sterbysj\u00f6n.<\/p>\n<p><a href=\"http:\/\/wp.kristdemokraterna.se\/ydre\/smedstorps-dubbelgard-den-6-augusti-2009\/\"><img loading=\"lazy\" decoding=\"async\" class=\"alignnone\" src=\"http:\/\/ydrebo.se\/ydre_rundtur\/smedstorp\/smedstorps_dubbelgard1.JPG\" alt=\"Smedstorps dubbelg\u00e5rd i Ydre\" width=\"768\" height=\"576\" border=\"0\" \/><\/a><\/p>\n<p>Andra stoppet blir vid Smedstorps dubbelg\u00e5rd. Den v\u00e4nstra kastanjen p\u00e5 g\u00e5rdstunet l\u00e4r vara fr\u00e5n 1830-talet.<\/p>\n<p><a href=\"http:\/\/wp.kristdemokraterna.se\/ydre\/kungabordet-i-norra-vi-den-6-augusti-2009\/\"><img loading=\"lazy\" decoding=\"async\" class=\"alignnone\" src=\"http:\/\/ydrebo.se\/ydre_rundtur\/kungabordet\/ydre_kungabordet2.JPG\" alt=\"Kungabordet i Norra Vi i Ydre\" width=\"768\" height=\"576\" border=\"0\" \/><\/a><\/p>\n<p>N\u00e4sta stopp \u00e4r vid Kungabordet, Norra Vi.<\/p>\n<p><a href=\"http:\/\/wp.kristdemokraterna.se\/ydre\/torpons-farjelage-och-sjon-sommens-naturum-den-6-augusti-2009\/\"><img loading=\"lazy\" decoding=\"async\" class=\"alignnone\" src=\"http:\/\/ydrebo.se\/ydre_rundtur\/torpon\/torpons_farjelage1.JPG\" alt=\"Bilf\u00e4rjan vid Torp\u00f6n i Ydre\" width=\"768\" height=\"576\" border=\"0\" \/><\/a><\/p>\n<p>Vi forts\u00e4tter till Torp\u00f6ns f\u00e4rjel\u00e4ge och Sj\u00f6n Sommens Naturum.<\/p>\n<p><a href=\"http:\/\/wp.kristdemokraterna.se\/ydre\/raas-kvarn-i-ydre-den-6-augusti-2009\/\"><img loading=\"lazy\" decoding=\"async\" class=\"alignnone\" src=\"http:\/\/ydrebo.se\/ydre_rundtur\/raas_kvarn\/raas_kvarn7.JPG\" alt=\"R\u00e5\u00e5s kvarn i Ydre\" width=\"768\" height=\"576\" border=\"0\" \/><\/a><\/p>\n<p>N\u00e5gra entusiaster h\u00e5ller p\u00e5 att renovera R\u00e5\u00e5s kvarn. H\u00e4r g\u00f6r vi ocks\u00e5 ett stopp.<\/p>\n<p><a href=\"http:\/\/wp.kristdemokraterna.se\/ydre\/brostorps-gard-i-ydre-den-6-augusti-2009\/\"><img decoding=\"async\" src=\"https:\/\/cdn.simplesite.com\/i\/8e\/f7\/285415634001524622\/i285415639420134867._szw1280h1280_.jpg\" \/><\/a><\/p>\n<div class=\"row\">\n<div class=\"\">\n<div id=\"row_a2f4237c-9c20-477d-94b2-f21895887939\" class=\"TopBottom All contentWidthRow stefan-asafti \">\n<div class=\"highlight-row\">\n<div class=\"grid-block horizontal\">\n<div class=\"grid-block horizontal row--container rc_a2f4237c-9c20-477d-94b2-f21895887939 contrast \">\n<div class=\"section row-section\">\n<section id=\"vm.section0\" class=\"row-section-active highlight-section\">\n<div class=\"section_v2 row-section-edit-height textsection row-editmode-min-height\" role=\"button\">\n<div class=\"imagesection-top-fix\">Dagen avslutar vi p\u00e5 Brostorps G\u00e5rd.<\/div>\n<\/div>\n<\/section>\n<\/div>\n<\/div>\n<\/div>\n<\/div>\n<\/div>\n<\/div>\n<\/div>\n","protected":false},"excerpt":{"rendered":"<p>Klicka p\u00e5 bilderna nedan s\u00e5 f\u00e5r du se mer. F\u00f6rsta stoppet g\u00f6r vi vid \u00d6sterfors smedja som ligger vid Bulsj\u00f6\u00e5ns utlopp i \u00d6sterbysj\u00f6n. Andra stoppet blir vid Smedstorps dubbelg\u00e5rd. Den v\u00e4nstra kastanjen p\u00e5 g\u00e5rdstunet l\u00e4r vara fr\u00e5n 1830-talet. N\u00e4sta stopp \u00e4r vid Kungabordet, Norra Vi. Vi forts\u00e4tter till Torp\u00f6ns f\u00e4rjel\u00e4ge och Sj\u00f6n Sommens Naturum. N\u00e5gra <a class=\"read-more-link\" href=\"https:\/\/wp.kristdemokraterna.se\/ydre\/bilrundtur-i-ydre\/\">L\u00e4s mer<\/a><\/p>\n","protected":false},"author":793,"featured_media":0,"parent":0,"menu_order":0,"comment_status":"closed","ping_status":"closed","template":"","meta":{"_acf_changed":false,"footnotes":""},"class_list":["post-546","page","type-page","status-publish","hentry"],"acf":[],"yoast_head":"<!-- This site is optimized with the Yoast SEO plugin v27.5 - https:\/\/yoast.com\/product\/yoast-seo-wordpress\/ -->\n<title>Bildrundtur i Ydre - Kristdemokraterna i Ydre<\/title>\n<meta name=\"robots\" content=\"index, follow, max-snippet:-1, max-image-preview:large, max-video-preview:-1\" \/>\n<link rel=\"canonical\" href=\"https:\/\/wp.kristdemokraterna.se\/ydre\/bilrundtur-i-ydre\/\" \/>\n<meta property=\"og:locale\" content=\"sv_SE\" \/>\n<meta property=\"og:type\" content=\"article\" \/>\n<meta property=\"og:title\" content=\"Bildrundtur i Ydre - Kristdemokraterna i Ydre\" \/>\n<meta property=\"og:description\" content=\"Klicka p\u00e5 bilderna nedan s\u00e5 f\u00e5r du se mer. F\u00f6rsta stoppet g\u00f6r vi vid \u00d6sterfors smedja som ligger vid Bulsj\u00f6\u00e5ns utlopp i \u00d6sterbysj\u00f6n. Andra stoppet blir vid Smedstorps dubbelg\u00e5rd. Den v\u00e4nstra kastanjen p\u00e5 g\u00e5rdstunet l\u00e4r vara fr\u00e5n 1830-talet. N\u00e4sta stopp \u00e4r vid Kungabordet, Norra Vi. Vi forts\u00e4tter till Torp\u00f6ns f\u00e4rjel\u00e4ge och Sj\u00f6n Sommens Naturum. N\u00e5gra L\u00e4s mer\" \/>\n<meta property=\"og:url\" content=\"https:\/\/wp.kristdemokraterna.se\/ydre\/bilrundtur-i-ydre\/\" \/>\n<meta property=\"og:site_name\" content=\"Kristdemokraterna i Ydre\" \/>\n<meta property=\"article:modified_time\" content=\"2018-06-18T19:18:21+00:00\" \/>\n<meta property=\"og:image\" content=\"http:\/\/ydrebo.se\/ydre_rundtur\/1buss.JPG\" \/>\n<meta name=\"twitter:card\" content=\"summary_large_image\" \/>\n<script type=\"application\/ld+json\" class=\"yoast-schema-graph\">{\"@context\":\"https:\\\/\\\/schema.org\",\"@graph\":[{\"@type\":\"WebPage\",\"@id\":\"https:\\\/\\\/wp.kristdemokraterna.se\\\/ydre\\\/bilrundtur-i-ydre\\\/\",\"url\":\"https:\\\/\\\/wp.kristdemokraterna.se\\\/ydre\\\/bilrundtur-i-ydre\\\/\",\"name\":\"Bildrundtur i Ydre - Kristdemokraterna i Ydre\",\"isPartOf\":{\"@id\":\"https:\\\/\\\/wp.kristdemokraterna.se\\\/ydre\\\/#website\"},\"primaryImageOfPage\":{\"@id\":\"https:\\\/\\\/wp.kristdemokraterna.se\\\/ydre\\\/bilrundtur-i-ydre\\\/#primaryimage\"},\"image\":{\"@id\":\"https:\\\/\\\/wp.kristdemokraterna.se\\\/ydre\\\/bilrundtur-i-ydre\\\/#primaryimage\"},\"thumbnailUrl\":\"http:\\\/\\\/ydrebo.se\\\/ydre_rundtur\\\/1buss.JPG\",\"datePublished\":\"2018-05-12T18:07:35+00:00\",\"dateModified\":\"2018-06-18T19:18:21+00:00\",\"breadcrumb\":{\"@id\":\"https:\\\/\\\/wp.kristdemokraterna.se\\\/ydre\\\/bilrundtur-i-ydre\\\/#breadcrumb\"},\"inLanguage\":\"sv-SE\",\"potentialAction\":[{\"@type\":\"ReadAction\",\"target\":[\"https:\\\/\\\/wp.kristdemokraterna.se\\\/ydre\\\/bilrundtur-i-ydre\\\/\"]}]},{\"@type\":\"ImageObject\",\"inLanguage\":\"sv-SE\",\"@id\":\"https:\\\/\\\/wp.kristdemokraterna.se\\\/ydre\\\/bilrundtur-i-ydre\\\/#primaryimage\",\"url\":\"http:\\\/\\\/ydrebo.se\\\/ydre_rundtur\\\/1buss.JPG\",\"contentUrl\":\"http:\\\/\\\/ydrebo.se\\\/ydre_rundtur\\\/1buss.JPG\"},{\"@type\":\"BreadcrumbList\",\"@id\":\"https:\\\/\\\/wp.kristdemokraterna.se\\\/ydre\\\/bilrundtur-i-ydre\\\/#breadcrumb\",\"itemListElement\":[{\"@type\":\"ListItem\",\"position\":1,\"name\":\"Hem\",\"item\":\"https:\\\/\\\/wp.kristdemokraterna.se\\\/ydre\\\/\"},{\"@type\":\"ListItem\",\"position\":2,\"name\":\"Bildrundtur i Ydre\"}]},{\"@type\":\"WebSite\",\"@id\":\"https:\\\/\\\/wp.kristdemokraterna.se\\\/ydre\\\/#website\",\"url\":\"https:\\\/\\\/wp.kristdemokraterna.se\\\/ydre\\\/\",\"name\":\"Kristdemokraterna i Ydre\",\"description\":\"En till Kristdemokraterna webbplats\",\"inLanguage\":\"sv-SE\"}]}<\/script>\n<!-- \/ Yoast SEO plugin. -->","yoast_head_json":{"title":"Bildrundtur i Ydre - Kristdemokraterna i Ydre","robots":{"index":"index","follow":"follow","max-snippet":"max-snippet:-1","max-image-preview":"max-image-preview:large","max-video-preview":"max-video-preview:-1"},"canonical":"https:\/\/wp.kristdemokraterna.se\/ydre\/bilrundtur-i-ydre\/","og_locale":"sv_SE","og_type":"article","og_title":"Bildrundtur i Ydre - Kristdemokraterna i Ydre","og_description":"Klicka p\u00e5 bilderna nedan s\u00e5 f\u00e5r du se mer. F\u00f6rsta stoppet g\u00f6r vi vid \u00d6sterfors smedja som ligger vid Bulsj\u00f6\u00e5ns utlopp i \u00d6sterbysj\u00f6n. Andra stoppet blir vid Smedstorps dubbelg\u00e5rd. Den v\u00e4nstra kastanjen p\u00e5 g\u00e5rdstunet l\u00e4r vara fr\u00e5n 1830-talet. N\u00e4sta stopp \u00e4r vid Kungabordet, Norra Vi. Vi forts\u00e4tter till Torp\u00f6ns f\u00e4rjel\u00e4ge och Sj\u00f6n Sommens Naturum. N\u00e5gra L\u00e4s mer","og_url":"https:\/\/wp.kristdemokraterna.se\/ydre\/bilrundtur-i-ydre\/","og_site_name":"Kristdemokraterna i Ydre","article_modified_time":"2018-06-18T19:18:21+00:00","og_image":[{"url":"http:\/\/ydrebo.se\/ydre_rundtur\/1buss.JPG","type":"","width":"","height":""}],"twitter_card":"summary_large_image","schema":{"@context":"https:\/\/schema.org","@graph":[{"@type":"WebPage","@id":"https:\/\/wp.kristdemokraterna.se\/ydre\/bilrundtur-i-ydre\/","url":"https:\/\/wp.kristdemokraterna.se\/ydre\/bilrundtur-i-ydre\/","name":"Bildrundtur i Ydre - Kristdemokraterna i Ydre","isPartOf":{"@id":"https:\/\/wp.kristdemokraterna.se\/ydre\/#website"},"primaryImageOfPage":{"@id":"https:\/\/wp.kristdemokraterna.se\/ydre\/bilrundtur-i-ydre\/#primaryimage"},"image":{"@id":"https:\/\/wp.kristdemokraterna.se\/ydre\/bilrundtur-i-ydre\/#primaryimage"},"thumbnailUrl":"http:\/\/ydrebo.se\/ydre_rundtur\/1buss.JPG","datePublished":"2018-05-12T18:07:35+00:00","dateModified":"2018-06-18T19:18:21+00:00","breadcrumb":{"@id":"https:\/\/wp.kristdemokraterna.se\/ydre\/bilrundtur-i-ydre\/#breadcrumb"},"inLanguage":"sv-SE","potentialAction":[{"@type":"ReadAction","target":["https:\/\/wp.kristdemokraterna.se\/ydre\/bilrundtur-i-ydre\/"]}]},{"@type":"ImageObject","inLanguage":"sv-SE","@id":"https:\/\/wp.kristdemokraterna.se\/ydre\/bilrundtur-i-ydre\/#primaryimage","url":"http:\/\/ydrebo.se\/ydre_rundtur\/1buss.JPG","contentUrl":"http:\/\/ydrebo.se\/ydre_rundtur\/1buss.JPG"},{"@type":"BreadcrumbList","@id":"https:\/\/wp.kristdemokraterna.se\/ydre\/bilrundtur-i-ydre\/#breadcrumb","itemListElement":[{"@type":"ListItem","position":1,"name":"Hem","item":"https:\/\/wp.kristdemokraterna.se\/ydre\/"},{"@type":"ListItem","position":2,"name":"Bildrundtur i Ydre"}]},{"@type":"WebSite","@id":"https:\/\/wp.kristdemokraterna.se\/ydre\/#website","url":"https:\/\/wp.kristdemokraterna.se\/ydre\/","name":"Kristdemokraterna i Ydre","description":"En till Kristdemokraterna webbplats","inLanguage":"sv-SE"}]}},"_links":{"self":[{"href":"https:\/\/wp.kristdemokraterna.se\/ydre\/wp-json\/wp\/v2\/pages\/546","targetHints":{"allow":["GET"]}}],"collection":[{"href":"https:\/\/wp.kristdemokraterna.se\/ydre\/wp-json\/wp\/v2\/pages"}],"about":[{"href":"https:\/\/wp.kristdemokraterna.se\/ydre\/wp-json\/wp\/v2\/types\/page"}],"author":[{"embeddable":true,"href":"https:\/\/wp.kristdemokraterna.se\/ydre\/wp-json\/wp\/v2\/users\/793"}],"replies":[{"embeddable":true,"href":"https:\/\/wp.kristdemokraterna.se\/ydre\/wp-json\/wp\/v2\/comments?post=546"}],"version-history":[{"count":12,"href":"https:\/\/wp.kristdemokraterna.se\/ydre\/wp-json\/wp\/v2\/pages\/546\/revisions"}],"predecessor-version":[{"id":709,"href":"https:\/\/wp.kristdemokraterna.se\/ydre\/wp-json\/wp\/v2\/pages\/546\/revisions\/709"}],"wp:attachment":[{"href":"https:\/\/wp.kristdemokraterna.se\/ydre\/wp-json\/wp\/v2\/media?parent=546"}],"curies":[{"name":"wp","href":"https:\/\/api.w.org\/{rel}","templated":true}]}}