{"id":567,"date":"2018-06-13T19:30:12","date_gmt":"2018-06-13T17:30:12","guid":{"rendered":"http:\/\/wp.kristdemokraterna.se\/ydre\/?page_id=567"},"modified":"2018-07-25T22:25:10","modified_gmt":"2018-07-25T20:25:10","slug":"ydrekronikor-2014","status":"publish","type":"page","link":"https:\/\/wp.kristdemokraterna.se\/ydre\/ydrekronikor-2014\/","title":{"rendered":"Ydrekr\u00f6nikor 2014"},"content":{"rendered":"<p><a href=\"http:\/\/wp.kristdemokraterna.se\/ydre\/2014-02-15-en-vision-ydre-en-hojdpunkt-i-mansklighet\/\"><b>Ydre &#8211; en h\u00f6jdpunkt i m\u00e4nsklighet<\/b>\u00a0<\/a>(15\/2)<\/p>\n<p><a href=\"http:\/\/wp.kristdemokraterna.se\/ydre\/2014-02-20-tid-for-det-manskliga\/\"><b>Tid f\u00f6r det m\u00e4nskliga<\/b><\/a>\u00a0(20\/2)<\/p>\n<p><a href=\"http:\/\/wp.kristdemokraterna.se\/ydre\/2014-02-21-tystnaden-ar-vart-levebrod\/\"><b>Tystnaden \u00e4r v\u00e5rt levebr\u00f6d<\/b><\/a>\u00a0(21\/2)<\/p>\n<p><a href=\"http:\/\/wp.kristdemokraterna.se\/ydre\/2014-03-05-i-ydre-ser-man-stjarnorna\/\"><b>I Ydre ser man stj\u00e4rnorna<\/b><\/a>\u00a0(5\/3)<\/p>\n<p><a href=\"http:\/\/wp.kristdemokraterna.se\/ydre\/2014-03-13-den-sjalvklara-freden-finns-den\/\"><b>Den sj\u00e4lvklara freden &#8211; finns den?<\/b><\/a>\u00a0(13\/3)<\/p>\n<p><a href=\"http:\/\/wp.kristdemokraterna.se\/ydre\/2014-03-24-i-ydre-vet-alla-allt\/\"><b>I Ydre vet alla allt<\/b><\/a>\u00a0(24\/3)<\/p>\n<p><a href=\"http:\/\/wp.kristdemokraterna.se\/ydre\/2014-04-02-hur-stora-hal-far-det-vara-i-ydres-planbok\/\"><b>Hur stora h\u00e5l f\u00e5r det vara i Ydres pl\u00e5nbok?<\/b><\/a>\u00a0(2\/4)<\/p>\n<p><a href=\"http:\/\/wp.kristdemokraterna.se\/ydre\/2014-04-07-grav-inte\/\"><b>Gr\u00e4v inte!<\/b><\/a>\u00a0(7\/4)<\/p>\n<p><a href=\"http:\/\/wp.kristdemokraterna.se\/ydre\/2014-04-15-allt-vad-ydrebor-foretar-sig\/\"><b>Allt vad ydrebor f\u00f6retar sig<\/b><\/a>\u00a0(15\/4)<\/p>\n<p><a href=\"http:\/\/wp.kristdemokraterna.se\/ydre\/2014-04-23-kriget-om-kapten-jenkins-ora-eller-ljuvt-och-arofullt-ar-att-do-for-fosterlandet\/\"><b>&#8221;Ljuvt och \u00e4rofullt \u00e4r att d\u00f6 f\u00f6r fosterlandet&#8221;<\/b>\u00a0(Kriget om kapten Jenkins \u00f6ra)<\/a> (23\/4)<\/p>\n<p><a href=\"http:\/\/wp.kristdemokraterna.se\/ydre\/2014-04-29-du-kan-inte-ha-ratt-mot-staten\/\"><b>&#8221;Du kan inte ha r\u00e4tt mot staten&#8221;<\/b><\/a>\u00a0(M\u00e4nniskorna och EU) (29\/4)<\/p>\n<p><a href=\"http:\/\/wp.kristdemokraterna.se\/ydre\/2014-05-07-ensamheten-vid-rikstradet\/\"><b>Ensamheten vid Rikstr\u00e4det<\/b><\/a>\u00a0(7\/5)<\/p>\n<p><a href=\"http:\/\/wp.kristdemokraterna.se\/ydre\/2014-05-13-tranorna-kanner-inga-granser\/\"><b>Tranorna k\u00e4nner inga gr\u00e4nser<\/b><\/a>\u00a0(13\/5)<\/p>\n<p><a href=\"http:\/\/wp.kristdemokraterna.se\/ydre\/2014-05-19-det-ar-jag-som-bestammer\/\"><b>&#8221;Det \u00e4r jag som best\u00e4mmer&#8221;<\/b><\/a>\u00a0(19\/5)<\/p>\n<p><a href=\"http:\/\/wp.kristdemokraterna.se\/ydre\/2014-05-24-drottningens-asylansokan\/\"><b>Drottningens asylans\u00f6kan<\/b><\/a>\u00a0(24\/5)<\/p>\n<p><a href=\"http:\/\/wp.kristdemokraterna.se\/ydre\/2014-05-26-tack-alla-duktiga-kd-are\/\"><b>Tack alla duktiga kd:are!<\/b><\/a>\u00a0(26\/5)<\/p>\n<p><a href=\"http:\/\/wp.kristdemokraterna.se\/ydre\/2014-06-03-juni-1914-juni-2014\/\"><b>Juni 1914 <\/b><b>&#8211;<\/b><b> juni 2014<\/b><\/a>\u00a0(3\/6)<\/p>\n<p><a href=\"http:\/\/wp.kristdemokraterna.se\/ydre\/2014-06-09-en-dag-i-juni\/\"><b>En dag i juni<\/b>\u00a0<\/a>(9\/6)<\/p>\n<p><a href=\"http:\/\/wp.kristdemokraterna.se\/ydre\/2014-06-17-valkommen-till-var-nya-underbara-sophog-eller-nar-pengarna-far-vingar-eller-drommens-uppfyllelse\/\"><b>V\u00e4lkommen till v\u00e5r nya underbara soph\u00f6g!<\/b><\/a>\u00a0(17\/6)<\/p>\n<p><a href=\"http:\/\/wp.kristdemokraterna.se\/ydre\/2014-06-21-blaser-kallt-kallt-nordan-over-sjo\/\"><b>Bl\u00e5ser kallt, kallt nordan \u00f6ver sj\u00f6<\/b><\/a>\u00a0(midsommardagen 21\/6)<\/p>\n<p><a href=\"http:\/\/wp.kristdemokraterna.se\/ydre\/2014-06-28-det-odemokratiska-kriget\/\"><b>Det odemokratiska kriget<\/b><\/a>\u00a0(28\/6, hundra\u00e5rsdagen av sarajevoskotten)<\/p>\n<p><a href=\"http:\/\/wp.kristdemokraterna.se\/ydre\/2014-07-04-lat-ydre-blomma\/\"><b>L\u00e5t Ydre blomma!<\/b><\/a>\u00a0(4\/7)<\/p>\n<p><a href=\"http:\/\/wp.kristdemokraterna.se\/ydre\/2014-07-10-froken-ar-du-en-overmanniska-eller-hur-skulle-min-larare-tanka-eller-manniskans-avskaffande\/\"><b>Fr\u00f6ken, \u00e4r du en \u00f6verm\u00e4nniska?<\/b><\/a>\u00a0(10\/7)<\/p>\n<p><a href=\"http:\/\/wp.kristdemokraterna.se\/ydre\/ydre-ostergotlands-aldsta-kulturbygd\/\"><b>Ydre -\u00d6sterg\u00f6tlands \u00e4ldsta kulturbygd<\/b><\/a>\u00a0(17\/7)<\/p>\n<p><a href=\"http:\/\/wp.kristdemokraterna.se\/ydre\/2014-07-24-att-fardas-med-ljusets-hastighet-eller-fardtjansten-var-god-droj\/\"><b>Att f\u00e4rdas med ljusets hastighet<\/b><\/a>\u00a0(24\/7) (Om f\u00e4rdtj\u00e4nsten)<\/p>\n<p><a href=\"http:\/\/wp.kristdemokraterna.se\/ydre\/turismen-i-ydre\/\"><b>Ydre &#8211; en milj\u00f6 f\u00f6r m\u00e4nniskor<\/b><\/a>\u00a0(1\/8) (Om turismen)<\/p>\n<p><a href=\"http:\/\/wp.kristdemokraterna.se\/ydre\/supersommar\/\"><b>Supersommar!<\/b><\/a>\u00a0(6\/8) (Om \u00e4ldrev\u00e5rden)<\/p>\n<p><a href=\"http:\/\/wp.kristdemokraterna.se\/ydre\/2014-08-13-ydrebon-ar-flitig-som-ett-bi\/\"><b>Ydrebon \u00e4r flitig som ett bi<\/b><\/a>\u00a0(13\/8) (Om invandringen)<\/p>\n<p><a href=\"http:\/\/wp.kristdemokraterna.se\/ydre\/2014-08-21-nar-sverige-blir-obeboeligt\/\"><b>N\u00e4r Sverige blir obeboeligt<\/b><\/a>\u00a0(21\/8) (Om glesbygdspolitiken)<\/p>\n<p><a href=\"http:\/\/wp.kristdemokraterna.se\/ydre\/2014-08-26-allting-fungerar-val-av-sig-sjalvt-eller-hur\/\"><b>Allting fungerar v\u00e4l av sig sj\u00e4lvt, eller hur?<\/b><\/a>\u00a0(26\/8) (Om infrastrukturen)<\/p>\n<p><a href=\"http:\/\/wp.kristdemokraterna.se\/ydre\/2014-09-01-vart-enda-ydre\/\"><b>V\u00e5rt enda Ydre<\/b><\/a>\u00a0(1\/9) (Om milj\u00f6n)<\/p>\n<p><a href=\"http:\/\/wp.kristdemokraterna.se\/ydre\/2014-09-09-rosta-for-manniskornas-ydre\/\"><b>R\u00f6sta f\u00f6r m\u00e4nniskornas Ydre!<\/b><\/a>\u00a0(9\/9)<\/p>\n<p><a href=\"http:\/\/wp.kristdemokraterna.se\/ydre\/2014-09-15-ydre-en-lugn-oas\/\"><b>Ydre &#8211; en lugn oas<\/b><\/a>\u00a0(15\/9) (Dagen efter valet)<\/p>\n<p><a href=\"http:\/\/wp.kristdemokraterna.se\/ydre\/2014-09-24-angervecka\/\"><b>\u00c5ngervecka<\/b><\/a>\u00a0(24\/9) (F\u00f6rh\u00e5llandet till sverigedemokraterna)<\/p>\n<p><a href=\"http:\/\/wp.kristdemokraterna.se\/ydre\/2014-09-30-om-pappa-ville-ge-ja-en-femoring\/\"><b>Om pappa ville ge ja en fem\u00f6ring<\/b><\/a>\u00a0(30\/9) (Om att investera oss ur krisen)<\/p>\n<p><a href=\"http:\/\/wp.kristdemokraterna.se\/ydre\/2014-10-07-rattvisemarkt\/\"><b>R\u00e4ttvisem\u00e4rkt<\/b><\/a>\u00a0(7\/10) (Om r\u00e4ttvisa i politiken)<\/p>\n<p><a href=\"http:\/\/wp.kristdemokraterna.se\/ydre\/2014-10-14-har-vi-rad-med-ideer\/\"><b>Har vi r\u00e5d med id\u00e9er?<\/b><\/a>\u00a0(14\/10) (Om skolan)<\/p>\n<p><a href=\"http:\/\/wp.kristdemokraterna.se\/ydre\/2014-10-22-nar-barn-arbetar\/\"><b>N\u00e4r barn arbetar<\/b><\/a>\u00a0(22\/10) (Behovet av lekplatser)<\/p>\n<p><a href=\"http:\/\/wp.kristdemokraterna.se\/ydre\/2014-10-28-far-det-vara-sommar-i-manniskornas-liv\/\"><b>F\u00e5r det vara sommar i m\u00e4nniskornas liv?<\/b><\/a>\u00a0(28\/10)<\/p>\n<p><a href=\"http:\/\/wp.kristdemokraterna.se\/ydre\/2014-11-05-jatten-bule-i-farten\/\"><b>J\u00e4tten Bule i farten<\/b><\/a>\u00a0(5\/11) (Natur, idrott och h\u00e4lsa)<\/p>\n<p><a href=\"http:\/\/wp.kristdemokraterna.se\/ydre\/2014-11-11-den-stora-tystnaden\/\"><b>Den stora tystnaden<\/b><\/a>\u00a0(11\/11) (Bristf\u00e4llig information om kommunens politik)<\/p>\n<p><a href=\"http:\/\/wp.kristdemokraterna.se\/ydre\/2014-11-21-det-fredliga-ydre\/\"><b>Det fredliga Ydre<\/b><\/a>\u00a0(21\/11) (Polisens nya organisation)<\/p>\n<p><a href=\"http:\/\/wp.kristdemokraterna.se\/ydre\/2014-11-25-kan-doktorn-komma\/\"><b>Kan doktorn komma?<\/b><\/a>\u00a0(25\/11) (Hemsjukv\u00e5rdens omorganisation)<\/p>\n<p><a href=\"http:\/\/wp.kristdemokraterna.se\/ydre\/2014-12-04-upp-till-val\/\"><b>Upp till val!<\/b><\/a>\u00a0(4\/12) (Ny valr\u00f6relse)<\/p>\n<p><a href=\"http:\/\/wp.kristdemokraterna.se\/ydre\/2014-12-05-lat-oss-tanda-ett-ljus\/\"><b>L\u00e5t oss t\u00e4nda ett ljus!<\/b><\/a>\u00a0(12\/12) (Om energif\u00f6rs\u00f6rjningen)<\/p>\n<p><a href=\"http:\/\/wp.kristdemokraterna.se\/ydre\/2014-12-18-drommen-om-en-vit-jul\/\"><b>Dr\u00f6mmen om en vit jul<\/b><\/a>\u00a0(18\/12) (Politikerna och allm\u00e4nheten)<\/p>\n<p><a href=\"http:\/\/wp.kristdemokraterna.se\/ydre\/2014-12-28-en-forsenad-julklapp\/\"><b>En f\u00f6rsenad julklapp<\/b><\/a>\u00a0(28\/12) (Det inst\u00e4llda extravalet)<\/p>\n<p><img decoding=\"async\" src=\"https:\/\/ydrebo.se\/sverigeresor\/sodra_brata\/gata.jpg\" height=\"357\" \/><\/p>\n<p><span style=\"font-size: small\">Foto: Barbro Malm<\/span><\/p>\n","protected":false},"excerpt":{"rendered":"<p>Ydre &#8211; en h\u00f6jdpunkt i m\u00e4nsklighet\u00a0(15\/2) Tid f\u00f6r det m\u00e4nskliga\u00a0(20\/2) Tystnaden \u00e4r v\u00e5rt levebr\u00f6d\u00a0(21\/2) I Ydre ser man stj\u00e4rnorna\u00a0(5\/3) Den sj\u00e4lvklara freden &#8211; finns den?\u00a0(13\/3) I Ydre vet alla allt\u00a0(24\/3) Hur stora h\u00e5l f\u00e5r det vara i Ydres pl\u00e5nbok?\u00a0(2\/4) Gr\u00e4v inte!\u00a0(7\/4) Allt vad ydrebor f\u00f6retar sig\u00a0(15\/4) &#8221;Ljuvt och \u00e4rofullt \u00e4r att d\u00f6 f\u00f6r fosterlandet&#8221;\u00a0(Kriget om <a class=\"read-more-link\" href=\"https:\/\/wp.kristdemokraterna.se\/ydre\/ydrekronikor-2014\/\">L\u00e4s mer<\/a><\/p>\n","protected":false},"author":793,"featured_media":0,"parent":0,"menu_order":0,"comment_status":"closed","ping_status":"closed","template":"","meta":{"_acf_changed":false,"footnotes":""},"class_list":["post-567","page","type-page","status-publish","hentry"],"acf":[],"yoast_head":"<!-- This site is optimized with the Yoast SEO plugin v27.5 - https:\/\/yoast.com\/product\/yoast-seo-wordpress\/ -->\n<title>Ydrekr\u00f6nikor 2014 - Kristdemokraterna i Ydre<\/title>\n<meta name=\"robots\" content=\"index, follow, max-snippet:-1, max-image-preview:large, max-video-preview:-1\" \/>\n<link rel=\"canonical\" href=\"https:\/\/wp.kristdemokraterna.se\/ydre\/ydrekronikor-2014\/\" \/>\n<meta property=\"og:locale\" content=\"sv_SE\" \/>\n<meta property=\"og:type\" content=\"article\" \/>\n<meta property=\"og:title\" content=\"Ydrekr\u00f6nikor 2014 - Kristdemokraterna i Ydre\" \/>\n<meta property=\"og:description\" content=\"Ydre &#8211; en h\u00f6jdpunkt i m\u00e4nsklighet\u00a0(15\/2) Tid f\u00f6r det m\u00e4nskliga\u00a0(20\/2) Tystnaden \u00e4r v\u00e5rt levebr\u00f6d\u00a0(21\/2) I Ydre ser man stj\u00e4rnorna\u00a0(5\/3) Den sj\u00e4lvklara freden &#8211; finns den?\u00a0(13\/3) I Ydre vet alla allt\u00a0(24\/3) Hur stora h\u00e5l f\u00e5r det vara i Ydres pl\u00e5nbok?\u00a0(2\/4) Gr\u00e4v inte!\u00a0(7\/4) Allt vad ydrebor f\u00f6retar sig\u00a0(15\/4) &#8221;Ljuvt och \u00e4rofullt \u00e4r att d\u00f6 f\u00f6r fosterlandet&#8221;\u00a0(Kriget om L\u00e4s mer\" \/>\n<meta property=\"og:url\" content=\"https:\/\/wp.kristdemokraterna.se\/ydre\/ydrekronikor-2014\/\" \/>\n<meta property=\"og:site_name\" content=\"Kristdemokraterna i Ydre\" \/>\n<meta property=\"article:modified_time\" content=\"2018-07-25T20:25:10+00:00\" \/>\n<meta property=\"og:image\" content=\"https:\/\/ydrebo.se\/sverigeresor\/sodra_brata\/gata.jpg\" \/>\n<meta name=\"twitter:card\" content=\"summary_large_image\" \/>\n<meta name=\"twitter:label1\" content=\"Ber\u00e4knad l\u00e4stid\" \/>\n\t<meta name=\"twitter:data1\" content=\"2 minuter\" \/>\n<script type=\"application\/ld+json\" class=\"yoast-schema-graph\">{\"@context\":\"https:\\\/\\\/schema.org\",\"@graph\":[{\"@type\":\"WebPage\",\"@id\":\"https:\\\/\\\/wp.kristdemokraterna.se\\\/ydre\\\/ydrekronikor-2014\\\/\",\"url\":\"https:\\\/\\\/wp.kristdemokraterna.se\\\/ydre\\\/ydrekronikor-2014\\\/\",\"name\":\"Ydrekr\u00f6nikor 2014 - Kristdemokraterna i Ydre\",\"isPartOf\":{\"@id\":\"https:\\\/\\\/wp.kristdemokraterna.se\\\/ydre\\\/#website\"},\"primaryImageOfPage\":{\"@id\":\"https:\\\/\\\/wp.kristdemokraterna.se\\\/ydre\\\/ydrekronikor-2014\\\/#primaryimage\"},\"image\":{\"@id\":\"https:\\\/\\\/wp.kristdemokraterna.se\\\/ydre\\\/ydrekronikor-2014\\\/#primaryimage\"},\"thumbnailUrl\":\"https:\\\/\\\/ydrebo.se\\\/sverigeresor\\\/sodra_brata\\\/gata.jpg\",\"datePublished\":\"2018-06-13T17:30:12+00:00\",\"dateModified\":\"2018-07-25T20:25:10+00:00\",\"breadcrumb\":{\"@id\":\"https:\\\/\\\/wp.kristdemokraterna.se\\\/ydre\\\/ydrekronikor-2014\\\/#breadcrumb\"},\"inLanguage\":\"sv-SE\",\"potentialAction\":[{\"@type\":\"ReadAction\",\"target\":[\"https:\\\/\\\/wp.kristdemokraterna.se\\\/ydre\\\/ydrekronikor-2014\\\/\"]}]},{\"@type\":\"ImageObject\",\"inLanguage\":\"sv-SE\",\"@id\":\"https:\\\/\\\/wp.kristdemokraterna.se\\\/ydre\\\/ydrekronikor-2014\\\/#primaryimage\",\"url\":\"https:\\\/\\\/ydrebo.se\\\/sverigeresor\\\/sodra_brata\\\/gata.jpg\",\"contentUrl\":\"https:\\\/\\\/ydrebo.se\\\/sverigeresor\\\/sodra_brata\\\/gata.jpg\"},{\"@type\":\"BreadcrumbList\",\"@id\":\"https:\\\/\\\/wp.kristdemokraterna.se\\\/ydre\\\/ydrekronikor-2014\\\/#breadcrumb\",\"itemListElement\":[{\"@type\":\"ListItem\",\"position\":1,\"name\":\"Hem\",\"item\":\"https:\\\/\\\/wp.kristdemokraterna.se\\\/ydre\\\/\"},{\"@type\":\"ListItem\",\"position\":2,\"name\":\"Ydrekr\u00f6nikor 2014\"}]},{\"@type\":\"WebSite\",\"@id\":\"https:\\\/\\\/wp.kristdemokraterna.se\\\/ydre\\\/#website\",\"url\":\"https:\\\/\\\/wp.kristdemokraterna.se\\\/ydre\\\/\",\"name\":\"Kristdemokraterna i Ydre\",\"description\":\"En till Kristdemokraterna webbplats\",\"inLanguage\":\"sv-SE\"}]}<\/script>\n<!-- \/ Yoast SEO plugin. -->","yoast_head_json":{"title":"Ydrekr\u00f6nikor 2014 - Kristdemokraterna i Ydre","robots":{"index":"index","follow":"follow","max-snippet":"max-snippet:-1","max-image-preview":"max-image-preview:large","max-video-preview":"max-video-preview:-1"},"canonical":"https:\/\/wp.kristdemokraterna.se\/ydre\/ydrekronikor-2014\/","og_locale":"sv_SE","og_type":"article","og_title":"Ydrekr\u00f6nikor 2014 - Kristdemokraterna i Ydre","og_description":"Ydre &#8211; en h\u00f6jdpunkt i m\u00e4nsklighet\u00a0(15\/2) Tid f\u00f6r det m\u00e4nskliga\u00a0(20\/2) Tystnaden \u00e4r v\u00e5rt levebr\u00f6d\u00a0(21\/2) I Ydre ser man stj\u00e4rnorna\u00a0(5\/3) Den sj\u00e4lvklara freden &#8211; finns den?\u00a0(13\/3) I Ydre vet alla allt\u00a0(24\/3) Hur stora h\u00e5l f\u00e5r det vara i Ydres pl\u00e5nbok?\u00a0(2\/4) Gr\u00e4v inte!\u00a0(7\/4) Allt vad ydrebor f\u00f6retar sig\u00a0(15\/4) &#8221;Ljuvt och \u00e4rofullt \u00e4r att d\u00f6 f\u00f6r fosterlandet&#8221;\u00a0(Kriget om L\u00e4s mer","og_url":"https:\/\/wp.kristdemokraterna.se\/ydre\/ydrekronikor-2014\/","og_site_name":"Kristdemokraterna i Ydre","article_modified_time":"2018-07-25T20:25:10+00:00","og_image":[{"url":"https:\/\/ydrebo.se\/sverigeresor\/sodra_brata\/gata.jpg","type":"","width":"","height":""}],"twitter_card":"summary_large_image","twitter_misc":{"Ber\u00e4knad l\u00e4stid":"2 minuter"},"schema":{"@context":"https:\/\/schema.org","@graph":[{"@type":"WebPage","@id":"https:\/\/wp.kristdemokraterna.se\/ydre\/ydrekronikor-2014\/","url":"https:\/\/wp.kristdemokraterna.se\/ydre\/ydrekronikor-2014\/","name":"Ydrekr\u00f6nikor 2014 - Kristdemokraterna i Ydre","isPartOf":{"@id":"https:\/\/wp.kristdemokraterna.se\/ydre\/#website"},"primaryImageOfPage":{"@id":"https:\/\/wp.kristdemokraterna.se\/ydre\/ydrekronikor-2014\/#primaryimage"},"image":{"@id":"https:\/\/wp.kristdemokraterna.se\/ydre\/ydrekronikor-2014\/#primaryimage"},"thumbnailUrl":"https:\/\/ydrebo.se\/sverigeresor\/sodra_brata\/gata.jpg","datePublished":"2018-06-13T17:30:12+00:00","dateModified":"2018-07-25T20:25:10+00:00","breadcrumb":{"@id":"https:\/\/wp.kristdemokraterna.se\/ydre\/ydrekronikor-2014\/#breadcrumb"},"inLanguage":"sv-SE","potentialAction":[{"@type":"ReadAction","target":["https:\/\/wp.kristdemokraterna.se\/ydre\/ydrekronikor-2014\/"]}]},{"@type":"ImageObject","inLanguage":"sv-SE","@id":"https:\/\/wp.kristdemokraterna.se\/ydre\/ydrekronikor-2014\/#primaryimage","url":"https:\/\/ydrebo.se\/sverigeresor\/sodra_brata\/gata.jpg","contentUrl":"https:\/\/ydrebo.se\/sverigeresor\/sodra_brata\/gata.jpg"},{"@type":"BreadcrumbList","@id":"https:\/\/wp.kristdemokraterna.se\/ydre\/ydrekronikor-2014\/#breadcrumb","itemListElement":[{"@type":"ListItem","position":1,"name":"Hem","item":"https:\/\/wp.kristdemokraterna.se\/ydre\/"},{"@type":"ListItem","position":2,"name":"Ydrekr\u00f6nikor 2014"}]},{"@type":"WebSite","@id":"https:\/\/wp.kristdemokraterna.se\/ydre\/#website","url":"https:\/\/wp.kristdemokraterna.se\/ydre\/","name":"Kristdemokraterna i Ydre","description":"En till Kristdemokraterna webbplats","inLanguage":"sv-SE"}]}},"_links":{"self":[{"href":"https:\/\/wp.kristdemokraterna.se\/ydre\/wp-json\/wp\/v2\/pages\/567","targetHints":{"allow":["GET"]}}],"collection":[{"href":"https:\/\/wp.kristdemokraterna.se\/ydre\/wp-json\/wp\/v2\/pages"}],"about":[{"href":"https:\/\/wp.kristdemokraterna.se\/ydre\/wp-json\/wp\/v2\/types\/page"}],"author":[{"embeddable":true,"href":"https:\/\/wp.kristdemokraterna.se\/ydre\/wp-json\/wp\/v2\/users\/793"}],"replies":[{"embeddable":true,"href":"https:\/\/wp.kristdemokraterna.se\/ydre\/wp-json\/wp\/v2\/comments?post=567"}],"version-history":[{"count":49,"href":"https:\/\/wp.kristdemokraterna.se\/ydre\/wp-json\/wp\/v2\/pages\/567\/revisions"}],"predecessor-version":[{"id":1343,"href":"https:\/\/wp.kristdemokraterna.se\/ydre\/wp-json\/wp\/v2\/pages\/567\/revisions\/1343"}],"wp:attachment":[{"href":"https:\/\/wp.kristdemokraterna.se\/ydre\/wp-json\/wp\/v2\/media?parent=567"}],"curies":[{"name":"wp","href":"https:\/\/api.w.org\/{rel}","templated":true}]}}