{"id":570,"date":"2018-06-13T19:33:17","date_gmt":"2018-06-13T17:33:17","guid":{"rendered":"http:\/\/wp.kristdemokraterna.se\/ydre\/?page_id=570"},"modified":"2018-08-11T19:15:36","modified_gmt":"2018-08-11T17:15:36","slug":"ydrekronikor-2015","status":"publish","type":"page","link":"https:\/\/wp.kristdemokraterna.se\/ydre\/ydrekronikor-2015\/","title":{"rendered":"Ydrekr\u00f6nikor 2015"},"content":{"rendered":"<p><a href=\"http:\/\/wp.kristdemokraterna.se\/ydre\/2015-01-03-ljus-i-morkret\/\"><b>Ljus i m\u00f6rkret<\/b><\/a>\u00a0(3\/1)<\/p>\n<p><a href=\"http:\/\/wp.kristdemokraterna.se\/ydre\/2015-01-11-drommen-om-yttrandefrihet\/\"><b>Dr\u00f6mmen om yttrandefrihet<\/b><\/a>\u00a0(11\/1)<\/p>\n<p><a href=\"http:\/\/wp.kristdemokraterna.se\/ydre\/2015-01-17-vi-skall-inte-lagga-oss-ner-och-do\/\"><b>&#8221;Vi skall inte l\u00e4gga oss ner och d\u00f6!&#8221;<\/b><\/a>\u00a0(om V\u00e4rdshuset) (17\/1)<\/p>\n<p><a href=\"http:\/\/wp.kristdemokraterna.se\/ydre\/2015-01-23-vem-vill-vara-dagmamma-i-ydre\/\"><b>Vem vill vara dagmamma i Ydre?<\/b><\/a>\u00a0(23\/1)<\/p>\n<p><a href=\"http:\/\/wp.kristdemokraterna.se\/ydre\/2015-01-29-dagens-nyhet\/\"><b>Dagens nyhet<\/b><\/a>\u00a0(G\u00f6ran H\u00e4gglund avg\u00e5r som partiordf\u00f6rande) (29\/1)<\/p>\n<p><a href=\"http:\/\/wp.kristdemokraterna.se\/ydre\/2015-02-07-har-vi-rad-att-ge-vara-barn-mjolk\/\"><b>Har vi r\u00e5d att ge v\u00e5ra barn mj\u00f6lk?<\/b><\/a>\u00a0(Landsbygdens problem) (7\/2)<\/p>\n<p><a href=\"http:\/\/wp.kristdemokraterna.se\/ydre\/hur-gamla-far-vi-bli\/\"><b>Hur gamla f\u00e5r vi bli?<\/b><\/a>\u00a0(13\/2)<\/p>\n<p><a href=\"http:\/\/wp.kristdemokraterna.se\/ydre\/2015-02-20-nar-ljuset-kommer\/\"><b>N\u00e4r ljuset kommer<\/b><\/a>\u00a0(20\/2) (om den yttre milj\u00f6n)<\/p>\n<p><a href=\"http:\/\/wp.kristdemokraterna.se\/ydre\/2015-02-27-varen-ar-pa-vag\/\"><b>V\u00e5ren \u00e4r p\u00e5 v\u00e4g<\/b><\/a>\u00a0(27\/2) (Sverigedemokraterna och invandrarna)<\/p>\n<p><a href=\"http:\/\/wp.kristdemokraterna.se\/ydre\/2015-03-09-rakna-med-barnen-eller-vi-skola-nastan-alla-do\/\"><b>R\u00e4kna med barnen<\/b><\/a>\u00a0(9\/3) (Kommunens kostnader f\u00f6r barn och \u00e4ldre)<\/p>\n<p><a href=\"http:\/\/wp.kristdemokraterna.se\/ydre\/2015-03-12-ta-vara-pa-ydres-resurser\/\"><b>Tag vara p\u00e5 Ydres resurser!<\/b><\/a>\u00a0(12\/3)<\/p>\n<p><a href=\"http:\/\/wp.kristdemokraterna.se\/ydre\/2015-03-20-var-ar-magistern\/\"><b>Var \u00e4r magistern?<\/b><\/a>\u00a0(20\/3) (Oj\u00e4mn k\u00f6nsf\u00f6rdelning i vissa yrken)<\/p>\n<p><a href=\"http:\/\/wp.kristdemokraterna.se\/ydre\/2015-03-27-varlden-skall-fira-freden\/\"><b>V\u00e4rlden skall fira freden<\/b><\/a>\u00a0(27\/3)<\/p>\n<p><a href=\"http:\/\/wp.kristdemokraterna.se\/ydre\/2015-04-01-leve-det-fria-ydre\/\"><b>Leve det fria Ydre!<\/b><\/a>\u00a0(1\/4) (V\u00e4rdet av kommunalt sj\u00e4lvstyre)<\/p>\n<p><a href=\"http:\/\/wp.kristdemokraterna.se\/ydre\/bredband-eller-barn\/\"><b>Bredband eller barn?<\/b><\/a>\u00a0(11\/4) (Kommunal ekonomi)<\/p>\n<p><a href=\"http:\/\/wp.kristdemokraterna.se\/ydre\/2015-04-17-ar-barn-valkomna-i-ydre\/\"><b>\u00c4r barn v\u00e4lkomna i Ydre?<\/b><\/a>\u00a0(17\/4) (Ensamkommande flyktingbarn)<\/p>\n<p><a href=\"http:\/\/wp.kristdemokraterna.se\/ydre\/2015-04-21-leve-familjen\/\"><b>Leve familjen!<\/b><\/a>\u00a0(21\/4)<\/p>\n<p><a href=\"http:\/\/wp.kristdemokraterna.se\/ydre\/politiska-svarord\/\"><b>Politiska sv\u00e4rord<\/b><\/a>\u00a0(28\/4)<\/p>\n<p><a href=\"http:\/\/wp.kristdemokraterna.se\/ydre\/2015-05-06-kulturens-ydre\/\"><b>Kulturens Ydre<\/b><\/a>\u00a0(6\/5)<\/p>\n<p><a href=\"http:\/\/wp.kristdemokraterna.se\/ydre\/2015-05-12-sag-andrew-peterson-niagara\/\"><b>S\u00e5g Andrew Peterson Niagara?<\/b><\/a>\u00a0(12\/5) (Utvandring och invandring)<\/p>\n<p><a href=\"http:\/\/wp.kristdemokraterna.se\/ydre\/2018-05-18-vi-har-det-ju-sa-bra-i-ydre\/\"><b>Vi har det ju s\u00e5 bra i Ydre!<\/b><\/a>\u00a0(18\/5) (De ensamkommande flyktingbarnen igen)<\/p>\n<p><a href=\"http:\/\/wp.kristdemokraterna.se\/ydre\/2015-05-28-ydre-den-verkliga-glesbygden\/\"><b>Ydre &#8211; den verkliga glesbygden<\/b><\/a>\u00a0(28\/5)<\/p>\n<p><a href=\"http:\/\/wp.kristdemokraterna.se\/ydre\/2015-06-06-leve-sverige\/\"><b>Leve Sverige!<\/b><\/a>\u00a0(6\/6)<\/p>\n<p><a href=\"http:\/\/wp.kristdemokraterna.se\/ydre\/2015-06-18-europas-waterloo\/\"><b>Europas Waterloo<\/b><\/a>\u00a0(18\/6) (200-\u00e5rsminnet av slaget)<\/p>\n<p><a href=\"http:\/\/wp.kristdemokraterna.se\/ydre\/2015-06-26-sommarlovet-i-fara\/\"><b>Sommarlovet i fara<\/b><\/a>\u00a0(26\/6)<\/p>\n<p><a href=\"http:\/\/wp.kristdemokraterna.se\/ydre\/2015-07-02-syns-ydre\/\"><b>Syns Ydre?<\/b><\/a>\u00a0(2\/7) (Glesbygdsfr\u00e5gorna)<\/p>\n<p><a href=\"http:\/\/wp.kristdemokraterna.se\/ydre\/2015-07-08-i-ydre-finns-kulturen\/\"><b>I Ydre finns kulturen<\/b><\/a>\u00a0(8\/7)<\/p>\n<p><a href=\"http:\/\/wp.kristdemokraterna.se\/ydre\/2015-07-13-lagom-ar-inte-bast-i-ydre\/\"><b>Lagom \u00e4r inte b\u00e4st i Ydre<\/b><\/a>\u00a0(13\/7) (Sverigedemokraterna och Ydre)<\/p>\n<p><a href=\"http:\/\/wp.kristdemokraterna.se\/ydre\/2015-07-20-vagen-till-lycksalighetens-o-eller-blev-amerikafararna-sjosjuka\/\"><b>V\u00e4gen till Lycksalighetens \u00d6<\/b><\/a>\u00a0(20\/7) (Utvandringen till Amerika)<\/p>\n<p><a href=\"http:\/\/wp.kristdemokraterna.se\/ydre\/2015-07-31-hur-kan-man-bara-lamna-ydre\/\"><b>Hur kan man bara l\u00e4mna Ydre?<\/b>\u00a0<\/a>(31\/7)<\/p>\n<p><a href=\"http:\/\/wp.kristdemokraterna.se\/ydre\/2015-08-06-gron-gubbe-eller-ett-kusligt-70-arsminne\/\"><b>Gr\u00f6n gubbe<\/b><\/a>\u00a0(6\/8) (70 \u00e5r efter atombomben i Hiroshima)<\/p>\n<p><a href=\"http:\/\/wp.kristdemokraterna.se\/ydre\/2015-08-12-hor-ropen-skalla-varnplikt-for-alla\/\"><b>H\u00f6r ropen skalla: V\u00e4rnplikt f\u00f6r alla!<\/b><\/a>\u00a0(12\/8) (Kvinnlig v\u00e4rnplikt?)<\/p>\n<p><a href=\"http:\/\/wp.kristdemokraterna.se\/ydre\/2015-08-17-var-beredskap-ar-god\/\"><b>V\u00e5r beredskap \u00e4r god (?)<\/b><\/a>\u00a0(17\/8)<\/p>\n<p><a href=\"http:\/\/wp.kristdemokraterna.se\/ydre\/2015-08-24-jag-vill-ocksa-ga-i-skolan\/\"><b>Jag vill ocks\u00e5 g\u00e5 i skolan<\/b><\/a>\u00a0(24\/8) (\u00c4r skolstart mobbningsstart?)<\/p>\n<p><a href=\"http:\/\/wp.kristdemokraterna.se\/ydre\/2015-08-31-flyktingar-flyktingar-flyktingar\/\"><b>Flyktingar, flyktingar, flyktingar&#8230;<\/b><\/a>\u00a0(31\/8)<\/p>\n<p><a href=\"http:\/\/wp.kristdemokraterna.se\/ydre\/2015-09-08-behovs-det-ord\/\"><b>Beh\u00f6vs det ord?<\/b><\/a>\u00a0(8\/9) (Om flyktingarna igen)<\/p>\n<p><a href=\"http:\/\/wp.kristdemokraterna.se\/ydre\/2015-09-17-det-varas-for-ydre\/\"><b>Det v\u00e5ras f\u00f6r Ydre<\/b><\/a>\u00a0(17\/9)<\/p>\n<p><a href=\"http:\/\/wp.kristdemokraterna.se\/ydre\/2015-09-23-att-komma-till-ydre-ar-att-komma-hem\/\"><b>Att komma till Ydre \u00e4r att komma hem<\/b><\/a>\u00a0(23\/9)<\/p>\n<p><a href=\"http:\/\/wp.kristdemokraterna.se\/ydre\/2015-09-30-det-brinner-i-knutarna\/\"><b>Det brinner i knutarna<\/b><\/a>\u00a0(30\/9) (Behovet av administrativa reformer)<\/p>\n<p><a href=\"http:\/\/wp.kristdemokraterna.se\/ydre\/2015-10-06-vardshus-forbi\/\"><b>V\u00e4rdshus f\u00f6rbi?<\/b><\/a>\u00a0(6\/10) (V\u00e4rdshuset och flyktingbarnen)<\/p>\n<p><a href=\"http:\/\/wp.kristdemokraterna.se\/ydre\/2015-10-14-landet-behover-landet\/\"><b>Landet beh\u00f6ver landet<\/b><\/a>\u00a0(14\/10) (Landsbygdens behov)<\/p>\n<p><a href=\"http:\/\/wp.kristdemokraterna.se\/ydre\/2015-10-22-kan-barn-tanka\/\"><b>Kan barn t\u00e4nka?<\/b><\/a>\u00a0(22\/10) (Pedagogiken i skolan)<\/p>\n<p><a href=\"http:\/\/wp.kristdemokraterna.se\/ydre\/2015-10-30-eld-och-lagor\/\"><b>Eld och l\u00e5gor<\/b><\/a>\u00a0(30\/10) (Brandattentaten mot asylboenden)<\/p>\n<p><a href=\"http:\/\/wp.kristdemokraterna.se\/ydre\/2015-11-05-litet-bo-jag-satta-vill\/\"><b>Litet bo jag s\u00e4tta vill<\/b><\/a>\u00a0(8\/11) (Fler bost\u00e4der beh\u00f6vs)<\/p>\n<p><a href=\"http:\/\/wp.kristdemokraterna.se\/ydre\/2015-11-14-hatets-dag\/\"><b>Hatets dag<\/b><\/a>\u00a0(14\/11) (Terrord\u00e5den i Paris den 13\/11)<\/p>\n<p><a href=\"http:\/\/wp.kristdemokraterna.se\/ydre\/2015-11-21-fruktans-tid\/\"><b>Fruktans tid<\/b><\/a>\u00a0(21\/11) (Efter terrord\u00e5den)<\/p>\n<p><a href=\"http:\/\/wp.kristdemokraterna.se\/ydre\/2015-11-27-lycka-ar-att-fa-bo-i-ydre\/\"><b>Lycka \u00e4r att f\u00e5 bo i Ydre<\/b><\/a>\u00a0(27\/11) (Om uppeh\u00e5llstillst\u00e5nd)<\/p>\n<p><a href=\"http:\/\/wp.kristdemokraterna.se\/ydre\/2015-12-03-hur-var-det-forr-att-fly\/\"><b>Hur var det f\u00f6rr att fly?<\/b><\/a>\u00a0(3\/12) (Att l\u00e4ra av historien)<\/p>\n<p><a href=\"http:\/\/wp.kristdemokraterna.se\/ydre\/2015-12-10-ar-ydre-ett-hot-mot-rikets-sakerhet\/\"><b>\u00c4r Ydre ett hot mot rikets s\u00e4kerhet?<\/b><\/a>\u00a0(10\/12) (V\u00e4rdet av kommunalt sj\u00e4lvstyre)<\/p>\n<p><a href=\"http:\/\/wp.kristdemokraterna.se\/ydre\/2015-12-16-drommen-om-en-vit-jul\/\"><b>Dr\u00f6mmen om en vit jul<\/b><\/a>\u00a0(16\/12) (Klimatf\u00f6r\u00e4ndringarna)<\/p>\n<p><a href=\"http:\/\/wp.kristdemokraterna.se\/ydre\/2015-12-21-drottningens-asylansokan\/\"><b>Drottningens asylans\u00f6kan<\/b><\/a>\u00a0(21\/12) (Fr\u00e4mlingsfientligheten)<\/p>\n<p><a href=\"http:\/\/wp.kristdemokraterna.se\/ydre\/2015-12-27-fly-radda-livet\/\"><b>Fly! R\u00e4dda livet!<\/b><\/a>\u00a0(27\/12)<\/p>\n<p><img decoding=\"async\" src=\"https:\/\/ydrebo.se\/sverigeresor\/sodra_brata\/gata.jpg\" height=\"357\" \/><\/p>\n<p><span style=\"font-size: small\">Foto: Barbro Malm<\/span><\/p>\n","protected":false},"excerpt":{"rendered":"<p>Ljus i m\u00f6rkret\u00a0(3\/1) Dr\u00f6mmen om yttrandefrihet\u00a0(11\/1) &#8221;Vi skall inte l\u00e4gga oss ner och d\u00f6!&#8221;\u00a0(om V\u00e4rdshuset) (17\/1) Vem vill vara dagmamma i Ydre?\u00a0(23\/1) Dagens nyhet\u00a0(G\u00f6ran H\u00e4gglund avg\u00e5r som partiordf\u00f6rande) (29\/1) Har vi r\u00e5d att ge v\u00e5ra barn mj\u00f6lk?\u00a0(Landsbygdens problem) (7\/2) Hur gamla f\u00e5r vi bli?\u00a0(13\/2) N\u00e4r ljuset kommer\u00a0(20\/2) (om den yttre milj\u00f6n) V\u00e5ren \u00e4r p\u00e5 v\u00e4g\u00a0(27\/2) <a class=\"read-more-link\" href=\"https:\/\/wp.kristdemokraterna.se\/ydre\/ydrekronikor-2015\/\">L\u00e4s mer<\/a><\/p>\n","protected":false},"author":793,"featured_media":0,"parent":0,"menu_order":0,"comment_status":"closed","ping_status":"closed","template":"","meta":{"_acf_changed":false,"footnotes":""},"class_list":["post-570","page","type-page","status-publish","hentry"],"acf":[],"yoast_head":"<!-- This site is optimized with the Yoast SEO plugin v27.5 - https:\/\/yoast.com\/product\/yoast-seo-wordpress\/ -->\n<title>Ydrekr\u00f6nikor 2015 - Kristdemokraterna i Ydre<\/title>\n<meta name=\"robots\" content=\"index, follow, max-snippet:-1, max-image-preview:large, max-video-preview:-1\" \/>\n<link rel=\"canonical\" href=\"https:\/\/wp.kristdemokraterna.se\/ydre\/ydrekronikor-2015\/\" \/>\n<meta property=\"og:locale\" content=\"sv_SE\" \/>\n<meta property=\"og:type\" content=\"article\" \/>\n<meta property=\"og:title\" content=\"Ydrekr\u00f6nikor 2015 - Kristdemokraterna i Ydre\" \/>\n<meta property=\"og:description\" content=\"Ljus i m\u00f6rkret\u00a0(3\/1) Dr\u00f6mmen om yttrandefrihet\u00a0(11\/1) &#8221;Vi skall inte l\u00e4gga oss ner och d\u00f6!&#8221;\u00a0(om V\u00e4rdshuset) (17\/1) Vem vill vara dagmamma i Ydre?\u00a0(23\/1) Dagens nyhet\u00a0(G\u00f6ran H\u00e4gglund avg\u00e5r som partiordf\u00f6rande) (29\/1) Har vi r\u00e5d att ge v\u00e5ra barn mj\u00f6lk?\u00a0(Landsbygdens problem) (7\/2) Hur gamla f\u00e5r vi bli?\u00a0(13\/2) N\u00e4r ljuset kommer\u00a0(20\/2) (om den yttre milj\u00f6n) V\u00e5ren \u00e4r p\u00e5 v\u00e4g\u00a0(27\/2) L\u00e4s mer\" \/>\n<meta property=\"og:url\" content=\"https:\/\/wp.kristdemokraterna.se\/ydre\/ydrekronikor-2015\/\" \/>\n<meta property=\"og:site_name\" content=\"Kristdemokraterna i Ydre\" \/>\n<meta property=\"article:modified_time\" content=\"2018-08-11T17:15:36+00:00\" \/>\n<meta property=\"og:image\" content=\"https:\/\/ydrebo.se\/sverigeresor\/sodra_brata\/gata.jpg\" \/>\n<meta name=\"twitter:card\" content=\"summary_large_image\" \/>\n<meta name=\"twitter:label1\" content=\"Ber\u00e4knad l\u00e4stid\" \/>\n\t<meta name=\"twitter:data1\" content=\"2 minuter\" \/>\n<script type=\"application\/ld+json\" class=\"yoast-schema-graph\">{\"@context\":\"https:\\\/\\\/schema.org\",\"@graph\":[{\"@type\":\"WebPage\",\"@id\":\"https:\\\/\\\/wp.kristdemokraterna.se\\\/ydre\\\/ydrekronikor-2015\\\/\",\"url\":\"https:\\\/\\\/wp.kristdemokraterna.se\\\/ydre\\\/ydrekronikor-2015\\\/\",\"name\":\"Ydrekr\u00f6nikor 2015 - Kristdemokraterna i Ydre\",\"isPartOf\":{\"@id\":\"https:\\\/\\\/wp.kristdemokraterna.se\\\/ydre\\\/#website\"},\"primaryImageOfPage\":{\"@id\":\"https:\\\/\\\/wp.kristdemokraterna.se\\\/ydre\\\/ydrekronikor-2015\\\/#primaryimage\"},\"image\":{\"@id\":\"https:\\\/\\\/wp.kristdemokraterna.se\\\/ydre\\\/ydrekronikor-2015\\\/#primaryimage\"},\"thumbnailUrl\":\"https:\\\/\\\/ydrebo.se\\\/sverigeresor\\\/sodra_brata\\\/gata.jpg\",\"datePublished\":\"2018-06-13T17:33:17+00:00\",\"dateModified\":\"2018-08-11T17:15:36+00:00\",\"breadcrumb\":{\"@id\":\"https:\\\/\\\/wp.kristdemokraterna.se\\\/ydre\\\/ydrekronikor-2015\\\/#breadcrumb\"},\"inLanguage\":\"sv-SE\",\"potentialAction\":[{\"@type\":\"ReadAction\",\"target\":[\"https:\\\/\\\/wp.kristdemokraterna.se\\\/ydre\\\/ydrekronikor-2015\\\/\"]}]},{\"@type\":\"ImageObject\",\"inLanguage\":\"sv-SE\",\"@id\":\"https:\\\/\\\/wp.kristdemokraterna.se\\\/ydre\\\/ydrekronikor-2015\\\/#primaryimage\",\"url\":\"https:\\\/\\\/ydrebo.se\\\/sverigeresor\\\/sodra_brata\\\/gata.jpg\",\"contentUrl\":\"https:\\\/\\\/ydrebo.se\\\/sverigeresor\\\/sodra_brata\\\/gata.jpg\"},{\"@type\":\"BreadcrumbList\",\"@id\":\"https:\\\/\\\/wp.kristdemokraterna.se\\\/ydre\\\/ydrekronikor-2015\\\/#breadcrumb\",\"itemListElement\":[{\"@type\":\"ListItem\",\"position\":1,\"name\":\"Hem\",\"item\":\"https:\\\/\\\/wp.kristdemokraterna.se\\\/ydre\\\/\"},{\"@type\":\"ListItem\",\"position\":2,\"name\":\"Ydrekr\u00f6nikor 2015\"}]},{\"@type\":\"WebSite\",\"@id\":\"https:\\\/\\\/wp.kristdemokraterna.se\\\/ydre\\\/#website\",\"url\":\"https:\\\/\\\/wp.kristdemokraterna.se\\\/ydre\\\/\",\"name\":\"Kristdemokraterna i Ydre\",\"description\":\"En till Kristdemokraterna webbplats\",\"inLanguage\":\"sv-SE\"}]}<\/script>\n<!-- \/ Yoast SEO plugin. -->","yoast_head_json":{"title":"Ydrekr\u00f6nikor 2015 - Kristdemokraterna i Ydre","robots":{"index":"index","follow":"follow","max-snippet":"max-snippet:-1","max-image-preview":"max-image-preview:large","max-video-preview":"max-video-preview:-1"},"canonical":"https:\/\/wp.kristdemokraterna.se\/ydre\/ydrekronikor-2015\/","og_locale":"sv_SE","og_type":"article","og_title":"Ydrekr\u00f6nikor 2015 - Kristdemokraterna i Ydre","og_description":"Ljus i m\u00f6rkret\u00a0(3\/1) Dr\u00f6mmen om yttrandefrihet\u00a0(11\/1) &#8221;Vi skall inte l\u00e4gga oss ner och d\u00f6!&#8221;\u00a0(om V\u00e4rdshuset) (17\/1) Vem vill vara dagmamma i Ydre?\u00a0(23\/1) Dagens nyhet\u00a0(G\u00f6ran H\u00e4gglund avg\u00e5r som partiordf\u00f6rande) (29\/1) Har vi r\u00e5d att ge v\u00e5ra barn mj\u00f6lk?\u00a0(Landsbygdens problem) (7\/2) Hur gamla f\u00e5r vi bli?\u00a0(13\/2) N\u00e4r ljuset kommer\u00a0(20\/2) (om den yttre milj\u00f6n) V\u00e5ren \u00e4r p\u00e5 v\u00e4g\u00a0(27\/2) L\u00e4s mer","og_url":"https:\/\/wp.kristdemokraterna.se\/ydre\/ydrekronikor-2015\/","og_site_name":"Kristdemokraterna i Ydre","article_modified_time":"2018-08-11T17:15:36+00:00","og_image":[{"url":"https:\/\/ydrebo.se\/sverigeresor\/sodra_brata\/gata.jpg","type":"","width":"","height":""}],"twitter_card":"summary_large_image","twitter_misc":{"Ber\u00e4knad l\u00e4stid":"2 minuter"},"schema":{"@context":"https:\/\/schema.org","@graph":[{"@type":"WebPage","@id":"https:\/\/wp.kristdemokraterna.se\/ydre\/ydrekronikor-2015\/","url":"https:\/\/wp.kristdemokraterna.se\/ydre\/ydrekronikor-2015\/","name":"Ydrekr\u00f6nikor 2015 - Kristdemokraterna i Ydre","isPartOf":{"@id":"https:\/\/wp.kristdemokraterna.se\/ydre\/#website"},"primaryImageOfPage":{"@id":"https:\/\/wp.kristdemokraterna.se\/ydre\/ydrekronikor-2015\/#primaryimage"},"image":{"@id":"https:\/\/wp.kristdemokraterna.se\/ydre\/ydrekronikor-2015\/#primaryimage"},"thumbnailUrl":"https:\/\/ydrebo.se\/sverigeresor\/sodra_brata\/gata.jpg","datePublished":"2018-06-13T17:33:17+00:00","dateModified":"2018-08-11T17:15:36+00:00","breadcrumb":{"@id":"https:\/\/wp.kristdemokraterna.se\/ydre\/ydrekronikor-2015\/#breadcrumb"},"inLanguage":"sv-SE","potentialAction":[{"@type":"ReadAction","target":["https:\/\/wp.kristdemokraterna.se\/ydre\/ydrekronikor-2015\/"]}]},{"@type":"ImageObject","inLanguage":"sv-SE","@id":"https:\/\/wp.kristdemokraterna.se\/ydre\/ydrekronikor-2015\/#primaryimage","url":"https:\/\/ydrebo.se\/sverigeresor\/sodra_brata\/gata.jpg","contentUrl":"https:\/\/ydrebo.se\/sverigeresor\/sodra_brata\/gata.jpg"},{"@type":"BreadcrumbList","@id":"https:\/\/wp.kristdemokraterna.se\/ydre\/ydrekronikor-2015\/#breadcrumb","itemListElement":[{"@type":"ListItem","position":1,"name":"Hem","item":"https:\/\/wp.kristdemokraterna.se\/ydre\/"},{"@type":"ListItem","position":2,"name":"Ydrekr\u00f6nikor 2015"}]},{"@type":"WebSite","@id":"https:\/\/wp.kristdemokraterna.se\/ydre\/#website","url":"https:\/\/wp.kristdemokraterna.se\/ydre\/","name":"Kristdemokraterna i Ydre","description":"En till Kristdemokraterna webbplats","inLanguage":"sv-SE"}]}},"_links":{"self":[{"href":"https:\/\/wp.kristdemokraterna.se\/ydre\/wp-json\/wp\/v2\/pages\/570","targetHints":{"allow":["GET"]}}],"collection":[{"href":"https:\/\/wp.kristdemokraterna.se\/ydre\/wp-json\/wp\/v2\/pages"}],"about":[{"href":"https:\/\/wp.kristdemokraterna.se\/ydre\/wp-json\/wp\/v2\/types\/page"}],"author":[{"embeddable":true,"href":"https:\/\/wp.kristdemokraterna.se\/ydre\/wp-json\/wp\/v2\/users\/793"}],"replies":[{"embeddable":true,"href":"https:\/\/wp.kristdemokraterna.se\/ydre\/wp-json\/wp\/v2\/comments?post=570"}],"version-history":[{"count":54,"href":"https:\/\/wp.kristdemokraterna.se\/ydre\/wp-json\/wp\/v2\/pages\/570\/revisions"}],"predecessor-version":[{"id":1622,"href":"https:\/\/wp.kristdemokraterna.se\/ydre\/wp-json\/wp\/v2\/pages\/570\/revisions\/1622"}],"wp:attachment":[{"href":"https:\/\/wp.kristdemokraterna.se\/ydre\/wp-json\/wp\/v2\/media?parent=570"}],"curies":[{"name":"wp","href":"https:\/\/api.w.org\/{rel}","templated":true}]}}