{"id":572,"date":"2018-06-13T19:34:36","date_gmt":"2018-06-13T17:34:36","guid":{"rendered":"http:\/\/wp.kristdemokraterna.se\/ydre\/?page_id=572"},"modified":"2018-07-20T18:14:23","modified_gmt":"2018-07-20T16:14:23","slug":"ydrekronikor-2016","status":"publish","type":"page","link":"https:\/\/wp.kristdemokraterna.se\/ydre\/ydrekronikor-2016\/","title":{"rendered":"Ydrekr\u00f6nikor 2016"},"content":{"rendered":"<p><a href=\"http:\/\/wp.kristdemokraterna.se\/ydre\/2016-01-05-nu-rivs-europas-broar\/\"><b>Ljus i m\u00f6rkret<\/b><\/a>\u00a0(5\/1)<\/p>\n<p><a href=\"http:\/\/wp.kristdemokraterna.se\/ydre\/2016-01-13-vem-har-ansvaret-i-en-kommun\/\"><b>Vem har ansvaret i en kommun?<\/b><\/a>\u00a0(13\/1)<\/p>\n<p><a href=\"http:\/\/wp.kristdemokraterna.se\/ydre\/2016-01-20-upp-till-val\/\"><b>Upp till val!<\/b><\/a>\u00a0(20\/1) (Om barnomsorgen)<\/p>\n<p><a href=\"http:\/\/wp.kristdemokraterna.se\/ydre\/2016-01-26-bara-vanligt-vatten\/\"><b>Bara vanligt vatten<\/b><\/a>\u00a0(28\/1) (Vattenf\u00f6rs\u00f6rjningen)<\/p>\n<p><a href=\"http:\/\/wp.kristdemokraterna.se\/ydre\/2016-02-04-de-olycksaliga-hemmafruarna\/\"><b>De olycksaliga hemmafruarna<\/b><\/a>\u00a0(4\/2) (Det avskaffade v\u00e5rdnadsbidraget)<\/p>\n<p><a href=\"http:\/\/wp.kristdemokraterna.se\/ydre\/2016-02-17-stromstaren-ar-tillbaka\/\"><b>Str\u00f6mstaren \u00e4r tillbaka!<\/b><\/a>\u00a0(17\/2) (Det naturn\u00e4ra Ydre)<\/p>\n<p><a href=\"http:\/\/wp.kristdemokraterna.se\/ydre\/2016-02-25-visst-ar-ydre-attraktivt\/\"><b>Visst \u00e4r Ydre attraktivt!<\/b><\/a>\u00a0(25\/2) (Kommunfullm\u00e4ktiges allm\u00e4npolitiska debatt)<\/p>\n<p><a href=\"http:\/\/wp.kristdemokraterna.se\/ydre\/939-2\/\"><b>Vem skall f\u00f6rsvara oss?<\/b><\/a>\u00a0(2\/3)<\/p>\n<p><a href=\"http:\/\/wp.kristdemokraterna.se\/ydre\/944-2\/\"><b>Kreativiteten i Ydre &#8211; ett fall f\u00f6r riksdagen<\/b><\/a>\u00a0(10\/3) (Telekommunikationerna p\u00e5 landsbygden)<\/p>\n<p><a href=\"http:\/\/wp.kristdemokraterna.se\/ydre\/949-2\/\"><b>\u00c4r gr\u00e4set gr\u00f6nare utanf\u00f6r Ydre?<\/b><\/a>\u00a0(18\/3) (Ydres skolor)<\/p>\n<p><a href=\"http:\/\/wp.kristdemokraterna.se\/ydre\/2016-03-23-ar-det-langt-till-bryssel\/\"><b>\u00c4r det l\u00e5ngt till Bryssel?<\/b><\/a>\u00a0(23\/3) (Dagen efter terrord\u00e5den)<\/p>\n<p><a href=\"http:\/\/wp.kristdemokraterna.se\/ydre\/2016-03-30-nar-poliserna-kommer-gar-de-forbi\/\"><b>N\u00e4r poliserna kommer g\u00e5r de f\u00f6rbi<\/b><\/a>\u00a0(30\/3) (Fritidshemmen)<\/p>\n<p><a href=\"http:\/\/wp.kristdemokraterna.se\/ydre\/2016-04-07-ydre-ar-inget-skatteparadis\/\"><b>Ydre \u00e4r inte ett skatteparadis<\/b><\/a>\u00a0(7\/4)<\/p>\n<p><a href=\"http:\/\/wp.kristdemokraterna.se\/ydre\/2016-04-16-ar-samhallet-bra-for-handikappade\/\"><b>\u00c4r samh\u00e4llet bra f\u00f6r handikappade?<\/b><\/a>\u00a0(16\/4)<\/p>\n<p><a href=\"http:\/\/wp.kristdemokraterna.se\/ydre\/2016-04-19-terror-och-krig-ar-inte-olyckshandelser\/\"><b>Terrorism och krig \u00e4r inte olycksh\u00e4ndelser<\/b><\/a>\u00a0(19\/4)<\/p>\n<p><a href=\"http:\/\/wp.kristdemokraterna.se\/ydre\/2016-04-28-far-en-ydrebo-bli-sjuk\/\"><b>F\u00e5r en ydrebo bli sjuk?<\/b><\/a>\u00a0(28\/4) (Sjukreseers\u00e4ttning)<\/p>\n<p><a href=\"http:\/\/wp.kristdemokraterna.se\/ydre\/2016-05-03-mayday\/\"><b>Mayday!<\/b><\/a>\u00a0(3\/5) (Sveriges s\u00e4kerhet)<\/p>\n<p><a href=\"http:\/\/wp.kristdemokraterna.se\/ydre\/2016-05-13-maste-landsbygden-tommas\/\"><b>M\u00e5ste landsbygden t\u00f6mmas?<\/b><\/a>\u00a0(13\/5)<\/p>\n<p><a href=\"http:\/\/wp.kristdemokraterna.se\/ydre\/2016-05-20-ju-mer-vi-ar-tillsammans\/\"><b>Ju mer vi \u00e4r tillsammans<\/b><\/a>\u00a0(20\/5) (Tanken p\u00e5 kommunsammanslagningar)<\/p>\n<p><a href=\"http:\/\/wp.kristdemokraterna.se\/ydre\/2016-05-26-ydre-kan\/\"><b>Ydre kan!<\/b><\/a>\u00a0(26\/5) (Ydrem\u00e4ssan)<\/p>\n<p><a href=\"http:\/\/wp.kristdemokraterna.se\/ydre\/2016-06-07-behovs-det-poliser-i-ydre\/\"><b>Beh\u00f6vs det poliser i Ydre?<\/b><\/a>\u00a0(7\/6)<\/p>\n<p><a href=\"http:\/\/wp.kristdemokraterna.se\/ydre\/2016-06-14-sommarlov\/\"><b>Sommarlov!<\/b><\/a>\u00a0(14\/6) (Vad \u00e4r neutralitet n\u00e4r det g\u00e4ller livs\u00e5sk\u00e5dningar?)<\/p>\n<p><a href=\"http:\/\/wp.kristdemokraterna.se\/ydre\/2016-06-22-upplev-tystnaden-i-ydre\/\"><b>Upplev tystnaden i Ydre!<\/b><\/a>\u00a0(22\/6)<\/p>\n<p><a href=\"http:\/\/wp.kristdemokraterna.se\/ydre\/2016-06-29-rule-britannia\/\"><b>Rule Britannia!<\/b><\/a>\u00a0(29\/6) (Brexit)<\/p>\n<p><a href=\"http:\/\/wp.kristdemokraterna.se\/ydre\/2017-07-07-landsbygden-ar-i-fara\/\"><b>Landsbygden \u00e4r i fara!<\/b><\/a>\u00a0(7\/7) (Finns det kultur p\u00e5 landet?)<\/p>\n<p><a href=\"http:\/\/wp.kristdemokraterna.se\/ydre\/2016-07-13-vad-far-man-for-en-tolvskilling-i-ydre\/\"><b>Vad f\u00e5r man f\u00f6r en tolvskilling i Ydre?<\/b><\/a>\u00a0(13\/7) (Skatteh\u00f6jningen)<\/p>\n<p><a href=\"http:\/\/wp.kristdemokraterna.se\/ydre\/2016-07-18-engelsmannens-promenadvag\/\"><b>Engelsm\u00e4nnens promenadv\u00e4g<\/b><\/a>\u00a0(18\/7) (Terrord\u00e5det i Nice)<\/p>\n<p><a href=\"http:\/\/wp.kristdemokraterna.se\/ydre\/2016-07-22-det-finns-inget-surrogat-for-kunskap\/\"><b>Det finns inget surrogat f\u00f6r kunskap<\/b><\/a>\u00a0(22\/7) (Konfessionella friskolor)<\/p>\n<p><a href=\"http:\/\/wp.kristdemokraterna.se\/ydre\/2016-07-28-racker-vattnet\/\"><b>R\u00e4cker vattnet?<\/b><\/a>\u00a0(28\/7)<\/p>\n<p><a href=\"http:\/\/wp.kristdemokraterna.se\/ydre\/2016-08-03-vad-skall-vi-ha-myndigheter-till\/\"><b>Vad skall vi ha myndigheter till?<\/b><\/a>\u00a0(3\/8)<\/p>\n<p><a href=\"http:\/\/wp.kristdemokraterna.se\/ydre\/2016-08-09-global-varme\/\"><b>Global v\u00e4rme<\/b><\/a>\u00a0(9\/8)<\/p>\n<p><a href=\"http:\/\/wp.kristdemokraterna.se\/ydre\/2016-08-19-kan-det-ga-for-bra-i-ydre\/\"><b>Kan det g\u00e5 f\u00f6r bra i Ydre?<\/b><\/a>\u00a0(19\/8) (Ensamkommande flyktingbarn)<\/p>\n<p><a href=\"http:\/\/wp.kristdemokraterna.se\/ydre\/2016-08-25-varifran-kommer-ydres-kultur\/\"><b>Varifr\u00e5n kommer Ydres kultur?<\/b><\/a>\u00a0(25\/8) (Jordbrukets uppkomst)<\/p>\n<p><a href=\"http:\/\/wp.kristdemokraterna.se\/ydre\/2016-08-31-mer-gas\/\"><b>Mer gas?<\/b><\/a>\u00a0(31\/8) (Planerna p\u00e5 en ny gasledning i \u00d6stersj\u00f6n)<\/p>\n<p><a href=\"http:\/\/wp.kristdemokraterna.se\/ydre\/2016-09-11-myten-om-de-obildbara-glesbygdsborna\/\"><b>Myten om de &#8221;obildbara&#8221; glesbygdsborna<\/b><\/a>\u00a0(11\/9)<\/p>\n<p><a href=\"http:\/\/wp.kristdemokraterna.se\/ydre\/2016-09-18-ratten-till-utbildning\/\"><b>R\u00e4tten till utbildning<\/b><\/a>\u00a0(18\/9) (Aktuella fr\u00e5gor)<\/p>\n<p><a href=\"http:\/\/wp.kristdemokraterna.se\/ydre\/2016-09-23-kan-du-bevara-en-hemlighet\/\"><b>Kan du bevara en hemlighet?<\/b><\/a>\u00a0(23\/9) (Oroande rapporter)<\/p>\n<p><a href=\"http:\/\/wp.kristdemokraterna.se\/ydre\/2016-09-28-det-finns-mycket-gront-i-ydre\/\"><b>Det finns mycket gr\u00f6nt i Ydre<\/b><\/a>\u00a0(28\/9)<\/p>\n<p><a href=\"http:\/\/wp.kristdemokraterna.se\/ydre\/2016-10-07-taget-har-inte-gatt-for-ydre\/\"><b>T\u00e5get har inte g\u00e5tt f\u00f6r Ydre<\/b><\/a>\u00a0(7\/10) (Kommunikationerna)<\/p>\n<p><a href=\"http:\/\/wp.kristdemokraterna.se\/ydre\/2016-10-12-ater-ett-aktuellt-amne\/\"><b>\u00c5ter ett aktuellt \u00e4mne<\/b><\/a>\u00a0(12\/10) (Flyktingarna)<\/p>\n<p><a href=\"http:\/\/wp.kristdemokraterna.se\/ydre\/2016-10-29-vad-behover-egentligen-en-aldre-ydrebo\/\"><b>Vad beh\u00f6ver egentligen en \u00e4ldre ydrebo?<\/b><\/a>\u00a0(19\/10)<\/p>\n<p><a href=\"http:\/\/wp.kristdemokraterna.se\/ydre\/2016-10-26-ar-det-farligt-att-bo-i-ydre\/\"><b>\u00c4r det farligt att bo i Ydre?<\/b><\/a>\u00a0(26\/10) (Handlingsplan mot extremistiskt v\u00e5ld)<\/p>\n<p><a href=\"http:\/\/wp.kristdemokraterna.se\/ydre\/2016-11-03-hur-far-vi-vard\/\"><b>Hur f\u00e5r vi v\u00e5rd?<\/b><\/a>\u00a0(3\/11)<\/p>\n<p><a href=\"http:\/\/wp.kristdemokraterna.se\/ydre\/2016-11-09-tidig-vinter\/\"><b>Tidig vinter<\/b><\/a>\u00a0(9\/11) (Presidentvalet i USA)<\/p>\n<p><a href=\"http:\/\/wp.kristdemokraterna.se\/ydre\/2016-11-16-i-folkets-namn\/\"><b>I folkets namn<\/b>\u00a0<\/a>(16\/11) (Krisen i Ydres sjukv\u00e5rd)<\/p>\n<p><a href=\"http:\/\/wp.kristdemokraterna.se\/ydre\/2016-11-25-sjukt\/\"><b>Sjukt<\/b><\/a>\u00a0(25\/11) (Mer om krisen i Ydres sjukv\u00e5rd)<\/p>\n<p><a href=\"http:\/\/wp.kristdemokraterna.se\/ydre\/2016-12-02-ydres-morkaste-stund\/\"><b>Ydres m\u00f6rkaste stund<\/b><\/a>\u00a0(2\/12) (\u00c4nnu mer om krisen i Ydres sjukv\u00e5rd)<\/p>\n<p><a href=\"http:\/\/wp.kristdemokraterna.se\/ydre\/2016-12-23-kommer-ljuset-tillbaka\/\"><b>Kommer ljuset tillbaka?<\/b><\/a>\u00a0(23\/12)<\/p>\n<p><img decoding=\"async\" src=\"https:\/\/ydrebo.se\/sverigeresor\/sodra_brata\/gata.jpg\" height=\"357\" \/><\/p>\n<p><span style=\"font-size: small\">Foto: Barbro Malm<\/span><\/p>\n","protected":false},"excerpt":{"rendered":"<p>Ljus i m\u00f6rkret\u00a0(5\/1) Vem har ansvaret i en kommun?\u00a0(13\/1) Upp till val!\u00a0(20\/1) (Om barnomsorgen) Bara vanligt vatten\u00a0(28\/1) (Vattenf\u00f6rs\u00f6rjningen) De olycksaliga hemmafruarna\u00a0(4\/2) (Det avskaffade v\u00e5rdnadsbidraget) Str\u00f6mstaren \u00e4r tillbaka!\u00a0(17\/2) (Det naturn\u00e4ra Ydre) Visst \u00e4r Ydre attraktivt!\u00a0(25\/2) (Kommunfullm\u00e4ktiges allm\u00e4npolitiska debatt) Vem skall f\u00f6rsvara oss?\u00a0(2\/3) Kreativiteten i Ydre &#8211; ett fall f\u00f6r riksdagen\u00a0(10\/3) (Telekommunikationerna p\u00e5 landsbygden) \u00c4r gr\u00e4set gr\u00f6nare <a class=\"read-more-link\" href=\"https:\/\/wp.kristdemokraterna.se\/ydre\/ydrekronikor-2016\/\">L\u00e4s mer<\/a><\/p>\n","protected":false},"author":793,"featured_media":0,"parent":0,"menu_order":0,"comment_status":"closed","ping_status":"closed","template":"","meta":{"_acf_changed":false,"footnotes":""},"class_list":["post-572","page","type-page","status-publish","hentry"],"acf":[],"yoast_head":"<!-- This site is optimized with the Yoast SEO plugin v27.5 - https:\/\/yoast.com\/product\/yoast-seo-wordpress\/ -->\n<title>Ydrekr\u00f6nikor 2016 - Kristdemokraterna i Ydre<\/title>\n<meta name=\"robots\" content=\"index, follow, max-snippet:-1, max-image-preview:large, max-video-preview:-1\" \/>\n<link rel=\"canonical\" href=\"https:\/\/wp.kristdemokraterna.se\/ydre\/ydrekronikor-2016\/\" \/>\n<meta property=\"og:locale\" content=\"sv_SE\" \/>\n<meta property=\"og:type\" content=\"article\" \/>\n<meta property=\"og:title\" content=\"Ydrekr\u00f6nikor 2016 - Kristdemokraterna i Ydre\" \/>\n<meta property=\"og:description\" content=\"Ljus i m\u00f6rkret\u00a0(5\/1) Vem har ansvaret i en kommun?\u00a0(13\/1) Upp till val!\u00a0(20\/1) (Om barnomsorgen) Bara vanligt vatten\u00a0(28\/1) (Vattenf\u00f6rs\u00f6rjningen) De olycksaliga hemmafruarna\u00a0(4\/2) (Det avskaffade v\u00e5rdnadsbidraget) Str\u00f6mstaren \u00e4r tillbaka!\u00a0(17\/2) (Det naturn\u00e4ra Ydre) Visst \u00e4r Ydre attraktivt!\u00a0(25\/2) (Kommunfullm\u00e4ktiges allm\u00e4npolitiska debatt) Vem skall f\u00f6rsvara oss?\u00a0(2\/3) Kreativiteten i Ydre &#8211; ett fall f\u00f6r riksdagen\u00a0(10\/3) (Telekommunikationerna p\u00e5 landsbygden) \u00c4r gr\u00e4set gr\u00f6nare L\u00e4s mer\" \/>\n<meta property=\"og:url\" content=\"https:\/\/wp.kristdemokraterna.se\/ydre\/ydrekronikor-2016\/\" \/>\n<meta property=\"og:site_name\" content=\"Kristdemokraterna i Ydre\" \/>\n<meta property=\"article:modified_time\" content=\"2018-07-20T16:14:23+00:00\" \/>\n<meta property=\"og:image\" content=\"https:\/\/ydrebo.se\/sverigeresor\/sodra_brata\/gata.jpg\" \/>\n<meta name=\"twitter:card\" content=\"summary_large_image\" \/>\n<meta name=\"twitter:label1\" content=\"Ber\u00e4knad l\u00e4stid\" \/>\n\t<meta name=\"twitter:data1\" content=\"2 minuter\" \/>\n<script type=\"application\/ld+json\" class=\"yoast-schema-graph\">{\"@context\":\"https:\\\/\\\/schema.org\",\"@graph\":[{\"@type\":\"WebPage\",\"@id\":\"https:\\\/\\\/wp.kristdemokraterna.se\\\/ydre\\\/ydrekronikor-2016\\\/\",\"url\":\"https:\\\/\\\/wp.kristdemokraterna.se\\\/ydre\\\/ydrekronikor-2016\\\/\",\"name\":\"Ydrekr\u00f6nikor 2016 - Kristdemokraterna i Ydre\",\"isPartOf\":{\"@id\":\"https:\\\/\\\/wp.kristdemokraterna.se\\\/ydre\\\/#website\"},\"primaryImageOfPage\":{\"@id\":\"https:\\\/\\\/wp.kristdemokraterna.se\\\/ydre\\\/ydrekronikor-2016\\\/#primaryimage\"},\"image\":{\"@id\":\"https:\\\/\\\/wp.kristdemokraterna.se\\\/ydre\\\/ydrekronikor-2016\\\/#primaryimage\"},\"thumbnailUrl\":\"https:\\\/\\\/ydrebo.se\\\/sverigeresor\\\/sodra_brata\\\/gata.jpg\",\"datePublished\":\"2018-06-13T17:34:36+00:00\",\"dateModified\":\"2018-07-20T16:14:23+00:00\",\"breadcrumb\":{\"@id\":\"https:\\\/\\\/wp.kristdemokraterna.se\\\/ydre\\\/ydrekronikor-2016\\\/#breadcrumb\"},\"inLanguage\":\"sv-SE\",\"potentialAction\":[{\"@type\":\"ReadAction\",\"target\":[\"https:\\\/\\\/wp.kristdemokraterna.se\\\/ydre\\\/ydrekronikor-2016\\\/\"]}]},{\"@type\":\"ImageObject\",\"inLanguage\":\"sv-SE\",\"@id\":\"https:\\\/\\\/wp.kristdemokraterna.se\\\/ydre\\\/ydrekronikor-2016\\\/#primaryimage\",\"url\":\"https:\\\/\\\/ydrebo.se\\\/sverigeresor\\\/sodra_brata\\\/gata.jpg\",\"contentUrl\":\"https:\\\/\\\/ydrebo.se\\\/sverigeresor\\\/sodra_brata\\\/gata.jpg\"},{\"@type\":\"BreadcrumbList\",\"@id\":\"https:\\\/\\\/wp.kristdemokraterna.se\\\/ydre\\\/ydrekronikor-2016\\\/#breadcrumb\",\"itemListElement\":[{\"@type\":\"ListItem\",\"position\":1,\"name\":\"Hem\",\"item\":\"https:\\\/\\\/wp.kristdemokraterna.se\\\/ydre\\\/\"},{\"@type\":\"ListItem\",\"position\":2,\"name\":\"Ydrekr\u00f6nikor 2016\"}]},{\"@type\":\"WebSite\",\"@id\":\"https:\\\/\\\/wp.kristdemokraterna.se\\\/ydre\\\/#website\",\"url\":\"https:\\\/\\\/wp.kristdemokraterna.se\\\/ydre\\\/\",\"name\":\"Kristdemokraterna i Ydre\",\"description\":\"En till Kristdemokraterna webbplats\",\"inLanguage\":\"sv-SE\"}]}<\/script>\n<!-- \/ Yoast SEO plugin. -->","yoast_head_json":{"title":"Ydrekr\u00f6nikor 2016 - Kristdemokraterna i Ydre","robots":{"index":"index","follow":"follow","max-snippet":"max-snippet:-1","max-image-preview":"max-image-preview:large","max-video-preview":"max-video-preview:-1"},"canonical":"https:\/\/wp.kristdemokraterna.se\/ydre\/ydrekronikor-2016\/","og_locale":"sv_SE","og_type":"article","og_title":"Ydrekr\u00f6nikor 2016 - Kristdemokraterna i Ydre","og_description":"Ljus i m\u00f6rkret\u00a0(5\/1) Vem har ansvaret i en kommun?\u00a0(13\/1) Upp till val!\u00a0(20\/1) (Om barnomsorgen) Bara vanligt vatten\u00a0(28\/1) (Vattenf\u00f6rs\u00f6rjningen) De olycksaliga hemmafruarna\u00a0(4\/2) (Det avskaffade v\u00e5rdnadsbidraget) Str\u00f6mstaren \u00e4r tillbaka!\u00a0(17\/2) (Det naturn\u00e4ra Ydre) Visst \u00e4r Ydre attraktivt!\u00a0(25\/2) (Kommunfullm\u00e4ktiges allm\u00e4npolitiska debatt) Vem skall f\u00f6rsvara oss?\u00a0(2\/3) Kreativiteten i Ydre &#8211; ett fall f\u00f6r riksdagen\u00a0(10\/3) (Telekommunikationerna p\u00e5 landsbygden) \u00c4r gr\u00e4set gr\u00f6nare L\u00e4s mer","og_url":"https:\/\/wp.kristdemokraterna.se\/ydre\/ydrekronikor-2016\/","og_site_name":"Kristdemokraterna i Ydre","article_modified_time":"2018-07-20T16:14:23+00:00","og_image":[{"url":"https:\/\/ydrebo.se\/sverigeresor\/sodra_brata\/gata.jpg","type":"","width":"","height":""}],"twitter_card":"summary_large_image","twitter_misc":{"Ber\u00e4knad l\u00e4stid":"2 minuter"},"schema":{"@context":"https:\/\/schema.org","@graph":[{"@type":"WebPage","@id":"https:\/\/wp.kristdemokraterna.se\/ydre\/ydrekronikor-2016\/","url":"https:\/\/wp.kristdemokraterna.se\/ydre\/ydrekronikor-2016\/","name":"Ydrekr\u00f6nikor 2016 - Kristdemokraterna i Ydre","isPartOf":{"@id":"https:\/\/wp.kristdemokraterna.se\/ydre\/#website"},"primaryImageOfPage":{"@id":"https:\/\/wp.kristdemokraterna.se\/ydre\/ydrekronikor-2016\/#primaryimage"},"image":{"@id":"https:\/\/wp.kristdemokraterna.se\/ydre\/ydrekronikor-2016\/#primaryimage"},"thumbnailUrl":"https:\/\/ydrebo.se\/sverigeresor\/sodra_brata\/gata.jpg","datePublished":"2018-06-13T17:34:36+00:00","dateModified":"2018-07-20T16:14:23+00:00","breadcrumb":{"@id":"https:\/\/wp.kristdemokraterna.se\/ydre\/ydrekronikor-2016\/#breadcrumb"},"inLanguage":"sv-SE","potentialAction":[{"@type":"ReadAction","target":["https:\/\/wp.kristdemokraterna.se\/ydre\/ydrekronikor-2016\/"]}]},{"@type":"ImageObject","inLanguage":"sv-SE","@id":"https:\/\/wp.kristdemokraterna.se\/ydre\/ydrekronikor-2016\/#primaryimage","url":"https:\/\/ydrebo.se\/sverigeresor\/sodra_brata\/gata.jpg","contentUrl":"https:\/\/ydrebo.se\/sverigeresor\/sodra_brata\/gata.jpg"},{"@type":"BreadcrumbList","@id":"https:\/\/wp.kristdemokraterna.se\/ydre\/ydrekronikor-2016\/#breadcrumb","itemListElement":[{"@type":"ListItem","position":1,"name":"Hem","item":"https:\/\/wp.kristdemokraterna.se\/ydre\/"},{"@type":"ListItem","position":2,"name":"Ydrekr\u00f6nikor 2016"}]},{"@type":"WebSite","@id":"https:\/\/wp.kristdemokraterna.se\/ydre\/#website","url":"https:\/\/wp.kristdemokraterna.se\/ydre\/","name":"Kristdemokraterna i Ydre","description":"En till Kristdemokraterna webbplats","inLanguage":"sv-SE"}]}},"_links":{"self":[{"href":"https:\/\/wp.kristdemokraterna.se\/ydre\/wp-json\/wp\/v2\/pages\/572","targetHints":{"allow":["GET"]}}],"collection":[{"href":"https:\/\/wp.kristdemokraterna.se\/ydre\/wp-json\/wp\/v2\/pages"}],"about":[{"href":"https:\/\/wp.kristdemokraterna.se\/ydre\/wp-json\/wp\/v2\/types\/page"}],"author":[{"embeddable":true,"href":"https:\/\/wp.kristdemokraterna.se\/ydre\/wp-json\/wp\/v2\/users\/793"}],"replies":[{"embeddable":true,"href":"https:\/\/wp.kristdemokraterna.se\/ydre\/wp-json\/wp\/v2\/comments?post=572"}],"version-history":[{"count":52,"href":"https:\/\/wp.kristdemokraterna.se\/ydre\/wp-json\/wp\/v2\/pages\/572\/revisions"}],"predecessor-version":[{"id":1133,"href":"https:\/\/wp.kristdemokraterna.se\/ydre\/wp-json\/wp\/v2\/pages\/572\/revisions\/1133"}],"wp:attachment":[{"href":"https:\/\/wp.kristdemokraterna.se\/ydre\/wp-json\/wp\/v2\/media?parent=572"}],"curies":[{"name":"wp","href":"https:\/\/api.w.org\/{rel}","templated":true}]}}