{"id":574,"date":"2018-06-13T19:35:47","date_gmt":"2018-06-13T17:35:47","guid":{"rendered":"http:\/\/wp.kristdemokraterna.se\/ydre\/?page_id=574"},"modified":"2018-07-07T20:29:07","modified_gmt":"2018-07-07T18:29:07","slug":"ydrekronikor-2017","status":"publish","type":"page","link":"https:\/\/wp.kristdemokraterna.se\/ydre\/ydrekronikor-2017\/","title":{"rendered":"Ydrekr\u00f6nikor 2017"},"content":{"rendered":"<p><a href=\"http:\/\/wp.kristdemokraterna.se\/ydre\/manniskovardet-igen\/\"><b>M\u00e4nniskov\u00e4rdet igen<\/b><\/a>\u00a0(8\/1)<\/p>\n<p><a href=\"http:\/\/wp.kristdemokraterna.se\/ydre\/fornuftet-bor-hos-ledarn\/\"><b>&#8221;F\u00f6rnuftet bor hos ledarn?&#8221;<\/b><\/a>\u00a0(14\/1)<\/p>\n<p><a href=\"http:\/\/wp.kristdemokraterna.se\/ydre\/antligen-ar-vi-tio-millioner\/\"><b>\u00c4ntligen \u00e4r vi tio millioner!<\/b><\/a>\u00a0(20\/1) (H\u00e4nsyn till barnens b\u00e4sta?)<\/p>\n<p><a href=\"http:\/\/wp.kristdemokraterna.se\/ydre\/gor-det-ont-att-bli-slagen\/\"><b>G\u00f6r det ont att bli slagen?<\/b><\/a>\u00a0(26\/1) (V\u00e5ld i hemmet)<\/p>\n<p><a href=\"http:\/\/wp.kristdemokraterna.se\/ydre\/ar-det-brattom\/\"><b>\u00c4r det br\u00e5ttom?<\/b><\/a>\u00a0(3\/2) (H\u00f6ghastighetsbanan och Ydres kommunikationer)<\/p>\n<p><a href=\"http:\/\/wp.kristdemokraterna.se\/ydre\/nar-olyckan-ar-framme\/\"><b>N\u00e4r olyckan \u00e4r framme<\/b><\/a>\u00a0(11\/2) (Kommunens beredskap)<\/p>\n<p><a href=\"http:\/\/wp.kristdemokraterna.se\/ydre\/vad-ar-bra-for-ydre\/\"><b>Vad \u00e4r bra f\u00f6r Ydre?<\/b><\/a>\u00a0(20\/2) (Kommunikationerna)<\/p>\n<p><a href=\"http:\/\/wp.kristdemokraterna.se\/ydre\/vem-kunde-tro-det\/\"><b>Vem kunde tro det?<\/b><\/a>\u00a0(28\/2) (Invandringen)<\/p>\n<p><a href=\"http:\/\/wp.kristdemokraterna.se\/ydre\/vilket-varde-har-ydres-natur\/\"><b>Vilket v\u00e4rde har Ydres natur?<\/b><\/a>\u00a0(4\/3)<\/p>\n<p><a href=\"http:\/\/wp.kristdemokraterna.se\/ydre\/kunnskap-e-mackt\/\"><b>Kunnskap e mackt<\/b><\/a>\u00a0(10\/3) (Hanteringen av kommunal information)<\/p>\n<p><a href=\"http:\/\/wp.kristdemokraterna.se\/ydre\/2017-03-18-konsten-att-vanskota-landsbygden\/\"><b>Konsten att vansk\u00f6ta landsbygden<\/b><\/a>\u00a0(18\/3) (Landsbygdskommitt\u00e9ns slutsatser)<\/p>\n<p><a href=\"http:\/\/wp.kristdemokraterna.se\/ydre\/2017-03-24-litet-bo-jag-bygga-vill\/\"><b>Litet bo jag bygga vill<\/b><\/a>\u00a0(24\/3) (Bostadsbyggande)<\/p>\n<p><a href=\"http:\/\/wp.kristdemokraterna.se\/ydre\/2017-03-31-det-finns-granser\/\"><b>Det finns gr\u00e4nser<\/b>\u00a0(31\/3)<\/a> (Brexit m.m.)<\/p>\n<p><a href=\"http:\/\/wp.kristdemokraterna.se\/ydre\/2017-04-09-sorg\/\"><b>Sorg<\/b>\u00a0(9\/4)<\/a> (Terrord\u00e5det i Stockholm)<\/p>\n<p><a href=\"http:\/\/wp.kristdemokraterna.se\/ydre\/2017-04-15-kyliga-vindar\/\"><b>Kyliga vindar<\/b>\u00a0(15\/4)<\/a> (Konfessionella skolor)<\/p>\n<p><a href=\"http:\/\/wp.kristdemokraterna.se\/ydre\/2017-04-20-de-lyckligt-lottade\/\"><b>De lyckligt lottade<\/b>\u00a0(20\/4)<\/a> (Skolkommissionens f\u00f6rslag)<\/p>\n<p><a href=\"http:\/\/wp.kristdemokraterna.se\/ydre\/2017-04-27-finns-det-mat\/\"><b>Finns det mat?<\/b>\u00a0(27\/4)<\/a> (Livsmedelsproduktionen)<\/p>\n<p><a href=\"http:\/\/wp.kristdemokraterna.se\/ydre\/2017-05-09-europa-en-marche\/\"><b>Europa en marche?<\/b>\u00a0(9\/5)<\/a> (Presidentvalet i Frankrike)<\/p>\n<p><a href=\"http:\/\/wp.kristdemokraterna.se\/ydre\/2017-05-15-virus\/\"><b>Virus!<\/b>\u00a0(15\/5)<\/a> (Datorsystemens s\u00e5rbarhet)<\/p>\n<p><a href=\"http:\/\/wp.kristdemokraterna.se\/ydre\/2017-05-24-hotet-fran-naturen\/\"><b>Hotet fr\u00e5n naturen<\/b>\u00a0(24\/5)<\/a> (Torka och terror)<\/p>\n<p><a href=\"http:\/\/wp.kristdemokraterna.se\/ydre\/2017-05-31-rorelse-med-handikapp\/\"><b>R\u00f6relse med handikapp<\/b>\u00a0(31\/5)<\/a> (Personlig assistans f\u00f6r funktionshindrade)<\/p>\n<p><a href=\"http:\/\/wp.kristdemokraterna.se\/ydre\/2017-06-05-london-bridge-is-falling-down\/\"><b>London Bridge is falling down<\/b>\u00a0(5\/6)<\/a> (Terrorattacken)<\/p>\n<p><a href=\"http:\/\/wp.kristdemokraterna.se\/ydre\/2017-06-11-historiens-skraphog\/\"><b>Historiens skr\u00e4ph\u00f6g<\/b>\u00a0(11\/6)<\/a> (R\u00e4ttsstatens bevarande)<\/p>\n<p><a href=\"http:\/\/wp.kristdemokraterna.se\/ydre\/2017-06-16-det-farliga-sommarlovet\/\"><b>Det farliga sommarlovet<\/b>\u00a0(16\/6)<\/a> (Tv\u00e5ngs\u00e4ktenskap f\u00f6r barn)<\/p>\n<p><a href=\"http:\/\/wp.kristdemokraterna.se\/ydre\/2017-06-21-litet-bo-jag-satta-vill\/\"><b>Litet bo jag s\u00e4tta vill<\/b>\u00a0(21\/6)<\/a> (Bostadsbristen)<\/p>\n<p><a href=\"http:\/\/wp.kristdemokraterna.se\/ydre\/2017-06-27-nar-larmet-gar\/\"><b>N\u00e4r larmet g\u00e5r<\/b>\u00a0(27\/6)<\/a> (Kan frivilliga insatser vara samh\u00e4llsnyttiga?)<\/p>\n<p><a href=\"http:\/\/wp.kristdemokraterna.se\/ydre\/2017-07-09-valrorelsen-har-borjat\/\"><b>Valr\u00f6relsen har b\u00f6rjat<\/b>\u00a0(9\/7)<\/a> (Kyrkovalet)<\/p>\n<p><a href=\"http:\/\/wp.kristdemokraterna.se\/ydre\/2017-07-18-var-skall-de-aldre-bo\/\"><b>Var skall de \u00e4ldre bo?<\/b>\u00a0(18\/7)<\/a><\/p>\n<p><a href=\"http:\/\/wp.kristdemokraterna.se\/ydre\/2017-07-22-vem-kan-bli-ydrebo\/\"><b>Vem kan bli ydrebo?<\/b>\u00a0(22\/7)<\/a> (Moderaternas f\u00f6rslag om integrationsplikt)<\/p>\n<p><a href=\"http:\/\/wp.kristdemokraterna.se\/ydre\/2017-08-01-kan-man-bo-pa-landet\/\"><b>Kan man bo p\u00e5 landet?<\/b>\u00a0(1\/8)<\/a> (Villkoren f\u00f6r husf\u00f6rs\u00e4kringar)<\/p>\n<p><a href=\"http:\/\/wp.kristdemokraterna.se\/ydre\/2017-08-08-dronarburna-pizzor-i-ydre\/\"><b>Dr\u00f6narburna pizzor i Ydre?<\/b>\u00a0(8\/8)<\/a> (Glesbygdens transportproblem)<\/p>\n<p><a href=\"http:\/\/wp.kristdemokraterna.se\/ydre\/2017-08-16-fred-med-forhinder\/\"><b>Fred med f\u00f6rhinder?<\/b>\u00a0(16\/8)<\/a> (Koreakrisen och h\u00e4ndelserna i Charlotteville)<\/p>\n<p><a href=\"http:\/\/wp.kristdemokraterna.se\/ydre\/2017-08-23-ydre-och-hallonbergen\/\"><b>Ydre och Hallonbergen<\/b>\/8 (23)<\/a> (Stad och land)<\/p>\n<p><a href=\"http:\/\/wp.kristdemokraterna.se\/ydre\/2017-08-30-vart-brod-for-dagen-som-kommer\/\"><b>V\u00e5rt br\u00f6d f\u00f6r dagen som kommer<\/b>\u00a0(30\/8)<\/a> (Livsmedelsf\u00f6rs\u00f6rjningen)<\/p>\n<p><a href=\"http:\/\/wp.kristdemokraterna.se\/ydre\/2017-09-08-det-forsta-skottet-eller-det-sista\/\"><b>Det f\u00f6rsta skottet &#8211; eller det sista<\/b>\u00a0(8\/9)<\/a> (S\u00e4kerhetsfr\u00e5gor)<\/p>\n<p><a href=\"http:\/\/wp.kristdemokraterna.se\/ydre\/2017-09-20-forandringens-vindar\/\"><b>F\u00f6r\u00e4ndringens vindar<\/b>\u00a0(20\/9)<\/a> (Vindkraft och kommunalt sj\u00e4lvstyre)<\/p>\n<p><a href=\"http:\/\/wp.kristdemokraterna.se\/ydre\/2017-09-29-eld-och-vatten\/\"><b>Eld och vatten<\/b>\u00a0(29\/9)<\/a> (F\u00f6rslag till vissa milj\u00f6pr\u00f6vningar)<\/p>\n<p><a href=\"http:\/\/wp.kristdemokraterna.se\/ydre\/2017-10-04-ske-folkets-vilja\/\"><b>Ske folkets vilja!!<\/b>\u00a0(4\/10)<\/a> (Om Katalonien)<\/p>\n<p><a href=\"http:\/\/wp.kristdemokraterna.se\/ydre\/2017-10-12\/\"><b>V\u00e4gval<\/b>\u00a0(12\/10<\/a>) (Om flyktingar)<\/p>\n<p><a href=\"http:\/\/wp.kristdemokraterna.se\/ydre\/2017-10-19-metoo\/\"><b>#metoo<\/b>\u00a0(19\/10)<\/a> (N\u00e4tkampanjen)<\/p>\n<p><a href=\"http:\/\/wp.kristdemokraterna.se\/ydre\/2017-10-25\/\"><b>Skyddsn\u00e4t<\/b>\u00a0(25\/10)<\/a> (Ensamkommande flyktingbarn)<\/p>\n<p><a href=\"http:\/\/wp.kristdemokraterna.se\/ydre\/2017-11-05-tors-man-bo-i-ydre\/\"><b>T\u00f6rs man bo i Ydre?<\/b>\u00a0(5\/11)<\/a> (\u00c4r lantbruk milj\u00f6farligt?)<\/p>\n<p><a href=\"http:\/\/wp.kristdemokraterna.se\/ydre\/2017-11-16-o-gamla-klang-och-jubeltid\/\"><b>O, gamla klang- och jubeltid!<\/b>\u00a0(16\/11)<\/a> (Hundr\u00e5rsminnet av Oktoberrevolutionen)<\/p>\n<p><a href=\"http:\/\/wp.kristdemokraterna.se\/ydre\/2017-12-04-det-fridfulla-ydre\/\"><b>Det fridfulla Ydre<\/b>\u00a0(4\/12)<\/a> (Ensamkommande flyktingbarn igen)<\/p>\n<p><a href=\"http:\/\/wp.kristdemokraterna.se\/ydre\/2017-12-13-att-bygga-ydre\/\"><b>Att bygga Ydre<\/b>\u00a0(13\/12)<\/a> (Ensamkommande flyktingbarn \u00e4nnu en g\u00e5ng)<\/p>\n<p><a href=\"http:\/\/wp.kristdemokraterna.se\/ydre\/2017-12-21-i-morksens-tid\/\"><b>I m\u00f6rksens tid<\/b>\u00a0(21\/12)<\/a><\/p>\n<p><a href=\"http:\/\/wp.kristdemokraterna.se\/ydre\/2017-12-31-skyddsbehov\/\"><b>Skyddsbehov<\/b>\u00a0(31\/12)<\/a><\/p>\n<p><img decoding=\"async\" src=\"https:\/\/ydrebo.se\/sverigeresor\/sodra_brata\/gata.jpg\" height=\"357\" \/><\/p>\n<p><span style=\"font-size: small\">Foto: Barbro Malm<\/span><\/p>\n","protected":false},"excerpt":{"rendered":"<p>M\u00e4nniskov\u00e4rdet igen\u00a0(8\/1) &#8221;F\u00f6rnuftet bor hos ledarn?&#8221;\u00a0(14\/1) \u00c4ntligen \u00e4r vi tio millioner!\u00a0(20\/1) (H\u00e4nsyn till barnens b\u00e4sta?) G\u00f6r det ont att bli slagen?\u00a0(26\/1) (V\u00e5ld i hemmet) \u00c4r det br\u00e5ttom?\u00a0(3\/2) (H\u00f6ghastighetsbanan och Ydres kommunikationer) N\u00e4r olyckan \u00e4r framme\u00a0(11\/2) (Kommunens beredskap) Vad \u00e4r bra f\u00f6r Ydre?\u00a0(20\/2) (Kommunikationerna) Vem kunde tro det?\u00a0(28\/2) (Invandringen) Vilket v\u00e4rde har Ydres natur?\u00a0(4\/3) Kunnskap e <a class=\"read-more-link\" href=\"https:\/\/wp.kristdemokraterna.se\/ydre\/ydrekronikor-2017\/\">L\u00e4s mer<\/a><\/p>\n","protected":false},"author":793,"featured_media":0,"parent":0,"menu_order":0,"comment_status":"closed","ping_status":"closed","template":"","meta":{"_acf_changed":false,"footnotes":""},"class_list":["post-574","page","type-page","status-publish","hentry"],"acf":[],"yoast_head":"<!-- This site is optimized with the Yoast SEO plugin v27.5 - https:\/\/yoast.com\/product\/yoast-seo-wordpress\/ -->\n<title>Ydrekr\u00f6nikor 2017 - Kristdemokraterna i Ydre<\/title>\n<meta name=\"robots\" content=\"index, follow, max-snippet:-1, max-image-preview:large, max-video-preview:-1\" \/>\n<link rel=\"canonical\" href=\"https:\/\/wp.kristdemokraterna.se\/ydre\/ydrekronikor-2017\/\" \/>\n<meta property=\"og:locale\" content=\"sv_SE\" \/>\n<meta property=\"og:type\" content=\"article\" \/>\n<meta property=\"og:title\" content=\"Ydrekr\u00f6nikor 2017 - Kristdemokraterna i Ydre\" \/>\n<meta property=\"og:description\" content=\"M\u00e4nniskov\u00e4rdet igen\u00a0(8\/1) &#8221;F\u00f6rnuftet bor hos ledarn?&#8221;\u00a0(14\/1) \u00c4ntligen \u00e4r vi tio millioner!\u00a0(20\/1) (H\u00e4nsyn till barnens b\u00e4sta?) G\u00f6r det ont att bli slagen?\u00a0(26\/1) (V\u00e5ld i hemmet) \u00c4r det br\u00e5ttom?\u00a0(3\/2) (H\u00f6ghastighetsbanan och Ydres kommunikationer) N\u00e4r olyckan \u00e4r framme\u00a0(11\/2) (Kommunens beredskap) Vad \u00e4r bra f\u00f6r Ydre?\u00a0(20\/2) (Kommunikationerna) Vem kunde tro det?\u00a0(28\/2) (Invandringen) Vilket v\u00e4rde har Ydres natur?\u00a0(4\/3) Kunnskap e L\u00e4s mer\" \/>\n<meta property=\"og:url\" content=\"https:\/\/wp.kristdemokraterna.se\/ydre\/ydrekronikor-2017\/\" \/>\n<meta property=\"og:site_name\" content=\"Kristdemokraterna i Ydre\" \/>\n<meta property=\"article:modified_time\" content=\"2018-07-07T18:29:07+00:00\" \/>\n<meta property=\"og:image\" content=\"https:\/\/ydrebo.se\/sverigeresor\/sodra_brata\/gata.jpg\" \/>\n<meta name=\"twitter:card\" content=\"summary_large_image\" \/>\n<meta name=\"twitter:label1\" content=\"Ber\u00e4knad l\u00e4stid\" \/>\n\t<meta name=\"twitter:data1\" content=\"2 minuter\" \/>\n<script type=\"application\/ld+json\" class=\"yoast-schema-graph\">{\"@context\":\"https:\\\/\\\/schema.org\",\"@graph\":[{\"@type\":\"WebPage\",\"@id\":\"https:\\\/\\\/wp.kristdemokraterna.se\\\/ydre\\\/ydrekronikor-2017\\\/\",\"url\":\"https:\\\/\\\/wp.kristdemokraterna.se\\\/ydre\\\/ydrekronikor-2017\\\/\",\"name\":\"Ydrekr\u00f6nikor 2017 - Kristdemokraterna i Ydre\",\"isPartOf\":{\"@id\":\"https:\\\/\\\/wp.kristdemokraterna.se\\\/ydre\\\/#website\"},\"primaryImageOfPage\":{\"@id\":\"https:\\\/\\\/wp.kristdemokraterna.se\\\/ydre\\\/ydrekronikor-2017\\\/#primaryimage\"},\"image\":{\"@id\":\"https:\\\/\\\/wp.kristdemokraterna.se\\\/ydre\\\/ydrekronikor-2017\\\/#primaryimage\"},\"thumbnailUrl\":\"https:\\\/\\\/ydrebo.se\\\/sverigeresor\\\/sodra_brata\\\/gata.jpg\",\"datePublished\":\"2018-06-13T17:35:47+00:00\",\"dateModified\":\"2018-07-07T18:29:07+00:00\",\"breadcrumb\":{\"@id\":\"https:\\\/\\\/wp.kristdemokraterna.se\\\/ydre\\\/ydrekronikor-2017\\\/#breadcrumb\"},\"inLanguage\":\"sv-SE\",\"potentialAction\":[{\"@type\":\"ReadAction\",\"target\":[\"https:\\\/\\\/wp.kristdemokraterna.se\\\/ydre\\\/ydrekronikor-2017\\\/\"]}]},{\"@type\":\"ImageObject\",\"inLanguage\":\"sv-SE\",\"@id\":\"https:\\\/\\\/wp.kristdemokraterna.se\\\/ydre\\\/ydrekronikor-2017\\\/#primaryimage\",\"url\":\"https:\\\/\\\/ydrebo.se\\\/sverigeresor\\\/sodra_brata\\\/gata.jpg\",\"contentUrl\":\"https:\\\/\\\/ydrebo.se\\\/sverigeresor\\\/sodra_brata\\\/gata.jpg\"},{\"@type\":\"BreadcrumbList\",\"@id\":\"https:\\\/\\\/wp.kristdemokraterna.se\\\/ydre\\\/ydrekronikor-2017\\\/#breadcrumb\",\"itemListElement\":[{\"@type\":\"ListItem\",\"position\":1,\"name\":\"Hem\",\"item\":\"https:\\\/\\\/wp.kristdemokraterna.se\\\/ydre\\\/\"},{\"@type\":\"ListItem\",\"position\":2,\"name\":\"Ydrekr\u00f6nikor 2017\"}]},{\"@type\":\"WebSite\",\"@id\":\"https:\\\/\\\/wp.kristdemokraterna.se\\\/ydre\\\/#website\",\"url\":\"https:\\\/\\\/wp.kristdemokraterna.se\\\/ydre\\\/\",\"name\":\"Kristdemokraterna i Ydre\",\"description\":\"En till Kristdemokraterna webbplats\",\"inLanguage\":\"sv-SE\"}]}<\/script>\n<!-- \/ Yoast SEO plugin. -->","yoast_head_json":{"title":"Ydrekr\u00f6nikor 2017 - Kristdemokraterna i Ydre","robots":{"index":"index","follow":"follow","max-snippet":"max-snippet:-1","max-image-preview":"max-image-preview:large","max-video-preview":"max-video-preview:-1"},"canonical":"https:\/\/wp.kristdemokraterna.se\/ydre\/ydrekronikor-2017\/","og_locale":"sv_SE","og_type":"article","og_title":"Ydrekr\u00f6nikor 2017 - Kristdemokraterna i Ydre","og_description":"M\u00e4nniskov\u00e4rdet igen\u00a0(8\/1) &#8221;F\u00f6rnuftet bor hos ledarn?&#8221;\u00a0(14\/1) \u00c4ntligen \u00e4r vi tio millioner!\u00a0(20\/1) (H\u00e4nsyn till barnens b\u00e4sta?) G\u00f6r det ont att bli slagen?\u00a0(26\/1) (V\u00e5ld i hemmet) \u00c4r det br\u00e5ttom?\u00a0(3\/2) (H\u00f6ghastighetsbanan och Ydres kommunikationer) N\u00e4r olyckan \u00e4r framme\u00a0(11\/2) (Kommunens beredskap) Vad \u00e4r bra f\u00f6r Ydre?\u00a0(20\/2) (Kommunikationerna) Vem kunde tro det?\u00a0(28\/2) (Invandringen) Vilket v\u00e4rde har Ydres natur?\u00a0(4\/3) Kunnskap e L\u00e4s mer","og_url":"https:\/\/wp.kristdemokraterna.se\/ydre\/ydrekronikor-2017\/","og_site_name":"Kristdemokraterna i Ydre","article_modified_time":"2018-07-07T18:29:07+00:00","og_image":[{"url":"https:\/\/ydrebo.se\/sverigeresor\/sodra_brata\/gata.jpg","type":"","width":"","height":""}],"twitter_card":"summary_large_image","twitter_misc":{"Ber\u00e4knad l\u00e4stid":"2 minuter"},"schema":{"@context":"https:\/\/schema.org","@graph":[{"@type":"WebPage","@id":"https:\/\/wp.kristdemokraterna.se\/ydre\/ydrekronikor-2017\/","url":"https:\/\/wp.kristdemokraterna.se\/ydre\/ydrekronikor-2017\/","name":"Ydrekr\u00f6nikor 2017 - Kristdemokraterna i Ydre","isPartOf":{"@id":"https:\/\/wp.kristdemokraterna.se\/ydre\/#website"},"primaryImageOfPage":{"@id":"https:\/\/wp.kristdemokraterna.se\/ydre\/ydrekronikor-2017\/#primaryimage"},"image":{"@id":"https:\/\/wp.kristdemokraterna.se\/ydre\/ydrekronikor-2017\/#primaryimage"},"thumbnailUrl":"https:\/\/ydrebo.se\/sverigeresor\/sodra_brata\/gata.jpg","datePublished":"2018-06-13T17:35:47+00:00","dateModified":"2018-07-07T18:29:07+00:00","breadcrumb":{"@id":"https:\/\/wp.kristdemokraterna.se\/ydre\/ydrekronikor-2017\/#breadcrumb"},"inLanguage":"sv-SE","potentialAction":[{"@type":"ReadAction","target":["https:\/\/wp.kristdemokraterna.se\/ydre\/ydrekronikor-2017\/"]}]},{"@type":"ImageObject","inLanguage":"sv-SE","@id":"https:\/\/wp.kristdemokraterna.se\/ydre\/ydrekronikor-2017\/#primaryimage","url":"https:\/\/ydrebo.se\/sverigeresor\/sodra_brata\/gata.jpg","contentUrl":"https:\/\/ydrebo.se\/sverigeresor\/sodra_brata\/gata.jpg"},{"@type":"BreadcrumbList","@id":"https:\/\/wp.kristdemokraterna.se\/ydre\/ydrekronikor-2017\/#breadcrumb","itemListElement":[{"@type":"ListItem","position":1,"name":"Hem","item":"https:\/\/wp.kristdemokraterna.se\/ydre\/"},{"@type":"ListItem","position":2,"name":"Ydrekr\u00f6nikor 2017"}]},{"@type":"WebSite","@id":"https:\/\/wp.kristdemokraterna.se\/ydre\/#website","url":"https:\/\/wp.kristdemokraterna.se\/ydre\/","name":"Kristdemokraterna i Ydre","description":"En till Kristdemokraterna webbplats","inLanguage":"sv-SE"}]}},"_links":{"self":[{"href":"https:\/\/wp.kristdemokraterna.se\/ydre\/wp-json\/wp\/v2\/pages\/574","targetHints":{"allow":["GET"]}}],"collection":[{"href":"https:\/\/wp.kristdemokraterna.se\/ydre\/wp-json\/wp\/v2\/pages"}],"about":[{"href":"https:\/\/wp.kristdemokraterna.se\/ydre\/wp-json\/wp\/v2\/types\/page"}],"author":[{"embeddable":true,"href":"https:\/\/wp.kristdemokraterna.se\/ydre\/wp-json\/wp\/v2\/users\/793"}],"replies":[{"embeddable":true,"href":"https:\/\/wp.kristdemokraterna.se\/ydre\/wp-json\/wp\/v2\/comments?post=574"}],"version-history":[{"count":53,"href":"https:\/\/wp.kristdemokraterna.se\/ydre\/wp-json\/wp\/v2\/pages\/574\/revisions"}],"predecessor-version":[{"id":899,"href":"https:\/\/wp.kristdemokraterna.se\/ydre\/wp-json\/wp\/v2\/pages\/574\/revisions\/899"}],"wp:attachment":[{"href":"https:\/\/wp.kristdemokraterna.se\/ydre\/wp-json\/wp\/v2\/media?parent=574"}],"curies":[{"name":"wp","href":"https:\/\/api.w.org\/{rel}","templated":true}]}}