{"id":578,"date":"2018-06-13T19:51:30","date_gmt":"2018-06-13T17:51:30","guid":{"rendered":"http:\/\/wp.kristdemokraterna.se\/ydre\/?page_id=578"},"modified":"2018-06-13T19:53:13","modified_gmt":"2018-06-13T17:53:13","slug":"2018-01-17-val-med-varme","status":"publish","type":"page","link":"https:\/\/wp.kristdemokraterna.se\/ydre\/2018-01-17-val-med-varme\/","title":{"rendered":"2018-01-17 Val med v\u00e4rme"},"content":{"rendered":"<p style=\"text-align: left\">Val\u00e5ret 2018 \u00e4r inne. M\u00e5 det bli en valr\u00f6relse med v\u00e4rme. Inte med hetta &#8212; det g\u00e5r hett till p\u00e5 f\u00f6r m\u00e5nga st\u00e4llen i v\u00e4rlden.<br \/>\nVi ser ju fram mot\u00a0<a href=\"https:\/\/upload.wikimedia.org\/wikipedia\/commons\/thumb\/7\/7e\/Arborelius_-_Lake_View.jpg\/1280px-Arborelius_-_Lake_View.jpg\" target=\"_blank\" rel=\"noopener\"><b>varmare \u00e5rstider.<\/b><\/a>\u00a0Men det beh\u00f6vs v\u00e4rme ocks\u00e5 i samh\u00e4llslivet. Likav\u00e4l som vi beh\u00f6ver v\u00e5rv\u00e4rme beh\u00f6ver vi v\u00e5rdv\u00e4rme , ja v\u00e4rme i alla delar av kommunens liv.<br \/>\nVi beh\u00f6ver v\u00e4rme f\u00f6r det kommer kalla vindar. \u00c4ven i Ydre kan man h\u00f6ra bittra ord om &#8221;svartskallar&#8221;. Men kommunen sj\u00e4lv beh\u00f6ver t\u00e4nka om n\u00e4r det g\u00e4ller de ensamkommande barnen.<\/p>\n<p><img loading=\"lazy\" decoding=\"async\" src=\"http:\/\/ydrebo.se\/kd\/veckobrev2018\/ros.JPG\" width=\"600\" height=\"460\" border=\"0\" \/><br \/>\n<i>Det beh\u00f6vs v\u00e4rme mot det frostiga.<\/i><\/p>\n<p style=\"text-align: left\">Ydre Kristdemokrater protesterar mot att asyls\u00f6kande ungdomar skall skickas iv\u00e4g n\u00e4r de fyller 18 \u00e5r. Vi har lagt en motion om att denna policy skall ompr\u00f6vas.<br \/>\nS\u00e5 visst beh\u00f6ver vi mer v\u00e4rme i Ydre!<\/p>\n<p style=\"text-align: left\"><i>Bengt Malm, ordf.<br \/>\n17 januari<\/i><\/p>\n","protected":false},"excerpt":{"rendered":"<p>Val\u00e5ret 2018 \u00e4r inne. M\u00e5 det bli en valr\u00f6relse med v\u00e4rme. Inte med hetta &#8212; det g\u00e5r hett till p\u00e5 f\u00f6r m\u00e5nga st\u00e4llen i v\u00e4rlden. Vi ser ju fram mot\u00a0varmare \u00e5rstider.\u00a0Men det beh\u00f6vs v\u00e4rme ocks\u00e5 i samh\u00e4llslivet. Likav\u00e4l som vi beh\u00f6ver v\u00e5rv\u00e4rme beh\u00f6ver vi v\u00e5rdv\u00e4rme , ja v\u00e4rme i alla delar av kommunens liv. Vi <a class=\"read-more-link\" href=\"https:\/\/wp.kristdemokraterna.se\/ydre\/2018-01-17-val-med-varme\/\">L\u00e4s mer<\/a><\/p>\n","protected":false},"author":793,"featured_media":0,"parent":0,"menu_order":0,"comment_status":"closed","ping_status":"closed","template":"","meta":{"_acf_changed":false,"footnotes":""},"class_list":["post-578","page","type-page","status-publish","hentry"],"acf":[],"yoast_head":"<!-- This site is optimized with the Yoast SEO plugin v27.5 - https:\/\/yoast.com\/product\/yoast-seo-wordpress\/ -->\n<title>2018-01-17 Val med v\u00e4rme - Kristdemokraterna i Ydre<\/title>\n<meta name=\"robots\" content=\"index, follow, max-snippet:-1, max-image-preview:large, max-video-preview:-1\" \/>\n<link rel=\"canonical\" href=\"https:\/\/wp.kristdemokraterna.se\/ydre\/2018-01-17-val-med-varme\/\" \/>\n<meta property=\"og:locale\" content=\"sv_SE\" \/>\n<meta property=\"og:type\" content=\"article\" \/>\n<meta property=\"og:title\" content=\"2018-01-17 Val med v\u00e4rme - Kristdemokraterna i Ydre\" \/>\n<meta property=\"og:description\" content=\"Val\u00e5ret 2018 \u00e4r inne. M\u00e5 det bli en valr\u00f6relse med v\u00e4rme. Inte med hetta &#8212; det g\u00e5r hett till p\u00e5 f\u00f6r m\u00e5nga st\u00e4llen i v\u00e4rlden. Vi ser ju fram mot\u00a0varmare \u00e5rstider.\u00a0Men det beh\u00f6vs v\u00e4rme ocks\u00e5 i samh\u00e4llslivet. Likav\u00e4l som vi beh\u00f6ver v\u00e5rv\u00e4rme beh\u00f6ver vi v\u00e5rdv\u00e4rme , ja v\u00e4rme i alla delar av kommunens liv. Vi L\u00e4s mer\" \/>\n<meta property=\"og:url\" content=\"https:\/\/wp.kristdemokraterna.se\/ydre\/2018-01-17-val-med-varme\/\" \/>\n<meta property=\"og:site_name\" content=\"Kristdemokraterna i Ydre\" \/>\n<meta property=\"article:modified_time\" content=\"2018-06-13T17:53:13+00:00\" \/>\n<meta property=\"og:image\" content=\"http:\/\/ydrebo.se\/kd\/veckobrev2018\/ros.JPG\" \/>\n<meta name=\"twitter:card\" content=\"summary_large_image\" \/>\n<meta name=\"twitter:label1\" content=\"Ber\u00e4knad l\u00e4stid\" \/>\n\t<meta name=\"twitter:data1\" content=\"1 minut\" \/>\n<script type=\"application\/ld+json\" class=\"yoast-schema-graph\">{\"@context\":\"https:\\\/\\\/schema.org\",\"@graph\":[{\"@type\":\"WebPage\",\"@id\":\"https:\\\/\\\/wp.kristdemokraterna.se\\\/ydre\\\/2018-01-17-val-med-varme\\\/\",\"url\":\"https:\\\/\\\/wp.kristdemokraterna.se\\\/ydre\\\/2018-01-17-val-med-varme\\\/\",\"name\":\"2018-01-17 Val med v\u00e4rme - Kristdemokraterna i Ydre\",\"isPartOf\":{\"@id\":\"https:\\\/\\\/wp.kristdemokraterna.se\\\/ydre\\\/#website\"},\"primaryImageOfPage\":{\"@id\":\"https:\\\/\\\/wp.kristdemokraterna.se\\\/ydre\\\/2018-01-17-val-med-varme\\\/#primaryimage\"},\"image\":{\"@id\":\"https:\\\/\\\/wp.kristdemokraterna.se\\\/ydre\\\/2018-01-17-val-med-varme\\\/#primaryimage\"},\"thumbnailUrl\":\"http:\\\/\\\/ydrebo.se\\\/kd\\\/veckobrev2018\\\/ros.JPG\",\"datePublished\":\"2018-06-13T17:51:30+00:00\",\"dateModified\":\"2018-06-13T17:53:13+00:00\",\"breadcrumb\":{\"@id\":\"https:\\\/\\\/wp.kristdemokraterna.se\\\/ydre\\\/2018-01-17-val-med-varme\\\/#breadcrumb\"},\"inLanguage\":\"sv-SE\",\"potentialAction\":[{\"@type\":\"ReadAction\",\"target\":[\"https:\\\/\\\/wp.kristdemokraterna.se\\\/ydre\\\/2018-01-17-val-med-varme\\\/\"]}]},{\"@type\":\"ImageObject\",\"inLanguage\":\"sv-SE\",\"@id\":\"https:\\\/\\\/wp.kristdemokraterna.se\\\/ydre\\\/2018-01-17-val-med-varme\\\/#primaryimage\",\"url\":\"http:\\\/\\\/ydrebo.se\\\/kd\\\/veckobrev2018\\\/ros.JPG\",\"contentUrl\":\"http:\\\/\\\/ydrebo.se\\\/kd\\\/veckobrev2018\\\/ros.JPG\"},{\"@type\":\"BreadcrumbList\",\"@id\":\"https:\\\/\\\/wp.kristdemokraterna.se\\\/ydre\\\/2018-01-17-val-med-varme\\\/#breadcrumb\",\"itemListElement\":[{\"@type\":\"ListItem\",\"position\":1,\"name\":\"Hem\",\"item\":\"https:\\\/\\\/wp.kristdemokraterna.se\\\/ydre\\\/\"},{\"@type\":\"ListItem\",\"position\":2,\"name\":\"2018-01-17 Val med v\u00e4rme\"}]},{\"@type\":\"WebSite\",\"@id\":\"https:\\\/\\\/wp.kristdemokraterna.se\\\/ydre\\\/#website\",\"url\":\"https:\\\/\\\/wp.kristdemokraterna.se\\\/ydre\\\/\",\"name\":\"Kristdemokraterna i Ydre\",\"description\":\"En till Kristdemokraterna webbplats\",\"inLanguage\":\"sv-SE\"}]}<\/script>\n<!-- \/ Yoast SEO plugin. -->","yoast_head_json":{"title":"2018-01-17 Val med v\u00e4rme - Kristdemokraterna i Ydre","robots":{"index":"index","follow":"follow","max-snippet":"max-snippet:-1","max-image-preview":"max-image-preview:large","max-video-preview":"max-video-preview:-1"},"canonical":"https:\/\/wp.kristdemokraterna.se\/ydre\/2018-01-17-val-med-varme\/","og_locale":"sv_SE","og_type":"article","og_title":"2018-01-17 Val med v\u00e4rme - Kristdemokraterna i Ydre","og_description":"Val\u00e5ret 2018 \u00e4r inne. M\u00e5 det bli en valr\u00f6relse med v\u00e4rme. Inte med hetta &#8212; det g\u00e5r hett till p\u00e5 f\u00f6r m\u00e5nga st\u00e4llen i v\u00e4rlden. Vi ser ju fram mot\u00a0varmare \u00e5rstider.\u00a0Men det beh\u00f6vs v\u00e4rme ocks\u00e5 i samh\u00e4llslivet. Likav\u00e4l som vi beh\u00f6ver v\u00e5rv\u00e4rme beh\u00f6ver vi v\u00e5rdv\u00e4rme , ja v\u00e4rme i alla delar av kommunens liv. Vi L\u00e4s mer","og_url":"https:\/\/wp.kristdemokraterna.se\/ydre\/2018-01-17-val-med-varme\/","og_site_name":"Kristdemokraterna i Ydre","article_modified_time":"2018-06-13T17:53:13+00:00","og_image":[{"url":"http:\/\/ydrebo.se\/kd\/veckobrev2018\/ros.JPG","type":"","width":"","height":""}],"twitter_card":"summary_large_image","twitter_misc":{"Ber\u00e4knad l\u00e4stid":"1 minut"},"schema":{"@context":"https:\/\/schema.org","@graph":[{"@type":"WebPage","@id":"https:\/\/wp.kristdemokraterna.se\/ydre\/2018-01-17-val-med-varme\/","url":"https:\/\/wp.kristdemokraterna.se\/ydre\/2018-01-17-val-med-varme\/","name":"2018-01-17 Val med v\u00e4rme - Kristdemokraterna i Ydre","isPartOf":{"@id":"https:\/\/wp.kristdemokraterna.se\/ydre\/#website"},"primaryImageOfPage":{"@id":"https:\/\/wp.kristdemokraterna.se\/ydre\/2018-01-17-val-med-varme\/#primaryimage"},"image":{"@id":"https:\/\/wp.kristdemokraterna.se\/ydre\/2018-01-17-val-med-varme\/#primaryimage"},"thumbnailUrl":"http:\/\/ydrebo.se\/kd\/veckobrev2018\/ros.JPG","datePublished":"2018-06-13T17:51:30+00:00","dateModified":"2018-06-13T17:53:13+00:00","breadcrumb":{"@id":"https:\/\/wp.kristdemokraterna.se\/ydre\/2018-01-17-val-med-varme\/#breadcrumb"},"inLanguage":"sv-SE","potentialAction":[{"@type":"ReadAction","target":["https:\/\/wp.kristdemokraterna.se\/ydre\/2018-01-17-val-med-varme\/"]}]},{"@type":"ImageObject","inLanguage":"sv-SE","@id":"https:\/\/wp.kristdemokraterna.se\/ydre\/2018-01-17-val-med-varme\/#primaryimage","url":"http:\/\/ydrebo.se\/kd\/veckobrev2018\/ros.JPG","contentUrl":"http:\/\/ydrebo.se\/kd\/veckobrev2018\/ros.JPG"},{"@type":"BreadcrumbList","@id":"https:\/\/wp.kristdemokraterna.se\/ydre\/2018-01-17-val-med-varme\/#breadcrumb","itemListElement":[{"@type":"ListItem","position":1,"name":"Hem","item":"https:\/\/wp.kristdemokraterna.se\/ydre\/"},{"@type":"ListItem","position":2,"name":"2018-01-17 Val med v\u00e4rme"}]},{"@type":"WebSite","@id":"https:\/\/wp.kristdemokraterna.se\/ydre\/#website","url":"https:\/\/wp.kristdemokraterna.se\/ydre\/","name":"Kristdemokraterna i Ydre","description":"En till Kristdemokraterna webbplats","inLanguage":"sv-SE"}]}},"_links":{"self":[{"href":"https:\/\/wp.kristdemokraterna.se\/ydre\/wp-json\/wp\/v2\/pages\/578","targetHints":{"allow":["GET"]}}],"collection":[{"href":"https:\/\/wp.kristdemokraterna.se\/ydre\/wp-json\/wp\/v2\/pages"}],"about":[{"href":"https:\/\/wp.kristdemokraterna.se\/ydre\/wp-json\/wp\/v2\/types\/page"}],"author":[{"embeddable":true,"href":"https:\/\/wp.kristdemokraterna.se\/ydre\/wp-json\/wp\/v2\/users\/793"}],"replies":[{"embeddable":true,"href":"https:\/\/wp.kristdemokraterna.se\/ydre\/wp-json\/wp\/v2\/comments?post=578"}],"version-history":[{"count":4,"href":"https:\/\/wp.kristdemokraterna.se\/ydre\/wp-json\/wp\/v2\/pages\/578\/revisions"}],"predecessor-version":[{"id":582,"href":"https:\/\/wp.kristdemokraterna.se\/ydre\/wp-json\/wp\/v2\/pages\/578\/revisions\/582"}],"wp:attachment":[{"href":"https:\/\/wp.kristdemokraterna.se\/ydre\/wp-json\/wp\/v2\/media?parent=578"}],"curies":[{"name":"wp","href":"https:\/\/api.w.org\/{rel}","templated":true}]}}