{"id":584,"date":"2018-06-13T19:56:52","date_gmt":"2018-06-13T17:56:52","guid":{"rendered":"http:\/\/wp.kristdemokraterna.se\/ydre\/?page_id=584"},"modified":"2018-06-13T19:58:25","modified_gmt":"2018-06-13T17:58:25","slug":"2018-01-27-vart-goda-ydre","status":"publish","type":"page","link":"https:\/\/wp.kristdemokraterna.se\/ydre\/2018-01-27-vart-goda-ydre\/","title":{"rendered":"2018-01-27 V\u00e5rt goda Ydre"},"content":{"rendered":"<p>Tidningen Dagens Samh\u00e4lle har just unders\u00f6kt hur ungdomar flyttar till och fr\u00e5n kommuner. Man r\u00e4knade hur m\u00e5nga i \u00e5ldern 15-20 \u00e5r som bodde i varje kommun \u00e5r 2012. Och s\u00e5 r\u00e4knade man hur m\u00e5nga i \u00e5ldern 20-25 \u00e5r som bodde d\u00e4r 2017. Ydre f\u00f6rlorade en tredjedel av ungdomarna p\u00e5 de fem \u00e5ren fr\u00e5n 2012 till 2017. Bara sju kommuner f\u00f6rlorade en st\u00f6rre andel (bl.a. Sorsele i det inre av Lappland).<br \/>\nVarf\u00f6r f\u00f6rsvann s\u00e5 m\u00e5nga unga fr\u00e5n Ydre? Det var inte n\u00e5gon allm\u00e4n flykt fr\u00e5n landsbygden. F\u00f6r Ydres folkm\u00e4ngd \u00f6kade och antalet elever i grundskolan \u00f6kade kraftigt. Men varf\u00f6r skiljer sig Ydre s\u00e5 kraftigt fr\u00e5n alla kommuner i n\u00e4rheten? Vad \u00e4r det som \u00e4r s\u00e5 speciellt med Ydre och som p\u00e5verkar de unga?<br \/>\nJo, det finns en sak som \u00e4r verkligt anm\u00e4rkningsv\u00e4rd med v\u00e5r kommun. V\u00e5rt skolv\u00e4sen har varit ett av de b\u00e4sta i Sverige. N\u00e4stan alla har g\u00e5tt ut grundskolan med beh\u00f6righet att s\u00f6ka till gymnasiet. Och av dem fick de flesta beh\u00f6righet att bedriva h\u00f6gre studier och m\u00e5nga gick verkligen vidare. De \u00e5r som man h\u00e5ller p\u00e5 med s\u00e5dana studier \u00e4r de \u00e5r d\u00e5 man faktiskt inte kan bo h\u00e4r.<\/p>\n<p><img loading=\"lazy\" decoding=\"async\" src=\"http:\/\/ydrebo.se\/kd\/veckobrev2015\/ydrekollage1.jpg\" width=\"600\" height=\"480\" border=\"0\" \/><br \/>\nResultatet av unders\u00f6kningen \u00e4r allts\u00e5 mycket uppmuntrande. Vi m\u00e5ste forts\u00e4tta att g\u00f6ra Ydre bra att bo och v\u00e4xa upp i. Det m\u00e5ste vara s\u00e5 bra h\u00e4r att verkligt m\u00e5nga unga vill flytta h\u00e4rifr\u00e5n f\u00f6r att de f\u00e5tt s\u00e5 utm\u00e4rkt utbildning.<\/p>\n<p><i>Bengt Malm, ordf.<br \/>\n27 januari<\/i><\/p>\n","protected":false},"excerpt":{"rendered":"<p>Tidningen Dagens Samh\u00e4lle har just unders\u00f6kt hur ungdomar flyttar till och fr\u00e5n kommuner. Man r\u00e4knade hur m\u00e5nga i \u00e5ldern 15-20 \u00e5r som bodde i varje kommun \u00e5r 2012. Och s\u00e5 r\u00e4knade man hur m\u00e5nga i \u00e5ldern 20-25 \u00e5r som bodde d\u00e4r 2017. Ydre f\u00f6rlorade en tredjedel av ungdomarna p\u00e5 de fem \u00e5ren fr\u00e5n 2012 till <a class=\"read-more-link\" href=\"https:\/\/wp.kristdemokraterna.se\/ydre\/2018-01-27-vart-goda-ydre\/\">L\u00e4s mer<\/a><\/p>\n","protected":false},"author":793,"featured_media":0,"parent":0,"menu_order":0,"comment_status":"closed","ping_status":"closed","template":"","meta":{"_acf_changed":false,"footnotes":""},"class_list":["post-584","page","type-page","status-publish","hentry"],"acf":[],"yoast_head":"<!-- This site is optimized with the Yoast SEO plugin v27.5 - https:\/\/yoast.com\/product\/yoast-seo-wordpress\/ -->\n<title>2018-01-27 V\u00e5rt goda Ydre - Kristdemokraterna i Ydre<\/title>\n<meta name=\"robots\" content=\"index, follow, max-snippet:-1, max-image-preview:large, max-video-preview:-1\" \/>\n<link rel=\"canonical\" href=\"https:\/\/wp.kristdemokraterna.se\/ydre\/2018-01-27-vart-goda-ydre\/\" \/>\n<meta property=\"og:locale\" content=\"sv_SE\" \/>\n<meta property=\"og:type\" content=\"article\" \/>\n<meta property=\"og:title\" content=\"2018-01-27 V\u00e5rt goda Ydre - Kristdemokraterna i Ydre\" \/>\n<meta property=\"og:description\" content=\"Tidningen Dagens Samh\u00e4lle har just unders\u00f6kt hur ungdomar flyttar till och fr\u00e5n kommuner. Man r\u00e4knade hur m\u00e5nga i \u00e5ldern 15-20 \u00e5r som bodde i varje kommun \u00e5r 2012. Och s\u00e5 r\u00e4knade man hur m\u00e5nga i \u00e5ldern 20-25 \u00e5r som bodde d\u00e4r 2017. Ydre f\u00f6rlorade en tredjedel av ungdomarna p\u00e5 de fem \u00e5ren fr\u00e5n 2012 till L\u00e4s mer\" \/>\n<meta property=\"og:url\" content=\"https:\/\/wp.kristdemokraterna.se\/ydre\/2018-01-27-vart-goda-ydre\/\" \/>\n<meta property=\"og:site_name\" content=\"Kristdemokraterna i Ydre\" \/>\n<meta property=\"article:modified_time\" content=\"2018-06-13T17:58:25+00:00\" \/>\n<meta property=\"og:image\" content=\"http:\/\/ydrebo.se\/kd\/veckobrev2015\/ydrekollage1.jpg\" \/>\n<meta name=\"twitter:card\" content=\"summary_large_image\" \/>\n<meta name=\"twitter:label1\" content=\"Ber\u00e4knad l\u00e4stid\" \/>\n\t<meta name=\"twitter:data1\" content=\"1 minut\" \/>\n<script type=\"application\/ld+json\" class=\"yoast-schema-graph\">{\"@context\":\"https:\\\/\\\/schema.org\",\"@graph\":[{\"@type\":\"WebPage\",\"@id\":\"https:\\\/\\\/wp.kristdemokraterna.se\\\/ydre\\\/2018-01-27-vart-goda-ydre\\\/\",\"url\":\"https:\\\/\\\/wp.kristdemokraterna.se\\\/ydre\\\/2018-01-27-vart-goda-ydre\\\/\",\"name\":\"2018-01-27 V\u00e5rt goda Ydre - Kristdemokraterna i Ydre\",\"isPartOf\":{\"@id\":\"https:\\\/\\\/wp.kristdemokraterna.se\\\/ydre\\\/#website\"},\"primaryImageOfPage\":{\"@id\":\"https:\\\/\\\/wp.kristdemokraterna.se\\\/ydre\\\/2018-01-27-vart-goda-ydre\\\/#primaryimage\"},\"image\":{\"@id\":\"https:\\\/\\\/wp.kristdemokraterna.se\\\/ydre\\\/2018-01-27-vart-goda-ydre\\\/#primaryimage\"},\"thumbnailUrl\":\"http:\\\/\\\/ydrebo.se\\\/kd\\\/veckobrev2015\\\/ydrekollage1.jpg\",\"datePublished\":\"2018-06-13T17:56:52+00:00\",\"dateModified\":\"2018-06-13T17:58:25+00:00\",\"breadcrumb\":{\"@id\":\"https:\\\/\\\/wp.kristdemokraterna.se\\\/ydre\\\/2018-01-27-vart-goda-ydre\\\/#breadcrumb\"},\"inLanguage\":\"sv-SE\",\"potentialAction\":[{\"@type\":\"ReadAction\",\"target\":[\"https:\\\/\\\/wp.kristdemokraterna.se\\\/ydre\\\/2018-01-27-vart-goda-ydre\\\/\"]}]},{\"@type\":\"ImageObject\",\"inLanguage\":\"sv-SE\",\"@id\":\"https:\\\/\\\/wp.kristdemokraterna.se\\\/ydre\\\/2018-01-27-vart-goda-ydre\\\/#primaryimage\",\"url\":\"http:\\\/\\\/ydrebo.se\\\/kd\\\/veckobrev2015\\\/ydrekollage1.jpg\",\"contentUrl\":\"http:\\\/\\\/ydrebo.se\\\/kd\\\/veckobrev2015\\\/ydrekollage1.jpg\"},{\"@type\":\"BreadcrumbList\",\"@id\":\"https:\\\/\\\/wp.kristdemokraterna.se\\\/ydre\\\/2018-01-27-vart-goda-ydre\\\/#breadcrumb\",\"itemListElement\":[{\"@type\":\"ListItem\",\"position\":1,\"name\":\"Hem\",\"item\":\"https:\\\/\\\/wp.kristdemokraterna.se\\\/ydre\\\/\"},{\"@type\":\"ListItem\",\"position\":2,\"name\":\"2018-01-27 V\u00e5rt goda Ydre\"}]},{\"@type\":\"WebSite\",\"@id\":\"https:\\\/\\\/wp.kristdemokraterna.se\\\/ydre\\\/#website\",\"url\":\"https:\\\/\\\/wp.kristdemokraterna.se\\\/ydre\\\/\",\"name\":\"Kristdemokraterna i Ydre\",\"description\":\"En till Kristdemokraterna webbplats\",\"inLanguage\":\"sv-SE\"}]}<\/script>\n<!-- \/ Yoast SEO plugin. -->","yoast_head_json":{"title":"2018-01-27 V\u00e5rt goda Ydre - Kristdemokraterna i Ydre","robots":{"index":"index","follow":"follow","max-snippet":"max-snippet:-1","max-image-preview":"max-image-preview:large","max-video-preview":"max-video-preview:-1"},"canonical":"https:\/\/wp.kristdemokraterna.se\/ydre\/2018-01-27-vart-goda-ydre\/","og_locale":"sv_SE","og_type":"article","og_title":"2018-01-27 V\u00e5rt goda Ydre - Kristdemokraterna i Ydre","og_description":"Tidningen Dagens Samh\u00e4lle har just unders\u00f6kt hur ungdomar flyttar till och fr\u00e5n kommuner. Man r\u00e4knade hur m\u00e5nga i \u00e5ldern 15-20 \u00e5r som bodde i varje kommun \u00e5r 2012. Och s\u00e5 r\u00e4knade man hur m\u00e5nga i \u00e5ldern 20-25 \u00e5r som bodde d\u00e4r 2017. Ydre f\u00f6rlorade en tredjedel av ungdomarna p\u00e5 de fem \u00e5ren fr\u00e5n 2012 till L\u00e4s mer","og_url":"https:\/\/wp.kristdemokraterna.se\/ydre\/2018-01-27-vart-goda-ydre\/","og_site_name":"Kristdemokraterna i Ydre","article_modified_time":"2018-06-13T17:58:25+00:00","og_image":[{"url":"http:\/\/ydrebo.se\/kd\/veckobrev2015\/ydrekollage1.jpg","type":"","width":"","height":""}],"twitter_card":"summary_large_image","twitter_misc":{"Ber\u00e4knad l\u00e4stid":"1 minut"},"schema":{"@context":"https:\/\/schema.org","@graph":[{"@type":"WebPage","@id":"https:\/\/wp.kristdemokraterna.se\/ydre\/2018-01-27-vart-goda-ydre\/","url":"https:\/\/wp.kristdemokraterna.se\/ydre\/2018-01-27-vart-goda-ydre\/","name":"2018-01-27 V\u00e5rt goda Ydre - Kristdemokraterna i Ydre","isPartOf":{"@id":"https:\/\/wp.kristdemokraterna.se\/ydre\/#website"},"primaryImageOfPage":{"@id":"https:\/\/wp.kristdemokraterna.se\/ydre\/2018-01-27-vart-goda-ydre\/#primaryimage"},"image":{"@id":"https:\/\/wp.kristdemokraterna.se\/ydre\/2018-01-27-vart-goda-ydre\/#primaryimage"},"thumbnailUrl":"http:\/\/ydrebo.se\/kd\/veckobrev2015\/ydrekollage1.jpg","datePublished":"2018-06-13T17:56:52+00:00","dateModified":"2018-06-13T17:58:25+00:00","breadcrumb":{"@id":"https:\/\/wp.kristdemokraterna.se\/ydre\/2018-01-27-vart-goda-ydre\/#breadcrumb"},"inLanguage":"sv-SE","potentialAction":[{"@type":"ReadAction","target":["https:\/\/wp.kristdemokraterna.se\/ydre\/2018-01-27-vart-goda-ydre\/"]}]},{"@type":"ImageObject","inLanguage":"sv-SE","@id":"https:\/\/wp.kristdemokraterna.se\/ydre\/2018-01-27-vart-goda-ydre\/#primaryimage","url":"http:\/\/ydrebo.se\/kd\/veckobrev2015\/ydrekollage1.jpg","contentUrl":"http:\/\/ydrebo.se\/kd\/veckobrev2015\/ydrekollage1.jpg"},{"@type":"BreadcrumbList","@id":"https:\/\/wp.kristdemokraterna.se\/ydre\/2018-01-27-vart-goda-ydre\/#breadcrumb","itemListElement":[{"@type":"ListItem","position":1,"name":"Hem","item":"https:\/\/wp.kristdemokraterna.se\/ydre\/"},{"@type":"ListItem","position":2,"name":"2018-01-27 V\u00e5rt goda Ydre"}]},{"@type":"WebSite","@id":"https:\/\/wp.kristdemokraterna.se\/ydre\/#website","url":"https:\/\/wp.kristdemokraterna.se\/ydre\/","name":"Kristdemokraterna i Ydre","description":"En till Kristdemokraterna webbplats","inLanguage":"sv-SE"}]}},"_links":{"self":[{"href":"https:\/\/wp.kristdemokraterna.se\/ydre\/wp-json\/wp\/v2\/pages\/584","targetHints":{"allow":["GET"]}}],"collection":[{"href":"https:\/\/wp.kristdemokraterna.se\/ydre\/wp-json\/wp\/v2\/pages"}],"about":[{"href":"https:\/\/wp.kristdemokraterna.se\/ydre\/wp-json\/wp\/v2\/types\/page"}],"author":[{"embeddable":true,"href":"https:\/\/wp.kristdemokraterna.se\/ydre\/wp-json\/wp\/v2\/users\/793"}],"replies":[{"embeddable":true,"href":"https:\/\/wp.kristdemokraterna.se\/ydre\/wp-json\/wp\/v2\/comments?post=584"}],"version-history":[{"count":3,"href":"https:\/\/wp.kristdemokraterna.se\/ydre\/wp-json\/wp\/v2\/pages\/584\/revisions"}],"predecessor-version":[{"id":587,"href":"https:\/\/wp.kristdemokraterna.se\/ydre\/wp-json\/wp\/v2\/pages\/584\/revisions\/587"}],"wp:attachment":[{"href":"https:\/\/wp.kristdemokraterna.se\/ydre\/wp-json\/wp\/v2\/media?parent=584"}],"curies":[{"name":"wp","href":"https:\/\/api.w.org\/{rel}","templated":true}]}}