{"id":596,"date":"2018-06-13T20:05:57","date_gmt":"2018-06-13T18:05:57","guid":{"rendered":"http:\/\/wp.kristdemokraterna.se\/ydre\/?page_id=596"},"modified":"2018-06-13T20:09:32","modified_gmt":"2018-06-13T18:09:32","slug":"2018-02-17-vi-och-europaradet","status":"publish","type":"page","link":"https:\/\/wp.kristdemokraterna.se\/ydre\/2018-02-17-vi-och-europaradet\/","title":{"rendered":"2018-02-17 Vi och Europar\u00e5det"},"content":{"rendered":"<p>Sverige har haft bes\u00f6k av Nils Mui\u017enieks, Europar\u00e5dets kommission\u00e4r f\u00f6r m\u00e4nskliga r\u00e4ttigheter. Mycket av det han s\u00e5g vann hans gillande. Men han var ocks\u00e5 kritisk i flera avseenden.<br \/>\nMui\u017enieks ogillar starkt att Sverige f\u00f6rsv\u00e5rar och n\u00e4stan om\u00f6jligg\u00f6r \u00e5terf\u00f6reningen av splittrade familjer fr\u00e5n bl.a. Syrien. Inte heller godtar han de medicinska \u00e5ldersbed\u00f6mningarna av ensamkommande asyls\u00f6kande barn.<\/p>\n<p><img loading=\"lazy\" decoding=\"async\" src=\"http:\/\/ydrebo.se\/kd\/veckobrev2018\/skog.JPG\" width=\"600\" height=\"450\" border=\"0\" \/><br \/>\n<i>Vilka har r\u00e4tt att r\u00f6ra sig i Ydre?<\/i><\/p>\n<p>I g\u00e5r blev det k\u00e4nt att han ocks\u00e5 \u00e4r starkt kritisk till F\u00f6rs\u00e4kringskassans nedsk\u00e4rningar av personlig assistans till personer med funktionshinder.<br \/>\nSvenska statens reaktion kom omg\u00e5ende. Bara n\u00e5gra timmar senare publicerades ett\u00a0<a href=\"https:\/\/www.svt.se\/nyheter\/inrikes\/regeringens-utredare-avskaffa-assistansen-for-barn-och-gamla\" target=\"_blank\" rel=\"noopener\"><b>uttalande fr\u00e5n regeringens utredare<\/b><\/a>\u00a0av just fr\u00e5gan om beviljande av personlig assistans.<br \/>\nDen utredning det g\u00e4ller blir inte klar f\u00f6rr\u00e4n i h\u00f6st. Men redan nu h\u00e4vdar regeringens utredare att Sverige inte beviljar f\u00f6r litet assistans utan f\u00f6r mycket. Barn under 12 \u00e5r och \u00e4ldre \u00f6ver 80 \u00e5r skall inte f\u00e5 n\u00e5gon s\u00e5dan assistans. Det som skall erbjudas i st\u00e4llet inneb\u00e4r att m\u00f6jligheten till deltagande i aktiviteter utanf\u00f6r hemmet till stor del f\u00f6rsvinner.<br \/>\nHittills har det varit meningen att de funktionshindrade skall ha m\u00f6jlighet att delta s\u00e5 mycket som m\u00f6jligt i vanligt liv. Den r\u00e4tten m\u00e5ste vi f\u00f6rsvara.<\/p>\n<p><i>Bengt Malm, ordf.<br \/>\n17 februari<\/i><\/p>\n","protected":false},"excerpt":{"rendered":"<p>Sverige har haft bes\u00f6k av Nils Mui\u017enieks, Europar\u00e5dets kommission\u00e4r f\u00f6r m\u00e4nskliga r\u00e4ttigheter. Mycket av det han s\u00e5g vann hans gillande. Men han var ocks\u00e5 kritisk i flera avseenden. Mui\u017enieks ogillar starkt att Sverige f\u00f6rsv\u00e5rar och n\u00e4stan om\u00f6jligg\u00f6r \u00e5terf\u00f6reningen av splittrade familjer fr\u00e5n bl.a. Syrien. Inte heller godtar han de medicinska \u00e5ldersbed\u00f6mningarna av ensamkommande asyls\u00f6kande barn. <a class=\"read-more-link\" href=\"https:\/\/wp.kristdemokraterna.se\/ydre\/2018-02-17-vi-och-europaradet\/\">L\u00e4s mer<\/a><\/p>\n","protected":false},"author":793,"featured_media":0,"parent":0,"menu_order":0,"comment_status":"closed","ping_status":"closed","template":"","meta":{"_acf_changed":false,"footnotes":""},"class_list":["post-596","page","type-page","status-publish","hentry"],"acf":[],"yoast_head":"<!-- This site is optimized with the Yoast SEO plugin v27.5 - https:\/\/yoast.com\/product\/yoast-seo-wordpress\/ -->\n<title>2018-02-17 Vi och Europar\u00e5det - Kristdemokraterna i Ydre<\/title>\n<meta name=\"robots\" content=\"index, follow, max-snippet:-1, max-image-preview:large, max-video-preview:-1\" \/>\n<link rel=\"canonical\" href=\"https:\/\/wp.kristdemokraterna.se\/ydre\/2018-02-17-vi-och-europaradet\/\" \/>\n<meta property=\"og:locale\" content=\"sv_SE\" \/>\n<meta property=\"og:type\" content=\"article\" \/>\n<meta property=\"og:title\" content=\"2018-02-17 Vi och Europar\u00e5det - Kristdemokraterna i Ydre\" \/>\n<meta property=\"og:description\" content=\"Sverige har haft bes\u00f6k av Nils Mui\u017enieks, Europar\u00e5dets kommission\u00e4r f\u00f6r m\u00e4nskliga r\u00e4ttigheter. Mycket av det han s\u00e5g vann hans gillande. Men han var ocks\u00e5 kritisk i flera avseenden. Mui\u017enieks ogillar starkt att Sverige f\u00f6rsv\u00e5rar och n\u00e4stan om\u00f6jligg\u00f6r \u00e5terf\u00f6reningen av splittrade familjer fr\u00e5n bl.a. Syrien. Inte heller godtar han de medicinska \u00e5ldersbed\u00f6mningarna av ensamkommande asyls\u00f6kande barn. L\u00e4s mer\" \/>\n<meta property=\"og:url\" content=\"https:\/\/wp.kristdemokraterna.se\/ydre\/2018-02-17-vi-och-europaradet\/\" \/>\n<meta property=\"og:site_name\" content=\"Kristdemokraterna i Ydre\" \/>\n<meta property=\"article:modified_time\" content=\"2018-06-13T18:09:32+00:00\" \/>\n<meta property=\"og:image\" content=\"http:\/\/ydrebo.se\/kd\/veckobrev2018\/skog.JPG\" \/>\n<meta name=\"twitter:card\" content=\"summary_large_image\" \/>\n<meta name=\"twitter:label1\" content=\"Ber\u00e4knad l\u00e4stid\" \/>\n\t<meta name=\"twitter:data1\" content=\"1 minut\" \/>\n<script type=\"application\/ld+json\" class=\"yoast-schema-graph\">{\"@context\":\"https:\\\/\\\/schema.org\",\"@graph\":[{\"@type\":\"WebPage\",\"@id\":\"https:\\\/\\\/wp.kristdemokraterna.se\\\/ydre\\\/2018-02-17-vi-och-europaradet\\\/\",\"url\":\"https:\\\/\\\/wp.kristdemokraterna.se\\\/ydre\\\/2018-02-17-vi-och-europaradet\\\/\",\"name\":\"2018-02-17 Vi och Europar\u00e5det - Kristdemokraterna i Ydre\",\"isPartOf\":{\"@id\":\"https:\\\/\\\/wp.kristdemokraterna.se\\\/ydre\\\/#website\"},\"primaryImageOfPage\":{\"@id\":\"https:\\\/\\\/wp.kristdemokraterna.se\\\/ydre\\\/2018-02-17-vi-och-europaradet\\\/#primaryimage\"},\"image\":{\"@id\":\"https:\\\/\\\/wp.kristdemokraterna.se\\\/ydre\\\/2018-02-17-vi-och-europaradet\\\/#primaryimage\"},\"thumbnailUrl\":\"http:\\\/\\\/ydrebo.se\\\/kd\\\/veckobrev2018\\\/skog.JPG\",\"datePublished\":\"2018-06-13T18:05:57+00:00\",\"dateModified\":\"2018-06-13T18:09:32+00:00\",\"breadcrumb\":{\"@id\":\"https:\\\/\\\/wp.kristdemokraterna.se\\\/ydre\\\/2018-02-17-vi-och-europaradet\\\/#breadcrumb\"},\"inLanguage\":\"sv-SE\",\"potentialAction\":[{\"@type\":\"ReadAction\",\"target\":[\"https:\\\/\\\/wp.kristdemokraterna.se\\\/ydre\\\/2018-02-17-vi-och-europaradet\\\/\"]}]},{\"@type\":\"ImageObject\",\"inLanguage\":\"sv-SE\",\"@id\":\"https:\\\/\\\/wp.kristdemokraterna.se\\\/ydre\\\/2018-02-17-vi-och-europaradet\\\/#primaryimage\",\"url\":\"http:\\\/\\\/ydrebo.se\\\/kd\\\/veckobrev2018\\\/skog.JPG\",\"contentUrl\":\"http:\\\/\\\/ydrebo.se\\\/kd\\\/veckobrev2018\\\/skog.JPG\"},{\"@type\":\"BreadcrumbList\",\"@id\":\"https:\\\/\\\/wp.kristdemokraterna.se\\\/ydre\\\/2018-02-17-vi-och-europaradet\\\/#breadcrumb\",\"itemListElement\":[{\"@type\":\"ListItem\",\"position\":1,\"name\":\"Hem\",\"item\":\"https:\\\/\\\/wp.kristdemokraterna.se\\\/ydre\\\/\"},{\"@type\":\"ListItem\",\"position\":2,\"name\":\"2018-02-17 Vi och Europar\u00e5det\"}]},{\"@type\":\"WebSite\",\"@id\":\"https:\\\/\\\/wp.kristdemokraterna.se\\\/ydre\\\/#website\",\"url\":\"https:\\\/\\\/wp.kristdemokraterna.se\\\/ydre\\\/\",\"name\":\"Kristdemokraterna i Ydre\",\"description\":\"En till Kristdemokraterna webbplats\",\"inLanguage\":\"sv-SE\"}]}<\/script>\n<!-- \/ Yoast SEO plugin. -->","yoast_head_json":{"title":"2018-02-17 Vi och Europar\u00e5det - Kristdemokraterna i Ydre","robots":{"index":"index","follow":"follow","max-snippet":"max-snippet:-1","max-image-preview":"max-image-preview:large","max-video-preview":"max-video-preview:-1"},"canonical":"https:\/\/wp.kristdemokraterna.se\/ydre\/2018-02-17-vi-och-europaradet\/","og_locale":"sv_SE","og_type":"article","og_title":"2018-02-17 Vi och Europar\u00e5det - Kristdemokraterna i Ydre","og_description":"Sverige har haft bes\u00f6k av Nils Mui\u017enieks, Europar\u00e5dets kommission\u00e4r f\u00f6r m\u00e4nskliga r\u00e4ttigheter. Mycket av det han s\u00e5g vann hans gillande. Men han var ocks\u00e5 kritisk i flera avseenden. Mui\u017enieks ogillar starkt att Sverige f\u00f6rsv\u00e5rar och n\u00e4stan om\u00f6jligg\u00f6r \u00e5terf\u00f6reningen av splittrade familjer fr\u00e5n bl.a. Syrien. Inte heller godtar han de medicinska \u00e5ldersbed\u00f6mningarna av ensamkommande asyls\u00f6kande barn. L\u00e4s mer","og_url":"https:\/\/wp.kristdemokraterna.se\/ydre\/2018-02-17-vi-och-europaradet\/","og_site_name":"Kristdemokraterna i Ydre","article_modified_time":"2018-06-13T18:09:32+00:00","og_image":[{"url":"http:\/\/ydrebo.se\/kd\/veckobrev2018\/skog.JPG","type":"","width":"","height":""}],"twitter_card":"summary_large_image","twitter_misc":{"Ber\u00e4knad l\u00e4stid":"1 minut"},"schema":{"@context":"https:\/\/schema.org","@graph":[{"@type":"WebPage","@id":"https:\/\/wp.kristdemokraterna.se\/ydre\/2018-02-17-vi-och-europaradet\/","url":"https:\/\/wp.kristdemokraterna.se\/ydre\/2018-02-17-vi-och-europaradet\/","name":"2018-02-17 Vi och Europar\u00e5det - Kristdemokraterna i Ydre","isPartOf":{"@id":"https:\/\/wp.kristdemokraterna.se\/ydre\/#website"},"primaryImageOfPage":{"@id":"https:\/\/wp.kristdemokraterna.se\/ydre\/2018-02-17-vi-och-europaradet\/#primaryimage"},"image":{"@id":"https:\/\/wp.kristdemokraterna.se\/ydre\/2018-02-17-vi-och-europaradet\/#primaryimage"},"thumbnailUrl":"http:\/\/ydrebo.se\/kd\/veckobrev2018\/skog.JPG","datePublished":"2018-06-13T18:05:57+00:00","dateModified":"2018-06-13T18:09:32+00:00","breadcrumb":{"@id":"https:\/\/wp.kristdemokraterna.se\/ydre\/2018-02-17-vi-och-europaradet\/#breadcrumb"},"inLanguage":"sv-SE","potentialAction":[{"@type":"ReadAction","target":["https:\/\/wp.kristdemokraterna.se\/ydre\/2018-02-17-vi-och-europaradet\/"]}]},{"@type":"ImageObject","inLanguage":"sv-SE","@id":"https:\/\/wp.kristdemokraterna.se\/ydre\/2018-02-17-vi-och-europaradet\/#primaryimage","url":"http:\/\/ydrebo.se\/kd\/veckobrev2018\/skog.JPG","contentUrl":"http:\/\/ydrebo.se\/kd\/veckobrev2018\/skog.JPG"},{"@type":"BreadcrumbList","@id":"https:\/\/wp.kristdemokraterna.se\/ydre\/2018-02-17-vi-och-europaradet\/#breadcrumb","itemListElement":[{"@type":"ListItem","position":1,"name":"Hem","item":"https:\/\/wp.kristdemokraterna.se\/ydre\/"},{"@type":"ListItem","position":2,"name":"2018-02-17 Vi och Europar\u00e5det"}]},{"@type":"WebSite","@id":"https:\/\/wp.kristdemokraterna.se\/ydre\/#website","url":"https:\/\/wp.kristdemokraterna.se\/ydre\/","name":"Kristdemokraterna i Ydre","description":"En till Kristdemokraterna webbplats","inLanguage":"sv-SE"}]}},"_links":{"self":[{"href":"https:\/\/wp.kristdemokraterna.se\/ydre\/wp-json\/wp\/v2\/pages\/596","targetHints":{"allow":["GET"]}}],"collection":[{"href":"https:\/\/wp.kristdemokraterna.se\/ydre\/wp-json\/wp\/v2\/pages"}],"about":[{"href":"https:\/\/wp.kristdemokraterna.se\/ydre\/wp-json\/wp\/v2\/types\/page"}],"author":[{"embeddable":true,"href":"https:\/\/wp.kristdemokraterna.se\/ydre\/wp-json\/wp\/v2\/users\/793"}],"replies":[{"embeddable":true,"href":"https:\/\/wp.kristdemokraterna.se\/ydre\/wp-json\/wp\/v2\/comments?post=596"}],"version-history":[{"count":2,"href":"https:\/\/wp.kristdemokraterna.se\/ydre\/wp-json\/wp\/v2\/pages\/596\/revisions"}],"predecessor-version":[{"id":598,"href":"https:\/\/wp.kristdemokraterna.se\/ydre\/wp-json\/wp\/v2\/pages\/596\/revisions\/598"}],"wp:attachment":[{"href":"https:\/\/wp.kristdemokraterna.se\/ydre\/wp-json\/wp\/v2\/media?parent=596"}],"curies":[{"name":"wp","href":"https:\/\/api.w.org\/{rel}","templated":true}]}}