{"id":600,"date":"2018-06-13T20:11:38","date_gmt":"2018-06-13T18:11:38","guid":{"rendered":"http:\/\/wp.kristdemokraterna.se\/ydre\/?page_id=600"},"modified":"2018-06-13T20:12:16","modified_gmt":"2018-06-13T18:12:16","slug":"2018-02-23-sverige-och-varldens-kriser","status":"publish","type":"page","link":"https:\/\/wp.kristdemokraterna.se\/ydre\/2018-02-23-sverige-och-varldens-kriser\/","title":{"rendered":"2018-02-23 Sverige och v\u00e4rldens kriser"},"content":{"rendered":"<p>Flera g\u00e5nger i historien har man t\u00e4nkt att det skall bli en varaktig fred. Det hoppades man\u00a0<a href=\"https:\/\/pbs.twimg.com\/media\/DMBoLlHVQAALX5Y.jpg\" target=\"_blank\" rel=\"noopener\"><b>efter trettio\u00e5riga kriget<\/b><\/a>, efter Napoleonkrigen, efter f\u00f6rsta v\u00e4rldskriget och efter andra v\u00e4rldskriget. Och efter kalla krigets slut t\u00e4nkte m\u00e5nga att om det bara blir fria val \u00f6verallt s\u00e5 blir det ocks\u00e5 fred.<br \/>\nMen vi f\u00e5r nya krig och\u00a0<a href=\"https:\/\/www.expressen.se\/nyheter\/al-assad-anklagas-for-utrotning-i-ghouta-58-barn-dodade-pa-tva-dagar\/\" target=\"_blank\" rel=\"noopener\"><b>nya katastrofer<\/b><\/a>.<\/p>\n<p><img loading=\"lazy\" decoding=\"async\" src=\"http:\/\/ydrebo.se\/kd\/veckobrev\/vinter.JPG\" width=\"529\" height=\"395\" border=\"0\" \/><br \/>\n<i>Hur st\u00e4nger vi ute det som h\u00e4nder i v\u00e4rlden?<\/i><\/p>\n<p>Konsekvenserna m\u00e4rks ocks\u00e5 i v\u00e5rt land. M\u00e5nga flyr hit. Och just nu p\u00e5g\u00e5r den r\u00e4tteg\u00e5ng som behandlar terrord\u00e5det i Stockholm f\u00f6rra \u00e5ret.<br \/>\nOcks\u00e5 vi m\u00e5ste ta st\u00e4llning till f\u00f6rh\u00e5llandet mellan Sverige och v\u00e4rldens kriser.<\/p>\n<p><i>Bengt Malm, ordf.<br \/>\n23 februari<\/i><\/p>\n","protected":false},"excerpt":{"rendered":"<p>Flera g\u00e5nger i historien har man t\u00e4nkt att det skall bli en varaktig fred. Det hoppades man\u00a0efter trettio\u00e5riga kriget, efter Napoleonkrigen, efter f\u00f6rsta v\u00e4rldskriget och efter andra v\u00e4rldskriget. Och efter kalla krigets slut t\u00e4nkte m\u00e5nga att om det bara blir fria val \u00f6verallt s\u00e5 blir det ocks\u00e5 fred. Men vi f\u00e5r nya krig och\u00a0nya katastrofer. <a class=\"read-more-link\" href=\"https:\/\/wp.kristdemokraterna.se\/ydre\/2018-02-23-sverige-och-varldens-kriser\/\">L\u00e4s mer<\/a><\/p>\n","protected":false},"author":793,"featured_media":0,"parent":0,"menu_order":0,"comment_status":"closed","ping_status":"closed","template":"","meta":{"_acf_changed":false,"footnotes":""},"class_list":["post-600","page","type-page","status-publish","hentry"],"acf":[],"yoast_head":"<!-- This site is optimized with the Yoast SEO plugin v27.5 - https:\/\/yoast.com\/product\/yoast-seo-wordpress\/ -->\n<title>2018-02-23 Sverige och v\u00e4rldens kriser - Kristdemokraterna i Ydre<\/title>\n<meta name=\"robots\" content=\"index, follow, max-snippet:-1, max-image-preview:large, max-video-preview:-1\" \/>\n<link rel=\"canonical\" href=\"https:\/\/wp.kristdemokraterna.se\/ydre\/2018-02-23-sverige-och-varldens-kriser\/\" \/>\n<meta property=\"og:locale\" content=\"sv_SE\" \/>\n<meta property=\"og:type\" content=\"article\" \/>\n<meta property=\"og:title\" content=\"2018-02-23 Sverige och v\u00e4rldens kriser - Kristdemokraterna i Ydre\" \/>\n<meta property=\"og:description\" content=\"Flera g\u00e5nger i historien har man t\u00e4nkt att det skall bli en varaktig fred. Det hoppades man\u00a0efter trettio\u00e5riga kriget, efter Napoleonkrigen, efter f\u00f6rsta v\u00e4rldskriget och efter andra v\u00e4rldskriget. Och efter kalla krigets slut t\u00e4nkte m\u00e5nga att om det bara blir fria val \u00f6verallt s\u00e5 blir det ocks\u00e5 fred. Men vi f\u00e5r nya krig och\u00a0nya katastrofer. L\u00e4s mer\" \/>\n<meta property=\"og:url\" content=\"https:\/\/wp.kristdemokraterna.se\/ydre\/2018-02-23-sverige-och-varldens-kriser\/\" \/>\n<meta property=\"og:site_name\" content=\"Kristdemokraterna i Ydre\" \/>\n<meta property=\"article:modified_time\" content=\"2018-06-13T18:12:16+00:00\" \/>\n<meta property=\"og:image\" content=\"http:\/\/ydrebo.se\/kd\/veckobrev\/vinter.JPG\" \/>\n<meta name=\"twitter:card\" content=\"summary_large_image\" \/>\n<meta name=\"twitter:label1\" content=\"Ber\u00e4knad l\u00e4stid\" \/>\n\t<meta name=\"twitter:data1\" content=\"1 minut\" \/>\n<script type=\"application\/ld+json\" class=\"yoast-schema-graph\">{\"@context\":\"https:\\\/\\\/schema.org\",\"@graph\":[{\"@type\":\"WebPage\",\"@id\":\"https:\\\/\\\/wp.kristdemokraterna.se\\\/ydre\\\/2018-02-23-sverige-och-varldens-kriser\\\/\",\"url\":\"https:\\\/\\\/wp.kristdemokraterna.se\\\/ydre\\\/2018-02-23-sverige-och-varldens-kriser\\\/\",\"name\":\"2018-02-23 Sverige och v\u00e4rldens kriser - Kristdemokraterna i Ydre\",\"isPartOf\":{\"@id\":\"https:\\\/\\\/wp.kristdemokraterna.se\\\/ydre\\\/#website\"},\"primaryImageOfPage\":{\"@id\":\"https:\\\/\\\/wp.kristdemokraterna.se\\\/ydre\\\/2018-02-23-sverige-och-varldens-kriser\\\/#primaryimage\"},\"image\":{\"@id\":\"https:\\\/\\\/wp.kristdemokraterna.se\\\/ydre\\\/2018-02-23-sverige-och-varldens-kriser\\\/#primaryimage\"},\"thumbnailUrl\":\"http:\\\/\\\/ydrebo.se\\\/kd\\\/veckobrev\\\/vinter.JPG\",\"datePublished\":\"2018-06-13T18:11:38+00:00\",\"dateModified\":\"2018-06-13T18:12:16+00:00\",\"breadcrumb\":{\"@id\":\"https:\\\/\\\/wp.kristdemokraterna.se\\\/ydre\\\/2018-02-23-sverige-och-varldens-kriser\\\/#breadcrumb\"},\"inLanguage\":\"sv-SE\",\"potentialAction\":[{\"@type\":\"ReadAction\",\"target\":[\"https:\\\/\\\/wp.kristdemokraterna.se\\\/ydre\\\/2018-02-23-sverige-och-varldens-kriser\\\/\"]}]},{\"@type\":\"ImageObject\",\"inLanguage\":\"sv-SE\",\"@id\":\"https:\\\/\\\/wp.kristdemokraterna.se\\\/ydre\\\/2018-02-23-sverige-och-varldens-kriser\\\/#primaryimage\",\"url\":\"http:\\\/\\\/ydrebo.se\\\/kd\\\/veckobrev\\\/vinter.JPG\",\"contentUrl\":\"http:\\\/\\\/ydrebo.se\\\/kd\\\/veckobrev\\\/vinter.JPG\"},{\"@type\":\"BreadcrumbList\",\"@id\":\"https:\\\/\\\/wp.kristdemokraterna.se\\\/ydre\\\/2018-02-23-sverige-och-varldens-kriser\\\/#breadcrumb\",\"itemListElement\":[{\"@type\":\"ListItem\",\"position\":1,\"name\":\"Hem\",\"item\":\"https:\\\/\\\/wp.kristdemokraterna.se\\\/ydre\\\/\"},{\"@type\":\"ListItem\",\"position\":2,\"name\":\"2018-02-23 Sverige och v\u00e4rldens kriser\"}]},{\"@type\":\"WebSite\",\"@id\":\"https:\\\/\\\/wp.kristdemokraterna.se\\\/ydre\\\/#website\",\"url\":\"https:\\\/\\\/wp.kristdemokraterna.se\\\/ydre\\\/\",\"name\":\"Kristdemokraterna i Ydre\",\"description\":\"En till Kristdemokraterna webbplats\",\"inLanguage\":\"sv-SE\"}]}<\/script>\n<!-- \/ Yoast SEO plugin. -->","yoast_head_json":{"title":"2018-02-23 Sverige och v\u00e4rldens kriser - Kristdemokraterna i Ydre","robots":{"index":"index","follow":"follow","max-snippet":"max-snippet:-1","max-image-preview":"max-image-preview:large","max-video-preview":"max-video-preview:-1"},"canonical":"https:\/\/wp.kristdemokraterna.se\/ydre\/2018-02-23-sverige-och-varldens-kriser\/","og_locale":"sv_SE","og_type":"article","og_title":"2018-02-23 Sverige och v\u00e4rldens kriser - Kristdemokraterna i Ydre","og_description":"Flera g\u00e5nger i historien har man t\u00e4nkt att det skall bli en varaktig fred. Det hoppades man\u00a0efter trettio\u00e5riga kriget, efter Napoleonkrigen, efter f\u00f6rsta v\u00e4rldskriget och efter andra v\u00e4rldskriget. Och efter kalla krigets slut t\u00e4nkte m\u00e5nga att om det bara blir fria val \u00f6verallt s\u00e5 blir det ocks\u00e5 fred. Men vi f\u00e5r nya krig och\u00a0nya katastrofer. L\u00e4s mer","og_url":"https:\/\/wp.kristdemokraterna.se\/ydre\/2018-02-23-sverige-och-varldens-kriser\/","og_site_name":"Kristdemokraterna i Ydre","article_modified_time":"2018-06-13T18:12:16+00:00","og_image":[{"url":"http:\/\/ydrebo.se\/kd\/veckobrev\/vinter.JPG","type":"","width":"","height":""}],"twitter_card":"summary_large_image","twitter_misc":{"Ber\u00e4knad l\u00e4stid":"1 minut"},"schema":{"@context":"https:\/\/schema.org","@graph":[{"@type":"WebPage","@id":"https:\/\/wp.kristdemokraterna.se\/ydre\/2018-02-23-sverige-och-varldens-kriser\/","url":"https:\/\/wp.kristdemokraterna.se\/ydre\/2018-02-23-sverige-och-varldens-kriser\/","name":"2018-02-23 Sverige och v\u00e4rldens kriser - Kristdemokraterna i Ydre","isPartOf":{"@id":"https:\/\/wp.kristdemokraterna.se\/ydre\/#website"},"primaryImageOfPage":{"@id":"https:\/\/wp.kristdemokraterna.se\/ydre\/2018-02-23-sverige-och-varldens-kriser\/#primaryimage"},"image":{"@id":"https:\/\/wp.kristdemokraterna.se\/ydre\/2018-02-23-sverige-och-varldens-kriser\/#primaryimage"},"thumbnailUrl":"http:\/\/ydrebo.se\/kd\/veckobrev\/vinter.JPG","datePublished":"2018-06-13T18:11:38+00:00","dateModified":"2018-06-13T18:12:16+00:00","breadcrumb":{"@id":"https:\/\/wp.kristdemokraterna.se\/ydre\/2018-02-23-sverige-och-varldens-kriser\/#breadcrumb"},"inLanguage":"sv-SE","potentialAction":[{"@type":"ReadAction","target":["https:\/\/wp.kristdemokraterna.se\/ydre\/2018-02-23-sverige-och-varldens-kriser\/"]}]},{"@type":"ImageObject","inLanguage":"sv-SE","@id":"https:\/\/wp.kristdemokraterna.se\/ydre\/2018-02-23-sverige-och-varldens-kriser\/#primaryimage","url":"http:\/\/ydrebo.se\/kd\/veckobrev\/vinter.JPG","contentUrl":"http:\/\/ydrebo.se\/kd\/veckobrev\/vinter.JPG"},{"@type":"BreadcrumbList","@id":"https:\/\/wp.kristdemokraterna.se\/ydre\/2018-02-23-sverige-och-varldens-kriser\/#breadcrumb","itemListElement":[{"@type":"ListItem","position":1,"name":"Hem","item":"https:\/\/wp.kristdemokraterna.se\/ydre\/"},{"@type":"ListItem","position":2,"name":"2018-02-23 Sverige och v\u00e4rldens kriser"}]},{"@type":"WebSite","@id":"https:\/\/wp.kristdemokraterna.se\/ydre\/#website","url":"https:\/\/wp.kristdemokraterna.se\/ydre\/","name":"Kristdemokraterna i Ydre","description":"En till Kristdemokraterna webbplats","inLanguage":"sv-SE"}]}},"_links":{"self":[{"href":"https:\/\/wp.kristdemokraterna.se\/ydre\/wp-json\/wp\/v2\/pages\/600","targetHints":{"allow":["GET"]}}],"collection":[{"href":"https:\/\/wp.kristdemokraterna.se\/ydre\/wp-json\/wp\/v2\/pages"}],"about":[{"href":"https:\/\/wp.kristdemokraterna.se\/ydre\/wp-json\/wp\/v2\/types\/page"}],"author":[{"embeddable":true,"href":"https:\/\/wp.kristdemokraterna.se\/ydre\/wp-json\/wp\/v2\/users\/793"}],"replies":[{"embeddable":true,"href":"https:\/\/wp.kristdemokraterna.se\/ydre\/wp-json\/wp\/v2\/comments?post=600"}],"version-history":[{"count":2,"href":"https:\/\/wp.kristdemokraterna.se\/ydre\/wp-json\/wp\/v2\/pages\/600\/revisions"}],"predecessor-version":[{"id":602,"href":"https:\/\/wp.kristdemokraterna.se\/ydre\/wp-json\/wp\/v2\/pages\/600\/revisions\/602"}],"wp:attachment":[{"href":"https:\/\/wp.kristdemokraterna.se\/ydre\/wp-json\/wp\/v2\/media?parent=600"}],"curies":[{"name":"wp","href":"https:\/\/api.w.org\/{rel}","templated":true}]}}