{"id":605,"date":"2018-06-17T19:12:36","date_gmt":"2018-06-17T17:12:36","guid":{"rendered":"http:\/\/wp.kristdemokraterna.se\/ydre\/?page_id=605"},"modified":"2018-06-17T19:13:10","modified_gmt":"2018-06-17T17:13:10","slug":"manniskovardet-igen","status":"publish","type":"page","link":"https:\/\/wp.kristdemokraterna.se\/ydre\/manniskovardet-igen\/","title":{"rendered":"2017-01-08 M\u00e4nniskov\u00e4rdet igen"},"content":{"rendered":"<p><span style=\"font-size: large\">Det var en dag i b\u00f6rjan av januari. Ja, det var faktiskt f\u00f6r exakt sjuttio \u00e5r sedan. I v\u00e5r familj satt vi alla uppflugna p\u00e5 ett lastbilsflak i det inre av norra Kina. Vi fick lift med milit\u00e4ren.<br \/>\nJag beundrade utsikten och var nog inte medveten just d\u00e5 om att tr\u00e4l\u00e5dorna under oss inneh\u00f6ll ammunition. Det hade nog inte bekymrat mig om jag vetat om det. Andra v\u00e4rldskriget var ju slut och det skulle aldrig mer bli krig.<br \/>\nS\u00e5 trodde jag. Men n\u00e5gra m\u00e5nader senare var vi p\u00e5 flykt i ett otroligt \u00f6verfullt t\u00e5g. Tv\u00e5 g\u00e5nger till fick vi fly undan ett f\u00f6r\u00f6dande inb\u00f6rdeskrig.<br \/>\nMen det var l\u00e4ngesedan och l\u00e5ngt h\u00e4rifr\u00e5n. Det var l\u00e5ngt fr\u00e5n v\u00e5rt fredliga Ydre. Men &#8211; t\u00e4nk om vi m\u00e5ste fly en dag? T\u00e4nk om vi fr\u00e5n Europa m\u00e5ste\u00a0<a href=\"http:\/\/medias.unifrance.org\/medias\/151\/108\/27799\/format_page\/africa-paradis.jpg\" target=\"_blank\" rel=\"noopener\"><b>s\u00f6ka asyl i ett avl\u00e4gset land?<\/b><\/a>\u00a0Ja, vad skulle h\u00e4nda om det \u00e4r vi som m\u00e5ste\u00a0<a href=\"http:\/\/medias.unifrance.org\/medias\/149\/108\/27797\/format_page\/africa-paradis.jpg\" target=\"_blank\" rel=\"noopener\"><b>st\u00e5 i k\u00f6 f\u00f6r att f\u00e5 inresetillst\u00e5nd?<\/b><\/a><br \/>\nHur skulle man se p\u00e5 oss? Skulle man i ett fr\u00e4mmande land g\u00f6ra skillnad p\u00e5 m\u00e4nniskor? F\u00f6r det g\u00f6r ju aldrig vi. Eller hur?<\/span><\/p>\n<p><span style=\"font-size: large\"><i>Bengt Malm, ordf.<br \/>\nf.d. flykting<br \/>\n8 januari 2017<\/i><\/span><\/p>\n<p><span style=\"font-size: large\"><img loading=\"lazy\" decoding=\"async\" src=\"http:\/\/ydrebo.se\/kd\/veckobrev\/Norra_Vi2.JPG\" width=\"600\" height=\"450\" \/><br \/>\n<\/span><i>T\u00e4nk om det \u00e4r vi som en dag m\u00e5ste fly fr\u00e5n v\u00e5r hembygd?<\/i><\/p>\n","protected":false},"excerpt":{"rendered":"<p>Det var en dag i b\u00f6rjan av januari. Ja, det var faktiskt f\u00f6r exakt sjuttio \u00e5r sedan. I v\u00e5r familj satt vi alla uppflugna p\u00e5 ett lastbilsflak i det inre av norra Kina. Vi fick lift med milit\u00e4ren. Jag beundrade utsikten och var nog inte medveten just d\u00e5 om att tr\u00e4l\u00e5dorna under oss inneh\u00f6ll ammunition. <a class=\"read-more-link\" href=\"https:\/\/wp.kristdemokraterna.se\/ydre\/manniskovardet-igen\/\">L\u00e4s mer<\/a><\/p>\n","protected":false},"author":793,"featured_media":0,"parent":0,"menu_order":0,"comment_status":"closed","ping_status":"closed","template":"","meta":{"_acf_changed":false,"footnotes":""},"class_list":["post-605","page","type-page","status-publish","hentry"],"acf":[],"yoast_head":"<!-- This site is optimized with the Yoast SEO plugin v27.5 - https:\/\/yoast.com\/product\/yoast-seo-wordpress\/ -->\n<title>2017-01-08 M\u00e4nniskov\u00e4rdet igen - Kristdemokraterna i Ydre<\/title>\n<meta name=\"robots\" content=\"index, follow, max-snippet:-1, max-image-preview:large, max-video-preview:-1\" \/>\n<link rel=\"canonical\" href=\"https:\/\/wp.kristdemokraterna.se\/ydre\/manniskovardet-igen\/\" \/>\n<meta property=\"og:locale\" content=\"sv_SE\" \/>\n<meta property=\"og:type\" content=\"article\" \/>\n<meta property=\"og:title\" content=\"2017-01-08 M\u00e4nniskov\u00e4rdet igen - Kristdemokraterna i Ydre\" \/>\n<meta property=\"og:description\" content=\"Det var en dag i b\u00f6rjan av januari. Ja, det var faktiskt f\u00f6r exakt sjuttio \u00e5r sedan. I v\u00e5r familj satt vi alla uppflugna p\u00e5 ett lastbilsflak i det inre av norra Kina. Vi fick lift med milit\u00e4ren. Jag beundrade utsikten och var nog inte medveten just d\u00e5 om att tr\u00e4l\u00e5dorna under oss inneh\u00f6ll ammunition. L\u00e4s mer\" \/>\n<meta property=\"og:url\" content=\"https:\/\/wp.kristdemokraterna.se\/ydre\/manniskovardet-igen\/\" \/>\n<meta property=\"og:site_name\" content=\"Kristdemokraterna i Ydre\" \/>\n<meta property=\"article:modified_time\" content=\"2018-06-17T17:13:10+00:00\" \/>\n<meta property=\"og:image\" content=\"http:\/\/ydrebo.se\/kd\/veckobrev\/Norra_Vi2.JPG\" \/>\n<meta name=\"twitter:card\" content=\"summary_large_image\" \/>\n<meta name=\"twitter:label1\" content=\"Ber\u00e4knad l\u00e4stid\" \/>\n\t<meta name=\"twitter:data1\" content=\"1 minut\" \/>\n<script type=\"application\/ld+json\" class=\"yoast-schema-graph\">{\"@context\":\"https:\\\/\\\/schema.org\",\"@graph\":[{\"@type\":\"WebPage\",\"@id\":\"https:\\\/\\\/wp.kristdemokraterna.se\\\/ydre\\\/manniskovardet-igen\\\/\",\"url\":\"https:\\\/\\\/wp.kristdemokraterna.se\\\/ydre\\\/manniskovardet-igen\\\/\",\"name\":\"2017-01-08 M\u00e4nniskov\u00e4rdet igen - Kristdemokraterna i Ydre\",\"isPartOf\":{\"@id\":\"https:\\\/\\\/wp.kristdemokraterna.se\\\/ydre\\\/#website\"},\"primaryImageOfPage\":{\"@id\":\"https:\\\/\\\/wp.kristdemokraterna.se\\\/ydre\\\/manniskovardet-igen\\\/#primaryimage\"},\"image\":{\"@id\":\"https:\\\/\\\/wp.kristdemokraterna.se\\\/ydre\\\/manniskovardet-igen\\\/#primaryimage\"},\"thumbnailUrl\":\"http:\\\/\\\/ydrebo.se\\\/kd\\\/veckobrev\\\/Norra_Vi2.JPG\",\"datePublished\":\"2018-06-17T17:12:36+00:00\",\"dateModified\":\"2018-06-17T17:13:10+00:00\",\"breadcrumb\":{\"@id\":\"https:\\\/\\\/wp.kristdemokraterna.se\\\/ydre\\\/manniskovardet-igen\\\/#breadcrumb\"},\"inLanguage\":\"sv-SE\",\"potentialAction\":[{\"@type\":\"ReadAction\",\"target\":[\"https:\\\/\\\/wp.kristdemokraterna.se\\\/ydre\\\/manniskovardet-igen\\\/\"]}]},{\"@type\":\"ImageObject\",\"inLanguage\":\"sv-SE\",\"@id\":\"https:\\\/\\\/wp.kristdemokraterna.se\\\/ydre\\\/manniskovardet-igen\\\/#primaryimage\",\"url\":\"http:\\\/\\\/ydrebo.se\\\/kd\\\/veckobrev\\\/Norra_Vi2.JPG\",\"contentUrl\":\"http:\\\/\\\/ydrebo.se\\\/kd\\\/veckobrev\\\/Norra_Vi2.JPG\"},{\"@type\":\"BreadcrumbList\",\"@id\":\"https:\\\/\\\/wp.kristdemokraterna.se\\\/ydre\\\/manniskovardet-igen\\\/#breadcrumb\",\"itemListElement\":[{\"@type\":\"ListItem\",\"position\":1,\"name\":\"Hem\",\"item\":\"https:\\\/\\\/wp.kristdemokraterna.se\\\/ydre\\\/\"},{\"@type\":\"ListItem\",\"position\":2,\"name\":\"2017-01-08 M\u00e4nniskov\u00e4rdet igen\"}]},{\"@type\":\"WebSite\",\"@id\":\"https:\\\/\\\/wp.kristdemokraterna.se\\\/ydre\\\/#website\",\"url\":\"https:\\\/\\\/wp.kristdemokraterna.se\\\/ydre\\\/\",\"name\":\"Kristdemokraterna i Ydre\",\"description\":\"En till Kristdemokraterna webbplats\",\"inLanguage\":\"sv-SE\"}]}<\/script>\n<!-- \/ Yoast SEO plugin. -->","yoast_head_json":{"title":"2017-01-08 M\u00e4nniskov\u00e4rdet igen - Kristdemokraterna i Ydre","robots":{"index":"index","follow":"follow","max-snippet":"max-snippet:-1","max-image-preview":"max-image-preview:large","max-video-preview":"max-video-preview:-1"},"canonical":"https:\/\/wp.kristdemokraterna.se\/ydre\/manniskovardet-igen\/","og_locale":"sv_SE","og_type":"article","og_title":"2017-01-08 M\u00e4nniskov\u00e4rdet igen - Kristdemokraterna i Ydre","og_description":"Det var en dag i b\u00f6rjan av januari. Ja, det var faktiskt f\u00f6r exakt sjuttio \u00e5r sedan. I v\u00e5r familj satt vi alla uppflugna p\u00e5 ett lastbilsflak i det inre av norra Kina. Vi fick lift med milit\u00e4ren. Jag beundrade utsikten och var nog inte medveten just d\u00e5 om att tr\u00e4l\u00e5dorna under oss inneh\u00f6ll ammunition. L\u00e4s mer","og_url":"https:\/\/wp.kristdemokraterna.se\/ydre\/manniskovardet-igen\/","og_site_name":"Kristdemokraterna i Ydre","article_modified_time":"2018-06-17T17:13:10+00:00","og_image":[{"url":"http:\/\/ydrebo.se\/kd\/veckobrev\/Norra_Vi2.JPG","type":"","width":"","height":""}],"twitter_card":"summary_large_image","twitter_misc":{"Ber\u00e4knad l\u00e4stid":"1 minut"},"schema":{"@context":"https:\/\/schema.org","@graph":[{"@type":"WebPage","@id":"https:\/\/wp.kristdemokraterna.se\/ydre\/manniskovardet-igen\/","url":"https:\/\/wp.kristdemokraterna.se\/ydre\/manniskovardet-igen\/","name":"2017-01-08 M\u00e4nniskov\u00e4rdet igen - Kristdemokraterna i Ydre","isPartOf":{"@id":"https:\/\/wp.kristdemokraterna.se\/ydre\/#website"},"primaryImageOfPage":{"@id":"https:\/\/wp.kristdemokraterna.se\/ydre\/manniskovardet-igen\/#primaryimage"},"image":{"@id":"https:\/\/wp.kristdemokraterna.se\/ydre\/manniskovardet-igen\/#primaryimage"},"thumbnailUrl":"http:\/\/ydrebo.se\/kd\/veckobrev\/Norra_Vi2.JPG","datePublished":"2018-06-17T17:12:36+00:00","dateModified":"2018-06-17T17:13:10+00:00","breadcrumb":{"@id":"https:\/\/wp.kristdemokraterna.se\/ydre\/manniskovardet-igen\/#breadcrumb"},"inLanguage":"sv-SE","potentialAction":[{"@type":"ReadAction","target":["https:\/\/wp.kristdemokraterna.se\/ydre\/manniskovardet-igen\/"]}]},{"@type":"ImageObject","inLanguage":"sv-SE","@id":"https:\/\/wp.kristdemokraterna.se\/ydre\/manniskovardet-igen\/#primaryimage","url":"http:\/\/ydrebo.se\/kd\/veckobrev\/Norra_Vi2.JPG","contentUrl":"http:\/\/ydrebo.se\/kd\/veckobrev\/Norra_Vi2.JPG"},{"@type":"BreadcrumbList","@id":"https:\/\/wp.kristdemokraterna.se\/ydre\/manniskovardet-igen\/#breadcrumb","itemListElement":[{"@type":"ListItem","position":1,"name":"Hem","item":"https:\/\/wp.kristdemokraterna.se\/ydre\/"},{"@type":"ListItem","position":2,"name":"2017-01-08 M\u00e4nniskov\u00e4rdet igen"}]},{"@type":"WebSite","@id":"https:\/\/wp.kristdemokraterna.se\/ydre\/#website","url":"https:\/\/wp.kristdemokraterna.se\/ydre\/","name":"Kristdemokraterna i Ydre","description":"En till Kristdemokraterna webbplats","inLanguage":"sv-SE"}]}},"_links":{"self":[{"href":"https:\/\/wp.kristdemokraterna.se\/ydre\/wp-json\/wp\/v2\/pages\/605","targetHints":{"allow":["GET"]}}],"collection":[{"href":"https:\/\/wp.kristdemokraterna.se\/ydre\/wp-json\/wp\/v2\/pages"}],"about":[{"href":"https:\/\/wp.kristdemokraterna.se\/ydre\/wp-json\/wp\/v2\/types\/page"}],"author":[{"embeddable":true,"href":"https:\/\/wp.kristdemokraterna.se\/ydre\/wp-json\/wp\/v2\/users\/793"}],"replies":[{"embeddable":true,"href":"https:\/\/wp.kristdemokraterna.se\/ydre\/wp-json\/wp\/v2\/comments?post=605"}],"version-history":[{"count":3,"href":"https:\/\/wp.kristdemokraterna.se\/ydre\/wp-json\/wp\/v2\/pages\/605\/revisions"}],"predecessor-version":[{"id":608,"href":"https:\/\/wp.kristdemokraterna.se\/ydre\/wp-json\/wp\/v2\/pages\/605\/revisions\/608"}],"wp:attachment":[{"href":"https:\/\/wp.kristdemokraterna.se\/ydre\/wp-json\/wp\/v2\/media?parent=605"}],"curies":[{"name":"wp","href":"https:\/\/api.w.org\/{rel}","templated":true}]}}